{"id":43655,"date":"2026-03-28T07:34:58","date_gmt":"2026-03-28T07:34:58","guid":{"rendered":"https:\/\/www.tugraz-verlag.at\/gesamtverzeichnis\/unkategorisiert\/empty-product-container-11\/"},"modified":"2026-03-28T11:35:58","modified_gmt":"2026-03-28T09:35:58","slug":"bauunternehmensfuehrung-2022-24","status":"publish","type":"product","link":"https:\/\/www.tugraz-verlag.at\/en\/gesamtverzeichnis\/bauingenieurwissenschaften\/bauunternehmensfuehrung-2022-24\/","title":{"rendered":"Bauunternehmensf\u00fchrung 2022-24"},"content":{"rendered":"<p class=\"qtranxs-available-languages-message qtranxs-available-languages-message-en\">This entry is only available in German<\/p><p>Mit dem vorliegenden sechsten Band unserer seit 2017 bestehenden Seminarreihe \u201eBauunternehmensf\u00fchrung\u201c pr\u00e4sentieren wir Ihnen erneut hochaktuelle und praxisorientierte Themen der Baubetriebswirtschaftslehre. Die erfolgreiche F\u00fchrung eines Bauunternehmens erfordert kontinuierliche Weiterentwicklung sowie Anpassung an Marktanforderungen. Neben einer fundierten Ausbildung ben\u00f6tigen Bauingenieur*innen heute eine Vielzahl an Kompetenzen, darunter F\u00fchrungskompetenz, Soft Skills und strategisches Denken. Der Schwerpunkt liegt dabei auf der Wirtschaftlichkeit der Bauprojekte, weshalb die Schnittstelle zwischen Bauingenieurwesen und Betriebswirtschaftslehre zunehmend an Bedeutung gewinnt. Diese Themen greifen wir in diesem Buch auf und vermitteln theoretisches Wissen sowie praxisnahe Einblicke in zwei Teilen: \u201eTheorie \u2013 Perspektiven\u201c und<br \/>\u201eStandpunkte\u201c.<br \/>Im theoretischen Abschnitt werden aktuelle Herausforderungen wie Arbeitskr\u00e4ftemangel, Nachfolge in KMUs oder Auftragseinbruch im Einfamilienhausbau behandelt. Operative Fragestellungen wie Ideenmanagement auf Baustellen oder die Wahl zwischen Turmdrehkran und Betonpumpe runden diesen Teil ab. Im Abschnitt \u201eStandpunkte\u201c bieten Interviews mit Expert*innen der Bauwirtschaft und branchenfremden Personen, etwa aus dem Sport, neue Perspektiven. Themen wie nachhaltiges Bauen und mentale Erfolgsfaktoren f\u00fcr F\u00fchrungspers\u00f6nlichkeiten werden dabei beleuchtet, um innovative Ans\u00e4tze f\u00fcr die Bauwirtschaft zu f\u00f6rdern.<br \/><\/p>","protected":false},"excerpt":{"rendered":"<p class=\"qtranxs-available-languages-message qtranxs-available-languages-message-en\">This entry is only available in German<\/p>\n<p>Mit dem vorliegenden sechsten Band unserer seit 2017 bestehenden Seminarreihe \u201eBauunternehmensf\u00fchrung\u201c pr\u00e4sentieren wir Ihnen erneut hochaktuelle und praxisorientierte Themen der Baubetriebswirtschaftslehre. Die erfolgreiche F\u00fchrung eines Bauunternehmens erfordert kontinuierliche Weiterentwicklung sowie Anpassung an Marktanforderungen. Neben einer fundierten Ausbildung ben\u00f6tigen Bauingenieur*innen heute eine Vielzahl an Kompetenzen, darunter F\u00fchrungskompetenz, Soft Skills und strategisches Denken. Der Schwerpunkt liegt dabei auf der Wirtschaftlichkeit der Bauprojekte, weshalb die Schnittstelle zwischen Bauingenieurwesen und Betriebswirtschaftslehre zunehmend an Bedeutung gewinnt. Diese Themen greifen wir in diesem Buch auf und vermitteln theoretisches Wissen sowie praxisnahe Einblicke in zwei Teilen: \u201eTheorie \u2013 Perspektiven\u201c und<br \/>\u201eStandpunkte\u201c.<br \/>Im theoretischen Abschnitt werden aktuelle Herausforderungen wie Arbeitskr\u00e4ftemangel, Nachfolge in KMUs oder Auftragseinbruch im Einfamilienhausbau behandelt. Operative Fragestellungen wie Ideenmanagement auf Baustellen oder die Wahl zwischen Turmdrehkran und Betonpumpe runden diesen Teil ab. Im Abschnitt \u201eStandpunkte\u201c bieten Interviews mit Expert*innen der Bauwirtschaft und branchenfremden Personen, etwa aus dem Sport, neue Perspektiven. Themen wie nachhaltiges Bauen und mentale Erfolgsfaktoren f\u00fcr F\u00fchrungspers\u00f6nlichkeiten werden dabei beleuchtet, um innovative Ans\u00e4tze f\u00fcr die Bauwirtschaft zu f\u00f6rdern.<\/p>\n","protected":false},"featured_media":43656,"comment_status":"closed","ping_status":"closed","template":"","meta":{"_acf_changed":false},"product_brand":[],"product_cat":[1627],"product_tag":[4219],"class_list":{"0":"post-43655","1":"product","2":"type-product","3":"status-publish","4":"has-post-thumbnail","6":"product_cat-bauingenieurwissenschaften","7":"product_tag-bauunternehmensfuehrung-leadership-familienunternehmen-industrie","8":"autor-andreas-haigl","9":"autor-mauerhofer-gottfried","10":"reihe-seminarreihe-bauunternehmensfuehrung","12":"first","13":"instock","14":"taxable","15":"shipping-taxable","16":"purchasable","17":"product-type-simple"},"acf":[],"yoast_head":"<!-- This site is optimized with the Yoast SEO plugin v27.2 - https:\/\/yoast.com\/product\/yoast-seo-wordpress\/ -->\n<title>Bauunternehmensf\u00fchrung 2022-24 - Verlag der TU Graz<\/title>\n<meta name=\"robots\" content=\"index, follow, max-snippet:-1, max-image-preview:large, max-video-preview:-1\" \/>\n<link rel=\"canonical\" href=\"https:\/\/www.tugraz-verlag.at\/en\/gesamtverzeichnis\/bauingenieurwissenschaften\/bauunternehmensfuehrung-2022-24\/\" \/>\n<meta property=\"og:locale\" content=\"en_US\" \/>\n<meta property=\"og:type\" content=\"article\" \/>\n<meta property=\"og:title\" content=\"Bauunternehmensf\u00fchrung 2022-24 - Verlag der TU Graz\" \/>\n<meta property=\"og:description\" content=\"Mit dem vorliegenden sechsten Band unserer seit 2017 bestehenden Seminarreihe \u201eBauunternehmensf\u00fchrung\u201c pr\u00e4sentieren wir Ihnen erneut hochaktuelle und praxisorientierte Themen der Baubetriebswirtschaftslehre. Die erfolgreiche F\u00fchrung eines Bauunternehmens erfordert kontinuierliche Weiterentwicklung sowie Anpassung an Marktanforderungen. Neben einer fundierten Ausbildung ben\u00f6tigen Bauingenieur*innen heute eine Vielzahl an Kompetenzen, darunter F\u00fchrungskompetenz, Soft Skills und strategisches Denken. Der Schwerpunkt liegt dabei auf der Wirtschaftlichkeit der Bauprojekte, weshalb die Schnittstelle zwischen Bauingenieurwesen und Betriebswirtschaftslehre zunehmend an Bedeutung gewinnt. Diese Themen greifen wir in diesem Buch auf und vermitteln theoretisches Wissen sowie praxisnahe Einblicke in zwei Teilen: \u201eTheorie \u2013 Perspektiven\u201c und\u201eStandpunkte\u201c.Im theoretischen Abschnitt werden aktuelle Herausforderungen wie Arbeitskr\u00e4ftemangel, Nachfolge in KMUs oder Auftragseinbruch im Einfamilienhausbau behandelt. Operative Fragestellungen wie Ideenmanagement auf Baustellen oder die Wahl zwischen Turmdrehkran und Betonpumpe runden diesen Teil ab. Im Abschnitt \u201eStandpunkte\u201c bieten Interviews mit Expert*innen der Bauwirtschaft und branchenfremden Personen, etwa aus dem Sport, neue Perspektiven. Themen wie nachhaltiges Bauen und mentale Erfolgsfaktoren f\u00fcr F\u00fchrungspers\u00f6nlichkeiten werden dabei beleuchtet, um innovative Ans\u00e4tze f\u00fcr die Bauwirtschaft zu f\u00f6rdern.\" \/>\n<meta property=\"og:url\" content=\"https:\/\/www.tugraz-verlag.at\/en\/gesamtverzeichnis\/bauingenieurwissenschaften\/bauunternehmensfuehrung-2022-24\/\" \/>\n<meta property=\"og:site_name\" content=\"Verlag der TU Graz\" \/>\n<meta property=\"article:modified_time\" content=\"2026-03-28T09:35:58+00:00\" \/>\n<meta property=\"og:image\" content=\"https:\/\/www.tugraz-verlag.at\/wp-content\/uploads\/asolmerce\/image-cover_bauunternehmensfuhrung_22-24.jpg\" \/>\n\t<meta property=\"og:image:width\" content=\"686\" \/>\n\t<meta property=\"og:image:height\" content=\"657\" \/>\n\t<meta property=\"og:image:type\" content=\"image\/jpeg\" \/>\n<meta name=\"twitter:card\" content=\"summary_large_image\" \/>\n<meta name=\"twitter:label1\" content=\"Est. reading time\" \/>\n\t<meta name=\"twitter:data1\" content=\"1 minute\" \/>\n<script type=\"application\/ld+json\" class=\"yoast-schema-graph\">{\"@context\":\"https:\/\/schema.org\",\"@graph\":[{\"@type\":\"WebPage\",\"@id\":\"https:\/\/www.tugraz-verlag.at\/en\/gesamtverzeichnis\/bauingenieurwissenschaften\/bauunternehmensfuehrung-2022-24\/\",\"url\":\"https:\/\/www.tugraz-verlag.at\/en\/gesamtverzeichnis\/bauingenieurwissenschaften\/bauunternehmensfuehrung-2022-24\/\",\"name\":\"Bauunternehmensf\u00fchrung 2022-24 - Verlag der TU Graz\",\"isPartOf\":{\"@id\":\"https:\/\/www.tugraz-verlag.at\/en\/#website\"},\"primaryImageOfPage\":{\"@id\":\"https:\/\/www.tugraz-verlag.at\/en\/gesamtverzeichnis\/bauingenieurwissenschaften\/bauunternehmensfuehrung-2022-24\/#primaryimage\"},\"image\":{\"@id\":\"https:\/\/www.tugraz-verlag.at\/gesamtverzeichnis\/bauingenieurwissenschaften\/bauunternehmensfuehrung-2022-24\/#primaryimage\"},\"thumbnailUrl\":\"https:\/\/www.tugraz-verlag.at\/wp-content\/uploads\/asolmerce\/image-cover_bauunternehmensfuhrung_22-24.jpg\",\"datePublished\":\"2026-03-28T07:34:58+00:00\",\"dateModified\":\"2026-03-28T09:35:58+00:00\",\"breadcrumb\":{\"@id\":\"https:\/\/www.tugraz-verlag.at\/en\/gesamtverzeichnis\/bauingenieurwissenschaften\/bauunternehmensfuehrung-2022-24\/#breadcrumb\"},\"inLanguage\":\"en-US\",\"potentialAction\":[{\"@type\":\"ReadAction\",\"target\":[[\"https:\/\/www.tugraz-verlag.at\/en\/gesamtverzeichnis\/bauingenieurwissenschaften\/bauunternehmensfuehrung-2022-24\/\"]]}]},{\"@type\":\"ImageObject\",\"inLanguage\":\"en-US\",\"@id\":\"https:\/\/www.tugraz-verlag.at\/en\/gesamtverzeichnis\/bauingenieurwissenschaften\/bauunternehmensfuehrung-2022-24\/#primaryimage\",\"url\":\"https:\/\/www.tugraz-verlag.at\/wp-content\/uploads\/asolmerce\/image-cover_bauunternehmensfuhrung_22-24.jpg\",\"contentUrl\":\"https:\/\/www.tugraz-verlag.at\/wp-content\/uploads\/asolmerce\/image-cover_bauunternehmensfuhrung_22-24.jpg\",\"width\":686,\"height\":657},{\"@type\":\"BreadcrumbList\",\"@id\":\"https:\/\/www.tugraz-verlag.at\/en\/gesamtverzeichnis\/bauingenieurwissenschaften\/bauunternehmensfuehrung-2022-24\/#breadcrumb\",\"itemListElement\":[{\"@type\":\"ListItem\",\"position\":1,\"name\":\"Home\",\"item\":\"https:\/\/www.tugraz-verlag.at\/en\/\"},{\"@type\":\"ListItem\",\"position\":2,\"name\":\"Gesamtverzeichnis\",\"item\":\"https:\/\/www.tugraz-verlag.at\/en\/gesamtverzeichnis\/\"},{\"@type\":\"ListItem\",\"position\":3,\"name\":\"Bauunternehmensf\u00fchrung 2022-24\"}]},{\"@type\":\"WebSite\",\"@id\":\"https:\/\/www.tugraz-verlag.at\/en\/#website\",\"url\":\"https:\/\/www.tugraz-verlag.at\/en\/\",\"name\":\"Verlag der TU Graz\",\"description\":\"Verlag der Technischen Universit\u00e4t Graz\",\"potentialAction\":[{\"@type\":\"SearchAction\",\"target\":{\"@type\":\"EntryPoint\",\"urlTemplate\":\"https:\/\/www.tugraz-verlag.at\/en\/?s={search_term_string}\"},\"query-input\":{\"@type\":\"PropertyValueSpecification\",\"valueRequired\":true,\"valueName\":\"search_term_string\"}}],\"inLanguage\":\"en-US\"}]}<\/script>\n<!-- \/ Yoast SEO plugin. -->","yoast_head_json":{"title":"Bauunternehmensf\u00fchrung 2022-24 - Verlag der TU Graz","robots":{"index":"index","follow":"follow","max-snippet":"max-snippet:-1","max-image-preview":"max-image-preview:large","max-video-preview":"max-video-preview:-1"},"canonical":"https:\/\/www.tugraz-verlag.at\/en\/gesamtverzeichnis\/bauingenieurwissenschaften\/bauunternehmensfuehrung-2022-24\/","og_locale":"en_US","og_type":"article","og_title":"Bauunternehmensf\u00fchrung 2022-24 - Verlag der TU Graz","og_description":"Mit dem vorliegenden sechsten Band unserer seit 2017 bestehenden Seminarreihe \u201eBauunternehmensf\u00fchrung\u201c pr\u00e4sentieren wir Ihnen erneut hochaktuelle und praxisorientierte Themen der Baubetriebswirtschaftslehre. Die erfolgreiche F\u00fchrung eines Bauunternehmens erfordert kontinuierliche Weiterentwicklung sowie Anpassung an Marktanforderungen. Neben einer fundierten Ausbildung ben\u00f6tigen Bauingenieur*innen heute eine Vielzahl an Kompetenzen, darunter F\u00fchrungskompetenz, Soft Skills und strategisches Denken. Der Schwerpunkt liegt dabei auf der Wirtschaftlichkeit der Bauprojekte, weshalb die Schnittstelle zwischen Bauingenieurwesen und Betriebswirtschaftslehre zunehmend an Bedeutung gewinnt. Diese Themen greifen wir in diesem Buch auf und vermitteln theoretisches Wissen sowie praxisnahe Einblicke in zwei Teilen: \u201eTheorie \u2013 Perspektiven\u201c und\u201eStandpunkte\u201c.Im theoretischen Abschnitt werden aktuelle Herausforderungen wie Arbeitskr\u00e4ftemangel, Nachfolge in KMUs oder Auftragseinbruch im Einfamilienhausbau behandelt. Operative Fragestellungen wie Ideenmanagement auf Baustellen oder die Wahl zwischen Turmdrehkran und Betonpumpe runden diesen Teil ab. Im Abschnitt \u201eStandpunkte\u201c bieten Interviews mit Expert*innen der Bauwirtschaft und branchenfremden Personen, etwa aus dem Sport, neue Perspektiven. Themen wie nachhaltiges Bauen und mentale Erfolgsfaktoren f\u00fcr F\u00fchrungspers\u00f6nlichkeiten werden dabei beleuchtet, um innovative Ans\u00e4tze f\u00fcr die Bauwirtschaft zu f\u00f6rdern.","og_url":"https:\/\/www.tugraz-verlag.at\/en\/gesamtverzeichnis\/bauingenieurwissenschaften\/bauunternehmensfuehrung-2022-24\/","og_site_name":"Verlag der TU Graz","article_modified_time":"2026-03-28T09:35:58+00:00","og_image":[{"width":686,"height":657,"url":"https:\/\/www.tugraz-verlag.at\/wp-content\/uploads\/asolmerce\/image-cover_bauunternehmensfuhrung_22-24.jpg","type":"image\/jpeg"}],"twitter_card":"summary_large_image","twitter_misc":{"Est. reading time":"1 minute"},"schema":{"@context":"https:\/\/schema.org","@graph":[{"@type":"WebPage","@id":"https:\/\/www.tugraz-verlag.at\/en\/gesamtverzeichnis\/bauingenieurwissenschaften\/bauunternehmensfuehrung-2022-24\/","url":"https:\/\/www.tugraz-verlag.at\/en\/gesamtverzeichnis\/bauingenieurwissenschaften\/bauunternehmensfuehrung-2022-24\/","name":"Bauunternehmensf\u00fchrung 2022-24 - Verlag der TU Graz","isPartOf":{"@id":"https:\/\/www.tugraz-verlag.at\/en\/#website"},"primaryImageOfPage":{"@id":"https:\/\/www.tugraz-verlag.at\/en\/gesamtverzeichnis\/bauingenieurwissenschaften\/bauunternehmensfuehrung-2022-24\/#primaryimage"},"image":{"@id":"https:\/\/www.tugraz-verlag.at\/gesamtverzeichnis\/bauingenieurwissenschaften\/bauunternehmensfuehrung-2022-24\/#primaryimage"},"thumbnailUrl":"https:\/\/www.tugraz-verlag.at\/wp-content\/uploads\/asolmerce\/image-cover_bauunternehmensfuhrung_22-24.jpg","datePublished":"2026-03-28T07:34:58+00:00","dateModified":"2026-03-28T09:35:58+00:00","breadcrumb":{"@id":"https:\/\/www.tugraz-verlag.at\/en\/gesamtverzeichnis\/bauingenieurwissenschaften\/bauunternehmensfuehrung-2022-24\/#breadcrumb"},"inLanguage":"en-US","potentialAction":[{"@type":"ReadAction","target":[["https:\/\/www.tugraz-verlag.at\/en\/gesamtverzeichnis\/bauingenieurwissenschaften\/bauunternehmensfuehrung-2022-24\/"]]}]},{"@type":"ImageObject","inLanguage":"en-US","@id":"https:\/\/www.tugraz-verlag.at\/en\/gesamtverzeichnis\/bauingenieurwissenschaften\/bauunternehmensfuehrung-2022-24\/#primaryimage","url":"https:\/\/www.tugraz-verlag.at\/wp-content\/uploads\/asolmerce\/image-cover_bauunternehmensfuhrung_22-24.jpg","contentUrl":"https:\/\/www.tugraz-verlag.at\/wp-content\/uploads\/asolmerce\/image-cover_bauunternehmensfuhrung_22-24.jpg","width":686,"height":657},{"@type":"BreadcrumbList","@id":"https:\/\/www.tugraz-verlag.at\/en\/gesamtverzeichnis\/bauingenieurwissenschaften\/bauunternehmensfuehrung-2022-24\/#breadcrumb","itemListElement":[{"@type":"ListItem","position":1,"name":"Home","item":"https:\/\/www.tugraz-verlag.at\/en\/"},{"@type":"ListItem","position":2,"name":"Gesamtverzeichnis","item":"https:\/\/www.tugraz-verlag.at\/en\/gesamtverzeichnis\/"},{"@type":"ListItem","position":3,"name":"Bauunternehmensf\u00fchrung 2022-24"}]},{"@type":"WebSite","@id":"https:\/\/www.tugraz-verlag.at\/en\/#website","url":"https:\/\/www.tugraz-verlag.at\/en\/","name":"Verlag der TU Graz","description":"Verlag der Technischen Universit\u00e4t Graz","potentialAction":[{"@type":"SearchAction","target":{"@type":"EntryPoint","urlTemplate":"https:\/\/www.tugraz-verlag.at\/en\/?s={search_term_string}"},"query-input":{"@type":"PropertyValueSpecification","valueRequired":true,"valueName":"search_term_string"}}],"inLanguage":"en-US"}]}},"_links":{"self":[{"href":"https:\/\/www.tugraz-verlag.at\/en\/wp-json\/wp\/v2\/product\/43655","targetHints":{"allow":["GET"]}}],"collection":[{"href":"https:\/\/www.tugraz-verlag.at\/en\/wp-json\/wp\/v2\/product"}],"about":[{"href":"https:\/\/www.tugraz-verlag.at\/en\/wp-json\/wp\/v2\/types\/product"}],"replies":[{"embeddable":true,"href":"https:\/\/www.tugraz-verlag.at\/en\/wp-json\/wp\/v2\/comments?post=43655"}],"wp:featuredmedia":[{"embeddable":true,"href":"https:\/\/www.tugraz-verlag.at\/en\/wp-json\/wp\/v2\/media\/43656"}],"wp:attachment":[{"href":"https:\/\/www.tugraz-verlag.at\/en\/wp-json\/wp\/v2\/media?parent=43655"}],"wp:term":[{"taxonomy":"product_brand","embeddable":true,"href":"https:\/\/www.tugraz-verlag.at\/en\/wp-json\/wp\/v2\/product_brand?post=43655"},{"taxonomy":"product_cat","embeddable":true,"href":"https:\/\/www.tugraz-verlag.at\/en\/wp-json\/wp\/v2\/product_cat?post=43655"},{"taxonomy":"product_tag","embeddable":true,"href":"https:\/\/www.tugraz-verlag.at\/en\/wp-json\/wp\/v2\/product_tag?post=43655"}],"curies":[{"name":"wp","href":"https:\/\/api.w.org\/{rel}","templated":true}]}}