{"id":43448,"date":"2026-03-28T07:34:46","date_gmt":"2026-03-28T07:34:46","guid":{"rendered":"https:\/\/www.tugraz-verlag.at\/gesamtverzeichnis\/unkategorisiert\/empty-product-container-3\/"},"modified":"2026-03-28T11:35:46","modified_gmt":"2026-03-28T09:35:46","slug":"atcold-talsperrensymposium","status":"publish","type":"product","link":"https:\/\/www.tugraz-verlag.at\/en\/gesamtverzeichnis\/bauingenieurwissenschaften\/atcold-talsperrensymposium\/","title":{"rendered":"ATCOLD Talsperrensymposium"},"content":{"rendered":"<p class=\"qtranxs-available-languages-message qtranxs-available-languages-message-en\">This entry is only available in German<\/p><p>Vorwort<\/p>\n<p>Im Namen des \u00d6sterreichischen Nationalkomitees f\u00fcr Talsperren freut es mich, Sie herzlich beim ATCOLD Talsperrensymposium 2024 willkommen zu hei\u00dfen. <br \/>Am Symposium wird die Philosophie und deren praktische Umsetzung der Talsperrensicherheit in \u00d6sterreich durch die hier zusammengefassten Beitr\u00e4ge dargelegt. <br \/>Aus dem erwarteten und beobachteten Verhalten von Staubauwerken bei unterschiedlichen topographisch, geologisch \u2013 geotechnischen Randbedingungen werden Schlussfolgerungen f\u00fcr die Sicherheitsbeurteilung gezogen. Durch die nachvollziehbare Darlegung und kritische Diskussion w\u00e4hrend des Symposiums wird der Wissens- und Erfahrungsaustausch in unserer Talsperren-Community gef\u00f6rdert.<br \/>ATCOLD ist seit der Gr\u00fcndung der \u201eInternational Commission on Large Dams\u201c in der ICOLD aktives Mitglied, um zum internationalen Austausch des Wissens \u00fcber Planung, den Bau und Betrieb sowie der Organisation der \u00dcberwachung von Talsperren beizutragen bzw. aus internationaler Erfahrung zu lernen. Damit k\u00f6nnen wir mit \u00f6sterreichischem Know-how in internationalen Arbeitsgruppen, Gremien und in Vortr\u00e4gen unsere Beitr\u00e4ge leisten. Wir tragen so zur Erarbeitung und Fortf\u00fchrung des Sicherheitsstandards entsprechend dem Stand der Technik bei.<br \/>Durch best\u00e4ndiges Lernen, Verstehen und Vermitteln von Spezialwissen sowie Abfassen von Richtlinien und Regelwerken stellt sich unsere Gemeinschaft der Verantwortung f\u00fcr eine nachhaltige, \u00f6kologische Bewirtschaftung des Wasserschatzes in \u00d6sterreich und der Nutzung von Energie aus erneuerbarer Quelle.<br \/>Mein herzlicher Dank gilt den Autorinnen und Autoren sowie Vortragenden, mit dem Wunsch an alle Teilnehmenden auch zu anregenden Diskussionen beizutragen und gemeinsam mit uns die reizvolle Atmosph\u00e4re der Stadt Salzburg zu w\u00fcrdigen.<\/p>\n<p>Prof. Dr. Gerald Zenz Graz, im Mai 2024<br \/>Obmann, \u00d6sterreichisches Nationalkomitee f\u00fcr Talsperren<br \/>Vorstand des Instituts f\u00fcr Wasserbau und Wasserwirtschaft, TU Graz<\/p>","protected":false},"excerpt":{"rendered":"<p class=\"qtranxs-available-languages-message qtranxs-available-languages-message-en\">This entry is only available in German<\/p>\n<p>Vorwort<\/p>\n<p>Im Namen des \u00d6sterreichischen Nationalkomitees f\u00fcr Talsperren freut es mich, Sie herzlich beim ATCOLD Talsperrensymposium 2024 willkommen zu hei\u00dfen. <br \/>Am Symposium wird die Philosophie und deren praktische Umsetzung der Talsperrensicherheit in \u00d6sterreich durch die hier zusammengefassten Beitr\u00e4ge dargelegt. <br \/>Aus dem erwarteten und beobachteten Verhalten von Staubauwerken bei unterschiedlichen topographisch, geologisch \u2013 geotechnischen Randbedingungen werden Schlussfolgerungen f\u00fcr die Sicherheitsbeurteilung gezogen. Durch die nachvollziehbare Darlegung und kritische Diskussion w\u00e4hrend des Symposiums wird der Wissens- und Erfahrungsaustausch in unserer Talsperren-Community gef\u00f6rdert.<br \/>ATCOLD ist seit der Gr\u00fcndung der \u201eInternational Commission on Large Dams\u201c in der ICOLD aktives Mitglied, um zum internationalen Austausch des Wissens \u00fcber Planung, den Bau und Betrieb sowie der Organisation der \u00dcberwachung von Talsperren beizutragen bzw. aus internationaler Erfahrung zu lernen. Damit k\u00f6nnen wir mit \u00f6sterreichischem Know-how in internationalen Arbeitsgruppen, Gremien und in Vortr\u00e4gen unsere Beitr\u00e4ge leisten. Wir tragen so zur Erarbeitung und Fortf\u00fchrung des Sicherheitsstandards entsprechend dem Stand der Technik bei.<br \/>Durch best\u00e4ndiges Lernen, Verstehen und Vermitteln von Spezialwissen sowie Abfassen von Richtlinien und Regelwerken stellt sich unsere Gemeinschaft der Verantwortung f\u00fcr eine nachhaltige, \u00f6kologische Bewirtschaftung des Wasserschatzes in \u00d6sterreich und der Nutzung von Energie aus erneuerbarer Quelle.<br \/>Mein herzlicher Dank gilt den Autorinnen und Autoren sowie Vortragenden, mit dem Wunsch an alle Teilnehmenden auch zu anregenden Diskussionen beizutragen und gemeinsam mit uns die reizvolle Atmosph\u00e4re der Stadt Salzburg zu w\u00fcrdigen.<\/p>\n<p>Prof. Dr. Gerald Zenz Graz, im Mai 2024<br \/>Obmann, \u00d6sterreichisches Nationalkomitee f\u00fcr Talsperren<br \/>Vorstand des Instituts f\u00fcr Wasserbau und Wasserwirtschaft, TU Graz<\/p>\n","protected":false},"featured_media":43450,"comment_status":"closed","ping_status":"closed","template":"","meta":{"_acf_changed":false},"product_brand":[],"product_cat":[1627],"product_tag":[4147],"class_list":{"0":"post-43448","1":"product","2":"type-product","3":"status-publish","4":"has-post-thumbnail","6":"product_cat-bauingenieurwissenschaften","7":"product_tag-verhalten-ueberwachen-erhalten-erneuern-wiederverleihung","8":"autor-zenz-gerald","10":"first","11":"instock","12":"taxable","13":"shipping-taxable","14":"purchasable","15":"product-type-simple"},"acf":[],"yoast_head":"<!-- This site is optimized with the Yoast SEO plugin v27.2 - https:\/\/yoast.com\/product\/yoast-seo-wordpress\/ -->\n<title>ATCOLD Talsperrensymposium - Verlag der TU Graz<\/title>\n<meta name=\"robots\" content=\"index, follow, max-snippet:-1, max-image-preview:large, max-video-preview:-1\" \/>\n<link rel=\"canonical\" href=\"https:\/\/www.tugraz-verlag.at\/en\/gesamtverzeichnis\/bauingenieurwissenschaften\/atcold-talsperrensymposium\/\" \/>\n<meta property=\"og:locale\" content=\"en_US\" \/>\n<meta property=\"og:type\" content=\"article\" \/>\n<meta property=\"og:title\" content=\"ATCOLD Talsperrensymposium - Verlag der TU Graz\" \/>\n<meta property=\"og:description\" content=\"VorwortIm Namen des \u00d6sterreichischen Nationalkomitees f\u00fcr Talsperren freut es mich, Sie herzlich beim ATCOLD Talsperrensymposium 2024 willkommen zu hei\u00dfen. Am Symposium wird die Philosophie und deren praktische Umsetzung der Talsperrensicherheit in \u00d6sterreich durch die hier zusammengefassten Beitr\u00e4ge dargelegt. Aus dem erwarteten und beobachteten Verhalten von Staubauwerken bei unterschiedlichen topographisch, geologisch \u2013 geotechnischen Randbedingungen werden Schlussfolgerungen f\u00fcr die Sicherheitsbeurteilung gezogen. Durch die nachvollziehbare Darlegung und kritische Diskussion w\u00e4hrend des Symposiums wird der Wissens- und Erfahrungsaustausch in unserer Talsperren-Community gef\u00f6rdert.ATCOLD ist seit der Gr\u00fcndung der \u201eInternational Commission on Large Dams\u201c in der ICOLD aktives Mitglied, um zum internationalen Austausch des Wissens \u00fcber Planung, den Bau und Betrieb sowie der Organisation der \u00dcberwachung von Talsperren beizutragen bzw. aus internationaler Erfahrung zu lernen. Damit k\u00f6nnen wir mit \u00f6sterreichischem Know-how in internationalen Arbeitsgruppen, Gremien und in Vortr\u00e4gen unsere Beitr\u00e4ge leisten. Wir tragen so zur Erarbeitung und Fortf\u00fchrung des Sicherheitsstandards entsprechend dem Stand der Technik bei.Durch best\u00e4ndiges Lernen, Verstehen und Vermitteln von Spezialwissen sowie Abfassen von Richtlinien und Regelwerken stellt sich unsere Gemeinschaft der Verantwortung f\u00fcr eine nachhaltige, \u00f6kologische Bewirtschaftung des Wasserschatzes in \u00d6sterreich und der Nutzung von Energie aus erneuerbarer Quelle.Mein herzlicher Dank gilt den Autorinnen und Autoren sowie Vortragenden, mit dem Wunsch an alle Teilnehmenden auch zu anregenden Diskussionen beizutragen und gemeinsam mit uns die reizvolle Atmosph\u00e4re der Stadt Salzburg zu w\u00fcrdigen.Prof. Dr. Gerald Zenz Graz, im Mai 2024Obmann, \u00d6sterreichisches Nationalkomitee f\u00fcr TalsperrenVorstand des Instituts f\u00fcr Wasserbau und Wasserwirtschaft, TU Graz\" \/>\n<meta property=\"og:url\" content=\"https:\/\/www.tugraz-verlag.at\/en\/gesamtverzeichnis\/bauingenieurwissenschaften\/atcold-talsperrensymposium\/\" \/>\n<meta property=\"og:site_name\" content=\"Verlag der TU Graz\" \/>\n<meta property=\"article:modified_time\" content=\"2026-03-28T09:35:46+00:00\" \/>\n<meta property=\"og:image\" content=\"https:\/\/www.tugraz-verlag.at\/wp-content\/uploads\/asolmerce\/image-978-3-99161-006-9.png\" \/>\n\t<meta property=\"og:image:width\" content=\"663\" \/>\n\t<meta property=\"og:image:height\" content=\"935\" \/>\n\t<meta property=\"og:image:type\" content=\"image\/png\" \/>\n<meta name=\"twitter:card\" content=\"summary_large_image\" \/>\n<meta name=\"twitter:label1\" content=\"Est. reading time\" \/>\n\t<meta name=\"twitter:data1\" content=\"1 minute\" \/>\n<script type=\"application\/ld+json\" class=\"yoast-schema-graph\">{\"@context\":\"https:\/\/schema.org\",\"@graph\":[{\"@type\":\"WebPage\",\"@id\":\"https:\/\/www.tugraz-verlag.at\/en\/gesamtverzeichnis\/bauingenieurwissenschaften\/atcold-talsperrensymposium\/\",\"url\":\"https:\/\/www.tugraz-verlag.at\/en\/gesamtverzeichnis\/bauingenieurwissenschaften\/atcold-talsperrensymposium\/\",\"name\":\"ATCOLD Talsperrensymposium - Verlag der TU Graz\",\"isPartOf\":{\"@id\":\"https:\/\/www.tugraz-verlag.at\/en\/#website\"},\"primaryImageOfPage\":{\"@id\":\"https:\/\/www.tugraz-verlag.at\/en\/gesamtverzeichnis\/bauingenieurwissenschaften\/atcold-talsperrensymposium\/#primaryimage\"},\"image\":{\"@id\":\"https:\/\/www.tugraz-verlag.at\/gesamtverzeichnis\/bauingenieurwissenschaften\/atcold-talsperrensymposium\/#primaryimage\"},\"thumbnailUrl\":\"https:\/\/www.tugraz-verlag.at\/wp-content\/uploads\/asolmerce\/image-978-3-99161-006-9.png\",\"datePublished\":\"2026-03-28T07:34:46+00:00\",\"dateModified\":\"2026-03-28T09:35:46+00:00\",\"breadcrumb\":{\"@id\":\"https:\/\/www.tugraz-verlag.at\/en\/gesamtverzeichnis\/bauingenieurwissenschaften\/atcold-talsperrensymposium\/#breadcrumb\"},\"inLanguage\":\"en-US\",\"potentialAction\":[{\"@type\":\"ReadAction\",\"target\":[[\"https:\/\/www.tugraz-verlag.at\/en\/gesamtverzeichnis\/bauingenieurwissenschaften\/atcold-talsperrensymposium\/\"]]}]},{\"@type\":\"ImageObject\",\"inLanguage\":\"en-US\",\"@id\":\"https:\/\/www.tugraz-verlag.at\/en\/gesamtverzeichnis\/bauingenieurwissenschaften\/atcold-talsperrensymposium\/#primaryimage\",\"url\":\"https:\/\/www.tugraz-verlag.at\/wp-content\/uploads\/asolmerce\/image-978-3-99161-006-9.png\",\"contentUrl\":\"https:\/\/www.tugraz-verlag.at\/wp-content\/uploads\/asolmerce\/image-978-3-99161-006-9.png\",\"width\":663,\"height\":935},{\"@type\":\"BreadcrumbList\",\"@id\":\"https:\/\/www.tugraz-verlag.at\/en\/gesamtverzeichnis\/bauingenieurwissenschaften\/atcold-talsperrensymposium\/#breadcrumb\",\"itemListElement\":[{\"@type\":\"ListItem\",\"position\":1,\"name\":\"Home\",\"item\":\"https:\/\/www.tugraz-verlag.at\/en\/\"},{\"@type\":\"ListItem\",\"position\":2,\"name\":\"Gesamtverzeichnis\",\"item\":\"https:\/\/www.tugraz-verlag.at\/en\/gesamtverzeichnis\/\"},{\"@type\":\"ListItem\",\"position\":3,\"name\":\"ATCOLD Talsperrensymposium\"}]},{\"@type\":\"WebSite\",\"@id\":\"https:\/\/www.tugraz-verlag.at\/en\/#website\",\"url\":\"https:\/\/www.tugraz-verlag.at\/en\/\",\"name\":\"Verlag der TU Graz\",\"description\":\"Verlag der Technischen Universit\u00e4t Graz\",\"potentialAction\":[{\"@type\":\"SearchAction\",\"target\":{\"@type\":\"EntryPoint\",\"urlTemplate\":\"https:\/\/www.tugraz-verlag.at\/en\/?s={search_term_string}\"},\"query-input\":{\"@type\":\"PropertyValueSpecification\",\"valueRequired\":true,\"valueName\":\"search_term_string\"}}],\"inLanguage\":\"en-US\"}]}<\/script>\n<!-- \/ Yoast SEO plugin. -->","yoast_head_json":{"title":"ATCOLD Talsperrensymposium - Verlag der TU Graz","robots":{"index":"index","follow":"follow","max-snippet":"max-snippet:-1","max-image-preview":"max-image-preview:large","max-video-preview":"max-video-preview:-1"},"canonical":"https:\/\/www.tugraz-verlag.at\/en\/gesamtverzeichnis\/bauingenieurwissenschaften\/atcold-talsperrensymposium\/","og_locale":"en_US","og_type":"article","og_title":"ATCOLD Talsperrensymposium - Verlag der TU Graz","og_description":"VorwortIm Namen des \u00d6sterreichischen Nationalkomitees f\u00fcr Talsperren freut es mich, Sie herzlich beim ATCOLD Talsperrensymposium 2024 willkommen zu hei\u00dfen. Am Symposium wird die Philosophie und deren praktische Umsetzung der Talsperrensicherheit in \u00d6sterreich durch die hier zusammengefassten Beitr\u00e4ge dargelegt. Aus dem erwarteten und beobachteten Verhalten von Staubauwerken bei unterschiedlichen topographisch, geologisch \u2013 geotechnischen Randbedingungen werden Schlussfolgerungen f\u00fcr die Sicherheitsbeurteilung gezogen. Durch die nachvollziehbare Darlegung und kritische Diskussion w\u00e4hrend des Symposiums wird der Wissens- und Erfahrungsaustausch in unserer Talsperren-Community gef\u00f6rdert.ATCOLD ist seit der Gr\u00fcndung der \u201eInternational Commission on Large Dams\u201c in der ICOLD aktives Mitglied, um zum internationalen Austausch des Wissens \u00fcber Planung, den Bau und Betrieb sowie der Organisation der \u00dcberwachung von Talsperren beizutragen bzw. aus internationaler Erfahrung zu lernen. Damit k\u00f6nnen wir mit \u00f6sterreichischem Know-how in internationalen Arbeitsgruppen, Gremien und in Vortr\u00e4gen unsere Beitr\u00e4ge leisten. Wir tragen so zur Erarbeitung und Fortf\u00fchrung des Sicherheitsstandards entsprechend dem Stand der Technik bei.Durch best\u00e4ndiges Lernen, Verstehen und Vermitteln von Spezialwissen sowie Abfassen von Richtlinien und Regelwerken stellt sich unsere Gemeinschaft der Verantwortung f\u00fcr eine nachhaltige, \u00f6kologische Bewirtschaftung des Wasserschatzes in \u00d6sterreich und der Nutzung von Energie aus erneuerbarer Quelle.Mein herzlicher Dank gilt den Autorinnen und Autoren sowie Vortragenden, mit dem Wunsch an alle Teilnehmenden auch zu anregenden Diskussionen beizutragen und gemeinsam mit uns die reizvolle Atmosph\u00e4re der Stadt Salzburg zu w\u00fcrdigen.Prof. Dr. Gerald Zenz Graz, im Mai 2024Obmann, \u00d6sterreichisches Nationalkomitee f\u00fcr TalsperrenVorstand des Instituts f\u00fcr Wasserbau und Wasserwirtschaft, TU Graz","og_url":"https:\/\/www.tugraz-verlag.at\/en\/gesamtverzeichnis\/bauingenieurwissenschaften\/atcold-talsperrensymposium\/","og_site_name":"Verlag der TU Graz","article_modified_time":"2026-03-28T09:35:46+00:00","og_image":[{"width":663,"height":935,"url":"https:\/\/www.tugraz-verlag.at\/wp-content\/uploads\/asolmerce\/image-978-3-99161-006-9.png","type":"image\/png"}],"twitter_card":"summary_large_image","twitter_misc":{"Est. reading time":"1 minute"},"schema":{"@context":"https:\/\/schema.org","@graph":[{"@type":"WebPage","@id":"https:\/\/www.tugraz-verlag.at\/en\/gesamtverzeichnis\/bauingenieurwissenschaften\/atcold-talsperrensymposium\/","url":"https:\/\/www.tugraz-verlag.at\/en\/gesamtverzeichnis\/bauingenieurwissenschaften\/atcold-talsperrensymposium\/","name":"ATCOLD Talsperrensymposium - Verlag der TU Graz","isPartOf":{"@id":"https:\/\/www.tugraz-verlag.at\/en\/#website"},"primaryImageOfPage":{"@id":"https:\/\/www.tugraz-verlag.at\/en\/gesamtverzeichnis\/bauingenieurwissenschaften\/atcold-talsperrensymposium\/#primaryimage"},"image":{"@id":"https:\/\/www.tugraz-verlag.at\/gesamtverzeichnis\/bauingenieurwissenschaften\/atcold-talsperrensymposium\/#primaryimage"},"thumbnailUrl":"https:\/\/www.tugraz-verlag.at\/wp-content\/uploads\/asolmerce\/image-978-3-99161-006-9.png","datePublished":"2026-03-28T07:34:46+00:00","dateModified":"2026-03-28T09:35:46+00:00","breadcrumb":{"@id":"https:\/\/www.tugraz-verlag.at\/en\/gesamtverzeichnis\/bauingenieurwissenschaften\/atcold-talsperrensymposium\/#breadcrumb"},"inLanguage":"en-US","potentialAction":[{"@type":"ReadAction","target":[["https:\/\/www.tugraz-verlag.at\/en\/gesamtverzeichnis\/bauingenieurwissenschaften\/atcold-talsperrensymposium\/"]]}]},{"@type":"ImageObject","inLanguage":"en-US","@id":"https:\/\/www.tugraz-verlag.at\/en\/gesamtverzeichnis\/bauingenieurwissenschaften\/atcold-talsperrensymposium\/#primaryimage","url":"https:\/\/www.tugraz-verlag.at\/wp-content\/uploads\/asolmerce\/image-978-3-99161-006-9.png","contentUrl":"https:\/\/www.tugraz-verlag.at\/wp-content\/uploads\/asolmerce\/image-978-3-99161-006-9.png","width":663,"height":935},{"@type":"BreadcrumbList","@id":"https:\/\/www.tugraz-verlag.at\/en\/gesamtverzeichnis\/bauingenieurwissenschaften\/atcold-talsperrensymposium\/#breadcrumb","itemListElement":[{"@type":"ListItem","position":1,"name":"Home","item":"https:\/\/www.tugraz-verlag.at\/en\/"},{"@type":"ListItem","position":2,"name":"Gesamtverzeichnis","item":"https:\/\/www.tugraz-verlag.at\/en\/gesamtverzeichnis\/"},{"@type":"ListItem","position":3,"name":"ATCOLD Talsperrensymposium"}]},{"@type":"WebSite","@id":"https:\/\/www.tugraz-verlag.at\/en\/#website","url":"https:\/\/www.tugraz-verlag.at\/en\/","name":"Verlag der TU Graz","description":"Verlag der Technischen Universit\u00e4t Graz","potentialAction":[{"@type":"SearchAction","target":{"@type":"EntryPoint","urlTemplate":"https:\/\/www.tugraz-verlag.at\/en\/?s={search_term_string}"},"query-input":{"@type":"PropertyValueSpecification","valueRequired":true,"valueName":"search_term_string"}}],"inLanguage":"en-US"}]}},"_links":{"self":[{"href":"https:\/\/www.tugraz-verlag.at\/en\/wp-json\/wp\/v2\/product\/43448","targetHints":{"allow":["GET"]}}],"collection":[{"href":"https:\/\/www.tugraz-verlag.at\/en\/wp-json\/wp\/v2\/product"}],"about":[{"href":"https:\/\/www.tugraz-verlag.at\/en\/wp-json\/wp\/v2\/types\/product"}],"replies":[{"embeddable":true,"href":"https:\/\/www.tugraz-verlag.at\/en\/wp-json\/wp\/v2\/comments?post=43448"}],"wp:featuredmedia":[{"embeddable":true,"href":"https:\/\/www.tugraz-verlag.at\/en\/wp-json\/wp\/v2\/media\/43450"}],"wp:attachment":[{"href":"https:\/\/www.tugraz-verlag.at\/en\/wp-json\/wp\/v2\/media?parent=43448"}],"wp:term":[{"taxonomy":"product_brand","embeddable":true,"href":"https:\/\/www.tugraz-verlag.at\/en\/wp-json\/wp\/v2\/product_brand?post=43448"},{"taxonomy":"product_cat","embeddable":true,"href":"https:\/\/www.tugraz-verlag.at\/en\/wp-json\/wp\/v2\/product_cat?post=43448"},{"taxonomy":"product_tag","embeddable":true,"href":"https:\/\/www.tugraz-verlag.at\/en\/wp-json\/wp\/v2\/product_tag?post=43448"}],"curies":[{"name":"wp","href":"https:\/\/api.w.org\/{rel}","templated":true}]}}