{"id":43291,"date":"2026-03-28T07:34:44","date_gmt":"2026-03-28T07:34:44","guid":{"rendered":"https:\/\/www.tugraz-verlag.at\/gesamtverzeichnis\/unkategorisiert\/empty-product-container-3\/"},"modified":"2026-03-28T11:35:44","modified_gmt":"2026-03-28T09:35:44","slug":"22-grazer-baubetriebs-und-bauwirtschaftssymposium-tagungsband-2024-ebook","status":"publish","type":"product","link":"https:\/\/www.tugraz-verlag.at\/en\/gesamtverzeichnis\/bauingenieurwissenschaften\/22-grazer-baubetriebs-und-bauwirtschaftssymposium-tagungsband-2024-ebook\/","title":{"rendered":"22. Grazer Baubetriebs- und Bauwirtschaftssymposium, Tagungsband 2024"},"content":{"rendered":"<p class=\"qtranxs-available-languages-message qtranxs-available-languages-message-en\">This entry is only available in German<\/p><p>Das 22. Grazer Baubetriebs- und Bauwirtschaftssymposium stellt unter dem Titel \u201eDigitaler Wandel im Bauwesen\u201c einen brandaktuellen Prozess in den Fokus und beleuchtet, wie die Digitalisierung die Baubranche revolutionieren kann und wird. Die Schwerpunkte liegen dabei auf der Integration digitaler Prozesse in rechtliche Rahmenwerke, der Eignung von Beh\u00f6rden f\u00fcr digitale Baueinreichungen, der kritischen W\u00fcrdigung von BIM-Anwendungsf\u00e4llen und der Effizienzsteigerung durch digitalisierte Bauprozesse. Besondere Aufmerksamkeit wird zudem der Verbesserung der Kontrolle und Steuerung der Bauausf\u00fchrung durch digitale Werkzeuge, dem Nutzen digitaler Bautagesberichte und der Rolle der Digitalisierung als Katalysator f\u00fcr Disruption und Effizienz im Bauwesen geschenkt. Best Practices in Bezug auf kollaborative Vertragsmodelle und die Reduzierung von Treibhausgasemissionen durch digitale Prozesse unterstreichen zudem den Nutzen der Digitalisierung im Hinblick auf Nachhaltigkeit und Ressourcenschonung.<br \/>Das Symposium versteht sich als Vernetzungstreffen und bietet eine essenzielle Plattform f\u00fcr Fachleute und Interessierte, um sich \u00fcber die fortschrittlichen digitalen Ans\u00e4tze im Bauwesen, die sowohl f\u00fcr die Effizienzsteigerung als auch f\u00fcr \u00f6kologische Nachhaltigkeit von enormer Bedeutung sind, auszutauschen. Diese und andere Themen werden im Zuge der Vortr\u00e4ge sowie auch in der abschlie\u00dfenden Podiumsdiskussion er\u00f6rtert. Die Veranstaltung spricht all jene an, die sich auf der Seite der Auftraggeber, Planenden und Auftragnehmer sowie als Jurist*innen und Sachverst\u00e4ndige mit dem Thema Digitalisierung besch\u00e4ftigen, neue Perspektiven und Forschungsentwicklungen kennenlernen m\u00f6chten und eine Optimierung im Umgang mit dieser Thematik anstreben.<br \/>Die Ansichten und Ergebnisse der Referent*innen werden im vorliegenden Tagungsband ausgef\u00fchrt. Neben den baubetrieblichen und bauwirtschaftlichen Aspekten werden auch bauvertragsrechtliche Themen aufgegriffen. Erg\u00e4nzt werden diese Ausf\u00fchrungen durch aktuelle Beitr\u00e4ge aus der baubetrieblichen, bauwirtschaftlichen und baurechtlichen Forschung.<br \/><\/p>","protected":false},"excerpt":{"rendered":"<p class=\"qtranxs-available-languages-message qtranxs-available-languages-message-en\">This entry is only available in German<\/p>\n<p>Das 22. Grazer Baubetriebs- und Bauwirtschaftssymposium stellt unter dem Titel \u201eDigitaler Wandel im Bauwesen\u201c einen brandaktuellen Prozess in den Fokus und beleuchtet, wie die Digitalisierung die Baubranche revolutionieren kann und wird. Die Schwerpunkte liegen dabei auf der Integration digitaler Prozesse in rechtliche Rahmenwerke, der Eignung von Beh\u00f6rden f\u00fcr digitale Baueinreichungen, der kritischen W\u00fcrdigung von BIM-Anwendungsf\u00e4llen und der Effizienzsteigerung durch digitalisierte Bauprozesse. Besondere Aufmerksamkeit wird zudem der Verbesserung der Kontrolle und Steuerung der Bauausf\u00fchrung durch digitale Werkzeuge, dem Nutzen digitaler Bautagesberichte und der Rolle der Digitalisierung als Katalysator f\u00fcr Disruption und Effizienz im Bauwesen geschenkt. Best Practices in Bezug auf kollaborative Vertragsmodelle und die Reduzierung von Treibhausgasemissionen durch digitale Prozesse unterstreichen zudem den Nutzen der Digitalisierung im Hinblick auf Nachhaltigkeit und Ressourcenschonung.<br \/>Das Symposium versteht sich als Vernetzungstreffen und bietet eine essenzielle Plattform f\u00fcr Fachleute und Interessierte, um sich \u00fcber die fortschrittlichen digitalen Ans\u00e4tze im Bauwesen, die sowohl f\u00fcr die Effizienzsteigerung als auch f\u00fcr \u00f6kologische Nachhaltigkeit von enormer Bedeutung sind, auszutauschen. Diese und andere Themen werden im Zuge der Vortr\u00e4ge sowie auch in der abschlie\u00dfenden Podiumsdiskussion er\u00f6rtert. Die Veranstaltung spricht all jene an, die sich auf der Seite der Auftraggeber, Planenden und Auftragnehmer sowie als Jurist*innen und Sachverst\u00e4ndige mit dem Thema Digitalisierung besch\u00e4ftigen, neue Perspektiven und Forschungsentwicklungen kennenlernen m\u00f6chten und eine Optimierung im Umgang mit dieser Thematik anstreben.<br \/>Die Ansichten und Ergebnisse der Referent*innen werden im vorliegenden Tagungsband ausgef\u00fchrt. Neben den baubetrieblichen und bauwirtschaftlichen Aspekten werden auch bauvertragsrechtliche Themen aufgegriffen. Erg\u00e4nzt werden diese Ausf\u00fchrungen durch aktuelle Beitr\u00e4ge aus der baubetrieblichen, bauwirtschaftlichen und baurechtlichen Forschung.<\/p>\n","protected":false},"featured_media":43292,"comment_status":"closed","ping_status":"closed","template":"","meta":{"_acf_changed":false},"product_brand":[],"product_cat":[1627],"product_tag":[],"class_list":{"0":"post-43291","1":"product","2":"type-product","3":"status-publish","4":"has-post-thumbnail","6":"product_cat-bauingenieurwissenschaften","7":"autor-hofstadler-christian","8":"autor-detlef-heck-1","9":"autor-markus-kummer","11":"first","12":"instock","13":"downloadable","14":"virtual","15":"taxable","16":"product-type-simple"},"acf":[],"yoast_head":"<!-- This site is optimized with the Yoast SEO plugin v27.2 - https:\/\/yoast.com\/product\/yoast-seo-wordpress\/ -->\n<title>22. Grazer Baubetriebs- und Bauwirtschaftssymposium, Tagungsband 2024 - Verlag der TU Graz<\/title>\n<meta name=\"robots\" content=\"index, follow, max-snippet:-1, max-image-preview:large, max-video-preview:-1\" \/>\n<link rel=\"canonical\" href=\"https:\/\/www.tugraz-verlag.at\/en\/gesamtverzeichnis\/bauingenieurwissenschaften\/22-grazer-baubetriebs-und-bauwirtschaftssymposium-tagungsband-2024-ebook\/\" \/>\n<meta property=\"og:locale\" content=\"en_US\" \/>\n<meta property=\"og:type\" content=\"article\" \/>\n<meta property=\"og:title\" content=\"22. Grazer Baubetriebs- und Bauwirtschaftssymposium, Tagungsband 2024 - Verlag der TU Graz\" \/>\n<meta property=\"og:description\" content=\"Das 22. Grazer Baubetriebs- und Bauwirtschaftssymposium stellt unter dem Titel \u201eDigitaler Wandel im Bauwesen\u201c einen brandaktuellen Prozess in den Fokus und beleuchtet, wie die Digitalisierung die Baubranche revolutionieren kann und wird. Die Schwerpunkte liegen dabei auf der Integration digitaler Prozesse in rechtliche Rahmenwerke, der Eignung von Beh\u00f6rden f\u00fcr digitale Baueinreichungen, der kritischen W\u00fcrdigung von BIM-Anwendungsf\u00e4llen und der Effizienzsteigerung durch digitalisierte Bauprozesse. Besondere Aufmerksamkeit wird zudem der Verbesserung der Kontrolle und Steuerung der Bauausf\u00fchrung durch digitale Werkzeuge, dem Nutzen digitaler Bautagesberichte und der Rolle der Digitalisierung als Katalysator f\u00fcr Disruption und Effizienz im Bauwesen geschenkt. Best Practices in Bezug auf kollaborative Vertragsmodelle und die Reduzierung von Treibhausgasemissionen durch digitale Prozesse unterstreichen zudem den Nutzen der Digitalisierung im Hinblick auf Nachhaltigkeit und Ressourcenschonung.Das Symposium versteht sich als Vernetzungstreffen und bietet eine essenzielle Plattform f\u00fcr Fachleute und Interessierte, um sich \u00fcber die fortschrittlichen digitalen Ans\u00e4tze im Bauwesen, die sowohl f\u00fcr die Effizienzsteigerung als auch f\u00fcr \u00f6kologische Nachhaltigkeit von enormer Bedeutung sind, auszutauschen. Diese und andere Themen werden im Zuge der Vortr\u00e4ge sowie auch in der abschlie\u00dfenden Podiumsdiskussion er\u00f6rtert. Die Veranstaltung spricht all jene an, die sich auf der Seite der Auftraggeber, Planenden und Auftragnehmer sowie als Jurist*innen und Sachverst\u00e4ndige mit dem Thema Digitalisierung besch\u00e4ftigen, neue Perspektiven und Forschungsentwicklungen kennenlernen m\u00f6chten und eine Optimierung im Umgang mit dieser Thematik anstreben.Die Ansichten und Ergebnisse der Referent*innen werden im vorliegenden Tagungsband ausgef\u00fchrt. Neben den baubetrieblichen und bauwirtschaftlichen Aspekten werden auch bauvertragsrechtliche Themen aufgegriffen. Erg\u00e4nzt werden diese Ausf\u00fchrungen durch aktuelle Beitr\u00e4ge aus der baubetrieblichen, bauwirtschaftlichen und baurechtlichen Forschung.\" \/>\n<meta property=\"og:url\" content=\"https:\/\/www.tugraz-verlag.at\/en\/gesamtverzeichnis\/bauingenieurwissenschaften\/22-grazer-baubetriebs-und-bauwirtschaftssymposium-tagungsband-2024-ebook\/\" \/>\n<meta property=\"og:site_name\" content=\"Verlag der TU Graz\" \/>\n<meta property=\"article:modified_time\" content=\"2026-03-28T09:35:44+00:00\" \/>\n<meta property=\"og:image\" content=\"https:\/\/www.tugraz-verlag.at\/wp-content\/uploads\/asolmerce\/image-1374.png\" \/>\n\t<meta property=\"og:image:width\" content=\"606\" \/>\n\t<meta property=\"og:image:height\" content=\"857\" \/>\n\t<meta property=\"og:image:type\" content=\"image\/png\" \/>\n<meta name=\"twitter:card\" content=\"summary_large_image\" \/>\n<meta name=\"twitter:label1\" content=\"Est. reading time\" \/>\n\t<meta name=\"twitter:data1\" content=\"1 minute\" \/>\n<script type=\"application\/ld+json\" class=\"yoast-schema-graph\">{\"@context\":\"https:\/\/schema.org\",\"@graph\":[{\"@type\":\"WebPage\",\"@id\":\"https:\/\/www.tugraz-verlag.at\/en\/gesamtverzeichnis\/bauingenieurwissenschaften\/22-grazer-baubetriebs-und-bauwirtschaftssymposium-tagungsband-2024-ebook\/\",\"url\":\"https:\/\/www.tugraz-verlag.at\/en\/gesamtverzeichnis\/bauingenieurwissenschaften\/22-grazer-baubetriebs-und-bauwirtschaftssymposium-tagungsband-2024-ebook\/\",\"name\":\"22. Grazer Baubetriebs- und Bauwirtschaftssymposium, Tagungsband 2024 - Verlag der TU Graz\",\"isPartOf\":{\"@id\":\"https:\/\/www.tugraz-verlag.at\/en\/#website\"},\"primaryImageOfPage\":{\"@id\":\"https:\/\/www.tugraz-verlag.at\/en\/gesamtverzeichnis\/bauingenieurwissenschaften\/22-grazer-baubetriebs-und-bauwirtschaftssymposium-tagungsband-2024-ebook\/#primaryimage\"},\"image\":{\"@id\":\"https:\/\/www.tugraz-verlag.at\/gesamtverzeichnis\/bauingenieurwissenschaften\/22-grazer-baubetriebs-und-bauwirtschaftssymposium-tagungsband-2024-ebook\/#primaryimage\"},\"thumbnailUrl\":\"https:\/\/www.tugraz-verlag.at\/wp-content\/uploads\/asolmerce\/image-1374.png\",\"datePublished\":\"2026-03-28T07:34:44+00:00\",\"dateModified\":\"2026-03-28T09:35:44+00:00\",\"breadcrumb\":{\"@id\":\"https:\/\/www.tugraz-verlag.at\/en\/gesamtverzeichnis\/bauingenieurwissenschaften\/22-grazer-baubetriebs-und-bauwirtschaftssymposium-tagungsband-2024-ebook\/#breadcrumb\"},\"inLanguage\":\"en-US\",\"potentialAction\":[{\"@type\":\"ReadAction\",\"target\":[[\"https:\/\/www.tugraz-verlag.at\/en\/gesamtverzeichnis\/bauingenieurwissenschaften\/22-grazer-baubetriebs-und-bauwirtschaftssymposium-tagungsband-2024-ebook\/\"]]}]},{\"@type\":\"ImageObject\",\"inLanguage\":\"en-US\",\"@id\":\"https:\/\/www.tugraz-verlag.at\/en\/gesamtverzeichnis\/bauingenieurwissenschaften\/22-grazer-baubetriebs-und-bauwirtschaftssymposium-tagungsband-2024-ebook\/#primaryimage\",\"url\":\"https:\/\/www.tugraz-verlag.at\/wp-content\/uploads\/asolmerce\/image-1374.png\",\"contentUrl\":\"https:\/\/www.tugraz-verlag.at\/wp-content\/uploads\/asolmerce\/image-1374.png\",\"width\":606,\"height\":857},{\"@type\":\"BreadcrumbList\",\"@id\":\"https:\/\/www.tugraz-verlag.at\/en\/gesamtverzeichnis\/bauingenieurwissenschaften\/22-grazer-baubetriebs-und-bauwirtschaftssymposium-tagungsband-2024-ebook\/#breadcrumb\",\"itemListElement\":[{\"@type\":\"ListItem\",\"position\":1,\"name\":\"Home\",\"item\":\"https:\/\/www.tugraz-verlag.at\/en\/\"},{\"@type\":\"ListItem\",\"position\":2,\"name\":\"Gesamtverzeichnis\",\"item\":\"https:\/\/www.tugraz-verlag.at\/en\/gesamtverzeichnis\/\"},{\"@type\":\"ListItem\",\"position\":3,\"name\":\"22. Grazer Baubetriebs- und Bauwirtschaftssymposium, Tagungsband 2024\"}]},{\"@type\":\"WebSite\",\"@id\":\"https:\/\/www.tugraz-verlag.at\/en\/#website\",\"url\":\"https:\/\/www.tugraz-verlag.at\/en\/\",\"name\":\"Verlag der TU Graz\",\"description\":\"Verlag der Technischen Universit\u00e4t Graz\",\"potentialAction\":[{\"@type\":\"SearchAction\",\"target\":{\"@type\":\"EntryPoint\",\"urlTemplate\":\"https:\/\/www.tugraz-verlag.at\/en\/?s={search_term_string}\"},\"query-input\":{\"@type\":\"PropertyValueSpecification\",\"valueRequired\":true,\"valueName\":\"search_term_string\"}}],\"inLanguage\":\"en-US\"}]}<\/script>\n<!-- \/ Yoast SEO plugin. -->","yoast_head_json":{"title":"22. Grazer Baubetriebs- und Bauwirtschaftssymposium, Tagungsband 2024 - Verlag der TU Graz","robots":{"index":"index","follow":"follow","max-snippet":"max-snippet:-1","max-image-preview":"max-image-preview:large","max-video-preview":"max-video-preview:-1"},"canonical":"https:\/\/www.tugraz-verlag.at\/en\/gesamtverzeichnis\/bauingenieurwissenschaften\/22-grazer-baubetriebs-und-bauwirtschaftssymposium-tagungsband-2024-ebook\/","og_locale":"en_US","og_type":"article","og_title":"22. Grazer Baubetriebs- und Bauwirtschaftssymposium, Tagungsband 2024 - Verlag der TU Graz","og_description":"Das 22. Grazer Baubetriebs- und Bauwirtschaftssymposium stellt unter dem Titel \u201eDigitaler Wandel im Bauwesen\u201c einen brandaktuellen Prozess in den Fokus und beleuchtet, wie die Digitalisierung die Baubranche revolutionieren kann und wird. Die Schwerpunkte liegen dabei auf der Integration digitaler Prozesse in rechtliche Rahmenwerke, der Eignung von Beh\u00f6rden f\u00fcr digitale Baueinreichungen, der kritischen W\u00fcrdigung von BIM-Anwendungsf\u00e4llen und der Effizienzsteigerung durch digitalisierte Bauprozesse. Besondere Aufmerksamkeit wird zudem der Verbesserung der Kontrolle und Steuerung der Bauausf\u00fchrung durch digitale Werkzeuge, dem Nutzen digitaler Bautagesberichte und der Rolle der Digitalisierung als Katalysator f\u00fcr Disruption und Effizienz im Bauwesen geschenkt. Best Practices in Bezug auf kollaborative Vertragsmodelle und die Reduzierung von Treibhausgasemissionen durch digitale Prozesse unterstreichen zudem den Nutzen der Digitalisierung im Hinblick auf Nachhaltigkeit und Ressourcenschonung.Das Symposium versteht sich als Vernetzungstreffen und bietet eine essenzielle Plattform f\u00fcr Fachleute und Interessierte, um sich \u00fcber die fortschrittlichen digitalen Ans\u00e4tze im Bauwesen, die sowohl f\u00fcr die Effizienzsteigerung als auch f\u00fcr \u00f6kologische Nachhaltigkeit von enormer Bedeutung sind, auszutauschen. Diese und andere Themen werden im Zuge der Vortr\u00e4ge sowie auch in der abschlie\u00dfenden Podiumsdiskussion er\u00f6rtert. Die Veranstaltung spricht all jene an, die sich auf der Seite der Auftraggeber, Planenden und Auftragnehmer sowie als Jurist*innen und Sachverst\u00e4ndige mit dem Thema Digitalisierung besch\u00e4ftigen, neue Perspektiven und Forschungsentwicklungen kennenlernen m\u00f6chten und eine Optimierung im Umgang mit dieser Thematik anstreben.Die Ansichten und Ergebnisse der Referent*innen werden im vorliegenden Tagungsband ausgef\u00fchrt. Neben den baubetrieblichen und bauwirtschaftlichen Aspekten werden auch bauvertragsrechtliche Themen aufgegriffen. Erg\u00e4nzt werden diese Ausf\u00fchrungen durch aktuelle Beitr\u00e4ge aus der baubetrieblichen, bauwirtschaftlichen und baurechtlichen Forschung.","og_url":"https:\/\/www.tugraz-verlag.at\/en\/gesamtverzeichnis\/bauingenieurwissenschaften\/22-grazer-baubetriebs-und-bauwirtschaftssymposium-tagungsband-2024-ebook\/","og_site_name":"Verlag der TU Graz","article_modified_time":"2026-03-28T09:35:44+00:00","og_image":[{"width":606,"height":857,"url":"https:\/\/www.tugraz-verlag.at\/wp-content\/uploads\/asolmerce\/image-1374.png","type":"image\/png"}],"twitter_card":"summary_large_image","twitter_misc":{"Est. reading time":"1 minute"},"schema":{"@context":"https:\/\/schema.org","@graph":[{"@type":"WebPage","@id":"https:\/\/www.tugraz-verlag.at\/en\/gesamtverzeichnis\/bauingenieurwissenschaften\/22-grazer-baubetriebs-und-bauwirtschaftssymposium-tagungsband-2024-ebook\/","url":"https:\/\/www.tugraz-verlag.at\/en\/gesamtverzeichnis\/bauingenieurwissenschaften\/22-grazer-baubetriebs-und-bauwirtschaftssymposium-tagungsband-2024-ebook\/","name":"22. Grazer Baubetriebs- und Bauwirtschaftssymposium, Tagungsband 2024 - Verlag der TU Graz","isPartOf":{"@id":"https:\/\/www.tugraz-verlag.at\/en\/#website"},"primaryImageOfPage":{"@id":"https:\/\/www.tugraz-verlag.at\/en\/gesamtverzeichnis\/bauingenieurwissenschaften\/22-grazer-baubetriebs-und-bauwirtschaftssymposium-tagungsband-2024-ebook\/#primaryimage"},"image":{"@id":"https:\/\/www.tugraz-verlag.at\/gesamtverzeichnis\/bauingenieurwissenschaften\/22-grazer-baubetriebs-und-bauwirtschaftssymposium-tagungsband-2024-ebook\/#primaryimage"},"thumbnailUrl":"https:\/\/www.tugraz-verlag.at\/wp-content\/uploads\/asolmerce\/image-1374.png","datePublished":"2026-03-28T07:34:44+00:00","dateModified":"2026-03-28T09:35:44+00:00","breadcrumb":{"@id":"https:\/\/www.tugraz-verlag.at\/en\/gesamtverzeichnis\/bauingenieurwissenschaften\/22-grazer-baubetriebs-und-bauwirtschaftssymposium-tagungsband-2024-ebook\/#breadcrumb"},"inLanguage":"en-US","potentialAction":[{"@type":"ReadAction","target":[["https:\/\/www.tugraz-verlag.at\/en\/gesamtverzeichnis\/bauingenieurwissenschaften\/22-grazer-baubetriebs-und-bauwirtschaftssymposium-tagungsband-2024-ebook\/"]]}]},{"@type":"ImageObject","inLanguage":"en-US","@id":"https:\/\/www.tugraz-verlag.at\/en\/gesamtverzeichnis\/bauingenieurwissenschaften\/22-grazer-baubetriebs-und-bauwirtschaftssymposium-tagungsband-2024-ebook\/#primaryimage","url":"https:\/\/www.tugraz-verlag.at\/wp-content\/uploads\/asolmerce\/image-1374.png","contentUrl":"https:\/\/www.tugraz-verlag.at\/wp-content\/uploads\/asolmerce\/image-1374.png","width":606,"height":857},{"@type":"BreadcrumbList","@id":"https:\/\/www.tugraz-verlag.at\/en\/gesamtverzeichnis\/bauingenieurwissenschaften\/22-grazer-baubetriebs-und-bauwirtschaftssymposium-tagungsband-2024-ebook\/#breadcrumb","itemListElement":[{"@type":"ListItem","position":1,"name":"Home","item":"https:\/\/www.tugraz-verlag.at\/en\/"},{"@type":"ListItem","position":2,"name":"Gesamtverzeichnis","item":"https:\/\/www.tugraz-verlag.at\/en\/gesamtverzeichnis\/"},{"@type":"ListItem","position":3,"name":"22. Grazer Baubetriebs- und Bauwirtschaftssymposium, Tagungsband 2024"}]},{"@type":"WebSite","@id":"https:\/\/www.tugraz-verlag.at\/en\/#website","url":"https:\/\/www.tugraz-verlag.at\/en\/","name":"Verlag der TU Graz","description":"Verlag der Technischen Universit\u00e4t Graz","potentialAction":[{"@type":"SearchAction","target":{"@type":"EntryPoint","urlTemplate":"https:\/\/www.tugraz-verlag.at\/en\/?s={search_term_string}"},"query-input":{"@type":"PropertyValueSpecification","valueRequired":true,"valueName":"search_term_string"}}],"inLanguage":"en-US"}]}},"_links":{"self":[{"href":"https:\/\/www.tugraz-verlag.at\/en\/wp-json\/wp\/v2\/product\/43291","targetHints":{"allow":["GET"]}}],"collection":[{"href":"https:\/\/www.tugraz-verlag.at\/en\/wp-json\/wp\/v2\/product"}],"about":[{"href":"https:\/\/www.tugraz-verlag.at\/en\/wp-json\/wp\/v2\/types\/product"}],"replies":[{"embeddable":true,"href":"https:\/\/www.tugraz-verlag.at\/en\/wp-json\/wp\/v2\/comments?post=43291"}],"wp:featuredmedia":[{"embeddable":true,"href":"https:\/\/www.tugraz-verlag.at\/en\/wp-json\/wp\/v2\/media\/43292"}],"wp:attachment":[{"href":"https:\/\/www.tugraz-verlag.at\/en\/wp-json\/wp\/v2\/media?parent=43291"}],"wp:term":[{"taxonomy":"product_brand","embeddable":true,"href":"https:\/\/www.tugraz-verlag.at\/en\/wp-json\/wp\/v2\/product_brand?post=43291"},{"taxonomy":"product_cat","embeddable":true,"href":"https:\/\/www.tugraz-verlag.at\/en\/wp-json\/wp\/v2\/product_cat?post=43291"},{"taxonomy":"product_tag","embeddable":true,"href":"https:\/\/www.tugraz-verlag.at\/en\/wp-json\/wp\/v2\/product_tag?post=43291"}],"curies":[{"name":"wp","href":"https:\/\/api.w.org\/{rel}","templated":true}]}}