{"id":42646,"date":"2026-03-28T07:34:29","date_gmt":"2026-03-28T07:34:29","guid":{"rendered":"https:\/\/www.tugraz-verlag.at\/gesamtverzeichnis\/unkategorisiert\/empty-product-container-3\/"},"modified":"2026-03-28T11:35:29","modified_gmt":"2026-03-28T09:35:29","slug":"mehr-als-nur-gruen-wie-wissenschaft-und-wirtschaft-impulse-fuer-nachhaltigkeit-in-all-ihren-dimensionen-geben-koennen-ebook","status":"publish","type":"product","link":"https:\/\/www.tugraz-verlag.at\/en\/gesamtverzeichnis\/maschinenbau-und-wirtschaftswissenschaften\/mehr-als-nur-gruen-wie-wissenschaft-und-wirtschaft-impulse-fuer-nachhaltigkeit-in-all-ihren-dimensionen-geben-koennen-ebook\/","title":{"rendered":"Mehr als nur &#8220;gr\u00fcn&#8221;: Wie Wissenschaft und Wirtschaft Impulse f\u00fcr Nachhaltigkeit in all Ihren Dimensionen geben k\u00f6nnen"},"content":{"rendered":"<p><\/p>\n<div>In research and industry, sustainability in its three well-known dimensions of ecology, social affairs and economy is now much more than &#8220;environmentally friendly thinking&#8221; and is therefore neither luxury nor fashion, but simply indispensable for responsible and future-oriented action. Due to the breadth of the topic, it is due to the increasing specialization in the industry &#8211; again in science and business &#8211; that individuals can only have a fragmentary view of sustainability.<\/div>\n<div>This is where the Logistikwerkstatt 2023 comes in, by bringing together specialists and industry experts from intralogistics and production logistics with researchers from technical logistics, software technology, building services engineering and hydrogen technologies and not shying away from an ethical view of the topic.<\/div>\n<div>The book with explanatory texts again makes the presentations available to the readers in the tried and tested way. The results of the discussions (referred to as &#8220;workshop&#8221; according to the conference title) follow again in a corresponding specialist article.<\/div>\n<p><\/p>","protected":false},"excerpt":{"rendered":"<div>In research and industry, sustainability in its three well-known dimensions of ecology, social affairs and economy is now much more than &#8220;environmentally friendly thinking&#8221; and is therefore neither luxury nor fashion, but simply indispensable for responsible and future-oriented action. Due to the breadth of the topic, it is due to the increasing specialization in the industry &#8211; again in science and business &#8211; that individuals can only have a fragmentary view of sustainability.<\/div>\n<div>This is where the Logistikwerkstatt 2023 comes in, by bringing together specialists and industry experts from intralogistics and production logistics with researchers from technical logistics, software technology, building services engineering and hydrogen technologies and not shying away from an ethical view of the topic.<\/div>\n<div>The book with explanatory texts again makes the presentations available to the readers in the tried and tested way. The results of the discussions (referred to as &#8220;workshop&#8221; according to the conference title) follow again in a corresponding specialist article.<\/div>\n","protected":false},"featured_media":42647,"comment_status":"closed","ping_status":"closed","template":"","meta":{"_acf_changed":false},"product_brand":[],"product_cat":[1628],"product_tag":[3726],"class_list":{"0":"post-42646","1":"product","2":"type-product","3":"status-publish","4":"has-post-thumbnail","6":"product_cat-maschinenbau-und-wirtschaftswissenschaften","7":"product_tag-logistik-intralogistik-produktionslogistik-technische-logistik-materialflusstechnik","8":"autor-christian-landschuetzer","9":"reihe-logistik-werkstatt-graz","11":"first","12":"instock","13":"downloadable","14":"virtual","15":"taxable","16":"product-type-simple"},"acf":[],"yoast_head":"<!-- This site is optimized with the Yoast SEO plugin v27.2 - https:\/\/yoast.com\/product\/yoast-seo-wordpress\/ -->\n<title>Mehr als nur &quot;gr\u00fcn&quot;: Wie Wissenschaft und Wirtschaft Impulse f\u00fcr Nachhaltigkeit in all Ihren Dimensionen geben k\u00f6nnen - Verlag der TU Graz<\/title>\n<meta name=\"robots\" content=\"index, follow, max-snippet:-1, max-image-preview:large, max-video-preview:-1\" \/>\n<link rel=\"canonical\" href=\"https:\/\/www.tugraz-verlag.at\/en\/gesamtverzeichnis\/maschinenbau-und-wirtschaftswissenschaften\/mehr-als-nur-gruen-wie-wissenschaft-und-wirtschaft-impulse-fuer-nachhaltigkeit-in-all-ihren-dimensionen-geben-koennen-ebook\/\" \/>\n<meta property=\"og:locale\" content=\"en_US\" \/>\n<meta property=\"og:type\" content=\"article\" \/>\n<meta property=\"og:title\" content=\"Mehr als nur &quot;gr\u00fcn&quot;: Wie Wissenschaft und Wirtschaft Impulse f\u00fcr Nachhaltigkeit in all Ihren Dimensionen geben k\u00f6nnen - Verlag der TU Graz\" \/>\n<meta property=\"og:description\" content=\"In research and industry, sustainability in its three well-known dimensions of ecology, social affairs and economy is now much more than &quot;environmentally friendly thinking&quot; and is therefore neither luxury nor fashion, but simply indispensable for responsible and future-oriented action. Due to the breadth of the topic, it is due to the increasing specialization in the industry - again in science and business - that individuals can only have a fragmentary view of sustainability.This is where the Logistikwerkstatt 2023 comes in, by bringing together specialists and industry experts from intralogistics and production logistics with researchers from technical logistics, software technology, building services engineering and hydrogen technologies and not shying away from an ethical view of the topic.The book with explanatory texts again makes the presentations available to the readers in the tried and tested way. The results of the discussions (referred to as &quot;workshop&quot; according to the conference title) follow again in a corresponding specialist article.\" \/>\n<meta property=\"og:url\" content=\"https:\/\/www.tugraz-verlag.at\/en\/gesamtverzeichnis\/maschinenbau-und-wirtschaftswissenschaften\/mehr-als-nur-gruen-wie-wissenschaft-und-wirtschaft-impulse-fuer-nachhaltigkeit-in-all-ihren-dimensionen-geben-koennen-ebook\/\" \/>\n<meta property=\"og:site_name\" content=\"Verlag der TU Graz\" \/>\n<meta property=\"article:modified_time\" content=\"2026-03-28T09:35:29+00:00\" \/>\n<meta property=\"og:image\" content=\"https:\/\/www.tugraz-verlag.at\/wp-content\/uploads\/asolmerce\/image-1325.jpg\" \/>\n\t<meta property=\"og:image:width\" content=\"587\" \/>\n\t<meta property=\"og:image:height\" content=\"854\" \/>\n\t<meta property=\"og:image:type\" content=\"image\/jpeg\" \/>\n<meta name=\"twitter:card\" content=\"summary_large_image\" \/>\n<meta name=\"twitter:label1\" content=\"Est. reading time\" \/>\n\t<meta name=\"twitter:data1\" content=\"2 minutes\" \/>\n<script type=\"application\/ld+json\" class=\"yoast-schema-graph\">{\"@context\":\"https:\/\/schema.org\",\"@graph\":[{\"@type\":\"WebPage\",\"@id\":\"https:\/\/www.tugraz-verlag.at\/en\/gesamtverzeichnis\/maschinenbau-und-wirtschaftswissenschaften\/mehr-als-nur-gruen-wie-wissenschaft-und-wirtschaft-impulse-fuer-nachhaltigkeit-in-all-ihren-dimensionen-geben-koennen-ebook\/\",\"url\":\"https:\/\/www.tugraz-verlag.at\/en\/gesamtverzeichnis\/maschinenbau-und-wirtschaftswissenschaften\/mehr-als-nur-gruen-wie-wissenschaft-und-wirtschaft-impulse-fuer-nachhaltigkeit-in-all-ihren-dimensionen-geben-koennen-ebook\/\",\"name\":\"Mehr als nur \\\"gr\u00fcn\\\": Wie Wissenschaft und Wirtschaft Impulse f\u00fcr Nachhaltigkeit in all Ihren Dimensionen geben k\u00f6nnen - Verlag der TU Graz\",\"isPartOf\":{\"@id\":\"https:\/\/www.tugraz-verlag.at\/en\/#website\"},\"primaryImageOfPage\":{\"@id\":\"https:\/\/www.tugraz-verlag.at\/en\/gesamtverzeichnis\/maschinenbau-und-wirtschaftswissenschaften\/mehr-als-nur-gruen-wie-wissenschaft-und-wirtschaft-impulse-fuer-nachhaltigkeit-in-all-ihren-dimensionen-geben-koennen-ebook\/#primaryimage\"},\"image\":{\"@id\":\"https:\/\/www.tugraz-verlag.at\/gesamtverzeichnis\/maschinenbau-und-wirtschaftswissenschaften\/mehr-als-nur-gruen-wie-wissenschaft-und-wirtschaft-impulse-fuer-nachhaltigkeit-in-all-ihren-dimensionen-geben-koennen-ebook\/#primaryimage\"},\"thumbnailUrl\":\"https:\/\/www.tugraz-verlag.at\/wp-content\/uploads\/asolmerce\/image-1325.jpg\",\"datePublished\":\"2026-03-28T07:34:29+00:00\",\"dateModified\":\"2026-03-28T09:35:29+00:00\",\"breadcrumb\":{\"@id\":\"https:\/\/www.tugraz-verlag.at\/en\/gesamtverzeichnis\/maschinenbau-und-wirtschaftswissenschaften\/mehr-als-nur-gruen-wie-wissenschaft-und-wirtschaft-impulse-fuer-nachhaltigkeit-in-all-ihren-dimensionen-geben-koennen-ebook\/#breadcrumb\"},\"inLanguage\":\"en-US\",\"potentialAction\":[{\"@type\":\"ReadAction\",\"target\":[[\"https:\/\/www.tugraz-verlag.at\/en\/gesamtverzeichnis\/maschinenbau-und-wirtschaftswissenschaften\/mehr-als-nur-gruen-wie-wissenschaft-und-wirtschaft-impulse-fuer-nachhaltigkeit-in-all-ihren-dimensionen-geben-koennen-ebook\/\"]]}]},{\"@type\":\"ImageObject\",\"inLanguage\":\"en-US\",\"@id\":\"https:\/\/www.tugraz-verlag.at\/en\/gesamtverzeichnis\/maschinenbau-und-wirtschaftswissenschaften\/mehr-als-nur-gruen-wie-wissenschaft-und-wirtschaft-impulse-fuer-nachhaltigkeit-in-all-ihren-dimensionen-geben-koennen-ebook\/#primaryimage\",\"url\":\"https:\/\/www.tugraz-verlag.at\/wp-content\/uploads\/asolmerce\/image-1325.jpg\",\"contentUrl\":\"https:\/\/www.tugraz-verlag.at\/wp-content\/uploads\/asolmerce\/image-1325.jpg\",\"width\":587,\"height\":854},{\"@type\":\"BreadcrumbList\",\"@id\":\"https:\/\/www.tugraz-verlag.at\/en\/gesamtverzeichnis\/maschinenbau-und-wirtschaftswissenschaften\/mehr-als-nur-gruen-wie-wissenschaft-und-wirtschaft-impulse-fuer-nachhaltigkeit-in-all-ihren-dimensionen-geben-koennen-ebook\/#breadcrumb\",\"itemListElement\":[{\"@type\":\"ListItem\",\"position\":1,\"name\":\"Home\",\"item\":\"https:\/\/www.tugraz-verlag.at\/en\/\"},{\"@type\":\"ListItem\",\"position\":2,\"name\":\"Gesamtverzeichnis\",\"item\":\"https:\/\/www.tugraz-verlag.at\/en\/gesamtverzeichnis\/\"},{\"@type\":\"ListItem\",\"position\":3,\"name\":\"Mehr als nur &#8220;gr\u00fcn&#8221;: Wie Wissenschaft und Wirtschaft Impulse f\u00fcr Nachhaltigkeit in all Ihren Dimensionen geben k\u00f6nnen\"}]},{\"@type\":\"WebSite\",\"@id\":\"https:\/\/www.tugraz-verlag.at\/en\/#website\",\"url\":\"https:\/\/www.tugraz-verlag.at\/en\/\",\"name\":\"Verlag der TU Graz\",\"description\":\"Verlag der Technischen Universit\u00e4t Graz\",\"potentialAction\":[{\"@type\":\"SearchAction\",\"target\":{\"@type\":\"EntryPoint\",\"urlTemplate\":\"https:\/\/www.tugraz-verlag.at\/en\/?s={search_term_string}\"},\"query-input\":{\"@type\":\"PropertyValueSpecification\",\"valueRequired\":true,\"valueName\":\"search_term_string\"}}],\"inLanguage\":\"en-US\"}]}<\/script>\n<!-- \/ Yoast SEO plugin. -->","yoast_head_json":{"title":"Mehr als nur \"gr\u00fcn\": Wie Wissenschaft und Wirtschaft Impulse f\u00fcr Nachhaltigkeit in all Ihren Dimensionen geben k\u00f6nnen - Verlag der TU Graz","robots":{"index":"index","follow":"follow","max-snippet":"max-snippet:-1","max-image-preview":"max-image-preview:large","max-video-preview":"max-video-preview:-1"},"canonical":"https:\/\/www.tugraz-verlag.at\/en\/gesamtverzeichnis\/maschinenbau-und-wirtschaftswissenschaften\/mehr-als-nur-gruen-wie-wissenschaft-und-wirtschaft-impulse-fuer-nachhaltigkeit-in-all-ihren-dimensionen-geben-koennen-ebook\/","og_locale":"en_US","og_type":"article","og_title":"Mehr als nur \"gr\u00fcn\": Wie Wissenschaft und Wirtschaft Impulse f\u00fcr Nachhaltigkeit in all Ihren Dimensionen geben k\u00f6nnen - Verlag der TU Graz","og_description":"In research and industry, sustainability in its three well-known dimensions of ecology, social affairs and economy is now much more than \"environmentally friendly thinking\" and is therefore neither luxury nor fashion, but simply indispensable for responsible and future-oriented action. Due to the breadth of the topic, it is due to the increasing specialization in the industry - again in science and business - that individuals can only have a fragmentary view of sustainability.This is where the Logistikwerkstatt 2023 comes in, by bringing together specialists and industry experts from intralogistics and production logistics with researchers from technical logistics, software technology, building services engineering and hydrogen technologies and not shying away from an ethical view of the topic.The book with explanatory texts again makes the presentations available to the readers in the tried and tested way. The results of the discussions (referred to as \"workshop\" according to the conference title) follow again in a corresponding specialist article.","og_url":"https:\/\/www.tugraz-verlag.at\/en\/gesamtverzeichnis\/maschinenbau-und-wirtschaftswissenschaften\/mehr-als-nur-gruen-wie-wissenschaft-und-wirtschaft-impulse-fuer-nachhaltigkeit-in-all-ihren-dimensionen-geben-koennen-ebook\/","og_site_name":"Verlag der TU Graz","article_modified_time":"2026-03-28T09:35:29+00:00","og_image":[{"width":587,"height":854,"url":"https:\/\/www.tugraz-verlag.at\/wp-content\/uploads\/asolmerce\/image-1325.jpg","type":"image\/jpeg"}],"twitter_card":"summary_large_image","twitter_misc":{"Est. reading time":"2 minutes"},"schema":{"@context":"https:\/\/schema.org","@graph":[{"@type":"WebPage","@id":"https:\/\/www.tugraz-verlag.at\/en\/gesamtverzeichnis\/maschinenbau-und-wirtschaftswissenschaften\/mehr-als-nur-gruen-wie-wissenschaft-und-wirtschaft-impulse-fuer-nachhaltigkeit-in-all-ihren-dimensionen-geben-koennen-ebook\/","url":"https:\/\/www.tugraz-verlag.at\/en\/gesamtverzeichnis\/maschinenbau-und-wirtschaftswissenschaften\/mehr-als-nur-gruen-wie-wissenschaft-und-wirtschaft-impulse-fuer-nachhaltigkeit-in-all-ihren-dimensionen-geben-koennen-ebook\/","name":"Mehr als nur \"gr\u00fcn\": Wie Wissenschaft und Wirtschaft Impulse f\u00fcr Nachhaltigkeit in all Ihren Dimensionen geben k\u00f6nnen - Verlag der TU Graz","isPartOf":{"@id":"https:\/\/www.tugraz-verlag.at\/en\/#website"},"primaryImageOfPage":{"@id":"https:\/\/www.tugraz-verlag.at\/en\/gesamtverzeichnis\/maschinenbau-und-wirtschaftswissenschaften\/mehr-als-nur-gruen-wie-wissenschaft-und-wirtschaft-impulse-fuer-nachhaltigkeit-in-all-ihren-dimensionen-geben-koennen-ebook\/#primaryimage"},"image":{"@id":"https:\/\/www.tugraz-verlag.at\/gesamtverzeichnis\/maschinenbau-und-wirtschaftswissenschaften\/mehr-als-nur-gruen-wie-wissenschaft-und-wirtschaft-impulse-fuer-nachhaltigkeit-in-all-ihren-dimensionen-geben-koennen-ebook\/#primaryimage"},"thumbnailUrl":"https:\/\/www.tugraz-verlag.at\/wp-content\/uploads\/asolmerce\/image-1325.jpg","datePublished":"2026-03-28T07:34:29+00:00","dateModified":"2026-03-28T09:35:29+00:00","breadcrumb":{"@id":"https:\/\/www.tugraz-verlag.at\/en\/gesamtverzeichnis\/maschinenbau-und-wirtschaftswissenschaften\/mehr-als-nur-gruen-wie-wissenschaft-und-wirtschaft-impulse-fuer-nachhaltigkeit-in-all-ihren-dimensionen-geben-koennen-ebook\/#breadcrumb"},"inLanguage":"en-US","potentialAction":[{"@type":"ReadAction","target":[["https:\/\/www.tugraz-verlag.at\/en\/gesamtverzeichnis\/maschinenbau-und-wirtschaftswissenschaften\/mehr-als-nur-gruen-wie-wissenschaft-und-wirtschaft-impulse-fuer-nachhaltigkeit-in-all-ihren-dimensionen-geben-koennen-ebook\/"]]}]},{"@type":"ImageObject","inLanguage":"en-US","@id":"https:\/\/www.tugraz-verlag.at\/en\/gesamtverzeichnis\/maschinenbau-und-wirtschaftswissenschaften\/mehr-als-nur-gruen-wie-wissenschaft-und-wirtschaft-impulse-fuer-nachhaltigkeit-in-all-ihren-dimensionen-geben-koennen-ebook\/#primaryimage","url":"https:\/\/www.tugraz-verlag.at\/wp-content\/uploads\/asolmerce\/image-1325.jpg","contentUrl":"https:\/\/www.tugraz-verlag.at\/wp-content\/uploads\/asolmerce\/image-1325.jpg","width":587,"height":854},{"@type":"BreadcrumbList","@id":"https:\/\/www.tugraz-verlag.at\/en\/gesamtverzeichnis\/maschinenbau-und-wirtschaftswissenschaften\/mehr-als-nur-gruen-wie-wissenschaft-und-wirtschaft-impulse-fuer-nachhaltigkeit-in-all-ihren-dimensionen-geben-koennen-ebook\/#breadcrumb","itemListElement":[{"@type":"ListItem","position":1,"name":"Home","item":"https:\/\/www.tugraz-verlag.at\/en\/"},{"@type":"ListItem","position":2,"name":"Gesamtverzeichnis","item":"https:\/\/www.tugraz-verlag.at\/en\/gesamtverzeichnis\/"},{"@type":"ListItem","position":3,"name":"Mehr als nur &#8220;gr\u00fcn&#8221;: Wie Wissenschaft und Wirtschaft Impulse f\u00fcr Nachhaltigkeit in all Ihren Dimensionen geben k\u00f6nnen"}]},{"@type":"WebSite","@id":"https:\/\/www.tugraz-verlag.at\/en\/#website","url":"https:\/\/www.tugraz-verlag.at\/en\/","name":"Verlag der TU Graz","description":"Verlag der Technischen Universit\u00e4t Graz","potentialAction":[{"@type":"SearchAction","target":{"@type":"EntryPoint","urlTemplate":"https:\/\/www.tugraz-verlag.at\/en\/?s={search_term_string}"},"query-input":{"@type":"PropertyValueSpecification","valueRequired":true,"valueName":"search_term_string"}}],"inLanguage":"en-US"}]}},"_links":{"self":[{"href":"https:\/\/www.tugraz-verlag.at\/en\/wp-json\/wp\/v2\/product\/42646","targetHints":{"allow":["GET"]}}],"collection":[{"href":"https:\/\/www.tugraz-verlag.at\/en\/wp-json\/wp\/v2\/product"}],"about":[{"href":"https:\/\/www.tugraz-verlag.at\/en\/wp-json\/wp\/v2\/types\/product"}],"replies":[{"embeddable":true,"href":"https:\/\/www.tugraz-verlag.at\/en\/wp-json\/wp\/v2\/comments?post=42646"}],"wp:featuredmedia":[{"embeddable":true,"href":"https:\/\/www.tugraz-verlag.at\/en\/wp-json\/wp\/v2\/media\/42647"}],"wp:attachment":[{"href":"https:\/\/www.tugraz-verlag.at\/en\/wp-json\/wp\/v2\/media?parent=42646"}],"wp:term":[{"taxonomy":"product_brand","embeddable":true,"href":"https:\/\/www.tugraz-verlag.at\/en\/wp-json\/wp\/v2\/product_brand?post=42646"},{"taxonomy":"product_cat","embeddable":true,"href":"https:\/\/www.tugraz-verlag.at\/en\/wp-json\/wp\/v2\/product_cat?post=42646"},{"taxonomy":"product_tag","embeddable":true,"href":"https:\/\/www.tugraz-verlag.at\/en\/wp-json\/wp\/v2\/product_tag?post=42646"}],"curies":[{"name":"wp","href":"https:\/\/api.w.org\/{rel}","templated":true}]}}