{"id":42288,"date":"2026-03-28T07:34:23","date_gmt":"2026-03-28T07:34:23","guid":{"rendered":"https:\/\/www.tugraz-verlag.at\/gesamtverzeichnis\/unkategorisiert\/empty-product-container-3\/"},"modified":"2026-03-28T11:35:23","modified_gmt":"2026-03-28T09:35:23","slug":"21-grazer-baubetriebs-und-bauwirtschaftssymposium-tagungsband-2023","status":"publish","type":"product","link":"https:\/\/www.tugraz-verlag.at\/en\/gesamtverzeichnis\/bauingenieurwissenschaften\/21-grazer-baubetriebs-und-bauwirtschaftssymposium-tagungsband-2023\/","title":{"rendered":"21. Grazer Baubetriebs- und Bauwirtschaftssymposium, Tagungsband 2023"},"content":{"rendered":"<p class=\"qtranxs-available-languages-message qtranxs-available-languages-message-en\">This entry is only available in German<\/p><p><\/p>\n<div>Bei der Ausschreibung und Auftragsvergabe stellt sich bereits die Frage nach kalkulierbaren und unkalkulierbaren Risiken sowie deren \u00dcbertragung auf andere Projektbeteiligte. Eine wesentliche Rolle spielt dabei die Planungs- und Ausschreibungsreife. Gibt es Grenzen f\u00fcr ungerechtfertigte Mehrkostenforderungen? Welche Wirkung haben Produktivit\u00e4tsverluste und ab wann sind Leistungsabweichungen\/St\u00f6rungen erkennbar? Wie sieht ein Einzelnachweis in Deutschland aus und ist dieser in \u00d6sterreich \u00fcberhaupt erforderlich? Welche Mehrkosten werden erst nach Leistungserbringung erkennbar? Bleiben am Ende immer 50 % der Forderung \u00fcbrig?<\/div>\n<div>Diese und andere Fragestellungen hat das Institut f\u00fcr Baubetrieb und Bauwirtschaft der TU Graz zum Anlass genommen, um im Rahmen des 21. Grazer Baubetriebs- und Bauwirtschaftssymposiums die zum Teil kontroversen Ans\u00e4tze und Meinungen zum Thema \u201eBerechtigte und unberechtigte Mehrkostenforderungen \u2013 Wo liegen die Grenzen?\u201c zur Diskussion zu stellen.&nbsp;<\/div>\n<div>Die Ansichten und Ergebnisse der Referentinnen und Referenten werden im vorliegenden Ta-gungsband ausgef\u00fchrt. Neben den baubetrieblichen und bauwirtschaftlichen Aspekten werden auch bauvertragsrechtliche Themen aufgegriffen. Erg\u00e4nzt werden diese Ausf\u00fchrungen durch aktuelle Beitr\u00e4ge aus der baubetrieblichen, bauwirtschaftlichen und baurechtlichen Forschung.<\/div>\n<p><\/p>","protected":false},"excerpt":{"rendered":"<p class=\"qtranxs-available-languages-message qtranxs-available-languages-message-en\">This entry is only available in German<\/p>\n<div>Bei der Ausschreibung und Auftragsvergabe stellt sich bereits die Frage nach kalkulierbaren und unkalkulierbaren Risiken sowie deren \u00dcbertragung auf andere Projektbeteiligte. Eine wesentliche Rolle spielt dabei die Planungs- und Ausschreibungsreife. Gibt es Grenzen f\u00fcr ungerechtfertigte Mehrkostenforderungen? Welche Wirkung haben Produktivit\u00e4tsverluste und ab wann sind Leistungsabweichungen\/St\u00f6rungen erkennbar? Wie sieht ein Einzelnachweis in Deutschland aus und ist dieser in \u00d6sterreich \u00fcberhaupt erforderlich? Welche Mehrkosten werden erst nach Leistungserbringung erkennbar? Bleiben am Ende immer 50 % der Forderung \u00fcbrig?<\/div>\n<div>Diese und andere Fragestellungen hat das Institut f\u00fcr Baubetrieb und Bauwirtschaft der TU Graz zum Anlass genommen, um im Rahmen des 21. Grazer Baubetriebs- und Bauwirtschaftssymposiums die zum Teil kontroversen Ans\u00e4tze und Meinungen zum Thema \u201eBerechtigte und unberechtigte Mehrkostenforderungen \u2013 Wo liegen die Grenzen?\u201c zur Diskussion zu stellen.&nbsp;<\/div>\n<div>Die Ansichten und Ergebnisse der Referentinnen und Referenten werden im vorliegenden Ta-gungsband ausgef\u00fchrt. Neben den baubetrieblichen und bauwirtschaftlichen Aspekten werden auch bauvertragsrechtliche Themen aufgegriffen. Erg\u00e4nzt werden diese Ausf\u00fchrungen durch aktuelle Beitr\u00e4ge aus der baubetrieblichen, bauwirtschaftlichen und baurechtlichen Forschung.<\/div>\n","protected":false},"featured_media":42326,"comment_status":"closed","ping_status":"closed","template":"","meta":{"_acf_changed":false},"product_brand":[],"product_cat":[1627],"product_tag":[],"class_list":{"0":"post-42288","1":"product","2":"type-product","3":"status-publish","4":"has-post-thumbnail","6":"product_cat-bauingenieurwissenschaften","7":"autor-hofstadler-christian","8":"autor-detlef-heck-1","9":"autor-markus-kummer","11":"first","12":"instock","13":"taxable","14":"shipping-taxable","15":"purchasable","16":"product-type-simple"},"acf":[],"yoast_head":"<!-- This site is optimized with the Yoast SEO plugin v27.2 - https:\/\/yoast.com\/product\/yoast-seo-wordpress\/ -->\n<title>21. Grazer Baubetriebs- und Bauwirtschaftssymposium, Tagungsband 2023 - Verlag der TU Graz<\/title>\n<meta name=\"robots\" content=\"index, follow, max-snippet:-1, max-image-preview:large, max-video-preview:-1\" \/>\n<link rel=\"canonical\" href=\"https:\/\/www.tugraz-verlag.at\/en\/gesamtverzeichnis\/bauingenieurwissenschaften\/21-grazer-baubetriebs-und-bauwirtschaftssymposium-tagungsband-2023\/\" \/>\n<meta property=\"og:locale\" content=\"en_US\" \/>\n<meta property=\"og:type\" content=\"article\" \/>\n<meta property=\"og:title\" content=\"21. Grazer Baubetriebs- und Bauwirtschaftssymposium, Tagungsband 2023 - Verlag der TU Graz\" \/>\n<meta property=\"og:description\" content=\"Bei der Ausschreibung und Auftragsvergabe stellt sich bereits die Frage nach kalkulierbaren und unkalkulierbaren Risiken sowie deren \u00dcbertragung auf andere Projektbeteiligte. Eine wesentliche Rolle spielt dabei die Planungs- und Ausschreibungsreife. Gibt es Grenzen f\u00fcr ungerechtfertigte Mehrkostenforderungen? Welche Wirkung haben Produktivit\u00e4tsverluste und ab wann sind Leistungsabweichungen\/St\u00f6rungen erkennbar? Wie sieht ein Einzelnachweis in Deutschland aus und ist dieser in \u00d6sterreich \u00fcberhaupt erforderlich? Welche Mehrkosten werden erst nach Leistungserbringung erkennbar? Bleiben am Ende immer 50 % der Forderung \u00fcbrig?Diese und andere Fragestellungen hat das Institut f\u00fcr Baubetrieb und Bauwirtschaft der TU Graz zum Anlass genommen, um im Rahmen des 21. Grazer Baubetriebs- und Bauwirtschaftssymposiums die zum Teil kontroversen Ans\u00e4tze und Meinungen zum Thema \u201eBerechtigte und unberechtigte Mehrkostenforderungen \u2013 Wo liegen die Grenzen?\u201c zur Diskussion zu stellen.&nbsp;Die Ansichten und Ergebnisse der Referentinnen und Referenten werden im vorliegenden Ta-gungsband ausgef\u00fchrt. Neben den baubetrieblichen und bauwirtschaftlichen Aspekten werden auch bauvertragsrechtliche Themen aufgegriffen. Erg\u00e4nzt werden diese Ausf\u00fchrungen durch aktuelle Beitr\u00e4ge aus der baubetrieblichen, bauwirtschaftlichen und baurechtlichen Forschung.\" \/>\n<meta property=\"og:url\" content=\"https:\/\/www.tugraz-verlag.at\/en\/gesamtverzeichnis\/bauingenieurwissenschaften\/21-grazer-baubetriebs-und-bauwirtschaftssymposium-tagungsband-2023\/\" \/>\n<meta property=\"og:site_name\" content=\"Verlag der TU Graz\" \/>\n<meta property=\"article:modified_time\" content=\"2026-03-28T09:35:23+00:00\" \/>\n<meta property=\"og:image\" content=\"https:\/\/www.tugraz-verlag.at\/wp-content\/uploads\/asolmerce\/image-978-3-85125-947-6.jpg\" \/>\n\t<meta property=\"og:image:width\" content=\"455\" \/>\n\t<meta property=\"og:image:height\" content=\"642\" \/>\n\t<meta property=\"og:image:type\" content=\"image\/jpeg\" \/>\n<meta name=\"twitter:card\" content=\"summary_large_image\" \/>\n<meta name=\"twitter:label1\" content=\"Est. reading time\" \/>\n\t<meta name=\"twitter:data1\" content=\"1 minute\" \/>\n<script type=\"application\/ld+json\" class=\"yoast-schema-graph\">{\"@context\":\"https:\/\/schema.org\",\"@graph\":[{\"@type\":\"WebPage\",\"@id\":\"https:\/\/www.tugraz-verlag.at\/en\/gesamtverzeichnis\/bauingenieurwissenschaften\/21-grazer-baubetriebs-und-bauwirtschaftssymposium-tagungsband-2023\/\",\"url\":\"https:\/\/www.tugraz-verlag.at\/en\/gesamtverzeichnis\/bauingenieurwissenschaften\/21-grazer-baubetriebs-und-bauwirtschaftssymposium-tagungsband-2023\/\",\"name\":\"21. Grazer Baubetriebs- und Bauwirtschaftssymposium, Tagungsband 2023 - Verlag der TU Graz\",\"isPartOf\":{\"@id\":\"https:\/\/www.tugraz-verlag.at\/en\/#website\"},\"primaryImageOfPage\":{\"@id\":\"https:\/\/www.tugraz-verlag.at\/en\/gesamtverzeichnis\/bauingenieurwissenschaften\/21-grazer-baubetriebs-und-bauwirtschaftssymposium-tagungsband-2023\/#primaryimage\"},\"image\":{\"@id\":\"https:\/\/www.tugraz-verlag.at\/en\/gesamtverzeichnis\/bauingenieurwissenschaften\/21-grazer-baubetriebs-und-bauwirtschaftssymposium-tagungsband-2023\/#primaryimage\"},\"thumbnailUrl\":\"https:\/\/www.tugraz-verlag.at\/wp-content\/uploads\/asolmerce\/image-978-3-85125-947-6.jpg\",\"datePublished\":\"2026-03-28T07:34:23+00:00\",\"dateModified\":\"2026-03-28T09:35:23+00:00\",\"breadcrumb\":{\"@id\":\"https:\/\/www.tugraz-verlag.at\/en\/gesamtverzeichnis\/bauingenieurwissenschaften\/21-grazer-baubetriebs-und-bauwirtschaftssymposium-tagungsband-2023\/#breadcrumb\"},\"inLanguage\":\"en-US\",\"potentialAction\":[{\"@type\":\"ReadAction\",\"target\":[[\"https:\/\/www.tugraz-verlag.at\/en\/gesamtverzeichnis\/bauingenieurwissenschaften\/21-grazer-baubetriebs-und-bauwirtschaftssymposium-tagungsband-2023\/\"]]}]},{\"@type\":\"ImageObject\",\"inLanguage\":\"en-US\",\"@id\":\"https:\/\/www.tugraz-verlag.at\/en\/gesamtverzeichnis\/bauingenieurwissenschaften\/21-grazer-baubetriebs-und-bauwirtschaftssymposium-tagungsband-2023\/#primaryimage\",\"url\":\"https:\/\/www.tugraz-verlag.at\/wp-content\/uploads\/asolmerce\/image-978-3-85125-947-6.jpg\",\"contentUrl\":\"https:\/\/www.tugraz-verlag.at\/wp-content\/uploads\/asolmerce\/image-978-3-85125-947-6.jpg\",\"width\":455,\"height\":642},{\"@type\":\"BreadcrumbList\",\"@id\":\"https:\/\/www.tugraz-verlag.at\/en\/gesamtverzeichnis\/bauingenieurwissenschaften\/21-grazer-baubetriebs-und-bauwirtschaftssymposium-tagungsband-2023\/#breadcrumb\",\"itemListElement\":[{\"@type\":\"ListItem\",\"position\":1,\"name\":\"Home\",\"item\":\"https:\/\/www.tugraz-verlag.at\/en\/\"},{\"@type\":\"ListItem\",\"position\":2,\"name\":\"Gesamtverzeichnis\",\"item\":\"https:\/\/www.tugraz-verlag.at\/en\/gesamtverzeichnis\/\"},{\"@type\":\"ListItem\",\"position\":3,\"name\":\"21. Grazer Baubetriebs- und Bauwirtschaftssymposium, Tagungsband 2023\"}]},{\"@type\":\"WebSite\",\"@id\":\"https:\/\/www.tugraz-verlag.at\/en\/#website\",\"url\":\"https:\/\/www.tugraz-verlag.at\/en\/\",\"name\":\"Verlag der TU Graz\",\"description\":\"Verlag der Technischen Universit\u00e4t Graz\",\"potentialAction\":[{\"@type\":\"SearchAction\",\"target\":{\"@type\":\"EntryPoint\",\"urlTemplate\":\"https:\/\/www.tugraz-verlag.at\/en\/?s={search_term_string}\"},\"query-input\":{\"@type\":\"PropertyValueSpecification\",\"valueRequired\":true,\"valueName\":\"search_term_string\"}}],\"inLanguage\":\"en-US\"}]}<\/script>\n<!-- \/ Yoast SEO plugin. -->","yoast_head_json":{"title":"21. Grazer Baubetriebs- und Bauwirtschaftssymposium, Tagungsband 2023 - Verlag der TU Graz","robots":{"index":"index","follow":"follow","max-snippet":"max-snippet:-1","max-image-preview":"max-image-preview:large","max-video-preview":"max-video-preview:-1"},"canonical":"https:\/\/www.tugraz-verlag.at\/en\/gesamtverzeichnis\/bauingenieurwissenschaften\/21-grazer-baubetriebs-und-bauwirtschaftssymposium-tagungsband-2023\/","og_locale":"en_US","og_type":"article","og_title":"21. Grazer Baubetriebs- und Bauwirtschaftssymposium, Tagungsband 2023 - Verlag der TU Graz","og_description":"Bei der Ausschreibung und Auftragsvergabe stellt sich bereits die Frage nach kalkulierbaren und unkalkulierbaren Risiken sowie deren \u00dcbertragung auf andere Projektbeteiligte. Eine wesentliche Rolle spielt dabei die Planungs- und Ausschreibungsreife. Gibt es Grenzen f\u00fcr ungerechtfertigte Mehrkostenforderungen? Welche Wirkung haben Produktivit\u00e4tsverluste und ab wann sind Leistungsabweichungen\/St\u00f6rungen erkennbar? Wie sieht ein Einzelnachweis in Deutschland aus und ist dieser in \u00d6sterreich \u00fcberhaupt erforderlich? Welche Mehrkosten werden erst nach Leistungserbringung erkennbar? Bleiben am Ende immer 50 % der Forderung \u00fcbrig?Diese und andere Fragestellungen hat das Institut f\u00fcr Baubetrieb und Bauwirtschaft der TU Graz zum Anlass genommen, um im Rahmen des 21. Grazer Baubetriebs- und Bauwirtschaftssymposiums die zum Teil kontroversen Ans\u00e4tze und Meinungen zum Thema \u201eBerechtigte und unberechtigte Mehrkostenforderungen \u2013 Wo liegen die Grenzen?\u201c zur Diskussion zu stellen.&nbsp;Die Ansichten und Ergebnisse der Referentinnen und Referenten werden im vorliegenden Ta-gungsband ausgef\u00fchrt. Neben den baubetrieblichen und bauwirtschaftlichen Aspekten werden auch bauvertragsrechtliche Themen aufgegriffen. Erg\u00e4nzt werden diese Ausf\u00fchrungen durch aktuelle Beitr\u00e4ge aus der baubetrieblichen, bauwirtschaftlichen und baurechtlichen Forschung.","og_url":"https:\/\/www.tugraz-verlag.at\/en\/gesamtverzeichnis\/bauingenieurwissenschaften\/21-grazer-baubetriebs-und-bauwirtschaftssymposium-tagungsband-2023\/","og_site_name":"Verlag der TU Graz","article_modified_time":"2026-03-28T09:35:23+00:00","og_image":[{"width":455,"height":642,"url":"https:\/\/www.tugraz-verlag.at\/wp-content\/uploads\/asolmerce\/image-978-3-85125-947-6.jpg","type":"image\/jpeg"}],"twitter_card":"summary_large_image","twitter_misc":{"Est. reading time":"1 minute"},"schema":{"@context":"https:\/\/schema.org","@graph":[{"@type":"WebPage","@id":"https:\/\/www.tugraz-verlag.at\/en\/gesamtverzeichnis\/bauingenieurwissenschaften\/21-grazer-baubetriebs-und-bauwirtschaftssymposium-tagungsband-2023\/","url":"https:\/\/www.tugraz-verlag.at\/en\/gesamtverzeichnis\/bauingenieurwissenschaften\/21-grazer-baubetriebs-und-bauwirtschaftssymposium-tagungsband-2023\/","name":"21. Grazer Baubetriebs- und Bauwirtschaftssymposium, Tagungsband 2023 - Verlag der TU Graz","isPartOf":{"@id":"https:\/\/www.tugraz-verlag.at\/en\/#website"},"primaryImageOfPage":{"@id":"https:\/\/www.tugraz-verlag.at\/en\/gesamtverzeichnis\/bauingenieurwissenschaften\/21-grazer-baubetriebs-und-bauwirtschaftssymposium-tagungsband-2023\/#primaryimage"},"image":{"@id":"https:\/\/www.tugraz-verlag.at\/en\/gesamtverzeichnis\/bauingenieurwissenschaften\/21-grazer-baubetriebs-und-bauwirtschaftssymposium-tagungsband-2023\/#primaryimage"},"thumbnailUrl":"https:\/\/www.tugraz-verlag.at\/wp-content\/uploads\/asolmerce\/image-978-3-85125-947-6.jpg","datePublished":"2026-03-28T07:34:23+00:00","dateModified":"2026-03-28T09:35:23+00:00","breadcrumb":{"@id":"https:\/\/www.tugraz-verlag.at\/en\/gesamtverzeichnis\/bauingenieurwissenschaften\/21-grazer-baubetriebs-und-bauwirtschaftssymposium-tagungsband-2023\/#breadcrumb"},"inLanguage":"en-US","potentialAction":[{"@type":"ReadAction","target":[["https:\/\/www.tugraz-verlag.at\/en\/gesamtverzeichnis\/bauingenieurwissenschaften\/21-grazer-baubetriebs-und-bauwirtschaftssymposium-tagungsband-2023\/"]]}]},{"@type":"ImageObject","inLanguage":"en-US","@id":"https:\/\/www.tugraz-verlag.at\/en\/gesamtverzeichnis\/bauingenieurwissenschaften\/21-grazer-baubetriebs-und-bauwirtschaftssymposium-tagungsband-2023\/#primaryimage","url":"https:\/\/www.tugraz-verlag.at\/wp-content\/uploads\/asolmerce\/image-978-3-85125-947-6.jpg","contentUrl":"https:\/\/www.tugraz-verlag.at\/wp-content\/uploads\/asolmerce\/image-978-3-85125-947-6.jpg","width":455,"height":642},{"@type":"BreadcrumbList","@id":"https:\/\/www.tugraz-verlag.at\/en\/gesamtverzeichnis\/bauingenieurwissenschaften\/21-grazer-baubetriebs-und-bauwirtschaftssymposium-tagungsband-2023\/#breadcrumb","itemListElement":[{"@type":"ListItem","position":1,"name":"Home","item":"https:\/\/www.tugraz-verlag.at\/en\/"},{"@type":"ListItem","position":2,"name":"Gesamtverzeichnis","item":"https:\/\/www.tugraz-verlag.at\/en\/gesamtverzeichnis\/"},{"@type":"ListItem","position":3,"name":"21. Grazer Baubetriebs- und Bauwirtschaftssymposium, Tagungsband 2023"}]},{"@type":"WebSite","@id":"https:\/\/www.tugraz-verlag.at\/en\/#website","url":"https:\/\/www.tugraz-verlag.at\/en\/","name":"Verlag der TU Graz","description":"Verlag der Technischen Universit\u00e4t Graz","potentialAction":[{"@type":"SearchAction","target":{"@type":"EntryPoint","urlTemplate":"https:\/\/www.tugraz-verlag.at\/en\/?s={search_term_string}"},"query-input":{"@type":"PropertyValueSpecification","valueRequired":true,"valueName":"search_term_string"}}],"inLanguage":"en-US"}]}},"_links":{"self":[{"href":"https:\/\/www.tugraz-verlag.at\/en\/wp-json\/wp\/v2\/product\/42288","targetHints":{"allow":["GET"]}}],"collection":[{"href":"https:\/\/www.tugraz-verlag.at\/en\/wp-json\/wp\/v2\/product"}],"about":[{"href":"https:\/\/www.tugraz-verlag.at\/en\/wp-json\/wp\/v2\/types\/product"}],"replies":[{"embeddable":true,"href":"https:\/\/www.tugraz-verlag.at\/en\/wp-json\/wp\/v2\/comments?post=42288"}],"wp:featuredmedia":[{"embeddable":true,"href":"https:\/\/www.tugraz-verlag.at\/en\/wp-json\/wp\/v2\/media\/42326"}],"wp:attachment":[{"href":"https:\/\/www.tugraz-verlag.at\/en\/wp-json\/wp\/v2\/media?parent=42288"}],"wp:term":[{"taxonomy":"product_brand","embeddable":true,"href":"https:\/\/www.tugraz-verlag.at\/en\/wp-json\/wp\/v2\/product_brand?post=42288"},{"taxonomy":"product_cat","embeddable":true,"href":"https:\/\/www.tugraz-verlag.at\/en\/wp-json\/wp\/v2\/product_cat?post=42288"},{"taxonomy":"product_tag","embeddable":true,"href":"https:\/\/www.tugraz-verlag.at\/en\/wp-json\/wp\/v2\/product_tag?post=42288"}],"curies":[{"name":"wp","href":"https:\/\/api.w.org\/{rel}","templated":true}]}}