{"id":41246,"date":"2026-03-28T07:33:50","date_gmt":"2026-03-28T07:33:50","guid":{"rendered":"https:\/\/www.tugraz-verlag.at\/gesamtverzeichnis\/unkategorisiert\/university-innovation-report-2021-4\/"},"modified":"2026-03-28T11:34:50","modified_gmt":"2026-03-28T09:34:50","slug":"university-innovation-report-2021-ebook","status":"publish","type":"product","link":"https:\/\/www.tugraz-verlag.at\/en\/gesamtverzeichnis\/interdiszipinaeres\/university-innovation-report-2021-ebook\/","title":{"rendered":"University Innovation Report 2021"},"content":{"rendered":"<p class=\"qtranxs-available-languages-message qtranxs-available-languages-message-en\">This entry is only available in German<\/p><p>Dieser erste University Innovation Report beschreibt sechs Innovationen aus dem Innovationsprogramm Technology Enhanced Learning (TEL) Marketplace, die das Potenzial haben, das technologiegest\u00fctzte Lernen an der Universit\u00e4t von heute zu ver\u00e4ndern. Zudem werden 17 neue Innovationen aus dem Technology Enhanced Learning (TEL), Technology Enhanced Administration (TEA) und Research Data Management (RDM) Marketplace vorgestellt, die das Potenzial haben, technologiegest\u00fctztes Lernen, Verwaltung und Forschung an der Universit\u00e4t von morgen zu ver\u00e4ndern. Dar\u00fcber hinaus beschreibt der Report das Innovationsprogramm sowie entsprechende Methoden und Events. Alle Inhalte wurden in Zusammenarbeit mit den Studierenden, den Lehrenden, den Forschenden, dem allgemeinen Personal und dem Marketplace-Team der TU Graz entwickelt.<\/p>","protected":false},"excerpt":{"rendered":"<p class=\"qtranxs-available-languages-message qtranxs-available-languages-message-en\">This entry is only available in German<\/p>\n<p>Dieser erste University Innovation Report beschreibt sechs Innovationen aus dem Innovationsprogramm Technology Enhanced Learning (TEL) Marketplace, die das Potenzial haben, das technologiegest\u00fctzte Lernen an der Universit\u00e4t von heute zu ver\u00e4ndern. Zudem werden 17 neue Innovationen aus dem Technology Enhanced Learning (TEL), Technology Enhanced Administration (TEA) und Research Data Management (RDM) Marketplace vorgestellt, die das Potenzial haben, technologiegest\u00fctztes Lernen, Verwaltung und Forschung an der Universit\u00e4t von morgen zu ver\u00e4ndern. Dar\u00fcber hinaus beschreibt der Report das Innovationsprogramm sowie entsprechende Methoden und Events. Alle Inhalte wurden in Zusammenarbeit mit den Studierenden, den Lehrenden, den Forschenden, dem allgemeinen Personal und dem Marketplace-Team der TU Graz entwickelt.<\/p>\n","protected":false},"featured_media":41247,"comment_status":"closed","ping_status":"closed","template":"","meta":{"_acf_changed":false},"product_brand":[],"product_cat":[1633],"product_tag":[3654],"class_list":{"0":"post-41246","1":"product","2":"type-product","3":"status-publish","4":"has-post-thumbnail","6":"product_cat-interdiszipinaeres","7":"product_tag-university-innovation-report-marketplace","8":"autor-katharina-maitz","9":"autor-markus-ebner","10":"autor-martin-ebner","11":"autor-philomena-sluga","12":"autor-sebastian-maximilian-dennerlein","13":"autor-thomas-veider","14":"autor-viktoria-pammer-schindler","16":"first","17":"instock","18":"downloadable","19":"virtual","20":"taxable","21":"product-type-simple"},"acf":[],"yoast_head":"<!-- This site is optimized with the Yoast SEO plugin v27.2 - https:\/\/yoast.com\/product\/yoast-seo-wordpress\/ -->\n<title>University Innovation Report 2021 - Verlag der TU Graz<\/title>\n<meta name=\"robots\" content=\"index, follow, max-snippet:-1, max-image-preview:large, max-video-preview:-1\" \/>\n<link rel=\"canonical\" href=\"https:\/\/www.tugraz-verlag.at\/en\/gesamtverzeichnis\/interdiszipinaeres\/university-innovation-report-2021-ebook\/\" \/>\n<meta property=\"og:locale\" content=\"en_US\" \/>\n<meta property=\"og:type\" content=\"article\" \/>\n<meta property=\"og:title\" content=\"University Innovation Report 2021 - Verlag der TU Graz\" \/>\n<meta property=\"og:description\" content=\"Dieser erste University Innovation Report beschreibt sechs Innovationen aus dem Innovationsprogramm Technology Enhanced Learning (TEL) Marketplace, die das Potenzial haben, das technologiegest\u00fctzte Lernen an der Universit\u00e4t von heute zu ver\u00e4ndern. Zudem werden 17 neue Innovationen aus dem Technology Enhanced Learning (TEL), Technology Enhanced Administration (TEA) und Research Data Management (RDM) Marketplace vorgestellt, die das Potenzial haben, technologiegest\u00fctztes Lernen, Verwaltung und Forschung an der Universit\u00e4t von morgen zu ver\u00e4ndern. Dar\u00fcber hinaus beschreibt der Report das Innovationsprogramm sowie entsprechende Methoden und Events. Alle Inhalte wurden in Zusammenarbeit mit den Studierenden, den Lehrenden, den Forschenden, dem allgemeinen Personal und dem Marketplace-Team der TU Graz entwickelt.\" \/>\n<meta property=\"og:url\" content=\"https:\/\/www.tugraz-verlag.at\/en\/gesamtverzeichnis\/interdiszipinaeres\/university-innovation-report-2021-ebook\/\" \/>\n<meta property=\"og:site_name\" content=\"Verlag der TU Graz\" \/>\n<meta property=\"article:modified_time\" content=\"2026-03-28T09:34:50+00:00\" \/>\n<meta property=\"og:image\" content=\"https:\/\/www.tugraz-verlag.at\/wp-content\/uploads\/asolmerce\/image-1186.jpg\" \/>\n\t<meta property=\"og:image:width\" content=\"618\" \/>\n\t<meta property=\"og:image:height\" content=\"871\" \/>\n\t<meta property=\"og:image:type\" content=\"image\/jpeg\" \/>\n<meta name=\"twitter:card\" content=\"summary_large_image\" \/>\n<meta name=\"twitter:label1\" content=\"Est. reading time\" \/>\n\t<meta name=\"twitter:data1\" content=\"1 minute\" \/>\n<script type=\"application\/ld+json\" class=\"yoast-schema-graph\">{\"@context\":\"https:\/\/schema.org\",\"@graph\":[{\"@type\":\"WebPage\",\"@id\":\"https:\/\/www.tugraz-verlag.at\/en\/gesamtverzeichnis\/interdiszipinaeres\/university-innovation-report-2021-ebook\/\",\"url\":\"https:\/\/www.tugraz-verlag.at\/en\/gesamtverzeichnis\/interdiszipinaeres\/university-innovation-report-2021-ebook\/\",\"name\":\"University Innovation Report 2021 - Verlag der TU Graz\",\"isPartOf\":{\"@id\":\"https:\/\/www.tugraz-verlag.at\/en\/#website\"},\"primaryImageOfPage\":{\"@id\":\"https:\/\/www.tugraz-verlag.at\/en\/gesamtverzeichnis\/interdiszipinaeres\/university-innovation-report-2021-ebook\/#primaryimage\"},\"image\":{\"@id\":\"https:\/\/www.tugraz-verlag.at\/gesamtverzeichnis\/interdiszipinaeres\/university-innovation-report-2021-ebook\/#primaryimage\"},\"thumbnailUrl\":\"https:\/\/www.tugraz-verlag.at\/wp-content\/uploads\/asolmerce\/image-1186.jpg\",\"datePublished\":\"2026-03-28T07:33:50+00:00\",\"dateModified\":\"2026-03-28T09:34:50+00:00\",\"breadcrumb\":{\"@id\":\"https:\/\/www.tugraz-verlag.at\/en\/gesamtverzeichnis\/interdiszipinaeres\/university-innovation-report-2021-ebook\/#breadcrumb\"},\"inLanguage\":\"en-US\",\"potentialAction\":[{\"@type\":\"ReadAction\",\"target\":[[\"https:\/\/www.tugraz-verlag.at\/en\/gesamtverzeichnis\/interdiszipinaeres\/university-innovation-report-2021-ebook\/\"]]}]},{\"@type\":\"ImageObject\",\"inLanguage\":\"en-US\",\"@id\":\"https:\/\/www.tugraz-verlag.at\/en\/gesamtverzeichnis\/interdiszipinaeres\/university-innovation-report-2021-ebook\/#primaryimage\",\"url\":\"https:\/\/www.tugraz-verlag.at\/wp-content\/uploads\/asolmerce\/image-1186.jpg\",\"contentUrl\":\"https:\/\/www.tugraz-verlag.at\/wp-content\/uploads\/asolmerce\/image-1186.jpg\",\"width\":618,\"height\":871},{\"@type\":\"BreadcrumbList\",\"@id\":\"https:\/\/www.tugraz-verlag.at\/en\/gesamtverzeichnis\/interdiszipinaeres\/university-innovation-report-2021-ebook\/#breadcrumb\",\"itemListElement\":[{\"@type\":\"ListItem\",\"position\":1,\"name\":\"Home\",\"item\":\"https:\/\/www.tugraz-verlag.at\/en\/\"},{\"@type\":\"ListItem\",\"position\":2,\"name\":\"Gesamtverzeichnis\",\"item\":\"https:\/\/www.tugraz-verlag.at\/en\/gesamtverzeichnis\/\"},{\"@type\":\"ListItem\",\"position\":3,\"name\":\"University Innovation Report 2021\"}]},{\"@type\":\"WebSite\",\"@id\":\"https:\/\/www.tugraz-verlag.at\/en\/#website\",\"url\":\"https:\/\/www.tugraz-verlag.at\/en\/\",\"name\":\"Verlag der TU Graz\",\"description\":\"Verlag der Technischen Universit\u00e4t Graz\",\"potentialAction\":[{\"@type\":\"SearchAction\",\"target\":{\"@type\":\"EntryPoint\",\"urlTemplate\":\"https:\/\/www.tugraz-verlag.at\/en\/?s={search_term_string}\"},\"query-input\":{\"@type\":\"PropertyValueSpecification\",\"valueRequired\":true,\"valueName\":\"search_term_string\"}}],\"inLanguage\":\"en-US\"}]}<\/script>\n<!-- \/ Yoast SEO plugin. -->","yoast_head_json":{"title":"University Innovation Report 2021 - Verlag der TU Graz","robots":{"index":"index","follow":"follow","max-snippet":"max-snippet:-1","max-image-preview":"max-image-preview:large","max-video-preview":"max-video-preview:-1"},"canonical":"https:\/\/www.tugraz-verlag.at\/en\/gesamtverzeichnis\/interdiszipinaeres\/university-innovation-report-2021-ebook\/","og_locale":"en_US","og_type":"article","og_title":"University Innovation Report 2021 - Verlag der TU Graz","og_description":"Dieser erste University Innovation Report beschreibt sechs Innovationen aus dem Innovationsprogramm Technology Enhanced Learning (TEL) Marketplace, die das Potenzial haben, das technologiegest\u00fctzte Lernen an der Universit\u00e4t von heute zu ver\u00e4ndern. Zudem werden 17 neue Innovationen aus dem Technology Enhanced Learning (TEL), Technology Enhanced Administration (TEA) und Research Data Management (RDM) Marketplace vorgestellt, die das Potenzial haben, technologiegest\u00fctztes Lernen, Verwaltung und Forschung an der Universit\u00e4t von morgen zu ver\u00e4ndern. Dar\u00fcber hinaus beschreibt der Report das Innovationsprogramm sowie entsprechende Methoden und Events. Alle Inhalte wurden in Zusammenarbeit mit den Studierenden, den Lehrenden, den Forschenden, dem allgemeinen Personal und dem Marketplace-Team der TU Graz entwickelt.","og_url":"https:\/\/www.tugraz-verlag.at\/en\/gesamtverzeichnis\/interdiszipinaeres\/university-innovation-report-2021-ebook\/","og_site_name":"Verlag der TU Graz","article_modified_time":"2026-03-28T09:34:50+00:00","og_image":[{"width":618,"height":871,"url":"https:\/\/www.tugraz-verlag.at\/wp-content\/uploads\/asolmerce\/image-1186.jpg","type":"image\/jpeg"}],"twitter_card":"summary_large_image","twitter_misc":{"Est. reading time":"1 minute"},"schema":{"@context":"https:\/\/schema.org","@graph":[{"@type":"WebPage","@id":"https:\/\/www.tugraz-verlag.at\/en\/gesamtverzeichnis\/interdiszipinaeres\/university-innovation-report-2021-ebook\/","url":"https:\/\/www.tugraz-verlag.at\/en\/gesamtverzeichnis\/interdiszipinaeres\/university-innovation-report-2021-ebook\/","name":"University Innovation Report 2021 - Verlag der TU Graz","isPartOf":{"@id":"https:\/\/www.tugraz-verlag.at\/en\/#website"},"primaryImageOfPage":{"@id":"https:\/\/www.tugraz-verlag.at\/en\/gesamtverzeichnis\/interdiszipinaeres\/university-innovation-report-2021-ebook\/#primaryimage"},"image":{"@id":"https:\/\/www.tugraz-verlag.at\/gesamtverzeichnis\/interdiszipinaeres\/university-innovation-report-2021-ebook\/#primaryimage"},"thumbnailUrl":"https:\/\/www.tugraz-verlag.at\/wp-content\/uploads\/asolmerce\/image-1186.jpg","datePublished":"2026-03-28T07:33:50+00:00","dateModified":"2026-03-28T09:34:50+00:00","breadcrumb":{"@id":"https:\/\/www.tugraz-verlag.at\/en\/gesamtverzeichnis\/interdiszipinaeres\/university-innovation-report-2021-ebook\/#breadcrumb"},"inLanguage":"en-US","potentialAction":[{"@type":"ReadAction","target":[["https:\/\/www.tugraz-verlag.at\/en\/gesamtverzeichnis\/interdiszipinaeres\/university-innovation-report-2021-ebook\/"]]}]},{"@type":"ImageObject","inLanguage":"en-US","@id":"https:\/\/www.tugraz-verlag.at\/en\/gesamtverzeichnis\/interdiszipinaeres\/university-innovation-report-2021-ebook\/#primaryimage","url":"https:\/\/www.tugraz-verlag.at\/wp-content\/uploads\/asolmerce\/image-1186.jpg","contentUrl":"https:\/\/www.tugraz-verlag.at\/wp-content\/uploads\/asolmerce\/image-1186.jpg","width":618,"height":871},{"@type":"BreadcrumbList","@id":"https:\/\/www.tugraz-verlag.at\/en\/gesamtverzeichnis\/interdiszipinaeres\/university-innovation-report-2021-ebook\/#breadcrumb","itemListElement":[{"@type":"ListItem","position":1,"name":"Home","item":"https:\/\/www.tugraz-verlag.at\/en\/"},{"@type":"ListItem","position":2,"name":"Gesamtverzeichnis","item":"https:\/\/www.tugraz-verlag.at\/en\/gesamtverzeichnis\/"},{"@type":"ListItem","position":3,"name":"University Innovation Report 2021"}]},{"@type":"WebSite","@id":"https:\/\/www.tugraz-verlag.at\/en\/#website","url":"https:\/\/www.tugraz-verlag.at\/en\/","name":"Verlag der TU Graz","description":"Verlag der Technischen Universit\u00e4t Graz","potentialAction":[{"@type":"SearchAction","target":{"@type":"EntryPoint","urlTemplate":"https:\/\/www.tugraz-verlag.at\/en\/?s={search_term_string}"},"query-input":{"@type":"PropertyValueSpecification","valueRequired":true,"valueName":"search_term_string"}}],"inLanguage":"en-US"}]}},"_links":{"self":[{"href":"https:\/\/www.tugraz-verlag.at\/en\/wp-json\/wp\/v2\/product\/41246","targetHints":{"allow":["GET"]}}],"collection":[{"href":"https:\/\/www.tugraz-verlag.at\/en\/wp-json\/wp\/v2\/product"}],"about":[{"href":"https:\/\/www.tugraz-verlag.at\/en\/wp-json\/wp\/v2\/types\/product"}],"replies":[{"embeddable":true,"href":"https:\/\/www.tugraz-verlag.at\/en\/wp-json\/wp\/v2\/comments?post=41246"}],"wp:featuredmedia":[{"embeddable":true,"href":"https:\/\/www.tugraz-verlag.at\/en\/wp-json\/wp\/v2\/media\/41247"}],"wp:attachment":[{"href":"https:\/\/www.tugraz-verlag.at\/en\/wp-json\/wp\/v2\/media?parent=41246"}],"wp:term":[{"taxonomy":"product_brand","embeddable":true,"href":"https:\/\/www.tugraz-verlag.at\/en\/wp-json\/wp\/v2\/product_brand?post=41246"},{"taxonomy":"product_cat","embeddable":true,"href":"https:\/\/www.tugraz-verlag.at\/en\/wp-json\/wp\/v2\/product_cat?post=41246"},{"taxonomy":"product_tag","embeddable":true,"href":"https:\/\/www.tugraz-verlag.at\/en\/wp-json\/wp\/v2\/product_tag?post=41246"}],"curies":[{"name":"wp","href":"https:\/\/api.w.org\/{rel}","templated":true}]}}