{"id":41222,"date":"2026-03-28T07:33:50","date_gmt":"2026-03-28T07:33:50","guid":{"rendered":"https:\/\/www.tugraz-verlag.at\/gesamtverzeichnis\/unkategorisiert\/kombi-forum-technik-und-gesellschaft-6-7\/"},"modified":"2026-03-28T11:34:50","modified_gmt":"2026-03-28T09:34:50","slug":"die-ingenieurinnen-die-wir-in-europa-brauchen-100-jahre-gesetzlicher-schutz-des-ingenieurtitels-in-oesterreich","status":"publish","type":"product","link":"https:\/\/www.tugraz-verlag.at\/en\/gesamtverzeichnis\/uncategorized\/die-ingenieurinnen-die-wir-in-europa-brauchen-100-jahre-gesetzlicher-schutz-des-ingenieurtitels-in-oesterreich\/","title":{"rendered":"Die IngenieurINNEN, die wir in Europa brauchen \/ 100 Jahre gesetzlicher Schutz des Ingenieurtitels in \u00d6sterreich"},"content":{"rendered":"<p class=\"qtranxs-available-languages-message qtranxs-available-languages-message-en\">This entry is only available in German<\/p><p><\/p>\n<div>In den letzten Monaten der Habsburger-Monarchie und den ersten Monaten der Republik \u00d6sterreich erfolgten grundlegende Entscheidungen, die das Berufsbild der Ingenieurin und des Ingenieurs in \u00d6sterreich bis heute bestimmen: Am 14. M\u00e4rz 1917 wurde \u201edie kaiserliche Verordnung, womit die Berechtigung zur F\u00fchrung der Standesbezeichnung Ingenieur festgelegt wird\u201c im \u00f6sterreichischen Reichsgesetzblatt ver\u00f6ffentlicht. Damals wurden die technischen Hochschulen als diejenigen Einrichtungen benannt, die an ihre Absolventen (das waren zu dieser Zeit nur M\u00e4nner) den Ingenieurtitel verleihen durften. Am 7.\/22. April 1919 erm\u00f6glichte der Erlass des Unterstaatssekret\u00e4rs im Unterrichtsministerium von Deutsch-\u00d6sterreich, Otto Gl\u00f6ckel, den Frauen das uneingeschr\u00e4nkte Studium an den Technischen Hochschulen in Wien und Graz, der Hochschule f\u00fcr Bodenkultur in Wien und der Montanistischen Hochschule in Leoben, sofern \u201edie Aufnahmswerberinnen ohne jede Sch\u00e4digung und Beeintr\u00e4chtigung der m\u00e4nnlichen Studierenden nach den vorhandenen r\u00e4umlichen und wissenschaftlichen Einrichtungen der einzelnen Hochschulen Platz finden k\u00f6nnen\u201c. Zwei B\u00fccher des Forums &#8220;Technik und Gesellschaft&#8221; im Kombipaket beleuchten die Umst\u00e4nde vor etwas \u00fcber 100 Jahren und f\u00fchren durch die geschichtliche Entwicklung seit damals in die Gegenwart und Zukunft des &#8220;Ingenieurberufes&#8221; f\u00fcr M\u00e4nner und Frauen.<\/div>\n<div><\/div>\n<p><\/p>","protected":false},"excerpt":{"rendered":"<p class=\"qtranxs-available-languages-message qtranxs-available-languages-message-en\">This entry is only available in German<\/p>\n<div>In den letzten Monaten der Habsburger-Monarchie und den ersten Monaten der Republik \u00d6sterreich erfolgten grundlegende Entscheidungen, die das Berufsbild der Ingenieurin und des Ingenieurs in \u00d6sterreich bis heute bestimmen: Am 14. M\u00e4rz 1917 wurde \u201edie kaiserliche Verordnung, womit die Berechtigung zur F\u00fchrung der Standesbezeichnung Ingenieur festgelegt wird\u201c im \u00f6sterreichischen Reichsgesetzblatt ver\u00f6ffentlicht. Damals wurden die technischen Hochschulen als diejenigen Einrichtungen benannt, die an ihre Absolventen (das waren zu dieser Zeit nur M\u00e4nner) den Ingenieurtitel verleihen durften. Am 7.\/22. April 1919 erm\u00f6glichte der Erlass des Unterstaatssekret\u00e4rs im Unterrichtsministerium von Deutsch-\u00d6sterreich, Otto Gl\u00f6ckel, den Frauen das uneingeschr\u00e4nkte Studium an den Technischen Hochschulen in Wien und Graz, der Hochschule f\u00fcr Bodenkultur in Wien und der Montanistischen Hochschule in Leoben, sofern \u201edie Aufnahmswerberinnen ohne jede Sch\u00e4digung und Beeintr\u00e4chtigung der m\u00e4nnlichen Studierenden nach den vorhandenen r\u00e4umlichen und wissenschaftlichen Einrichtungen der einzelnen Hochschulen Platz finden k\u00f6nnen\u201c. Zwei B\u00fccher des Forums &#8220;Technik und Gesellschaft&#8221; im Kombipaket beleuchten die Umst\u00e4nde vor etwas \u00fcber 100 Jahren und f\u00fchren durch die geschichtliche Entwicklung seit damals in die Gegenwart und Zukunft des &#8220;Ingenieurberufes&#8221; f\u00fcr M\u00e4nner und Frauen.<\/div>\n<div><\/div>\n","protected":false},"featured_media":41224,"comment_status":"closed","ping_status":"closed","template":"","meta":{"_acf_changed":false},"product_brand":[],"product_cat":[],"product_tag":[3672],"class_list":{"0":"post-41222","1":"product","2":"type-product","3":"status-publish","4":"has-post-thumbnail","6":"product_tag-technische-universitaet-graz-ingenieurin-ingenieur-jubilaeum-oesterreich","7":"autor-tu-graz-forum-technik-und-gesellschaft-und-alumni-beziehungen","8":"reihe-forum-technik-und-gesellschaft","10":"first","11":"instock","12":"taxable","13":"shipping-taxable","14":"purchasable","15":"product-type-simple"},"acf":[],"yoast_head":"<!-- This site is optimized with the Yoast SEO plugin v27.2 - https:\/\/yoast.com\/product\/yoast-seo-wordpress\/ -->\n<title>Die IngenieurINNEN, die wir in Europa brauchen \/ 100 Jahre gesetzlicher Schutz des Ingenieurtitels in \u00d6sterreich - Verlag der TU Graz<\/title>\n<meta name=\"robots\" content=\"index, follow, max-snippet:-1, max-image-preview:large, max-video-preview:-1\" \/>\n<link rel=\"canonical\" href=\"https:\/\/www.tugraz-verlag.at\/en\/gesamtverzeichnis\/unkategorisiert\/die-ingenieurinnen-die-wir-in-europa-brauchen-100-jahre-gesetzlicher-schutz-des-ingenieurtitels-in-oesterreich\/\" \/>\n<meta property=\"og:locale\" content=\"en_US\" \/>\n<meta property=\"og:type\" content=\"article\" \/>\n<meta property=\"og:title\" content=\"Die IngenieurINNEN, die wir in Europa brauchen \/ 100 Jahre gesetzlicher Schutz des Ingenieurtitels in \u00d6sterreich - Verlag der TU Graz\" \/>\n<meta property=\"og:description\" content=\"In den letzten Monaten der Habsburger-Monarchie und den ersten Monaten der Republik \u00d6sterreich erfolgten grundlegende Entscheidungen, die das Berufsbild der Ingenieurin und des Ingenieurs in \u00d6sterreich bis heute bestimmen: Am 14. M\u00e4rz 1917 wurde \u201edie kaiserliche Verordnung, womit die Berechtigung zur F\u00fchrung der Standesbezeichnung Ingenieur festgelegt wird\u201c im \u00f6sterreichischen Reichsgesetzblatt ver\u00f6ffentlicht. Damals wurden die technischen Hochschulen als diejenigen Einrichtungen benannt, die an ihre Absolventen (das waren zu dieser Zeit nur M\u00e4nner) den Ingenieurtitel verleihen durften. Am 7.\/22. April 1919 erm\u00f6glichte der Erlass des Unterstaatssekret\u00e4rs im Unterrichtsministerium von Deutsch-\u00d6sterreich, Otto Gl\u00f6ckel, den Frauen das uneingeschr\u00e4nkte Studium an den Technischen Hochschulen in Wien und Graz, der Hochschule f\u00fcr Bodenkultur in Wien und der Montanistischen Hochschule in Leoben, sofern \u201edie Aufnahmswerberinnen ohne jede Sch\u00e4digung und Beeintr\u00e4chtigung der m\u00e4nnlichen Studierenden nach den vorhandenen r\u00e4umlichen und wissenschaftlichen Einrichtungen der einzelnen Hochschulen Platz finden k\u00f6nnen\u201c. Zwei B\u00fccher des Forums &quot;Technik und Gesellschaft&quot; im Kombipaket beleuchten die Umst\u00e4nde vor etwas \u00fcber 100 Jahren und f\u00fchren durch die geschichtliche Entwicklung seit damals in die Gegenwart und Zukunft des &quot;Ingenieurberufes&quot; f\u00fcr M\u00e4nner und Frauen.\" \/>\n<meta property=\"og:url\" content=\"https:\/\/www.tugraz-verlag.at\/en\/gesamtverzeichnis\/unkategorisiert\/die-ingenieurinnen-die-wir-in-europa-brauchen-100-jahre-gesetzlicher-schutz-des-ingenieurtitels-in-oesterreich\/\" \/>\n<meta property=\"og:site_name\" content=\"Verlag der TU Graz\" \/>\n<meta property=\"article:modified_time\" content=\"2026-03-28T09:34:50+00:00\" \/>\n<meta property=\"og:image\" content=\"https:\/\/www.tugraz-verlag.at\/wp-content\/uploads\/asolmerce\/image-978-3-85125-839-4.jpg\" \/>\n\t<meta property=\"og:image:width\" content=\"1367\" \/>\n\t<meta property=\"og:image:height\" content=\"911\" \/>\n\t<meta property=\"og:image:type\" content=\"image\/jpeg\" \/>\n<meta name=\"twitter:card\" content=\"summary_large_image\" \/>\n<meta name=\"twitter:label1\" content=\"Est. reading time\" \/>\n\t<meta name=\"twitter:data1\" content=\"1 minute\" \/>\n<script type=\"application\/ld+json\" class=\"yoast-schema-graph\">{\"@context\":\"https:\/\/schema.org\",\"@graph\":[{\"@type\":\"WebPage\",\"@id\":\"https:\/\/www.tugraz-verlag.at\/en\/gesamtverzeichnis\/unkategorisiert\/die-ingenieurinnen-die-wir-in-europa-brauchen-100-jahre-gesetzlicher-schutz-des-ingenieurtitels-in-oesterreich\/\",\"url\":\"https:\/\/www.tugraz-verlag.at\/en\/gesamtverzeichnis\/unkategorisiert\/die-ingenieurinnen-die-wir-in-europa-brauchen-100-jahre-gesetzlicher-schutz-des-ingenieurtitels-in-oesterreich\/\",\"name\":\"Die IngenieurINNEN, die wir in Europa brauchen \/ 100 Jahre gesetzlicher Schutz des Ingenieurtitels in \u00d6sterreich - Verlag der TU Graz\",\"isPartOf\":{\"@id\":\"https:\/\/www.tugraz-verlag.at\/en\/#website\"},\"primaryImageOfPage\":{\"@id\":\"https:\/\/www.tugraz-verlag.at\/en\/gesamtverzeichnis\/unkategorisiert\/die-ingenieurinnen-die-wir-in-europa-brauchen-100-jahre-gesetzlicher-schutz-des-ingenieurtitels-in-oesterreich\/#primaryimage\"},\"image\":{\"@id\":\"https:\/\/www.tugraz-verlag.at\/gesamtverzeichnis\/unkategorisiert\/die-ingenieurinnen-die-wir-in-europa-brauchen-100-jahre-gesetzlicher-schutz-des-ingenieurtitels-in-oesterreich\/#primaryimage\"},\"thumbnailUrl\":\"https:\/\/www.tugraz-verlag.at\/wp-content\/uploads\/asolmerce\/image-978-3-85125-839-4.jpg\",\"datePublished\":\"2026-03-28T07:33:50+00:00\",\"dateModified\":\"2026-03-28T09:34:50+00:00\",\"breadcrumb\":{\"@id\":\"https:\/\/www.tugraz-verlag.at\/en\/gesamtverzeichnis\/unkategorisiert\/die-ingenieurinnen-die-wir-in-europa-brauchen-100-jahre-gesetzlicher-schutz-des-ingenieurtitels-in-oesterreich\/#breadcrumb\"},\"inLanguage\":\"en-US\",\"potentialAction\":[{\"@type\":\"ReadAction\",\"target\":[[\"https:\/\/www.tugraz-verlag.at\/en\/gesamtverzeichnis\/unkategorisiert\/die-ingenieurinnen-die-wir-in-europa-brauchen-100-jahre-gesetzlicher-schutz-des-ingenieurtitels-in-oesterreich\/\"]]}]},{\"@type\":\"ImageObject\",\"inLanguage\":\"en-US\",\"@id\":\"https:\/\/www.tugraz-verlag.at\/en\/gesamtverzeichnis\/unkategorisiert\/die-ingenieurinnen-die-wir-in-europa-brauchen-100-jahre-gesetzlicher-schutz-des-ingenieurtitels-in-oesterreich\/#primaryimage\",\"url\":\"https:\/\/www.tugraz-verlag.at\/wp-content\/uploads\/asolmerce\/image-978-3-85125-839-4.jpg\",\"contentUrl\":\"https:\/\/www.tugraz-verlag.at\/wp-content\/uploads\/asolmerce\/image-978-3-85125-839-4.jpg\",\"width\":1367,\"height\":911},{\"@type\":\"BreadcrumbList\",\"@id\":\"https:\/\/www.tugraz-verlag.at\/en\/gesamtverzeichnis\/unkategorisiert\/die-ingenieurinnen-die-wir-in-europa-brauchen-100-jahre-gesetzlicher-schutz-des-ingenieurtitels-in-oesterreich\/#breadcrumb\",\"itemListElement\":[{\"@type\":\"ListItem\",\"position\":1,\"name\":\"Home\",\"item\":\"https:\/\/www.tugraz-verlag.at\/en\/\"},{\"@type\":\"ListItem\",\"position\":2,\"name\":\"Gesamtverzeichnis\",\"item\":\"https:\/\/www.tugraz-verlag.at\/en\/gesamtverzeichnis\/\"},{\"@type\":\"ListItem\",\"position\":3,\"name\":\"Die IngenieurINNEN, die wir in Europa brauchen \/ 100 Jahre gesetzlicher Schutz des Ingenieurtitels in \u00d6sterreich\"}]},{\"@type\":\"WebSite\",\"@id\":\"https:\/\/www.tugraz-verlag.at\/en\/#website\",\"url\":\"https:\/\/www.tugraz-verlag.at\/en\/\",\"name\":\"Verlag der TU Graz\",\"description\":\"Verlag der Technischen Universit\u00e4t Graz\",\"potentialAction\":[{\"@type\":\"SearchAction\",\"target\":{\"@type\":\"EntryPoint\",\"urlTemplate\":\"https:\/\/www.tugraz-verlag.at\/en\/?s={search_term_string}\"},\"query-input\":{\"@type\":\"PropertyValueSpecification\",\"valueRequired\":true,\"valueName\":\"search_term_string\"}}],\"inLanguage\":\"en-US\"}]}<\/script>\n<!-- \/ Yoast SEO plugin. -->","yoast_head_json":{"title":"Die IngenieurINNEN, die wir in Europa brauchen \/ 100 Jahre gesetzlicher Schutz des Ingenieurtitels in \u00d6sterreich - Verlag der TU Graz","robots":{"index":"index","follow":"follow","max-snippet":"max-snippet:-1","max-image-preview":"max-image-preview:large","max-video-preview":"max-video-preview:-1"},"canonical":"https:\/\/www.tugraz-verlag.at\/en\/gesamtverzeichnis\/unkategorisiert\/die-ingenieurinnen-die-wir-in-europa-brauchen-100-jahre-gesetzlicher-schutz-des-ingenieurtitels-in-oesterreich\/","og_locale":"en_US","og_type":"article","og_title":"Die IngenieurINNEN, die wir in Europa brauchen \/ 100 Jahre gesetzlicher Schutz des Ingenieurtitels in \u00d6sterreich - Verlag der TU Graz","og_description":"In den letzten Monaten der Habsburger-Monarchie und den ersten Monaten der Republik \u00d6sterreich erfolgten grundlegende Entscheidungen, die das Berufsbild der Ingenieurin und des Ingenieurs in \u00d6sterreich bis heute bestimmen: Am 14. M\u00e4rz 1917 wurde \u201edie kaiserliche Verordnung, womit die Berechtigung zur F\u00fchrung der Standesbezeichnung Ingenieur festgelegt wird\u201c im \u00f6sterreichischen Reichsgesetzblatt ver\u00f6ffentlicht. Damals wurden die technischen Hochschulen als diejenigen Einrichtungen benannt, die an ihre Absolventen (das waren zu dieser Zeit nur M\u00e4nner) den Ingenieurtitel verleihen durften. Am 7.\/22. April 1919 erm\u00f6glichte der Erlass des Unterstaatssekret\u00e4rs im Unterrichtsministerium von Deutsch-\u00d6sterreich, Otto Gl\u00f6ckel, den Frauen das uneingeschr\u00e4nkte Studium an den Technischen Hochschulen in Wien und Graz, der Hochschule f\u00fcr Bodenkultur in Wien und der Montanistischen Hochschule in Leoben, sofern \u201edie Aufnahmswerberinnen ohne jede Sch\u00e4digung und Beeintr\u00e4chtigung der m\u00e4nnlichen Studierenden nach den vorhandenen r\u00e4umlichen und wissenschaftlichen Einrichtungen der einzelnen Hochschulen Platz finden k\u00f6nnen\u201c. Zwei B\u00fccher des Forums \"Technik und Gesellschaft\" im Kombipaket beleuchten die Umst\u00e4nde vor etwas \u00fcber 100 Jahren und f\u00fchren durch die geschichtliche Entwicklung seit damals in die Gegenwart und Zukunft des \"Ingenieurberufes\" f\u00fcr M\u00e4nner und Frauen.","og_url":"https:\/\/www.tugraz-verlag.at\/en\/gesamtverzeichnis\/unkategorisiert\/die-ingenieurinnen-die-wir-in-europa-brauchen-100-jahre-gesetzlicher-schutz-des-ingenieurtitels-in-oesterreich\/","og_site_name":"Verlag der TU Graz","article_modified_time":"2026-03-28T09:34:50+00:00","og_image":[{"width":1367,"height":911,"url":"https:\/\/www.tugraz-verlag.at\/wp-content\/uploads\/asolmerce\/image-978-3-85125-839-4.jpg","type":"image\/jpeg"}],"twitter_card":"summary_large_image","twitter_misc":{"Est. reading time":"1 minute"},"schema":{"@context":"https:\/\/schema.org","@graph":[{"@type":"WebPage","@id":"https:\/\/www.tugraz-verlag.at\/en\/gesamtverzeichnis\/unkategorisiert\/die-ingenieurinnen-die-wir-in-europa-brauchen-100-jahre-gesetzlicher-schutz-des-ingenieurtitels-in-oesterreich\/","url":"https:\/\/www.tugraz-verlag.at\/en\/gesamtverzeichnis\/unkategorisiert\/die-ingenieurinnen-die-wir-in-europa-brauchen-100-jahre-gesetzlicher-schutz-des-ingenieurtitels-in-oesterreich\/","name":"Die IngenieurINNEN, die wir in Europa brauchen \/ 100 Jahre gesetzlicher Schutz des Ingenieurtitels in \u00d6sterreich - Verlag der TU Graz","isPartOf":{"@id":"https:\/\/www.tugraz-verlag.at\/en\/#website"},"primaryImageOfPage":{"@id":"https:\/\/www.tugraz-verlag.at\/en\/gesamtverzeichnis\/unkategorisiert\/die-ingenieurinnen-die-wir-in-europa-brauchen-100-jahre-gesetzlicher-schutz-des-ingenieurtitels-in-oesterreich\/#primaryimage"},"image":{"@id":"https:\/\/www.tugraz-verlag.at\/gesamtverzeichnis\/unkategorisiert\/die-ingenieurinnen-die-wir-in-europa-brauchen-100-jahre-gesetzlicher-schutz-des-ingenieurtitels-in-oesterreich\/#primaryimage"},"thumbnailUrl":"https:\/\/www.tugraz-verlag.at\/wp-content\/uploads\/asolmerce\/image-978-3-85125-839-4.jpg","datePublished":"2026-03-28T07:33:50+00:00","dateModified":"2026-03-28T09:34:50+00:00","breadcrumb":{"@id":"https:\/\/www.tugraz-verlag.at\/en\/gesamtverzeichnis\/unkategorisiert\/die-ingenieurinnen-die-wir-in-europa-brauchen-100-jahre-gesetzlicher-schutz-des-ingenieurtitels-in-oesterreich\/#breadcrumb"},"inLanguage":"en-US","potentialAction":[{"@type":"ReadAction","target":[["https:\/\/www.tugraz-verlag.at\/en\/gesamtverzeichnis\/unkategorisiert\/die-ingenieurinnen-die-wir-in-europa-brauchen-100-jahre-gesetzlicher-schutz-des-ingenieurtitels-in-oesterreich\/"]]}]},{"@type":"ImageObject","inLanguage":"en-US","@id":"https:\/\/www.tugraz-verlag.at\/en\/gesamtverzeichnis\/unkategorisiert\/die-ingenieurinnen-die-wir-in-europa-brauchen-100-jahre-gesetzlicher-schutz-des-ingenieurtitels-in-oesterreich\/#primaryimage","url":"https:\/\/www.tugraz-verlag.at\/wp-content\/uploads\/asolmerce\/image-978-3-85125-839-4.jpg","contentUrl":"https:\/\/www.tugraz-verlag.at\/wp-content\/uploads\/asolmerce\/image-978-3-85125-839-4.jpg","width":1367,"height":911},{"@type":"BreadcrumbList","@id":"https:\/\/www.tugraz-verlag.at\/en\/gesamtverzeichnis\/unkategorisiert\/die-ingenieurinnen-die-wir-in-europa-brauchen-100-jahre-gesetzlicher-schutz-des-ingenieurtitels-in-oesterreich\/#breadcrumb","itemListElement":[{"@type":"ListItem","position":1,"name":"Home","item":"https:\/\/www.tugraz-verlag.at\/en\/"},{"@type":"ListItem","position":2,"name":"Gesamtverzeichnis","item":"https:\/\/www.tugraz-verlag.at\/en\/gesamtverzeichnis\/"},{"@type":"ListItem","position":3,"name":"Die IngenieurINNEN, die wir in Europa brauchen \/ 100 Jahre gesetzlicher Schutz des Ingenieurtitels in \u00d6sterreich"}]},{"@type":"WebSite","@id":"https:\/\/www.tugraz-verlag.at\/en\/#website","url":"https:\/\/www.tugraz-verlag.at\/en\/","name":"Verlag der TU Graz","description":"Verlag der Technischen Universit\u00e4t Graz","potentialAction":[{"@type":"SearchAction","target":{"@type":"EntryPoint","urlTemplate":"https:\/\/www.tugraz-verlag.at\/en\/?s={search_term_string}"},"query-input":{"@type":"PropertyValueSpecification","valueRequired":true,"valueName":"search_term_string"}}],"inLanguage":"en-US"}]}},"_links":{"self":[{"href":"https:\/\/www.tugraz-verlag.at\/en\/wp-json\/wp\/v2\/product\/41222","targetHints":{"allow":["GET"]}}],"collection":[{"href":"https:\/\/www.tugraz-verlag.at\/en\/wp-json\/wp\/v2\/product"}],"about":[{"href":"https:\/\/www.tugraz-verlag.at\/en\/wp-json\/wp\/v2\/types\/product"}],"replies":[{"embeddable":true,"href":"https:\/\/www.tugraz-verlag.at\/en\/wp-json\/wp\/v2\/comments?post=41222"}],"wp:featuredmedia":[{"embeddable":true,"href":"https:\/\/www.tugraz-verlag.at\/en\/wp-json\/wp\/v2\/media\/41224"}],"wp:attachment":[{"href":"https:\/\/www.tugraz-verlag.at\/en\/wp-json\/wp\/v2\/media?parent=41222"}],"wp:term":[{"taxonomy":"product_brand","embeddable":true,"href":"https:\/\/www.tugraz-verlag.at\/en\/wp-json\/wp\/v2\/product_brand?post=41222"},{"taxonomy":"product_cat","embeddable":true,"href":"https:\/\/www.tugraz-verlag.at\/en\/wp-json\/wp\/v2\/product_cat?post=41222"},{"taxonomy":"product_tag","embeddable":true,"href":"https:\/\/www.tugraz-verlag.at\/en\/wp-json\/wp\/v2\/product_tag?post=41222"}],"curies":[{"name":"wp","href":"https:\/\/api.w.org\/{rel}","templated":true}]}}