{"id":41104,"date":"2026-03-28T07:33:49","date_gmt":"2026-03-28T07:33:49","guid":{"rendered":"https:\/\/www.tugraz-verlag.at\/gesamtverzeichnis\/unkategorisiert\/studie-zum-asfinag-abrechnungsprozess-neu-2\/"},"modified":"2026-03-28T11:34:49","modified_gmt":"2026-03-28T09:34:49","slug":"studie-zum-asfinag-abrechnungsprozess-neu-ebook","status":"publish","type":"product","link":"https:\/\/www.tugraz-verlag.at\/en\/gesamtverzeichnis\/bauingenieurwissenschaften\/studie-zum-asfinag-abrechnungsprozess-neu-ebook\/","title":{"rendered":"Studie zum ASFiNAG-Abrechnungsprozess \u201eNEU\u201c"},"content":{"rendered":"<p class=\"qtranxs-available-languages-message qtranxs-available-languages-message-en\">This entry is only available in German<\/p><p>Bei der Abrechnung von Bauleistungen liegt der Fokus neben der Korrektheit der Ergebnisse auf einer methodisch sowie sachlich fundierten und nachvollziehbaren Abwicklung. Speziell bei gro\u00dfen Infrastrukturprojekten \u00f6ffentlicher Auftraggeber handelt es sich oft um komplexe Vertragsstrukturen und -grundlagen, die ihrerseits st\u00e4ndigen Weiterentwicklungen unterliegen. Hinzu kommen Neuerungen im Bereich der Digitalisierung, die die vertragsgem\u00e4\u00dfe Abrechnung der erbrachten Leistung vor immer neue Herausforderungen stellt, aber auch gro\u00dfe Nutzungspotenziale mit sich bringen.<br \/>Im Allgemeinen gilt es, in Bezug auf die Qualit\u00e4t der Abrechnung ein hohes Niveau sicherzustellen, um auch f\u00fcr pr\u00fcfende Instanzen (au\u00dfenstehende Personen ohne Projektkenntnis oder auch Rechnungshof) eine nachvollziehbare und transparente Darstellung der Abrechnungen liefern zu k\u00f6nnen. Gleichzeitig sollen durch die Implementierung des ASFiNAG-Abrechnungsprozesses einheitliche Standards, klare Richtlinien und Handlungsanweisungen gef\u00f6rdert werden, um im Abrechnungsprozess zeitliche und monet\u00e4re Einsparungen f\u00fcr die Projektbeteiligten zu erzielen. Im Zuge der Realisierung dieses Vorhabens wurde von der ASFINAG f\u00fcr die Projektleitung der AG, die \u00f6rtlichen Bauaufsichten und die Auftragnehmer mit der Entwicklung und kontinuierlichen Verbesserung von Abrechnungsleitf\u00e4den begonnen. Diese in mehreren Versionen \u00fcberarbeitete Orientierungshilfe wurde abschlie\u00dfend in einem Forschungsprojekt evaluiert.<br \/>Ziel dieses Forschungsprojekts war es, die St\u00e4rken und Schw\u00e4chen des neuen ASFiNAG-Abrechnungsprozesses darzustellen, einen Vergleich zwischen den Systemen \u201eALT\u201c und \u201eNEU\u201c durchzuf\u00fchren sowie Vor- und Nachteile im Rahmen der Nutzung eines standardisierten Abrechnungsprozesses f\u00fcr die einzelnen Projektbeteiligten und die Projektabwicklung aufzuzeigen. Durchgef\u00fchrt wurde diese Studie am Institut f\u00fcr Baubetrieb und Bauwirtschaft der Technischen Universit\u00e4t Graz und im Auftrag der ASFiNAG. Der Bearbeitungszeitraum erstreckte sich von M\u00e4rz 2019 bis November 2020. <br \/><\/p>","protected":false},"excerpt":{"rendered":"<p class=\"qtranxs-available-languages-message qtranxs-available-languages-message-en\">This entry is only available in German<\/p>\n<p>Bei der Abrechnung von Bauleistungen liegt der Fokus neben der Korrektheit der Ergebnisse auf einer methodisch sowie sachlich fundierten und nachvollziehbaren Abwicklung. Speziell bei gro\u00dfen Infrastrukturprojekten \u00f6ffentlicher Auftraggeber handelt es sich oft um komplexe Vertragsstrukturen und -grundlagen, die ihrerseits st\u00e4ndigen Weiterentwicklungen unterliegen. Hinzu kommen Neuerungen im Bereich der Digitalisierung, die die vertragsgem\u00e4\u00dfe Abrechnung der erbrachten Leistung vor immer neue Herausforderungen stellt, aber auch gro\u00dfe Nutzungspotenziale mit sich bringen.<br \/>Im Allgemeinen gilt es, in Bezug auf die Qualit\u00e4t der Abrechnung ein hohes Niveau sicherzustellen, um auch f\u00fcr pr\u00fcfende Instanzen (au\u00dfenstehende Personen ohne Projektkenntnis oder auch Rechnungshof) eine nachvollziehbare und transparente Darstellung der Abrechnungen liefern zu k\u00f6nnen. Gleichzeitig sollen durch die Implementierung des ASFiNAG-Abrechnungsprozesses einheitliche Standards, klare Richtlinien und Handlungsanweisungen gef\u00f6rdert werden, um im Abrechnungsprozess zeitliche und monet\u00e4re Einsparungen f\u00fcr die Projektbeteiligten zu erzielen. Im Zuge der Realisierung dieses Vorhabens wurde von der ASFINAG f\u00fcr die Projektleitung der AG, die \u00f6rtlichen Bauaufsichten und die Auftragnehmer mit der Entwicklung und kontinuierlichen Verbesserung von Abrechnungsleitf\u00e4den begonnen. Diese in mehreren Versionen \u00fcberarbeitete Orientierungshilfe wurde abschlie\u00dfend in einem Forschungsprojekt evaluiert.<br \/>Ziel dieses Forschungsprojekts war es, die St\u00e4rken und Schw\u00e4chen des neuen ASFiNAG-Abrechnungsprozesses darzustellen, einen Vergleich zwischen den Systemen \u201eALT\u201c und \u201eNEU\u201c durchzuf\u00fchren sowie Vor- und Nachteile im Rahmen der Nutzung eines standardisierten Abrechnungsprozesses f\u00fcr die einzelnen Projektbeteiligten und die Projektabwicklung aufzuzeigen. Durchgef\u00fchrt wurde diese Studie am Institut f\u00fcr Baubetrieb und Bauwirtschaft der Technischen Universit\u00e4t Graz und im Auftrag der ASFiNAG. Der Bearbeitungszeitraum erstreckte sich von M\u00e4rz 2019 bis November 2020. <\/p>\n","protected":false},"featured_media":41105,"comment_status":"closed","ping_status":"closed","template":"","meta":{"_acf_changed":false},"product_brand":[],"product_cat":[1627],"product_tag":[3639],"class_list":{"0":"post-41104","1":"product","2":"type-product","3":"status-publish","4":"has-post-thumbnail","6":"product_cat-bauingenieurwissenschaften","7":"product_tag-abrechnung-abrechnungsleitfaden-abrechnungsprozess-abgestimmte-rechnungslegung-expertinnenbefragung-kennzahlen-handlungsempfehlungen","8":"autor-hofstadler-christian","9":"autor-laurenz-schmatzer","10":"autor-markus-kummer","11":"autor-norbert-promberger","12":"reihe-forschungsreihe-ibbw","14":"first","15":"instock","16":"downloadable","17":"virtual","18":"taxable","19":"product-type-simple"},"acf":[],"yoast_head":"<!-- This site is optimized with the Yoast SEO plugin v27.2 - https:\/\/yoast.com\/product\/yoast-seo-wordpress\/ -->\n<title>Studie zum ASFiNAG-Abrechnungsprozess \u201eNEU\u201c - Verlag der TU Graz<\/title>\n<meta name=\"robots\" content=\"index, follow, max-snippet:-1, max-image-preview:large, max-video-preview:-1\" \/>\n<link rel=\"canonical\" href=\"https:\/\/www.tugraz-verlag.at\/en\/gesamtverzeichnis\/bauingenieurwissenschaften\/studie-zum-asfinag-abrechnungsprozess-neu-ebook\/\" \/>\n<meta property=\"og:locale\" content=\"en_US\" \/>\n<meta property=\"og:type\" content=\"article\" \/>\n<meta property=\"og:title\" content=\"Studie zum ASFiNAG-Abrechnungsprozess \u201eNEU\u201c - Verlag der TU Graz\" \/>\n<meta property=\"og:description\" content=\"Bei der Abrechnung von Bauleistungen liegt der Fokus neben der Korrektheit der Ergebnisse auf einer methodisch sowie sachlich fundierten und nachvollziehbaren Abwicklung. Speziell bei gro\u00dfen Infrastrukturprojekten \u00f6ffentlicher Auftraggeber handelt es sich oft um komplexe Vertragsstrukturen und -grundlagen, die ihrerseits st\u00e4ndigen Weiterentwicklungen unterliegen. Hinzu kommen Neuerungen im Bereich der Digitalisierung, die die vertragsgem\u00e4\u00dfe Abrechnung der erbrachten Leistung vor immer neue Herausforderungen stellt, aber auch gro\u00dfe Nutzungspotenziale mit sich bringen.Im Allgemeinen gilt es, in Bezug auf die Qualit\u00e4t der Abrechnung ein hohes Niveau sicherzustellen, um auch f\u00fcr pr\u00fcfende Instanzen (au\u00dfenstehende Personen ohne Projektkenntnis oder auch Rechnungshof) eine nachvollziehbare und transparente Darstellung der Abrechnungen liefern zu k\u00f6nnen. Gleichzeitig sollen durch die Implementierung des ASFiNAG-Abrechnungsprozesses einheitliche Standards, klare Richtlinien und Handlungsanweisungen gef\u00f6rdert werden, um im Abrechnungsprozess zeitliche und monet\u00e4re Einsparungen f\u00fcr die Projektbeteiligten zu erzielen. Im Zuge der Realisierung dieses Vorhabens wurde von der ASFINAG f\u00fcr die Projektleitung der AG, die \u00f6rtlichen Bauaufsichten und die Auftragnehmer mit der Entwicklung und kontinuierlichen Verbesserung von Abrechnungsleitf\u00e4den begonnen. Diese in mehreren Versionen \u00fcberarbeitete Orientierungshilfe wurde abschlie\u00dfend in einem Forschungsprojekt evaluiert.Ziel dieses Forschungsprojekts war es, die St\u00e4rken und Schw\u00e4chen des neuen ASFiNAG-Abrechnungsprozesses darzustellen, einen Vergleich zwischen den Systemen \u201eALT\u201c und \u201eNEU\u201c durchzuf\u00fchren sowie Vor- und Nachteile im Rahmen der Nutzung eines standardisierten Abrechnungsprozesses f\u00fcr die einzelnen Projektbeteiligten und die Projektabwicklung aufzuzeigen. Durchgef\u00fchrt wurde diese Studie am Institut f\u00fcr Baubetrieb und Bauwirtschaft der Technischen Universit\u00e4t Graz und im Auftrag der ASFiNAG. Der Bearbeitungszeitraum erstreckte sich von M\u00e4rz 2019 bis November 2020.\" \/>\n<meta property=\"og:url\" content=\"https:\/\/www.tugraz-verlag.at\/en\/gesamtverzeichnis\/bauingenieurwissenschaften\/studie-zum-asfinag-abrechnungsprozess-neu-ebook\/\" \/>\n<meta property=\"og:site_name\" content=\"Verlag der TU Graz\" \/>\n<meta property=\"article:modified_time\" content=\"2026-03-28T09:34:49+00:00\" \/>\n<meta property=\"og:image\" content=\"https:\/\/www.tugraz-verlag.at\/wp-content\/uploads\/asolmerce\/image-1161.jpg\" \/>\n\t<meta property=\"og:image:width\" content=\"641\" \/>\n\t<meta property=\"og:image:height\" content=\"908\" \/>\n\t<meta property=\"og:image:type\" content=\"image\/jpeg\" \/>\n<meta name=\"twitter:card\" content=\"summary_large_image\" \/>\n<meta name=\"twitter:label1\" content=\"Est. reading time\" \/>\n\t<meta name=\"twitter:data1\" content=\"1 minute\" \/>\n<script type=\"application\/ld+json\" class=\"yoast-schema-graph\">{\"@context\":\"https:\/\/schema.org\",\"@graph\":[{\"@type\":\"WebPage\",\"@id\":\"https:\/\/www.tugraz-verlag.at\/en\/gesamtverzeichnis\/bauingenieurwissenschaften\/studie-zum-asfinag-abrechnungsprozess-neu-ebook\/\",\"url\":\"https:\/\/www.tugraz-verlag.at\/en\/gesamtverzeichnis\/bauingenieurwissenschaften\/studie-zum-asfinag-abrechnungsprozess-neu-ebook\/\",\"name\":\"Studie zum ASFiNAG-Abrechnungsprozess \u201eNEU\u201c - Verlag der TU Graz\",\"isPartOf\":{\"@id\":\"https:\/\/www.tugraz-verlag.at\/en\/#website\"},\"primaryImageOfPage\":{\"@id\":\"https:\/\/www.tugraz-verlag.at\/en\/gesamtverzeichnis\/bauingenieurwissenschaften\/studie-zum-asfinag-abrechnungsprozess-neu-ebook\/#primaryimage\"},\"image\":{\"@id\":\"https:\/\/www.tugraz-verlag.at\/en\/gesamtverzeichnis\/bauingenieurwissenschaften\/studie-zum-asfinag-abrechnungsprozess-neu-ebook\/#primaryimage\"},\"thumbnailUrl\":\"https:\/\/www.tugraz-verlag.at\/wp-content\/uploads\/asolmerce\/image-1161.jpg\",\"datePublished\":\"2026-03-28T07:33:49+00:00\",\"dateModified\":\"2026-03-28T09:34:49+00:00\",\"breadcrumb\":{\"@id\":\"https:\/\/www.tugraz-verlag.at\/en\/gesamtverzeichnis\/bauingenieurwissenschaften\/studie-zum-asfinag-abrechnungsprozess-neu-ebook\/#breadcrumb\"},\"inLanguage\":\"en-US\",\"potentialAction\":[{\"@type\":\"ReadAction\",\"target\":[[\"https:\/\/www.tugraz-verlag.at\/en\/gesamtverzeichnis\/bauingenieurwissenschaften\/studie-zum-asfinag-abrechnungsprozess-neu-ebook\/\"]]}]},{\"@type\":\"ImageObject\",\"inLanguage\":\"en-US\",\"@id\":\"https:\/\/www.tugraz-verlag.at\/en\/gesamtverzeichnis\/bauingenieurwissenschaften\/studie-zum-asfinag-abrechnungsprozess-neu-ebook\/#primaryimage\",\"url\":\"https:\/\/www.tugraz-verlag.at\/wp-content\/uploads\/asolmerce\/image-1161.jpg\",\"contentUrl\":\"https:\/\/www.tugraz-verlag.at\/wp-content\/uploads\/asolmerce\/image-1161.jpg\",\"width\":641,\"height\":908},{\"@type\":\"BreadcrumbList\",\"@id\":\"https:\/\/www.tugraz-verlag.at\/en\/gesamtverzeichnis\/bauingenieurwissenschaften\/studie-zum-asfinag-abrechnungsprozess-neu-ebook\/#breadcrumb\",\"itemListElement\":[{\"@type\":\"ListItem\",\"position\":1,\"name\":\"Home\",\"item\":\"https:\/\/www.tugraz-verlag.at\/en\/\"},{\"@type\":\"ListItem\",\"position\":2,\"name\":\"Gesamtverzeichnis\",\"item\":\"https:\/\/www.tugraz-verlag.at\/en\/gesamtverzeichnis\/\"},{\"@type\":\"ListItem\",\"position\":3,\"name\":\"Studie zum ASFiNAG-Abrechnungsprozess \u201eNEU\u201c\"}]},{\"@type\":\"WebSite\",\"@id\":\"https:\/\/www.tugraz-verlag.at\/en\/#website\",\"url\":\"https:\/\/www.tugraz-verlag.at\/en\/\",\"name\":\"Verlag der TU Graz\",\"description\":\"Verlag der Technischen Universit\u00e4t Graz\",\"potentialAction\":[{\"@type\":\"SearchAction\",\"target\":{\"@type\":\"EntryPoint\",\"urlTemplate\":\"https:\/\/www.tugraz-verlag.at\/en\/?s={search_term_string}\"},\"query-input\":{\"@type\":\"PropertyValueSpecification\",\"valueRequired\":true,\"valueName\":\"search_term_string\"}}],\"inLanguage\":\"en-US\"}]}<\/script>\n<!-- \/ Yoast SEO plugin. -->","yoast_head_json":{"title":"Studie zum ASFiNAG-Abrechnungsprozess \u201eNEU\u201c - Verlag der TU Graz","robots":{"index":"index","follow":"follow","max-snippet":"max-snippet:-1","max-image-preview":"max-image-preview:large","max-video-preview":"max-video-preview:-1"},"canonical":"https:\/\/www.tugraz-verlag.at\/en\/gesamtverzeichnis\/bauingenieurwissenschaften\/studie-zum-asfinag-abrechnungsprozess-neu-ebook\/","og_locale":"en_US","og_type":"article","og_title":"Studie zum ASFiNAG-Abrechnungsprozess \u201eNEU\u201c - Verlag der TU Graz","og_description":"Bei der Abrechnung von Bauleistungen liegt der Fokus neben der Korrektheit der Ergebnisse auf einer methodisch sowie sachlich fundierten und nachvollziehbaren Abwicklung. Speziell bei gro\u00dfen Infrastrukturprojekten \u00f6ffentlicher Auftraggeber handelt es sich oft um komplexe Vertragsstrukturen und -grundlagen, die ihrerseits st\u00e4ndigen Weiterentwicklungen unterliegen. Hinzu kommen Neuerungen im Bereich der Digitalisierung, die die vertragsgem\u00e4\u00dfe Abrechnung der erbrachten Leistung vor immer neue Herausforderungen stellt, aber auch gro\u00dfe Nutzungspotenziale mit sich bringen.Im Allgemeinen gilt es, in Bezug auf die Qualit\u00e4t der Abrechnung ein hohes Niveau sicherzustellen, um auch f\u00fcr pr\u00fcfende Instanzen (au\u00dfenstehende Personen ohne Projektkenntnis oder auch Rechnungshof) eine nachvollziehbare und transparente Darstellung der Abrechnungen liefern zu k\u00f6nnen. Gleichzeitig sollen durch die Implementierung des ASFiNAG-Abrechnungsprozesses einheitliche Standards, klare Richtlinien und Handlungsanweisungen gef\u00f6rdert werden, um im Abrechnungsprozess zeitliche und monet\u00e4re Einsparungen f\u00fcr die Projektbeteiligten zu erzielen. Im Zuge der Realisierung dieses Vorhabens wurde von der ASFINAG f\u00fcr die Projektleitung der AG, die \u00f6rtlichen Bauaufsichten und die Auftragnehmer mit der Entwicklung und kontinuierlichen Verbesserung von Abrechnungsleitf\u00e4den begonnen. Diese in mehreren Versionen \u00fcberarbeitete Orientierungshilfe wurde abschlie\u00dfend in einem Forschungsprojekt evaluiert.Ziel dieses Forschungsprojekts war es, die St\u00e4rken und Schw\u00e4chen des neuen ASFiNAG-Abrechnungsprozesses darzustellen, einen Vergleich zwischen den Systemen \u201eALT\u201c und \u201eNEU\u201c durchzuf\u00fchren sowie Vor- und Nachteile im Rahmen der Nutzung eines standardisierten Abrechnungsprozesses f\u00fcr die einzelnen Projektbeteiligten und die Projektabwicklung aufzuzeigen. Durchgef\u00fchrt wurde diese Studie am Institut f\u00fcr Baubetrieb und Bauwirtschaft der Technischen Universit\u00e4t Graz und im Auftrag der ASFiNAG. Der Bearbeitungszeitraum erstreckte sich von M\u00e4rz 2019 bis November 2020.","og_url":"https:\/\/www.tugraz-verlag.at\/en\/gesamtverzeichnis\/bauingenieurwissenschaften\/studie-zum-asfinag-abrechnungsprozess-neu-ebook\/","og_site_name":"Verlag der TU Graz","article_modified_time":"2026-03-28T09:34:49+00:00","og_image":[{"width":641,"height":908,"url":"https:\/\/www.tugraz-verlag.at\/wp-content\/uploads\/asolmerce\/image-1161.jpg","type":"image\/jpeg"}],"twitter_card":"summary_large_image","twitter_misc":{"Est. reading time":"1 minute"},"schema":{"@context":"https:\/\/schema.org","@graph":[{"@type":"WebPage","@id":"https:\/\/www.tugraz-verlag.at\/en\/gesamtverzeichnis\/bauingenieurwissenschaften\/studie-zum-asfinag-abrechnungsprozess-neu-ebook\/","url":"https:\/\/www.tugraz-verlag.at\/en\/gesamtverzeichnis\/bauingenieurwissenschaften\/studie-zum-asfinag-abrechnungsprozess-neu-ebook\/","name":"Studie zum ASFiNAG-Abrechnungsprozess \u201eNEU\u201c - Verlag der TU Graz","isPartOf":{"@id":"https:\/\/www.tugraz-verlag.at\/en\/#website"},"primaryImageOfPage":{"@id":"https:\/\/www.tugraz-verlag.at\/en\/gesamtverzeichnis\/bauingenieurwissenschaften\/studie-zum-asfinag-abrechnungsprozess-neu-ebook\/#primaryimage"},"image":{"@id":"https:\/\/www.tugraz-verlag.at\/en\/gesamtverzeichnis\/bauingenieurwissenschaften\/studie-zum-asfinag-abrechnungsprozess-neu-ebook\/#primaryimage"},"thumbnailUrl":"https:\/\/www.tugraz-verlag.at\/wp-content\/uploads\/asolmerce\/image-1161.jpg","datePublished":"2026-03-28T07:33:49+00:00","dateModified":"2026-03-28T09:34:49+00:00","breadcrumb":{"@id":"https:\/\/www.tugraz-verlag.at\/en\/gesamtverzeichnis\/bauingenieurwissenschaften\/studie-zum-asfinag-abrechnungsprozess-neu-ebook\/#breadcrumb"},"inLanguage":"en-US","potentialAction":[{"@type":"ReadAction","target":[["https:\/\/www.tugraz-verlag.at\/en\/gesamtverzeichnis\/bauingenieurwissenschaften\/studie-zum-asfinag-abrechnungsprozess-neu-ebook\/"]]}]},{"@type":"ImageObject","inLanguage":"en-US","@id":"https:\/\/www.tugraz-verlag.at\/en\/gesamtverzeichnis\/bauingenieurwissenschaften\/studie-zum-asfinag-abrechnungsprozess-neu-ebook\/#primaryimage","url":"https:\/\/www.tugraz-verlag.at\/wp-content\/uploads\/asolmerce\/image-1161.jpg","contentUrl":"https:\/\/www.tugraz-verlag.at\/wp-content\/uploads\/asolmerce\/image-1161.jpg","width":641,"height":908},{"@type":"BreadcrumbList","@id":"https:\/\/www.tugraz-verlag.at\/en\/gesamtverzeichnis\/bauingenieurwissenschaften\/studie-zum-asfinag-abrechnungsprozess-neu-ebook\/#breadcrumb","itemListElement":[{"@type":"ListItem","position":1,"name":"Home","item":"https:\/\/www.tugraz-verlag.at\/en\/"},{"@type":"ListItem","position":2,"name":"Gesamtverzeichnis","item":"https:\/\/www.tugraz-verlag.at\/en\/gesamtverzeichnis\/"},{"@type":"ListItem","position":3,"name":"Studie zum ASFiNAG-Abrechnungsprozess \u201eNEU\u201c"}]},{"@type":"WebSite","@id":"https:\/\/www.tugraz-verlag.at\/en\/#website","url":"https:\/\/www.tugraz-verlag.at\/en\/","name":"Verlag der TU Graz","description":"Verlag der Technischen Universit\u00e4t Graz","potentialAction":[{"@type":"SearchAction","target":{"@type":"EntryPoint","urlTemplate":"https:\/\/www.tugraz-verlag.at\/en\/?s={search_term_string}"},"query-input":{"@type":"PropertyValueSpecification","valueRequired":true,"valueName":"search_term_string"}}],"inLanguage":"en-US"}]}},"_links":{"self":[{"href":"https:\/\/www.tugraz-verlag.at\/en\/wp-json\/wp\/v2\/product\/41104","targetHints":{"allow":["GET"]}}],"collection":[{"href":"https:\/\/www.tugraz-verlag.at\/en\/wp-json\/wp\/v2\/product"}],"about":[{"href":"https:\/\/www.tugraz-verlag.at\/en\/wp-json\/wp\/v2\/types\/product"}],"replies":[{"embeddable":true,"href":"https:\/\/www.tugraz-verlag.at\/en\/wp-json\/wp\/v2\/comments?post=41104"}],"wp:featuredmedia":[{"embeddable":true,"href":"https:\/\/www.tugraz-verlag.at\/en\/wp-json\/wp\/v2\/media\/41105"}],"wp:attachment":[{"href":"https:\/\/www.tugraz-verlag.at\/en\/wp-json\/wp\/v2\/media?parent=41104"}],"wp:term":[{"taxonomy":"product_brand","embeddable":true,"href":"https:\/\/www.tugraz-verlag.at\/en\/wp-json\/wp\/v2\/product_brand?post=41104"},{"taxonomy":"product_cat","embeddable":true,"href":"https:\/\/www.tugraz-verlag.at\/en\/wp-json\/wp\/v2\/product_cat?post=41104"},{"taxonomy":"product_tag","embeddable":true,"href":"https:\/\/www.tugraz-verlag.at\/en\/wp-json\/wp\/v2\/product_tag?post=41104"}],"curies":[{"name":"wp","href":"https:\/\/api.w.org\/{rel}","templated":true}]}}