{"id":40898,"date":"2026-03-28T07:33:43","date_gmt":"2026-03-28T07:33:43","guid":{"rendered":"https:\/\/www.tugraz-verlag.at\/gesamtverzeichnis\/unkategorisiert\/19-grazer-baubetriebs-und-bauwirtschaftssymposium-tagungsband-2021-2\/"},"modified":"2026-03-28T11:34:43","modified_gmt":"2026-03-28T09:34:43","slug":"19-grazer-baubetriebs-und-bauwirtschaftssymposium-tagungsband-2021-ebook","status":"publish","type":"product","link":"https:\/\/www.tugraz-verlag.at\/en\/gesamtverzeichnis\/bauingenieurwissenschaften\/19-grazer-baubetriebs-und-bauwirtschaftssymposium-tagungsband-2021-ebook\/","title":{"rendered":"19. Grazer Baubetriebs- und Bauwirtschaftssymposium, Tagungsband 2021"},"content":{"rendered":"<p class=\"qtranxs-available-languages-message qtranxs-available-languages-message-en\">This entry is only available in German<\/p><p>Bei Leistungsabweichungen in der Bauausf\u00fchrung stellt sich die wichtige Frage, wie die Nachweisf\u00fchrung bei entsprechenden Mehr- bzw. Minderkostenforderungen gelingt. Bedeutend dabei ist, wie sich die Art und der Umfang der Nachweisf\u00fchrung bereits in die Leistungsbeschreibung integrieren l\u00e4sst. Welche Anforderungen an die Nachweisf\u00fchrung werden von \u00f6ffentlichen Auftraggebern gestellt? Welche Arten der Nachweisf\u00fchrung gibt es aus baubetrieblicher und bauwirtschaftlicher Sicht und wie stellen sich diese auch im internationalen Vergleich dar? Wo liegt die Grenze der Nachweisf\u00fchrung und wie gelingt eine l\u00fcckenlose Dokumentation in der Baupraxis? Wie wirken sich ge\u00e4nderte und zus\u00e4tzliche Leistungen auf die Bauzeit aus? Welche Arten von Kausalit\u00e4ten gibt es und welche Bedeutung haben diese bei der Nachweisf\u00fchrung aus rechtlicher Perspektive? Welche Rolle nimmt der Einzelnachweis bei Leistungsabweichung bei \u00d6NORMEN- und ABGB-Vertr\u00e4gen ein? <br \/>Diese und andere Themenstellungen hat das Institut f\u00fcr Baubetrieb und Bauwirtschaft der TU Graz zum Anlass genommen, um im Rahmen des 19. Grazer Baubetriebs- und Bauwirtschaftssymposiums die zum Teil kontroversen Ans\u00e4tze und Meinungen zum Thema \u201eNachweisf\u00fchrung bei Mehr- bzw. Minderkostenforderungen\u201c zur Diskussion zu stellen. <br \/>Die Ansichten und Ergebnisse der Referentinnen und Referenten werden im vorliegenden Tagungsband ausgef\u00fchrt. Neben den baubetrieblichen und bauwirtschaftlichen Aspekten werden auch bauvertragsrechtliche Themen aufgegriffen. Erg\u00e4nzt werden diese Ausf\u00fchrungen durch aktuelle Beitr\u00e4ge aus der baubetrieblichen, bauwirtschaftlichen und baurechtlichen Forschung. <\/p>\n<p><\/p>","protected":false},"excerpt":{"rendered":"<p class=\"qtranxs-available-languages-message qtranxs-available-languages-message-en\">This entry is only available in German<\/p>\n<p>Bei Leistungsabweichungen in der Bauausf\u00fchrung stellt sich die wichtige Frage, wie die Nachweisf\u00fchrung bei entsprechenden Mehr- bzw. Minderkostenforderungen gelingt. Bedeutend dabei ist, wie sich die Art und der Umfang der Nachweisf\u00fchrung bereits in die Leistungsbeschreibung integrieren l\u00e4sst. Welche Anforderungen an die Nachweisf\u00fchrung werden von \u00f6ffentlichen Auftraggebern gestellt? Welche Arten der Nachweisf\u00fchrung gibt es aus baubetrieblicher und bauwirtschaftlicher Sicht und wie stellen sich diese auch im internationalen Vergleich dar? Wo liegt die Grenze der Nachweisf\u00fchrung und wie gelingt eine l\u00fcckenlose Dokumentation in der Baupraxis? Wie wirken sich ge\u00e4nderte und zus\u00e4tzliche Leistungen auf die Bauzeit aus? Welche Arten von Kausalit\u00e4ten gibt es und welche Bedeutung haben diese bei der Nachweisf\u00fchrung aus rechtlicher Perspektive? Welche Rolle nimmt der Einzelnachweis bei Leistungsabweichung bei \u00d6NORMEN- und ABGB-Vertr\u00e4gen ein? <br \/>Diese und andere Themenstellungen hat das Institut f\u00fcr Baubetrieb und Bauwirtschaft der TU Graz zum Anlass genommen, um im Rahmen des 19. Grazer Baubetriebs- und Bauwirtschaftssymposiums die zum Teil kontroversen Ans\u00e4tze und Meinungen zum Thema \u201eNachweisf\u00fchrung bei Mehr- bzw. Minderkostenforderungen\u201c zur Diskussion zu stellen. <br \/>Die Ansichten und Ergebnisse der Referentinnen und Referenten werden im vorliegenden Tagungsband ausgef\u00fchrt. Neben den baubetrieblichen und bauwirtschaftlichen Aspekten werden auch bauvertragsrechtliche Themen aufgegriffen. Erg\u00e4nzt werden diese Ausf\u00fchrungen durch aktuelle Beitr\u00e4ge aus der baubetrieblichen, bauwirtschaftlichen und baurechtlichen Forschung. <\/p>\n","protected":false},"featured_media":40901,"comment_status":"closed","ping_status":"closed","template":"","meta":{"_acf_changed":false},"product_brand":[],"product_cat":[1627],"product_tag":[],"class_list":{"0":"post-40898","1":"product","2":"type-product","3":"status-publish","4":"has-post-thumbnail","6":"product_cat-bauingenieurwissenschaften","7":"autor-hofstadler-christian","8":"autor-detlef-heck-1","9":"autor-markus-kummer","11":"first","12":"instock","13":"downloadable","14":"virtual","15":"taxable","16":"product-type-simple"},"acf":[],"yoast_head":"<!-- This site is optimized with the Yoast SEO plugin v27.2 - https:\/\/yoast.com\/product\/yoast-seo-wordpress\/ -->\n<title>19. Grazer Baubetriebs- und Bauwirtschaftssymposium, Tagungsband 2021 - Verlag der TU Graz<\/title>\n<meta name=\"robots\" content=\"index, follow, max-snippet:-1, max-image-preview:large, max-video-preview:-1\" \/>\n<link rel=\"canonical\" href=\"https:\/\/www.tugraz-verlag.at\/en\/gesamtverzeichnis\/bauingenieurwissenschaften\/19-grazer-baubetriebs-und-bauwirtschaftssymposium-tagungsband-2021-ebook\/\" \/>\n<meta property=\"og:locale\" content=\"en_US\" \/>\n<meta property=\"og:type\" content=\"article\" \/>\n<meta property=\"og:title\" content=\"19. Grazer Baubetriebs- und Bauwirtschaftssymposium, Tagungsband 2021 - Verlag der TU Graz\" \/>\n<meta property=\"og:description\" content=\"Bei Leistungsabweichungen in der Bauausf\u00fchrung stellt sich die wichtige Frage, wie die Nachweisf\u00fchrung bei entsprechenden Mehr- bzw. Minderkostenforderungen gelingt. Bedeutend dabei ist, wie sich die Art und der Umfang der Nachweisf\u00fchrung bereits in die Leistungsbeschreibung integrieren l\u00e4sst. Welche Anforderungen an die Nachweisf\u00fchrung werden von \u00f6ffentlichen Auftraggebern gestellt? Welche Arten der Nachweisf\u00fchrung gibt es aus baubetrieblicher und bauwirtschaftlicher Sicht und wie stellen sich diese auch im internationalen Vergleich dar? Wo liegt die Grenze der Nachweisf\u00fchrung und wie gelingt eine l\u00fcckenlose Dokumentation in der Baupraxis? Wie wirken sich ge\u00e4nderte und zus\u00e4tzliche Leistungen auf die Bauzeit aus? Welche Arten von Kausalit\u00e4ten gibt es und welche Bedeutung haben diese bei der Nachweisf\u00fchrung aus rechtlicher Perspektive? Welche Rolle nimmt der Einzelnachweis bei Leistungsabweichung bei \u00d6NORMEN- und ABGB-Vertr\u00e4gen ein? Diese und andere Themenstellungen hat das Institut f\u00fcr Baubetrieb und Bauwirtschaft der TU Graz zum Anlass genommen, um im Rahmen des 19. Grazer Baubetriebs- und Bauwirtschaftssymposiums die zum Teil kontroversen Ans\u00e4tze und Meinungen zum Thema \u201eNachweisf\u00fchrung bei Mehr- bzw. Minderkostenforderungen\u201c zur Diskussion zu stellen. Die Ansichten und Ergebnisse der Referentinnen und Referenten werden im vorliegenden Tagungsband ausgef\u00fchrt. Neben den baubetrieblichen und bauwirtschaftlichen Aspekten werden auch bauvertragsrechtliche Themen aufgegriffen. Erg\u00e4nzt werden diese Ausf\u00fchrungen durch aktuelle Beitr\u00e4ge aus der baubetrieblichen, bauwirtschaftlichen und baurechtlichen Forschung.\" \/>\n<meta property=\"og:url\" content=\"https:\/\/www.tugraz-verlag.at\/en\/gesamtverzeichnis\/bauingenieurwissenschaften\/19-grazer-baubetriebs-und-bauwirtschaftssymposium-tagungsband-2021-ebook\/\" \/>\n<meta property=\"og:site_name\" content=\"Verlag der TU Graz\" \/>\n<meta property=\"article:modified_time\" content=\"2026-03-28T09:34:43+00:00\" \/>\n<meta property=\"og:image\" content=\"https:\/\/www.tugraz-verlag.at\/wp-content\/uploads\/asolmerce\/image-1144.jpg\" \/>\n\t<meta property=\"og:image:width\" content=\"458\" \/>\n\t<meta property=\"og:image:height\" content=\"647\" \/>\n\t<meta property=\"og:image:type\" content=\"image\/jpeg\" \/>\n<meta name=\"twitter:card\" content=\"summary_large_image\" \/>\n<meta name=\"twitter:label1\" content=\"Est. reading time\" \/>\n\t<meta name=\"twitter:data1\" content=\"1 minute\" \/>\n<script type=\"application\/ld+json\" class=\"yoast-schema-graph\">{\"@context\":\"https:\/\/schema.org\",\"@graph\":[{\"@type\":\"WebPage\",\"@id\":\"https:\/\/www.tugraz-verlag.at\/en\/gesamtverzeichnis\/bauingenieurwissenschaften\/19-grazer-baubetriebs-und-bauwirtschaftssymposium-tagungsband-2021-ebook\/\",\"url\":\"https:\/\/www.tugraz-verlag.at\/en\/gesamtverzeichnis\/bauingenieurwissenschaften\/19-grazer-baubetriebs-und-bauwirtschaftssymposium-tagungsband-2021-ebook\/\",\"name\":\"19. Grazer Baubetriebs- und Bauwirtschaftssymposium, Tagungsband 2021 - Verlag der TU Graz\",\"isPartOf\":{\"@id\":\"https:\/\/www.tugraz-verlag.at\/en\/#website\"},\"primaryImageOfPage\":{\"@id\":\"https:\/\/www.tugraz-verlag.at\/en\/gesamtverzeichnis\/bauingenieurwissenschaften\/19-grazer-baubetriebs-und-bauwirtschaftssymposium-tagungsband-2021-ebook\/#primaryimage\"},\"image\":{\"@id\":\"https:\/\/www.tugraz-verlag.at\/en\/gesamtverzeichnis\/bauingenieurwissenschaften\/19-grazer-baubetriebs-und-bauwirtschaftssymposium-tagungsband-2021-ebook\/#primaryimage\"},\"thumbnailUrl\":\"https:\/\/www.tugraz-verlag.at\/wp-content\/uploads\/asolmerce\/image-1144.jpg\",\"datePublished\":\"2026-03-28T07:33:43+00:00\",\"dateModified\":\"2026-03-28T09:34:43+00:00\",\"breadcrumb\":{\"@id\":\"https:\/\/www.tugraz-verlag.at\/en\/gesamtverzeichnis\/bauingenieurwissenschaften\/19-grazer-baubetriebs-und-bauwirtschaftssymposium-tagungsband-2021-ebook\/#breadcrumb\"},\"inLanguage\":\"en-US\",\"potentialAction\":[{\"@type\":\"ReadAction\",\"target\":[[\"https:\/\/www.tugraz-verlag.at\/en\/gesamtverzeichnis\/bauingenieurwissenschaften\/19-grazer-baubetriebs-und-bauwirtschaftssymposium-tagungsband-2021-ebook\/\"]]}]},{\"@type\":\"ImageObject\",\"inLanguage\":\"en-US\",\"@id\":\"https:\/\/www.tugraz-verlag.at\/en\/gesamtverzeichnis\/bauingenieurwissenschaften\/19-grazer-baubetriebs-und-bauwirtschaftssymposium-tagungsband-2021-ebook\/#primaryimage\",\"url\":\"https:\/\/www.tugraz-verlag.at\/wp-content\/uploads\/asolmerce\/image-1144.jpg\",\"contentUrl\":\"https:\/\/www.tugraz-verlag.at\/wp-content\/uploads\/asolmerce\/image-1144.jpg\",\"width\":458,\"height\":647},{\"@type\":\"BreadcrumbList\",\"@id\":\"https:\/\/www.tugraz-verlag.at\/en\/gesamtverzeichnis\/bauingenieurwissenschaften\/19-grazer-baubetriebs-und-bauwirtschaftssymposium-tagungsband-2021-ebook\/#breadcrumb\",\"itemListElement\":[{\"@type\":\"ListItem\",\"position\":1,\"name\":\"Home\",\"item\":\"https:\/\/www.tugraz-verlag.at\/en\/\"},{\"@type\":\"ListItem\",\"position\":2,\"name\":\"Gesamtverzeichnis\",\"item\":\"https:\/\/www.tugraz-verlag.at\/en\/gesamtverzeichnis\/\"},{\"@type\":\"ListItem\",\"position\":3,\"name\":\"19. Grazer Baubetriebs- und Bauwirtschaftssymposium, Tagungsband 2021\"}]},{\"@type\":\"WebSite\",\"@id\":\"https:\/\/www.tugraz-verlag.at\/en\/#website\",\"url\":\"https:\/\/www.tugraz-verlag.at\/en\/\",\"name\":\"Verlag der TU Graz\",\"description\":\"Verlag der Technischen Universit\u00e4t Graz\",\"potentialAction\":[{\"@type\":\"SearchAction\",\"target\":{\"@type\":\"EntryPoint\",\"urlTemplate\":\"https:\/\/www.tugraz-verlag.at\/en\/?s={search_term_string}\"},\"query-input\":{\"@type\":\"PropertyValueSpecification\",\"valueRequired\":true,\"valueName\":\"search_term_string\"}}],\"inLanguage\":\"en-US\"}]}<\/script>\n<!-- \/ Yoast SEO plugin. -->","yoast_head_json":{"title":"19. Grazer Baubetriebs- und Bauwirtschaftssymposium, Tagungsband 2021 - Verlag der TU Graz","robots":{"index":"index","follow":"follow","max-snippet":"max-snippet:-1","max-image-preview":"max-image-preview:large","max-video-preview":"max-video-preview:-1"},"canonical":"https:\/\/www.tugraz-verlag.at\/en\/gesamtverzeichnis\/bauingenieurwissenschaften\/19-grazer-baubetriebs-und-bauwirtschaftssymposium-tagungsband-2021-ebook\/","og_locale":"en_US","og_type":"article","og_title":"19. Grazer Baubetriebs- und Bauwirtschaftssymposium, Tagungsband 2021 - Verlag der TU Graz","og_description":"Bei Leistungsabweichungen in der Bauausf\u00fchrung stellt sich die wichtige Frage, wie die Nachweisf\u00fchrung bei entsprechenden Mehr- bzw. Minderkostenforderungen gelingt. Bedeutend dabei ist, wie sich die Art und der Umfang der Nachweisf\u00fchrung bereits in die Leistungsbeschreibung integrieren l\u00e4sst. Welche Anforderungen an die Nachweisf\u00fchrung werden von \u00f6ffentlichen Auftraggebern gestellt? Welche Arten der Nachweisf\u00fchrung gibt es aus baubetrieblicher und bauwirtschaftlicher Sicht und wie stellen sich diese auch im internationalen Vergleich dar? Wo liegt die Grenze der Nachweisf\u00fchrung und wie gelingt eine l\u00fcckenlose Dokumentation in der Baupraxis? Wie wirken sich ge\u00e4nderte und zus\u00e4tzliche Leistungen auf die Bauzeit aus? Welche Arten von Kausalit\u00e4ten gibt es und welche Bedeutung haben diese bei der Nachweisf\u00fchrung aus rechtlicher Perspektive? Welche Rolle nimmt der Einzelnachweis bei Leistungsabweichung bei \u00d6NORMEN- und ABGB-Vertr\u00e4gen ein? Diese und andere Themenstellungen hat das Institut f\u00fcr Baubetrieb und Bauwirtschaft der TU Graz zum Anlass genommen, um im Rahmen des 19. Grazer Baubetriebs- und Bauwirtschaftssymposiums die zum Teil kontroversen Ans\u00e4tze und Meinungen zum Thema \u201eNachweisf\u00fchrung bei Mehr- bzw. Minderkostenforderungen\u201c zur Diskussion zu stellen. Die Ansichten und Ergebnisse der Referentinnen und Referenten werden im vorliegenden Tagungsband ausgef\u00fchrt. Neben den baubetrieblichen und bauwirtschaftlichen Aspekten werden auch bauvertragsrechtliche Themen aufgegriffen. Erg\u00e4nzt werden diese Ausf\u00fchrungen durch aktuelle Beitr\u00e4ge aus der baubetrieblichen, bauwirtschaftlichen und baurechtlichen Forschung.","og_url":"https:\/\/www.tugraz-verlag.at\/en\/gesamtverzeichnis\/bauingenieurwissenschaften\/19-grazer-baubetriebs-und-bauwirtschaftssymposium-tagungsband-2021-ebook\/","og_site_name":"Verlag der TU Graz","article_modified_time":"2026-03-28T09:34:43+00:00","og_image":[{"width":458,"height":647,"url":"https:\/\/www.tugraz-verlag.at\/wp-content\/uploads\/asolmerce\/image-1144.jpg","type":"image\/jpeg"}],"twitter_card":"summary_large_image","twitter_misc":{"Est. reading time":"1 minute"},"schema":{"@context":"https:\/\/schema.org","@graph":[{"@type":"WebPage","@id":"https:\/\/www.tugraz-verlag.at\/en\/gesamtverzeichnis\/bauingenieurwissenschaften\/19-grazer-baubetriebs-und-bauwirtschaftssymposium-tagungsband-2021-ebook\/","url":"https:\/\/www.tugraz-verlag.at\/en\/gesamtverzeichnis\/bauingenieurwissenschaften\/19-grazer-baubetriebs-und-bauwirtschaftssymposium-tagungsband-2021-ebook\/","name":"19. Grazer Baubetriebs- und Bauwirtschaftssymposium, Tagungsband 2021 - Verlag der TU Graz","isPartOf":{"@id":"https:\/\/www.tugraz-verlag.at\/en\/#website"},"primaryImageOfPage":{"@id":"https:\/\/www.tugraz-verlag.at\/en\/gesamtverzeichnis\/bauingenieurwissenschaften\/19-grazer-baubetriebs-und-bauwirtschaftssymposium-tagungsband-2021-ebook\/#primaryimage"},"image":{"@id":"https:\/\/www.tugraz-verlag.at\/en\/gesamtverzeichnis\/bauingenieurwissenschaften\/19-grazer-baubetriebs-und-bauwirtschaftssymposium-tagungsband-2021-ebook\/#primaryimage"},"thumbnailUrl":"https:\/\/www.tugraz-verlag.at\/wp-content\/uploads\/asolmerce\/image-1144.jpg","datePublished":"2026-03-28T07:33:43+00:00","dateModified":"2026-03-28T09:34:43+00:00","breadcrumb":{"@id":"https:\/\/www.tugraz-verlag.at\/en\/gesamtverzeichnis\/bauingenieurwissenschaften\/19-grazer-baubetriebs-und-bauwirtschaftssymposium-tagungsband-2021-ebook\/#breadcrumb"},"inLanguage":"en-US","potentialAction":[{"@type":"ReadAction","target":[["https:\/\/www.tugraz-verlag.at\/en\/gesamtverzeichnis\/bauingenieurwissenschaften\/19-grazer-baubetriebs-und-bauwirtschaftssymposium-tagungsband-2021-ebook\/"]]}]},{"@type":"ImageObject","inLanguage":"en-US","@id":"https:\/\/www.tugraz-verlag.at\/en\/gesamtverzeichnis\/bauingenieurwissenschaften\/19-grazer-baubetriebs-und-bauwirtschaftssymposium-tagungsband-2021-ebook\/#primaryimage","url":"https:\/\/www.tugraz-verlag.at\/wp-content\/uploads\/asolmerce\/image-1144.jpg","contentUrl":"https:\/\/www.tugraz-verlag.at\/wp-content\/uploads\/asolmerce\/image-1144.jpg","width":458,"height":647},{"@type":"BreadcrumbList","@id":"https:\/\/www.tugraz-verlag.at\/en\/gesamtverzeichnis\/bauingenieurwissenschaften\/19-grazer-baubetriebs-und-bauwirtschaftssymposium-tagungsband-2021-ebook\/#breadcrumb","itemListElement":[{"@type":"ListItem","position":1,"name":"Home","item":"https:\/\/www.tugraz-verlag.at\/en\/"},{"@type":"ListItem","position":2,"name":"Gesamtverzeichnis","item":"https:\/\/www.tugraz-verlag.at\/en\/gesamtverzeichnis\/"},{"@type":"ListItem","position":3,"name":"19. Grazer Baubetriebs- und Bauwirtschaftssymposium, Tagungsband 2021"}]},{"@type":"WebSite","@id":"https:\/\/www.tugraz-verlag.at\/en\/#website","url":"https:\/\/www.tugraz-verlag.at\/en\/","name":"Verlag der TU Graz","description":"Verlag der Technischen Universit\u00e4t Graz","potentialAction":[{"@type":"SearchAction","target":{"@type":"EntryPoint","urlTemplate":"https:\/\/www.tugraz-verlag.at\/en\/?s={search_term_string}"},"query-input":{"@type":"PropertyValueSpecification","valueRequired":true,"valueName":"search_term_string"}}],"inLanguage":"en-US"}]}},"_links":{"self":[{"href":"https:\/\/www.tugraz-verlag.at\/en\/wp-json\/wp\/v2\/product\/40898","targetHints":{"allow":["GET"]}}],"collection":[{"href":"https:\/\/www.tugraz-verlag.at\/en\/wp-json\/wp\/v2\/product"}],"about":[{"href":"https:\/\/www.tugraz-verlag.at\/en\/wp-json\/wp\/v2\/types\/product"}],"replies":[{"embeddable":true,"href":"https:\/\/www.tugraz-verlag.at\/en\/wp-json\/wp\/v2\/comments?post=40898"}],"wp:featuredmedia":[{"embeddable":true,"href":"https:\/\/www.tugraz-verlag.at\/en\/wp-json\/wp\/v2\/media\/40901"}],"wp:attachment":[{"href":"https:\/\/www.tugraz-verlag.at\/en\/wp-json\/wp\/v2\/media?parent=40898"}],"wp:term":[{"taxonomy":"product_brand","embeddable":true,"href":"https:\/\/www.tugraz-verlag.at\/en\/wp-json\/wp\/v2\/product_brand?post=40898"},{"taxonomy":"product_cat","embeddable":true,"href":"https:\/\/www.tugraz-verlag.at\/en\/wp-json\/wp\/v2\/product_cat?post=40898"},{"taxonomy":"product_tag","embeddable":true,"href":"https:\/\/www.tugraz-verlag.at\/en\/wp-json\/wp\/v2\/product_tag?post=40898"}],"curies":[{"name":"wp","href":"https:\/\/api.w.org\/{rel}","templated":true}]}}