{"id":40834,"date":"2026-03-28T07:33:42","date_gmt":"2026-03-28T07:33:42","guid":{"rendered":"https:\/\/www.tugraz-verlag.at\/gesamtverzeichnis\/unkategorisiert\/the-ancient-monastic-complexes-of-tholing-nyarma-and-tabo-2\/"},"modified":"2026-03-28T11:34:42","modified_gmt":"2026-03-28T09:34:42","slug":"the-ancient-monastic-complexes-of-tholing-nyarma-and-tabo-ebook","status":"publish","type":"product","link":"https:\/\/www.tugraz-verlag.at\/en\/gesamtverzeichnis\/architektur\/the-ancient-monastic-complexes-of-tholing-nyarma-and-tabo-ebook\/","title":{"rendered":"The Ancient Monastic Complexes of Tholing, Nyarma and Tabo"},"content":{"rendered":"<p>The third volume of the series entitled \u201cBuddhist Architecture of the Western Himalayas\u201d presents the monuments of the monasteries in Tholing, Nyarma and Tabo. These three monasteries were founded from the turn of the 10th to the 11th century and are a decisive testimony to the early development of the Kingdom of Guge.<\/p>\n<p>Tholing is located in the Ngari province of Western Tibet, near the border to India, and was the main monastery of the Kingdom of Guge because of its secular and religious importance. Nyarma is located in the wide plain of the Upper Indus River valley in Ladakh. Tabo monastery is located in the Spiti Valley of Himachal Pradesh, just 150 kilometres northwest of Tholing. While only an impressive field of ruins reminds visitors of Nyarma\u2019s former monastery complex, and some monuments in Tholing broke down during the Cultural Revolution, Tabo is the only one of these three monasteries to have been used without interruption to this day.<\/p>\n<p>With contributions by Birgit Androschin, Carmen Auer, Yannick Laurent and Holger Neuwirth. Double Peer Reviewed by Niels Gutschow and Rob Linrothe, commissioned by TU Graz University Press.<\/p>\n<p>Niels Gutschow: &#8220;Die TU Graz darf sich gl\u00fccklich sch\u00e4tzen, einem Team \u00fcber Jahre hinweg die M\u00f6glichkeit gegeben zu haben, in Ladakh, Spiti und im westlichen Tibet zu arbeiten. Die Ergebnisse sind f\u00fcr die Bau- und Kulturgeschichte der Himalaya Region von unsch\u00e4tzbarem Wert.&#8221;<\/p>\n<p>Rob Linrothe: &#8220;The book is a granular study of the remains based on detailed observations made on-site, through extensive photographic and other archival documentation in some cases going back nearly a century and a quarter. Each site is meticulously \u201creconstructed\u201d virtually, allowing for multifaceted examination of site, structure, materials, scale, orientation, and relationship with other later buildings at each site, enclosing walls, as well as comparisons among these and other early sites.&#8221;<br \/><\/p>","protected":false},"excerpt":{"rendered":"<p>The third volume of the series entitled \u201cBuddhist Architecture of the Western Himalayas\u201d presents the monuments of the monasteries in Tholing, Nyarma and Tabo. These three monasteries were founded from the turn of the 10th to the 11th century and are a decisive testimony to the early development of the Kingdom of Guge.<\/p>\n<p>Tholing is located in the Ngari province of Western Tibet, near the border to India, and was the main monastery of the Kingdom of Guge because of its secular and religious importance. Nyarma is located in the wide plain of the Upper Indus River valley in Ladakh. Tabo monastery is located in the Spiti Valley of Himachal Pradesh, just 150 kilometres northwest of Tholing. While only an impressive field of ruins reminds visitors of Nyarma\u2019s former monastery complex, and some monuments in Tholing broke down during the Cultural Revolution, Tabo is the only one of these three monasteries to have been used without interruption to this day.<\/p>\n<p>With contributions by Birgit Androschin, Carmen Auer, Yannick Laurent and Holger Neuwirth. Double Peer Reviewed by Niels Gutschow and Rob Linrothe, commissioned by TU Graz University Press.<\/p>\n<p>Niels Gutschow: &#8220;Die TU Graz darf sich gl\u00fccklich sch\u00e4tzen, einem Team \u00fcber Jahre hinweg die M\u00f6glichkeit gegeben zu haben, in Ladakh, Spiti und im westlichen Tibet zu arbeiten. Die Ergebnisse sind f\u00fcr die Bau- und Kulturgeschichte der Himalaya Region von unsch\u00e4tzbarem Wert.&#8221;<\/p>\n<p>Rob Linrothe: &#8220;The book is a granular study of the remains based on detailed observations made on-site, through extensive photographic and other archival documentation in some cases going back nearly a century and a quarter. Each site is meticulously \u201creconstructed\u201d virtually, allowing for multifaceted examination of site, structure, materials, scale, orientation, and relationship with other later buildings at each site, enclosing walls, as well as comparisons among these and other early sites.&#8221;<\/p>\n","protected":false},"featured_media":40914,"comment_status":"closed","ping_status":"closed","template":"","meta":{"_acf_changed":false},"product_brand":[],"product_cat":[1565,4343],"product_tag":[2886],"class_list":{"0":"post-40834","1":"product","2":"type-product","3":"status-publish","4":"has-post-thumbnail","6":"product_cat-architektur","7":"product_cat-peer-reviewed","8":"product_tag-architektur-himalaya-buddhistische-kloester","9":"autor-auer-carmen","10":"autor-neuwirth-holger","11":"reihe-buddhist-architecture-in-the-western-himalayas","13":"first","14":"instock","15":"downloadable","16":"virtual","17":"taxable","18":"product-type-simple"},"acf":[],"yoast_head":"<!-- This site is optimized with the Yoast SEO plugin v27.2 - https:\/\/yoast.com\/product\/yoast-seo-wordpress\/ -->\n<title>The Ancient Monastic Complexes of Tholing, Nyarma and Tabo - Verlag der TU Graz<\/title>\n<meta name=\"robots\" content=\"index, follow, max-snippet:-1, max-image-preview:large, max-video-preview:-1\" \/>\n<link rel=\"canonical\" href=\"https:\/\/www.tugraz-verlag.at\/en\/gesamtverzeichnis\/architektur\/the-ancient-monastic-complexes-of-tholing-nyarma-and-tabo-ebook\/\" \/>\n<meta property=\"og:locale\" content=\"en_US\" \/>\n<meta property=\"og:type\" content=\"article\" \/>\n<meta property=\"og:title\" content=\"The Ancient Monastic Complexes of Tholing, Nyarma and Tabo - Verlag der TU Graz\" \/>\n<meta property=\"og:description\" content=\"The third volume of the series entitled \u201cBuddhist Architecture of the Western Himalayas\u201d presents the monuments of the monasteries in Tholing, Nyarma and Tabo. These three monasteries were founded from the turn of the 10th to the 11th century and are a decisive testimony to the early development of the Kingdom of Guge.Tholing is located in the Ngari province of Western Tibet, near the border to India, and was the main monastery of the Kingdom of Guge because of its secular and religious importance. Nyarma is located in the wide plain of the Upper Indus River valley in Ladakh. Tabo monastery is located in the Spiti Valley of Himachal Pradesh, just 150 kilometres northwest of Tholing. While only an impressive field of ruins reminds visitors of Nyarma\u2019s former monastery complex, and some monuments in Tholing broke down during the Cultural Revolution, Tabo is the only one of these three monasteries to have been used without interruption to this day.With contributions by Birgit Androschin, Carmen Auer, Yannick Laurent and Holger Neuwirth. Double Peer Reviewed by Niels Gutschow and Rob Linrothe, commissioned by TU Graz University Press.Niels Gutschow: &quot;Die TU Graz darf sich gl\u00fccklich sch\u00e4tzen, einem Team \u00fcber Jahre hinweg die M\u00f6glichkeit gegeben zu haben, in Ladakh, Spiti und im westlichen Tibet zu arbeiten. Die Ergebnisse sind f\u00fcr die Bau- und Kulturgeschichte der Himalaya Region von unsch\u00e4tzbarem Wert.&quot;Rob Linrothe: &quot;The book is a granular study of the remains based on detailed observations made on-site, through extensive photographic and other archival documentation in some cases going back nearly a century and a quarter. Each site is meticulously \u201creconstructed\u201d virtually, allowing for multifaceted examination of site, structure, materials, scale, orientation, and relationship with other later buildings at each site, enclosing walls, as well as comparisons among these and other early sites.&quot;\" \/>\n<meta property=\"og:url\" content=\"https:\/\/www.tugraz-verlag.at\/en\/gesamtverzeichnis\/architektur\/the-ancient-monastic-complexes-of-tholing-nyarma-and-tabo-ebook\/\" \/>\n<meta property=\"og:site_name\" content=\"Verlag der TU Graz\" \/>\n<meta property=\"article:modified_time\" content=\"2026-03-28T09:34:42+00:00\" \/>\n<meta property=\"og:image\" content=\"https:\/\/www.tugraz-verlag.at\/wp-content\/uploads\/asolmerce\/image-978-3-85125-775-5.jpg\" \/>\n\t<meta property=\"og:image:width\" content=\"392\" \/>\n\t<meta property=\"og:image:height\" content=\"522\" \/>\n\t<meta property=\"og:image:type\" content=\"image\/jpeg\" \/>\n<meta name=\"twitter:card\" content=\"summary_large_image\" \/>\n<meta name=\"twitter:label1\" content=\"Est. reading time\" \/>\n\t<meta name=\"twitter:data1\" content=\"3 minutes\" \/>\n<script type=\"application\/ld+json\" class=\"yoast-schema-graph\">{\"@context\":\"https:\/\/schema.org\",\"@graph\":[{\"@type\":\"WebPage\",\"@id\":\"https:\/\/www.tugraz-verlag.at\/en\/gesamtverzeichnis\/architektur\/the-ancient-monastic-complexes-of-tholing-nyarma-and-tabo-ebook\/\",\"url\":\"https:\/\/www.tugraz-verlag.at\/en\/gesamtverzeichnis\/architektur\/the-ancient-monastic-complexes-of-tholing-nyarma-and-tabo-ebook\/\",\"name\":\"The Ancient Monastic Complexes of Tholing, Nyarma and Tabo - Verlag der TU Graz\",\"isPartOf\":{\"@id\":\"https:\/\/www.tugraz-verlag.at\/en\/#website\"},\"primaryImageOfPage\":{\"@id\":\"https:\/\/www.tugraz-verlag.at\/en\/gesamtverzeichnis\/architektur\/the-ancient-monastic-complexes-of-tholing-nyarma-and-tabo-ebook\/#primaryimage\"},\"image\":{\"@id\":\"https:\/\/www.tugraz-verlag.at\/en\/gesamtverzeichnis\/architektur\/the-ancient-monastic-complexes-of-tholing-nyarma-and-tabo-ebook\/#primaryimage\"},\"thumbnailUrl\":\"https:\/\/www.tugraz-verlag.at\/wp-content\/uploads\/asolmerce\/image-978-3-85125-775-5.jpg\",\"datePublished\":\"2026-03-28T07:33:42+00:00\",\"dateModified\":\"2026-03-28T09:34:42+00:00\",\"breadcrumb\":{\"@id\":\"https:\/\/www.tugraz-verlag.at\/en\/gesamtverzeichnis\/architektur\/the-ancient-monastic-complexes-of-tholing-nyarma-and-tabo-ebook\/#breadcrumb\"},\"inLanguage\":\"en-US\",\"potentialAction\":[{\"@type\":\"ReadAction\",\"target\":[[\"https:\/\/www.tugraz-verlag.at\/en\/gesamtverzeichnis\/architektur\/the-ancient-monastic-complexes-of-tholing-nyarma-and-tabo-ebook\/\"]]}]},{\"@type\":\"ImageObject\",\"inLanguage\":\"en-US\",\"@id\":\"https:\/\/www.tugraz-verlag.at\/en\/gesamtverzeichnis\/architektur\/the-ancient-monastic-complexes-of-tholing-nyarma-and-tabo-ebook\/#primaryimage\",\"url\":\"https:\/\/www.tugraz-verlag.at\/wp-content\/uploads\/asolmerce\/image-978-3-85125-775-5.jpg\",\"contentUrl\":\"https:\/\/www.tugraz-verlag.at\/wp-content\/uploads\/asolmerce\/image-978-3-85125-775-5.jpg\",\"width\":392,\"height\":522},{\"@type\":\"BreadcrumbList\",\"@id\":\"https:\/\/www.tugraz-verlag.at\/en\/gesamtverzeichnis\/architektur\/the-ancient-monastic-complexes-of-tholing-nyarma-and-tabo-ebook\/#breadcrumb\",\"itemListElement\":[{\"@type\":\"ListItem\",\"position\":1,\"name\":\"Home\",\"item\":\"https:\/\/www.tugraz-verlag.at\/en\/\"},{\"@type\":\"ListItem\",\"position\":2,\"name\":\"Gesamtverzeichnis\",\"item\":\"https:\/\/www.tugraz-verlag.at\/en\/gesamtverzeichnis\/\"},{\"@type\":\"ListItem\",\"position\":3,\"name\":\"The Ancient Monastic Complexes of Tholing, Nyarma and Tabo\"}]},{\"@type\":\"WebSite\",\"@id\":\"https:\/\/www.tugraz-verlag.at\/en\/#website\",\"url\":\"https:\/\/www.tugraz-verlag.at\/en\/\",\"name\":\"Verlag der TU Graz\",\"description\":\"Verlag der Technischen Universit\u00e4t Graz\",\"potentialAction\":[{\"@type\":\"SearchAction\",\"target\":{\"@type\":\"EntryPoint\",\"urlTemplate\":\"https:\/\/www.tugraz-verlag.at\/en\/?s={search_term_string}\"},\"query-input\":{\"@type\":\"PropertyValueSpecification\",\"valueRequired\":true,\"valueName\":\"search_term_string\"}}],\"inLanguage\":\"en-US\"}]}<\/script>\n<!-- \/ Yoast SEO plugin. -->","yoast_head_json":{"title":"The Ancient Monastic Complexes of Tholing, Nyarma and Tabo - Verlag der TU Graz","robots":{"index":"index","follow":"follow","max-snippet":"max-snippet:-1","max-image-preview":"max-image-preview:large","max-video-preview":"max-video-preview:-1"},"canonical":"https:\/\/www.tugraz-verlag.at\/en\/gesamtverzeichnis\/architektur\/the-ancient-monastic-complexes-of-tholing-nyarma-and-tabo-ebook\/","og_locale":"en_US","og_type":"article","og_title":"The Ancient Monastic Complexes of Tholing, Nyarma and Tabo - Verlag der TU Graz","og_description":"The third volume of the series entitled \u201cBuddhist Architecture of the Western Himalayas\u201d presents the monuments of the monasteries in Tholing, Nyarma and Tabo. These three monasteries were founded from the turn of the 10th to the 11th century and are a decisive testimony to the early development of the Kingdom of Guge.Tholing is located in the Ngari province of Western Tibet, near the border to India, and was the main monastery of the Kingdom of Guge because of its secular and religious importance. Nyarma is located in the wide plain of the Upper Indus River valley in Ladakh. Tabo monastery is located in the Spiti Valley of Himachal Pradesh, just 150 kilometres northwest of Tholing. While only an impressive field of ruins reminds visitors of Nyarma\u2019s former monastery complex, and some monuments in Tholing broke down during the Cultural Revolution, Tabo is the only one of these three monasteries to have been used without interruption to this day.With contributions by Birgit Androschin, Carmen Auer, Yannick Laurent and Holger Neuwirth. Double Peer Reviewed by Niels Gutschow and Rob Linrothe, commissioned by TU Graz University Press.Niels Gutschow: \"Die TU Graz darf sich gl\u00fccklich sch\u00e4tzen, einem Team \u00fcber Jahre hinweg die M\u00f6glichkeit gegeben zu haben, in Ladakh, Spiti und im westlichen Tibet zu arbeiten. Die Ergebnisse sind f\u00fcr die Bau- und Kulturgeschichte der Himalaya Region von unsch\u00e4tzbarem Wert.\"Rob Linrothe: \"The book is a granular study of the remains based on detailed observations made on-site, through extensive photographic and other archival documentation in some cases going back nearly a century and a quarter. Each site is meticulously \u201creconstructed\u201d virtually, allowing for multifaceted examination of site, structure, materials, scale, orientation, and relationship with other later buildings at each site, enclosing walls, as well as comparisons among these and other early sites.\"","og_url":"https:\/\/www.tugraz-verlag.at\/en\/gesamtverzeichnis\/architektur\/the-ancient-monastic-complexes-of-tholing-nyarma-and-tabo-ebook\/","og_site_name":"Verlag der TU Graz","article_modified_time":"2026-03-28T09:34:42+00:00","og_image":[{"width":392,"height":522,"url":"https:\/\/www.tugraz-verlag.at\/wp-content\/uploads\/asolmerce\/image-978-3-85125-775-5.jpg","type":"image\/jpeg"}],"twitter_card":"summary_large_image","twitter_misc":{"Est. reading time":"3 minutes"},"schema":{"@context":"https:\/\/schema.org","@graph":[{"@type":"WebPage","@id":"https:\/\/www.tugraz-verlag.at\/en\/gesamtverzeichnis\/architektur\/the-ancient-monastic-complexes-of-tholing-nyarma-and-tabo-ebook\/","url":"https:\/\/www.tugraz-verlag.at\/en\/gesamtverzeichnis\/architektur\/the-ancient-monastic-complexes-of-tholing-nyarma-and-tabo-ebook\/","name":"The Ancient Monastic Complexes of Tholing, Nyarma and Tabo - Verlag der TU Graz","isPartOf":{"@id":"https:\/\/www.tugraz-verlag.at\/en\/#website"},"primaryImageOfPage":{"@id":"https:\/\/www.tugraz-verlag.at\/en\/gesamtverzeichnis\/architektur\/the-ancient-monastic-complexes-of-tholing-nyarma-and-tabo-ebook\/#primaryimage"},"image":{"@id":"https:\/\/www.tugraz-verlag.at\/en\/gesamtverzeichnis\/architektur\/the-ancient-monastic-complexes-of-tholing-nyarma-and-tabo-ebook\/#primaryimage"},"thumbnailUrl":"https:\/\/www.tugraz-verlag.at\/wp-content\/uploads\/asolmerce\/image-978-3-85125-775-5.jpg","datePublished":"2026-03-28T07:33:42+00:00","dateModified":"2026-03-28T09:34:42+00:00","breadcrumb":{"@id":"https:\/\/www.tugraz-verlag.at\/en\/gesamtverzeichnis\/architektur\/the-ancient-monastic-complexes-of-tholing-nyarma-and-tabo-ebook\/#breadcrumb"},"inLanguage":"en-US","potentialAction":[{"@type":"ReadAction","target":[["https:\/\/www.tugraz-verlag.at\/en\/gesamtverzeichnis\/architektur\/the-ancient-monastic-complexes-of-tholing-nyarma-and-tabo-ebook\/"]]}]},{"@type":"ImageObject","inLanguage":"en-US","@id":"https:\/\/www.tugraz-verlag.at\/en\/gesamtverzeichnis\/architektur\/the-ancient-monastic-complexes-of-tholing-nyarma-and-tabo-ebook\/#primaryimage","url":"https:\/\/www.tugraz-verlag.at\/wp-content\/uploads\/asolmerce\/image-978-3-85125-775-5.jpg","contentUrl":"https:\/\/www.tugraz-verlag.at\/wp-content\/uploads\/asolmerce\/image-978-3-85125-775-5.jpg","width":392,"height":522},{"@type":"BreadcrumbList","@id":"https:\/\/www.tugraz-verlag.at\/en\/gesamtverzeichnis\/architektur\/the-ancient-monastic-complexes-of-tholing-nyarma-and-tabo-ebook\/#breadcrumb","itemListElement":[{"@type":"ListItem","position":1,"name":"Home","item":"https:\/\/www.tugraz-verlag.at\/en\/"},{"@type":"ListItem","position":2,"name":"Gesamtverzeichnis","item":"https:\/\/www.tugraz-verlag.at\/en\/gesamtverzeichnis\/"},{"@type":"ListItem","position":3,"name":"The Ancient Monastic Complexes of Tholing, Nyarma and Tabo"}]},{"@type":"WebSite","@id":"https:\/\/www.tugraz-verlag.at\/en\/#website","url":"https:\/\/www.tugraz-verlag.at\/en\/","name":"Verlag der TU Graz","description":"Verlag der Technischen Universit\u00e4t Graz","potentialAction":[{"@type":"SearchAction","target":{"@type":"EntryPoint","urlTemplate":"https:\/\/www.tugraz-verlag.at\/en\/?s={search_term_string}"},"query-input":{"@type":"PropertyValueSpecification","valueRequired":true,"valueName":"search_term_string"}}],"inLanguage":"en-US"}]}},"_links":{"self":[{"href":"https:\/\/www.tugraz-verlag.at\/en\/wp-json\/wp\/v2\/product\/40834","targetHints":{"allow":["GET"]}}],"collection":[{"href":"https:\/\/www.tugraz-verlag.at\/en\/wp-json\/wp\/v2\/product"}],"about":[{"href":"https:\/\/www.tugraz-verlag.at\/en\/wp-json\/wp\/v2\/types\/product"}],"replies":[{"embeddable":true,"href":"https:\/\/www.tugraz-verlag.at\/en\/wp-json\/wp\/v2\/comments?post=40834"}],"wp:featuredmedia":[{"embeddable":true,"href":"https:\/\/www.tugraz-verlag.at\/en\/wp-json\/wp\/v2\/media\/40914"}],"wp:attachment":[{"href":"https:\/\/www.tugraz-verlag.at\/en\/wp-json\/wp\/v2\/media?parent=40834"}],"wp:term":[{"taxonomy":"product_brand","embeddable":true,"href":"https:\/\/www.tugraz-verlag.at\/en\/wp-json\/wp\/v2\/product_brand?post=40834"},{"taxonomy":"product_cat","embeddable":true,"href":"https:\/\/www.tugraz-verlag.at\/en\/wp-json\/wp\/v2\/product_cat?post=40834"},{"taxonomy":"product_tag","embeddable":true,"href":"https:\/\/www.tugraz-verlag.at\/en\/wp-json\/wp\/v2\/product_tag?post=40834"}],"curies":[{"name":"wp","href":"https:\/\/api.w.org\/{rel}","templated":true}]}}