{"id":40809,"date":"2026-03-28T07:33:42","date_gmt":"2026-03-28T07:33:42","guid":{"rendered":"https:\/\/www.tugraz-verlag.at\/gesamtverzeichnis\/unkategorisiert\/bauunternehmensfuehrung-2017-2\/"},"modified":"2026-03-28T11:34:42","modified_gmt":"2026-03-28T09:34:42","slug":"bauunternehmensfuehrung-2017-2","status":"publish","type":"product","link":"https:\/\/www.tugraz-verlag.at\/en\/gesamtverzeichnis\/bauingenieurwissenschaften\/bauunternehmensfuehrung-2017-2\/","title":{"rendered":"Bauunternehmensf\u00fchrung 2017"},"content":{"rendered":"<p class=\"qtranxs-available-languages-message qtranxs-available-languages-message-en\">This entry is only available in German<\/p><p>Im ersten Band der Seminarreihe \u201eBauunternehmensf\u00fchrung\u201c werden die Herausforderungen von Bauingenieuren und v.a. von Bauunternehmern an der Schnittstelle zwischen Bauingenieurwesen und Betriebswirtschaftslehre aus theoretischer und praktischer Sicht aufgearbeitet, denn nicht nur bautechnisches Wissen sondern eben auch betriebswirtschaftliches Know-how werden von F\u00fchrungskr\u00e4ften zunehmend erwartet. <br \/>In den theoretischen Abhandlungen, die unter dem Titel \u201eTheorie \u2013 Perspektiven\u201c stehen, wird ein weites Spektrum an Themengebieten abgedeckt. Themen wie z.B. die Digitalisierung in der Bauwirtschaft oder eine spielerisch aufbereitete Bauunternehmenssimulation, in der die Auswirkungen von unternehmerischen Aktivit\u00e4ten auf die Bilanz sowie die Gewinn- und Verlustrechnung in der Baupraxis aufgezeigt werden, leisten einen Beitrag zur Vertiefung von betriebswirtschaftlichem Wissen. <br \/>Im zweiten gro\u00dfen Schwerpunkt des Buches \u201eStandpunkte\u201c werden die theoretischen Inhalte durch Interviews von F\u00fchrungskr\u00e4ften der Bauwirtschaft erg\u00e4nzt. Bei der Auswahl der Interviewpartner wurde darauf geachtet, ein ganzheitliches Bild aller am Bau Beteiligten zu schaffen. Sie finden nicht nur Interviews mit Unternehmenseigent\u00fcmern sondern auch Interviews zu Themen wie z.B. dem Berufsbild des Ziviltechnikers, die soziale Verantwortung im Unternehmertum oder Innovationen in der Bauwirtschaft.<br \/><\/p>","protected":false},"excerpt":{"rendered":"<p class=\"qtranxs-available-languages-message qtranxs-available-languages-message-en\">This entry is only available in German<\/p>\n<p>Im ersten Band der Seminarreihe \u201eBauunternehmensf\u00fchrung\u201c werden die Herausforderungen von Bauingenieuren und v.a. von Bauunternehmern an der Schnittstelle zwischen Bauingenieurwesen und Betriebswirtschaftslehre aus theoretischer und praktischer Sicht aufgearbeitet, denn nicht nur bautechnisches Wissen sondern eben auch betriebswirtschaftliches Know-how werden von F\u00fchrungskr\u00e4ften zunehmend erwartet. <br \/>In den theoretischen Abhandlungen, die unter dem Titel \u201eTheorie \u2013 Perspektiven\u201c stehen, wird ein weites Spektrum an Themengebieten abgedeckt. Themen wie z.B. die Digitalisierung in der Bauwirtschaft oder eine spielerisch aufbereitete Bauunternehmenssimulation, in der die Auswirkungen von unternehmerischen Aktivit\u00e4ten auf die Bilanz sowie die Gewinn- und Verlustrechnung in der Baupraxis aufgezeigt werden, leisten einen Beitrag zur Vertiefung von betriebswirtschaftlichem Wissen. <br \/>Im zweiten gro\u00dfen Schwerpunkt des Buches \u201eStandpunkte\u201c werden die theoretischen Inhalte durch Interviews von F\u00fchrungskr\u00e4ften der Bauwirtschaft erg\u00e4nzt. Bei der Auswahl der Interviewpartner wurde darauf geachtet, ein ganzheitliches Bild aller am Bau Beteiligten zu schaffen. Sie finden nicht nur Interviews mit Unternehmenseigent\u00fcmern sondern auch Interviews zu Themen wie z.B. dem Berufsbild des Ziviltechnikers, die soziale Verantwortung im Unternehmertum oder Innovationen in der Bauwirtschaft.<\/p>\n","protected":false},"featured_media":40810,"comment_status":"closed","ping_status":"closed","template":"","meta":{"_acf_changed":false},"product_brand":[],"product_cat":[1627],"product_tag":[3316],"class_list":{"0":"post-40809","1":"product","2":"type-product","3":"status-publish","4":"has-post-thumbnail","6":"product_cat-bauingenieurwissenschaften","7":"product_tag-bauunternehmensfuehrung-baubetriebswirtschaft-baumanagement-theorie-trifft-praxis-in-der-bauwirtschaft","8":"autor-mauerhofer-gottfried","9":"autor-michael-kraninger","10":"reihe-seminarreihe-bauunternehmensfuehrung","12":"first","13":"instock","14":"taxable","15":"shipping-taxable","16":"purchasable","17":"product-type-simple"},"acf":[],"yoast_head":"<!-- This site is optimized with the Yoast SEO plugin v27.2 - https:\/\/yoast.com\/product\/yoast-seo-wordpress\/ -->\n<title>Bauunternehmensf\u00fchrung 2017 - Verlag der TU Graz<\/title>\n<meta name=\"robots\" content=\"index, follow, max-snippet:-1, max-image-preview:large, max-video-preview:-1\" \/>\n<link rel=\"canonical\" href=\"https:\/\/www.tugraz-verlag.at\/en\/gesamtverzeichnis\/bauingenieurwissenschaften\/bauunternehmensfuehrung-2017-2\/\" \/>\n<meta property=\"og:locale\" content=\"en_US\" \/>\n<meta property=\"og:type\" content=\"article\" \/>\n<meta property=\"og:title\" content=\"Bauunternehmensf\u00fchrung 2017 - Verlag der TU Graz\" \/>\n<meta property=\"og:description\" content=\"Im ersten Band der Seminarreihe \u201eBauunternehmensf\u00fchrung\u201c werden die Herausforderungen von Bauingenieuren und v.a. von Bauunternehmern an der Schnittstelle zwischen Bauingenieurwesen und Betriebswirtschaftslehre aus theoretischer und praktischer Sicht aufgearbeitet, denn nicht nur bautechnisches Wissen sondern eben auch betriebswirtschaftliches Know-how werden von F\u00fchrungskr\u00e4ften zunehmend erwartet. In den theoretischen Abhandlungen, die unter dem Titel \u201eTheorie \u2013 Perspektiven\u201c stehen, wird ein weites Spektrum an Themengebieten abgedeckt. Themen wie z.B. die Digitalisierung in der Bauwirtschaft oder eine spielerisch aufbereitete Bauunternehmenssimulation, in der die Auswirkungen von unternehmerischen Aktivit\u00e4ten auf die Bilanz sowie die Gewinn- und Verlustrechnung in der Baupraxis aufgezeigt werden, leisten einen Beitrag zur Vertiefung von betriebswirtschaftlichem Wissen. Im zweiten gro\u00dfen Schwerpunkt des Buches \u201eStandpunkte\u201c werden die theoretischen Inhalte durch Interviews von F\u00fchrungskr\u00e4ften der Bauwirtschaft erg\u00e4nzt. Bei der Auswahl der Interviewpartner wurde darauf geachtet, ein ganzheitliches Bild aller am Bau Beteiligten zu schaffen. Sie finden nicht nur Interviews mit Unternehmenseigent\u00fcmern sondern auch Interviews zu Themen wie z.B. dem Berufsbild des Ziviltechnikers, die soziale Verantwortung im Unternehmertum oder Innovationen in der Bauwirtschaft.\" \/>\n<meta property=\"og:url\" content=\"https:\/\/www.tugraz-verlag.at\/en\/gesamtverzeichnis\/bauingenieurwissenschaften\/bauunternehmensfuehrung-2017-2\/\" \/>\n<meta property=\"og:site_name\" content=\"Verlag der TU Graz\" \/>\n<meta property=\"article:modified_time\" content=\"2026-03-28T09:34:42+00:00\" \/>\n<meta property=\"og:image\" content=\"https:\/\/www.tugraz-verlag.at\/wp-content\/uploads\/asolmerce\/image-1136.jpg\" \/>\n\t<meta property=\"og:image:width\" content=\"679\" \/>\n\t<meta property=\"og:image:height\" content=\"681\" \/>\n\t<meta property=\"og:image:type\" content=\"image\/jpeg\" \/>\n<meta name=\"twitter:card\" content=\"summary_large_image\" \/>\n<meta name=\"twitter:label1\" content=\"Est. reading time\" \/>\n\t<meta name=\"twitter:data1\" content=\"1 minute\" \/>\n<script type=\"application\/ld+json\" class=\"yoast-schema-graph\">{\"@context\":\"https:\/\/schema.org\",\"@graph\":[{\"@type\":\"WebPage\",\"@id\":\"https:\/\/www.tugraz-verlag.at\/en\/gesamtverzeichnis\/bauingenieurwissenschaften\/bauunternehmensfuehrung-2017-2\/\",\"url\":\"https:\/\/www.tugraz-verlag.at\/en\/gesamtverzeichnis\/bauingenieurwissenschaften\/bauunternehmensfuehrung-2017-2\/\",\"name\":\"Bauunternehmensf\u00fchrung 2017 - Verlag der TU Graz\",\"isPartOf\":{\"@id\":\"https:\/\/www.tugraz-verlag.at\/en\/#website\"},\"primaryImageOfPage\":{\"@id\":\"https:\/\/www.tugraz-verlag.at\/en\/gesamtverzeichnis\/bauingenieurwissenschaften\/bauunternehmensfuehrung-2017-2\/#primaryimage\"},\"image\":{\"@id\":\"https:\/\/www.tugraz-verlag.at\/en\/gesamtverzeichnis\/bauingenieurwissenschaften\/bauunternehmensfuehrung-2017-2\/#primaryimage\"},\"thumbnailUrl\":\"https:\/\/www.tugraz-verlag.at\/wp-content\/uploads\/asolmerce\/image-1136.jpg\",\"datePublished\":\"2026-03-28T07:33:42+00:00\",\"dateModified\":\"2026-03-28T09:34:42+00:00\",\"breadcrumb\":{\"@id\":\"https:\/\/www.tugraz-verlag.at\/en\/gesamtverzeichnis\/bauingenieurwissenschaften\/bauunternehmensfuehrung-2017-2\/#breadcrumb\"},\"inLanguage\":\"en-US\",\"potentialAction\":[{\"@type\":\"ReadAction\",\"target\":[[\"https:\/\/www.tugraz-verlag.at\/en\/gesamtverzeichnis\/bauingenieurwissenschaften\/bauunternehmensfuehrung-2017-2\/\"]]}]},{\"@type\":\"ImageObject\",\"inLanguage\":\"en-US\",\"@id\":\"https:\/\/www.tugraz-verlag.at\/en\/gesamtverzeichnis\/bauingenieurwissenschaften\/bauunternehmensfuehrung-2017-2\/#primaryimage\",\"url\":\"https:\/\/www.tugraz-verlag.at\/wp-content\/uploads\/asolmerce\/image-1136.jpg\",\"contentUrl\":\"https:\/\/www.tugraz-verlag.at\/wp-content\/uploads\/asolmerce\/image-1136.jpg\",\"width\":679,\"height\":681},{\"@type\":\"BreadcrumbList\",\"@id\":\"https:\/\/www.tugraz-verlag.at\/en\/gesamtverzeichnis\/bauingenieurwissenschaften\/bauunternehmensfuehrung-2017-2\/#breadcrumb\",\"itemListElement\":[{\"@type\":\"ListItem\",\"position\":1,\"name\":\"Home\",\"item\":\"https:\/\/www.tugraz-verlag.at\/en\/\"},{\"@type\":\"ListItem\",\"position\":2,\"name\":\"Gesamtverzeichnis\",\"item\":\"https:\/\/www.tugraz-verlag.at\/en\/gesamtverzeichnis\/\"},{\"@type\":\"ListItem\",\"position\":3,\"name\":\"Bauunternehmensf\u00fchrung 2017\"}]},{\"@type\":\"WebSite\",\"@id\":\"https:\/\/www.tugraz-verlag.at\/en\/#website\",\"url\":\"https:\/\/www.tugraz-verlag.at\/en\/\",\"name\":\"Verlag der TU Graz\",\"description\":\"Verlag der Technischen Universit\u00e4t Graz\",\"potentialAction\":[{\"@type\":\"SearchAction\",\"target\":{\"@type\":\"EntryPoint\",\"urlTemplate\":\"https:\/\/www.tugraz-verlag.at\/en\/?s={search_term_string}\"},\"query-input\":{\"@type\":\"PropertyValueSpecification\",\"valueRequired\":true,\"valueName\":\"search_term_string\"}}],\"inLanguage\":\"en-US\"}]}<\/script>\n<!-- \/ Yoast SEO plugin. -->","yoast_head_json":{"title":"Bauunternehmensf\u00fchrung 2017 - Verlag der TU Graz","robots":{"index":"index","follow":"follow","max-snippet":"max-snippet:-1","max-image-preview":"max-image-preview:large","max-video-preview":"max-video-preview:-1"},"canonical":"https:\/\/www.tugraz-verlag.at\/en\/gesamtverzeichnis\/bauingenieurwissenschaften\/bauunternehmensfuehrung-2017-2\/","og_locale":"en_US","og_type":"article","og_title":"Bauunternehmensf\u00fchrung 2017 - Verlag der TU Graz","og_description":"Im ersten Band der Seminarreihe \u201eBauunternehmensf\u00fchrung\u201c werden die Herausforderungen von Bauingenieuren und v.a. von Bauunternehmern an der Schnittstelle zwischen Bauingenieurwesen und Betriebswirtschaftslehre aus theoretischer und praktischer Sicht aufgearbeitet, denn nicht nur bautechnisches Wissen sondern eben auch betriebswirtschaftliches Know-how werden von F\u00fchrungskr\u00e4ften zunehmend erwartet. In den theoretischen Abhandlungen, die unter dem Titel \u201eTheorie \u2013 Perspektiven\u201c stehen, wird ein weites Spektrum an Themengebieten abgedeckt. Themen wie z.B. die Digitalisierung in der Bauwirtschaft oder eine spielerisch aufbereitete Bauunternehmenssimulation, in der die Auswirkungen von unternehmerischen Aktivit\u00e4ten auf die Bilanz sowie die Gewinn- und Verlustrechnung in der Baupraxis aufgezeigt werden, leisten einen Beitrag zur Vertiefung von betriebswirtschaftlichem Wissen. Im zweiten gro\u00dfen Schwerpunkt des Buches \u201eStandpunkte\u201c werden die theoretischen Inhalte durch Interviews von F\u00fchrungskr\u00e4ften der Bauwirtschaft erg\u00e4nzt. Bei der Auswahl der Interviewpartner wurde darauf geachtet, ein ganzheitliches Bild aller am Bau Beteiligten zu schaffen. Sie finden nicht nur Interviews mit Unternehmenseigent\u00fcmern sondern auch Interviews zu Themen wie z.B. dem Berufsbild des Ziviltechnikers, die soziale Verantwortung im Unternehmertum oder Innovationen in der Bauwirtschaft.","og_url":"https:\/\/www.tugraz-verlag.at\/en\/gesamtverzeichnis\/bauingenieurwissenschaften\/bauunternehmensfuehrung-2017-2\/","og_site_name":"Verlag der TU Graz","article_modified_time":"2026-03-28T09:34:42+00:00","og_image":[{"width":679,"height":681,"url":"https:\/\/www.tugraz-verlag.at\/wp-content\/uploads\/asolmerce\/image-1136.jpg","type":"image\/jpeg"}],"twitter_card":"summary_large_image","twitter_misc":{"Est. reading time":"1 minute"},"schema":{"@context":"https:\/\/schema.org","@graph":[{"@type":"WebPage","@id":"https:\/\/www.tugraz-verlag.at\/en\/gesamtverzeichnis\/bauingenieurwissenschaften\/bauunternehmensfuehrung-2017-2\/","url":"https:\/\/www.tugraz-verlag.at\/en\/gesamtverzeichnis\/bauingenieurwissenschaften\/bauunternehmensfuehrung-2017-2\/","name":"Bauunternehmensf\u00fchrung 2017 - Verlag der TU Graz","isPartOf":{"@id":"https:\/\/www.tugraz-verlag.at\/en\/#website"},"primaryImageOfPage":{"@id":"https:\/\/www.tugraz-verlag.at\/en\/gesamtverzeichnis\/bauingenieurwissenschaften\/bauunternehmensfuehrung-2017-2\/#primaryimage"},"image":{"@id":"https:\/\/www.tugraz-verlag.at\/en\/gesamtverzeichnis\/bauingenieurwissenschaften\/bauunternehmensfuehrung-2017-2\/#primaryimage"},"thumbnailUrl":"https:\/\/www.tugraz-verlag.at\/wp-content\/uploads\/asolmerce\/image-1136.jpg","datePublished":"2026-03-28T07:33:42+00:00","dateModified":"2026-03-28T09:34:42+00:00","breadcrumb":{"@id":"https:\/\/www.tugraz-verlag.at\/en\/gesamtverzeichnis\/bauingenieurwissenschaften\/bauunternehmensfuehrung-2017-2\/#breadcrumb"},"inLanguage":"en-US","potentialAction":[{"@type":"ReadAction","target":[["https:\/\/www.tugraz-verlag.at\/en\/gesamtverzeichnis\/bauingenieurwissenschaften\/bauunternehmensfuehrung-2017-2\/"]]}]},{"@type":"ImageObject","inLanguage":"en-US","@id":"https:\/\/www.tugraz-verlag.at\/en\/gesamtverzeichnis\/bauingenieurwissenschaften\/bauunternehmensfuehrung-2017-2\/#primaryimage","url":"https:\/\/www.tugraz-verlag.at\/wp-content\/uploads\/asolmerce\/image-1136.jpg","contentUrl":"https:\/\/www.tugraz-verlag.at\/wp-content\/uploads\/asolmerce\/image-1136.jpg","width":679,"height":681},{"@type":"BreadcrumbList","@id":"https:\/\/www.tugraz-verlag.at\/en\/gesamtverzeichnis\/bauingenieurwissenschaften\/bauunternehmensfuehrung-2017-2\/#breadcrumb","itemListElement":[{"@type":"ListItem","position":1,"name":"Home","item":"https:\/\/www.tugraz-verlag.at\/en\/"},{"@type":"ListItem","position":2,"name":"Gesamtverzeichnis","item":"https:\/\/www.tugraz-verlag.at\/en\/gesamtverzeichnis\/"},{"@type":"ListItem","position":3,"name":"Bauunternehmensf\u00fchrung 2017"}]},{"@type":"WebSite","@id":"https:\/\/www.tugraz-verlag.at\/en\/#website","url":"https:\/\/www.tugraz-verlag.at\/en\/","name":"Verlag der TU Graz","description":"Verlag der Technischen Universit\u00e4t Graz","potentialAction":[{"@type":"SearchAction","target":{"@type":"EntryPoint","urlTemplate":"https:\/\/www.tugraz-verlag.at\/en\/?s={search_term_string}"},"query-input":{"@type":"PropertyValueSpecification","valueRequired":true,"valueName":"search_term_string"}}],"inLanguage":"en-US"}]}},"_links":{"self":[{"href":"https:\/\/www.tugraz-verlag.at\/en\/wp-json\/wp\/v2\/product\/40809","targetHints":{"allow":["GET"]}}],"collection":[{"href":"https:\/\/www.tugraz-verlag.at\/en\/wp-json\/wp\/v2\/product"}],"about":[{"href":"https:\/\/www.tugraz-verlag.at\/en\/wp-json\/wp\/v2\/types\/product"}],"replies":[{"embeddable":true,"href":"https:\/\/www.tugraz-verlag.at\/en\/wp-json\/wp\/v2\/comments?post=40809"}],"wp:featuredmedia":[{"embeddable":true,"href":"https:\/\/www.tugraz-verlag.at\/en\/wp-json\/wp\/v2\/media\/40810"}],"wp:attachment":[{"href":"https:\/\/www.tugraz-verlag.at\/en\/wp-json\/wp\/v2\/media?parent=40809"}],"wp:term":[{"taxonomy":"product_brand","embeddable":true,"href":"https:\/\/www.tugraz-verlag.at\/en\/wp-json\/wp\/v2\/product_brand?post=40809"},{"taxonomy":"product_cat","embeddable":true,"href":"https:\/\/www.tugraz-verlag.at\/en\/wp-json\/wp\/v2\/product_cat?post=40809"},{"taxonomy":"product_tag","embeddable":true,"href":"https:\/\/www.tugraz-verlag.at\/en\/wp-json\/wp\/v2\/product_tag?post=40809"}],"curies":[{"name":"wp","href":"https:\/\/api.w.org\/{rel}","templated":true}]}}