{"id":40616,"date":"2026-03-28T07:33:35","date_gmt":"2026-03-28T07:33:35","guid":{"rendered":"https:\/\/www.tugraz-verlag.at\/gesamtverzeichnis\/unkategorisiert\/empty-product-container\/"},"modified":"2026-03-28T11:34:35","modified_gmt":"2026-03-28T09:34:35","slug":"institut-fuer-gebaeudelehre-jahrbuch-19-20","status":"publish","type":"product","link":"https:\/\/www.tugraz-verlag.at\/en\/gesamtverzeichnis\/architektur\/institut-fuer-gebaeudelehre-jahrbuch-19-20\/","title":{"rendered":"Institut f\u00fcr Geb\u00e4udelehre &#8211; Jahrbuch 19\/20"},"content":{"rendered":"<p class=\"qtranxs-available-languages-message qtranxs-available-languages-message-en\">This entry is only available in German<\/p><p>Mit dem Jahrbuch 19\/20 dokumentiert das Institut f\u00fcr Geb\u00e4udelehre ausgew\u00e4hlte Ergebnisse seiner Entwurfslehre aus dem Studienjahr 2019\/20. Masterarbeiten sowie Lehrveranstaltungen aus Master- und Bachelorstudium werden vorgestellt und geben Einblick in Themenstellungen, Entwurfsprozesse und Projekte.<br \/><\/p>","protected":false},"excerpt":{"rendered":"<p class=\"qtranxs-available-languages-message qtranxs-available-languages-message-en\">This entry is only available in German<\/p>\n<p>Mit dem Jahrbuch 19\/20 dokumentiert das Institut f\u00fcr Geb\u00e4udelehre ausgew\u00e4hlte Ergebnisse seiner Entwurfslehre aus dem Studienjahr 2019\/20. Masterarbeiten sowie Lehrveranstaltungen aus Master- und Bachelorstudium werden vorgestellt und geben Einblick in Themenstellungen, Entwurfsprozesse und Projekte.<\/p>\n","protected":false},"featured_media":40867,"comment_status":"closed","ping_status":"closed","template":"","meta":{"_acf_changed":false},"product_brand":[],"product_cat":[1565],"product_tag":[3560],"class_list":{"0":"post-40616","1":"product","2":"type-product","3":"status-publish","4":"has-post-thumbnail","6":"product_cat-architektur","7":"product_tag-architektur-entwerfen-gebaeudelehre","8":"autor-gangoly-hans","10":"first","11":"instock","12":"taxable","13":"shipping-taxable","14":"purchasable","15":"product-type-simple"},"acf":[],"yoast_head":"<!-- This site is optimized with the Yoast SEO plugin v27.2 - https:\/\/yoast.com\/product\/yoast-seo-wordpress\/ -->\n<title>Institut f\u00fcr Geb\u00e4udelehre - Jahrbuch 19\/20 - Verlag der TU Graz<\/title>\n<meta name=\"robots\" content=\"index, follow, max-snippet:-1, max-image-preview:large, max-video-preview:-1\" \/>\n<link rel=\"canonical\" href=\"https:\/\/www.tugraz-verlag.at\/en\/gesamtverzeichnis\/architektur\/institut-fuer-gebaeudelehre-jahrbuch-19-20\/\" \/>\n<meta property=\"og:locale\" content=\"en_US\" \/>\n<meta property=\"og:type\" content=\"article\" \/>\n<meta property=\"og:title\" content=\"Institut f\u00fcr Geb\u00e4udelehre - Jahrbuch 19\/20 - Verlag der TU Graz\" \/>\n<meta property=\"og:description\" content=\"Mit dem Jahrbuch 19\/20 dokumentiert das Institut f\u00fcr Geb\u00e4udelehre ausgew\u00e4hlte Ergebnisse seiner Entwurfslehre aus dem Studienjahr 2019\/20. Masterarbeiten sowie Lehrveranstaltungen aus Master- und Bachelorstudium werden vorgestellt und geben Einblick in Themenstellungen, Entwurfsprozesse und Projekte.\" \/>\n<meta property=\"og:url\" content=\"https:\/\/www.tugraz-verlag.at\/en\/gesamtverzeichnis\/architektur\/institut-fuer-gebaeudelehre-jahrbuch-19-20\/\" \/>\n<meta property=\"og:site_name\" content=\"Verlag der TU Graz\" \/>\n<meta property=\"article:modified_time\" content=\"2026-03-28T09:34:35+00:00\" \/>\n<meta property=\"og:image\" content=\"https:\/\/www.tugraz-verlag.at\/wp-content\/uploads\/asolmerce\/image-978-3-85125-784-7.jpg\" \/>\n\t<meta property=\"og:image:width\" content=\"412\" \/>\n\t<meta property=\"og:image:height\" content=\"566\" \/>\n\t<meta property=\"og:image:type\" content=\"image\/jpeg\" \/>\n<meta name=\"twitter:card\" content=\"summary_large_image\" \/>\n<script type=\"application\/ld+json\" class=\"yoast-schema-graph\">{\"@context\":\"https:\/\/schema.org\",\"@graph\":[{\"@type\":\"WebPage\",\"@id\":\"https:\/\/www.tugraz-verlag.at\/en\/gesamtverzeichnis\/architektur\/institut-fuer-gebaeudelehre-jahrbuch-19-20\/\",\"url\":\"https:\/\/www.tugraz-verlag.at\/en\/gesamtverzeichnis\/architektur\/institut-fuer-gebaeudelehre-jahrbuch-19-20\/\",\"name\":\"Institut f\u00fcr Geb\u00e4udelehre - Jahrbuch 19\/20 - Verlag der TU Graz\",\"isPartOf\":{\"@id\":\"https:\/\/www.tugraz-verlag.at\/en\/#website\"},\"primaryImageOfPage\":{\"@id\":\"https:\/\/www.tugraz-verlag.at\/en\/gesamtverzeichnis\/architektur\/institut-fuer-gebaeudelehre-jahrbuch-19-20\/#primaryimage\"},\"image\":{\"@id\":\"https:\/\/www.tugraz-verlag.at\/en\/gesamtverzeichnis\/architektur\/institut-fuer-gebaeudelehre-jahrbuch-19-20\/#primaryimage\"},\"thumbnailUrl\":\"https:\/\/www.tugraz-verlag.at\/wp-content\/uploads\/asolmerce\/image-978-3-85125-784-7.jpg\",\"datePublished\":\"2026-03-28T07:33:35+00:00\",\"dateModified\":\"2026-03-28T09:34:35+00:00\",\"breadcrumb\":{\"@id\":\"https:\/\/www.tugraz-verlag.at\/en\/gesamtverzeichnis\/architektur\/institut-fuer-gebaeudelehre-jahrbuch-19-20\/#breadcrumb\"},\"inLanguage\":\"en-US\",\"potentialAction\":[{\"@type\":\"ReadAction\",\"target\":[[\"https:\/\/www.tugraz-verlag.at\/en\/gesamtverzeichnis\/architektur\/institut-fuer-gebaeudelehre-jahrbuch-19-20\/\"]]}]},{\"@type\":\"ImageObject\",\"inLanguage\":\"en-US\",\"@id\":\"https:\/\/www.tugraz-verlag.at\/en\/gesamtverzeichnis\/architektur\/institut-fuer-gebaeudelehre-jahrbuch-19-20\/#primaryimage\",\"url\":\"https:\/\/www.tugraz-verlag.at\/wp-content\/uploads\/asolmerce\/image-978-3-85125-784-7.jpg\",\"contentUrl\":\"https:\/\/www.tugraz-verlag.at\/wp-content\/uploads\/asolmerce\/image-978-3-85125-784-7.jpg\",\"width\":412,\"height\":566},{\"@type\":\"BreadcrumbList\",\"@id\":\"https:\/\/www.tugraz-verlag.at\/en\/gesamtverzeichnis\/architektur\/institut-fuer-gebaeudelehre-jahrbuch-19-20\/#breadcrumb\",\"itemListElement\":[{\"@type\":\"ListItem\",\"position\":1,\"name\":\"Home\",\"item\":\"https:\/\/www.tugraz-verlag.at\/en\/\"},{\"@type\":\"ListItem\",\"position\":2,\"name\":\"Gesamtverzeichnis\",\"item\":\"https:\/\/www.tugraz-verlag.at\/en\/gesamtverzeichnis\/\"},{\"@type\":\"ListItem\",\"position\":3,\"name\":\"Institut f\u00fcr Geb\u00e4udelehre &#8211; Jahrbuch 19\/20\"}]},{\"@type\":\"WebSite\",\"@id\":\"https:\/\/www.tugraz-verlag.at\/en\/#website\",\"url\":\"https:\/\/www.tugraz-verlag.at\/en\/\",\"name\":\"Verlag der TU Graz\",\"description\":\"Verlag der Technischen Universit\u00e4t Graz\",\"potentialAction\":[{\"@type\":\"SearchAction\",\"target\":{\"@type\":\"EntryPoint\",\"urlTemplate\":\"https:\/\/www.tugraz-verlag.at\/en\/?s={search_term_string}\"},\"query-input\":{\"@type\":\"PropertyValueSpecification\",\"valueRequired\":true,\"valueName\":\"search_term_string\"}}],\"inLanguage\":\"en-US\"}]}<\/script>\n<!-- \/ Yoast SEO plugin. -->","yoast_head_json":{"title":"Institut f\u00fcr Geb\u00e4udelehre - Jahrbuch 19\/20 - Verlag der TU Graz","robots":{"index":"index","follow":"follow","max-snippet":"max-snippet:-1","max-image-preview":"max-image-preview:large","max-video-preview":"max-video-preview:-1"},"canonical":"https:\/\/www.tugraz-verlag.at\/en\/gesamtverzeichnis\/architektur\/institut-fuer-gebaeudelehre-jahrbuch-19-20\/","og_locale":"en_US","og_type":"article","og_title":"Institut f\u00fcr Geb\u00e4udelehre - Jahrbuch 19\/20 - Verlag der TU Graz","og_description":"Mit dem Jahrbuch 19\/20 dokumentiert das Institut f\u00fcr Geb\u00e4udelehre ausgew\u00e4hlte Ergebnisse seiner Entwurfslehre aus dem Studienjahr 2019\/20. Masterarbeiten sowie Lehrveranstaltungen aus Master- und Bachelorstudium werden vorgestellt und geben Einblick in Themenstellungen, Entwurfsprozesse und Projekte.","og_url":"https:\/\/www.tugraz-verlag.at\/en\/gesamtverzeichnis\/architektur\/institut-fuer-gebaeudelehre-jahrbuch-19-20\/","og_site_name":"Verlag der TU Graz","article_modified_time":"2026-03-28T09:34:35+00:00","og_image":[{"width":412,"height":566,"url":"https:\/\/www.tugraz-verlag.at\/wp-content\/uploads\/asolmerce\/image-978-3-85125-784-7.jpg","type":"image\/jpeg"}],"twitter_card":"summary_large_image","schema":{"@context":"https:\/\/schema.org","@graph":[{"@type":"WebPage","@id":"https:\/\/www.tugraz-verlag.at\/en\/gesamtverzeichnis\/architektur\/institut-fuer-gebaeudelehre-jahrbuch-19-20\/","url":"https:\/\/www.tugraz-verlag.at\/en\/gesamtverzeichnis\/architektur\/institut-fuer-gebaeudelehre-jahrbuch-19-20\/","name":"Institut f\u00fcr Geb\u00e4udelehre - Jahrbuch 19\/20 - Verlag der TU Graz","isPartOf":{"@id":"https:\/\/www.tugraz-verlag.at\/en\/#website"},"primaryImageOfPage":{"@id":"https:\/\/www.tugraz-verlag.at\/en\/gesamtverzeichnis\/architektur\/institut-fuer-gebaeudelehre-jahrbuch-19-20\/#primaryimage"},"image":{"@id":"https:\/\/www.tugraz-verlag.at\/en\/gesamtverzeichnis\/architektur\/institut-fuer-gebaeudelehre-jahrbuch-19-20\/#primaryimage"},"thumbnailUrl":"https:\/\/www.tugraz-verlag.at\/wp-content\/uploads\/asolmerce\/image-978-3-85125-784-7.jpg","datePublished":"2026-03-28T07:33:35+00:00","dateModified":"2026-03-28T09:34:35+00:00","breadcrumb":{"@id":"https:\/\/www.tugraz-verlag.at\/en\/gesamtverzeichnis\/architektur\/institut-fuer-gebaeudelehre-jahrbuch-19-20\/#breadcrumb"},"inLanguage":"en-US","potentialAction":[{"@type":"ReadAction","target":[["https:\/\/www.tugraz-verlag.at\/en\/gesamtverzeichnis\/architektur\/institut-fuer-gebaeudelehre-jahrbuch-19-20\/"]]}]},{"@type":"ImageObject","inLanguage":"en-US","@id":"https:\/\/www.tugraz-verlag.at\/en\/gesamtverzeichnis\/architektur\/institut-fuer-gebaeudelehre-jahrbuch-19-20\/#primaryimage","url":"https:\/\/www.tugraz-verlag.at\/wp-content\/uploads\/asolmerce\/image-978-3-85125-784-7.jpg","contentUrl":"https:\/\/www.tugraz-verlag.at\/wp-content\/uploads\/asolmerce\/image-978-3-85125-784-7.jpg","width":412,"height":566},{"@type":"BreadcrumbList","@id":"https:\/\/www.tugraz-verlag.at\/en\/gesamtverzeichnis\/architektur\/institut-fuer-gebaeudelehre-jahrbuch-19-20\/#breadcrumb","itemListElement":[{"@type":"ListItem","position":1,"name":"Home","item":"https:\/\/www.tugraz-verlag.at\/en\/"},{"@type":"ListItem","position":2,"name":"Gesamtverzeichnis","item":"https:\/\/www.tugraz-verlag.at\/en\/gesamtverzeichnis\/"},{"@type":"ListItem","position":3,"name":"Institut f\u00fcr Geb\u00e4udelehre &#8211; Jahrbuch 19\/20"}]},{"@type":"WebSite","@id":"https:\/\/www.tugraz-verlag.at\/en\/#website","url":"https:\/\/www.tugraz-verlag.at\/en\/","name":"Verlag der TU Graz","description":"Verlag der Technischen Universit\u00e4t Graz","potentialAction":[{"@type":"SearchAction","target":{"@type":"EntryPoint","urlTemplate":"https:\/\/www.tugraz-verlag.at\/en\/?s={search_term_string}"},"query-input":{"@type":"PropertyValueSpecification","valueRequired":true,"valueName":"search_term_string"}}],"inLanguage":"en-US"}]}},"_links":{"self":[{"href":"https:\/\/www.tugraz-verlag.at\/en\/wp-json\/wp\/v2\/product\/40616","targetHints":{"allow":["GET"]}}],"collection":[{"href":"https:\/\/www.tugraz-verlag.at\/en\/wp-json\/wp\/v2\/product"}],"about":[{"href":"https:\/\/www.tugraz-verlag.at\/en\/wp-json\/wp\/v2\/types\/product"}],"replies":[{"embeddable":true,"href":"https:\/\/www.tugraz-verlag.at\/en\/wp-json\/wp\/v2\/comments?post=40616"}],"wp:featuredmedia":[{"embeddable":true,"href":"https:\/\/www.tugraz-verlag.at\/en\/wp-json\/wp\/v2\/media\/40867"}],"wp:attachment":[{"href":"https:\/\/www.tugraz-verlag.at\/en\/wp-json\/wp\/v2\/media?parent=40616"}],"wp:term":[{"taxonomy":"product_brand","embeddable":true,"href":"https:\/\/www.tugraz-verlag.at\/en\/wp-json\/wp\/v2\/product_brand?post=40616"},{"taxonomy":"product_cat","embeddable":true,"href":"https:\/\/www.tugraz-verlag.at\/en\/wp-json\/wp\/v2\/product_cat?post=40616"},{"taxonomy":"product_tag","embeddable":true,"href":"https:\/\/www.tugraz-verlag.at\/en\/wp-json\/wp\/v2\/product_tag?post=40616"}],"curies":[{"name":"wp","href":"https:\/\/api.w.org\/{rel}","templated":true}]}}