{"id":40321,"date":"2026-03-28T07:33:24","date_gmt":"2026-03-28T07:33:24","guid":{"rendered":"http:\/\/www.tugraz-verlag.at\/gesamtverzeichnis\/unkategorisiert\/es-rissen-alle-stricke-doch-wir-ueberlebten-2\/"},"modified":"2026-03-28T11:34:24","modified_gmt":"2026-03-28T09:34:24","slug":"es-rissen-alle-stricke-doch-wir-ueberlebten-ebook","status":"publish","type":"product","link":"https:\/\/www.tugraz-verlag.at\/en\/gesamtverzeichnis\/interdiszipinaeres\/es-rissen-alle-stricke-doch-wir-ueberlebten-ebook\/","title":{"rendered":"Es rissen alle Stricke &#8211; doch wir \u00fcberlebten"},"content":{"rendered":"<p class=\"qtranxs-available-languages-message qtranxs-available-languages-message-en\">This entry is only available in German<\/p><p>Othmar Nestroy erinnert sich mit an seine Kindheit und Jugend in der dunkelsten Zeit des 20. Jahrhunderts. In Episoden und kurzen Anekdoten berichtet er von den kleinen Lichtblicken der Kriegsjahre, erz\u00e4hlt vom \u00dcberlebenskampf der Wiener Bev\u00f6lkerung zur Zeit des Zweiten Weltkriegs und wie man in der Nachkriegszeit gemeinsam den langen, schweren Weg zur\u00fcck in die Normalit\u00e4t gegangen ist.<\/p>","protected":false},"excerpt":{"rendered":"<p class=\"qtranxs-available-languages-message qtranxs-available-languages-message-en\">This entry is only available in German<\/p>\n<p>Othmar Nestroy erinnert sich mit an seine Kindheit und Jugend in der dunkelsten Zeit des 20. Jahrhunderts. In Episoden und kurzen Anekdoten berichtet er von den kleinen Lichtblicken der Kriegsjahre, erz\u00e4hlt vom \u00dcberlebenskampf der Wiener Bev\u00f6lkerung zur Zeit des Zweiten Weltkriegs und wie man in der Nachkriegszeit gemeinsam den langen, schweren Weg zur\u00fcck in die Normalit\u00e4t gegangen ist.<\/p>\n","protected":false},"featured_media":40322,"comment_status":"closed","ping_status":"closed","template":"","meta":{"_acf_changed":false},"product_brand":[],"product_cat":[1633],"product_tag":[3138],"class_list":{"0":"post-40321","1":"product","2":"type-product","3":"status-publish","4":"has-post-thumbnail","6":"product_cat-interdiszipinaeres","7":"product_tag-zweiter-weltkrieg-wien-geschichte","8":"autor-othmar-nestroy","9":"reihe-archiv-und-bibliothek","11":"first","12":"instock","13":"downloadable","14":"virtual","15":"taxable","16":"purchasable","17":"product-type-simple"},"acf":[],"yoast_head":"<!-- This site is optimized with the Yoast SEO plugin v27.2 - https:\/\/yoast.com\/product\/yoast-seo-wordpress\/ -->\n<title>Es rissen alle Stricke - doch wir \u00fcberlebten - Verlag der TU Graz<\/title>\n<meta name=\"robots\" content=\"index, follow, max-snippet:-1, max-image-preview:large, max-video-preview:-1\" \/>\n<link rel=\"canonical\" href=\"https:\/\/www.tugraz-verlag.at\/en\/gesamtverzeichnis\/interdiszipinaeres\/es-rissen-alle-stricke-doch-wir-ueberlebten-ebook\/\" \/>\n<meta property=\"og:locale\" content=\"en_US\" \/>\n<meta property=\"og:type\" content=\"article\" \/>\n<meta property=\"og:title\" content=\"Es rissen alle Stricke - doch wir \u00fcberlebten - Verlag der TU Graz\" \/>\n<meta property=\"og:description\" content=\"Othmar Nestroy erinnert sich mit an seine Kindheit und Jugend in der dunkelsten Zeit des 20. Jahrhunderts. In Episoden und kurzen Anekdoten berichtet er von den kleinen Lichtblicken der Kriegsjahre, erz\u00e4hlt vom \u00dcberlebenskampf der Wiener Bev\u00f6lkerung zur Zeit des Zweiten Weltkriegs und wie man in der Nachkriegszeit gemeinsam den langen, schweren Weg zur\u00fcck in die Normalit\u00e4t gegangen ist.\" \/>\n<meta property=\"og:url\" content=\"https:\/\/www.tugraz-verlag.at\/en\/gesamtverzeichnis\/interdiszipinaeres\/es-rissen-alle-stricke-doch-wir-ueberlebten-ebook\/\" \/>\n<meta property=\"og:site_name\" content=\"Verlag der TU Graz\" \/>\n<meta property=\"article:modified_time\" content=\"2026-03-28T09:34:24+00:00\" \/>\n<meta property=\"og:image\" content=\"https:\/\/www.tugraz-verlag.at\/wp-content\/uploads\/asolmerce\/image-1058.jpg\" \/>\n\t<meta property=\"og:image:width\" content=\"434\" \/>\n\t<meta property=\"og:image:height\" content=\"564\" \/>\n\t<meta property=\"og:image:type\" content=\"image\/jpeg\" \/>\n<meta name=\"twitter:card\" content=\"summary_large_image\" \/>\n<script type=\"application\/ld+json\" class=\"yoast-schema-graph\">{\"@context\":\"https:\/\/schema.org\",\"@graph\":[{\"@type\":\"WebPage\",\"@id\":\"https:\/\/www.tugraz-verlag.at\/en\/gesamtverzeichnis\/interdiszipinaeres\/es-rissen-alle-stricke-doch-wir-ueberlebten-ebook\/\",\"url\":\"https:\/\/www.tugraz-verlag.at\/en\/gesamtverzeichnis\/interdiszipinaeres\/es-rissen-alle-stricke-doch-wir-ueberlebten-ebook\/\",\"name\":\"Es rissen alle Stricke - doch wir \u00fcberlebten - Verlag der TU Graz\",\"isPartOf\":{\"@id\":\"https:\/\/www.tugraz-verlag.at\/en\/#website\"},\"primaryImageOfPage\":{\"@id\":\"https:\/\/www.tugraz-verlag.at\/en\/gesamtverzeichnis\/interdiszipinaeres\/es-rissen-alle-stricke-doch-wir-ueberlebten-ebook\/#primaryimage\"},\"image\":{\"@id\":\"https:\/\/www.tugraz-verlag.at\/gesamtverzeichnis\/interdiszipinaeres\/es-rissen-alle-stricke-doch-wir-ueberlebten-ebook\/#primaryimage\"},\"thumbnailUrl\":\"https:\/\/www.tugraz-verlag.at\/wp-content\/uploads\/asolmerce\/image-1058.jpg\",\"datePublished\":\"2026-03-28T07:33:24+00:00\",\"dateModified\":\"2026-03-28T09:34:24+00:00\",\"breadcrumb\":{\"@id\":\"https:\/\/www.tugraz-verlag.at\/en\/gesamtverzeichnis\/interdiszipinaeres\/es-rissen-alle-stricke-doch-wir-ueberlebten-ebook\/#breadcrumb\"},\"inLanguage\":\"en-US\",\"potentialAction\":[{\"@type\":\"ReadAction\",\"target\":[[\"https:\/\/www.tugraz-verlag.at\/en\/gesamtverzeichnis\/interdiszipinaeres\/es-rissen-alle-stricke-doch-wir-ueberlebten-ebook\/\"]]}]},{\"@type\":\"ImageObject\",\"inLanguage\":\"en-US\",\"@id\":\"https:\/\/www.tugraz-verlag.at\/en\/gesamtverzeichnis\/interdiszipinaeres\/es-rissen-alle-stricke-doch-wir-ueberlebten-ebook\/#primaryimage\",\"url\":\"https:\/\/www.tugraz-verlag.at\/wp-content\/uploads\/asolmerce\/image-1058.jpg\",\"contentUrl\":\"https:\/\/www.tugraz-verlag.at\/wp-content\/uploads\/asolmerce\/image-1058.jpg\",\"width\":434,\"height\":564},{\"@type\":\"BreadcrumbList\",\"@id\":\"https:\/\/www.tugraz-verlag.at\/en\/gesamtverzeichnis\/interdiszipinaeres\/es-rissen-alle-stricke-doch-wir-ueberlebten-ebook\/#breadcrumb\",\"itemListElement\":[{\"@type\":\"ListItem\",\"position\":1,\"name\":\"Home\",\"item\":\"https:\/\/www.tugraz-verlag.at\/en\/\"},{\"@type\":\"ListItem\",\"position\":2,\"name\":\"Gesamtverzeichnis\",\"item\":\"https:\/\/www.tugraz-verlag.at\/en\/gesamtverzeichnis\/\"},{\"@type\":\"ListItem\",\"position\":3,\"name\":\"Es rissen alle Stricke &#8211; doch wir \u00fcberlebten\"}]},{\"@type\":\"WebSite\",\"@id\":\"https:\/\/www.tugraz-verlag.at\/en\/#website\",\"url\":\"https:\/\/www.tugraz-verlag.at\/en\/\",\"name\":\"Verlag der TU Graz\",\"description\":\"Verlag der Technischen Universit\u00e4t Graz\",\"potentialAction\":[{\"@type\":\"SearchAction\",\"target\":{\"@type\":\"EntryPoint\",\"urlTemplate\":\"https:\/\/www.tugraz-verlag.at\/en\/?s={search_term_string}\"},\"query-input\":{\"@type\":\"PropertyValueSpecification\",\"valueRequired\":true,\"valueName\":\"search_term_string\"}}],\"inLanguage\":\"en-US\"}]}<\/script>\n<!-- \/ Yoast SEO plugin. -->","yoast_head_json":{"title":"Es rissen alle Stricke - doch wir \u00fcberlebten - Verlag der TU Graz","robots":{"index":"index","follow":"follow","max-snippet":"max-snippet:-1","max-image-preview":"max-image-preview:large","max-video-preview":"max-video-preview:-1"},"canonical":"https:\/\/www.tugraz-verlag.at\/en\/gesamtverzeichnis\/interdiszipinaeres\/es-rissen-alle-stricke-doch-wir-ueberlebten-ebook\/","og_locale":"en_US","og_type":"article","og_title":"Es rissen alle Stricke - doch wir \u00fcberlebten - Verlag der TU Graz","og_description":"Othmar Nestroy erinnert sich mit an seine Kindheit und Jugend in der dunkelsten Zeit des 20. Jahrhunderts. In Episoden und kurzen Anekdoten berichtet er von den kleinen Lichtblicken der Kriegsjahre, erz\u00e4hlt vom \u00dcberlebenskampf der Wiener Bev\u00f6lkerung zur Zeit des Zweiten Weltkriegs und wie man in der Nachkriegszeit gemeinsam den langen, schweren Weg zur\u00fcck in die Normalit\u00e4t gegangen ist.","og_url":"https:\/\/www.tugraz-verlag.at\/en\/gesamtverzeichnis\/interdiszipinaeres\/es-rissen-alle-stricke-doch-wir-ueberlebten-ebook\/","og_site_name":"Verlag der TU Graz","article_modified_time":"2026-03-28T09:34:24+00:00","og_image":[{"width":434,"height":564,"url":"https:\/\/www.tugraz-verlag.at\/wp-content\/uploads\/asolmerce\/image-1058.jpg","type":"image\/jpeg"}],"twitter_card":"summary_large_image","schema":{"@context":"https:\/\/schema.org","@graph":[{"@type":"WebPage","@id":"https:\/\/www.tugraz-verlag.at\/en\/gesamtverzeichnis\/interdiszipinaeres\/es-rissen-alle-stricke-doch-wir-ueberlebten-ebook\/","url":"https:\/\/www.tugraz-verlag.at\/en\/gesamtverzeichnis\/interdiszipinaeres\/es-rissen-alle-stricke-doch-wir-ueberlebten-ebook\/","name":"Es rissen alle Stricke - doch wir \u00fcberlebten - Verlag der TU Graz","isPartOf":{"@id":"https:\/\/www.tugraz-verlag.at\/en\/#website"},"primaryImageOfPage":{"@id":"https:\/\/www.tugraz-verlag.at\/en\/gesamtverzeichnis\/interdiszipinaeres\/es-rissen-alle-stricke-doch-wir-ueberlebten-ebook\/#primaryimage"},"image":{"@id":"https:\/\/www.tugraz-verlag.at\/gesamtverzeichnis\/interdiszipinaeres\/es-rissen-alle-stricke-doch-wir-ueberlebten-ebook\/#primaryimage"},"thumbnailUrl":"https:\/\/www.tugraz-verlag.at\/wp-content\/uploads\/asolmerce\/image-1058.jpg","datePublished":"2026-03-28T07:33:24+00:00","dateModified":"2026-03-28T09:34:24+00:00","breadcrumb":{"@id":"https:\/\/www.tugraz-verlag.at\/en\/gesamtverzeichnis\/interdiszipinaeres\/es-rissen-alle-stricke-doch-wir-ueberlebten-ebook\/#breadcrumb"},"inLanguage":"en-US","potentialAction":[{"@type":"ReadAction","target":[["https:\/\/www.tugraz-verlag.at\/en\/gesamtverzeichnis\/interdiszipinaeres\/es-rissen-alle-stricke-doch-wir-ueberlebten-ebook\/"]]}]},{"@type":"ImageObject","inLanguage":"en-US","@id":"https:\/\/www.tugraz-verlag.at\/en\/gesamtverzeichnis\/interdiszipinaeres\/es-rissen-alle-stricke-doch-wir-ueberlebten-ebook\/#primaryimage","url":"https:\/\/www.tugraz-verlag.at\/wp-content\/uploads\/asolmerce\/image-1058.jpg","contentUrl":"https:\/\/www.tugraz-verlag.at\/wp-content\/uploads\/asolmerce\/image-1058.jpg","width":434,"height":564},{"@type":"BreadcrumbList","@id":"https:\/\/www.tugraz-verlag.at\/en\/gesamtverzeichnis\/interdiszipinaeres\/es-rissen-alle-stricke-doch-wir-ueberlebten-ebook\/#breadcrumb","itemListElement":[{"@type":"ListItem","position":1,"name":"Home","item":"https:\/\/www.tugraz-verlag.at\/en\/"},{"@type":"ListItem","position":2,"name":"Gesamtverzeichnis","item":"https:\/\/www.tugraz-verlag.at\/en\/gesamtverzeichnis\/"},{"@type":"ListItem","position":3,"name":"Es rissen alle Stricke &#8211; doch wir \u00fcberlebten"}]},{"@type":"WebSite","@id":"https:\/\/www.tugraz-verlag.at\/en\/#website","url":"https:\/\/www.tugraz-verlag.at\/en\/","name":"Verlag der TU Graz","description":"Verlag der Technischen Universit\u00e4t Graz","potentialAction":[{"@type":"SearchAction","target":{"@type":"EntryPoint","urlTemplate":"https:\/\/www.tugraz-verlag.at\/en\/?s={search_term_string}"},"query-input":{"@type":"PropertyValueSpecification","valueRequired":true,"valueName":"search_term_string"}}],"inLanguage":"en-US"}]}},"_links":{"self":[{"href":"https:\/\/www.tugraz-verlag.at\/en\/wp-json\/wp\/v2\/product\/40321","targetHints":{"allow":["GET"]}}],"collection":[{"href":"https:\/\/www.tugraz-verlag.at\/en\/wp-json\/wp\/v2\/product"}],"about":[{"href":"https:\/\/www.tugraz-verlag.at\/en\/wp-json\/wp\/v2\/types\/product"}],"replies":[{"embeddable":true,"href":"https:\/\/www.tugraz-verlag.at\/en\/wp-json\/wp\/v2\/comments?post=40321"}],"wp:featuredmedia":[{"embeddable":true,"href":"https:\/\/www.tugraz-verlag.at\/en\/wp-json\/wp\/v2\/media\/40322"}],"wp:attachment":[{"href":"https:\/\/www.tugraz-verlag.at\/en\/wp-json\/wp\/v2\/media?parent=40321"}],"wp:term":[{"taxonomy":"product_brand","embeddable":true,"href":"https:\/\/www.tugraz-verlag.at\/en\/wp-json\/wp\/v2\/product_brand?post=40321"},{"taxonomy":"product_cat","embeddable":true,"href":"https:\/\/www.tugraz-verlag.at\/en\/wp-json\/wp\/v2\/product_cat?post=40321"},{"taxonomy":"product_tag","embeddable":true,"href":"https:\/\/www.tugraz-verlag.at\/en\/wp-json\/wp\/v2\/product_tag?post=40321"}],"curies":[{"name":"wp","href":"https:\/\/api.w.org\/{rel}","templated":true}]}}