{"id":40292,"date":"2026-03-28T07:33:24","date_gmt":"2026-03-28T07:33:24","guid":{"rendered":"http:\/\/www.tugraz-verlag.at\/gesamtverzeichnis\/unkategorisiert\/18-grazer-baubetriebs-und-bauwirtschaftssymposium-tagungsband-2020-2\/"},"modified":"2026-03-28T11:34:24","modified_gmt":"2026-03-28T09:34:24","slug":"18-grazer-baubetriebs-und-bauwirtschaftssymposium-tagungsband-2020-ebook","status":"publish","type":"product","link":"https:\/\/www.tugraz-verlag.at\/en\/gesamtverzeichnis\/bauingenieurwissenschaften\/18-grazer-baubetriebs-und-bauwirtschaftssymposium-tagungsband-2020-ebook\/","title":{"rendered":"18. Grazer Baubetriebs- und Bauwirtschaftssymposium, Tagungsband 2020"},"content":{"rendered":"<p class=\"qtranxs-available-languages-message qtranxs-available-languages-message-en\">This entry is only available in German<\/p><p>Bei Leistungsabweichungen in der Bauausf\u00fchrung stellt sich die wichtige Frage, welche Auswirkungen diese auf die Projektziele der am Baugeschehen Beteiligten haben. Bedeutend dabei ist, wie Leistungsabweichungen reduziert oder gar vermieden h\u00e4tten werden k\u00f6nnen und wie die rechtzeitige Detektion der Planungs- und Ausschreibungsfehler erfolgt. Wie sch\u00fctzen sich \u00f6ffentliche und private Auftraggeber vor Mehrkostenforderungen? F\u00fchrt die neue \u00d6NORM B 2061 zu mehr Klarheit bei Leistungsabweichungen? Liegt der Schl\u00fcssel in agilen Vertragsmodellen als Anreiz zur Reduktion von Leistungsabweichungen? Wie erfolgt der systematische Umgang mit Bauzinsen und Verzugszinsen bzw. welche Bedeutung haben die Gesch\u00e4ftsgemeinkosten? Welche Rolle spielt die Digitalisierung bei Leistungsabweichungen? Wo liegen die Grenzen der Offensichtlichkeit bei Mengen\u00e4nderungen und\/oder Leistungsabweichungen? Welche Bedeutung haben der Anscheins- und Regelbeweis bei Leistungsabweichungen? Zu guter Letzt gilt es noch folgenden zentralen Aspekt auf einer projektspezifischen Metaebene zu betrachten: Was sind Projekterfolgsfaktoren und wie k\u00f6nnten diese forciert werden?<br \/>Diese und andere Themenstellungen hat das Institut f\u00fcr Baubetrieb und Bauwirtschaft der TU Graz zum Anlass genommen, um im Rahmen des 18. Grazer Baubetriebs- und Bauwirtschaftssymposiums die zum Teil kontroversen Ans\u00e4tze und Meinungen zum Thema \u201eLeistungsabweichungen in der Bauausf\u00fchrung und deren Auswirkungen auf die Projektziele\u201c zur Diskussion zu stellen. <br \/>Die Ansichten und Ergebnisse der Referentinnen und Referenten werden im vorliegenden Tagungsband ausgef\u00fchrt. Neben den baubetrieblichen und bauwirtschaftlichen Aspekten werden auch bauvertragsrechtliche Themen aufgegriffen. Erg\u00e4nzt werden diese Ausf\u00fchrungen durch aktuelle Beitr\u00e4ge aus der baubetrieblichen, bauwirtschaftlichen und baurechtlichen Forschung. <\/p>\n<p><\/p>","protected":false},"excerpt":{"rendered":"<p class=\"qtranxs-available-languages-message qtranxs-available-languages-message-en\">This entry is only available in German<\/p>\n<p>Bei Leistungsabweichungen in der Bauausf\u00fchrung stellt sich die wichtige Frage, welche Auswirkungen diese auf die Projektziele der am Baugeschehen Beteiligten haben. Bedeutend dabei ist, wie Leistungsabweichungen reduziert oder gar vermieden h\u00e4tten werden k\u00f6nnen und wie die rechtzeitige Detektion der Planungs- und Ausschreibungsfehler erfolgt. Wie sch\u00fctzen sich \u00f6ffentliche und private Auftraggeber vor Mehrkostenforderungen? F\u00fchrt die neue \u00d6NORM B 2061 zu mehr Klarheit bei Leistungsabweichungen? Liegt der Schl\u00fcssel in agilen Vertragsmodellen als Anreiz zur Reduktion von Leistungsabweichungen? Wie erfolgt der systematische Umgang mit Bauzinsen und Verzugszinsen bzw. welche Bedeutung haben die Gesch\u00e4ftsgemeinkosten? Welche Rolle spielt die Digitalisierung bei Leistungsabweichungen? Wo liegen die Grenzen der Offensichtlichkeit bei Mengen\u00e4nderungen und\/oder Leistungsabweichungen? Welche Bedeutung haben der Anscheins- und Regelbeweis bei Leistungsabweichungen? Zu guter Letzt gilt es noch folgenden zentralen Aspekt auf einer projektspezifischen Metaebene zu betrachten: Was sind Projekterfolgsfaktoren und wie k\u00f6nnten diese forciert werden?<br \/>Diese und andere Themenstellungen hat das Institut f\u00fcr Baubetrieb und Bauwirtschaft der TU Graz zum Anlass genommen, um im Rahmen des 18. Grazer Baubetriebs- und Bauwirtschaftssymposiums die zum Teil kontroversen Ans\u00e4tze und Meinungen zum Thema \u201eLeistungsabweichungen in der Bauausf\u00fchrung und deren Auswirkungen auf die Projektziele\u201c zur Diskussion zu stellen. <br \/>Die Ansichten und Ergebnisse der Referentinnen und Referenten werden im vorliegenden Tagungsband ausgef\u00fchrt. Neben den baubetrieblichen und bauwirtschaftlichen Aspekten werden auch bauvertragsrechtliche Themen aufgegriffen. Erg\u00e4nzt werden diese Ausf\u00fchrungen durch aktuelle Beitr\u00e4ge aus der baubetrieblichen, bauwirtschaftlichen und baurechtlichen Forschung. <\/p>\n","protected":false},"featured_media":40628,"comment_status":"closed","ping_status":"closed","template":"","meta":{"_acf_changed":false},"product_brand":[],"product_cat":[1627],"product_tag":[],"class_list":{"0":"post-40292","1":"product","2":"type-product","3":"status-publish","4":"has-post-thumbnail","6":"product_cat-bauingenieurwissenschaften","7":"autor-hofstadler-christian","8":"autor-detlef-heck-1","9":"autor-markus-kummer","11":"first","12":"instock","13":"downloadable","14":"virtual","15":"taxable","16":"product-type-simple"},"acf":[],"yoast_head":"<!-- This site is optimized with the Yoast SEO plugin v27.2 - https:\/\/yoast.com\/product\/yoast-seo-wordpress\/ -->\n<title>18. Grazer Baubetriebs- und Bauwirtschaftssymposium, Tagungsband 2020 - Verlag der TU Graz<\/title>\n<meta name=\"robots\" content=\"index, follow, max-snippet:-1, max-image-preview:large, max-video-preview:-1\" \/>\n<link rel=\"canonical\" href=\"https:\/\/www.tugraz-verlag.at\/en\/gesamtverzeichnis\/bauingenieurwissenschaften\/18-grazer-baubetriebs-und-bauwirtschaftssymposium-tagungsband-2020-ebook\/\" \/>\n<meta property=\"og:locale\" content=\"en_US\" \/>\n<meta property=\"og:type\" content=\"article\" \/>\n<meta property=\"og:title\" content=\"18. Grazer Baubetriebs- und Bauwirtschaftssymposium, Tagungsband 2020 - Verlag der TU Graz\" \/>\n<meta property=\"og:description\" content=\"Bei Leistungsabweichungen in der Bauausf\u00fchrung stellt sich die wichtige Frage, welche Auswirkungen diese auf die Projektziele der am Baugeschehen Beteiligten haben. Bedeutend dabei ist, wie Leistungsabweichungen reduziert oder gar vermieden h\u00e4tten werden k\u00f6nnen und wie die rechtzeitige Detektion der Planungs- und Ausschreibungsfehler erfolgt. Wie sch\u00fctzen sich \u00f6ffentliche und private Auftraggeber vor Mehrkostenforderungen? F\u00fchrt die neue \u00d6NORM B 2061 zu mehr Klarheit bei Leistungsabweichungen? Liegt der Schl\u00fcssel in agilen Vertragsmodellen als Anreiz zur Reduktion von Leistungsabweichungen? Wie erfolgt der systematische Umgang mit Bauzinsen und Verzugszinsen bzw. welche Bedeutung haben die Gesch\u00e4ftsgemeinkosten? Welche Rolle spielt die Digitalisierung bei Leistungsabweichungen? Wo liegen die Grenzen der Offensichtlichkeit bei Mengen\u00e4nderungen und\/oder Leistungsabweichungen? Welche Bedeutung haben der Anscheins- und Regelbeweis bei Leistungsabweichungen? Zu guter Letzt gilt es noch folgenden zentralen Aspekt auf einer projektspezifischen Metaebene zu betrachten: Was sind Projekterfolgsfaktoren und wie k\u00f6nnten diese forciert werden?Diese und andere Themenstellungen hat das Institut f\u00fcr Baubetrieb und Bauwirtschaft der TU Graz zum Anlass genommen, um im Rahmen des 18. Grazer Baubetriebs- und Bauwirtschaftssymposiums die zum Teil kontroversen Ans\u00e4tze und Meinungen zum Thema \u201eLeistungsabweichungen in der Bauausf\u00fchrung und deren Auswirkungen auf die Projektziele\u201c zur Diskussion zu stellen. Die Ansichten und Ergebnisse der Referentinnen und Referenten werden im vorliegenden Tagungsband ausgef\u00fchrt. Neben den baubetrieblichen und bauwirtschaftlichen Aspekten werden auch bauvertragsrechtliche Themen aufgegriffen. Erg\u00e4nzt werden diese Ausf\u00fchrungen durch aktuelle Beitr\u00e4ge aus der baubetrieblichen, bauwirtschaftlichen und baurechtlichen Forschung.\" \/>\n<meta property=\"og:url\" content=\"https:\/\/www.tugraz-verlag.at\/en\/gesamtverzeichnis\/bauingenieurwissenschaften\/18-grazer-baubetriebs-und-bauwirtschaftssymposium-tagungsband-2020-ebook\/\" \/>\n<meta property=\"og:site_name\" content=\"Verlag der TU Graz\" \/>\n<meta property=\"article:modified_time\" content=\"2026-03-28T09:34:24+00:00\" \/>\n<meta property=\"og:image\" content=\"https:\/\/www.tugraz-verlag.at\/wp-content\/uploads\/asolmerce\/image-978-3-85125-737-3.jpg\" \/>\n\t<meta property=\"og:image:width\" content=\"1240\" \/>\n\t<meta property=\"og:image:height\" content=\"1754\" \/>\n\t<meta property=\"og:image:type\" content=\"image\/jpeg\" \/>\n<meta name=\"twitter:card\" content=\"summary_large_image\" \/>\n<meta name=\"twitter:label1\" content=\"Est. reading time\" \/>\n\t<meta name=\"twitter:data1\" content=\"1 minute\" \/>\n<script type=\"application\/ld+json\" class=\"yoast-schema-graph\">{\"@context\":\"https:\/\/schema.org\",\"@graph\":[{\"@type\":\"WebPage\",\"@id\":\"https:\/\/www.tugraz-verlag.at\/en\/gesamtverzeichnis\/bauingenieurwissenschaften\/18-grazer-baubetriebs-und-bauwirtschaftssymposium-tagungsband-2020-ebook\/\",\"url\":\"https:\/\/www.tugraz-verlag.at\/en\/gesamtverzeichnis\/bauingenieurwissenschaften\/18-grazer-baubetriebs-und-bauwirtschaftssymposium-tagungsband-2020-ebook\/\",\"name\":\"18. Grazer Baubetriebs- und Bauwirtschaftssymposium, Tagungsband 2020 - Verlag der TU Graz\",\"isPartOf\":{\"@id\":\"https:\/\/www.tugraz-verlag.at\/en\/#website\"},\"primaryImageOfPage\":{\"@id\":\"https:\/\/www.tugraz-verlag.at\/en\/gesamtverzeichnis\/bauingenieurwissenschaften\/18-grazer-baubetriebs-und-bauwirtschaftssymposium-tagungsband-2020-ebook\/#primaryimage\"},\"image\":{\"@id\":\"https:\/\/www.tugraz-verlag.at\/en\/gesamtverzeichnis\/bauingenieurwissenschaften\/18-grazer-baubetriebs-und-bauwirtschaftssymposium-tagungsband-2020-ebook\/#primaryimage\"},\"thumbnailUrl\":\"https:\/\/www.tugraz-verlag.at\/wp-content\/uploads\/asolmerce\/image-978-3-85125-737-3.jpg\",\"datePublished\":\"2026-03-28T07:33:24+00:00\",\"dateModified\":\"2026-03-28T09:34:24+00:00\",\"breadcrumb\":{\"@id\":\"https:\/\/www.tugraz-verlag.at\/en\/gesamtverzeichnis\/bauingenieurwissenschaften\/18-grazer-baubetriebs-und-bauwirtschaftssymposium-tagungsband-2020-ebook\/#breadcrumb\"},\"inLanguage\":\"en-US\",\"potentialAction\":[{\"@type\":\"ReadAction\",\"target\":[[\"https:\/\/www.tugraz-verlag.at\/en\/gesamtverzeichnis\/bauingenieurwissenschaften\/18-grazer-baubetriebs-und-bauwirtschaftssymposium-tagungsband-2020-ebook\/\"]]}]},{\"@type\":\"ImageObject\",\"inLanguage\":\"en-US\",\"@id\":\"https:\/\/www.tugraz-verlag.at\/en\/gesamtverzeichnis\/bauingenieurwissenschaften\/18-grazer-baubetriebs-und-bauwirtschaftssymposium-tagungsband-2020-ebook\/#primaryimage\",\"url\":\"https:\/\/www.tugraz-verlag.at\/wp-content\/uploads\/asolmerce\/image-978-3-85125-737-3.jpg\",\"contentUrl\":\"https:\/\/www.tugraz-verlag.at\/wp-content\/uploads\/asolmerce\/image-978-3-85125-737-3.jpg\",\"width\":1240,\"height\":1754},{\"@type\":\"BreadcrumbList\",\"@id\":\"https:\/\/www.tugraz-verlag.at\/en\/gesamtverzeichnis\/bauingenieurwissenschaften\/18-grazer-baubetriebs-und-bauwirtschaftssymposium-tagungsband-2020-ebook\/#breadcrumb\",\"itemListElement\":[{\"@type\":\"ListItem\",\"position\":1,\"name\":\"Home\",\"item\":\"https:\/\/www.tugraz-verlag.at\/en\/\"},{\"@type\":\"ListItem\",\"position\":2,\"name\":\"Gesamtverzeichnis\",\"item\":\"https:\/\/www.tugraz-verlag.at\/en\/gesamtverzeichnis\/\"},{\"@type\":\"ListItem\",\"position\":3,\"name\":\"18. Grazer Baubetriebs- und Bauwirtschaftssymposium, Tagungsband 2020\"}]},{\"@type\":\"WebSite\",\"@id\":\"https:\/\/www.tugraz-verlag.at\/en\/#website\",\"url\":\"https:\/\/www.tugraz-verlag.at\/en\/\",\"name\":\"Verlag der TU Graz\",\"description\":\"Verlag der Technischen Universit\u00e4t Graz\",\"potentialAction\":[{\"@type\":\"SearchAction\",\"target\":{\"@type\":\"EntryPoint\",\"urlTemplate\":\"https:\/\/www.tugraz-verlag.at\/en\/?s={search_term_string}\"},\"query-input\":{\"@type\":\"PropertyValueSpecification\",\"valueRequired\":true,\"valueName\":\"search_term_string\"}}],\"inLanguage\":\"en-US\"}]}<\/script>\n<!-- \/ Yoast SEO plugin. -->","yoast_head_json":{"title":"18. Grazer Baubetriebs- und Bauwirtschaftssymposium, Tagungsband 2020 - Verlag der TU Graz","robots":{"index":"index","follow":"follow","max-snippet":"max-snippet:-1","max-image-preview":"max-image-preview:large","max-video-preview":"max-video-preview:-1"},"canonical":"https:\/\/www.tugraz-verlag.at\/en\/gesamtverzeichnis\/bauingenieurwissenschaften\/18-grazer-baubetriebs-und-bauwirtschaftssymposium-tagungsband-2020-ebook\/","og_locale":"en_US","og_type":"article","og_title":"18. Grazer Baubetriebs- und Bauwirtschaftssymposium, Tagungsband 2020 - Verlag der TU Graz","og_description":"Bei Leistungsabweichungen in der Bauausf\u00fchrung stellt sich die wichtige Frage, welche Auswirkungen diese auf die Projektziele der am Baugeschehen Beteiligten haben. Bedeutend dabei ist, wie Leistungsabweichungen reduziert oder gar vermieden h\u00e4tten werden k\u00f6nnen und wie die rechtzeitige Detektion der Planungs- und Ausschreibungsfehler erfolgt. Wie sch\u00fctzen sich \u00f6ffentliche und private Auftraggeber vor Mehrkostenforderungen? F\u00fchrt die neue \u00d6NORM B 2061 zu mehr Klarheit bei Leistungsabweichungen? Liegt der Schl\u00fcssel in agilen Vertragsmodellen als Anreiz zur Reduktion von Leistungsabweichungen? Wie erfolgt der systematische Umgang mit Bauzinsen und Verzugszinsen bzw. welche Bedeutung haben die Gesch\u00e4ftsgemeinkosten? Welche Rolle spielt die Digitalisierung bei Leistungsabweichungen? Wo liegen die Grenzen der Offensichtlichkeit bei Mengen\u00e4nderungen und\/oder Leistungsabweichungen? Welche Bedeutung haben der Anscheins- und Regelbeweis bei Leistungsabweichungen? Zu guter Letzt gilt es noch folgenden zentralen Aspekt auf einer projektspezifischen Metaebene zu betrachten: Was sind Projekterfolgsfaktoren und wie k\u00f6nnten diese forciert werden?Diese und andere Themenstellungen hat das Institut f\u00fcr Baubetrieb und Bauwirtschaft der TU Graz zum Anlass genommen, um im Rahmen des 18. Grazer Baubetriebs- und Bauwirtschaftssymposiums die zum Teil kontroversen Ans\u00e4tze und Meinungen zum Thema \u201eLeistungsabweichungen in der Bauausf\u00fchrung und deren Auswirkungen auf die Projektziele\u201c zur Diskussion zu stellen. Die Ansichten und Ergebnisse der Referentinnen und Referenten werden im vorliegenden Tagungsband ausgef\u00fchrt. Neben den baubetrieblichen und bauwirtschaftlichen Aspekten werden auch bauvertragsrechtliche Themen aufgegriffen. Erg\u00e4nzt werden diese Ausf\u00fchrungen durch aktuelle Beitr\u00e4ge aus der baubetrieblichen, bauwirtschaftlichen und baurechtlichen Forschung.","og_url":"https:\/\/www.tugraz-verlag.at\/en\/gesamtverzeichnis\/bauingenieurwissenschaften\/18-grazer-baubetriebs-und-bauwirtschaftssymposium-tagungsband-2020-ebook\/","og_site_name":"Verlag der TU Graz","article_modified_time":"2026-03-28T09:34:24+00:00","og_image":[{"width":1240,"height":1754,"url":"https:\/\/www.tugraz-verlag.at\/wp-content\/uploads\/asolmerce\/image-978-3-85125-737-3.jpg","type":"image\/jpeg"}],"twitter_card":"summary_large_image","twitter_misc":{"Est. reading time":"1 minute"},"schema":{"@context":"https:\/\/schema.org","@graph":[{"@type":"WebPage","@id":"https:\/\/www.tugraz-verlag.at\/en\/gesamtverzeichnis\/bauingenieurwissenschaften\/18-grazer-baubetriebs-und-bauwirtschaftssymposium-tagungsband-2020-ebook\/","url":"https:\/\/www.tugraz-verlag.at\/en\/gesamtverzeichnis\/bauingenieurwissenschaften\/18-grazer-baubetriebs-und-bauwirtschaftssymposium-tagungsband-2020-ebook\/","name":"18. Grazer Baubetriebs- und Bauwirtschaftssymposium, Tagungsband 2020 - Verlag der TU Graz","isPartOf":{"@id":"https:\/\/www.tugraz-verlag.at\/en\/#website"},"primaryImageOfPage":{"@id":"https:\/\/www.tugraz-verlag.at\/en\/gesamtverzeichnis\/bauingenieurwissenschaften\/18-grazer-baubetriebs-und-bauwirtschaftssymposium-tagungsband-2020-ebook\/#primaryimage"},"image":{"@id":"https:\/\/www.tugraz-verlag.at\/en\/gesamtverzeichnis\/bauingenieurwissenschaften\/18-grazer-baubetriebs-und-bauwirtschaftssymposium-tagungsband-2020-ebook\/#primaryimage"},"thumbnailUrl":"https:\/\/www.tugraz-verlag.at\/wp-content\/uploads\/asolmerce\/image-978-3-85125-737-3.jpg","datePublished":"2026-03-28T07:33:24+00:00","dateModified":"2026-03-28T09:34:24+00:00","breadcrumb":{"@id":"https:\/\/www.tugraz-verlag.at\/en\/gesamtverzeichnis\/bauingenieurwissenschaften\/18-grazer-baubetriebs-und-bauwirtschaftssymposium-tagungsband-2020-ebook\/#breadcrumb"},"inLanguage":"en-US","potentialAction":[{"@type":"ReadAction","target":[["https:\/\/www.tugraz-verlag.at\/en\/gesamtverzeichnis\/bauingenieurwissenschaften\/18-grazer-baubetriebs-und-bauwirtschaftssymposium-tagungsband-2020-ebook\/"]]}]},{"@type":"ImageObject","inLanguage":"en-US","@id":"https:\/\/www.tugraz-verlag.at\/en\/gesamtverzeichnis\/bauingenieurwissenschaften\/18-grazer-baubetriebs-und-bauwirtschaftssymposium-tagungsband-2020-ebook\/#primaryimage","url":"https:\/\/www.tugraz-verlag.at\/wp-content\/uploads\/asolmerce\/image-978-3-85125-737-3.jpg","contentUrl":"https:\/\/www.tugraz-verlag.at\/wp-content\/uploads\/asolmerce\/image-978-3-85125-737-3.jpg","width":1240,"height":1754},{"@type":"BreadcrumbList","@id":"https:\/\/www.tugraz-verlag.at\/en\/gesamtverzeichnis\/bauingenieurwissenschaften\/18-grazer-baubetriebs-und-bauwirtschaftssymposium-tagungsband-2020-ebook\/#breadcrumb","itemListElement":[{"@type":"ListItem","position":1,"name":"Home","item":"https:\/\/www.tugraz-verlag.at\/en\/"},{"@type":"ListItem","position":2,"name":"Gesamtverzeichnis","item":"https:\/\/www.tugraz-verlag.at\/en\/gesamtverzeichnis\/"},{"@type":"ListItem","position":3,"name":"18. Grazer Baubetriebs- und Bauwirtschaftssymposium, Tagungsband 2020"}]},{"@type":"WebSite","@id":"https:\/\/www.tugraz-verlag.at\/en\/#website","url":"https:\/\/www.tugraz-verlag.at\/en\/","name":"Verlag der TU Graz","description":"Verlag der Technischen Universit\u00e4t Graz","potentialAction":[{"@type":"SearchAction","target":{"@type":"EntryPoint","urlTemplate":"https:\/\/www.tugraz-verlag.at\/en\/?s={search_term_string}"},"query-input":{"@type":"PropertyValueSpecification","valueRequired":true,"valueName":"search_term_string"}}],"inLanguage":"en-US"}]}},"_links":{"self":[{"href":"https:\/\/www.tugraz-verlag.at\/en\/wp-json\/wp\/v2\/product\/40292","targetHints":{"allow":["GET"]}}],"collection":[{"href":"https:\/\/www.tugraz-verlag.at\/en\/wp-json\/wp\/v2\/product"}],"about":[{"href":"https:\/\/www.tugraz-verlag.at\/en\/wp-json\/wp\/v2\/types\/product"}],"replies":[{"embeddable":true,"href":"https:\/\/www.tugraz-verlag.at\/en\/wp-json\/wp\/v2\/comments?post=40292"}],"wp:featuredmedia":[{"embeddable":true,"href":"https:\/\/www.tugraz-verlag.at\/en\/wp-json\/wp\/v2\/media\/40628"}],"wp:attachment":[{"href":"https:\/\/www.tugraz-verlag.at\/en\/wp-json\/wp\/v2\/media?parent=40292"}],"wp:term":[{"taxonomy":"product_brand","embeddable":true,"href":"https:\/\/www.tugraz-verlag.at\/en\/wp-json\/wp\/v2\/product_brand?post=40292"},{"taxonomy":"product_cat","embeddable":true,"href":"https:\/\/www.tugraz-verlag.at\/en\/wp-json\/wp\/v2\/product_cat?post=40292"},{"taxonomy":"product_tag","embeddable":true,"href":"https:\/\/www.tugraz-verlag.at\/en\/wp-json\/wp\/v2\/product_tag?post=40292"}],"curies":[{"name":"wp","href":"https:\/\/api.w.org\/{rel}","templated":true}]}}