{"id":38467,"date":"2026-03-28T07:33:18","date_gmt":"2026-03-28T07:33:18","guid":{"rendered":"http:\/\/www.tugraz-verlag.at\/gesamtverzeichnis\/unkategorisiert\/5-internationaler-bbb-kongress-19-09-19-graz-bauen-neu-denken\/"},"modified":"2026-03-28T11:34:18","modified_gmt":"2026-03-28T09:34:18","slug":"5-internationaler-bbb-kongress-19-09-19-graz-bauen-neu-denken","status":"publish","type":"product","link":"https:\/\/www.tugraz-verlag.at\/en\/gesamtverzeichnis\/bauingenieurwissenschaften\/5-internationaler-bbb-kongress-19-09-19-graz-bauen-neu-denken\/","title":{"rendered":"5. Internationaler BBB Kongress, 19.09.19 Graz; Bauen neu denken!"},"content":{"rendered":"<p class=\"qtranxs-available-languages-message qtranxs-available-languages-message-en\">This entry is only available in German<\/p><p>Der vorliegende Tagungsband enth\u00e4lt die schriftlichen Beitr\u00e4ge der Referenten des 5. BBB-Kongresses an der TU Graz.<br \/>Die Beitr\u00e4ge sind gepr\u00e4gt von der Leitidee \u201eBauen NEU Denken\u201c und sind nach den Bereichen Bauverfahren und Projekte, Vertrags- und Abwicklungsmodelle sowie Gesch\u00e4ftsprozesse der Planung zuzuordnen.<br \/>Der im zweij\u00e4hrlichen Turnus abgehaltene Kongress stellt aktuelle Entwicklungen dieser Kernbereiche der BBB-Professoren dar und vermittelt damit den State oft the Art der gesamten Bauwirtschaft.<\/p>","protected":false},"excerpt":{"rendered":"<p class=\"qtranxs-available-languages-message qtranxs-available-languages-message-en\">This entry is only available in German<\/p>\n<p>Der vorliegende Tagungsband enth\u00e4lt die schriftlichen Beitr\u00e4ge der Referenten des 5. BBB-Kongresses an der TU Graz.<br \/>Die Beitr\u00e4ge sind gepr\u00e4gt von der Leitidee \u201eBauen NEU Denken\u201c und sind nach den Bereichen Bauverfahren und Projekte, Vertrags- und Abwicklungsmodelle sowie Gesch\u00e4ftsprozesse der Planung zuzuordnen.<br \/>Der im zweij\u00e4hrlichen Turnus abgehaltene Kongress stellt aktuelle Entwicklungen dieser Kernbereiche der BBB-Professoren dar und vermittelt damit den State oft the Art der gesamten Bauwirtschaft.<\/p>\n","protected":false},"featured_media":39442,"comment_status":"closed","ping_status":"closed","template":"","meta":{"_acf_changed":false},"product_brand":[],"product_cat":[1627],"product_tag":[3460],"class_list":{"0":"post-38467","1":"product","2":"type-product","3":"status-publish","4":"has-post-thumbnail","6":"product_cat-bauingenieurwissenschaften","7":"product_tag-bauverfahren-geschaeftsprozesse-bauabwicklungsprozesse-bauwirtschaft","8":"autor-detlef-heck-1","10":"first","11":"instock","12":"sale","13":"taxable","14":"shipping-taxable","15":"purchasable","16":"product-type-simple"},"acf":[],"yoast_head":"<!-- This site is optimized with the Yoast SEO plugin v27.2 - https:\/\/yoast.com\/product\/yoast-seo-wordpress\/ -->\n<title>5. Internationaler BBB Kongress, 19.09.19 Graz; Bauen neu denken! - Verlag der TU Graz<\/title>\n<meta name=\"robots\" content=\"index, follow, max-snippet:-1, max-image-preview:large, max-video-preview:-1\" \/>\n<link rel=\"canonical\" href=\"https:\/\/www.tugraz-verlag.at\/en\/gesamtverzeichnis\/bauingenieurwissenschaften\/5-internationaler-bbb-kongress-19-09-19-graz-bauen-neu-denken\/\" \/>\n<meta property=\"og:locale\" content=\"en_US\" \/>\n<meta property=\"og:type\" content=\"article\" \/>\n<meta property=\"og:title\" content=\"5. Internationaler BBB Kongress, 19.09.19 Graz; Bauen neu denken! - Verlag der TU Graz\" \/>\n<meta property=\"og:description\" content=\"Der vorliegende Tagungsband enth\u00e4lt die schriftlichen Beitr\u00e4ge der Referenten des 5. BBB-Kongresses an der TU Graz.Die Beitr\u00e4ge sind gepr\u00e4gt von der Leitidee \u201eBauen NEU Denken\u201c und sind nach den Bereichen Bauverfahren und Projekte, Vertrags- und Abwicklungsmodelle sowie Gesch\u00e4ftsprozesse der Planung zuzuordnen.Der im zweij\u00e4hrlichen Turnus abgehaltene Kongress stellt aktuelle Entwicklungen dieser Kernbereiche der BBB-Professoren dar und vermittelt damit den State oft the Art der gesamten Bauwirtschaft.\" \/>\n<meta property=\"og:url\" content=\"https:\/\/www.tugraz-verlag.at\/en\/gesamtverzeichnis\/bauingenieurwissenschaften\/5-internationaler-bbb-kongress-19-09-19-graz-bauen-neu-denken\/\" \/>\n<meta property=\"og:site_name\" content=\"Verlag der TU Graz\" \/>\n<meta property=\"article:modified_time\" content=\"2026-03-28T09:34:18+00:00\" \/>\n<meta property=\"og:image\" content=\"https:\/\/www.tugraz-verlag.at\/wp-content\/uploads\/asolmerce\/image-978-3-85125-707-6.jpg\" \/>\n\t<meta property=\"og:image:width\" content=\"611\" \/>\n\t<meta property=\"og:image:height\" content=\"861\" \/>\n\t<meta property=\"og:image:type\" content=\"image\/jpeg\" \/>\n<meta name=\"twitter:card\" content=\"summary_large_image\" \/>\n<script type=\"application\/ld+json\" class=\"yoast-schema-graph\">{\"@context\":\"https:\/\/schema.org\",\"@graph\":[{\"@type\":\"WebPage\",\"@id\":\"https:\/\/www.tugraz-verlag.at\/en\/gesamtverzeichnis\/bauingenieurwissenschaften\/5-internationaler-bbb-kongress-19-09-19-graz-bauen-neu-denken\/\",\"url\":\"https:\/\/www.tugraz-verlag.at\/en\/gesamtverzeichnis\/bauingenieurwissenschaften\/5-internationaler-bbb-kongress-19-09-19-graz-bauen-neu-denken\/\",\"name\":\"5. Internationaler BBB Kongress, 19.09.19 Graz; Bauen neu denken! - Verlag der TU Graz\",\"isPartOf\":{\"@id\":\"https:\/\/www.tugraz-verlag.at\/en\/#website\"},\"primaryImageOfPage\":{\"@id\":\"https:\/\/www.tugraz-verlag.at\/en\/gesamtverzeichnis\/bauingenieurwissenschaften\/5-internationaler-bbb-kongress-19-09-19-graz-bauen-neu-denken\/#primaryimage\"},\"image\":{\"@id\":\"https:\/\/www.tugraz-verlag.at\/gesamtverzeichnis\/bauingenieurwissenschaften\/5-internationaler-bbb-kongress-19-09-19-graz-bauen-neu-denken\/#primaryimage\"},\"thumbnailUrl\":\"https:\/\/www.tugraz-verlag.at\/wp-content\/uploads\/asolmerce\/image-978-3-85125-707-6.jpg\",\"datePublished\":\"2026-03-28T07:33:18+00:00\",\"dateModified\":\"2026-03-28T09:34:18+00:00\",\"breadcrumb\":{\"@id\":\"https:\/\/www.tugraz-verlag.at\/en\/gesamtverzeichnis\/bauingenieurwissenschaften\/5-internationaler-bbb-kongress-19-09-19-graz-bauen-neu-denken\/#breadcrumb\"},\"inLanguage\":\"en-US\",\"potentialAction\":[{\"@type\":\"ReadAction\",\"target\":[[\"https:\/\/www.tugraz-verlag.at\/en\/gesamtverzeichnis\/bauingenieurwissenschaften\/5-internationaler-bbb-kongress-19-09-19-graz-bauen-neu-denken\/\"]]}]},{\"@type\":\"ImageObject\",\"inLanguage\":\"en-US\",\"@id\":\"https:\/\/www.tugraz-verlag.at\/en\/gesamtverzeichnis\/bauingenieurwissenschaften\/5-internationaler-bbb-kongress-19-09-19-graz-bauen-neu-denken\/#primaryimage\",\"url\":\"https:\/\/www.tugraz-verlag.at\/wp-content\/uploads\/asolmerce\/image-978-3-85125-707-6.jpg\",\"contentUrl\":\"https:\/\/www.tugraz-verlag.at\/wp-content\/uploads\/asolmerce\/image-978-3-85125-707-6.jpg\",\"width\":611,\"height\":861},{\"@type\":\"BreadcrumbList\",\"@id\":\"https:\/\/www.tugraz-verlag.at\/en\/gesamtverzeichnis\/bauingenieurwissenschaften\/5-internationaler-bbb-kongress-19-09-19-graz-bauen-neu-denken\/#breadcrumb\",\"itemListElement\":[{\"@type\":\"ListItem\",\"position\":1,\"name\":\"Home\",\"item\":\"https:\/\/www.tugraz-verlag.at\/en\/\"},{\"@type\":\"ListItem\",\"position\":2,\"name\":\"Gesamtverzeichnis\",\"item\":\"https:\/\/www.tugraz-verlag.at\/en\/gesamtverzeichnis\/\"},{\"@type\":\"ListItem\",\"position\":3,\"name\":\"5. Internationaler BBB Kongress, 19.09.19 Graz; Bauen neu denken!\"}]},{\"@type\":\"WebSite\",\"@id\":\"https:\/\/www.tugraz-verlag.at\/en\/#website\",\"url\":\"https:\/\/www.tugraz-verlag.at\/en\/\",\"name\":\"Verlag der TU Graz\",\"description\":\"Verlag der Technischen Universit\u00e4t Graz\",\"potentialAction\":[{\"@type\":\"SearchAction\",\"target\":{\"@type\":\"EntryPoint\",\"urlTemplate\":\"https:\/\/www.tugraz-verlag.at\/en\/?s={search_term_string}\"},\"query-input\":{\"@type\":\"PropertyValueSpecification\",\"valueRequired\":true,\"valueName\":\"search_term_string\"}}],\"inLanguage\":\"en-US\"}]}<\/script>\n<!-- \/ Yoast SEO plugin. -->","yoast_head_json":{"title":"5. Internationaler BBB Kongress, 19.09.19 Graz; Bauen neu denken! - Verlag der TU Graz","robots":{"index":"index","follow":"follow","max-snippet":"max-snippet:-1","max-image-preview":"max-image-preview:large","max-video-preview":"max-video-preview:-1"},"canonical":"https:\/\/www.tugraz-verlag.at\/en\/gesamtverzeichnis\/bauingenieurwissenschaften\/5-internationaler-bbb-kongress-19-09-19-graz-bauen-neu-denken\/","og_locale":"en_US","og_type":"article","og_title":"5. Internationaler BBB Kongress, 19.09.19 Graz; Bauen neu denken! - Verlag der TU Graz","og_description":"Der vorliegende Tagungsband enth\u00e4lt die schriftlichen Beitr\u00e4ge der Referenten des 5. BBB-Kongresses an der TU Graz.Die Beitr\u00e4ge sind gepr\u00e4gt von der Leitidee \u201eBauen NEU Denken\u201c und sind nach den Bereichen Bauverfahren und Projekte, Vertrags- und Abwicklungsmodelle sowie Gesch\u00e4ftsprozesse der Planung zuzuordnen.Der im zweij\u00e4hrlichen Turnus abgehaltene Kongress stellt aktuelle Entwicklungen dieser Kernbereiche der BBB-Professoren dar und vermittelt damit den State oft the Art der gesamten Bauwirtschaft.","og_url":"https:\/\/www.tugraz-verlag.at\/en\/gesamtverzeichnis\/bauingenieurwissenschaften\/5-internationaler-bbb-kongress-19-09-19-graz-bauen-neu-denken\/","og_site_name":"Verlag der TU Graz","article_modified_time":"2026-03-28T09:34:18+00:00","og_image":[{"width":611,"height":861,"url":"https:\/\/www.tugraz-verlag.at\/wp-content\/uploads\/asolmerce\/image-978-3-85125-707-6.jpg","type":"image\/jpeg"}],"twitter_card":"summary_large_image","schema":{"@context":"https:\/\/schema.org","@graph":[{"@type":"WebPage","@id":"https:\/\/www.tugraz-verlag.at\/en\/gesamtverzeichnis\/bauingenieurwissenschaften\/5-internationaler-bbb-kongress-19-09-19-graz-bauen-neu-denken\/","url":"https:\/\/www.tugraz-verlag.at\/en\/gesamtverzeichnis\/bauingenieurwissenschaften\/5-internationaler-bbb-kongress-19-09-19-graz-bauen-neu-denken\/","name":"5. Internationaler BBB Kongress, 19.09.19 Graz; Bauen neu denken! - Verlag der TU Graz","isPartOf":{"@id":"https:\/\/www.tugraz-verlag.at\/en\/#website"},"primaryImageOfPage":{"@id":"https:\/\/www.tugraz-verlag.at\/en\/gesamtverzeichnis\/bauingenieurwissenschaften\/5-internationaler-bbb-kongress-19-09-19-graz-bauen-neu-denken\/#primaryimage"},"image":{"@id":"https:\/\/www.tugraz-verlag.at\/gesamtverzeichnis\/bauingenieurwissenschaften\/5-internationaler-bbb-kongress-19-09-19-graz-bauen-neu-denken\/#primaryimage"},"thumbnailUrl":"https:\/\/www.tugraz-verlag.at\/wp-content\/uploads\/asolmerce\/image-978-3-85125-707-6.jpg","datePublished":"2026-03-28T07:33:18+00:00","dateModified":"2026-03-28T09:34:18+00:00","breadcrumb":{"@id":"https:\/\/www.tugraz-verlag.at\/en\/gesamtverzeichnis\/bauingenieurwissenschaften\/5-internationaler-bbb-kongress-19-09-19-graz-bauen-neu-denken\/#breadcrumb"},"inLanguage":"en-US","potentialAction":[{"@type":"ReadAction","target":[["https:\/\/www.tugraz-verlag.at\/en\/gesamtverzeichnis\/bauingenieurwissenschaften\/5-internationaler-bbb-kongress-19-09-19-graz-bauen-neu-denken\/"]]}]},{"@type":"ImageObject","inLanguage":"en-US","@id":"https:\/\/www.tugraz-verlag.at\/en\/gesamtverzeichnis\/bauingenieurwissenschaften\/5-internationaler-bbb-kongress-19-09-19-graz-bauen-neu-denken\/#primaryimage","url":"https:\/\/www.tugraz-verlag.at\/wp-content\/uploads\/asolmerce\/image-978-3-85125-707-6.jpg","contentUrl":"https:\/\/www.tugraz-verlag.at\/wp-content\/uploads\/asolmerce\/image-978-3-85125-707-6.jpg","width":611,"height":861},{"@type":"BreadcrumbList","@id":"https:\/\/www.tugraz-verlag.at\/en\/gesamtverzeichnis\/bauingenieurwissenschaften\/5-internationaler-bbb-kongress-19-09-19-graz-bauen-neu-denken\/#breadcrumb","itemListElement":[{"@type":"ListItem","position":1,"name":"Home","item":"https:\/\/www.tugraz-verlag.at\/en\/"},{"@type":"ListItem","position":2,"name":"Gesamtverzeichnis","item":"https:\/\/www.tugraz-verlag.at\/en\/gesamtverzeichnis\/"},{"@type":"ListItem","position":3,"name":"5. Internationaler BBB Kongress, 19.09.19 Graz; Bauen neu denken!"}]},{"@type":"WebSite","@id":"https:\/\/www.tugraz-verlag.at\/en\/#website","url":"https:\/\/www.tugraz-verlag.at\/en\/","name":"Verlag der TU Graz","description":"Verlag der Technischen Universit\u00e4t Graz","potentialAction":[{"@type":"SearchAction","target":{"@type":"EntryPoint","urlTemplate":"https:\/\/www.tugraz-verlag.at\/en\/?s={search_term_string}"},"query-input":{"@type":"PropertyValueSpecification","valueRequired":true,"valueName":"search_term_string"}}],"inLanguage":"en-US"}]}},"_links":{"self":[{"href":"https:\/\/www.tugraz-verlag.at\/en\/wp-json\/wp\/v2\/product\/38467","targetHints":{"allow":["GET"]}}],"collection":[{"href":"https:\/\/www.tugraz-verlag.at\/en\/wp-json\/wp\/v2\/product"}],"about":[{"href":"https:\/\/www.tugraz-verlag.at\/en\/wp-json\/wp\/v2\/types\/product"}],"replies":[{"embeddable":true,"href":"https:\/\/www.tugraz-verlag.at\/en\/wp-json\/wp\/v2\/comments?post=38467"}],"wp:featuredmedia":[{"embeddable":true,"href":"https:\/\/www.tugraz-verlag.at\/en\/wp-json\/wp\/v2\/media\/39442"}],"wp:attachment":[{"href":"https:\/\/www.tugraz-verlag.at\/en\/wp-json\/wp\/v2\/media?parent=38467"}],"wp:term":[{"taxonomy":"product_brand","embeddable":true,"href":"https:\/\/www.tugraz-verlag.at\/en\/wp-json\/wp\/v2\/product_brand?post=38467"},{"taxonomy":"product_cat","embeddable":true,"href":"https:\/\/www.tugraz-verlag.at\/en\/wp-json\/wp\/v2\/product_cat?post=38467"},{"taxonomy":"product_tag","embeddable":true,"href":"https:\/\/www.tugraz-verlag.at\/en\/wp-json\/wp\/v2\/product_tag?post=38467"}],"curies":[{"name":"wp","href":"https:\/\/api.w.org\/{rel}","templated":true}]}}