{"id":38368,"date":"2026-03-28T07:33:18","date_gmt":"2026-03-28T07:33:18","guid":{"rendered":"http:\/\/www.tugraz-verlag.at\/gesamtverzeichnis\/unkategorisiert\/modell-fuer-die-rahmenbedingungen-eines-differenzierten-risikomanagementansatzes-fuer-eisenbahninfrastrukturprojekte-2\/"},"modified":"2026-03-28T11:34:18","modified_gmt":"2026-03-28T09:34:18","slug":"modell-fuer-die-rahmenbedingungen-eines-differenzierten-risikomanagementansatzes-fuer-eisenbahninfrastrukturprojekte-ebook","status":"publish","type":"product","link":"https:\/\/www.tugraz-verlag.at\/en\/gesamtverzeichnis\/bauingenieurwissenschaften\/modell-fuer-die-rahmenbedingungen-eines-differenzierten-risikomanagementansatzes-fuer-eisenbahninfrastrukturprojekte-ebook\/","title":{"rendered":"Modell f\u00fcr die Rahmenbedingungen eines differenzierten Risikomanagementansatzes f\u00fcr Eisenbahninfrastrukturprojekte"},"content":{"rendered":"<p class=\"qtranxs-available-languages-message qtranxs-available-languages-message-en\">This entry is only available in German<\/p><p>Die Dissertation betrachtet den aktuellen Stand des Risikomanagements (2016) in fr\u00fchen Projektphasen von Eisenbahninfrastrukturprojekten und entwickelt f\u00fcr die Vielf\u00e4ltigkeit von Eisenbahninfrastrukturprojekten ein Modell f\u00fcr einen \u201eganzheitlichen, systematischen und aktiven\u201c (= differenzierten) Risikomanagementansatz. <br \/><\/p>","protected":false},"excerpt":{"rendered":"<p class=\"qtranxs-available-languages-message qtranxs-available-languages-message-en\">This entry is only available in German<\/p>\n<p>Die Dissertation betrachtet den aktuellen Stand des Risikomanagements (2016) in fr\u00fchen Projektphasen von Eisenbahninfrastrukturprojekten und entwickelt f\u00fcr die Vielf\u00e4ltigkeit von Eisenbahninfrastrukturprojekten ein Modell f\u00fcr einen \u201eganzheitlichen, systematischen und aktiven\u201c (= differenzierten) Risikomanagementansatz. <\/p>\n","protected":false},"featured_media":39535,"comment_status":"closed","ping_status":"closed","template":"","meta":{"_acf_changed":false},"product_brand":[],"product_cat":[1627],"product_tag":[3180],"class_list":{"0":"post-38368","1":"product","2":"type-product","3":"status-publish","4":"has-post-thumbnail","6":"product_cat-bauingenieurwissenschaften","7":"product_tag-eisenbahn-risikomanagement-planung-vergabe","8":"autor-magdalena-schlickenrieder-klarer","9":"reihe-schriftenreihe-des-instituts-fuer-baubetrieb-und-bauwirtschaft","11":"first","12":"instock","13":"downloadable","14":"virtual","15":"taxable","16":"product-type-simple"},"acf":[],"yoast_head":"<!-- This site is optimized with the Yoast SEO plugin v27.2 - https:\/\/yoast.com\/product\/yoast-seo-wordpress\/ -->\n<title>Modell f\u00fcr die Rahmenbedingungen eines differenzierten Risikomanagementansatzes f\u00fcr Eisenbahninfrastrukturprojekte - Verlag der TU Graz<\/title>\n<meta name=\"robots\" content=\"index, follow, max-snippet:-1, max-image-preview:large, max-video-preview:-1\" \/>\n<link rel=\"canonical\" href=\"https:\/\/www.tugraz-verlag.at\/en\/gesamtverzeichnis\/bauingenieurwissenschaften\/modell-fuer-die-rahmenbedingungen-eines-differenzierten-risikomanagementansatzes-fuer-eisenbahninfrastrukturprojekte-ebook\/\" \/>\n<meta property=\"og:locale\" content=\"en_US\" \/>\n<meta property=\"og:type\" content=\"article\" \/>\n<meta property=\"og:title\" content=\"Modell f\u00fcr die Rahmenbedingungen eines differenzierten Risikomanagementansatzes f\u00fcr Eisenbahninfrastrukturprojekte - Verlag der TU Graz\" \/>\n<meta property=\"og:description\" content=\"Die Dissertation betrachtet den aktuellen Stand des Risikomanagements (2016) in fr\u00fchen Projektphasen von Eisenbahninfrastrukturprojekten und entwickelt f\u00fcr die Vielf\u00e4ltigkeit von Eisenbahninfrastrukturprojekten ein Modell f\u00fcr einen \u201eganzheitlichen, systematischen und aktiven\u201c (= differenzierten) Risikomanagementansatz.\" \/>\n<meta property=\"og:url\" content=\"https:\/\/www.tugraz-verlag.at\/en\/gesamtverzeichnis\/bauingenieurwissenschaften\/modell-fuer-die-rahmenbedingungen-eines-differenzierten-risikomanagementansatzes-fuer-eisenbahninfrastrukturprojekte-ebook\/\" \/>\n<meta property=\"og:site_name\" content=\"Verlag der TU Graz\" \/>\n<meta property=\"article:modified_time\" content=\"2026-03-28T09:34:18+00:00\" \/>\n<meta property=\"og:image\" content=\"https:\/\/www.tugraz-verlag.at\/wp-content\/uploads\/asolmerce\/image-1010.jpg\" \/>\n\t<meta property=\"og:image:width\" content=\"451\" \/>\n\t<meta property=\"og:image:height\" content=\"644\" \/>\n\t<meta property=\"og:image:type\" content=\"image\/jpeg\" \/>\n<meta name=\"twitter:card\" content=\"summary_large_image\" \/>\n<script type=\"application\/ld+json\" class=\"yoast-schema-graph\">{\"@context\":\"https:\/\/schema.org\",\"@graph\":[{\"@type\":\"WebPage\",\"@id\":\"https:\/\/www.tugraz-verlag.at\/en\/gesamtverzeichnis\/bauingenieurwissenschaften\/modell-fuer-die-rahmenbedingungen-eines-differenzierten-risikomanagementansatzes-fuer-eisenbahninfrastrukturprojekte-ebook\/\",\"url\":\"https:\/\/www.tugraz-verlag.at\/en\/gesamtverzeichnis\/bauingenieurwissenschaften\/modell-fuer-die-rahmenbedingungen-eines-differenzierten-risikomanagementansatzes-fuer-eisenbahninfrastrukturprojekte-ebook\/\",\"name\":\"Modell f\u00fcr die Rahmenbedingungen eines differenzierten Risikomanagementansatzes f\u00fcr Eisenbahninfrastrukturprojekte - Verlag der TU Graz\",\"isPartOf\":{\"@id\":\"https:\/\/www.tugraz-verlag.at\/en\/#website\"},\"primaryImageOfPage\":{\"@id\":\"https:\/\/www.tugraz-verlag.at\/en\/gesamtverzeichnis\/bauingenieurwissenschaften\/modell-fuer-die-rahmenbedingungen-eines-differenzierten-risikomanagementansatzes-fuer-eisenbahninfrastrukturprojekte-ebook\/#primaryimage\"},\"image\":{\"@id\":\"https:\/\/www.tugraz-verlag.at\/en\/gesamtverzeichnis\/bauingenieurwissenschaften\/modell-fuer-die-rahmenbedingungen-eines-differenzierten-risikomanagementansatzes-fuer-eisenbahninfrastrukturprojekte-ebook\/#primaryimage\"},\"thumbnailUrl\":\"https:\/\/www.tugraz-verlag.at\/wp-content\/uploads\/asolmerce\/image-1010.jpg\",\"datePublished\":\"2026-03-28T07:33:18+00:00\",\"dateModified\":\"2026-03-28T09:34:18+00:00\",\"breadcrumb\":{\"@id\":\"https:\/\/www.tugraz-verlag.at\/en\/gesamtverzeichnis\/bauingenieurwissenschaften\/modell-fuer-die-rahmenbedingungen-eines-differenzierten-risikomanagementansatzes-fuer-eisenbahninfrastrukturprojekte-ebook\/#breadcrumb\"},\"inLanguage\":\"en-US\",\"potentialAction\":[{\"@type\":\"ReadAction\",\"target\":[[\"https:\/\/www.tugraz-verlag.at\/en\/gesamtverzeichnis\/bauingenieurwissenschaften\/modell-fuer-die-rahmenbedingungen-eines-differenzierten-risikomanagementansatzes-fuer-eisenbahninfrastrukturprojekte-ebook\/\"]]}]},{\"@type\":\"ImageObject\",\"inLanguage\":\"en-US\",\"@id\":\"https:\/\/www.tugraz-verlag.at\/en\/gesamtverzeichnis\/bauingenieurwissenschaften\/modell-fuer-die-rahmenbedingungen-eines-differenzierten-risikomanagementansatzes-fuer-eisenbahninfrastrukturprojekte-ebook\/#primaryimage\",\"url\":\"https:\/\/www.tugraz-verlag.at\/wp-content\/uploads\/asolmerce\/image-1010.jpg\",\"contentUrl\":\"https:\/\/www.tugraz-verlag.at\/wp-content\/uploads\/asolmerce\/image-1010.jpg\",\"width\":451,\"height\":644},{\"@type\":\"BreadcrumbList\",\"@id\":\"https:\/\/www.tugraz-verlag.at\/en\/gesamtverzeichnis\/bauingenieurwissenschaften\/modell-fuer-die-rahmenbedingungen-eines-differenzierten-risikomanagementansatzes-fuer-eisenbahninfrastrukturprojekte-ebook\/#breadcrumb\",\"itemListElement\":[{\"@type\":\"ListItem\",\"position\":1,\"name\":\"Home\",\"item\":\"https:\/\/www.tugraz-verlag.at\/en\/\"},{\"@type\":\"ListItem\",\"position\":2,\"name\":\"Gesamtverzeichnis\",\"item\":\"https:\/\/www.tugraz-verlag.at\/en\/gesamtverzeichnis\/\"},{\"@type\":\"ListItem\",\"position\":3,\"name\":\"Modell f\u00fcr die Rahmenbedingungen eines differenzierten Risikomanagementansatzes f\u00fcr Eisenbahninfrastrukturprojekte\"}]},{\"@type\":\"WebSite\",\"@id\":\"https:\/\/www.tugraz-verlag.at\/en\/#website\",\"url\":\"https:\/\/www.tugraz-verlag.at\/en\/\",\"name\":\"Verlag der TU Graz\",\"description\":\"Verlag der Technischen Universit\u00e4t Graz\",\"potentialAction\":[{\"@type\":\"SearchAction\",\"target\":{\"@type\":\"EntryPoint\",\"urlTemplate\":\"https:\/\/www.tugraz-verlag.at\/en\/?s={search_term_string}\"},\"query-input\":{\"@type\":\"PropertyValueSpecification\",\"valueRequired\":true,\"valueName\":\"search_term_string\"}}],\"inLanguage\":\"en-US\"}]}<\/script>\n<!-- \/ Yoast SEO plugin. -->","yoast_head_json":{"title":"Modell f\u00fcr die Rahmenbedingungen eines differenzierten Risikomanagementansatzes f\u00fcr Eisenbahninfrastrukturprojekte - Verlag der TU Graz","robots":{"index":"index","follow":"follow","max-snippet":"max-snippet:-1","max-image-preview":"max-image-preview:large","max-video-preview":"max-video-preview:-1"},"canonical":"https:\/\/www.tugraz-verlag.at\/en\/gesamtverzeichnis\/bauingenieurwissenschaften\/modell-fuer-die-rahmenbedingungen-eines-differenzierten-risikomanagementansatzes-fuer-eisenbahninfrastrukturprojekte-ebook\/","og_locale":"en_US","og_type":"article","og_title":"Modell f\u00fcr die Rahmenbedingungen eines differenzierten Risikomanagementansatzes f\u00fcr Eisenbahninfrastrukturprojekte - Verlag der TU Graz","og_description":"Die Dissertation betrachtet den aktuellen Stand des Risikomanagements (2016) in fr\u00fchen Projektphasen von Eisenbahninfrastrukturprojekten und entwickelt f\u00fcr die Vielf\u00e4ltigkeit von Eisenbahninfrastrukturprojekten ein Modell f\u00fcr einen \u201eganzheitlichen, systematischen und aktiven\u201c (= differenzierten) Risikomanagementansatz.","og_url":"https:\/\/www.tugraz-verlag.at\/en\/gesamtverzeichnis\/bauingenieurwissenschaften\/modell-fuer-die-rahmenbedingungen-eines-differenzierten-risikomanagementansatzes-fuer-eisenbahninfrastrukturprojekte-ebook\/","og_site_name":"Verlag der TU Graz","article_modified_time":"2026-03-28T09:34:18+00:00","og_image":[{"width":451,"height":644,"url":"https:\/\/www.tugraz-verlag.at\/wp-content\/uploads\/asolmerce\/image-1010.jpg","type":"image\/jpeg"}],"twitter_card":"summary_large_image","schema":{"@context":"https:\/\/schema.org","@graph":[{"@type":"WebPage","@id":"https:\/\/www.tugraz-verlag.at\/en\/gesamtverzeichnis\/bauingenieurwissenschaften\/modell-fuer-die-rahmenbedingungen-eines-differenzierten-risikomanagementansatzes-fuer-eisenbahninfrastrukturprojekte-ebook\/","url":"https:\/\/www.tugraz-verlag.at\/en\/gesamtverzeichnis\/bauingenieurwissenschaften\/modell-fuer-die-rahmenbedingungen-eines-differenzierten-risikomanagementansatzes-fuer-eisenbahninfrastrukturprojekte-ebook\/","name":"Modell f\u00fcr die Rahmenbedingungen eines differenzierten Risikomanagementansatzes f\u00fcr Eisenbahninfrastrukturprojekte - Verlag der TU Graz","isPartOf":{"@id":"https:\/\/www.tugraz-verlag.at\/en\/#website"},"primaryImageOfPage":{"@id":"https:\/\/www.tugraz-verlag.at\/en\/gesamtverzeichnis\/bauingenieurwissenschaften\/modell-fuer-die-rahmenbedingungen-eines-differenzierten-risikomanagementansatzes-fuer-eisenbahninfrastrukturprojekte-ebook\/#primaryimage"},"image":{"@id":"https:\/\/www.tugraz-verlag.at\/en\/gesamtverzeichnis\/bauingenieurwissenschaften\/modell-fuer-die-rahmenbedingungen-eines-differenzierten-risikomanagementansatzes-fuer-eisenbahninfrastrukturprojekte-ebook\/#primaryimage"},"thumbnailUrl":"https:\/\/www.tugraz-verlag.at\/wp-content\/uploads\/asolmerce\/image-1010.jpg","datePublished":"2026-03-28T07:33:18+00:00","dateModified":"2026-03-28T09:34:18+00:00","breadcrumb":{"@id":"https:\/\/www.tugraz-verlag.at\/en\/gesamtverzeichnis\/bauingenieurwissenschaften\/modell-fuer-die-rahmenbedingungen-eines-differenzierten-risikomanagementansatzes-fuer-eisenbahninfrastrukturprojekte-ebook\/#breadcrumb"},"inLanguage":"en-US","potentialAction":[{"@type":"ReadAction","target":[["https:\/\/www.tugraz-verlag.at\/en\/gesamtverzeichnis\/bauingenieurwissenschaften\/modell-fuer-die-rahmenbedingungen-eines-differenzierten-risikomanagementansatzes-fuer-eisenbahninfrastrukturprojekte-ebook\/"]]}]},{"@type":"ImageObject","inLanguage":"en-US","@id":"https:\/\/www.tugraz-verlag.at\/en\/gesamtverzeichnis\/bauingenieurwissenschaften\/modell-fuer-die-rahmenbedingungen-eines-differenzierten-risikomanagementansatzes-fuer-eisenbahninfrastrukturprojekte-ebook\/#primaryimage","url":"https:\/\/www.tugraz-verlag.at\/wp-content\/uploads\/asolmerce\/image-1010.jpg","contentUrl":"https:\/\/www.tugraz-verlag.at\/wp-content\/uploads\/asolmerce\/image-1010.jpg","width":451,"height":644},{"@type":"BreadcrumbList","@id":"https:\/\/www.tugraz-verlag.at\/en\/gesamtverzeichnis\/bauingenieurwissenschaften\/modell-fuer-die-rahmenbedingungen-eines-differenzierten-risikomanagementansatzes-fuer-eisenbahninfrastrukturprojekte-ebook\/#breadcrumb","itemListElement":[{"@type":"ListItem","position":1,"name":"Home","item":"https:\/\/www.tugraz-verlag.at\/en\/"},{"@type":"ListItem","position":2,"name":"Gesamtverzeichnis","item":"https:\/\/www.tugraz-verlag.at\/en\/gesamtverzeichnis\/"},{"@type":"ListItem","position":3,"name":"Modell f\u00fcr die Rahmenbedingungen eines differenzierten Risikomanagementansatzes f\u00fcr Eisenbahninfrastrukturprojekte"}]},{"@type":"WebSite","@id":"https:\/\/www.tugraz-verlag.at\/en\/#website","url":"https:\/\/www.tugraz-verlag.at\/en\/","name":"Verlag der TU Graz","description":"Verlag der Technischen Universit\u00e4t Graz","potentialAction":[{"@type":"SearchAction","target":{"@type":"EntryPoint","urlTemplate":"https:\/\/www.tugraz-verlag.at\/en\/?s={search_term_string}"},"query-input":{"@type":"PropertyValueSpecification","valueRequired":true,"valueName":"search_term_string"}}],"inLanguage":"en-US"}]}},"_links":{"self":[{"href":"https:\/\/www.tugraz-verlag.at\/en\/wp-json\/wp\/v2\/product\/38368","targetHints":{"allow":["GET"]}}],"collection":[{"href":"https:\/\/www.tugraz-verlag.at\/en\/wp-json\/wp\/v2\/product"}],"about":[{"href":"https:\/\/www.tugraz-verlag.at\/en\/wp-json\/wp\/v2\/types\/product"}],"replies":[{"embeddable":true,"href":"https:\/\/www.tugraz-verlag.at\/en\/wp-json\/wp\/v2\/comments?post=38368"}],"wp:featuredmedia":[{"embeddable":true,"href":"https:\/\/www.tugraz-verlag.at\/en\/wp-json\/wp\/v2\/media\/39535"}],"wp:attachment":[{"href":"https:\/\/www.tugraz-verlag.at\/en\/wp-json\/wp\/v2\/media?parent=38368"}],"wp:term":[{"taxonomy":"product_brand","embeddable":true,"href":"https:\/\/www.tugraz-verlag.at\/en\/wp-json\/wp\/v2\/product_brand?post=38368"},{"taxonomy":"product_cat","embeddable":true,"href":"https:\/\/www.tugraz-verlag.at\/en\/wp-json\/wp\/v2\/product_cat?post=38368"},{"taxonomy":"product_tag","embeddable":true,"href":"https:\/\/www.tugraz-verlag.at\/en\/wp-json\/wp\/v2\/product_tag?post=38368"}],"curies":[{"name":"wp","href":"https:\/\/api.w.org\/{rel}","templated":true}]}}