{"id":36576,"date":"2026-03-28T07:33:07","date_gmt":"2026-03-28T07:33:07","guid":{"rendered":"http:\/\/www.tugraz-verlag.at\/gesamtverzeichnis\/unkategorisiert\/nutzer-profile-von-gesundheits-avataren\/"},"modified":"2026-03-28T11:34:07","modified_gmt":"2026-03-28T09:34:07","slug":"nutzer-profile-von-gesundheits-avataren-ebook","status":"publish","type":"product","link":"https:\/\/www.tugraz-verlag.at\/en\/gesamtverzeichnis\/informatik-und-biomedizinische-technik\/nutzer-profile-von-gesundheits-avataren-ebook\/","title":{"rendered":"Nutzer-Profile von Gesundheits-Avataren"},"content":{"rendered":"<p class=\"qtranxs-available-languages-message qtranxs-available-languages-message-en\">This entry is only available in German<\/p><p>Digitalen Technologien wird ein gro\u00dfes Potential zur Gesundheitsf\u00f6rderung attestiert. Medizinische Avataren nehmen dabei eine Schl\u00fcsselrolle ein. Mit Hilfe von \u201evirtuellen Gesundheits-Zwillingen\u201c k\u00f6nnen physiologische Vorg\u00e4nge von Personen simuliert werden, um Ver\u00e4nderungen im Gesundheitszustand fr\u00fchzeitig zu erkennen und gezielt Vorbeuge- oder Therapiema\u00dfnahmen zu veranlassen. In der vorliegenden Studie wurden verschiedene Nutzungsm\u00f6glichkeiten solcher Gesundheits-Avataren empirisch erhoben. Dabei zeigt sich sehr deutlich, dass die Vorstellung von einer \u201eone fits all\u201c L\u00f6sung nicht den sehr unterschiedlichen Anforderungen potentieller AnwenderInnen entspricht. Mit der in dieser Studie herausgearbeiteten Differenzierung m\u00f6glicher NutzerInnen-Profile k\u00f6nnen Gesundheits-Avatare besser auf konkrete Bed\u00fcrfnislagen abgestimmt werden.<\/p>","protected":false},"excerpt":{"rendered":"<p class=\"qtranxs-available-languages-message qtranxs-available-languages-message-en\">This entry is only available in German<\/p>\n<p>Digitalen Technologien wird ein gro\u00dfes Potential zur Gesundheitsf\u00f6rderung attestiert. Medizinische Avataren nehmen dabei eine Schl\u00fcsselrolle ein. Mit Hilfe von \u201evirtuellen Gesundheits-Zwillingen\u201c k\u00f6nnen physiologische Vorg\u00e4nge von Personen simuliert werden, um Ver\u00e4nderungen im Gesundheitszustand fr\u00fchzeitig zu erkennen und gezielt Vorbeuge- oder Therapiema\u00dfnahmen zu veranlassen. In der vorliegenden Studie wurden verschiedene Nutzungsm\u00f6glichkeiten solcher Gesundheits-Avataren empirisch erhoben. Dabei zeigt sich sehr deutlich, dass die Vorstellung von einer \u201eone fits all\u201c L\u00f6sung nicht den sehr unterschiedlichen Anforderungen potentieller AnwenderInnen entspricht. Mit der in dieser Studie herausgearbeiteten Differenzierung m\u00f6glicher NutzerInnen-Profile k\u00f6nnen Gesundheits-Avatare besser auf konkrete Bed\u00fcrfnislagen abgestimmt werden.<\/p>\n","protected":false},"featured_media":40237,"comment_status":"closed","ping_status":"closed","template":"","meta":{"_acf_changed":false},"product_brand":[],"product_cat":[1632],"product_tag":[],"class_list":{"0":"post-36576","1":"product","2":"type-product","3":"status-publish","4":"has-post-thumbnail","6":"product_cat-informatik-und-biomedizinische-technik","7":"autor-bernhard-wieser","8":"autor-martina-lang","9":"reihe-science-technology-and-society-online","11":"first","12":"instock","13":"downloadable","14":"virtual","15":"taxable","16":"purchasable","17":"product-type-simple"},"acf":[],"yoast_head":"<!-- This site is optimized with the Yoast SEO plugin v27.2 - https:\/\/yoast.com\/product\/yoast-seo-wordpress\/ -->\n<title>Nutzer-Profile von Gesundheits-Avataren - Verlag der TU Graz<\/title>\n<meta name=\"robots\" content=\"index, follow, max-snippet:-1, max-image-preview:large, max-video-preview:-1\" \/>\n<link rel=\"canonical\" href=\"https:\/\/www.tugraz-verlag.at\/en\/gesamtverzeichnis\/informatik-und-biomedizinische-technik\/nutzer-profile-von-gesundheits-avataren-ebook\/\" \/>\n<meta property=\"og:locale\" content=\"en_US\" \/>\n<meta property=\"og:type\" content=\"article\" \/>\n<meta property=\"og:title\" content=\"Nutzer-Profile von Gesundheits-Avataren - Verlag der TU Graz\" \/>\n<meta property=\"og:description\" content=\"Digitalen Technologien wird ein gro\u00dfes Potential zur Gesundheitsf\u00f6rderung attestiert. Medizinische Avataren nehmen dabei eine Schl\u00fcsselrolle ein. Mit Hilfe von \u201evirtuellen Gesundheits-Zwillingen\u201c k\u00f6nnen physiologische Vorg\u00e4nge von Personen simuliert werden, um Ver\u00e4nderungen im Gesundheitszustand fr\u00fchzeitig zu erkennen und gezielt Vorbeuge- oder Therapiema\u00dfnahmen zu veranlassen. In der vorliegenden Studie wurden verschiedene Nutzungsm\u00f6glichkeiten solcher Gesundheits-Avataren empirisch erhoben. Dabei zeigt sich sehr deutlich, dass die Vorstellung von einer \u201eone fits all\u201c L\u00f6sung nicht den sehr unterschiedlichen Anforderungen potentieller AnwenderInnen entspricht. Mit der in dieser Studie herausgearbeiteten Differenzierung m\u00f6glicher NutzerInnen-Profile k\u00f6nnen Gesundheits-Avatare besser auf konkrete Bed\u00fcrfnislagen abgestimmt werden.\" \/>\n<meta property=\"og:url\" content=\"https:\/\/www.tugraz-verlag.at\/en\/gesamtverzeichnis\/informatik-und-biomedizinische-technik\/nutzer-profile-von-gesundheits-avataren-ebook\/\" \/>\n<meta property=\"og:site_name\" content=\"Verlag der TU Graz\" \/>\n<meta property=\"article:modified_time\" content=\"2026-03-28T09:34:07+00:00\" \/>\n<meta property=\"og:image\" content=\"https:\/\/www.tugraz-verlag.at\/wp-content\/uploads\/asolmerce\/image-978-3-85125-666-6.jpg\" \/>\n\t<meta property=\"og:image:width\" content=\"628\" \/>\n\t<meta property=\"og:image:height\" content=\"903\" \/>\n\t<meta property=\"og:image:type\" content=\"image\/jpeg\" \/>\n<meta name=\"twitter:card\" content=\"summary_large_image\" \/>\n<meta name=\"twitter:label1\" content=\"Est. reading time\" \/>\n\t<meta name=\"twitter:data1\" content=\"1 minute\" \/>\n<script type=\"application\/ld+json\" class=\"yoast-schema-graph\">{\"@context\":\"https:\/\/schema.org\",\"@graph\":[{\"@type\":\"WebPage\",\"@id\":\"https:\/\/www.tugraz-verlag.at\/en\/gesamtverzeichnis\/informatik-und-biomedizinische-technik\/nutzer-profile-von-gesundheits-avataren-ebook\/\",\"url\":\"https:\/\/www.tugraz-verlag.at\/en\/gesamtverzeichnis\/informatik-und-biomedizinische-technik\/nutzer-profile-von-gesundheits-avataren-ebook\/\",\"name\":\"Nutzer-Profile von Gesundheits-Avataren - Verlag der TU Graz\",\"isPartOf\":{\"@id\":\"https:\/\/www.tugraz-verlag.at\/en\/#website\"},\"primaryImageOfPage\":{\"@id\":\"https:\/\/www.tugraz-verlag.at\/en\/gesamtverzeichnis\/informatik-und-biomedizinische-technik\/nutzer-profile-von-gesundheits-avataren-ebook\/#primaryimage\"},\"image\":{\"@id\":\"https:\/\/www.tugraz-verlag.at\/gesamtverzeichnis\/informatik-und-biomedizinische-technik\/nutzer-profile-von-gesundheits-avataren-ebook\/#primaryimage\"},\"thumbnailUrl\":\"https:\/\/www.tugraz-verlag.at\/wp-content\/uploads\/asolmerce\/image-978-3-85125-666-6.jpg\",\"datePublished\":\"2026-03-28T07:33:07+00:00\",\"dateModified\":\"2026-03-28T09:34:07+00:00\",\"breadcrumb\":{\"@id\":\"https:\/\/www.tugraz-verlag.at\/en\/gesamtverzeichnis\/informatik-und-biomedizinische-technik\/nutzer-profile-von-gesundheits-avataren-ebook\/#breadcrumb\"},\"inLanguage\":\"en-US\",\"potentialAction\":[{\"@type\":\"ReadAction\",\"target\":[[\"https:\/\/www.tugraz-verlag.at\/en\/gesamtverzeichnis\/informatik-und-biomedizinische-technik\/nutzer-profile-von-gesundheits-avataren-ebook\/\"]]}]},{\"@type\":\"ImageObject\",\"inLanguage\":\"en-US\",\"@id\":\"https:\/\/www.tugraz-verlag.at\/en\/gesamtverzeichnis\/informatik-und-biomedizinische-technik\/nutzer-profile-von-gesundheits-avataren-ebook\/#primaryimage\",\"url\":\"https:\/\/www.tugraz-verlag.at\/wp-content\/uploads\/asolmerce\/image-978-3-85125-666-6.jpg\",\"contentUrl\":\"https:\/\/www.tugraz-verlag.at\/wp-content\/uploads\/asolmerce\/image-978-3-85125-666-6.jpg\",\"width\":628,\"height\":903},{\"@type\":\"BreadcrumbList\",\"@id\":\"https:\/\/www.tugraz-verlag.at\/en\/gesamtverzeichnis\/informatik-und-biomedizinische-technik\/nutzer-profile-von-gesundheits-avataren-ebook\/#breadcrumb\",\"itemListElement\":[{\"@type\":\"ListItem\",\"position\":1,\"name\":\"Home\",\"item\":\"https:\/\/www.tugraz-verlag.at\/en\/\"},{\"@type\":\"ListItem\",\"position\":2,\"name\":\"Gesamtverzeichnis\",\"item\":\"https:\/\/www.tugraz-verlag.at\/en\/gesamtverzeichnis\/\"},{\"@type\":\"ListItem\",\"position\":3,\"name\":\"Nutzer-Profile von Gesundheits-Avataren\"}]},{\"@type\":\"WebSite\",\"@id\":\"https:\/\/www.tugraz-verlag.at\/en\/#website\",\"url\":\"https:\/\/www.tugraz-verlag.at\/en\/\",\"name\":\"Verlag der TU Graz\",\"description\":\"Verlag der Technischen Universit\u00e4t Graz\",\"potentialAction\":[{\"@type\":\"SearchAction\",\"target\":{\"@type\":\"EntryPoint\",\"urlTemplate\":\"https:\/\/www.tugraz-verlag.at\/en\/?s={search_term_string}\"},\"query-input\":{\"@type\":\"PropertyValueSpecification\",\"valueRequired\":true,\"valueName\":\"search_term_string\"}}],\"inLanguage\":\"en-US\"}]}<\/script>\n<!-- \/ Yoast SEO plugin. -->","yoast_head_json":{"title":"Nutzer-Profile von Gesundheits-Avataren - Verlag der TU Graz","robots":{"index":"index","follow":"follow","max-snippet":"max-snippet:-1","max-image-preview":"max-image-preview:large","max-video-preview":"max-video-preview:-1"},"canonical":"https:\/\/www.tugraz-verlag.at\/en\/gesamtverzeichnis\/informatik-und-biomedizinische-technik\/nutzer-profile-von-gesundheits-avataren-ebook\/","og_locale":"en_US","og_type":"article","og_title":"Nutzer-Profile von Gesundheits-Avataren - Verlag der TU Graz","og_description":"Digitalen Technologien wird ein gro\u00dfes Potential zur Gesundheitsf\u00f6rderung attestiert. Medizinische Avataren nehmen dabei eine Schl\u00fcsselrolle ein. Mit Hilfe von \u201evirtuellen Gesundheits-Zwillingen\u201c k\u00f6nnen physiologische Vorg\u00e4nge von Personen simuliert werden, um Ver\u00e4nderungen im Gesundheitszustand fr\u00fchzeitig zu erkennen und gezielt Vorbeuge- oder Therapiema\u00dfnahmen zu veranlassen. In der vorliegenden Studie wurden verschiedene Nutzungsm\u00f6glichkeiten solcher Gesundheits-Avataren empirisch erhoben. Dabei zeigt sich sehr deutlich, dass die Vorstellung von einer \u201eone fits all\u201c L\u00f6sung nicht den sehr unterschiedlichen Anforderungen potentieller AnwenderInnen entspricht. Mit der in dieser Studie herausgearbeiteten Differenzierung m\u00f6glicher NutzerInnen-Profile k\u00f6nnen Gesundheits-Avatare besser auf konkrete Bed\u00fcrfnislagen abgestimmt werden.","og_url":"https:\/\/www.tugraz-verlag.at\/en\/gesamtverzeichnis\/informatik-und-biomedizinische-technik\/nutzer-profile-von-gesundheits-avataren-ebook\/","og_site_name":"Verlag der TU Graz","article_modified_time":"2026-03-28T09:34:07+00:00","og_image":[{"width":628,"height":903,"url":"https:\/\/www.tugraz-verlag.at\/wp-content\/uploads\/asolmerce\/image-978-3-85125-666-6.jpg","type":"image\/jpeg"}],"twitter_card":"summary_large_image","twitter_misc":{"Est. reading time":"1 minute"},"schema":{"@context":"https:\/\/schema.org","@graph":[{"@type":"WebPage","@id":"https:\/\/www.tugraz-verlag.at\/en\/gesamtverzeichnis\/informatik-und-biomedizinische-technik\/nutzer-profile-von-gesundheits-avataren-ebook\/","url":"https:\/\/www.tugraz-verlag.at\/en\/gesamtverzeichnis\/informatik-und-biomedizinische-technik\/nutzer-profile-von-gesundheits-avataren-ebook\/","name":"Nutzer-Profile von Gesundheits-Avataren - Verlag der TU Graz","isPartOf":{"@id":"https:\/\/www.tugraz-verlag.at\/en\/#website"},"primaryImageOfPage":{"@id":"https:\/\/www.tugraz-verlag.at\/en\/gesamtverzeichnis\/informatik-und-biomedizinische-technik\/nutzer-profile-von-gesundheits-avataren-ebook\/#primaryimage"},"image":{"@id":"https:\/\/www.tugraz-verlag.at\/gesamtverzeichnis\/informatik-und-biomedizinische-technik\/nutzer-profile-von-gesundheits-avataren-ebook\/#primaryimage"},"thumbnailUrl":"https:\/\/www.tugraz-verlag.at\/wp-content\/uploads\/asolmerce\/image-978-3-85125-666-6.jpg","datePublished":"2026-03-28T07:33:07+00:00","dateModified":"2026-03-28T09:34:07+00:00","breadcrumb":{"@id":"https:\/\/www.tugraz-verlag.at\/en\/gesamtverzeichnis\/informatik-und-biomedizinische-technik\/nutzer-profile-von-gesundheits-avataren-ebook\/#breadcrumb"},"inLanguage":"en-US","potentialAction":[{"@type":"ReadAction","target":[["https:\/\/www.tugraz-verlag.at\/en\/gesamtverzeichnis\/informatik-und-biomedizinische-technik\/nutzer-profile-von-gesundheits-avataren-ebook\/"]]}]},{"@type":"ImageObject","inLanguage":"en-US","@id":"https:\/\/www.tugraz-verlag.at\/en\/gesamtverzeichnis\/informatik-und-biomedizinische-technik\/nutzer-profile-von-gesundheits-avataren-ebook\/#primaryimage","url":"https:\/\/www.tugraz-verlag.at\/wp-content\/uploads\/asolmerce\/image-978-3-85125-666-6.jpg","contentUrl":"https:\/\/www.tugraz-verlag.at\/wp-content\/uploads\/asolmerce\/image-978-3-85125-666-6.jpg","width":628,"height":903},{"@type":"BreadcrumbList","@id":"https:\/\/www.tugraz-verlag.at\/en\/gesamtverzeichnis\/informatik-und-biomedizinische-technik\/nutzer-profile-von-gesundheits-avataren-ebook\/#breadcrumb","itemListElement":[{"@type":"ListItem","position":1,"name":"Home","item":"https:\/\/www.tugraz-verlag.at\/en\/"},{"@type":"ListItem","position":2,"name":"Gesamtverzeichnis","item":"https:\/\/www.tugraz-verlag.at\/en\/gesamtverzeichnis\/"},{"@type":"ListItem","position":3,"name":"Nutzer-Profile von Gesundheits-Avataren"}]},{"@type":"WebSite","@id":"https:\/\/www.tugraz-verlag.at\/en\/#website","url":"https:\/\/www.tugraz-verlag.at\/en\/","name":"Verlag der TU Graz","description":"Verlag der Technischen Universit\u00e4t Graz","potentialAction":[{"@type":"SearchAction","target":{"@type":"EntryPoint","urlTemplate":"https:\/\/www.tugraz-verlag.at\/en\/?s={search_term_string}"},"query-input":{"@type":"PropertyValueSpecification","valueRequired":true,"valueName":"search_term_string"}}],"inLanguage":"en-US"}]}},"_links":{"self":[{"href":"https:\/\/www.tugraz-verlag.at\/en\/wp-json\/wp\/v2\/product\/36576","targetHints":{"allow":["GET"]}}],"collection":[{"href":"https:\/\/www.tugraz-verlag.at\/en\/wp-json\/wp\/v2\/product"}],"about":[{"href":"https:\/\/www.tugraz-verlag.at\/en\/wp-json\/wp\/v2\/types\/product"}],"replies":[{"embeddable":true,"href":"https:\/\/www.tugraz-verlag.at\/en\/wp-json\/wp\/v2\/comments?post=36576"}],"wp:featuredmedia":[{"embeddable":true,"href":"https:\/\/www.tugraz-verlag.at\/en\/wp-json\/wp\/v2\/media\/40237"}],"wp:attachment":[{"href":"https:\/\/www.tugraz-verlag.at\/en\/wp-json\/wp\/v2\/media?parent=36576"}],"wp:term":[{"taxonomy":"product_brand","embeddable":true,"href":"https:\/\/www.tugraz-verlag.at\/en\/wp-json\/wp\/v2\/product_brand?post=36576"},{"taxonomy":"product_cat","embeddable":true,"href":"https:\/\/www.tugraz-verlag.at\/en\/wp-json\/wp\/v2\/product_cat?post=36576"},{"taxonomy":"product_tag","embeddable":true,"href":"https:\/\/www.tugraz-verlag.at\/en\/wp-json\/wp\/v2\/product_tag?post=36576"}],"curies":[{"name":"wp","href":"https:\/\/api.w.org\/{rel}","templated":true}]}}