{"id":35770,"date":"2026-03-28T07:33:01","date_gmt":"2026-03-28T07:33:01","guid":{"rendered":"http:\/\/www.tugraz-verlag.at\/gesamtverzeichnis\/unkategorisiert\/november-talks-2016\/"},"modified":"2026-03-28T11:34:01","modified_gmt":"2026-03-28T09:34:01","slug":"november-talks-2017","status":"publish","type":"product","link":"https:\/\/www.tugraz-verlag.at\/en\/gesamtverzeichnis\/architektur\/november-talks-2017\/","title":{"rendered":"November Talks 2017"},"content":{"rendered":"<p class=\"qtranxs-available-languages-message qtranxs-available-languages-message-en\">This entry is only available in German<\/p><p>Mit Spannung wurden die November Talks-Think Tank Architecture 2017 erwartet. An der TU Graz, wie auch innerhalb der Kollegenschaft in der Stadt wurde eine sp\u00fcrbare Erwartungshaltung erzeugt, die darauf schlie\u00dfen l\u00e4sst, die November Talks sind angekommen. Vier G\u00e4ste, vier Vortr\u00e4ge mit jeweils 45 Minuten, die dann jeweils von einer 45-min\u00fctigen Diskussion gefolgt wurden, das gleiche Format, wie in den Jahren zuvor, gef\u00fcllt mit weiteren, neuen Inhalten. Dieses Mal haben uns Peter Cachola Schmal (Frankfurt), Mette Lange (Kopenhagen), Francisco Mangado (Pamplona und Madrid) und Peter St. John (London) Einblick in Ihre Arbeit und&nbsp; Sichtweisen zu zeitgen\u00f6ssischer Architektur gegeben. Die Transkriptionen der vier Diskussionen befinden sich nun in der vorliegenden Brosch\u00fcre.<\/p>","protected":false},"excerpt":{"rendered":"<p class=\"qtranxs-available-languages-message qtranxs-available-languages-message-en\">This entry is only available in German<\/p>\n<p>Mit Spannung wurden die November Talks-Think Tank Architecture 2017 erwartet. An der TU Graz, wie auch innerhalb der Kollegenschaft in der Stadt wurde eine sp\u00fcrbare Erwartungshaltung erzeugt, die darauf schlie\u00dfen l\u00e4sst, die November Talks sind angekommen. Vier G\u00e4ste, vier Vortr\u00e4ge mit jeweils 45 Minuten, die dann jeweils von einer 45-min\u00fctigen Diskussion gefolgt wurden, das gleiche Format, wie in den Jahren zuvor, gef\u00fcllt mit weiteren, neuen Inhalten. Dieses Mal haben uns Peter Cachola Schmal (Frankfurt), Mette Lange (Kopenhagen), Francisco Mangado (Pamplona und Madrid) und Peter St. John (London) Einblick in Ihre Arbeit und&nbsp; Sichtweisen zu zeitgen\u00f6ssischer Architektur gegeben. Die Transkriptionen der vier Diskussionen befinden sich nun in der vorliegenden Brosch\u00fcre.<\/p>\n","protected":false},"featured_media":39511,"comment_status":"closed","ping_status":"closed","template":"","meta":{"_acf_changed":false},"product_brand":[],"product_cat":[1565],"product_tag":[3304],"class_list":{"0":"post-35770","1":"product","2":"type-product","3":"status-publish","4":"has-post-thumbnail","6":"product_cat-architektur","7":"product_tag-think-tank-architecture-contemporary-architecture-lecture-architecture-research","8":"reihe-november-talks","10":"first","11":"instock","12":"sale","13":"taxable","14":"shipping-taxable","15":"purchasable","16":"product-type-simple"},"acf":[],"yoast_head":"<!-- This site is optimized with the Yoast SEO plugin v27.2 - https:\/\/yoast.com\/product\/yoast-seo-wordpress\/ -->\n<title>November Talks 2017 - Verlag der TU Graz<\/title>\n<meta name=\"robots\" content=\"index, follow, max-snippet:-1, max-image-preview:large, max-video-preview:-1\" \/>\n<link rel=\"canonical\" href=\"https:\/\/www.tugraz-verlag.at\/en\/gesamtverzeichnis\/architektur\/november-talks-2017\/\" \/>\n<meta property=\"og:locale\" content=\"en_US\" \/>\n<meta property=\"og:type\" content=\"article\" \/>\n<meta property=\"og:title\" content=\"November Talks 2017 - Verlag der TU Graz\" \/>\n<meta property=\"og:description\" content=\"Mit Spannung wurden die November Talks-Think Tank Architecture 2017 erwartet. An der TU Graz, wie auch innerhalb der Kollegenschaft in der Stadt wurde eine sp\u00fcrbare Erwartungshaltung erzeugt, die darauf schlie\u00dfen l\u00e4sst, die November Talks sind angekommen. Vier G\u00e4ste, vier Vortr\u00e4ge mit jeweils 45 Minuten, die dann jeweils von einer 45-min\u00fctigen Diskussion gefolgt wurden, das gleiche Format, wie in den Jahren zuvor, gef\u00fcllt mit weiteren, neuen Inhalten. Dieses Mal haben uns Peter Cachola Schmal (Frankfurt), Mette Lange (Kopenhagen), Francisco Mangado (Pamplona und Madrid) und Peter St. John (London) Einblick in Ihre Arbeit und&nbsp; Sichtweisen zu zeitgen\u00f6ssischer Architektur gegeben. Die Transkriptionen der vier Diskussionen befinden sich nun in der vorliegenden Brosch\u00fcre.\" \/>\n<meta property=\"og:url\" content=\"https:\/\/www.tugraz-verlag.at\/en\/gesamtverzeichnis\/architektur\/november-talks-2017\/\" \/>\n<meta property=\"og:site_name\" content=\"Verlag der TU Graz\" \/>\n<meta property=\"article:modified_time\" content=\"2026-03-28T09:34:01+00:00\" \/>\n<meta property=\"og:image\" content=\"https:\/\/www.tugraz-verlag.at\/wp-content\/uploads\/asolmerce\/image-978-3-85125-639-0.jpg\" \/>\n\t<meta property=\"og:image:width\" content=\"1250\" \/>\n\t<meta property=\"og:image:height\" content=\"1250\" \/>\n\t<meta property=\"og:image:type\" content=\"image\/jpeg\" \/>\n<meta name=\"twitter:card\" content=\"summary_large_image\" \/>\n<meta name=\"twitter:label1\" content=\"Est. reading time\" \/>\n\t<meta name=\"twitter:data1\" content=\"1 minute\" \/>\n<script type=\"application\/ld+json\" class=\"yoast-schema-graph\">{\"@context\":\"https:\/\/schema.org\",\"@graph\":[{\"@type\":\"WebPage\",\"@id\":\"https:\/\/www.tugraz-verlag.at\/en\/gesamtverzeichnis\/architektur\/november-talks-2017\/\",\"url\":\"https:\/\/www.tugraz-verlag.at\/en\/gesamtverzeichnis\/architektur\/november-talks-2017\/\",\"name\":\"November Talks 2017 - Verlag der TU Graz\",\"isPartOf\":{\"@id\":\"https:\/\/www.tugraz-verlag.at\/en\/#website\"},\"primaryImageOfPage\":{\"@id\":\"https:\/\/www.tugraz-verlag.at\/en\/gesamtverzeichnis\/architektur\/november-talks-2017\/#primaryimage\"},\"image\":{\"@id\":\"https:\/\/www.tugraz-verlag.at\/gesamtverzeichnis\/architektur\/november-talks-2017\/#primaryimage\"},\"thumbnailUrl\":\"https:\/\/www.tugraz-verlag.at\/wp-content\/uploads\/asolmerce\/image-978-3-85125-639-0.jpg\",\"datePublished\":\"2026-03-28T07:33:01+00:00\",\"dateModified\":\"2026-03-28T09:34:01+00:00\",\"breadcrumb\":{\"@id\":\"https:\/\/www.tugraz-verlag.at\/en\/gesamtverzeichnis\/architektur\/november-talks-2017\/#breadcrumb\"},\"inLanguage\":\"en-US\",\"potentialAction\":[{\"@type\":\"ReadAction\",\"target\":[[\"https:\/\/www.tugraz-verlag.at\/en\/gesamtverzeichnis\/architektur\/november-talks-2017\/\"]]}]},{\"@type\":\"ImageObject\",\"inLanguage\":\"en-US\",\"@id\":\"https:\/\/www.tugraz-verlag.at\/en\/gesamtverzeichnis\/architektur\/november-talks-2017\/#primaryimage\",\"url\":\"https:\/\/www.tugraz-verlag.at\/wp-content\/uploads\/asolmerce\/image-978-3-85125-639-0.jpg\",\"contentUrl\":\"https:\/\/www.tugraz-verlag.at\/wp-content\/uploads\/asolmerce\/image-978-3-85125-639-0.jpg\",\"width\":1250,\"height\":1250},{\"@type\":\"BreadcrumbList\",\"@id\":\"https:\/\/www.tugraz-verlag.at\/en\/gesamtverzeichnis\/architektur\/november-talks-2017\/#breadcrumb\",\"itemListElement\":[{\"@type\":\"ListItem\",\"position\":1,\"name\":\"Home\",\"item\":\"https:\/\/www.tugraz-verlag.at\/en\/\"},{\"@type\":\"ListItem\",\"position\":2,\"name\":\"Gesamtverzeichnis\",\"item\":\"https:\/\/www.tugraz-verlag.at\/en\/gesamtverzeichnis\/\"},{\"@type\":\"ListItem\",\"position\":3,\"name\":\"November Talks 2017\"}]},{\"@type\":\"WebSite\",\"@id\":\"https:\/\/www.tugraz-verlag.at\/en\/#website\",\"url\":\"https:\/\/www.tugraz-verlag.at\/en\/\",\"name\":\"Verlag der TU Graz\",\"description\":\"Verlag der Technischen Universit\u00e4t Graz\",\"potentialAction\":[{\"@type\":\"SearchAction\",\"target\":{\"@type\":\"EntryPoint\",\"urlTemplate\":\"https:\/\/www.tugraz-verlag.at\/en\/?s={search_term_string}\"},\"query-input\":{\"@type\":\"PropertyValueSpecification\",\"valueRequired\":true,\"valueName\":\"search_term_string\"}}],\"inLanguage\":\"en-US\"}]}<\/script>\n<!-- \/ Yoast SEO plugin. -->","yoast_head_json":{"title":"November Talks 2017 - Verlag der TU Graz","robots":{"index":"index","follow":"follow","max-snippet":"max-snippet:-1","max-image-preview":"max-image-preview:large","max-video-preview":"max-video-preview:-1"},"canonical":"https:\/\/www.tugraz-verlag.at\/en\/gesamtverzeichnis\/architektur\/november-talks-2017\/","og_locale":"en_US","og_type":"article","og_title":"November Talks 2017 - Verlag der TU Graz","og_description":"Mit Spannung wurden die November Talks-Think Tank Architecture 2017 erwartet. An der TU Graz, wie auch innerhalb der Kollegenschaft in der Stadt wurde eine sp\u00fcrbare Erwartungshaltung erzeugt, die darauf schlie\u00dfen l\u00e4sst, die November Talks sind angekommen. Vier G\u00e4ste, vier Vortr\u00e4ge mit jeweils 45 Minuten, die dann jeweils von einer 45-min\u00fctigen Diskussion gefolgt wurden, das gleiche Format, wie in den Jahren zuvor, gef\u00fcllt mit weiteren, neuen Inhalten. Dieses Mal haben uns Peter Cachola Schmal (Frankfurt), Mette Lange (Kopenhagen), Francisco Mangado (Pamplona und Madrid) und Peter St. John (London) Einblick in Ihre Arbeit und&nbsp; Sichtweisen zu zeitgen\u00f6ssischer Architektur gegeben. Die Transkriptionen der vier Diskussionen befinden sich nun in der vorliegenden Brosch\u00fcre.","og_url":"https:\/\/www.tugraz-verlag.at\/en\/gesamtverzeichnis\/architektur\/november-talks-2017\/","og_site_name":"Verlag der TU Graz","article_modified_time":"2026-03-28T09:34:01+00:00","og_image":[{"width":1250,"height":1250,"url":"https:\/\/www.tugraz-verlag.at\/wp-content\/uploads\/asolmerce\/image-978-3-85125-639-0.jpg","type":"image\/jpeg"}],"twitter_card":"summary_large_image","twitter_misc":{"Est. reading time":"1 minute"},"schema":{"@context":"https:\/\/schema.org","@graph":[{"@type":"WebPage","@id":"https:\/\/www.tugraz-verlag.at\/en\/gesamtverzeichnis\/architektur\/november-talks-2017\/","url":"https:\/\/www.tugraz-verlag.at\/en\/gesamtverzeichnis\/architektur\/november-talks-2017\/","name":"November Talks 2017 - Verlag der TU Graz","isPartOf":{"@id":"https:\/\/www.tugraz-verlag.at\/en\/#website"},"primaryImageOfPage":{"@id":"https:\/\/www.tugraz-verlag.at\/en\/gesamtverzeichnis\/architektur\/november-talks-2017\/#primaryimage"},"image":{"@id":"https:\/\/www.tugraz-verlag.at\/gesamtverzeichnis\/architektur\/november-talks-2017\/#primaryimage"},"thumbnailUrl":"https:\/\/www.tugraz-verlag.at\/wp-content\/uploads\/asolmerce\/image-978-3-85125-639-0.jpg","datePublished":"2026-03-28T07:33:01+00:00","dateModified":"2026-03-28T09:34:01+00:00","breadcrumb":{"@id":"https:\/\/www.tugraz-verlag.at\/en\/gesamtverzeichnis\/architektur\/november-talks-2017\/#breadcrumb"},"inLanguage":"en-US","potentialAction":[{"@type":"ReadAction","target":[["https:\/\/www.tugraz-verlag.at\/en\/gesamtverzeichnis\/architektur\/november-talks-2017\/"]]}]},{"@type":"ImageObject","inLanguage":"en-US","@id":"https:\/\/www.tugraz-verlag.at\/en\/gesamtverzeichnis\/architektur\/november-talks-2017\/#primaryimage","url":"https:\/\/www.tugraz-verlag.at\/wp-content\/uploads\/asolmerce\/image-978-3-85125-639-0.jpg","contentUrl":"https:\/\/www.tugraz-verlag.at\/wp-content\/uploads\/asolmerce\/image-978-3-85125-639-0.jpg","width":1250,"height":1250},{"@type":"BreadcrumbList","@id":"https:\/\/www.tugraz-verlag.at\/en\/gesamtverzeichnis\/architektur\/november-talks-2017\/#breadcrumb","itemListElement":[{"@type":"ListItem","position":1,"name":"Home","item":"https:\/\/www.tugraz-verlag.at\/en\/"},{"@type":"ListItem","position":2,"name":"Gesamtverzeichnis","item":"https:\/\/www.tugraz-verlag.at\/en\/gesamtverzeichnis\/"},{"@type":"ListItem","position":3,"name":"November Talks 2017"}]},{"@type":"WebSite","@id":"https:\/\/www.tugraz-verlag.at\/en\/#website","url":"https:\/\/www.tugraz-verlag.at\/en\/","name":"Verlag der TU Graz","description":"Verlag der Technischen Universit\u00e4t Graz","potentialAction":[{"@type":"SearchAction","target":{"@type":"EntryPoint","urlTemplate":"https:\/\/www.tugraz-verlag.at\/en\/?s={search_term_string}"},"query-input":{"@type":"PropertyValueSpecification","valueRequired":true,"valueName":"search_term_string"}}],"inLanguage":"en-US"}]}},"_links":{"self":[{"href":"https:\/\/www.tugraz-verlag.at\/en\/wp-json\/wp\/v2\/product\/35770","targetHints":{"allow":["GET"]}}],"collection":[{"href":"https:\/\/www.tugraz-verlag.at\/en\/wp-json\/wp\/v2\/product"}],"about":[{"href":"https:\/\/www.tugraz-verlag.at\/en\/wp-json\/wp\/v2\/types\/product"}],"replies":[{"embeddable":true,"href":"https:\/\/www.tugraz-verlag.at\/en\/wp-json\/wp\/v2\/comments?post=35770"}],"wp:featuredmedia":[{"embeddable":true,"href":"https:\/\/www.tugraz-verlag.at\/en\/wp-json\/wp\/v2\/media\/39511"}],"wp:attachment":[{"href":"https:\/\/www.tugraz-verlag.at\/en\/wp-json\/wp\/v2\/media?parent=35770"}],"wp:term":[{"taxonomy":"product_brand","embeddable":true,"href":"https:\/\/www.tugraz-verlag.at\/en\/wp-json\/wp\/v2\/product_brand?post=35770"},{"taxonomy":"product_cat","embeddable":true,"href":"https:\/\/www.tugraz-verlag.at\/en\/wp-json\/wp\/v2\/product_cat?post=35770"},{"taxonomy":"product_tag","embeddable":true,"href":"https:\/\/www.tugraz-verlag.at\/en\/wp-json\/wp\/v2\/product_tag?post=35770"}],"curies":[{"name":"wp","href":"https:\/\/api.w.org\/{rel}","templated":true}]}}