{"id":34508,"date":"2026-03-28T07:32:47","date_gmt":"2026-03-28T07:32:47","guid":{"rendered":"http:\/\/www.tugraz-verlag.at\/gesamtverzeichnis\/unkategorisiert\/methoden-und-beispiele-fuer-das-engineering-in-der-technischen-logistik-2\/"},"modified":"2026-03-28T11:33:47","modified_gmt":"2026-03-28T09:33:47","slug":"methoden-und-beispiele-fuer-das-engineering-in-der-technischen-logistik-ebook","status":"publish","type":"product","link":"https:\/\/www.tugraz-verlag.at\/en\/gesamtverzeichnis\/bauingenieurwissenschaften\/methoden-und-beispiele-fuer-das-engineering-in-der-technischen-logistik-ebook\/","title":{"rendered":"Methoden und Beispiele f\u00fcr das Engineering in der Technischen Logistik"},"content":{"rendered":"<p class=\"qtranxs-available-languages-message qtranxs-available-languages-message-en\">This entry is only available in German<\/p><p>Ausgehend von etablierten Ans\u00e4tzen und Errungenschaften der<br \/>\nProduktentwicklung in Branchen wie bspw. Automotive, werden Methoden f\u00fcr<br \/>\n die Technische Logistik neuentwickelt bzw. adaptiert und den Phasen der<br \/>\n Produktentwicklung zugeordnet. Ziel ist eine weitgehende<br \/>\nVirtualisierung der Ger\u00e4teentwicklung in der Logistik.<\/p>","protected":false},"excerpt":{"rendered":"<p class=\"qtranxs-available-languages-message qtranxs-available-languages-message-en\">This entry is only available in German<\/p>\n<p>Ausgehend von etablierten Ans\u00e4tzen und Errungenschaften der<br \/>\nProduktentwicklung in Branchen wie bspw. Automotive, werden Methoden f\u00fcr<br \/>\n die Technische Logistik neuentwickelt bzw. adaptiert und den Phasen der<br \/>\n Produktentwicklung zugeordnet. Ziel ist eine weitgehende<br \/>\nVirtualisierung der Ger\u00e4teentwicklung in der Logistik.<\/p>\n","protected":false},"featured_media":40165,"comment_status":"closed","ping_status":"closed","template":"","meta":{"_acf_changed":false},"product_brand":[],"product_cat":[1627],"product_tag":[3322],"class_list":{"0":"post-34508","1":"product","2":"type-product","3":"status-publish","4":"has-post-thumbnail","6":"product_cat-bauingenieurwissenschaften","7":"product_tag-technische-logistik-engineering-produktentwicklung","8":"autor-christian-landschuetzer","9":"reihe-logistik-werkstatt-graz","11":"first","12":"instock","13":"downloadable","14":"virtual","15":"taxable","16":"product-type-simple"},"acf":[],"yoast_head":"<!-- This site is optimized with the Yoast SEO plugin v27.2 - https:\/\/yoast.com\/product\/yoast-seo-wordpress\/ -->\n<title>Methoden und Beispiele f\u00fcr das Engineering in der Technischen Logistik - Verlag der TU Graz<\/title>\n<meta name=\"robots\" content=\"index, follow, max-snippet:-1, max-image-preview:large, max-video-preview:-1\" \/>\n<link rel=\"canonical\" href=\"https:\/\/www.tugraz-verlag.at\/en\/gesamtverzeichnis\/bauingenieurwissenschaften\/methoden-und-beispiele-fuer-das-engineering-in-der-technischen-logistik-ebook\/\" \/>\n<meta property=\"og:locale\" content=\"en_US\" \/>\n<meta property=\"og:type\" content=\"article\" \/>\n<meta property=\"og:title\" content=\"Methoden und Beispiele f\u00fcr das Engineering in der Technischen Logistik - Verlag der TU Graz\" \/>\n<meta property=\"og:description\" content=\"Ausgehend von etablierten Ans\u00e4tzen und Errungenschaften der Produktentwicklung in Branchen wie bspw. Automotive, werden Methoden f\u00fcr die Technische Logistik neuentwickelt bzw. adaptiert und den Phasen der Produktentwicklung zugeordnet. Ziel ist eine weitgehende Virtualisierung der Ger\u00e4teentwicklung in der Logistik.\" \/>\n<meta property=\"og:url\" content=\"https:\/\/www.tugraz-verlag.at\/en\/gesamtverzeichnis\/bauingenieurwissenschaften\/methoden-und-beispiele-fuer-das-engineering-in-der-technischen-logistik-ebook\/\" \/>\n<meta property=\"og:site_name\" content=\"Verlag der TU Graz\" \/>\n<meta property=\"article:modified_time\" content=\"2026-03-28T09:33:47+00:00\" \/>\n<meta property=\"og:image\" content=\"https:\/\/www.tugraz-verlag.at\/wp-content\/uploads\/asolmerce\/image-864.png\" \/>\n\t<meta property=\"og:image:width\" content=\"662\" \/>\n\t<meta property=\"og:image:height\" content=\"913\" \/>\n\t<meta property=\"og:image:type\" content=\"image\/png\" \/>\n<meta name=\"twitter:card\" content=\"summary_large_image\" \/>\n<script type=\"application\/ld+json\" class=\"yoast-schema-graph\">{\"@context\":\"https:\/\/schema.org\",\"@graph\":[{\"@type\":\"WebPage\",\"@id\":\"https:\/\/www.tugraz-verlag.at\/en\/gesamtverzeichnis\/bauingenieurwissenschaften\/methoden-und-beispiele-fuer-das-engineering-in-der-technischen-logistik-ebook\/\",\"url\":\"https:\/\/www.tugraz-verlag.at\/en\/gesamtverzeichnis\/bauingenieurwissenschaften\/methoden-und-beispiele-fuer-das-engineering-in-der-technischen-logistik-ebook\/\",\"name\":\"Methoden und Beispiele f\u00fcr das Engineering in der Technischen Logistik - Verlag der TU Graz\",\"isPartOf\":{\"@id\":\"https:\/\/www.tugraz-verlag.at\/en\/#website\"},\"primaryImageOfPage\":{\"@id\":\"https:\/\/www.tugraz-verlag.at\/en\/gesamtverzeichnis\/bauingenieurwissenschaften\/methoden-und-beispiele-fuer-das-engineering-in-der-technischen-logistik-ebook\/#primaryimage\"},\"image\":{\"@id\":\"https:\/\/www.tugraz-verlag.at\/en\/gesamtverzeichnis\/bauingenieurwissenschaften\/methoden-und-beispiele-fuer-das-engineering-in-der-technischen-logistik-ebook\/#primaryimage\"},\"thumbnailUrl\":\"https:\/\/www.tugraz-verlag.at\/wp-content\/uploads\/asolmerce\/image-864.png\",\"datePublished\":\"2026-03-28T07:32:47+00:00\",\"dateModified\":\"2026-03-28T09:33:47+00:00\",\"breadcrumb\":{\"@id\":\"https:\/\/www.tugraz-verlag.at\/en\/gesamtverzeichnis\/bauingenieurwissenschaften\/methoden-und-beispiele-fuer-das-engineering-in-der-technischen-logistik-ebook\/#breadcrumb\"},\"inLanguage\":\"en-US\",\"potentialAction\":[{\"@type\":\"ReadAction\",\"target\":[[\"https:\/\/www.tugraz-verlag.at\/en\/gesamtverzeichnis\/bauingenieurwissenschaften\/methoden-und-beispiele-fuer-das-engineering-in-der-technischen-logistik-ebook\/\"]]}]},{\"@type\":\"ImageObject\",\"inLanguage\":\"en-US\",\"@id\":\"https:\/\/www.tugraz-verlag.at\/en\/gesamtverzeichnis\/bauingenieurwissenschaften\/methoden-und-beispiele-fuer-das-engineering-in-der-technischen-logistik-ebook\/#primaryimage\",\"url\":\"https:\/\/www.tugraz-verlag.at\/wp-content\/uploads\/asolmerce\/image-864.png\",\"contentUrl\":\"https:\/\/www.tugraz-verlag.at\/wp-content\/uploads\/asolmerce\/image-864.png\",\"width\":662,\"height\":913},{\"@type\":\"BreadcrumbList\",\"@id\":\"https:\/\/www.tugraz-verlag.at\/en\/gesamtverzeichnis\/bauingenieurwissenschaften\/methoden-und-beispiele-fuer-das-engineering-in-der-technischen-logistik-ebook\/#breadcrumb\",\"itemListElement\":[{\"@type\":\"ListItem\",\"position\":1,\"name\":\"Home\",\"item\":\"https:\/\/www.tugraz-verlag.at\/en\/\"},{\"@type\":\"ListItem\",\"position\":2,\"name\":\"Gesamtverzeichnis\",\"item\":\"https:\/\/www.tugraz-verlag.at\/en\/gesamtverzeichnis\/\"},{\"@type\":\"ListItem\",\"position\":3,\"name\":\"Methoden und Beispiele f\u00fcr das Engineering in der Technischen Logistik\"}]},{\"@type\":\"WebSite\",\"@id\":\"https:\/\/www.tugraz-verlag.at\/en\/#website\",\"url\":\"https:\/\/www.tugraz-verlag.at\/en\/\",\"name\":\"Verlag der TU Graz\",\"description\":\"Verlag der Technischen Universit\u00e4t Graz\",\"potentialAction\":[{\"@type\":\"SearchAction\",\"target\":{\"@type\":\"EntryPoint\",\"urlTemplate\":\"https:\/\/www.tugraz-verlag.at\/en\/?s={search_term_string}\"},\"query-input\":{\"@type\":\"PropertyValueSpecification\",\"valueRequired\":true,\"valueName\":\"search_term_string\"}}],\"inLanguage\":\"en-US\"}]}<\/script>\n<!-- \/ Yoast SEO plugin. -->","yoast_head_json":{"title":"Methoden und Beispiele f\u00fcr das Engineering in der Technischen Logistik - Verlag der TU Graz","robots":{"index":"index","follow":"follow","max-snippet":"max-snippet:-1","max-image-preview":"max-image-preview:large","max-video-preview":"max-video-preview:-1"},"canonical":"https:\/\/www.tugraz-verlag.at\/en\/gesamtverzeichnis\/bauingenieurwissenschaften\/methoden-und-beispiele-fuer-das-engineering-in-der-technischen-logistik-ebook\/","og_locale":"en_US","og_type":"article","og_title":"Methoden und Beispiele f\u00fcr das Engineering in der Technischen Logistik - Verlag der TU Graz","og_description":"Ausgehend von etablierten Ans\u00e4tzen und Errungenschaften der Produktentwicklung in Branchen wie bspw. Automotive, werden Methoden f\u00fcr die Technische Logistik neuentwickelt bzw. adaptiert und den Phasen der Produktentwicklung zugeordnet. Ziel ist eine weitgehende Virtualisierung der Ger\u00e4teentwicklung in der Logistik.","og_url":"https:\/\/www.tugraz-verlag.at\/en\/gesamtverzeichnis\/bauingenieurwissenschaften\/methoden-und-beispiele-fuer-das-engineering-in-der-technischen-logistik-ebook\/","og_site_name":"Verlag der TU Graz","article_modified_time":"2026-03-28T09:33:47+00:00","og_image":[{"width":662,"height":913,"url":"https:\/\/www.tugraz-verlag.at\/wp-content\/uploads\/asolmerce\/image-864.png","type":"image\/png"}],"twitter_card":"summary_large_image","schema":{"@context":"https:\/\/schema.org","@graph":[{"@type":"WebPage","@id":"https:\/\/www.tugraz-verlag.at\/en\/gesamtverzeichnis\/bauingenieurwissenschaften\/methoden-und-beispiele-fuer-das-engineering-in-der-technischen-logistik-ebook\/","url":"https:\/\/www.tugraz-verlag.at\/en\/gesamtverzeichnis\/bauingenieurwissenschaften\/methoden-und-beispiele-fuer-das-engineering-in-der-technischen-logistik-ebook\/","name":"Methoden und Beispiele f\u00fcr das Engineering in der Technischen Logistik - Verlag der TU Graz","isPartOf":{"@id":"https:\/\/www.tugraz-verlag.at\/en\/#website"},"primaryImageOfPage":{"@id":"https:\/\/www.tugraz-verlag.at\/en\/gesamtverzeichnis\/bauingenieurwissenschaften\/methoden-und-beispiele-fuer-das-engineering-in-der-technischen-logistik-ebook\/#primaryimage"},"image":{"@id":"https:\/\/www.tugraz-verlag.at\/en\/gesamtverzeichnis\/bauingenieurwissenschaften\/methoden-und-beispiele-fuer-das-engineering-in-der-technischen-logistik-ebook\/#primaryimage"},"thumbnailUrl":"https:\/\/www.tugraz-verlag.at\/wp-content\/uploads\/asolmerce\/image-864.png","datePublished":"2026-03-28T07:32:47+00:00","dateModified":"2026-03-28T09:33:47+00:00","breadcrumb":{"@id":"https:\/\/www.tugraz-verlag.at\/en\/gesamtverzeichnis\/bauingenieurwissenschaften\/methoden-und-beispiele-fuer-das-engineering-in-der-technischen-logistik-ebook\/#breadcrumb"},"inLanguage":"en-US","potentialAction":[{"@type":"ReadAction","target":[["https:\/\/www.tugraz-verlag.at\/en\/gesamtverzeichnis\/bauingenieurwissenschaften\/methoden-und-beispiele-fuer-das-engineering-in-der-technischen-logistik-ebook\/"]]}]},{"@type":"ImageObject","inLanguage":"en-US","@id":"https:\/\/www.tugraz-verlag.at\/en\/gesamtverzeichnis\/bauingenieurwissenschaften\/methoden-und-beispiele-fuer-das-engineering-in-der-technischen-logistik-ebook\/#primaryimage","url":"https:\/\/www.tugraz-verlag.at\/wp-content\/uploads\/asolmerce\/image-864.png","contentUrl":"https:\/\/www.tugraz-verlag.at\/wp-content\/uploads\/asolmerce\/image-864.png","width":662,"height":913},{"@type":"BreadcrumbList","@id":"https:\/\/www.tugraz-verlag.at\/en\/gesamtverzeichnis\/bauingenieurwissenschaften\/methoden-und-beispiele-fuer-das-engineering-in-der-technischen-logistik-ebook\/#breadcrumb","itemListElement":[{"@type":"ListItem","position":1,"name":"Home","item":"https:\/\/www.tugraz-verlag.at\/en\/"},{"@type":"ListItem","position":2,"name":"Gesamtverzeichnis","item":"https:\/\/www.tugraz-verlag.at\/en\/gesamtverzeichnis\/"},{"@type":"ListItem","position":3,"name":"Methoden und Beispiele f\u00fcr das Engineering in der Technischen Logistik"}]},{"@type":"WebSite","@id":"https:\/\/www.tugraz-verlag.at\/en\/#website","url":"https:\/\/www.tugraz-verlag.at\/en\/","name":"Verlag der TU Graz","description":"Verlag der Technischen Universit\u00e4t Graz","potentialAction":[{"@type":"SearchAction","target":{"@type":"EntryPoint","urlTemplate":"https:\/\/www.tugraz-verlag.at\/en\/?s={search_term_string}"},"query-input":{"@type":"PropertyValueSpecification","valueRequired":true,"valueName":"search_term_string"}}],"inLanguage":"en-US"}]}},"_links":{"self":[{"href":"https:\/\/www.tugraz-verlag.at\/en\/wp-json\/wp\/v2\/product\/34508","targetHints":{"allow":["GET"]}}],"collection":[{"href":"https:\/\/www.tugraz-verlag.at\/en\/wp-json\/wp\/v2\/product"}],"about":[{"href":"https:\/\/www.tugraz-verlag.at\/en\/wp-json\/wp\/v2\/types\/product"}],"replies":[{"embeddable":true,"href":"https:\/\/www.tugraz-verlag.at\/en\/wp-json\/wp\/v2\/comments?post=34508"}],"wp:featuredmedia":[{"embeddable":true,"href":"https:\/\/www.tugraz-verlag.at\/en\/wp-json\/wp\/v2\/media\/40165"}],"wp:attachment":[{"href":"https:\/\/www.tugraz-verlag.at\/en\/wp-json\/wp\/v2\/media?parent=34508"}],"wp:term":[{"taxonomy":"product_brand","embeddable":true,"href":"https:\/\/www.tugraz-verlag.at\/en\/wp-json\/wp\/v2\/product_brand?post=34508"},{"taxonomy":"product_cat","embeddable":true,"href":"https:\/\/www.tugraz-verlag.at\/en\/wp-json\/wp\/v2\/product_cat?post=34508"},{"taxonomy":"product_tag","embeddable":true,"href":"https:\/\/www.tugraz-verlag.at\/en\/wp-json\/wp\/v2\/product_tag?post=34508"}],"curies":[{"name":"wp","href":"https:\/\/api.w.org\/{rel}","templated":true}]}}