{"id":33551,"date":"2026-03-28T07:32:42","date_gmt":"2026-03-28T07:32:42","guid":{"rendered":"http:\/\/www.tugraz-verlag.at\/gesamtverzeichnis\/unkategorisiert\/nachhaltige-entwicklungen-an-der-tu-graz-und-ihre-initiatoren-2\/"},"modified":"2026-03-28T11:33:42","modified_gmt":"2026-03-28T09:33:42","slug":"100-jahre-gesetzlicher-schutz-des-ingenieurtitels-in-oesterreich","status":"publish","type":"product","link":"https:\/\/www.tugraz-verlag.at\/en\/gesamtverzeichnis\/interdiszipinaeres\/100-jahre-gesetzlicher-schutz-des-ingenieurtitels-in-oesterreich\/","title":{"rendered":"100 Jahre gesetzlicher Schutz des Ingenieurtitels in \u00d6sterreich"},"content":{"rendered":"<p class=\"qtranxs-available-languages-message qtranxs-available-languages-message-en\">This entry is only available in German<\/p><p>Vor 100 Jahren, am 14. M\u00e4rz 1917, wurde \u201edie kaiserliche Verordnung, womit die Berechtigung zur F\u00fchrung der Standesbezeichnung Ingenieur festgelegt wird\u201c im \u00f6sterreichischen Reichsgesetzblatt ver\u00f6ffentlicht. Damals wurden die technischen Hochschulen als diejenigen Einrichtungen benannt, die an ihre Absolventen (das waren zu dieser Zeit nur M\u00e4nner) den Ingenieurtitel verleihen durften.<br \/>Die wechselvolle Geschichte des 20. Jahrhunderts f\u00fchrte in mehreren Etappen zur heutigen titelm\u00e4\u00dfigen Trennung von Ingenieur-\/innen und Diplom-Ingenieur-\/innen, in der gesellschaftlichen und wirtschaftlichen Praxis ist aber die gemeinsame Wurzel des Ingenieurtitels tief verankert.<br \/>Aus diesem Grund hat das Forum Technik und Gesellschaft an der TU Graz zum 100-Jahr-Jubil\u00e4um eine Festveranstaltung abgehalten, die dem \u00fcbergeordneten Thema \u201eDie Ingenieure, die wir in Europa brauchen\u201c gewidmet war.<br \/>Das Buch enth\u00e4lt vier Festvortr\u00e4ge zur Geschichte des Ingenieurwesens, zur internationalen Sicht auf \u00f6sterreichische Ingenieure und Diplom-Ingenieure, zur Bedeutung der Ingenieure und Diplom-Ingenieure f\u00fcr die Industrie und zum neuen \u00f6sterreichischen Ingenieurgesetz 2017 sowie zahlreiche Grussworte und Statements aus einschl\u00e4gigen Institutionen und Ingenieurverb\u00e4nden.<\/p>","protected":false},"excerpt":{"rendered":"<p class=\"qtranxs-available-languages-message qtranxs-available-languages-message-en\">This entry is only available in German<\/p>\n<p>Vor 100 Jahren, am 14. M\u00e4rz 1917, wurde \u201edie kaiserliche Verordnung, womit die Berechtigung zur F\u00fchrung der Standesbezeichnung Ingenieur festgelegt wird\u201c im \u00f6sterreichischen Reichsgesetzblatt ver\u00f6ffentlicht. Damals wurden die technischen Hochschulen als diejenigen Einrichtungen benannt, die an ihre Absolventen (das waren zu dieser Zeit nur M\u00e4nner) den Ingenieurtitel verleihen durften.<br \/>Die wechselvolle Geschichte des 20. Jahrhunderts f\u00fchrte in mehreren Etappen zur heutigen titelm\u00e4\u00dfigen Trennung von Ingenieur-\/innen und Diplom-Ingenieur-\/innen, in der gesellschaftlichen und wirtschaftlichen Praxis ist aber die gemeinsame Wurzel des Ingenieurtitels tief verankert.<br \/>Aus diesem Grund hat das Forum Technik und Gesellschaft an der TU Graz zum 100-Jahr-Jubil\u00e4um eine Festveranstaltung abgehalten, die dem \u00fcbergeordneten Thema \u201eDie Ingenieure, die wir in Europa brauchen\u201c gewidmet war.<br \/>Das Buch enth\u00e4lt vier Festvortr\u00e4ge zur Geschichte des Ingenieurwesens, zur internationalen Sicht auf \u00f6sterreichische Ingenieure und Diplom-Ingenieure, zur Bedeutung der Ingenieure und Diplom-Ingenieure f\u00fcr die Industrie und zum neuen \u00f6sterreichischen Ingenieurgesetz 2017 sowie zahlreiche Grussworte und Statements aus einschl\u00e4gigen Institutionen und Ingenieurverb\u00e4nden.<\/p>\n","protected":false},"featured_media":40144,"comment_status":"closed","ping_status":"closed","template":"","meta":{"_acf_changed":false},"product_brand":[],"product_cat":[1633],"product_tag":[3318],"class_list":{"0":"post-33551","1":"product","2":"type-product","3":"status-publish","4":"has-post-thumbnail","6":"product_cat-interdiszipinaeres","7":"product_tag-technische-universitaet-graz-ingenieur-jubilaeum-oesterreich","8":"autor-tu-graz-forum-technik-und-gesellschaft-und-alumni-beziehungen","9":"reihe-forum-technik-und-gesellschaft","11":"first","12":"instock","13":"taxable","14":"shipping-taxable","15":"purchasable","16":"product-type-simple"},"acf":[],"yoast_head":"<!-- This site is optimized with the Yoast SEO plugin v27.2 - https:\/\/yoast.com\/product\/yoast-seo-wordpress\/ -->\n<title>100 Jahre gesetzlicher Schutz des Ingenieurtitels in \u00d6sterreich - Verlag der TU Graz<\/title>\n<meta name=\"robots\" content=\"index, follow, max-snippet:-1, max-image-preview:large, max-video-preview:-1\" \/>\n<link rel=\"canonical\" href=\"https:\/\/www.tugraz-verlag.at\/en\/gesamtverzeichnis\/interdiszipinaeres\/100-jahre-gesetzlicher-schutz-des-ingenieurtitels-in-oesterreich\/\" \/>\n<meta property=\"og:locale\" content=\"en_US\" \/>\n<meta property=\"og:type\" content=\"article\" \/>\n<meta property=\"og:title\" content=\"100 Jahre gesetzlicher Schutz des Ingenieurtitels in \u00d6sterreich - Verlag der TU Graz\" \/>\n<meta property=\"og:description\" content=\"Vor 100 Jahren, am 14. M\u00e4rz 1917, wurde \u201edie kaiserliche Verordnung, womit die Berechtigung zur F\u00fchrung der Standesbezeichnung Ingenieur festgelegt wird\u201c im \u00f6sterreichischen Reichsgesetzblatt ver\u00f6ffentlicht. Damals wurden die technischen Hochschulen als diejenigen Einrichtungen benannt, die an ihre Absolventen (das waren zu dieser Zeit nur M\u00e4nner) den Ingenieurtitel verleihen durften.Die wechselvolle Geschichte des 20. Jahrhunderts f\u00fchrte in mehreren Etappen zur heutigen titelm\u00e4\u00dfigen Trennung von Ingenieur-\/innen und Diplom-Ingenieur-\/innen, in der gesellschaftlichen und wirtschaftlichen Praxis ist aber die gemeinsame Wurzel des Ingenieurtitels tief verankert.Aus diesem Grund hat das Forum Technik und Gesellschaft an der TU Graz zum 100-Jahr-Jubil\u00e4um eine Festveranstaltung abgehalten, die dem \u00fcbergeordneten Thema \u201eDie Ingenieure, die wir in Europa brauchen\u201c gewidmet war.Das Buch enth\u00e4lt vier Festvortr\u00e4ge zur Geschichte des Ingenieurwesens, zur internationalen Sicht auf \u00f6sterreichische Ingenieure und Diplom-Ingenieure, zur Bedeutung der Ingenieure und Diplom-Ingenieure f\u00fcr die Industrie und zum neuen \u00f6sterreichischen Ingenieurgesetz 2017 sowie zahlreiche Grussworte und Statements aus einschl\u00e4gigen Institutionen und Ingenieurverb\u00e4nden.\" \/>\n<meta property=\"og:url\" content=\"https:\/\/www.tugraz-verlag.at\/en\/gesamtverzeichnis\/interdiszipinaeres\/100-jahre-gesetzlicher-schutz-des-ingenieurtitels-in-oesterreich\/\" \/>\n<meta property=\"og:site_name\" content=\"Verlag der TU Graz\" \/>\n<meta property=\"article:modified_time\" content=\"2026-03-28T09:33:42+00:00\" \/>\n<meta property=\"og:image\" content=\"https:\/\/www.tugraz-verlag.at\/wp-content\/uploads\/asolmerce\/image-978-3-85125-572-0.jpg\" \/>\n\t<meta property=\"og:image:width\" content=\"666\" \/>\n\t<meta property=\"og:image:height\" content=\"907\" \/>\n\t<meta property=\"og:image:type\" content=\"image\/jpeg\" \/>\n<meta name=\"twitter:card\" content=\"summary_large_image\" \/>\n<meta name=\"twitter:label1\" content=\"Est. reading time\" \/>\n\t<meta name=\"twitter:data1\" content=\"1 minute\" \/>\n<script type=\"application\/ld+json\" class=\"yoast-schema-graph\">{\"@context\":\"https:\/\/schema.org\",\"@graph\":[{\"@type\":\"WebPage\",\"@id\":\"https:\/\/www.tugraz-verlag.at\/en\/gesamtverzeichnis\/interdiszipinaeres\/100-jahre-gesetzlicher-schutz-des-ingenieurtitels-in-oesterreich\/\",\"url\":\"https:\/\/www.tugraz-verlag.at\/en\/gesamtverzeichnis\/interdiszipinaeres\/100-jahre-gesetzlicher-schutz-des-ingenieurtitels-in-oesterreich\/\",\"name\":\"100 Jahre gesetzlicher Schutz des Ingenieurtitels in \u00d6sterreich - Verlag der TU Graz\",\"isPartOf\":{\"@id\":\"https:\/\/www.tugraz-verlag.at\/en\/#website\"},\"primaryImageOfPage\":{\"@id\":\"https:\/\/www.tugraz-verlag.at\/en\/gesamtverzeichnis\/interdiszipinaeres\/100-jahre-gesetzlicher-schutz-des-ingenieurtitels-in-oesterreich\/#primaryimage\"},\"image\":{\"@id\":\"https:\/\/www.tugraz-verlag.at\/gesamtverzeichnis\/interdiszipinaeres\/100-jahre-gesetzlicher-schutz-des-ingenieurtitels-in-oesterreich\/#primaryimage\"},\"thumbnailUrl\":\"https:\/\/www.tugraz-verlag.at\/wp-content\/uploads\/asolmerce\/image-978-3-85125-572-0.jpg\",\"datePublished\":\"2026-03-28T07:32:42+00:00\",\"dateModified\":\"2026-03-28T09:33:42+00:00\",\"breadcrumb\":{\"@id\":\"https:\/\/www.tugraz-verlag.at\/en\/gesamtverzeichnis\/interdiszipinaeres\/100-jahre-gesetzlicher-schutz-des-ingenieurtitels-in-oesterreich\/#breadcrumb\"},\"inLanguage\":\"en-US\",\"potentialAction\":[{\"@type\":\"ReadAction\",\"target\":[[\"https:\/\/www.tugraz-verlag.at\/en\/gesamtverzeichnis\/interdiszipinaeres\/100-jahre-gesetzlicher-schutz-des-ingenieurtitels-in-oesterreich\/\"]]}]},{\"@type\":\"ImageObject\",\"inLanguage\":\"en-US\",\"@id\":\"https:\/\/www.tugraz-verlag.at\/en\/gesamtverzeichnis\/interdiszipinaeres\/100-jahre-gesetzlicher-schutz-des-ingenieurtitels-in-oesterreich\/#primaryimage\",\"url\":\"https:\/\/www.tugraz-verlag.at\/wp-content\/uploads\/asolmerce\/image-978-3-85125-572-0.jpg\",\"contentUrl\":\"https:\/\/www.tugraz-verlag.at\/wp-content\/uploads\/asolmerce\/image-978-3-85125-572-0.jpg\",\"width\":666,\"height\":907},{\"@type\":\"BreadcrumbList\",\"@id\":\"https:\/\/www.tugraz-verlag.at\/en\/gesamtverzeichnis\/interdiszipinaeres\/100-jahre-gesetzlicher-schutz-des-ingenieurtitels-in-oesterreich\/#breadcrumb\",\"itemListElement\":[{\"@type\":\"ListItem\",\"position\":1,\"name\":\"Home\",\"item\":\"https:\/\/www.tugraz-verlag.at\/en\/\"},{\"@type\":\"ListItem\",\"position\":2,\"name\":\"Gesamtverzeichnis\",\"item\":\"https:\/\/www.tugraz-verlag.at\/en\/gesamtverzeichnis\/\"},{\"@type\":\"ListItem\",\"position\":3,\"name\":\"100 Jahre gesetzlicher Schutz des Ingenieurtitels in \u00d6sterreich\"}]},{\"@type\":\"WebSite\",\"@id\":\"https:\/\/www.tugraz-verlag.at\/en\/#website\",\"url\":\"https:\/\/www.tugraz-verlag.at\/en\/\",\"name\":\"Verlag der TU Graz\",\"description\":\"Verlag der Technischen Universit\u00e4t Graz\",\"potentialAction\":[{\"@type\":\"SearchAction\",\"target\":{\"@type\":\"EntryPoint\",\"urlTemplate\":\"https:\/\/www.tugraz-verlag.at\/en\/?s={search_term_string}\"},\"query-input\":{\"@type\":\"PropertyValueSpecification\",\"valueRequired\":true,\"valueName\":\"search_term_string\"}}],\"inLanguage\":\"en-US\"}]}<\/script>\n<!-- \/ Yoast SEO plugin. -->","yoast_head_json":{"title":"100 Jahre gesetzlicher Schutz des Ingenieurtitels in \u00d6sterreich - Verlag der TU Graz","robots":{"index":"index","follow":"follow","max-snippet":"max-snippet:-1","max-image-preview":"max-image-preview:large","max-video-preview":"max-video-preview:-1"},"canonical":"https:\/\/www.tugraz-verlag.at\/en\/gesamtverzeichnis\/interdiszipinaeres\/100-jahre-gesetzlicher-schutz-des-ingenieurtitels-in-oesterreich\/","og_locale":"en_US","og_type":"article","og_title":"100 Jahre gesetzlicher Schutz des Ingenieurtitels in \u00d6sterreich - Verlag der TU Graz","og_description":"Vor 100 Jahren, am 14. M\u00e4rz 1917, wurde \u201edie kaiserliche Verordnung, womit die Berechtigung zur F\u00fchrung der Standesbezeichnung Ingenieur festgelegt wird\u201c im \u00f6sterreichischen Reichsgesetzblatt ver\u00f6ffentlicht. Damals wurden die technischen Hochschulen als diejenigen Einrichtungen benannt, die an ihre Absolventen (das waren zu dieser Zeit nur M\u00e4nner) den Ingenieurtitel verleihen durften.Die wechselvolle Geschichte des 20. Jahrhunderts f\u00fchrte in mehreren Etappen zur heutigen titelm\u00e4\u00dfigen Trennung von Ingenieur-\/innen und Diplom-Ingenieur-\/innen, in der gesellschaftlichen und wirtschaftlichen Praxis ist aber die gemeinsame Wurzel des Ingenieurtitels tief verankert.Aus diesem Grund hat das Forum Technik und Gesellschaft an der TU Graz zum 100-Jahr-Jubil\u00e4um eine Festveranstaltung abgehalten, die dem \u00fcbergeordneten Thema \u201eDie Ingenieure, die wir in Europa brauchen\u201c gewidmet war.Das Buch enth\u00e4lt vier Festvortr\u00e4ge zur Geschichte des Ingenieurwesens, zur internationalen Sicht auf \u00f6sterreichische Ingenieure und Diplom-Ingenieure, zur Bedeutung der Ingenieure und Diplom-Ingenieure f\u00fcr die Industrie und zum neuen \u00f6sterreichischen Ingenieurgesetz 2017 sowie zahlreiche Grussworte und Statements aus einschl\u00e4gigen Institutionen und Ingenieurverb\u00e4nden.","og_url":"https:\/\/www.tugraz-verlag.at\/en\/gesamtverzeichnis\/interdiszipinaeres\/100-jahre-gesetzlicher-schutz-des-ingenieurtitels-in-oesterreich\/","og_site_name":"Verlag der TU Graz","article_modified_time":"2026-03-28T09:33:42+00:00","og_image":[{"width":666,"height":907,"url":"https:\/\/www.tugraz-verlag.at\/wp-content\/uploads\/asolmerce\/image-978-3-85125-572-0.jpg","type":"image\/jpeg"}],"twitter_card":"summary_large_image","twitter_misc":{"Est. reading time":"1 minute"},"schema":{"@context":"https:\/\/schema.org","@graph":[{"@type":"WebPage","@id":"https:\/\/www.tugraz-verlag.at\/en\/gesamtverzeichnis\/interdiszipinaeres\/100-jahre-gesetzlicher-schutz-des-ingenieurtitels-in-oesterreich\/","url":"https:\/\/www.tugraz-verlag.at\/en\/gesamtverzeichnis\/interdiszipinaeres\/100-jahre-gesetzlicher-schutz-des-ingenieurtitels-in-oesterreich\/","name":"100 Jahre gesetzlicher Schutz des Ingenieurtitels in \u00d6sterreich - Verlag der TU Graz","isPartOf":{"@id":"https:\/\/www.tugraz-verlag.at\/en\/#website"},"primaryImageOfPage":{"@id":"https:\/\/www.tugraz-verlag.at\/en\/gesamtverzeichnis\/interdiszipinaeres\/100-jahre-gesetzlicher-schutz-des-ingenieurtitels-in-oesterreich\/#primaryimage"},"image":{"@id":"https:\/\/www.tugraz-verlag.at\/gesamtverzeichnis\/interdiszipinaeres\/100-jahre-gesetzlicher-schutz-des-ingenieurtitels-in-oesterreich\/#primaryimage"},"thumbnailUrl":"https:\/\/www.tugraz-verlag.at\/wp-content\/uploads\/asolmerce\/image-978-3-85125-572-0.jpg","datePublished":"2026-03-28T07:32:42+00:00","dateModified":"2026-03-28T09:33:42+00:00","breadcrumb":{"@id":"https:\/\/www.tugraz-verlag.at\/en\/gesamtverzeichnis\/interdiszipinaeres\/100-jahre-gesetzlicher-schutz-des-ingenieurtitels-in-oesterreich\/#breadcrumb"},"inLanguage":"en-US","potentialAction":[{"@type":"ReadAction","target":[["https:\/\/www.tugraz-verlag.at\/en\/gesamtverzeichnis\/interdiszipinaeres\/100-jahre-gesetzlicher-schutz-des-ingenieurtitels-in-oesterreich\/"]]}]},{"@type":"ImageObject","inLanguage":"en-US","@id":"https:\/\/www.tugraz-verlag.at\/en\/gesamtverzeichnis\/interdiszipinaeres\/100-jahre-gesetzlicher-schutz-des-ingenieurtitels-in-oesterreich\/#primaryimage","url":"https:\/\/www.tugraz-verlag.at\/wp-content\/uploads\/asolmerce\/image-978-3-85125-572-0.jpg","contentUrl":"https:\/\/www.tugraz-verlag.at\/wp-content\/uploads\/asolmerce\/image-978-3-85125-572-0.jpg","width":666,"height":907},{"@type":"BreadcrumbList","@id":"https:\/\/www.tugraz-verlag.at\/en\/gesamtverzeichnis\/interdiszipinaeres\/100-jahre-gesetzlicher-schutz-des-ingenieurtitels-in-oesterreich\/#breadcrumb","itemListElement":[{"@type":"ListItem","position":1,"name":"Home","item":"https:\/\/www.tugraz-verlag.at\/en\/"},{"@type":"ListItem","position":2,"name":"Gesamtverzeichnis","item":"https:\/\/www.tugraz-verlag.at\/en\/gesamtverzeichnis\/"},{"@type":"ListItem","position":3,"name":"100 Jahre gesetzlicher Schutz des Ingenieurtitels in \u00d6sterreich"}]},{"@type":"WebSite","@id":"https:\/\/www.tugraz-verlag.at\/en\/#website","url":"https:\/\/www.tugraz-verlag.at\/en\/","name":"Verlag der TU Graz","description":"Verlag der Technischen Universit\u00e4t Graz","potentialAction":[{"@type":"SearchAction","target":{"@type":"EntryPoint","urlTemplate":"https:\/\/www.tugraz-verlag.at\/en\/?s={search_term_string}"},"query-input":{"@type":"PropertyValueSpecification","valueRequired":true,"valueName":"search_term_string"}}],"inLanguage":"en-US"}]}},"_links":{"self":[{"href":"https:\/\/www.tugraz-verlag.at\/en\/wp-json\/wp\/v2\/product\/33551","targetHints":{"allow":["GET"]}}],"collection":[{"href":"https:\/\/www.tugraz-verlag.at\/en\/wp-json\/wp\/v2\/product"}],"about":[{"href":"https:\/\/www.tugraz-verlag.at\/en\/wp-json\/wp\/v2\/types\/product"}],"replies":[{"embeddable":true,"href":"https:\/\/www.tugraz-verlag.at\/en\/wp-json\/wp\/v2\/comments?post=33551"}],"wp:featuredmedia":[{"embeddable":true,"href":"https:\/\/www.tugraz-verlag.at\/en\/wp-json\/wp\/v2\/media\/40144"}],"wp:attachment":[{"href":"https:\/\/www.tugraz-verlag.at\/en\/wp-json\/wp\/v2\/media?parent=33551"}],"wp:term":[{"taxonomy":"product_brand","embeddable":true,"href":"https:\/\/www.tugraz-verlag.at\/en\/wp-json\/wp\/v2\/product_brand?post=33551"},{"taxonomy":"product_cat","embeddable":true,"href":"https:\/\/www.tugraz-verlag.at\/en\/wp-json\/wp\/v2\/product_cat?post=33551"},{"taxonomy":"product_tag","embeddable":true,"href":"https:\/\/www.tugraz-verlag.at\/en\/wp-json\/wp\/v2\/product_tag?post=33551"}],"curies":[{"name":"wp","href":"https:\/\/api.w.org\/{rel}","templated":true}]}}