{"id":33166,"date":"2026-03-28T07:32:40","date_gmt":"2026-03-28T07:32:40","guid":{"rendered":"http:\/\/www.tugraz-verlag.at\/gesamtverzeichnis\/unkategorisiert\/quintessenz-der-exlibris-literatur\/"},"modified":"2026-03-28T11:33:40","modified_gmt":"2026-03-28T09:33:40","slug":"quintessenz-der-internationalen-exlibris-literatur-quintessence-of-the-international-bookplate-literature","status":"publish","type":"product","link":"https:\/\/www.tugraz-verlag.at\/en\/gesamtverzeichnis\/interdiszipinaeres\/quintessenz-der-internationalen-exlibris-literatur-quintessence-of-the-international-bookplate-literature\/","title":{"rendered":"Quintessenz der internationalen Exlibris-Literatur; Quintessence of the international Bookplate Literature"},"content":{"rendered":"<p class=\"qtranxs-available-languages-message qtranxs-available-languages-message-en\">This entry is only available in German<\/p><p>Wer wei\u00df, wie viele Monographien, Zeitschriften und Zeitschriften-Artikel es zum Thema Exlibris wirklich gibt? <br \/>Obwohl die \u201cDatenbank der Internationalen Exlibrisliteratur\u201d (bibi.kfstock.at) zur Zeit 63.750 Eintr\u00e4ge enth\u00e4lt, kann man dennoch vermuten, dass die tats\u00e4chliche Zahl an Exlibrispublikationen mehr als 120.000 betr\u00e4gt. Aber auch die Zahl der 63.750 Eintr\u00e4ge w\u00fcrden ein vielb\u00e4ndiges Werk als Druckausgabe ergeben. Es ist daher meist sinnvoll und g\u00fcnstiger, die Online Datenbank f\u00fcr Forscher- und Sammlerzwecke zu ben\u00fctzen. <br \/>F\u00fcr Exlibristen, die dennoch ein handliches Druckwerk mit den wichtigsten Exlibrispublikationen w\u00fcnschen, soll die vorliegende Ver\u00f6ffentlichung dienen. Immerhin verzeichnet diese \u201cQuintessenz\u201d 3.730 Literaturnachweise.<\/p>\n<p><\/p>","protected":false},"excerpt":{"rendered":"<p class=\"qtranxs-available-languages-message qtranxs-available-languages-message-en\">This entry is only available in German<\/p>\n<p>Wer wei\u00df, wie viele Monographien, Zeitschriften und Zeitschriften-Artikel es zum Thema Exlibris wirklich gibt? <br \/>Obwohl die \u201cDatenbank der Internationalen Exlibrisliteratur\u201d (bibi.kfstock.at) zur Zeit 63.750 Eintr\u00e4ge enth\u00e4lt, kann man dennoch vermuten, dass die tats\u00e4chliche Zahl an Exlibrispublikationen mehr als 120.000 betr\u00e4gt. Aber auch die Zahl der 63.750 Eintr\u00e4ge w\u00fcrden ein vielb\u00e4ndiges Werk als Druckausgabe ergeben. Es ist daher meist sinnvoll und g\u00fcnstiger, die Online Datenbank f\u00fcr Forscher- und Sammlerzwecke zu ben\u00fctzen. <br \/>F\u00fcr Exlibristen, die dennoch ein handliches Druckwerk mit den wichtigsten Exlibrispublikationen w\u00fcnschen, soll die vorliegende Ver\u00f6ffentlichung dienen. Immerhin verzeichnet diese \u201cQuintessenz\u201d 3.730 Literaturnachweise.<\/p>\n","protected":false},"featured_media":40128,"comment_status":"open","ping_status":"closed","template":"","meta":{"_acf_changed":false},"product_brand":[],"product_cat":[1633],"product_tag":[3298],"class_list":{"0":"post-33166","1":"product","2":"type-product","3":"status-publish","4":"has-post-thumbnail","6":"product_cat-interdiszipinaeres","7":"product_tag-exlibris-eigentumsvermerk-kuenstler","8":"autor-stock-karl-f","10":"first","11":"instock","12":"sale","13":"taxable","14":"shipping-taxable","15":"purchasable","16":"product-type-simple"},"acf":[],"yoast_head":"<!-- This site is optimized with the Yoast SEO plugin v27.2 - https:\/\/yoast.com\/product\/yoast-seo-wordpress\/ -->\n<title>Quintessenz der internationalen Exlibris-Literatur; Quintessence of the international Bookplate Literature - Verlag der TU Graz<\/title>\n<meta name=\"robots\" content=\"index, follow, max-snippet:-1, max-image-preview:large, max-video-preview:-1\" \/>\n<link rel=\"canonical\" href=\"https:\/\/www.tugraz-verlag.at\/en\/gesamtverzeichnis\/interdiszipinaeres\/quintessenz-der-internationalen-exlibris-literatur-quintessence-of-the-international-bookplate-literature\/\" \/>\n<meta property=\"og:locale\" content=\"en_US\" \/>\n<meta property=\"og:type\" content=\"article\" \/>\n<meta property=\"og:title\" content=\"Quintessenz der internationalen Exlibris-Literatur; Quintessence of the international Bookplate Literature - Verlag der TU Graz\" \/>\n<meta property=\"og:description\" content=\"Wer wei\u00df, wie viele Monographien, Zeitschriften und Zeitschriften-Artikel es zum Thema Exlibris wirklich gibt? Obwohl die \u201cDatenbank der Internationalen Exlibrisliteratur\u201d (bibi.kfstock.at) zur Zeit 63.750 Eintr\u00e4ge enth\u00e4lt, kann man dennoch vermuten, dass die tats\u00e4chliche Zahl an Exlibrispublikationen mehr als 120.000 betr\u00e4gt. Aber auch die Zahl der 63.750 Eintr\u00e4ge w\u00fcrden ein vielb\u00e4ndiges Werk als Druckausgabe ergeben. Es ist daher meist sinnvoll und g\u00fcnstiger, die Online Datenbank f\u00fcr Forscher- und Sammlerzwecke zu ben\u00fctzen. F\u00fcr Exlibristen, die dennoch ein handliches Druckwerk mit den wichtigsten Exlibrispublikationen w\u00fcnschen, soll die vorliegende Ver\u00f6ffentlichung dienen. Immerhin verzeichnet diese \u201cQuintessenz\u201d 3.730 Literaturnachweise.\" \/>\n<meta property=\"og:url\" content=\"https:\/\/www.tugraz-verlag.at\/en\/gesamtverzeichnis\/interdiszipinaeres\/quintessenz-der-internationalen-exlibris-literatur-quintessence-of-the-international-bookplate-literature\/\" \/>\n<meta property=\"og:site_name\" content=\"Verlag der TU Graz\" \/>\n<meta property=\"article:modified_time\" content=\"2026-03-28T09:33:40+00:00\" \/>\n<meta property=\"og:image\" content=\"https:\/\/www.tugraz-verlag.at\/wp-content\/uploads\/asolmerce\/image-978-3-85125-559-1.jpg\" \/>\n\t<meta property=\"og:image:width\" content=\"402\" \/>\n\t<meta property=\"og:image:height\" content=\"195\" \/>\n\t<meta property=\"og:image:type\" content=\"image\/jpeg\" \/>\n<meta name=\"twitter:card\" content=\"summary_large_image\" \/>\n<meta name=\"twitter:label1\" content=\"Est. reading time\" \/>\n\t<meta name=\"twitter:data1\" content=\"1 minute\" \/>\n<script type=\"application\/ld+json\" class=\"yoast-schema-graph\">{\"@context\":\"https:\/\/schema.org\",\"@graph\":[{\"@type\":\"WebPage\",\"@id\":\"https:\/\/www.tugraz-verlag.at\/en\/gesamtverzeichnis\/interdiszipinaeres\/quintessenz-der-internationalen-exlibris-literatur-quintessence-of-the-international-bookplate-literature\/\",\"url\":\"https:\/\/www.tugraz-verlag.at\/en\/gesamtverzeichnis\/interdiszipinaeres\/quintessenz-der-internationalen-exlibris-literatur-quintessence-of-the-international-bookplate-literature\/\",\"name\":\"Quintessenz der internationalen Exlibris-Literatur; Quintessence of the international Bookplate Literature - Verlag der TU Graz\",\"isPartOf\":{\"@id\":\"https:\/\/www.tugraz-verlag.at\/en\/#website\"},\"primaryImageOfPage\":{\"@id\":\"https:\/\/www.tugraz-verlag.at\/en\/gesamtverzeichnis\/interdiszipinaeres\/quintessenz-der-internationalen-exlibris-literatur-quintessence-of-the-international-bookplate-literature\/#primaryimage\"},\"image\":{\"@id\":\"https:\/\/www.tugraz-verlag.at\/gesamtverzeichnis\/interdiszipinaeres\/quintessenz-der-internationalen-exlibris-literatur-quintessence-of-the-international-bookplate-literature\/#primaryimage\"},\"thumbnailUrl\":\"https:\/\/www.tugraz-verlag.at\/wp-content\/uploads\/asolmerce\/image-978-3-85125-559-1.jpg\",\"datePublished\":\"2026-03-28T07:32:40+00:00\",\"dateModified\":\"2026-03-28T09:33:40+00:00\",\"breadcrumb\":{\"@id\":\"https:\/\/www.tugraz-verlag.at\/en\/gesamtverzeichnis\/interdiszipinaeres\/quintessenz-der-internationalen-exlibris-literatur-quintessence-of-the-international-bookplate-literature\/#breadcrumb\"},\"inLanguage\":\"en-US\",\"potentialAction\":[{\"@type\":\"ReadAction\",\"target\":[[\"https:\/\/www.tugraz-verlag.at\/en\/gesamtverzeichnis\/interdiszipinaeres\/quintessenz-der-internationalen-exlibris-literatur-quintessence-of-the-international-bookplate-literature\/\"]]}]},{\"@type\":\"ImageObject\",\"inLanguage\":\"en-US\",\"@id\":\"https:\/\/www.tugraz-verlag.at\/en\/gesamtverzeichnis\/interdiszipinaeres\/quintessenz-der-internationalen-exlibris-literatur-quintessence-of-the-international-bookplate-literature\/#primaryimage\",\"url\":\"https:\/\/www.tugraz-verlag.at\/wp-content\/uploads\/asolmerce\/image-978-3-85125-559-1.jpg\",\"contentUrl\":\"https:\/\/www.tugraz-verlag.at\/wp-content\/uploads\/asolmerce\/image-978-3-85125-559-1.jpg\",\"width\":402,\"height\":195},{\"@type\":\"BreadcrumbList\",\"@id\":\"https:\/\/www.tugraz-verlag.at\/en\/gesamtverzeichnis\/interdiszipinaeres\/quintessenz-der-internationalen-exlibris-literatur-quintessence-of-the-international-bookplate-literature\/#breadcrumb\",\"itemListElement\":[{\"@type\":\"ListItem\",\"position\":1,\"name\":\"Home\",\"item\":\"https:\/\/www.tugraz-verlag.at\/en\/\"},{\"@type\":\"ListItem\",\"position\":2,\"name\":\"Gesamtverzeichnis\",\"item\":\"https:\/\/www.tugraz-verlag.at\/en\/gesamtverzeichnis\/\"},{\"@type\":\"ListItem\",\"position\":3,\"name\":\"Quintessenz der internationalen Exlibris-Literatur; Quintessence of the international Bookplate Literature\"}]},{\"@type\":\"WebSite\",\"@id\":\"https:\/\/www.tugraz-verlag.at\/en\/#website\",\"url\":\"https:\/\/www.tugraz-verlag.at\/en\/\",\"name\":\"Verlag der TU Graz\",\"description\":\"Verlag der Technischen Universit\u00e4t Graz\",\"potentialAction\":[{\"@type\":\"SearchAction\",\"target\":{\"@type\":\"EntryPoint\",\"urlTemplate\":\"https:\/\/www.tugraz-verlag.at\/en\/?s={search_term_string}\"},\"query-input\":{\"@type\":\"PropertyValueSpecification\",\"valueRequired\":true,\"valueName\":\"search_term_string\"}}],\"inLanguage\":\"en-US\"}]}<\/script>\n<!-- \/ Yoast SEO plugin. -->","yoast_head_json":{"title":"Quintessenz der internationalen Exlibris-Literatur; Quintessence of the international Bookplate Literature - Verlag der TU Graz","robots":{"index":"index","follow":"follow","max-snippet":"max-snippet:-1","max-image-preview":"max-image-preview:large","max-video-preview":"max-video-preview:-1"},"canonical":"https:\/\/www.tugraz-verlag.at\/en\/gesamtverzeichnis\/interdiszipinaeres\/quintessenz-der-internationalen-exlibris-literatur-quintessence-of-the-international-bookplate-literature\/","og_locale":"en_US","og_type":"article","og_title":"Quintessenz der internationalen Exlibris-Literatur; Quintessence of the international Bookplate Literature - Verlag der TU Graz","og_description":"Wer wei\u00df, wie viele Monographien, Zeitschriften und Zeitschriften-Artikel es zum Thema Exlibris wirklich gibt? Obwohl die \u201cDatenbank der Internationalen Exlibrisliteratur\u201d (bibi.kfstock.at) zur Zeit 63.750 Eintr\u00e4ge enth\u00e4lt, kann man dennoch vermuten, dass die tats\u00e4chliche Zahl an Exlibrispublikationen mehr als 120.000 betr\u00e4gt. Aber auch die Zahl der 63.750 Eintr\u00e4ge w\u00fcrden ein vielb\u00e4ndiges Werk als Druckausgabe ergeben. Es ist daher meist sinnvoll und g\u00fcnstiger, die Online Datenbank f\u00fcr Forscher- und Sammlerzwecke zu ben\u00fctzen. F\u00fcr Exlibristen, die dennoch ein handliches Druckwerk mit den wichtigsten Exlibrispublikationen w\u00fcnschen, soll die vorliegende Ver\u00f6ffentlichung dienen. Immerhin verzeichnet diese \u201cQuintessenz\u201d 3.730 Literaturnachweise.","og_url":"https:\/\/www.tugraz-verlag.at\/en\/gesamtverzeichnis\/interdiszipinaeres\/quintessenz-der-internationalen-exlibris-literatur-quintessence-of-the-international-bookplate-literature\/","og_site_name":"Verlag der TU Graz","article_modified_time":"2026-03-28T09:33:40+00:00","og_image":[{"width":402,"height":195,"url":"https:\/\/www.tugraz-verlag.at\/wp-content\/uploads\/asolmerce\/image-978-3-85125-559-1.jpg","type":"image\/jpeg"}],"twitter_card":"summary_large_image","twitter_misc":{"Est. reading time":"1 minute"},"schema":{"@context":"https:\/\/schema.org","@graph":[{"@type":"WebPage","@id":"https:\/\/www.tugraz-verlag.at\/en\/gesamtverzeichnis\/interdiszipinaeres\/quintessenz-der-internationalen-exlibris-literatur-quintessence-of-the-international-bookplate-literature\/","url":"https:\/\/www.tugraz-verlag.at\/en\/gesamtverzeichnis\/interdiszipinaeres\/quintessenz-der-internationalen-exlibris-literatur-quintessence-of-the-international-bookplate-literature\/","name":"Quintessenz der internationalen Exlibris-Literatur; Quintessence of the international Bookplate Literature - Verlag der TU Graz","isPartOf":{"@id":"https:\/\/www.tugraz-verlag.at\/en\/#website"},"primaryImageOfPage":{"@id":"https:\/\/www.tugraz-verlag.at\/en\/gesamtverzeichnis\/interdiszipinaeres\/quintessenz-der-internationalen-exlibris-literatur-quintessence-of-the-international-bookplate-literature\/#primaryimage"},"image":{"@id":"https:\/\/www.tugraz-verlag.at\/gesamtverzeichnis\/interdiszipinaeres\/quintessenz-der-internationalen-exlibris-literatur-quintessence-of-the-international-bookplate-literature\/#primaryimage"},"thumbnailUrl":"https:\/\/www.tugraz-verlag.at\/wp-content\/uploads\/asolmerce\/image-978-3-85125-559-1.jpg","datePublished":"2026-03-28T07:32:40+00:00","dateModified":"2026-03-28T09:33:40+00:00","breadcrumb":{"@id":"https:\/\/www.tugraz-verlag.at\/en\/gesamtverzeichnis\/interdiszipinaeres\/quintessenz-der-internationalen-exlibris-literatur-quintessence-of-the-international-bookplate-literature\/#breadcrumb"},"inLanguage":"en-US","potentialAction":[{"@type":"ReadAction","target":[["https:\/\/www.tugraz-verlag.at\/en\/gesamtverzeichnis\/interdiszipinaeres\/quintessenz-der-internationalen-exlibris-literatur-quintessence-of-the-international-bookplate-literature\/"]]}]},{"@type":"ImageObject","inLanguage":"en-US","@id":"https:\/\/www.tugraz-verlag.at\/en\/gesamtverzeichnis\/interdiszipinaeres\/quintessenz-der-internationalen-exlibris-literatur-quintessence-of-the-international-bookplate-literature\/#primaryimage","url":"https:\/\/www.tugraz-verlag.at\/wp-content\/uploads\/asolmerce\/image-978-3-85125-559-1.jpg","contentUrl":"https:\/\/www.tugraz-verlag.at\/wp-content\/uploads\/asolmerce\/image-978-3-85125-559-1.jpg","width":402,"height":195},{"@type":"BreadcrumbList","@id":"https:\/\/www.tugraz-verlag.at\/en\/gesamtverzeichnis\/interdiszipinaeres\/quintessenz-der-internationalen-exlibris-literatur-quintessence-of-the-international-bookplate-literature\/#breadcrumb","itemListElement":[{"@type":"ListItem","position":1,"name":"Home","item":"https:\/\/www.tugraz-verlag.at\/en\/"},{"@type":"ListItem","position":2,"name":"Gesamtverzeichnis","item":"https:\/\/www.tugraz-verlag.at\/en\/gesamtverzeichnis\/"},{"@type":"ListItem","position":3,"name":"Quintessenz der internationalen Exlibris-Literatur; Quintessence of the international Bookplate Literature"}]},{"@type":"WebSite","@id":"https:\/\/www.tugraz-verlag.at\/en\/#website","url":"https:\/\/www.tugraz-verlag.at\/en\/","name":"Verlag der TU Graz","description":"Verlag der Technischen Universit\u00e4t Graz","potentialAction":[{"@type":"SearchAction","target":{"@type":"EntryPoint","urlTemplate":"https:\/\/www.tugraz-verlag.at\/en\/?s={search_term_string}"},"query-input":{"@type":"PropertyValueSpecification","valueRequired":true,"valueName":"search_term_string"}}],"inLanguage":"en-US"}]}},"_links":{"self":[{"href":"https:\/\/www.tugraz-verlag.at\/en\/wp-json\/wp\/v2\/product\/33166","targetHints":{"allow":["GET"]}}],"collection":[{"href":"https:\/\/www.tugraz-verlag.at\/en\/wp-json\/wp\/v2\/product"}],"about":[{"href":"https:\/\/www.tugraz-verlag.at\/en\/wp-json\/wp\/v2\/types\/product"}],"replies":[{"embeddable":true,"href":"https:\/\/www.tugraz-verlag.at\/en\/wp-json\/wp\/v2\/comments?post=33166"}],"wp:featuredmedia":[{"embeddable":true,"href":"https:\/\/www.tugraz-verlag.at\/en\/wp-json\/wp\/v2\/media\/40128"}],"wp:attachment":[{"href":"https:\/\/www.tugraz-verlag.at\/en\/wp-json\/wp\/v2\/media?parent=33166"}],"wp:term":[{"taxonomy":"product_brand","embeddable":true,"href":"https:\/\/www.tugraz-verlag.at\/en\/wp-json\/wp\/v2\/product_brand?post=33166"},{"taxonomy":"product_cat","embeddable":true,"href":"https:\/\/www.tugraz-verlag.at\/en\/wp-json\/wp\/v2\/product_cat?post=33166"},{"taxonomy":"product_tag","embeddable":true,"href":"https:\/\/www.tugraz-verlag.at\/en\/wp-json\/wp\/v2\/product_tag?post=33166"}],"curies":[{"name":"wp","href":"https:\/\/api.w.org\/{rel}","templated":true}]}}