{"id":32727,"date":"2026-03-28T07:32:30","date_gmt":"2026-03-28T07:32:30","guid":{"rendered":"http:\/\/www.tugraz-verlag.at\/gesamtverzeichnis\/unkategorisiert\/risiken-von-kritischen-sublieferanten-2\/"},"modified":"2026-03-28T11:33:30","modified_gmt":"2026-03-28T09:33:30","slug":"risiken-von-kritischen-sublieferanten-ebook","status":"publish","type":"product","link":"https:\/\/www.tugraz-verlag.at\/en\/gesamtverzeichnis\/maschinenbau-und-wirtschaftswissenschaften\/risiken-von-kritischen-sublieferanten-ebook\/","title":{"rendered":"Risiken von kritischen Sublieferanten"},"content":{"rendered":"<p class=\"qtranxs-available-languages-message qtranxs-available-languages-message-en\">This entry is only available in German<\/p><p>Globalisierung, volatile M\u00e4rkte, komplexe sich rasch ver\u00e4ndernde<br \/>\nTechnologien sowie die vielschichtigen Erwartungshaltungen der Kunden<br \/>\nzwingen Lieferanten, Hersteller und Distributoren effizient miteinander<br \/>\nzu kollaborieren. Supply Netzwerke entwickelten sich im Laufe der<br \/>\nletzten Jahrzehnte verst\u00e4rkt zu komplexen und dynamischen Strukturen.<br \/>\nDas Wachstum der globalen Versorgungsalternativen sowie die Tendenz<br \/>\nverst\u00e4rktes strategisches Outsourcing zu betreiben, hat das Risiko rund<br \/>\num Versorgungsnetzwerke f\u00fcr Unternehmen stark zunehmen lassen.<br \/>\nLangfristige strategische Entscheidungen stellen verst\u00e4rkt die<br \/>\nVerbesserung der Netzwerkstabilit\u00e4t in den Fokus.<br \/>Lineare Supply<br \/>\nChains verwandelten sich zunehmend zu komplexen Netzwerkstrukturen, in<br \/>\nderen Sublieferanten stark an Bedeutung gewonnen haben und kritische<br \/>\nPositionen einnehmen. Vorliegende Forschungsarbeit greift diese Thematik<br \/>\n auf und besch\u00e4ftigt sich mit kritischen Sublieferanten in einem Supply<br \/>\nNetzwerk.<br \/>Die Ergebnisse dieser Forschungsarbeit zeigen auf, dass<br \/>\nUnternehmen st\u00e4rker \u00fcber Kooperationen von strategischen Lieferanten<br \/>\nhinausgehen und sich auf die unterschiedlichen Perspektiven von<br \/>\nSublieferanten in Supply Netzwerke fokussieren m\u00fcssen, um langfristig<br \/>\nwettbewerbsf\u00e4hig bleiben zu k\u00f6nnen.<br \/><\/p>","protected":false},"excerpt":{"rendered":"<p class=\"qtranxs-available-languages-message qtranxs-available-languages-message-en\">This entry is only available in German<\/p>\n<p>Globalisierung, volatile M\u00e4rkte, komplexe sich rasch ver\u00e4ndernde<br \/>\nTechnologien sowie die vielschichtigen Erwartungshaltungen der Kunden<br \/>\nzwingen Lieferanten, Hersteller und Distributoren effizient miteinander<br \/>\nzu kollaborieren. Supply Netzwerke entwickelten sich im Laufe der<br \/>\nletzten Jahrzehnte verst\u00e4rkt zu komplexen und dynamischen Strukturen.<br \/>\nDas Wachstum der globalen Versorgungsalternativen sowie die Tendenz<br \/>\nverst\u00e4rktes strategisches Outsourcing zu betreiben, hat das Risiko rund<br \/>\num Versorgungsnetzwerke f\u00fcr Unternehmen stark zunehmen lassen.<br \/>\nLangfristige strategische Entscheidungen stellen verst\u00e4rkt die<br \/>\nVerbesserung der Netzwerkstabilit\u00e4t in den Fokus.<br \/>Lineare Supply<br \/>\nChains verwandelten sich zunehmend zu komplexen Netzwerkstrukturen, in<br \/>\nderen Sublieferanten stark an Bedeutung gewonnen haben und kritische<br \/>\nPositionen einnehmen. Vorliegende Forschungsarbeit greift diese Thematik<br \/>\n auf und besch\u00e4ftigt sich mit kritischen Sublieferanten in einem Supply<br \/>\nNetzwerk.<br \/>Die Ergebnisse dieser Forschungsarbeit zeigen auf, dass<br \/>\nUnternehmen st\u00e4rker \u00fcber Kooperationen von strategischen Lieferanten<br \/>\nhinausgehen und sich auf die unterschiedlichen Perspektiven von<br \/>\nSublieferanten in Supply Netzwerke fokussieren m\u00fcssen, um langfristig<br \/>\nwettbewerbsf\u00e4hig bleiben zu k\u00f6nnen.<\/p>\n","protected":false},"featured_media":40102,"comment_status":"open","ping_status":"closed","template":"","meta":{"_acf_changed":false},"product_brand":[],"product_cat":[1628],"product_tag":[],"class_list":{"0":"post-32727","1":"product","2":"type-product","3":"status-publish","4":"has-post-thumbnail","6":"product_cat-maschinenbau-und-wirtschaftswissenschaften","7":"autor-manuela-reinisch","8":"reihe-monographic-series-tu-graz","9":"reihe-monographic-series-tu-graztechno-und-soziooekonomisch-orientierte-betriebswirtschaft","11":"first","12":"instock","13":"downloadable","14":"virtual","15":"taxable","16":"product-type-simple"},"acf":[],"yoast_head":"<!-- This site is optimized with the Yoast SEO plugin v27.2 - https:\/\/yoast.com\/product\/yoast-seo-wordpress\/ -->\n<title>Risiken von kritischen Sublieferanten - Verlag der TU Graz<\/title>\n<meta name=\"robots\" content=\"index, follow, max-snippet:-1, max-image-preview:large, max-video-preview:-1\" \/>\n<link rel=\"canonical\" href=\"https:\/\/www.tugraz-verlag.at\/en\/gesamtverzeichnis\/maschinenbau-und-wirtschaftswissenschaften\/risiken-von-kritischen-sublieferanten-ebook\/\" \/>\n<meta property=\"og:locale\" content=\"en_US\" \/>\n<meta property=\"og:type\" content=\"article\" \/>\n<meta property=\"og:title\" content=\"Risiken von kritischen Sublieferanten - Verlag der TU Graz\" \/>\n<meta property=\"og:description\" content=\"Globalisierung, volatile M\u00e4rkte, komplexe sich rasch ver\u00e4ndernde Technologien sowie die vielschichtigen Erwartungshaltungen der Kunden zwingen Lieferanten, Hersteller und Distributoren effizient miteinander zu kollaborieren. Supply Netzwerke entwickelten sich im Laufe der letzten Jahrzehnte verst\u00e4rkt zu komplexen und dynamischen Strukturen. Das Wachstum der globalen Versorgungsalternativen sowie die Tendenz verst\u00e4rktes strategisches Outsourcing zu betreiben, hat das Risiko rund um Versorgungsnetzwerke f\u00fcr Unternehmen stark zunehmen lassen. Langfristige strategische Entscheidungen stellen verst\u00e4rkt die Verbesserung der Netzwerkstabilit\u00e4t in den Fokus.Lineare Supply Chains verwandelten sich zunehmend zu komplexen Netzwerkstrukturen, in deren Sublieferanten stark an Bedeutung gewonnen haben und kritische Positionen einnehmen. Vorliegende Forschungsarbeit greift diese Thematik auf und besch\u00e4ftigt sich mit kritischen Sublieferanten in einem Supply Netzwerk.Die Ergebnisse dieser Forschungsarbeit zeigen auf, dass Unternehmen st\u00e4rker \u00fcber Kooperationen von strategischen Lieferanten hinausgehen und sich auf die unterschiedlichen Perspektiven von Sublieferanten in Supply Netzwerke fokussieren m\u00fcssen, um langfristig wettbewerbsf\u00e4hig bleiben zu k\u00f6nnen.\" \/>\n<meta property=\"og:url\" content=\"https:\/\/www.tugraz-verlag.at\/en\/gesamtverzeichnis\/maschinenbau-und-wirtschaftswissenschaften\/risiken-von-kritischen-sublieferanten-ebook\/\" \/>\n<meta property=\"og:site_name\" content=\"Verlag der TU Graz\" \/>\n<meta property=\"article:modified_time\" content=\"2026-03-28T09:33:30+00:00\" \/>\n<meta property=\"og:image\" content=\"https:\/\/www.tugraz-verlag.at\/wp-content\/uploads\/asolmerce\/image-978-3-85125-526-3.jpg\" \/>\n\t<meta property=\"og:image:width\" content=\"591\" \/>\n\t<meta property=\"og:image:height\" content=\"857\" \/>\n\t<meta property=\"og:image:type\" content=\"image\/jpeg\" \/>\n<meta name=\"twitter:card\" content=\"summary_large_image\" \/>\n<meta name=\"twitter:label1\" content=\"Est. reading time\" \/>\n\t<meta name=\"twitter:data1\" content=\"1 minute\" \/>\n<script type=\"application\/ld+json\" class=\"yoast-schema-graph\">{\"@context\":\"https:\/\/schema.org\",\"@graph\":[{\"@type\":\"WebPage\",\"@id\":\"https:\/\/www.tugraz-verlag.at\/en\/gesamtverzeichnis\/maschinenbau-und-wirtschaftswissenschaften\/risiken-von-kritischen-sublieferanten-ebook\/\",\"url\":\"https:\/\/www.tugraz-verlag.at\/en\/gesamtverzeichnis\/maschinenbau-und-wirtschaftswissenschaften\/risiken-von-kritischen-sublieferanten-ebook\/\",\"name\":\"Risiken von kritischen Sublieferanten - Verlag der TU Graz\",\"isPartOf\":{\"@id\":\"https:\/\/www.tugraz-verlag.at\/en\/#website\"},\"primaryImageOfPage\":{\"@id\":\"https:\/\/www.tugraz-verlag.at\/en\/gesamtverzeichnis\/maschinenbau-und-wirtschaftswissenschaften\/risiken-von-kritischen-sublieferanten-ebook\/#primaryimage\"},\"image\":{\"@id\":\"https:\/\/www.tugraz-verlag.at\/gesamtverzeichnis\/maschinenbau-und-wirtschaftswissenschaften\/risiken-von-kritischen-sublieferanten-ebook\/#primaryimage\"},\"thumbnailUrl\":\"https:\/\/www.tugraz-verlag.at\/wp-content\/uploads\/asolmerce\/image-978-3-85125-526-3.jpg\",\"datePublished\":\"2026-03-28T07:32:30+00:00\",\"dateModified\":\"2026-03-28T09:33:30+00:00\",\"breadcrumb\":{\"@id\":\"https:\/\/www.tugraz-verlag.at\/en\/gesamtverzeichnis\/maschinenbau-und-wirtschaftswissenschaften\/risiken-von-kritischen-sublieferanten-ebook\/#breadcrumb\"},\"inLanguage\":\"en-US\",\"potentialAction\":[{\"@type\":\"ReadAction\",\"target\":[[\"https:\/\/www.tugraz-verlag.at\/en\/gesamtverzeichnis\/maschinenbau-und-wirtschaftswissenschaften\/risiken-von-kritischen-sublieferanten-ebook\/\"]]}]},{\"@type\":\"ImageObject\",\"inLanguage\":\"en-US\",\"@id\":\"https:\/\/www.tugraz-verlag.at\/en\/gesamtverzeichnis\/maschinenbau-und-wirtschaftswissenschaften\/risiken-von-kritischen-sublieferanten-ebook\/#primaryimage\",\"url\":\"https:\/\/www.tugraz-verlag.at\/wp-content\/uploads\/asolmerce\/image-978-3-85125-526-3.jpg\",\"contentUrl\":\"https:\/\/www.tugraz-verlag.at\/wp-content\/uploads\/asolmerce\/image-978-3-85125-526-3.jpg\",\"width\":591,\"height\":857},{\"@type\":\"BreadcrumbList\",\"@id\":\"https:\/\/www.tugraz-verlag.at\/en\/gesamtverzeichnis\/maschinenbau-und-wirtschaftswissenschaften\/risiken-von-kritischen-sublieferanten-ebook\/#breadcrumb\",\"itemListElement\":[{\"@type\":\"ListItem\",\"position\":1,\"name\":\"Home\",\"item\":\"https:\/\/www.tugraz-verlag.at\/en\/\"},{\"@type\":\"ListItem\",\"position\":2,\"name\":\"Gesamtverzeichnis\",\"item\":\"https:\/\/www.tugraz-verlag.at\/en\/gesamtverzeichnis\/\"},{\"@type\":\"ListItem\",\"position\":3,\"name\":\"Risiken von kritischen Sublieferanten\"}]},{\"@type\":\"WebSite\",\"@id\":\"https:\/\/www.tugraz-verlag.at\/en\/#website\",\"url\":\"https:\/\/www.tugraz-verlag.at\/en\/\",\"name\":\"Verlag der TU Graz\",\"description\":\"Verlag der Technischen Universit\u00e4t Graz\",\"potentialAction\":[{\"@type\":\"SearchAction\",\"target\":{\"@type\":\"EntryPoint\",\"urlTemplate\":\"https:\/\/www.tugraz-verlag.at\/en\/?s={search_term_string}\"},\"query-input\":{\"@type\":\"PropertyValueSpecification\",\"valueRequired\":true,\"valueName\":\"search_term_string\"}}],\"inLanguage\":\"en-US\"}]}<\/script>\n<!-- \/ Yoast SEO plugin. -->","yoast_head_json":{"title":"Risiken von kritischen Sublieferanten - Verlag der TU Graz","robots":{"index":"index","follow":"follow","max-snippet":"max-snippet:-1","max-image-preview":"max-image-preview:large","max-video-preview":"max-video-preview:-1"},"canonical":"https:\/\/www.tugraz-verlag.at\/en\/gesamtverzeichnis\/maschinenbau-und-wirtschaftswissenschaften\/risiken-von-kritischen-sublieferanten-ebook\/","og_locale":"en_US","og_type":"article","og_title":"Risiken von kritischen Sublieferanten - Verlag der TU Graz","og_description":"Globalisierung, volatile M\u00e4rkte, komplexe sich rasch ver\u00e4ndernde Technologien sowie die vielschichtigen Erwartungshaltungen der Kunden zwingen Lieferanten, Hersteller und Distributoren effizient miteinander zu kollaborieren. Supply Netzwerke entwickelten sich im Laufe der letzten Jahrzehnte verst\u00e4rkt zu komplexen und dynamischen Strukturen. Das Wachstum der globalen Versorgungsalternativen sowie die Tendenz verst\u00e4rktes strategisches Outsourcing zu betreiben, hat das Risiko rund um Versorgungsnetzwerke f\u00fcr Unternehmen stark zunehmen lassen. Langfristige strategische Entscheidungen stellen verst\u00e4rkt die Verbesserung der Netzwerkstabilit\u00e4t in den Fokus.Lineare Supply Chains verwandelten sich zunehmend zu komplexen Netzwerkstrukturen, in deren Sublieferanten stark an Bedeutung gewonnen haben und kritische Positionen einnehmen. Vorliegende Forschungsarbeit greift diese Thematik auf und besch\u00e4ftigt sich mit kritischen Sublieferanten in einem Supply Netzwerk.Die Ergebnisse dieser Forschungsarbeit zeigen auf, dass Unternehmen st\u00e4rker \u00fcber Kooperationen von strategischen Lieferanten hinausgehen und sich auf die unterschiedlichen Perspektiven von Sublieferanten in Supply Netzwerke fokussieren m\u00fcssen, um langfristig wettbewerbsf\u00e4hig bleiben zu k\u00f6nnen.","og_url":"https:\/\/www.tugraz-verlag.at\/en\/gesamtverzeichnis\/maschinenbau-und-wirtschaftswissenschaften\/risiken-von-kritischen-sublieferanten-ebook\/","og_site_name":"Verlag der TU Graz","article_modified_time":"2026-03-28T09:33:30+00:00","og_image":[{"width":591,"height":857,"url":"https:\/\/www.tugraz-verlag.at\/wp-content\/uploads\/asolmerce\/image-978-3-85125-526-3.jpg","type":"image\/jpeg"}],"twitter_card":"summary_large_image","twitter_misc":{"Est. reading time":"1 minute"},"schema":{"@context":"https:\/\/schema.org","@graph":[{"@type":"WebPage","@id":"https:\/\/www.tugraz-verlag.at\/en\/gesamtverzeichnis\/maschinenbau-und-wirtschaftswissenschaften\/risiken-von-kritischen-sublieferanten-ebook\/","url":"https:\/\/www.tugraz-verlag.at\/en\/gesamtverzeichnis\/maschinenbau-und-wirtschaftswissenschaften\/risiken-von-kritischen-sublieferanten-ebook\/","name":"Risiken von kritischen Sublieferanten - Verlag der TU Graz","isPartOf":{"@id":"https:\/\/www.tugraz-verlag.at\/en\/#website"},"primaryImageOfPage":{"@id":"https:\/\/www.tugraz-verlag.at\/en\/gesamtverzeichnis\/maschinenbau-und-wirtschaftswissenschaften\/risiken-von-kritischen-sublieferanten-ebook\/#primaryimage"},"image":{"@id":"https:\/\/www.tugraz-verlag.at\/gesamtverzeichnis\/maschinenbau-und-wirtschaftswissenschaften\/risiken-von-kritischen-sublieferanten-ebook\/#primaryimage"},"thumbnailUrl":"https:\/\/www.tugraz-verlag.at\/wp-content\/uploads\/asolmerce\/image-978-3-85125-526-3.jpg","datePublished":"2026-03-28T07:32:30+00:00","dateModified":"2026-03-28T09:33:30+00:00","breadcrumb":{"@id":"https:\/\/www.tugraz-verlag.at\/en\/gesamtverzeichnis\/maschinenbau-und-wirtschaftswissenschaften\/risiken-von-kritischen-sublieferanten-ebook\/#breadcrumb"},"inLanguage":"en-US","potentialAction":[{"@type":"ReadAction","target":[["https:\/\/www.tugraz-verlag.at\/en\/gesamtverzeichnis\/maschinenbau-und-wirtschaftswissenschaften\/risiken-von-kritischen-sublieferanten-ebook\/"]]}]},{"@type":"ImageObject","inLanguage":"en-US","@id":"https:\/\/www.tugraz-verlag.at\/en\/gesamtverzeichnis\/maschinenbau-und-wirtschaftswissenschaften\/risiken-von-kritischen-sublieferanten-ebook\/#primaryimage","url":"https:\/\/www.tugraz-verlag.at\/wp-content\/uploads\/asolmerce\/image-978-3-85125-526-3.jpg","contentUrl":"https:\/\/www.tugraz-verlag.at\/wp-content\/uploads\/asolmerce\/image-978-3-85125-526-3.jpg","width":591,"height":857},{"@type":"BreadcrumbList","@id":"https:\/\/www.tugraz-verlag.at\/en\/gesamtverzeichnis\/maschinenbau-und-wirtschaftswissenschaften\/risiken-von-kritischen-sublieferanten-ebook\/#breadcrumb","itemListElement":[{"@type":"ListItem","position":1,"name":"Home","item":"https:\/\/www.tugraz-verlag.at\/en\/"},{"@type":"ListItem","position":2,"name":"Gesamtverzeichnis","item":"https:\/\/www.tugraz-verlag.at\/en\/gesamtverzeichnis\/"},{"@type":"ListItem","position":3,"name":"Risiken von kritischen Sublieferanten"}]},{"@type":"WebSite","@id":"https:\/\/www.tugraz-verlag.at\/en\/#website","url":"https:\/\/www.tugraz-verlag.at\/en\/","name":"Verlag der TU Graz","description":"Verlag der Technischen Universit\u00e4t Graz","potentialAction":[{"@type":"SearchAction","target":{"@type":"EntryPoint","urlTemplate":"https:\/\/www.tugraz-verlag.at\/en\/?s={search_term_string}"},"query-input":{"@type":"PropertyValueSpecification","valueRequired":true,"valueName":"search_term_string"}}],"inLanguage":"en-US"}]}},"_links":{"self":[{"href":"https:\/\/www.tugraz-verlag.at\/en\/wp-json\/wp\/v2\/product\/32727","targetHints":{"allow":["GET"]}}],"collection":[{"href":"https:\/\/www.tugraz-verlag.at\/en\/wp-json\/wp\/v2\/product"}],"about":[{"href":"https:\/\/www.tugraz-verlag.at\/en\/wp-json\/wp\/v2\/types\/product"}],"replies":[{"embeddable":true,"href":"https:\/\/www.tugraz-verlag.at\/en\/wp-json\/wp\/v2\/comments?post=32727"}],"wp:featuredmedia":[{"embeddable":true,"href":"https:\/\/www.tugraz-verlag.at\/en\/wp-json\/wp\/v2\/media\/40102"}],"wp:attachment":[{"href":"https:\/\/www.tugraz-verlag.at\/en\/wp-json\/wp\/v2\/media?parent=32727"}],"wp:term":[{"taxonomy":"product_brand","embeddable":true,"href":"https:\/\/www.tugraz-verlag.at\/en\/wp-json\/wp\/v2\/product_brand?post=32727"},{"taxonomy":"product_cat","embeddable":true,"href":"https:\/\/www.tugraz-verlag.at\/en\/wp-json\/wp\/v2\/product_cat?post=32727"},{"taxonomy":"product_tag","embeddable":true,"href":"https:\/\/www.tugraz-verlag.at\/en\/wp-json\/wp\/v2\/product_tag?post=32727"}],"curies":[{"name":"wp","href":"https:\/\/api.w.org\/{rel}","templated":true}]}}