{"id":32129,"date":"2026-03-28T07:32:28","date_gmt":"2026-03-28T07:32:28","guid":{"rendered":"http:\/\/www.tugraz-verlag.at\/gesamtverzeichnis\/unkategorisiert\/persoenlichkeiten-aus-den-gebieten-der-ehemaligen-tschechoslowakei-im-kulturleben-oesterreichs-2\/"},"modified":"2026-03-28T11:33:28","modified_gmt":"2026-03-28T09:33:28","slug":"personalbibliographien-oesterreichischer-medizinerinnen-und-mediziner","status":"publish","type":"product","link":"https:\/\/www.tugraz-verlag.at\/en\/gesamtverzeichnis\/interdiszipinaeres\/personalbibliographien-oesterreichischer-medizinerinnen-und-mediziner\/","title":{"rendered":"Personalbibliographien \u00f6sterreichischer Medizinerinnen und Mediziner"},"content":{"rendered":"<p class=\"qtranxs-available-languages-message qtranxs-available-languages-message-en\">This entry is only available in German<\/p><p>Das neueste Werk des Autorentrios Karl F. Stock, Rudolf Heilinger und Maryl\u00e9ne Stock, die in jahrelanger, intensiver Arbeit entstandenen \u201ePersonalbibliographien \u00d6sterreichischer Medizinerinnen und Mediziner\u201c, ist eine wahre Fundgrube von Literatur-Informationen zu allen bedeutenden \u00c4rztinnen und \u00c4rzten die \u00d6sterreich seit dem Mittelalter hervorgebracht hat. Es stellt ein unentbehrliches Hilfsmittel f\u00fcr all jene dar, die zur Geschichte und zum Wirken dieser Personengruppe forschen oder sich f\u00fcr diesen Bereich der Wissenschaft interessieren.<\/p>","protected":false},"excerpt":{"rendered":"<p class=\"qtranxs-available-languages-message qtranxs-available-languages-message-en\">This entry is only available in German<\/p>\n<p>Das neueste Werk des Autorentrios Karl F. Stock, Rudolf Heilinger und Maryl\u00e9ne Stock, die in jahrelanger, intensiver Arbeit entstandenen \u201ePersonalbibliographien \u00d6sterreichischer Medizinerinnen und Mediziner\u201c, ist eine wahre Fundgrube von Literatur-Informationen zu allen bedeutenden \u00c4rztinnen und \u00c4rzten die \u00d6sterreich seit dem Mittelalter hervorgebracht hat. Es stellt ein unentbehrliches Hilfsmittel f\u00fcr all jene dar, die zur Geschichte und zum Wirken dieser Personengruppe forschen oder sich f\u00fcr diesen Bereich der Wissenschaft interessieren.<\/p>\n","protected":false},"featured_media":40085,"comment_status":"open","ping_status":"closed","template":"","meta":{"_acf_changed":false},"product_brand":[],"product_cat":[1633],"product_tag":[3246],"class_list":{"0":"post-32129","1":"product","2":"type-product","3":"status-publish","4":"has-post-thumbnail","6":"product_cat-interdiszipinaeres","7":"product_tag-bibliographie-oesterreich-medizin","8":"autor-stock-karl-f","9":"autor-stock-marylene","10":"autor-heilinger-rudolf","12":"first","13":"instock","14":"sale","15":"taxable","16":"shipping-taxable","17":"purchasable","18":"product-type-simple"},"acf":[],"yoast_head":"<!-- This site is optimized with the Yoast SEO plugin v27.2 - https:\/\/yoast.com\/product\/yoast-seo-wordpress\/ -->\n<title>Personalbibliographien \u00f6sterreichischer Medizinerinnen und Mediziner - Verlag der TU Graz<\/title>\n<meta name=\"robots\" content=\"index, follow, max-snippet:-1, max-image-preview:large, max-video-preview:-1\" \/>\n<link rel=\"canonical\" href=\"https:\/\/www.tugraz-verlag.at\/en\/gesamtverzeichnis\/interdiszipinaeres\/personalbibliographien-oesterreichischer-medizinerinnen-und-mediziner\/\" \/>\n<meta property=\"og:locale\" content=\"en_US\" \/>\n<meta property=\"og:type\" content=\"article\" \/>\n<meta property=\"og:title\" content=\"Personalbibliographien \u00f6sterreichischer Medizinerinnen und Mediziner - Verlag der TU Graz\" \/>\n<meta property=\"og:description\" content=\"Das neueste Werk des Autorentrios Karl F. Stock, Rudolf Heilinger und Maryl\u00e9ne Stock, die in jahrelanger, intensiver Arbeit entstandenen \u201ePersonalbibliographien \u00d6sterreichischer Medizinerinnen und Mediziner\u201c, ist eine wahre Fundgrube von Literatur-Informationen zu allen bedeutenden \u00c4rztinnen und \u00c4rzten die \u00d6sterreich seit dem Mittelalter hervorgebracht hat. Es stellt ein unentbehrliches Hilfsmittel f\u00fcr all jene dar, die zur Geschichte und zum Wirken dieser Personengruppe forschen oder sich f\u00fcr diesen Bereich der Wissenschaft interessieren.\" \/>\n<meta property=\"og:url\" content=\"https:\/\/www.tugraz-verlag.at\/en\/gesamtverzeichnis\/interdiszipinaeres\/personalbibliographien-oesterreichischer-medizinerinnen-und-mediziner\/\" \/>\n<meta property=\"og:site_name\" content=\"Verlag der TU Graz\" \/>\n<meta property=\"article:modified_time\" content=\"2026-03-28T09:33:28+00:00\" \/>\n<meta property=\"og:image\" content=\"https:\/\/www.tugraz-verlag.at\/wp-content\/uploads\/asolmerce\/image-978-3-85125-510-2.jpg\" \/>\n\t<meta property=\"og:image:width\" content=\"1002\" \/>\n\t<meta property=\"og:image:height\" content=\"706\" \/>\n\t<meta property=\"og:image:type\" content=\"image\/jpeg\" \/>\n<meta name=\"twitter:card\" content=\"summary_large_image\" \/>\n<script type=\"application\/ld+json\" class=\"yoast-schema-graph\">{\"@context\":\"https:\/\/schema.org\",\"@graph\":[{\"@type\":\"WebPage\",\"@id\":\"https:\/\/www.tugraz-verlag.at\/en\/gesamtverzeichnis\/interdiszipinaeres\/personalbibliographien-oesterreichischer-medizinerinnen-und-mediziner\/\",\"url\":\"https:\/\/www.tugraz-verlag.at\/en\/gesamtverzeichnis\/interdiszipinaeres\/personalbibliographien-oesterreichischer-medizinerinnen-und-mediziner\/\",\"name\":\"Personalbibliographien \u00f6sterreichischer Medizinerinnen und Mediziner - Verlag der TU Graz\",\"isPartOf\":{\"@id\":\"https:\/\/www.tugraz-verlag.at\/en\/#website\"},\"primaryImageOfPage\":{\"@id\":\"https:\/\/www.tugraz-verlag.at\/en\/gesamtverzeichnis\/interdiszipinaeres\/personalbibliographien-oesterreichischer-medizinerinnen-und-mediziner\/#primaryimage\"},\"image\":{\"@id\":\"https:\/\/www.tugraz-verlag.at\/gesamtverzeichnis\/interdiszipinaeres\/personalbibliographien-oesterreichischer-medizinerinnen-und-mediziner\/#primaryimage\"},\"thumbnailUrl\":\"https:\/\/www.tugraz-verlag.at\/wp-content\/uploads\/asolmerce\/image-978-3-85125-510-2.jpg\",\"datePublished\":\"2026-03-28T07:32:28+00:00\",\"dateModified\":\"2026-03-28T09:33:28+00:00\",\"breadcrumb\":{\"@id\":\"https:\/\/www.tugraz-verlag.at\/en\/gesamtverzeichnis\/interdiszipinaeres\/personalbibliographien-oesterreichischer-medizinerinnen-und-mediziner\/#breadcrumb\"},\"inLanguage\":\"en-US\",\"potentialAction\":[{\"@type\":\"ReadAction\",\"target\":[[\"https:\/\/www.tugraz-verlag.at\/en\/gesamtverzeichnis\/interdiszipinaeres\/personalbibliographien-oesterreichischer-medizinerinnen-und-mediziner\/\"]]}]},{\"@type\":\"ImageObject\",\"inLanguage\":\"en-US\",\"@id\":\"https:\/\/www.tugraz-verlag.at\/en\/gesamtverzeichnis\/interdiszipinaeres\/personalbibliographien-oesterreichischer-medizinerinnen-und-mediziner\/#primaryimage\",\"url\":\"https:\/\/www.tugraz-verlag.at\/wp-content\/uploads\/asolmerce\/image-978-3-85125-510-2.jpg\",\"contentUrl\":\"https:\/\/www.tugraz-verlag.at\/wp-content\/uploads\/asolmerce\/image-978-3-85125-510-2.jpg\",\"width\":1002,\"height\":706},{\"@type\":\"BreadcrumbList\",\"@id\":\"https:\/\/www.tugraz-verlag.at\/en\/gesamtverzeichnis\/interdiszipinaeres\/personalbibliographien-oesterreichischer-medizinerinnen-und-mediziner\/#breadcrumb\",\"itemListElement\":[{\"@type\":\"ListItem\",\"position\":1,\"name\":\"Home\",\"item\":\"https:\/\/www.tugraz-verlag.at\/en\/\"},{\"@type\":\"ListItem\",\"position\":2,\"name\":\"Gesamtverzeichnis\",\"item\":\"https:\/\/www.tugraz-verlag.at\/en\/gesamtverzeichnis\/\"},{\"@type\":\"ListItem\",\"position\":3,\"name\":\"Personalbibliographien \u00f6sterreichischer Medizinerinnen und Mediziner\"}]},{\"@type\":\"WebSite\",\"@id\":\"https:\/\/www.tugraz-verlag.at\/en\/#website\",\"url\":\"https:\/\/www.tugraz-verlag.at\/en\/\",\"name\":\"Verlag der TU Graz\",\"description\":\"Verlag der Technischen Universit\u00e4t Graz\",\"potentialAction\":[{\"@type\":\"SearchAction\",\"target\":{\"@type\":\"EntryPoint\",\"urlTemplate\":\"https:\/\/www.tugraz-verlag.at\/en\/?s={search_term_string}\"},\"query-input\":{\"@type\":\"PropertyValueSpecification\",\"valueRequired\":true,\"valueName\":\"search_term_string\"}}],\"inLanguage\":\"en-US\"}]}<\/script>\n<!-- \/ Yoast SEO plugin. -->","yoast_head_json":{"title":"Personalbibliographien \u00f6sterreichischer Medizinerinnen und Mediziner - Verlag der TU Graz","robots":{"index":"index","follow":"follow","max-snippet":"max-snippet:-1","max-image-preview":"max-image-preview:large","max-video-preview":"max-video-preview:-1"},"canonical":"https:\/\/www.tugraz-verlag.at\/en\/gesamtverzeichnis\/interdiszipinaeres\/personalbibliographien-oesterreichischer-medizinerinnen-und-mediziner\/","og_locale":"en_US","og_type":"article","og_title":"Personalbibliographien \u00f6sterreichischer Medizinerinnen und Mediziner - Verlag der TU Graz","og_description":"Das neueste Werk des Autorentrios Karl F. Stock, Rudolf Heilinger und Maryl\u00e9ne Stock, die in jahrelanger, intensiver Arbeit entstandenen \u201ePersonalbibliographien \u00d6sterreichischer Medizinerinnen und Mediziner\u201c, ist eine wahre Fundgrube von Literatur-Informationen zu allen bedeutenden \u00c4rztinnen und \u00c4rzten die \u00d6sterreich seit dem Mittelalter hervorgebracht hat. Es stellt ein unentbehrliches Hilfsmittel f\u00fcr all jene dar, die zur Geschichte und zum Wirken dieser Personengruppe forschen oder sich f\u00fcr diesen Bereich der Wissenschaft interessieren.","og_url":"https:\/\/www.tugraz-verlag.at\/en\/gesamtverzeichnis\/interdiszipinaeres\/personalbibliographien-oesterreichischer-medizinerinnen-und-mediziner\/","og_site_name":"Verlag der TU Graz","article_modified_time":"2026-03-28T09:33:28+00:00","og_image":[{"width":1002,"height":706,"url":"https:\/\/www.tugraz-verlag.at\/wp-content\/uploads\/asolmerce\/image-978-3-85125-510-2.jpg","type":"image\/jpeg"}],"twitter_card":"summary_large_image","schema":{"@context":"https:\/\/schema.org","@graph":[{"@type":"WebPage","@id":"https:\/\/www.tugraz-verlag.at\/en\/gesamtverzeichnis\/interdiszipinaeres\/personalbibliographien-oesterreichischer-medizinerinnen-und-mediziner\/","url":"https:\/\/www.tugraz-verlag.at\/en\/gesamtverzeichnis\/interdiszipinaeres\/personalbibliographien-oesterreichischer-medizinerinnen-und-mediziner\/","name":"Personalbibliographien \u00f6sterreichischer Medizinerinnen und Mediziner - Verlag der TU Graz","isPartOf":{"@id":"https:\/\/www.tugraz-verlag.at\/en\/#website"},"primaryImageOfPage":{"@id":"https:\/\/www.tugraz-verlag.at\/en\/gesamtverzeichnis\/interdiszipinaeres\/personalbibliographien-oesterreichischer-medizinerinnen-und-mediziner\/#primaryimage"},"image":{"@id":"https:\/\/www.tugraz-verlag.at\/gesamtverzeichnis\/interdiszipinaeres\/personalbibliographien-oesterreichischer-medizinerinnen-und-mediziner\/#primaryimage"},"thumbnailUrl":"https:\/\/www.tugraz-verlag.at\/wp-content\/uploads\/asolmerce\/image-978-3-85125-510-2.jpg","datePublished":"2026-03-28T07:32:28+00:00","dateModified":"2026-03-28T09:33:28+00:00","breadcrumb":{"@id":"https:\/\/www.tugraz-verlag.at\/en\/gesamtverzeichnis\/interdiszipinaeres\/personalbibliographien-oesterreichischer-medizinerinnen-und-mediziner\/#breadcrumb"},"inLanguage":"en-US","potentialAction":[{"@type":"ReadAction","target":[["https:\/\/www.tugraz-verlag.at\/en\/gesamtverzeichnis\/interdiszipinaeres\/personalbibliographien-oesterreichischer-medizinerinnen-und-mediziner\/"]]}]},{"@type":"ImageObject","inLanguage":"en-US","@id":"https:\/\/www.tugraz-verlag.at\/en\/gesamtverzeichnis\/interdiszipinaeres\/personalbibliographien-oesterreichischer-medizinerinnen-und-mediziner\/#primaryimage","url":"https:\/\/www.tugraz-verlag.at\/wp-content\/uploads\/asolmerce\/image-978-3-85125-510-2.jpg","contentUrl":"https:\/\/www.tugraz-verlag.at\/wp-content\/uploads\/asolmerce\/image-978-3-85125-510-2.jpg","width":1002,"height":706},{"@type":"BreadcrumbList","@id":"https:\/\/www.tugraz-verlag.at\/en\/gesamtverzeichnis\/interdiszipinaeres\/personalbibliographien-oesterreichischer-medizinerinnen-und-mediziner\/#breadcrumb","itemListElement":[{"@type":"ListItem","position":1,"name":"Home","item":"https:\/\/www.tugraz-verlag.at\/en\/"},{"@type":"ListItem","position":2,"name":"Gesamtverzeichnis","item":"https:\/\/www.tugraz-verlag.at\/en\/gesamtverzeichnis\/"},{"@type":"ListItem","position":3,"name":"Personalbibliographien \u00f6sterreichischer Medizinerinnen und Mediziner"}]},{"@type":"WebSite","@id":"https:\/\/www.tugraz-verlag.at\/en\/#website","url":"https:\/\/www.tugraz-verlag.at\/en\/","name":"Verlag der TU Graz","description":"Verlag der Technischen Universit\u00e4t Graz","potentialAction":[{"@type":"SearchAction","target":{"@type":"EntryPoint","urlTemplate":"https:\/\/www.tugraz-verlag.at\/en\/?s={search_term_string}"},"query-input":{"@type":"PropertyValueSpecification","valueRequired":true,"valueName":"search_term_string"}}],"inLanguage":"en-US"}]}},"_links":{"self":[{"href":"https:\/\/www.tugraz-verlag.at\/en\/wp-json\/wp\/v2\/product\/32129","targetHints":{"allow":["GET"]}}],"collection":[{"href":"https:\/\/www.tugraz-verlag.at\/en\/wp-json\/wp\/v2\/product"}],"about":[{"href":"https:\/\/www.tugraz-verlag.at\/en\/wp-json\/wp\/v2\/types\/product"}],"replies":[{"embeddable":true,"href":"https:\/\/www.tugraz-verlag.at\/en\/wp-json\/wp\/v2\/comments?post=32129"}],"wp:featuredmedia":[{"embeddable":true,"href":"https:\/\/www.tugraz-verlag.at\/en\/wp-json\/wp\/v2\/media\/40085"}],"wp:attachment":[{"href":"https:\/\/www.tugraz-verlag.at\/en\/wp-json\/wp\/v2\/media?parent=32129"}],"wp:term":[{"taxonomy":"product_brand","embeddable":true,"href":"https:\/\/www.tugraz-verlag.at\/en\/wp-json\/wp\/v2\/product_brand?post=32129"},{"taxonomy":"product_cat","embeddable":true,"href":"https:\/\/www.tugraz-verlag.at\/en\/wp-json\/wp\/v2\/product_cat?post=32129"},{"taxonomy":"product_tag","embeddable":true,"href":"https:\/\/www.tugraz-verlag.at\/en\/wp-json\/wp\/v2\/product_tag?post=32129"}],"curies":[{"name":"wp","href":"https:\/\/api.w.org\/{rel}","templated":true}]}}