{"id":30700,"date":"2026-03-28T07:32:18","date_gmt":"2026-03-28T07:32:18","guid":{"rendered":"http:\/\/www.tugraz-verlag.at\/gesamtverzeichnis\/unkategorisiert\/mindestbewehrung-fuer-zwangbeanspruchten-beton-2-ueberarbeitete-aufl\/"},"modified":"2026-03-28T11:33:18","modified_gmt":"2026-03-28T09:33:18","slug":"mindestbewehrung-fuer-zwangbeanspruchten-beton-2-ueberarbeitete-aufl-ebook","status":"publish","type":"product","link":"https:\/\/www.tugraz-verlag.at\/en\/gesamtverzeichnis\/bauingenieurwissenschaften\/mindestbewehrung-fuer-zwangbeanspruchten-beton-2-ueberarbeitete-aufl-ebook\/","title":{"rendered":"Mindestbewehrung f\u00fcr zwangbeanspruchten Beton; 2. \u00fcberarbeitete Aufl."},"content":{"rendered":"<p class=\"qtranxs-available-languages-message qtranxs-available-languages-message-en\">This entry is only available in German<\/p><p>Generell besteht bei der Herstellung von Betonbauteilen die Gefahr von Rissbildung, verursacht durch erh\u00e4rtungsbedingte Volumen\u00e4nderungen des Betons. Diese Arbeit pr\u00e4sentiert zun\u00e4chst einen Berechnungsalgorithmus, mit dem die Gefahr bzw. Intensit\u00e4t dieser Rissbildung realit\u00e4tsnah vorhergesagt werden kann. Anschlie\u00dfend wurde auf dieser Grundlage ein mechanisch konsistentes Bemessungsmodell f\u00fcr die Festlegung der Mindestbewehrung zur Begrenzung der Rissbreite von zwangbeanspruchten Betonbauteilen entwickelt.<br \/>\nNicht zuletzt durch eine direkte Ber\u00fccksichtigung der Materialeigenschaften sowie der Bauteilgeometrie und den Randbedingungen im Herstellungsprozess wird hierdurch die Zusammenarbeit zwischen Betontechnologie, Tragwerksplanung und Baustelle gef\u00f6rdert, was einen entscheidenden Beitrag zur Verbesserung der Betonbauweise liefert.<\/p>","protected":false},"excerpt":{"rendered":"<p class=\"qtranxs-available-languages-message qtranxs-available-languages-message-en\">This entry is only available in German<\/p>\n<p>Generell besteht bei der Herstellung von Betonbauteilen die Gefahr von Rissbildung, verursacht durch erh\u00e4rtungsbedingte Volumen\u00e4nderungen des Betons. Diese Arbeit pr\u00e4sentiert zun\u00e4chst einen Berechnungsalgorithmus, mit dem die Gefahr bzw. Intensit\u00e4t dieser Rissbildung realit\u00e4tsnah vorhergesagt werden kann. Anschlie\u00dfend wurde auf dieser Grundlage ein mechanisch konsistentes Bemessungsmodell f\u00fcr die Festlegung der Mindestbewehrung zur Begrenzung der Rissbreite von zwangbeanspruchten Betonbauteilen entwickelt.<br \/>\nNicht zuletzt durch eine direkte Ber\u00fccksichtigung der Materialeigenschaften sowie der Bauteilgeometrie und den Randbedingungen im Herstellungsprozess wird hierdurch die Zusammenarbeit zwischen Betontechnologie, Tragwerksplanung und Baustelle gef\u00f6rdert, was einen entscheidenden Beitrag zur Verbesserung der Betonbauweise liefert.<\/p>\n","protected":false},"featured_media":40047,"comment_status":"open","ping_status":"closed","template":"","meta":{"_acf_changed":false},"product_brand":[],"product_cat":[1627],"product_tag":[3046],"class_list":{"0":"post-30700","1":"product","2":"type-product","3":"status-publish","4":"has-post-thumbnail","6":"product_cat-bauingenieurwissenschaften","7":"product_tag-betonbauteile-mindestbewehrung-beton","8":"autor-schlicke-dirk","9":"reihe-monographic-series-tu-graz","10":"reihe-monographic-series-tu-grazschriftenreihe-des-instituts-betonbau","12":"first","13":"instock","14":"downloadable","15":"virtual","16":"taxable","17":"product-type-simple"},"acf":[],"yoast_head":"<!-- This site is optimized with the Yoast SEO plugin v27.2 - https:\/\/yoast.com\/product\/yoast-seo-wordpress\/ -->\n<title>Mindestbewehrung f\u00fcr zwangbeanspruchten Beton; 2. \u00fcberarbeitete Aufl. - Verlag der TU Graz<\/title>\n<meta name=\"robots\" content=\"index, follow, max-snippet:-1, max-image-preview:large, max-video-preview:-1\" \/>\n<link rel=\"canonical\" href=\"https:\/\/www.tugraz-verlag.at\/en\/gesamtverzeichnis\/bauingenieurwissenschaften\/mindestbewehrung-fuer-zwangbeanspruchten-beton-2-ueberarbeitete-aufl-ebook\/\" \/>\n<meta property=\"og:locale\" content=\"en_US\" \/>\n<meta property=\"og:type\" content=\"article\" \/>\n<meta property=\"og:title\" content=\"Mindestbewehrung f\u00fcr zwangbeanspruchten Beton; 2. \u00fcberarbeitete Aufl. - Verlag der TU Graz\" \/>\n<meta property=\"og:description\" content=\"Generell besteht bei der Herstellung von Betonbauteilen die Gefahr von Rissbildung, verursacht durch erh\u00e4rtungsbedingte Volumen\u00e4nderungen des Betons. Diese Arbeit pr\u00e4sentiert zun\u00e4chst einen Berechnungsalgorithmus, mit dem die Gefahr bzw. Intensit\u00e4t dieser Rissbildung realit\u00e4tsnah vorhergesagt werden kann. Anschlie\u00dfend wurde auf dieser Grundlage ein mechanisch konsistentes Bemessungsmodell f\u00fcr die Festlegung der Mindestbewehrung zur Begrenzung der Rissbreite von zwangbeanspruchten Betonbauteilen entwickelt. Nicht zuletzt durch eine direkte Ber\u00fccksichtigung der Materialeigenschaften sowie der Bauteilgeometrie und den Randbedingungen im Herstellungsprozess wird hierdurch die Zusammenarbeit zwischen Betontechnologie, Tragwerksplanung und Baustelle gef\u00f6rdert, was einen entscheidenden Beitrag zur Verbesserung der Betonbauweise liefert.\" \/>\n<meta property=\"og:url\" content=\"https:\/\/www.tugraz-verlag.at\/en\/gesamtverzeichnis\/bauingenieurwissenschaften\/mindestbewehrung-fuer-zwangbeanspruchten-beton-2-ueberarbeitete-aufl-ebook\/\" \/>\n<meta property=\"og:site_name\" content=\"Verlag der TU Graz\" \/>\n<meta property=\"article:modified_time\" content=\"2026-03-28T09:33:18+00:00\" \/>\n<meta property=\"og:image\" content=\"https:\/\/www.tugraz-verlag.at\/wp-content\/uploads\/asolmerce\/image-706.jpg\" \/>\n\t<meta property=\"og:image:width\" content=\"511\" \/>\n\t<meta property=\"og:image:height\" content=\"760\" \/>\n\t<meta property=\"og:image:type\" content=\"image\/jpeg\" \/>\n<meta name=\"twitter:card\" content=\"summary_large_image\" \/>\n<meta name=\"twitter:label1\" content=\"Est. reading time\" \/>\n\t<meta name=\"twitter:data1\" content=\"1 minute\" \/>\n<script type=\"application\/ld+json\" class=\"yoast-schema-graph\">{\"@context\":\"https:\/\/schema.org\",\"@graph\":[{\"@type\":\"WebPage\",\"@id\":\"https:\/\/www.tugraz-verlag.at\/en\/gesamtverzeichnis\/bauingenieurwissenschaften\/mindestbewehrung-fuer-zwangbeanspruchten-beton-2-ueberarbeitete-aufl-ebook\/\",\"url\":\"https:\/\/www.tugraz-verlag.at\/en\/gesamtverzeichnis\/bauingenieurwissenschaften\/mindestbewehrung-fuer-zwangbeanspruchten-beton-2-ueberarbeitete-aufl-ebook\/\",\"name\":\"Mindestbewehrung f\u00fcr zwangbeanspruchten Beton; 2. \u00fcberarbeitete Aufl. - Verlag der TU Graz\",\"isPartOf\":{\"@id\":\"https:\/\/www.tugraz-verlag.at\/en\/#website\"},\"primaryImageOfPage\":{\"@id\":\"https:\/\/www.tugraz-verlag.at\/en\/gesamtverzeichnis\/bauingenieurwissenschaften\/mindestbewehrung-fuer-zwangbeanspruchten-beton-2-ueberarbeitete-aufl-ebook\/#primaryimage\"},\"image\":{\"@id\":\"https:\/\/www.tugraz-verlag.at\/gesamtverzeichnis\/bauingenieurwissenschaften\/mindestbewehrung-fuer-zwangbeanspruchten-beton-2-ueberarbeitete-aufl-ebook\/#primaryimage\"},\"thumbnailUrl\":\"https:\/\/www.tugraz-verlag.at\/wp-content\/uploads\/asolmerce\/image-706.jpg\",\"datePublished\":\"2026-03-28T07:32:18+00:00\",\"dateModified\":\"2026-03-28T09:33:18+00:00\",\"breadcrumb\":{\"@id\":\"https:\/\/www.tugraz-verlag.at\/en\/gesamtverzeichnis\/bauingenieurwissenschaften\/mindestbewehrung-fuer-zwangbeanspruchten-beton-2-ueberarbeitete-aufl-ebook\/#breadcrumb\"},\"inLanguage\":\"en-US\",\"potentialAction\":[{\"@type\":\"ReadAction\",\"target\":[[\"https:\/\/www.tugraz-verlag.at\/en\/gesamtverzeichnis\/bauingenieurwissenschaften\/mindestbewehrung-fuer-zwangbeanspruchten-beton-2-ueberarbeitete-aufl-ebook\/\"]]}]},{\"@type\":\"ImageObject\",\"inLanguage\":\"en-US\",\"@id\":\"https:\/\/www.tugraz-verlag.at\/en\/gesamtverzeichnis\/bauingenieurwissenschaften\/mindestbewehrung-fuer-zwangbeanspruchten-beton-2-ueberarbeitete-aufl-ebook\/#primaryimage\",\"url\":\"https:\/\/www.tugraz-verlag.at\/wp-content\/uploads\/asolmerce\/image-706.jpg\",\"contentUrl\":\"https:\/\/www.tugraz-verlag.at\/wp-content\/uploads\/asolmerce\/image-706.jpg\",\"width\":511,\"height\":760},{\"@type\":\"BreadcrumbList\",\"@id\":\"https:\/\/www.tugraz-verlag.at\/en\/gesamtverzeichnis\/bauingenieurwissenschaften\/mindestbewehrung-fuer-zwangbeanspruchten-beton-2-ueberarbeitete-aufl-ebook\/#breadcrumb\",\"itemListElement\":[{\"@type\":\"ListItem\",\"position\":1,\"name\":\"Home\",\"item\":\"https:\/\/www.tugraz-verlag.at\/en\/\"},{\"@type\":\"ListItem\",\"position\":2,\"name\":\"Gesamtverzeichnis\",\"item\":\"https:\/\/www.tugraz-verlag.at\/en\/gesamtverzeichnis\/\"},{\"@type\":\"ListItem\",\"position\":3,\"name\":\"Mindestbewehrung f\u00fcr zwangbeanspruchten Beton; 2. \u00fcberarbeitete Aufl.\"}]},{\"@type\":\"WebSite\",\"@id\":\"https:\/\/www.tugraz-verlag.at\/en\/#website\",\"url\":\"https:\/\/www.tugraz-verlag.at\/en\/\",\"name\":\"Verlag der TU Graz\",\"description\":\"Verlag der Technischen Universit\u00e4t Graz\",\"potentialAction\":[{\"@type\":\"SearchAction\",\"target\":{\"@type\":\"EntryPoint\",\"urlTemplate\":\"https:\/\/www.tugraz-verlag.at\/en\/?s={search_term_string}\"},\"query-input\":{\"@type\":\"PropertyValueSpecification\",\"valueRequired\":true,\"valueName\":\"search_term_string\"}}],\"inLanguage\":\"en-US\"}]}<\/script>\n<!-- \/ Yoast SEO plugin. -->","yoast_head_json":{"title":"Mindestbewehrung f\u00fcr zwangbeanspruchten Beton; 2. \u00fcberarbeitete Aufl. - Verlag der TU Graz","robots":{"index":"index","follow":"follow","max-snippet":"max-snippet:-1","max-image-preview":"max-image-preview:large","max-video-preview":"max-video-preview:-1"},"canonical":"https:\/\/www.tugraz-verlag.at\/en\/gesamtverzeichnis\/bauingenieurwissenschaften\/mindestbewehrung-fuer-zwangbeanspruchten-beton-2-ueberarbeitete-aufl-ebook\/","og_locale":"en_US","og_type":"article","og_title":"Mindestbewehrung f\u00fcr zwangbeanspruchten Beton; 2. \u00fcberarbeitete Aufl. - Verlag der TU Graz","og_description":"Generell besteht bei der Herstellung von Betonbauteilen die Gefahr von Rissbildung, verursacht durch erh\u00e4rtungsbedingte Volumen\u00e4nderungen des Betons. Diese Arbeit pr\u00e4sentiert zun\u00e4chst einen Berechnungsalgorithmus, mit dem die Gefahr bzw. Intensit\u00e4t dieser Rissbildung realit\u00e4tsnah vorhergesagt werden kann. Anschlie\u00dfend wurde auf dieser Grundlage ein mechanisch konsistentes Bemessungsmodell f\u00fcr die Festlegung der Mindestbewehrung zur Begrenzung der Rissbreite von zwangbeanspruchten Betonbauteilen entwickelt. Nicht zuletzt durch eine direkte Ber\u00fccksichtigung der Materialeigenschaften sowie der Bauteilgeometrie und den Randbedingungen im Herstellungsprozess wird hierdurch die Zusammenarbeit zwischen Betontechnologie, Tragwerksplanung und Baustelle gef\u00f6rdert, was einen entscheidenden Beitrag zur Verbesserung der Betonbauweise liefert.","og_url":"https:\/\/www.tugraz-verlag.at\/en\/gesamtverzeichnis\/bauingenieurwissenschaften\/mindestbewehrung-fuer-zwangbeanspruchten-beton-2-ueberarbeitete-aufl-ebook\/","og_site_name":"Verlag der TU Graz","article_modified_time":"2026-03-28T09:33:18+00:00","og_image":[{"width":511,"height":760,"url":"https:\/\/www.tugraz-verlag.at\/wp-content\/uploads\/asolmerce\/image-706.jpg","type":"image\/jpeg"}],"twitter_card":"summary_large_image","twitter_misc":{"Est. reading time":"1 minute"},"schema":{"@context":"https:\/\/schema.org","@graph":[{"@type":"WebPage","@id":"https:\/\/www.tugraz-verlag.at\/en\/gesamtverzeichnis\/bauingenieurwissenschaften\/mindestbewehrung-fuer-zwangbeanspruchten-beton-2-ueberarbeitete-aufl-ebook\/","url":"https:\/\/www.tugraz-verlag.at\/en\/gesamtverzeichnis\/bauingenieurwissenschaften\/mindestbewehrung-fuer-zwangbeanspruchten-beton-2-ueberarbeitete-aufl-ebook\/","name":"Mindestbewehrung f\u00fcr zwangbeanspruchten Beton; 2. \u00fcberarbeitete Aufl. - Verlag der TU Graz","isPartOf":{"@id":"https:\/\/www.tugraz-verlag.at\/en\/#website"},"primaryImageOfPage":{"@id":"https:\/\/www.tugraz-verlag.at\/en\/gesamtverzeichnis\/bauingenieurwissenschaften\/mindestbewehrung-fuer-zwangbeanspruchten-beton-2-ueberarbeitete-aufl-ebook\/#primaryimage"},"image":{"@id":"https:\/\/www.tugraz-verlag.at\/gesamtverzeichnis\/bauingenieurwissenschaften\/mindestbewehrung-fuer-zwangbeanspruchten-beton-2-ueberarbeitete-aufl-ebook\/#primaryimage"},"thumbnailUrl":"https:\/\/www.tugraz-verlag.at\/wp-content\/uploads\/asolmerce\/image-706.jpg","datePublished":"2026-03-28T07:32:18+00:00","dateModified":"2026-03-28T09:33:18+00:00","breadcrumb":{"@id":"https:\/\/www.tugraz-verlag.at\/en\/gesamtverzeichnis\/bauingenieurwissenschaften\/mindestbewehrung-fuer-zwangbeanspruchten-beton-2-ueberarbeitete-aufl-ebook\/#breadcrumb"},"inLanguage":"en-US","potentialAction":[{"@type":"ReadAction","target":[["https:\/\/www.tugraz-verlag.at\/en\/gesamtverzeichnis\/bauingenieurwissenschaften\/mindestbewehrung-fuer-zwangbeanspruchten-beton-2-ueberarbeitete-aufl-ebook\/"]]}]},{"@type":"ImageObject","inLanguage":"en-US","@id":"https:\/\/www.tugraz-verlag.at\/en\/gesamtverzeichnis\/bauingenieurwissenschaften\/mindestbewehrung-fuer-zwangbeanspruchten-beton-2-ueberarbeitete-aufl-ebook\/#primaryimage","url":"https:\/\/www.tugraz-verlag.at\/wp-content\/uploads\/asolmerce\/image-706.jpg","contentUrl":"https:\/\/www.tugraz-verlag.at\/wp-content\/uploads\/asolmerce\/image-706.jpg","width":511,"height":760},{"@type":"BreadcrumbList","@id":"https:\/\/www.tugraz-verlag.at\/en\/gesamtverzeichnis\/bauingenieurwissenschaften\/mindestbewehrung-fuer-zwangbeanspruchten-beton-2-ueberarbeitete-aufl-ebook\/#breadcrumb","itemListElement":[{"@type":"ListItem","position":1,"name":"Home","item":"https:\/\/www.tugraz-verlag.at\/en\/"},{"@type":"ListItem","position":2,"name":"Gesamtverzeichnis","item":"https:\/\/www.tugraz-verlag.at\/en\/gesamtverzeichnis\/"},{"@type":"ListItem","position":3,"name":"Mindestbewehrung f\u00fcr zwangbeanspruchten Beton; 2. \u00fcberarbeitete Aufl."}]},{"@type":"WebSite","@id":"https:\/\/www.tugraz-verlag.at\/en\/#website","url":"https:\/\/www.tugraz-verlag.at\/en\/","name":"Verlag der TU Graz","description":"Verlag der Technischen Universit\u00e4t Graz","potentialAction":[{"@type":"SearchAction","target":{"@type":"EntryPoint","urlTemplate":"https:\/\/www.tugraz-verlag.at\/en\/?s={search_term_string}"},"query-input":{"@type":"PropertyValueSpecification","valueRequired":true,"valueName":"search_term_string"}}],"inLanguage":"en-US"}]}},"_links":{"self":[{"href":"https:\/\/www.tugraz-verlag.at\/en\/wp-json\/wp\/v2\/product\/30700","targetHints":{"allow":["GET"]}}],"collection":[{"href":"https:\/\/www.tugraz-verlag.at\/en\/wp-json\/wp\/v2\/product"}],"about":[{"href":"https:\/\/www.tugraz-verlag.at\/en\/wp-json\/wp\/v2\/types\/product"}],"replies":[{"embeddable":true,"href":"https:\/\/www.tugraz-verlag.at\/en\/wp-json\/wp\/v2\/comments?post=30700"}],"wp:featuredmedia":[{"embeddable":true,"href":"https:\/\/www.tugraz-verlag.at\/en\/wp-json\/wp\/v2\/media\/40047"}],"wp:attachment":[{"href":"https:\/\/www.tugraz-verlag.at\/en\/wp-json\/wp\/v2\/media?parent=30700"}],"wp:term":[{"taxonomy":"product_brand","embeddable":true,"href":"https:\/\/www.tugraz-verlag.at\/en\/wp-json\/wp\/v2\/product_brand?post=30700"},{"taxonomy":"product_cat","embeddable":true,"href":"https:\/\/www.tugraz-verlag.at\/en\/wp-json\/wp\/v2\/product_cat?post=30700"},{"taxonomy":"product_tag","embeddable":true,"href":"https:\/\/www.tugraz-verlag.at\/en\/wp-json\/wp\/v2\/product_tag?post=30700"}],"curies":[{"name":"wp","href":"https:\/\/api.w.org\/{rel}","templated":true}]}}