{"id":30608,"date":"2026-03-28T07:32:06","date_gmt":"2026-03-28T07:32:06","guid":{"rendered":"http:\/\/www.tugraz-verlag.at\/gesamtverzeichnis\/unkategorisiert\/historische-dachwerke\/"},"modified":"2026-03-28T11:33:06","modified_gmt":"2026-03-28T09:33:06","slug":"historische-dachwerke","status":"publish","type":"product","link":"https:\/\/www.tugraz-verlag.at\/en\/gesamtverzeichnis\/bauingenieurwissenschaften\/historische-dachwerke\/","title":{"rendered":"Historische Dachwerke"},"content":{"rendered":"<p class=\"qtranxs-available-languages-message qtranxs-available-languages-message-en\">This entry is only available in German<\/p><p>Die realit\u00e4tsnahe statische Analyse und Beurteilung historischer Dachtragwerke aus Holz erweist sich meist ungleich schwieriger als die von Ingenieurholzbauten. Als Grundlage f\u00fcr das Verst\u00e4ndnis der Konstruktion historischer Dachwerke wird zuerst auf deren geschichtliche Entwicklung aus statischer Sicht eingegangen.<br \/>\nDanach wird ein auf Basis zahlreicher Bestandsanalysen und statischer Analysen entwickeltes Beurteilungsschema vorgestellt. Das darauf folgende Kapitel befasst sich mit den Herausforderungen und m\u00f6glichen Vorgehensweisen bei der Modellbildung sowie der Tragwirkung ausgew\u00e4hlter historischer Dachwerke.<br \/>\nAufgrund unzureichender Literaturangaben wurden umfangreiche pr\u00fcfungsbasierende Untersuchungen an Holznagel-, Wei\u00dfschwanz- und Kammverbindungen durchgef\u00fchrt. Aus diesen wurden Ingenieurmodelle zur Ermittlung der Tragf\u00e4higkeit und der Steifigkeiten abgeleitet. Nach der Behandlung des Tragverm\u00f6gens der Dachlattung wird abschlie\u00dfend ein Nachweiskonzept f\u00fcr die Reparatur von Einzelsch\u00e4den an Knoten vorgeschlagen und anhand von Beispielen illustriert.<\/p>","protected":false},"excerpt":{"rendered":"<p class=\"qtranxs-available-languages-message qtranxs-available-languages-message-en\">This entry is only available in German<\/p>\n<p>Die realit\u00e4tsnahe statische Analyse und Beurteilung historischer Dachtragwerke aus Holz erweist sich meist ungleich schwieriger als die von Ingenieurholzbauten. Als Grundlage f\u00fcr das Verst\u00e4ndnis der Konstruktion historischer Dachwerke wird zuerst auf deren geschichtliche Entwicklung aus statischer Sicht eingegangen.<br \/>\nDanach wird ein auf Basis zahlreicher Bestandsanalysen und statischer Analysen entwickeltes Beurteilungsschema vorgestellt. Das darauf folgende Kapitel befasst sich mit den Herausforderungen und m\u00f6glichen Vorgehensweisen bei der Modellbildung sowie der Tragwirkung ausgew\u00e4hlter historischer Dachwerke.<br \/>\nAufgrund unzureichender Literaturangaben wurden umfangreiche pr\u00fcfungsbasierende Untersuchungen an Holznagel-, Wei\u00dfschwanz- und Kammverbindungen durchgef\u00fchrt. Aus diesen wurden Ingenieurmodelle zur Ermittlung der Tragf\u00e4higkeit und der Steifigkeiten abgeleitet. Nach der Behandlung des Tragverm\u00f6gens der Dachlattung wird abschlie\u00dfend ein Nachweiskonzept f\u00fcr die Reparatur von Einzelsch\u00e4den an Knoten vorgeschlagen und anhand von Beispielen illustriert.<\/p>\n","protected":false},"featured_media":39537,"comment_status":"open","ping_status":"closed","template":"","meta":{"_acf_changed":false},"product_brand":[],"product_cat":[1627],"product_tag":[3152],"class_list":{"0":"post-30608","1":"product","2":"type-product","3":"status-publish","4":"has-post-thumbnail","6":"product_cat-bauingenieurwissenschaften","7":"product_tag-historische-dachwerke-holztragwerke-zimmermannsmaessige-verbindungen","8":"autor-andreas-meisel","9":"reihe-monographic-series-tu-graz","10":"reihe-monographic-series-tu-graztimber-engineering-technology","12":"first","13":"instock","14":"sale","15":"taxable","16":"shipping-taxable","17":"purchasable","18":"product-type-simple"},"acf":[],"yoast_head":"<!-- This site is optimized with the Yoast SEO plugin v27.2 - https:\/\/yoast.com\/product\/yoast-seo-wordpress\/ -->\n<title>Historische Dachwerke - Verlag der TU Graz<\/title>\n<meta name=\"robots\" content=\"index, follow, max-snippet:-1, max-image-preview:large, max-video-preview:-1\" \/>\n<link rel=\"canonical\" href=\"https:\/\/www.tugraz-verlag.at\/en\/gesamtverzeichnis\/bauingenieurwissenschaften\/historische-dachwerke\/\" \/>\n<meta property=\"og:locale\" content=\"en_US\" \/>\n<meta property=\"og:type\" content=\"article\" \/>\n<meta property=\"og:title\" content=\"Historische Dachwerke - Verlag der TU Graz\" \/>\n<meta property=\"og:description\" content=\"Die realit\u00e4tsnahe statische Analyse und Beurteilung historischer Dachtragwerke aus Holz erweist sich meist ungleich schwieriger als die von Ingenieurholzbauten. Als Grundlage f\u00fcr das Verst\u00e4ndnis der Konstruktion historischer Dachwerke wird zuerst auf deren geschichtliche Entwicklung aus statischer Sicht eingegangen. Danach wird ein auf Basis zahlreicher Bestandsanalysen und statischer Analysen entwickeltes Beurteilungsschema vorgestellt. Das darauf folgende Kapitel befasst sich mit den Herausforderungen und m\u00f6glichen Vorgehensweisen bei der Modellbildung sowie der Tragwirkung ausgew\u00e4hlter historischer Dachwerke. Aufgrund unzureichender Literaturangaben wurden umfangreiche pr\u00fcfungsbasierende Untersuchungen an Holznagel-, Wei\u00dfschwanz- und Kammverbindungen durchgef\u00fchrt. Aus diesen wurden Ingenieurmodelle zur Ermittlung der Tragf\u00e4higkeit und der Steifigkeiten abgeleitet. Nach der Behandlung des Tragverm\u00f6gens der Dachlattung wird abschlie\u00dfend ein Nachweiskonzept f\u00fcr die Reparatur von Einzelsch\u00e4den an Knoten vorgeschlagen und anhand von Beispielen illustriert.\" \/>\n<meta property=\"og:url\" content=\"https:\/\/www.tugraz-verlag.at\/en\/gesamtverzeichnis\/bauingenieurwissenschaften\/historische-dachwerke\/\" \/>\n<meta property=\"og:site_name\" content=\"Verlag der TU Graz\" \/>\n<meta property=\"article:modified_time\" content=\"2026-03-28T09:33:06+00:00\" \/>\n<meta property=\"og:image\" content=\"https:\/\/www.tugraz-verlag.at\/wp-content\/uploads\/asolmerce\/image-978-3-85125-433-4.jpg\" \/>\n\t<meta property=\"og:image:width\" content=\"524\" \/>\n\t<meta property=\"og:image:height\" content=\"760\" \/>\n\t<meta property=\"og:image:type\" content=\"image\/jpeg\" \/>\n<meta name=\"twitter:card\" content=\"summary_large_image\" \/>\n<meta name=\"twitter:label1\" content=\"Est. reading time\" \/>\n\t<meta name=\"twitter:data1\" content=\"1 minute\" \/>\n<script type=\"application\/ld+json\" class=\"yoast-schema-graph\">{\"@context\":\"https:\/\/schema.org\",\"@graph\":[{\"@type\":\"WebPage\",\"@id\":\"https:\/\/www.tugraz-verlag.at\/en\/gesamtverzeichnis\/bauingenieurwissenschaften\/historische-dachwerke\/\",\"url\":\"https:\/\/www.tugraz-verlag.at\/en\/gesamtverzeichnis\/bauingenieurwissenschaften\/historische-dachwerke\/\",\"name\":\"Historische Dachwerke - Verlag der TU Graz\",\"isPartOf\":{\"@id\":\"https:\/\/www.tugraz-verlag.at\/en\/#website\"},\"primaryImageOfPage\":{\"@id\":\"https:\/\/www.tugraz-verlag.at\/en\/gesamtverzeichnis\/bauingenieurwissenschaften\/historische-dachwerke\/#primaryimage\"},\"image\":{\"@id\":\"https:\/\/www.tugraz-verlag.at\/gesamtverzeichnis\/bauingenieurwissenschaften\/historische-dachwerke\/#primaryimage\"},\"thumbnailUrl\":\"https:\/\/www.tugraz-verlag.at\/wp-content\/uploads\/asolmerce\/image-978-3-85125-433-4.jpg\",\"datePublished\":\"2026-03-28T07:32:06+00:00\",\"dateModified\":\"2026-03-28T09:33:06+00:00\",\"breadcrumb\":{\"@id\":\"https:\/\/www.tugraz-verlag.at\/en\/gesamtverzeichnis\/bauingenieurwissenschaften\/historische-dachwerke\/#breadcrumb\"},\"inLanguage\":\"en-US\",\"potentialAction\":[{\"@type\":\"ReadAction\",\"target\":[[\"https:\/\/www.tugraz-verlag.at\/en\/gesamtverzeichnis\/bauingenieurwissenschaften\/historische-dachwerke\/\"]]}]},{\"@type\":\"ImageObject\",\"inLanguage\":\"en-US\",\"@id\":\"https:\/\/www.tugraz-verlag.at\/en\/gesamtverzeichnis\/bauingenieurwissenschaften\/historische-dachwerke\/#primaryimage\",\"url\":\"https:\/\/www.tugraz-verlag.at\/wp-content\/uploads\/asolmerce\/image-978-3-85125-433-4.jpg\",\"contentUrl\":\"https:\/\/www.tugraz-verlag.at\/wp-content\/uploads\/asolmerce\/image-978-3-85125-433-4.jpg\",\"width\":524,\"height\":760},{\"@type\":\"BreadcrumbList\",\"@id\":\"https:\/\/www.tugraz-verlag.at\/en\/gesamtverzeichnis\/bauingenieurwissenschaften\/historische-dachwerke\/#breadcrumb\",\"itemListElement\":[{\"@type\":\"ListItem\",\"position\":1,\"name\":\"Home\",\"item\":\"https:\/\/www.tugraz-verlag.at\/en\/\"},{\"@type\":\"ListItem\",\"position\":2,\"name\":\"Gesamtverzeichnis\",\"item\":\"https:\/\/www.tugraz-verlag.at\/en\/gesamtverzeichnis\/\"},{\"@type\":\"ListItem\",\"position\":3,\"name\":\"Historische Dachwerke\"}]},{\"@type\":\"WebSite\",\"@id\":\"https:\/\/www.tugraz-verlag.at\/en\/#website\",\"url\":\"https:\/\/www.tugraz-verlag.at\/en\/\",\"name\":\"Verlag der TU Graz\",\"description\":\"Verlag der Technischen Universit\u00e4t Graz\",\"potentialAction\":[{\"@type\":\"SearchAction\",\"target\":{\"@type\":\"EntryPoint\",\"urlTemplate\":\"https:\/\/www.tugraz-verlag.at\/en\/?s={search_term_string}\"},\"query-input\":{\"@type\":\"PropertyValueSpecification\",\"valueRequired\":true,\"valueName\":\"search_term_string\"}}],\"inLanguage\":\"en-US\"}]}<\/script>\n<!-- \/ Yoast SEO plugin. -->","yoast_head_json":{"title":"Historische Dachwerke - Verlag der TU Graz","robots":{"index":"index","follow":"follow","max-snippet":"max-snippet:-1","max-image-preview":"max-image-preview:large","max-video-preview":"max-video-preview:-1"},"canonical":"https:\/\/www.tugraz-verlag.at\/en\/gesamtverzeichnis\/bauingenieurwissenschaften\/historische-dachwerke\/","og_locale":"en_US","og_type":"article","og_title":"Historische Dachwerke - Verlag der TU Graz","og_description":"Die realit\u00e4tsnahe statische Analyse und Beurteilung historischer Dachtragwerke aus Holz erweist sich meist ungleich schwieriger als die von Ingenieurholzbauten. Als Grundlage f\u00fcr das Verst\u00e4ndnis der Konstruktion historischer Dachwerke wird zuerst auf deren geschichtliche Entwicklung aus statischer Sicht eingegangen. Danach wird ein auf Basis zahlreicher Bestandsanalysen und statischer Analysen entwickeltes Beurteilungsschema vorgestellt. Das darauf folgende Kapitel befasst sich mit den Herausforderungen und m\u00f6glichen Vorgehensweisen bei der Modellbildung sowie der Tragwirkung ausgew\u00e4hlter historischer Dachwerke. Aufgrund unzureichender Literaturangaben wurden umfangreiche pr\u00fcfungsbasierende Untersuchungen an Holznagel-, Wei\u00dfschwanz- und Kammverbindungen durchgef\u00fchrt. Aus diesen wurden Ingenieurmodelle zur Ermittlung der Tragf\u00e4higkeit und der Steifigkeiten abgeleitet. Nach der Behandlung des Tragverm\u00f6gens der Dachlattung wird abschlie\u00dfend ein Nachweiskonzept f\u00fcr die Reparatur von Einzelsch\u00e4den an Knoten vorgeschlagen und anhand von Beispielen illustriert.","og_url":"https:\/\/www.tugraz-verlag.at\/en\/gesamtverzeichnis\/bauingenieurwissenschaften\/historische-dachwerke\/","og_site_name":"Verlag der TU Graz","article_modified_time":"2026-03-28T09:33:06+00:00","og_image":[{"width":524,"height":760,"url":"https:\/\/www.tugraz-verlag.at\/wp-content\/uploads\/asolmerce\/image-978-3-85125-433-4.jpg","type":"image\/jpeg"}],"twitter_card":"summary_large_image","twitter_misc":{"Est. reading time":"1 minute"},"schema":{"@context":"https:\/\/schema.org","@graph":[{"@type":"WebPage","@id":"https:\/\/www.tugraz-verlag.at\/en\/gesamtverzeichnis\/bauingenieurwissenschaften\/historische-dachwerke\/","url":"https:\/\/www.tugraz-verlag.at\/en\/gesamtverzeichnis\/bauingenieurwissenschaften\/historische-dachwerke\/","name":"Historische Dachwerke - Verlag der TU Graz","isPartOf":{"@id":"https:\/\/www.tugraz-verlag.at\/en\/#website"},"primaryImageOfPage":{"@id":"https:\/\/www.tugraz-verlag.at\/en\/gesamtverzeichnis\/bauingenieurwissenschaften\/historische-dachwerke\/#primaryimage"},"image":{"@id":"https:\/\/www.tugraz-verlag.at\/gesamtverzeichnis\/bauingenieurwissenschaften\/historische-dachwerke\/#primaryimage"},"thumbnailUrl":"https:\/\/www.tugraz-verlag.at\/wp-content\/uploads\/asolmerce\/image-978-3-85125-433-4.jpg","datePublished":"2026-03-28T07:32:06+00:00","dateModified":"2026-03-28T09:33:06+00:00","breadcrumb":{"@id":"https:\/\/www.tugraz-verlag.at\/en\/gesamtverzeichnis\/bauingenieurwissenschaften\/historische-dachwerke\/#breadcrumb"},"inLanguage":"en-US","potentialAction":[{"@type":"ReadAction","target":[["https:\/\/www.tugraz-verlag.at\/en\/gesamtverzeichnis\/bauingenieurwissenschaften\/historische-dachwerke\/"]]}]},{"@type":"ImageObject","inLanguage":"en-US","@id":"https:\/\/www.tugraz-verlag.at\/en\/gesamtverzeichnis\/bauingenieurwissenschaften\/historische-dachwerke\/#primaryimage","url":"https:\/\/www.tugraz-verlag.at\/wp-content\/uploads\/asolmerce\/image-978-3-85125-433-4.jpg","contentUrl":"https:\/\/www.tugraz-verlag.at\/wp-content\/uploads\/asolmerce\/image-978-3-85125-433-4.jpg","width":524,"height":760},{"@type":"BreadcrumbList","@id":"https:\/\/www.tugraz-verlag.at\/en\/gesamtverzeichnis\/bauingenieurwissenschaften\/historische-dachwerke\/#breadcrumb","itemListElement":[{"@type":"ListItem","position":1,"name":"Home","item":"https:\/\/www.tugraz-verlag.at\/en\/"},{"@type":"ListItem","position":2,"name":"Gesamtverzeichnis","item":"https:\/\/www.tugraz-verlag.at\/en\/gesamtverzeichnis\/"},{"@type":"ListItem","position":3,"name":"Historische Dachwerke"}]},{"@type":"WebSite","@id":"https:\/\/www.tugraz-verlag.at\/en\/#website","url":"https:\/\/www.tugraz-verlag.at\/en\/","name":"Verlag der TU Graz","description":"Verlag der Technischen Universit\u00e4t Graz","potentialAction":[{"@type":"SearchAction","target":{"@type":"EntryPoint","urlTemplate":"https:\/\/www.tugraz-verlag.at\/en\/?s={search_term_string}"},"query-input":{"@type":"PropertyValueSpecification","valueRequired":true,"valueName":"search_term_string"}}],"inLanguage":"en-US"}]}},"_links":{"self":[{"href":"https:\/\/www.tugraz-verlag.at\/en\/wp-json\/wp\/v2\/product\/30608","targetHints":{"allow":["GET"]}}],"collection":[{"href":"https:\/\/www.tugraz-verlag.at\/en\/wp-json\/wp\/v2\/product"}],"about":[{"href":"https:\/\/www.tugraz-verlag.at\/en\/wp-json\/wp\/v2\/types\/product"}],"replies":[{"embeddable":true,"href":"https:\/\/www.tugraz-verlag.at\/en\/wp-json\/wp\/v2\/comments?post=30608"}],"wp:featuredmedia":[{"embeddable":true,"href":"https:\/\/www.tugraz-verlag.at\/en\/wp-json\/wp\/v2\/media\/39537"}],"wp:attachment":[{"href":"https:\/\/www.tugraz-verlag.at\/en\/wp-json\/wp\/v2\/media?parent=30608"}],"wp:term":[{"taxonomy":"product_brand","embeddable":true,"href":"https:\/\/www.tugraz-verlag.at\/en\/wp-json\/wp\/v2\/product_brand?post=30608"},{"taxonomy":"product_cat","embeddable":true,"href":"https:\/\/www.tugraz-verlag.at\/en\/wp-json\/wp\/v2\/product_cat?post=30608"},{"taxonomy":"product_tag","embeddable":true,"href":"https:\/\/www.tugraz-verlag.at\/en\/wp-json\/wp\/v2\/product_tag?post=30608"}],"curies":[{"name":"wp","href":"https:\/\/api.w.org\/{rel}","templated":true}]}}