{"id":30594,"date":"2026-03-28T07:32:05","date_gmt":"2026-03-28T07:32:05","guid":{"rendered":"http:\/\/www.tugraz-verlag.at\/gesamtverzeichnis\/unkategorisiert\/15-tagung-der-arbeitsprozess-des-verbrennungsmotors\/"},"modified":"2026-03-28T11:33:05","modified_gmt":"2026-03-28T09:33:05","slug":"15-tagung-der-arbeitsprozess-des-verbrennungsmotors","status":"publish","type":"product","link":"https:\/\/www.tugraz-verlag.at\/en\/gesamtverzeichnis\/maschinenbau-und-wirtschaftswissenschaften\/15-tagung-der-arbeitsprozess-des-verbrennungsmotors\/","title":{"rendered":"15. Tagung Der Arbeitsprozess des Verbrennungsmotors"},"content":{"rendered":"<p class=\"qtranxs-available-languages-message qtranxs-available-languages-message-en\">This entry is only available in German<\/p><p>\u00dcbergeordnete Zielthemen der auf den thermodynamischen Arbeitsprozess fokussierten Fachtagung  sind Effizienz, Umweltvertr\u00e4glichkeit und Leistungsdichte. G\u00e4nzlich neue oder massiv versch\u00e4rfte Rahmenbedingungen, deren Erf\u00fcllung noch vor kurzem als kaum m\u00f6glich eingesch\u00e4tzt worden ist \u2013beispielsweise Schadstoffemissionen nahe der Nachweisgrenze, extreme CO2 Ziele, Real Drive Emissions- k\u00f6nnen und m\u00fcssen mit Hilfe neuer Konzepte und Entwicklungsmethoden erreicht werden. Mit 44 Beitr\u00e4gen internationaler Vortragender dieser bereits zum 15. Mal durchgef\u00fchrten Tagung werden in dem Tagungsband die aktuell erreichten Fortschritte und L\u00f6sungsans\u00e4tze behandelt, wobei den Gro\u00dfmotoren eine eigene Parallelsektion gewidmet ist.<\/p>","protected":false},"excerpt":{"rendered":"<p class=\"qtranxs-available-languages-message qtranxs-available-languages-message-en\">This entry is only available in German<\/p>\n<p>\u00dcbergeordnete Zielthemen der auf den thermodynamischen Arbeitsprozess fokussierten Fachtagung  sind Effizienz, Umweltvertr\u00e4glichkeit und Leistungsdichte. G\u00e4nzlich neue oder massiv versch\u00e4rfte Rahmenbedingungen, deren Erf\u00fcllung noch vor kurzem als kaum m\u00f6glich eingesch\u00e4tzt worden ist \u2013beispielsweise Schadstoffemissionen nahe der Nachweisgrenze, extreme CO2 Ziele, Real Drive Emissions- k\u00f6nnen und m\u00fcssen mit Hilfe neuer Konzepte und Entwicklungsmethoden erreicht werden. Mit 44 Beitr\u00e4gen internationaler Vortragender dieser bereits zum 15. Mal durchgef\u00fchrten Tagung werden in dem Tagungsband die aktuell erreichten Fortschritte und L\u00f6sungsans\u00e4tze behandelt, wobei den Gro\u00dfmotoren eine eigene Parallelsektion gewidmet ist.<\/p>\n","protected":false},"featured_media":40003,"comment_status":"open","ping_status":"closed","template":"","meta":{"_acf_changed":false},"product_brand":[],"product_cat":[1628],"product_tag":[3140],"class_list":{"0":"post-30594","1":"product","2":"type-product","3":"status-publish","4":"has-post-thumbnail","6":"product_cat-maschinenbau-und-wirtschaftswissenschaften","7":"product_tag-verbrennungsmotor-thermodynamischer-arbeitsprozess-umweltvertraeglichkeit-co2-ziele-gasmotor-grossmotoren-dual-fuel","8":"reihe-vkm-thd-mitteilungen-ivt-mitteilungen-ab-bd-100","10":"first","11":"instock","12":"taxable","13":"shipping-taxable","14":"purchasable","15":"product-type-simple"},"acf":[],"yoast_head":"<!-- This site is optimized with the Yoast SEO plugin v27.2 - https:\/\/yoast.com\/product\/yoast-seo-wordpress\/ -->\n<title>15. Tagung Der Arbeitsprozess des Verbrennungsmotors - Verlag der TU Graz<\/title>\n<meta name=\"robots\" content=\"index, follow, max-snippet:-1, max-image-preview:large, max-video-preview:-1\" \/>\n<link rel=\"canonical\" href=\"https:\/\/www.tugraz-verlag.at\/en\/gesamtverzeichnis\/maschinenbau-und-wirtschaftswissenschaften\/15-tagung-der-arbeitsprozess-des-verbrennungsmotors\/\" \/>\n<meta property=\"og:locale\" content=\"en_US\" \/>\n<meta property=\"og:type\" content=\"article\" \/>\n<meta property=\"og:title\" content=\"15. Tagung Der Arbeitsprozess des Verbrennungsmotors - Verlag der TU Graz\" \/>\n<meta property=\"og:description\" content=\"\u00dcbergeordnete Zielthemen der auf den thermodynamischen Arbeitsprozess fokussierten Fachtagung sind Effizienz, Umweltvertr\u00e4glichkeit und Leistungsdichte. G\u00e4nzlich neue oder massiv versch\u00e4rfte Rahmenbedingungen, deren Erf\u00fcllung noch vor kurzem als kaum m\u00f6glich eingesch\u00e4tzt worden ist \u2013beispielsweise Schadstoffemissionen nahe der Nachweisgrenze, extreme CO2 Ziele, Real Drive Emissions- k\u00f6nnen und m\u00fcssen mit Hilfe neuer Konzepte und Entwicklungsmethoden erreicht werden. Mit 44 Beitr\u00e4gen internationaler Vortragender dieser bereits zum 15. Mal durchgef\u00fchrten Tagung werden in dem Tagungsband die aktuell erreichten Fortschritte und L\u00f6sungsans\u00e4tze behandelt, wobei den Gro\u00dfmotoren eine eigene Parallelsektion gewidmet ist.\" \/>\n<meta property=\"og:url\" content=\"https:\/\/www.tugraz-verlag.at\/en\/gesamtverzeichnis\/maschinenbau-und-wirtschaftswissenschaften\/15-tagung-der-arbeitsprozess-des-verbrennungsmotors\/\" \/>\n<meta property=\"og:site_name\" content=\"Verlag der TU Graz\" \/>\n<meta property=\"article:modified_time\" content=\"2026-03-28T09:33:05+00:00\" \/>\n<meta property=\"og:image\" content=\"https:\/\/www.tugraz-verlag.at\/wp-content\/uploads\/asolmerce\/image-978-3-85125-425-9.jpg\" \/>\n\t<meta property=\"og:image:width\" content=\"436\" \/>\n\t<meta property=\"og:image:height\" content=\"616\" \/>\n\t<meta property=\"og:image:type\" content=\"image\/jpeg\" \/>\n<meta name=\"twitter:card\" content=\"summary_large_image\" \/>\n<script type=\"application\/ld+json\" class=\"yoast-schema-graph\">{\"@context\":\"https:\/\/schema.org\",\"@graph\":[{\"@type\":\"WebPage\",\"@id\":\"https:\/\/www.tugraz-verlag.at\/en\/gesamtverzeichnis\/maschinenbau-und-wirtschaftswissenschaften\/15-tagung-der-arbeitsprozess-des-verbrennungsmotors\/\",\"url\":\"https:\/\/www.tugraz-verlag.at\/en\/gesamtverzeichnis\/maschinenbau-und-wirtschaftswissenschaften\/15-tagung-der-arbeitsprozess-des-verbrennungsmotors\/\",\"name\":\"15. Tagung Der Arbeitsprozess des Verbrennungsmotors - Verlag der TU Graz\",\"isPartOf\":{\"@id\":\"https:\/\/www.tugraz-verlag.at\/en\/#website\"},\"primaryImageOfPage\":{\"@id\":\"https:\/\/www.tugraz-verlag.at\/en\/gesamtverzeichnis\/maschinenbau-und-wirtschaftswissenschaften\/15-tagung-der-arbeitsprozess-des-verbrennungsmotors\/#primaryimage\"},\"image\":{\"@id\":\"https:\/\/www.tugraz-verlag.at\/gesamtverzeichnis\/maschinenbau-und-wirtschaftswissenschaften\/15-tagung-der-arbeitsprozess-des-verbrennungsmotors\/#primaryimage\"},\"thumbnailUrl\":\"https:\/\/www.tugraz-verlag.at\/wp-content\/uploads\/asolmerce\/image-978-3-85125-425-9.jpg\",\"datePublished\":\"2026-03-28T07:32:05+00:00\",\"dateModified\":\"2026-03-28T09:33:05+00:00\",\"breadcrumb\":{\"@id\":\"https:\/\/www.tugraz-verlag.at\/en\/gesamtverzeichnis\/maschinenbau-und-wirtschaftswissenschaften\/15-tagung-der-arbeitsprozess-des-verbrennungsmotors\/#breadcrumb\"},\"inLanguage\":\"en-US\",\"potentialAction\":[{\"@type\":\"ReadAction\",\"target\":[[\"https:\/\/www.tugraz-verlag.at\/en\/gesamtverzeichnis\/maschinenbau-und-wirtschaftswissenschaften\/15-tagung-der-arbeitsprozess-des-verbrennungsmotors\/\"]]}]},{\"@type\":\"ImageObject\",\"inLanguage\":\"en-US\",\"@id\":\"https:\/\/www.tugraz-verlag.at\/en\/gesamtverzeichnis\/maschinenbau-und-wirtschaftswissenschaften\/15-tagung-der-arbeitsprozess-des-verbrennungsmotors\/#primaryimage\",\"url\":\"https:\/\/www.tugraz-verlag.at\/wp-content\/uploads\/asolmerce\/image-978-3-85125-425-9.jpg\",\"contentUrl\":\"https:\/\/www.tugraz-verlag.at\/wp-content\/uploads\/asolmerce\/image-978-3-85125-425-9.jpg\",\"width\":436,\"height\":616},{\"@type\":\"BreadcrumbList\",\"@id\":\"https:\/\/www.tugraz-verlag.at\/en\/gesamtverzeichnis\/maschinenbau-und-wirtschaftswissenschaften\/15-tagung-der-arbeitsprozess-des-verbrennungsmotors\/#breadcrumb\",\"itemListElement\":[{\"@type\":\"ListItem\",\"position\":1,\"name\":\"Home\",\"item\":\"https:\/\/www.tugraz-verlag.at\/en\/\"},{\"@type\":\"ListItem\",\"position\":2,\"name\":\"Gesamtverzeichnis\",\"item\":\"https:\/\/www.tugraz-verlag.at\/en\/gesamtverzeichnis\/\"},{\"@type\":\"ListItem\",\"position\":3,\"name\":\"15. Tagung Der Arbeitsprozess des Verbrennungsmotors\"}]},{\"@type\":\"WebSite\",\"@id\":\"https:\/\/www.tugraz-verlag.at\/en\/#website\",\"url\":\"https:\/\/www.tugraz-verlag.at\/en\/\",\"name\":\"Verlag der TU Graz\",\"description\":\"Verlag der Technischen Universit\u00e4t Graz\",\"potentialAction\":[{\"@type\":\"SearchAction\",\"target\":{\"@type\":\"EntryPoint\",\"urlTemplate\":\"https:\/\/www.tugraz-verlag.at\/en\/?s={search_term_string}\"},\"query-input\":{\"@type\":\"PropertyValueSpecification\",\"valueRequired\":true,\"valueName\":\"search_term_string\"}}],\"inLanguage\":\"en-US\"}]}<\/script>\n<!-- \/ Yoast SEO plugin. -->","yoast_head_json":{"title":"15. Tagung Der Arbeitsprozess des Verbrennungsmotors - Verlag der TU Graz","robots":{"index":"index","follow":"follow","max-snippet":"max-snippet:-1","max-image-preview":"max-image-preview:large","max-video-preview":"max-video-preview:-1"},"canonical":"https:\/\/www.tugraz-verlag.at\/en\/gesamtverzeichnis\/maschinenbau-und-wirtschaftswissenschaften\/15-tagung-der-arbeitsprozess-des-verbrennungsmotors\/","og_locale":"en_US","og_type":"article","og_title":"15. Tagung Der Arbeitsprozess des Verbrennungsmotors - Verlag der TU Graz","og_description":"\u00dcbergeordnete Zielthemen der auf den thermodynamischen Arbeitsprozess fokussierten Fachtagung sind Effizienz, Umweltvertr\u00e4glichkeit und Leistungsdichte. G\u00e4nzlich neue oder massiv versch\u00e4rfte Rahmenbedingungen, deren Erf\u00fcllung noch vor kurzem als kaum m\u00f6glich eingesch\u00e4tzt worden ist \u2013beispielsweise Schadstoffemissionen nahe der Nachweisgrenze, extreme CO2 Ziele, Real Drive Emissions- k\u00f6nnen und m\u00fcssen mit Hilfe neuer Konzepte und Entwicklungsmethoden erreicht werden. Mit 44 Beitr\u00e4gen internationaler Vortragender dieser bereits zum 15. Mal durchgef\u00fchrten Tagung werden in dem Tagungsband die aktuell erreichten Fortschritte und L\u00f6sungsans\u00e4tze behandelt, wobei den Gro\u00dfmotoren eine eigene Parallelsektion gewidmet ist.","og_url":"https:\/\/www.tugraz-verlag.at\/en\/gesamtverzeichnis\/maschinenbau-und-wirtschaftswissenschaften\/15-tagung-der-arbeitsprozess-des-verbrennungsmotors\/","og_site_name":"Verlag der TU Graz","article_modified_time":"2026-03-28T09:33:05+00:00","og_image":[{"width":436,"height":616,"url":"https:\/\/www.tugraz-verlag.at\/wp-content\/uploads\/asolmerce\/image-978-3-85125-425-9.jpg","type":"image\/jpeg"}],"twitter_card":"summary_large_image","schema":{"@context":"https:\/\/schema.org","@graph":[{"@type":"WebPage","@id":"https:\/\/www.tugraz-verlag.at\/en\/gesamtverzeichnis\/maschinenbau-und-wirtschaftswissenschaften\/15-tagung-der-arbeitsprozess-des-verbrennungsmotors\/","url":"https:\/\/www.tugraz-verlag.at\/en\/gesamtverzeichnis\/maschinenbau-und-wirtschaftswissenschaften\/15-tagung-der-arbeitsprozess-des-verbrennungsmotors\/","name":"15. Tagung Der Arbeitsprozess des Verbrennungsmotors - Verlag der TU Graz","isPartOf":{"@id":"https:\/\/www.tugraz-verlag.at\/en\/#website"},"primaryImageOfPage":{"@id":"https:\/\/www.tugraz-verlag.at\/en\/gesamtverzeichnis\/maschinenbau-und-wirtschaftswissenschaften\/15-tagung-der-arbeitsprozess-des-verbrennungsmotors\/#primaryimage"},"image":{"@id":"https:\/\/www.tugraz-verlag.at\/gesamtverzeichnis\/maschinenbau-und-wirtschaftswissenschaften\/15-tagung-der-arbeitsprozess-des-verbrennungsmotors\/#primaryimage"},"thumbnailUrl":"https:\/\/www.tugraz-verlag.at\/wp-content\/uploads\/asolmerce\/image-978-3-85125-425-9.jpg","datePublished":"2026-03-28T07:32:05+00:00","dateModified":"2026-03-28T09:33:05+00:00","breadcrumb":{"@id":"https:\/\/www.tugraz-verlag.at\/en\/gesamtverzeichnis\/maschinenbau-und-wirtschaftswissenschaften\/15-tagung-der-arbeitsprozess-des-verbrennungsmotors\/#breadcrumb"},"inLanguage":"en-US","potentialAction":[{"@type":"ReadAction","target":[["https:\/\/www.tugraz-verlag.at\/en\/gesamtverzeichnis\/maschinenbau-und-wirtschaftswissenschaften\/15-tagung-der-arbeitsprozess-des-verbrennungsmotors\/"]]}]},{"@type":"ImageObject","inLanguage":"en-US","@id":"https:\/\/www.tugraz-verlag.at\/en\/gesamtverzeichnis\/maschinenbau-und-wirtschaftswissenschaften\/15-tagung-der-arbeitsprozess-des-verbrennungsmotors\/#primaryimage","url":"https:\/\/www.tugraz-verlag.at\/wp-content\/uploads\/asolmerce\/image-978-3-85125-425-9.jpg","contentUrl":"https:\/\/www.tugraz-verlag.at\/wp-content\/uploads\/asolmerce\/image-978-3-85125-425-9.jpg","width":436,"height":616},{"@type":"BreadcrumbList","@id":"https:\/\/www.tugraz-verlag.at\/en\/gesamtverzeichnis\/maschinenbau-und-wirtschaftswissenschaften\/15-tagung-der-arbeitsprozess-des-verbrennungsmotors\/#breadcrumb","itemListElement":[{"@type":"ListItem","position":1,"name":"Home","item":"https:\/\/www.tugraz-verlag.at\/en\/"},{"@type":"ListItem","position":2,"name":"Gesamtverzeichnis","item":"https:\/\/www.tugraz-verlag.at\/en\/gesamtverzeichnis\/"},{"@type":"ListItem","position":3,"name":"15. Tagung Der Arbeitsprozess des Verbrennungsmotors"}]},{"@type":"WebSite","@id":"https:\/\/www.tugraz-verlag.at\/en\/#website","url":"https:\/\/www.tugraz-verlag.at\/en\/","name":"Verlag der TU Graz","description":"Verlag der Technischen Universit\u00e4t Graz","potentialAction":[{"@type":"SearchAction","target":{"@type":"EntryPoint","urlTemplate":"https:\/\/www.tugraz-verlag.at\/en\/?s={search_term_string}"},"query-input":{"@type":"PropertyValueSpecification","valueRequired":true,"valueName":"search_term_string"}}],"inLanguage":"en-US"}]}},"_links":{"self":[{"href":"https:\/\/www.tugraz-verlag.at\/en\/wp-json\/wp\/v2\/product\/30594","targetHints":{"allow":["GET"]}}],"collection":[{"href":"https:\/\/www.tugraz-verlag.at\/en\/wp-json\/wp\/v2\/product"}],"about":[{"href":"https:\/\/www.tugraz-verlag.at\/en\/wp-json\/wp\/v2\/types\/product"}],"replies":[{"embeddable":true,"href":"https:\/\/www.tugraz-verlag.at\/en\/wp-json\/wp\/v2\/comments?post=30594"}],"wp:featuredmedia":[{"embeddable":true,"href":"https:\/\/www.tugraz-verlag.at\/en\/wp-json\/wp\/v2\/media\/40003"}],"wp:attachment":[{"href":"https:\/\/www.tugraz-verlag.at\/en\/wp-json\/wp\/v2\/media?parent=30594"}],"wp:term":[{"taxonomy":"product_brand","embeddable":true,"href":"https:\/\/www.tugraz-verlag.at\/en\/wp-json\/wp\/v2\/product_brand?post=30594"},{"taxonomy":"product_cat","embeddable":true,"href":"https:\/\/www.tugraz-verlag.at\/en\/wp-json\/wp\/v2\/product_cat?post=30594"},{"taxonomy":"product_tag","embeddable":true,"href":"https:\/\/www.tugraz-verlag.at\/en\/wp-json\/wp\/v2\/product_tag?post=30594"}],"curies":[{"name":"wp","href":"https:\/\/api.w.org\/{rel}","templated":true}]}}