{"id":30541,"date":"2026-03-28T07:32:00","date_gmt":"2026-03-28T07:32:00","guid":{"rendered":"http:\/\/www.tugraz-verlag.at\/gesamtverzeichnis\/unkategorisiert\/mechanische-kenngroessen-von-buchen-eschen-und-robinienholz-fuer-lastabtragende-bauteile-2\/"},"modified":"2026-03-28T11:33:00","modified_gmt":"2026-03-28T09:33:00","slug":"mechanische-kenngroessen-von-buchen-eschen-und-robinienholz-fuer-lastabtragende-bauteile-ebook","status":"publish","type":"product","link":"https:\/\/www.tugraz-verlag.at\/en\/gesamtverzeichnis\/bauingenieurwissenschaften\/mechanische-kenngroessen-von-buchen-eschen-und-robinienholz-fuer-lastabtragende-bauteile-ebook\/","title":{"rendered":"Mechanische Kenngr\u00f6\u00dfen von Buchen-, Eschen- und Robinienholz f\u00fcr lastabtragende Bauteile"},"content":{"rendered":"<p class=\"qtranxs-available-languages-message qtranxs-available-languages-message-en\">This entry is only available in German<\/p><p>Derzeit werden in \u00d6sterreich vom zunehmenden Laubholzvorrat nur zwei Drittel genutzt von denen 70 % energetisch verwertet werden. \u00c4hnliches gilt f\u00fcr die Schweiz, Frankreich und Deutschland. F\u00fcr die wirtschaftliche Nutzung dieses nachwachsenden einheimischen Rohstoffs f\u00fcr tragende Bauteile im Bauwesen sollten die hervorragenden mechanischen Eigenschaften im Bauteilma\u00dfstab durch effiziente und sichere Bemessungsmodelle genutzt werden. Das Ziel dieser Arbeit ist die Optimierung von Verbindungen mit Stabd\u00fcbeln und Holzbauschrauben sowie von Bauteilen mit Querzug- bzw. Querdruckbelastung. Die Querdruck- und -zugeigenschaften von Brettschichtholz aus Buche und Esche wurde gepr\u00fcft. Weiterhin wurden Querdruckpr\u00fcfungen an Schwellen mit ein- bzw. beidseitigem Vorholz durchgef\u00fchrt und der Querdruckbeiwert errechnet. Der Schubmodul und die Scherfestigkeit von Eschen-BSH wurden ermittelt. F\u00fcr das neue Bemessungsmodell des charakteristischen Ausziehwiderstands von Holzbauschrauben wurde die axiale Ausziehtragf\u00e4higkeit von 2 622 Holzbauschrauben mit 4 bis 20 mm Durchmesser in Eschen-, Buchen bzw. Robinieholz sowie der Einfluss der Schraubenspitze, der Einschraubl\u00e4nge und der Holzfeuchte untersucht. F\u00fcr die charakteristische Lochleibungsfestigkeit wurde ein neues Bemessungsmodell auf Basis 1 378 eigener und 155 Pr\u00fcfergebnissen anderer Autoren entwickelt und anhand von Stabd\u00fcbelverbindungen mit Eschenholz verifiziert. Daf\u00fcr wurde die Lochleibungsfestigkeit f\u00fcr die Durchmesser 6, 8, 12 und 20 mm sowie der Einfluss der Holzfeuchte gepr\u00fcft. Die ermittelten Materialkennwerte und Bemessungsmodelle m\u00f6gen zu wirtschaftlichen, \u00f6kologischen und \u00e4sthetischen Laubholzkonstruktionen beitragen.<\/p>","protected":false},"excerpt":{"rendered":"<p class=\"qtranxs-available-languages-message qtranxs-available-languages-message-en\">This entry is only available in German<\/p>\n<p>Derzeit werden in \u00d6sterreich vom zunehmenden Laubholzvorrat nur zwei Drittel genutzt von denen 70 % energetisch verwertet werden. \u00c4hnliches gilt f\u00fcr die Schweiz, Frankreich und Deutschland. F\u00fcr die wirtschaftliche Nutzung dieses nachwachsenden einheimischen Rohstoffs f\u00fcr tragende Bauteile im Bauwesen sollten die hervorragenden mechanischen Eigenschaften im Bauteilma\u00dfstab durch effiziente und sichere Bemessungsmodelle genutzt werden. Das Ziel dieser Arbeit ist die Optimierung von Verbindungen mit Stabd\u00fcbeln und Holzbauschrauben sowie von Bauteilen mit Querzug- bzw. Querdruckbelastung. Die Querdruck- und -zugeigenschaften von Brettschichtholz aus Buche und Esche wurde gepr\u00fcft. Weiterhin wurden Querdruckpr\u00fcfungen an Schwellen mit ein- bzw. beidseitigem Vorholz durchgef\u00fchrt und der Querdruckbeiwert errechnet. Der Schubmodul und die Scherfestigkeit von Eschen-BSH wurden ermittelt. F\u00fcr das neue Bemessungsmodell des charakteristischen Ausziehwiderstands von Holzbauschrauben wurde die axiale Ausziehtragf\u00e4higkeit von 2 622 Holzbauschrauben mit 4 bis 20 mm Durchmesser in Eschen-, Buchen bzw. Robinieholz sowie der Einfluss der Schraubenspitze, der Einschraubl\u00e4nge und der Holzfeuchte untersucht. F\u00fcr die charakteristische Lochleibungsfestigkeit wurde ein neues Bemessungsmodell auf Basis 1 378 eigener und 155 Pr\u00fcfergebnissen anderer Autoren entwickelt und anhand von Stabd\u00fcbelverbindungen mit Eschenholz verifiziert. Daf\u00fcr wurde die Lochleibungsfestigkeit f\u00fcr die Durchmesser 6, 8, 12 und 20 mm sowie der Einfluss der Holzfeuchte gepr\u00fcft. Die ermittelten Materialkennwerte und Bemessungsmodelle m\u00f6gen zu wirtschaftlichen, \u00f6kologischen und \u00e4sthetischen Laubholzkonstruktionen beitragen.<\/p>\n","protected":false},"featured_media":39980,"comment_status":"open","ping_status":"closed","template":"","meta":{"_acf_changed":false},"product_brand":[],"product_cat":[1627],"product_tag":[2954],"class_list":{"0":"post-30541","1":"product","2":"type-product","3":"status-publish","4":"has-post-thumbnail","6":"product_cat-bauingenieurwissenschaften","7":"product_tag-holzbau-buchenholz-eschenholz-brettschichtholz-holzschraube-stabduebel-druckfestigkeit-querkraft-querzugfestigkeit","8":"autor-huebner-ulrich","9":"reihe-monographic-series-tu-graz","10":"reihe-monographic-series-tu-graztimber-engineering-technology","12":"first","13":"instock","14":"downloadable","15":"virtual","16":"taxable","17":"product-type-simple"},"acf":[],"yoast_head":"<!-- This site is optimized with the Yoast SEO plugin v27.2 - https:\/\/yoast.com\/product\/yoast-seo-wordpress\/ -->\n<title>Mechanische Kenngr\u00f6\u00dfen von Buchen-, Eschen- und Robinienholz f\u00fcr lastabtragende Bauteile - Verlag der TU Graz<\/title>\n<meta name=\"robots\" content=\"index, follow, max-snippet:-1, max-image-preview:large, max-video-preview:-1\" \/>\n<link rel=\"canonical\" href=\"https:\/\/www.tugraz-verlag.at\/en\/gesamtverzeichnis\/bauingenieurwissenschaften\/mechanische-kenngroessen-von-buchen-eschen-und-robinienholz-fuer-lastabtragende-bauteile-ebook\/\" \/>\n<meta property=\"og:locale\" content=\"en_US\" \/>\n<meta property=\"og:type\" content=\"article\" \/>\n<meta property=\"og:title\" content=\"Mechanische Kenngr\u00f6\u00dfen von Buchen-, Eschen- und Robinienholz f\u00fcr lastabtragende Bauteile - Verlag der TU Graz\" \/>\n<meta property=\"og:description\" content=\"Derzeit werden in \u00d6sterreich vom zunehmenden Laubholzvorrat nur zwei Drittel genutzt von denen 70 % energetisch verwertet werden. \u00c4hnliches gilt f\u00fcr die Schweiz, Frankreich und Deutschland. F\u00fcr die wirtschaftliche Nutzung dieses nachwachsenden einheimischen Rohstoffs f\u00fcr tragende Bauteile im Bauwesen sollten die hervorragenden mechanischen Eigenschaften im Bauteilma\u00dfstab durch effiziente und sichere Bemessungsmodelle genutzt werden. Das Ziel dieser Arbeit ist die Optimierung von Verbindungen mit Stabd\u00fcbeln und Holzbauschrauben sowie von Bauteilen mit Querzug- bzw. Querdruckbelastung. Die Querdruck- und -zugeigenschaften von Brettschichtholz aus Buche und Esche wurde gepr\u00fcft. Weiterhin wurden Querdruckpr\u00fcfungen an Schwellen mit ein- bzw. beidseitigem Vorholz durchgef\u00fchrt und der Querdruckbeiwert errechnet. Der Schubmodul und die Scherfestigkeit von Eschen-BSH wurden ermittelt. F\u00fcr das neue Bemessungsmodell des charakteristischen Ausziehwiderstands von Holzbauschrauben wurde die axiale Ausziehtragf\u00e4higkeit von 2 622 Holzbauschrauben mit 4 bis 20 mm Durchmesser in Eschen-, Buchen bzw. Robinieholz sowie der Einfluss der Schraubenspitze, der Einschraubl\u00e4nge und der Holzfeuchte untersucht. F\u00fcr die charakteristische Lochleibungsfestigkeit wurde ein neues Bemessungsmodell auf Basis 1 378 eigener und 155 Pr\u00fcfergebnissen anderer Autoren entwickelt und anhand von Stabd\u00fcbelverbindungen mit Eschenholz verifiziert. Daf\u00fcr wurde die Lochleibungsfestigkeit f\u00fcr die Durchmesser 6, 8, 12 und 20 mm sowie der Einfluss der Holzfeuchte gepr\u00fcft. Die ermittelten Materialkennwerte und Bemessungsmodelle m\u00f6gen zu wirtschaftlichen, \u00f6kologischen und \u00e4sthetischen Laubholzkonstruktionen beitragen.\" \/>\n<meta property=\"og:url\" content=\"https:\/\/www.tugraz-verlag.at\/en\/gesamtverzeichnis\/bauingenieurwissenschaften\/mechanische-kenngroessen-von-buchen-eschen-und-robinienholz-fuer-lastabtragende-bauteile-ebook\/\" \/>\n<meta property=\"og:site_name\" content=\"Verlag der TU Graz\" \/>\n<meta property=\"article:modified_time\" content=\"2026-03-28T09:33:00+00:00\" \/>\n<meta property=\"og:image\" content=\"https:\/\/www.tugraz-verlag.at\/wp-content\/uploads\/asolmerce\/image-605.jpg\" \/>\n\t<meta property=\"og:image:width\" content=\"474\" \/>\n\t<meta property=\"og:image:height\" content=\"692\" \/>\n\t<meta property=\"og:image:type\" content=\"image\/jpeg\" \/>\n<meta name=\"twitter:card\" content=\"summary_large_image\" \/>\n<meta name=\"twitter:label1\" content=\"Est. reading time\" \/>\n\t<meta name=\"twitter:data1\" content=\"1 minute\" \/>\n<script type=\"application\/ld+json\" class=\"yoast-schema-graph\">{\"@context\":\"https:\/\/schema.org\",\"@graph\":[{\"@type\":\"WebPage\",\"@id\":\"https:\/\/www.tugraz-verlag.at\/en\/gesamtverzeichnis\/bauingenieurwissenschaften\/mechanische-kenngroessen-von-buchen-eschen-und-robinienholz-fuer-lastabtragende-bauteile-ebook\/\",\"url\":\"https:\/\/www.tugraz-verlag.at\/en\/gesamtverzeichnis\/bauingenieurwissenschaften\/mechanische-kenngroessen-von-buchen-eschen-und-robinienholz-fuer-lastabtragende-bauteile-ebook\/\",\"name\":\"Mechanische Kenngr\u00f6\u00dfen von Buchen-, Eschen- und Robinienholz f\u00fcr lastabtragende Bauteile - Verlag der TU Graz\",\"isPartOf\":{\"@id\":\"https:\/\/www.tugraz-verlag.at\/en\/#website\"},\"primaryImageOfPage\":{\"@id\":\"https:\/\/www.tugraz-verlag.at\/en\/gesamtverzeichnis\/bauingenieurwissenschaften\/mechanische-kenngroessen-von-buchen-eschen-und-robinienholz-fuer-lastabtragende-bauteile-ebook\/#primaryimage\"},\"image\":{\"@id\":\"https:\/\/www.tugraz-verlag.at\/gesamtverzeichnis\/bauingenieurwissenschaften\/mechanische-kenngroessen-von-buchen-eschen-und-robinienholz-fuer-lastabtragende-bauteile-ebook\/#primaryimage\"},\"thumbnailUrl\":\"https:\/\/www.tugraz-verlag.at\/wp-content\/uploads\/asolmerce\/image-605.jpg\",\"datePublished\":\"2026-03-28T07:32:00+00:00\",\"dateModified\":\"2026-03-28T09:33:00+00:00\",\"breadcrumb\":{\"@id\":\"https:\/\/www.tugraz-verlag.at\/en\/gesamtverzeichnis\/bauingenieurwissenschaften\/mechanische-kenngroessen-von-buchen-eschen-und-robinienholz-fuer-lastabtragende-bauteile-ebook\/#breadcrumb\"},\"inLanguage\":\"en-US\",\"potentialAction\":[{\"@type\":\"ReadAction\",\"target\":[[\"https:\/\/www.tugraz-verlag.at\/en\/gesamtverzeichnis\/bauingenieurwissenschaften\/mechanische-kenngroessen-von-buchen-eschen-und-robinienholz-fuer-lastabtragende-bauteile-ebook\/\"]]}]},{\"@type\":\"ImageObject\",\"inLanguage\":\"en-US\",\"@id\":\"https:\/\/www.tugraz-verlag.at\/en\/gesamtverzeichnis\/bauingenieurwissenschaften\/mechanische-kenngroessen-von-buchen-eschen-und-robinienholz-fuer-lastabtragende-bauteile-ebook\/#primaryimage\",\"url\":\"https:\/\/www.tugraz-verlag.at\/wp-content\/uploads\/asolmerce\/image-605.jpg\",\"contentUrl\":\"https:\/\/www.tugraz-verlag.at\/wp-content\/uploads\/asolmerce\/image-605.jpg\",\"width\":474,\"height\":692},{\"@type\":\"BreadcrumbList\",\"@id\":\"https:\/\/www.tugraz-verlag.at\/en\/gesamtverzeichnis\/bauingenieurwissenschaften\/mechanische-kenngroessen-von-buchen-eschen-und-robinienholz-fuer-lastabtragende-bauteile-ebook\/#breadcrumb\",\"itemListElement\":[{\"@type\":\"ListItem\",\"position\":1,\"name\":\"Home\",\"item\":\"https:\/\/www.tugraz-verlag.at\/en\/\"},{\"@type\":\"ListItem\",\"position\":2,\"name\":\"Gesamtverzeichnis\",\"item\":\"https:\/\/www.tugraz-verlag.at\/en\/gesamtverzeichnis\/\"},{\"@type\":\"ListItem\",\"position\":3,\"name\":\"Mechanische Kenngr\u00f6\u00dfen von Buchen-, Eschen- und Robinienholz f\u00fcr lastabtragende Bauteile\"}]},{\"@type\":\"WebSite\",\"@id\":\"https:\/\/www.tugraz-verlag.at\/en\/#website\",\"url\":\"https:\/\/www.tugraz-verlag.at\/en\/\",\"name\":\"Verlag der TU Graz\",\"description\":\"Verlag der Technischen Universit\u00e4t Graz\",\"potentialAction\":[{\"@type\":\"SearchAction\",\"target\":{\"@type\":\"EntryPoint\",\"urlTemplate\":\"https:\/\/www.tugraz-verlag.at\/en\/?s={search_term_string}\"},\"query-input\":{\"@type\":\"PropertyValueSpecification\",\"valueRequired\":true,\"valueName\":\"search_term_string\"}}],\"inLanguage\":\"en-US\"}]}<\/script>\n<!-- \/ Yoast SEO plugin. -->","yoast_head_json":{"title":"Mechanische Kenngr\u00f6\u00dfen von Buchen-, Eschen- und Robinienholz f\u00fcr lastabtragende Bauteile - Verlag der TU Graz","robots":{"index":"index","follow":"follow","max-snippet":"max-snippet:-1","max-image-preview":"max-image-preview:large","max-video-preview":"max-video-preview:-1"},"canonical":"https:\/\/www.tugraz-verlag.at\/en\/gesamtverzeichnis\/bauingenieurwissenschaften\/mechanische-kenngroessen-von-buchen-eschen-und-robinienholz-fuer-lastabtragende-bauteile-ebook\/","og_locale":"en_US","og_type":"article","og_title":"Mechanische Kenngr\u00f6\u00dfen von Buchen-, Eschen- und Robinienholz f\u00fcr lastabtragende Bauteile - Verlag der TU Graz","og_description":"Derzeit werden in \u00d6sterreich vom zunehmenden Laubholzvorrat nur zwei Drittel genutzt von denen 70 % energetisch verwertet werden. \u00c4hnliches gilt f\u00fcr die Schweiz, Frankreich und Deutschland. F\u00fcr die wirtschaftliche Nutzung dieses nachwachsenden einheimischen Rohstoffs f\u00fcr tragende Bauteile im Bauwesen sollten die hervorragenden mechanischen Eigenschaften im Bauteilma\u00dfstab durch effiziente und sichere Bemessungsmodelle genutzt werden. Das Ziel dieser Arbeit ist die Optimierung von Verbindungen mit Stabd\u00fcbeln und Holzbauschrauben sowie von Bauteilen mit Querzug- bzw. Querdruckbelastung. Die Querdruck- und -zugeigenschaften von Brettschichtholz aus Buche und Esche wurde gepr\u00fcft. Weiterhin wurden Querdruckpr\u00fcfungen an Schwellen mit ein- bzw. beidseitigem Vorholz durchgef\u00fchrt und der Querdruckbeiwert errechnet. Der Schubmodul und die Scherfestigkeit von Eschen-BSH wurden ermittelt. F\u00fcr das neue Bemessungsmodell des charakteristischen Ausziehwiderstands von Holzbauschrauben wurde die axiale Ausziehtragf\u00e4higkeit von 2 622 Holzbauschrauben mit 4 bis 20 mm Durchmesser in Eschen-, Buchen bzw. Robinieholz sowie der Einfluss der Schraubenspitze, der Einschraubl\u00e4nge und der Holzfeuchte untersucht. F\u00fcr die charakteristische Lochleibungsfestigkeit wurde ein neues Bemessungsmodell auf Basis 1 378 eigener und 155 Pr\u00fcfergebnissen anderer Autoren entwickelt und anhand von Stabd\u00fcbelverbindungen mit Eschenholz verifiziert. Daf\u00fcr wurde die Lochleibungsfestigkeit f\u00fcr die Durchmesser 6, 8, 12 und 20 mm sowie der Einfluss der Holzfeuchte gepr\u00fcft. Die ermittelten Materialkennwerte und Bemessungsmodelle m\u00f6gen zu wirtschaftlichen, \u00f6kologischen und \u00e4sthetischen Laubholzkonstruktionen beitragen.","og_url":"https:\/\/www.tugraz-verlag.at\/en\/gesamtverzeichnis\/bauingenieurwissenschaften\/mechanische-kenngroessen-von-buchen-eschen-und-robinienholz-fuer-lastabtragende-bauteile-ebook\/","og_site_name":"Verlag der TU Graz","article_modified_time":"2026-03-28T09:33:00+00:00","og_image":[{"width":474,"height":692,"url":"https:\/\/www.tugraz-verlag.at\/wp-content\/uploads\/asolmerce\/image-605.jpg","type":"image\/jpeg"}],"twitter_card":"summary_large_image","twitter_misc":{"Est. reading time":"1 minute"},"schema":{"@context":"https:\/\/schema.org","@graph":[{"@type":"WebPage","@id":"https:\/\/www.tugraz-verlag.at\/en\/gesamtverzeichnis\/bauingenieurwissenschaften\/mechanische-kenngroessen-von-buchen-eschen-und-robinienholz-fuer-lastabtragende-bauteile-ebook\/","url":"https:\/\/www.tugraz-verlag.at\/en\/gesamtverzeichnis\/bauingenieurwissenschaften\/mechanische-kenngroessen-von-buchen-eschen-und-robinienholz-fuer-lastabtragende-bauteile-ebook\/","name":"Mechanische Kenngr\u00f6\u00dfen von Buchen-, Eschen- und Robinienholz f\u00fcr lastabtragende Bauteile - Verlag der TU Graz","isPartOf":{"@id":"https:\/\/www.tugraz-verlag.at\/en\/#website"},"primaryImageOfPage":{"@id":"https:\/\/www.tugraz-verlag.at\/en\/gesamtverzeichnis\/bauingenieurwissenschaften\/mechanische-kenngroessen-von-buchen-eschen-und-robinienholz-fuer-lastabtragende-bauteile-ebook\/#primaryimage"},"image":{"@id":"https:\/\/www.tugraz-verlag.at\/gesamtverzeichnis\/bauingenieurwissenschaften\/mechanische-kenngroessen-von-buchen-eschen-und-robinienholz-fuer-lastabtragende-bauteile-ebook\/#primaryimage"},"thumbnailUrl":"https:\/\/www.tugraz-verlag.at\/wp-content\/uploads\/asolmerce\/image-605.jpg","datePublished":"2026-03-28T07:32:00+00:00","dateModified":"2026-03-28T09:33:00+00:00","breadcrumb":{"@id":"https:\/\/www.tugraz-verlag.at\/en\/gesamtverzeichnis\/bauingenieurwissenschaften\/mechanische-kenngroessen-von-buchen-eschen-und-robinienholz-fuer-lastabtragende-bauteile-ebook\/#breadcrumb"},"inLanguage":"en-US","potentialAction":[{"@type":"ReadAction","target":[["https:\/\/www.tugraz-verlag.at\/en\/gesamtverzeichnis\/bauingenieurwissenschaften\/mechanische-kenngroessen-von-buchen-eschen-und-robinienholz-fuer-lastabtragende-bauteile-ebook\/"]]}]},{"@type":"ImageObject","inLanguage":"en-US","@id":"https:\/\/www.tugraz-verlag.at\/en\/gesamtverzeichnis\/bauingenieurwissenschaften\/mechanische-kenngroessen-von-buchen-eschen-und-robinienholz-fuer-lastabtragende-bauteile-ebook\/#primaryimage","url":"https:\/\/www.tugraz-verlag.at\/wp-content\/uploads\/asolmerce\/image-605.jpg","contentUrl":"https:\/\/www.tugraz-verlag.at\/wp-content\/uploads\/asolmerce\/image-605.jpg","width":474,"height":692},{"@type":"BreadcrumbList","@id":"https:\/\/www.tugraz-verlag.at\/en\/gesamtverzeichnis\/bauingenieurwissenschaften\/mechanische-kenngroessen-von-buchen-eschen-und-robinienholz-fuer-lastabtragende-bauteile-ebook\/#breadcrumb","itemListElement":[{"@type":"ListItem","position":1,"name":"Home","item":"https:\/\/www.tugraz-verlag.at\/en\/"},{"@type":"ListItem","position":2,"name":"Gesamtverzeichnis","item":"https:\/\/www.tugraz-verlag.at\/en\/gesamtverzeichnis\/"},{"@type":"ListItem","position":3,"name":"Mechanische Kenngr\u00f6\u00dfen von Buchen-, Eschen- und Robinienholz f\u00fcr lastabtragende Bauteile"}]},{"@type":"WebSite","@id":"https:\/\/www.tugraz-verlag.at\/en\/#website","url":"https:\/\/www.tugraz-verlag.at\/en\/","name":"Verlag der TU Graz","description":"Verlag der Technischen Universit\u00e4t Graz","potentialAction":[{"@type":"SearchAction","target":{"@type":"EntryPoint","urlTemplate":"https:\/\/www.tugraz-verlag.at\/en\/?s={search_term_string}"},"query-input":{"@type":"PropertyValueSpecification","valueRequired":true,"valueName":"search_term_string"}}],"inLanguage":"en-US"}]}},"_links":{"self":[{"href":"https:\/\/www.tugraz-verlag.at\/en\/wp-json\/wp\/v2\/product\/30541","targetHints":{"allow":["GET"]}}],"collection":[{"href":"https:\/\/www.tugraz-verlag.at\/en\/wp-json\/wp\/v2\/product"}],"about":[{"href":"https:\/\/www.tugraz-verlag.at\/en\/wp-json\/wp\/v2\/types\/product"}],"replies":[{"embeddable":true,"href":"https:\/\/www.tugraz-verlag.at\/en\/wp-json\/wp\/v2\/comments?post=30541"}],"wp:featuredmedia":[{"embeddable":true,"href":"https:\/\/www.tugraz-verlag.at\/en\/wp-json\/wp\/v2\/media\/39980"}],"wp:attachment":[{"href":"https:\/\/www.tugraz-verlag.at\/en\/wp-json\/wp\/v2\/media?parent=30541"}],"wp:term":[{"taxonomy":"product_brand","embeddable":true,"href":"https:\/\/www.tugraz-verlag.at\/en\/wp-json\/wp\/v2\/product_brand?post=30541"},{"taxonomy":"product_cat","embeddable":true,"href":"https:\/\/www.tugraz-verlag.at\/en\/wp-json\/wp\/v2\/product_cat?post=30541"},{"taxonomy":"product_tag","embeddable":true,"href":"https:\/\/www.tugraz-verlag.at\/en\/wp-json\/wp\/v2\/product_tag?post=30541"}],"curies":[{"name":"wp","href":"https:\/\/api.w.org\/{rel}","templated":true}]}}