{"id":30502,"date":"2026-03-28T07:31:55","date_gmt":"2026-03-28T07:31:55","guid":{"rendered":"http:\/\/www.tugraz-verlag.at\/gesamtverzeichnis\/unkategorisiert\/13-grazer-baubetriebs-und-bauwirtschaftssymposium-tagungsband-2015\/"},"modified":"2026-03-28T11:32:55","modified_gmt":"2026-03-28T09:32:55","slug":"13-grazer-baubetriebs-und-bauwirtschaftssymposium-tagungsband-2015","status":"publish","type":"product","link":"https:\/\/www.tugraz-verlag.at\/en\/gesamtverzeichnis\/bauingenieurwissenschaften\/13-grazer-baubetriebs-und-bauwirtschaftssymposium-tagungsband-2015\/","title":{"rendered":"13. Grazer Baubetriebs- und Bauwirtschaftssymposium, Tagungsband 2015"},"content":{"rendered":"<p class=\"qtranxs-available-languages-message qtranxs-available-languages-message-en\">This entry is only available in German<\/p><p>Kalkulation und Preisermittlung sind wesentlich f\u00fcr eine sachgerechte Angebotserstellung und Vergabe in der Bauwirtschaft, aber auch f\u00fcr den Projekterfolg selbst. Erfahrungsgem\u00e4\u00df bestehen zwischen Auftraggebern und Auftragnehmern unterschiedliche Ansichten \u00fcber eine sachgerechte Kalkulation.<br \/>\nIn den Tagungsbandbeitr\u00e4gen wird auf die Elemente einer sachgerechten Kalkulation eingegangen und die Preisermittlung der Bieter und sp\u00e4teren Auftragnehmer beleuchtet. Neben baubetrieblichen und bauwirtschaftlichen Aspekten werden auch rechtliche Fragen zur Preisermittlung bzw. zur Vergabe aufgegriffen.<\/p>","protected":false},"excerpt":{"rendered":"<p class=\"qtranxs-available-languages-message qtranxs-available-languages-message-en\">This entry is only available in German<\/p>\n<p>Kalkulation und Preisermittlung sind wesentlich f\u00fcr eine sachgerechte Angebotserstellung und Vergabe in der Bauwirtschaft, aber auch f\u00fcr den Projekterfolg selbst. Erfahrungsgem\u00e4\u00df bestehen zwischen Auftraggebern und Auftragnehmern unterschiedliche Ansichten \u00fcber eine sachgerechte Kalkulation.<br \/>\nIn den Tagungsbandbeitr\u00e4gen wird auf die Elemente einer sachgerechten Kalkulation eingegangen und die Preisermittlung der Bieter und sp\u00e4teren Auftragnehmer beleuchtet. Neben baubetrieblichen und bauwirtschaftlichen Aspekten werden auch rechtliche Fragen zur Preisermittlung bzw. zur Vergabe aufgegriffen.<\/p>\n","protected":false},"featured_media":39962,"comment_status":"open","ping_status":"closed","template":"","meta":{"_acf_changed":false},"product_brand":[],"product_cat":[1627],"product_tag":[3086],"class_list":{"0":"post-30502","1":"product","2":"type-product","3":"status-publish","4":"has-post-thumbnail","6":"product_cat-bauingenieurwissenschaften","7":"product_tag-preiskalkulation-baukosten-bauwirtschaft","9":"first","10":"instock","11":"taxable","12":"shipping-taxable","13":"purchasable","14":"product-type-simple"},"acf":[],"yoast_head":"<!-- This site is optimized with the Yoast SEO plugin v27.2 - https:\/\/yoast.com\/product\/yoast-seo-wordpress\/ -->\n<title>13. Grazer Baubetriebs- und Bauwirtschaftssymposium, Tagungsband 2015 - Verlag der TU Graz<\/title>\n<meta name=\"robots\" content=\"index, follow, max-snippet:-1, max-image-preview:large, max-video-preview:-1\" \/>\n<link rel=\"canonical\" href=\"https:\/\/www.tugraz-verlag.at\/en\/gesamtverzeichnis\/bauingenieurwissenschaften\/13-grazer-baubetriebs-und-bauwirtschaftssymposium-tagungsband-2015\/\" \/>\n<meta property=\"og:locale\" content=\"en_US\" \/>\n<meta property=\"og:type\" content=\"article\" \/>\n<meta property=\"og:title\" content=\"13. Grazer Baubetriebs- und Bauwirtschaftssymposium, Tagungsband 2015 - Verlag der TU Graz\" \/>\n<meta property=\"og:description\" content=\"Kalkulation und Preisermittlung sind wesentlich f\u00fcr eine sachgerechte Angebotserstellung und Vergabe in der Bauwirtschaft, aber auch f\u00fcr den Projekterfolg selbst. Erfahrungsgem\u00e4\u00df bestehen zwischen Auftraggebern und Auftragnehmern unterschiedliche Ansichten \u00fcber eine sachgerechte Kalkulation. In den Tagungsbandbeitr\u00e4gen wird auf die Elemente einer sachgerechten Kalkulation eingegangen und die Preisermittlung der Bieter und sp\u00e4teren Auftragnehmer beleuchtet. Neben baubetrieblichen und bauwirtschaftlichen Aspekten werden auch rechtliche Fragen zur Preisermittlung bzw. zur Vergabe aufgegriffen.\" \/>\n<meta property=\"og:url\" content=\"https:\/\/www.tugraz-verlag.at\/en\/gesamtverzeichnis\/bauingenieurwissenschaften\/13-grazer-baubetriebs-und-bauwirtschaftssymposium-tagungsband-2015\/\" \/>\n<meta property=\"og:site_name\" content=\"Verlag der TU Graz\" \/>\n<meta property=\"article:modified_time\" content=\"2026-03-28T09:32:55+00:00\" \/>\n<meta property=\"og:image\" content=\"https:\/\/www.tugraz-verlag.at\/wp-content\/uploads\/asolmerce\/image-978-3-85125-385-9.jpg\" \/>\n\t<meta property=\"og:image:width\" content=\"591\" \/>\n\t<meta property=\"og:image:height\" content=\"835\" \/>\n\t<meta property=\"og:image:type\" content=\"image\/jpeg\" \/>\n<meta name=\"twitter:card\" content=\"summary_large_image\" \/>\n<script type=\"application\/ld+json\" class=\"yoast-schema-graph\">{\"@context\":\"https:\/\/schema.org\",\"@graph\":[{\"@type\":\"WebPage\",\"@id\":\"https:\/\/www.tugraz-verlag.at\/en\/gesamtverzeichnis\/bauingenieurwissenschaften\/13-grazer-baubetriebs-und-bauwirtschaftssymposium-tagungsband-2015\/\",\"url\":\"https:\/\/www.tugraz-verlag.at\/en\/gesamtverzeichnis\/bauingenieurwissenschaften\/13-grazer-baubetriebs-und-bauwirtschaftssymposium-tagungsband-2015\/\",\"name\":\"13. Grazer Baubetriebs- und Bauwirtschaftssymposium, Tagungsband 2015 - Verlag der TU Graz\",\"isPartOf\":{\"@id\":\"https:\/\/www.tugraz-verlag.at\/en\/#website\"},\"primaryImageOfPage\":{\"@id\":\"https:\/\/www.tugraz-verlag.at\/en\/gesamtverzeichnis\/bauingenieurwissenschaften\/13-grazer-baubetriebs-und-bauwirtschaftssymposium-tagungsband-2015\/#primaryimage\"},\"image\":{\"@id\":\"https:\/\/www.tugraz-verlag.at\/en\/gesamtverzeichnis\/bauingenieurwissenschaften\/13-grazer-baubetriebs-und-bauwirtschaftssymposium-tagungsband-2015\/#primaryimage\"},\"thumbnailUrl\":\"https:\/\/www.tugraz-verlag.at\/wp-content\/uploads\/asolmerce\/image-978-3-85125-385-9.jpg\",\"datePublished\":\"2026-03-28T07:31:55+00:00\",\"dateModified\":\"2026-03-28T09:32:55+00:00\",\"breadcrumb\":{\"@id\":\"https:\/\/www.tugraz-verlag.at\/en\/gesamtverzeichnis\/bauingenieurwissenschaften\/13-grazer-baubetriebs-und-bauwirtschaftssymposium-tagungsband-2015\/#breadcrumb\"},\"inLanguage\":\"en-US\",\"potentialAction\":[{\"@type\":\"ReadAction\",\"target\":[[\"https:\/\/www.tugraz-verlag.at\/en\/gesamtverzeichnis\/bauingenieurwissenschaften\/13-grazer-baubetriebs-und-bauwirtschaftssymposium-tagungsband-2015\/\"]]}]},{\"@type\":\"ImageObject\",\"inLanguage\":\"en-US\",\"@id\":\"https:\/\/www.tugraz-verlag.at\/en\/gesamtverzeichnis\/bauingenieurwissenschaften\/13-grazer-baubetriebs-und-bauwirtschaftssymposium-tagungsband-2015\/#primaryimage\",\"url\":\"https:\/\/www.tugraz-verlag.at\/wp-content\/uploads\/asolmerce\/image-978-3-85125-385-9.jpg\",\"contentUrl\":\"https:\/\/www.tugraz-verlag.at\/wp-content\/uploads\/asolmerce\/image-978-3-85125-385-9.jpg\",\"width\":591,\"height\":835},{\"@type\":\"BreadcrumbList\",\"@id\":\"https:\/\/www.tugraz-verlag.at\/en\/gesamtverzeichnis\/bauingenieurwissenschaften\/13-grazer-baubetriebs-und-bauwirtschaftssymposium-tagungsband-2015\/#breadcrumb\",\"itemListElement\":[{\"@type\":\"ListItem\",\"position\":1,\"name\":\"Home\",\"item\":\"https:\/\/www.tugraz-verlag.at\/en\/\"},{\"@type\":\"ListItem\",\"position\":2,\"name\":\"Gesamtverzeichnis\",\"item\":\"https:\/\/www.tugraz-verlag.at\/en\/gesamtverzeichnis\/\"},{\"@type\":\"ListItem\",\"position\":3,\"name\":\"13. Grazer Baubetriebs- und Bauwirtschaftssymposium, Tagungsband 2015\"}]},{\"@type\":\"WebSite\",\"@id\":\"https:\/\/www.tugraz-verlag.at\/en\/#website\",\"url\":\"https:\/\/www.tugraz-verlag.at\/en\/\",\"name\":\"Verlag der TU Graz\",\"description\":\"Verlag der Technischen Universit\u00e4t Graz\",\"potentialAction\":[{\"@type\":\"SearchAction\",\"target\":{\"@type\":\"EntryPoint\",\"urlTemplate\":\"https:\/\/www.tugraz-verlag.at\/en\/?s={search_term_string}\"},\"query-input\":{\"@type\":\"PropertyValueSpecification\",\"valueRequired\":true,\"valueName\":\"search_term_string\"}}],\"inLanguage\":\"en-US\"}]}<\/script>\n<!-- \/ Yoast SEO plugin. -->","yoast_head_json":{"title":"13. Grazer Baubetriebs- und Bauwirtschaftssymposium, Tagungsband 2015 - Verlag der TU Graz","robots":{"index":"index","follow":"follow","max-snippet":"max-snippet:-1","max-image-preview":"max-image-preview:large","max-video-preview":"max-video-preview:-1"},"canonical":"https:\/\/www.tugraz-verlag.at\/en\/gesamtverzeichnis\/bauingenieurwissenschaften\/13-grazer-baubetriebs-und-bauwirtschaftssymposium-tagungsband-2015\/","og_locale":"en_US","og_type":"article","og_title":"13. Grazer Baubetriebs- und Bauwirtschaftssymposium, Tagungsband 2015 - Verlag der TU Graz","og_description":"Kalkulation und Preisermittlung sind wesentlich f\u00fcr eine sachgerechte Angebotserstellung und Vergabe in der Bauwirtschaft, aber auch f\u00fcr den Projekterfolg selbst. Erfahrungsgem\u00e4\u00df bestehen zwischen Auftraggebern und Auftragnehmern unterschiedliche Ansichten \u00fcber eine sachgerechte Kalkulation. In den Tagungsbandbeitr\u00e4gen wird auf die Elemente einer sachgerechten Kalkulation eingegangen und die Preisermittlung der Bieter und sp\u00e4teren Auftragnehmer beleuchtet. Neben baubetrieblichen und bauwirtschaftlichen Aspekten werden auch rechtliche Fragen zur Preisermittlung bzw. zur Vergabe aufgegriffen.","og_url":"https:\/\/www.tugraz-verlag.at\/en\/gesamtverzeichnis\/bauingenieurwissenschaften\/13-grazer-baubetriebs-und-bauwirtschaftssymposium-tagungsband-2015\/","og_site_name":"Verlag der TU Graz","article_modified_time":"2026-03-28T09:32:55+00:00","og_image":[{"width":591,"height":835,"url":"https:\/\/www.tugraz-verlag.at\/wp-content\/uploads\/asolmerce\/image-978-3-85125-385-9.jpg","type":"image\/jpeg"}],"twitter_card":"summary_large_image","schema":{"@context":"https:\/\/schema.org","@graph":[{"@type":"WebPage","@id":"https:\/\/www.tugraz-verlag.at\/en\/gesamtverzeichnis\/bauingenieurwissenschaften\/13-grazer-baubetriebs-und-bauwirtschaftssymposium-tagungsband-2015\/","url":"https:\/\/www.tugraz-verlag.at\/en\/gesamtverzeichnis\/bauingenieurwissenschaften\/13-grazer-baubetriebs-und-bauwirtschaftssymposium-tagungsband-2015\/","name":"13. Grazer Baubetriebs- und Bauwirtschaftssymposium, Tagungsband 2015 - Verlag der TU Graz","isPartOf":{"@id":"https:\/\/www.tugraz-verlag.at\/en\/#website"},"primaryImageOfPage":{"@id":"https:\/\/www.tugraz-verlag.at\/en\/gesamtverzeichnis\/bauingenieurwissenschaften\/13-grazer-baubetriebs-und-bauwirtschaftssymposium-tagungsband-2015\/#primaryimage"},"image":{"@id":"https:\/\/www.tugraz-verlag.at\/en\/gesamtverzeichnis\/bauingenieurwissenschaften\/13-grazer-baubetriebs-und-bauwirtschaftssymposium-tagungsband-2015\/#primaryimage"},"thumbnailUrl":"https:\/\/www.tugraz-verlag.at\/wp-content\/uploads\/asolmerce\/image-978-3-85125-385-9.jpg","datePublished":"2026-03-28T07:31:55+00:00","dateModified":"2026-03-28T09:32:55+00:00","breadcrumb":{"@id":"https:\/\/www.tugraz-verlag.at\/en\/gesamtverzeichnis\/bauingenieurwissenschaften\/13-grazer-baubetriebs-und-bauwirtschaftssymposium-tagungsband-2015\/#breadcrumb"},"inLanguage":"en-US","potentialAction":[{"@type":"ReadAction","target":[["https:\/\/www.tugraz-verlag.at\/en\/gesamtverzeichnis\/bauingenieurwissenschaften\/13-grazer-baubetriebs-und-bauwirtschaftssymposium-tagungsband-2015\/"]]}]},{"@type":"ImageObject","inLanguage":"en-US","@id":"https:\/\/www.tugraz-verlag.at\/en\/gesamtverzeichnis\/bauingenieurwissenschaften\/13-grazer-baubetriebs-und-bauwirtschaftssymposium-tagungsband-2015\/#primaryimage","url":"https:\/\/www.tugraz-verlag.at\/wp-content\/uploads\/asolmerce\/image-978-3-85125-385-9.jpg","contentUrl":"https:\/\/www.tugraz-verlag.at\/wp-content\/uploads\/asolmerce\/image-978-3-85125-385-9.jpg","width":591,"height":835},{"@type":"BreadcrumbList","@id":"https:\/\/www.tugraz-verlag.at\/en\/gesamtverzeichnis\/bauingenieurwissenschaften\/13-grazer-baubetriebs-und-bauwirtschaftssymposium-tagungsband-2015\/#breadcrumb","itemListElement":[{"@type":"ListItem","position":1,"name":"Home","item":"https:\/\/www.tugraz-verlag.at\/en\/"},{"@type":"ListItem","position":2,"name":"Gesamtverzeichnis","item":"https:\/\/www.tugraz-verlag.at\/en\/gesamtverzeichnis\/"},{"@type":"ListItem","position":3,"name":"13. Grazer Baubetriebs- und Bauwirtschaftssymposium, Tagungsband 2015"}]},{"@type":"WebSite","@id":"https:\/\/www.tugraz-verlag.at\/en\/#website","url":"https:\/\/www.tugraz-verlag.at\/en\/","name":"Verlag der TU Graz","description":"Verlag der Technischen Universit\u00e4t Graz","potentialAction":[{"@type":"SearchAction","target":{"@type":"EntryPoint","urlTemplate":"https:\/\/www.tugraz-verlag.at\/en\/?s={search_term_string}"},"query-input":{"@type":"PropertyValueSpecification","valueRequired":true,"valueName":"search_term_string"}}],"inLanguage":"en-US"}]}},"_links":{"self":[{"href":"https:\/\/www.tugraz-verlag.at\/en\/wp-json\/wp\/v2\/product\/30502","targetHints":{"allow":["GET"]}}],"collection":[{"href":"https:\/\/www.tugraz-verlag.at\/en\/wp-json\/wp\/v2\/product"}],"about":[{"href":"https:\/\/www.tugraz-verlag.at\/en\/wp-json\/wp\/v2\/types\/product"}],"replies":[{"embeddable":true,"href":"https:\/\/www.tugraz-verlag.at\/en\/wp-json\/wp\/v2\/comments?post=30502"}],"wp:featuredmedia":[{"embeddable":true,"href":"https:\/\/www.tugraz-verlag.at\/en\/wp-json\/wp\/v2\/media\/39962"}],"wp:attachment":[{"href":"https:\/\/www.tugraz-verlag.at\/en\/wp-json\/wp\/v2\/media?parent=30502"}],"wp:term":[{"taxonomy":"product_brand","embeddable":true,"href":"https:\/\/www.tugraz-verlag.at\/en\/wp-json\/wp\/v2\/product_brand?post=30502"},{"taxonomy":"product_cat","embeddable":true,"href":"https:\/\/www.tugraz-verlag.at\/en\/wp-json\/wp\/v2\/product_cat?post=30502"},{"taxonomy":"product_tag","embeddable":true,"href":"https:\/\/www.tugraz-verlag.at\/en\/wp-json\/wp\/v2\/product_tag?post=30502"}],"curies":[{"name":"wp","href":"https:\/\/api.w.org\/{rel}","templated":true}]}}