{"id":30471,"date":"2026-03-28T07:31:54","date_gmt":"2026-03-28T07:31:54","guid":{"rendered":"http:\/\/www.tugraz-verlag.at\/gesamtverzeichnis\/unkategorisiert\/kommentar-zum-leistungsbild-architektur-hoai-2013-lm-vm-2014\/"},"modified":"2026-03-28T11:32:54","modified_gmt":"2026-03-28T09:32:54","slug":"kommentar-zum-leistungsbild-architektur-hoai-2013-lm-vm-2014","status":"publish","type":"product","link":"https:\/\/www.tugraz-verlag.at\/en\/gesamtverzeichnis\/bauingenieurwissenschaften\/kommentar-zum-leistungsbild-architektur-hoai-2013-lm-vm-2014\/","title":{"rendered":"Kommentar zum Leistungsbild Architektur HOAI 2013 -LM.VM.2014"},"content":{"rendered":"<p class=\"qtranxs-available-languages-message qtranxs-available-languages-message-en\">This entry is only available in German<\/p><p>Der seltene Fall, dass ein Gutachterteam Regelungen f\u00fcr die Planungspraxis in Deutschland und in \u00d6sterreich<br \/>\nerarbeiten durfte pr\u00e4gt auch diesen Kommentar, der beide Systeme einfach und \u00fcbersichtlich nebeneindander<br \/>\nstellt.<br \/>\nLeistungsbilder sind kurzgefasste Sammlungen der in allen Projekten notwendigen Aufgaben und Ergebnisse,<br \/>\nf\u00fcr alle Projektgr\u00f6\u00dfen g\u00fcltig. Dennoch wird die Arbeit in mittleren und gr\u00f6\u00dferen Projekten vertiefende Erl\u00e4uterungen<br \/>\nbrauchen, die hier praxisgerecht und verst\u00e4ndlich &#8211; ohne all zu viele Rechtshinweise &#8211; in der Sprache<br \/>\nder Architekten und Ingenieure beschrieben sind.<br \/>\nZur Arbeit in mittleren und gr\u00f6\u00dferen Projekten, f\u00fcr Verhandlungsf\u00fchrungen und f\u00fcr die Projektarbeit ist eine<br \/>\ndurchformulierte, an einer Betriebsorganisation orientierte Volltextfassung als Arbeitsunterlage eine wesentliche<br \/>\nVerbesserung.<br \/>\nDie 3. Auflage ist auf 330 Seiten erweitert und enth\u00e4lt auch das neue Leistungsbild von LM.VM.2014.<br \/>\nZiel ist<br \/>\n\u2022 die Aufgabe, das Zusammenspiel der Planer umfassende und anwendungsgerecht darzustellen,<br \/>\n\u2022 ein gemeinsames Verst\u00e4ndnis zu den Leistungen zu generieren, sodass Auftraggeber und Planer<br \/>\nbesser zusammenarbeiten<br \/>\n\u2022 die auf \u201edurchschnittliche\u201c, eher kleinere Projekte abgestellten Leistungsbilder als Betriebsorganisation<br \/>\nf\u00fcr die Projekte zu beschreiben.<\/p>","protected":false},"excerpt":{"rendered":"<p class=\"qtranxs-available-languages-message qtranxs-available-languages-message-en\">This entry is only available in German<\/p>\n<p>Der seltene Fall, dass ein Gutachterteam Regelungen f\u00fcr die Planungspraxis in Deutschland und in \u00d6sterreich<br \/>\nerarbeiten durfte pr\u00e4gt auch diesen Kommentar, der beide Systeme einfach und \u00fcbersichtlich nebeneindander<br \/>\nstellt.<br \/>\nLeistungsbilder sind kurzgefasste Sammlungen der in allen Projekten notwendigen Aufgaben und Ergebnisse,<br \/>\nf\u00fcr alle Projektgr\u00f6\u00dfen g\u00fcltig. Dennoch wird die Arbeit in mittleren und gr\u00f6\u00dferen Projekten vertiefende Erl\u00e4uterungen<br \/>\nbrauchen, die hier praxisgerecht und verst\u00e4ndlich &#8211; ohne all zu viele Rechtshinweise &#8211; in der Sprache<br \/>\nder Architekten und Ingenieure beschrieben sind.<br \/>\nZur Arbeit in mittleren und gr\u00f6\u00dferen Projekten, f\u00fcr Verhandlungsf\u00fchrungen und f\u00fcr die Projektarbeit ist eine<br \/>\ndurchformulierte, an einer Betriebsorganisation orientierte Volltextfassung als Arbeitsunterlage eine wesentliche<br \/>\nVerbesserung.<br \/>\nDie 3. Auflage ist auf 330 Seiten erweitert und enth\u00e4lt auch das neue Leistungsbild von LM.VM.2014.<br \/>\nZiel ist<br \/>\n\u2022 die Aufgabe, das Zusammenspiel der Planer umfassende und anwendungsgerecht darzustellen,<br \/>\n\u2022 ein gemeinsames Verst\u00e4ndnis zu den Leistungen zu generieren, sodass Auftraggeber und Planer<br \/>\nbesser zusammenarbeiten<br \/>\n\u2022 die auf \u201edurchschnittliche\u201c, eher kleinere Projekte abgestellten Leistungsbilder als Betriebsorganisation<br \/>\nf\u00fcr die Projekte zu beschreiben.<\/p>\n","protected":false},"featured_media":39945,"comment_status":"open","ping_status":"closed","template":"","meta":{"_acf_changed":false},"product_brand":[],"product_cat":[1627],"product_tag":[3066],"class_list":{"0":"post-30471","1":"product","2":"type-product","3":"status-publish","4":"has-post-thumbnail","6":"product_cat-bauingenieurwissenschaften","7":"product_tag-projektmanagement-bautechnik-raumordnungsrecht-baurecht-bauvorbereitung-verguetung","9":"first","10":"instock","11":"sale","12":"taxable","13":"shipping-taxable","14":"purchasable","15":"product-type-simple"},"acf":[],"yoast_head":"<!-- This site is optimized with the Yoast SEO plugin v27.2 - https:\/\/yoast.com\/product\/yoast-seo-wordpress\/ -->\n<title>Kommentar zum Leistungsbild Architektur HOAI 2013 -LM.VM.2014 - Verlag der TU Graz<\/title>\n<meta name=\"robots\" content=\"index, follow, max-snippet:-1, max-image-preview:large, max-video-preview:-1\" \/>\n<link rel=\"canonical\" href=\"https:\/\/www.tugraz-verlag.at\/en\/gesamtverzeichnis\/bauingenieurwissenschaften\/kommentar-zum-leistungsbild-architektur-hoai-2013-lm-vm-2014\/\" \/>\n<meta property=\"og:locale\" content=\"en_US\" \/>\n<meta property=\"og:type\" content=\"article\" \/>\n<meta property=\"og:title\" content=\"Kommentar zum Leistungsbild Architektur HOAI 2013 -LM.VM.2014 - Verlag der TU Graz\" \/>\n<meta property=\"og:description\" content=\"Der seltene Fall, dass ein Gutachterteam Regelungen f\u00fcr die Planungspraxis in Deutschland und in \u00d6sterreich erarbeiten durfte pr\u00e4gt auch diesen Kommentar, der beide Systeme einfach und \u00fcbersichtlich nebeneindander stellt. Leistungsbilder sind kurzgefasste Sammlungen der in allen Projekten notwendigen Aufgaben und Ergebnisse, f\u00fcr alle Projektgr\u00f6\u00dfen g\u00fcltig. Dennoch wird die Arbeit in mittleren und gr\u00f6\u00dferen Projekten vertiefende Erl\u00e4uterungen brauchen, die hier praxisgerecht und verst\u00e4ndlich - ohne all zu viele Rechtshinweise - in der Sprache der Architekten und Ingenieure beschrieben sind. Zur Arbeit in mittleren und gr\u00f6\u00dferen Projekten, f\u00fcr Verhandlungsf\u00fchrungen und f\u00fcr die Projektarbeit ist eine durchformulierte, an einer Betriebsorganisation orientierte Volltextfassung als Arbeitsunterlage eine wesentliche Verbesserung. Die 3. Auflage ist auf 330 Seiten erweitert und enth\u00e4lt auch das neue Leistungsbild von LM.VM.2014. Ziel ist \u2022 die Aufgabe, das Zusammenspiel der Planer umfassende und anwendungsgerecht darzustellen, \u2022 ein gemeinsames Verst\u00e4ndnis zu den Leistungen zu generieren, sodass Auftraggeber und Planer besser zusammenarbeiten \u2022 die auf \u201edurchschnittliche\u201c, eher kleinere Projekte abgestellten Leistungsbilder als Betriebsorganisation f\u00fcr die Projekte zu beschreiben.\" \/>\n<meta property=\"og:url\" content=\"https:\/\/www.tugraz-verlag.at\/en\/gesamtverzeichnis\/bauingenieurwissenschaften\/kommentar-zum-leistungsbild-architektur-hoai-2013-lm-vm-2014\/\" \/>\n<meta property=\"og:site_name\" content=\"Verlag der TU Graz\" \/>\n<meta property=\"article:modified_time\" content=\"2026-03-28T09:32:54+00:00\" \/>\n<meta property=\"og:image\" content=\"https:\/\/www.tugraz-verlag.at\/wp-content\/uploads\/asolmerce\/image-978-3-85125-375-7.jpg\" \/>\n\t<meta property=\"og:image:width\" content=\"449\" \/>\n\t<meta property=\"og:image:height\" content=\"895\" \/>\n\t<meta property=\"og:image:type\" content=\"image\/jpeg\" \/>\n<meta name=\"twitter:card\" content=\"summary_large_image\" \/>\n<meta name=\"twitter:label1\" content=\"Est. reading time\" \/>\n\t<meta name=\"twitter:data1\" content=\"1 minute\" \/>\n<script type=\"application\/ld+json\" class=\"yoast-schema-graph\">{\"@context\":\"https:\/\/schema.org\",\"@graph\":[{\"@type\":\"WebPage\",\"@id\":\"https:\/\/www.tugraz-verlag.at\/en\/gesamtverzeichnis\/bauingenieurwissenschaften\/kommentar-zum-leistungsbild-architektur-hoai-2013-lm-vm-2014\/\",\"url\":\"https:\/\/www.tugraz-verlag.at\/en\/gesamtverzeichnis\/bauingenieurwissenschaften\/kommentar-zum-leistungsbild-architektur-hoai-2013-lm-vm-2014\/\",\"name\":\"Kommentar zum Leistungsbild Architektur HOAI 2013 -LM.VM.2014 - Verlag der TU Graz\",\"isPartOf\":{\"@id\":\"https:\/\/www.tugraz-verlag.at\/en\/#website\"},\"primaryImageOfPage\":{\"@id\":\"https:\/\/www.tugraz-verlag.at\/en\/gesamtverzeichnis\/bauingenieurwissenschaften\/kommentar-zum-leistungsbild-architektur-hoai-2013-lm-vm-2014\/#primaryimage\"},\"image\":{\"@id\":\"https:\/\/www.tugraz-verlag.at\/gesamtverzeichnis\/bauingenieurwissenschaften\/kommentar-zum-leistungsbild-architektur-hoai-2013-lm-vm-2014\/#primaryimage\"},\"thumbnailUrl\":\"https:\/\/www.tugraz-verlag.at\/wp-content\/uploads\/asolmerce\/image-978-3-85125-375-7.jpg\",\"datePublished\":\"2026-03-28T07:31:54+00:00\",\"dateModified\":\"2026-03-28T09:32:54+00:00\",\"breadcrumb\":{\"@id\":\"https:\/\/www.tugraz-verlag.at\/en\/gesamtverzeichnis\/bauingenieurwissenschaften\/kommentar-zum-leistungsbild-architektur-hoai-2013-lm-vm-2014\/#breadcrumb\"},\"inLanguage\":\"en-US\",\"potentialAction\":[{\"@type\":\"ReadAction\",\"target\":[[\"https:\/\/www.tugraz-verlag.at\/en\/gesamtverzeichnis\/bauingenieurwissenschaften\/kommentar-zum-leistungsbild-architektur-hoai-2013-lm-vm-2014\/\"]]}]},{\"@type\":\"ImageObject\",\"inLanguage\":\"en-US\",\"@id\":\"https:\/\/www.tugraz-verlag.at\/en\/gesamtverzeichnis\/bauingenieurwissenschaften\/kommentar-zum-leistungsbild-architektur-hoai-2013-lm-vm-2014\/#primaryimage\",\"url\":\"https:\/\/www.tugraz-verlag.at\/wp-content\/uploads\/asolmerce\/image-978-3-85125-375-7.jpg\",\"contentUrl\":\"https:\/\/www.tugraz-verlag.at\/wp-content\/uploads\/asolmerce\/image-978-3-85125-375-7.jpg\",\"width\":449,\"height\":895},{\"@type\":\"BreadcrumbList\",\"@id\":\"https:\/\/www.tugraz-verlag.at\/en\/gesamtverzeichnis\/bauingenieurwissenschaften\/kommentar-zum-leistungsbild-architektur-hoai-2013-lm-vm-2014\/#breadcrumb\",\"itemListElement\":[{\"@type\":\"ListItem\",\"position\":1,\"name\":\"Home\",\"item\":\"https:\/\/www.tugraz-verlag.at\/en\/\"},{\"@type\":\"ListItem\",\"position\":2,\"name\":\"Gesamtverzeichnis\",\"item\":\"https:\/\/www.tugraz-verlag.at\/en\/gesamtverzeichnis\/\"},{\"@type\":\"ListItem\",\"position\":3,\"name\":\"Kommentar zum Leistungsbild Architektur HOAI 2013 -LM.VM.2014\"}]},{\"@type\":\"WebSite\",\"@id\":\"https:\/\/www.tugraz-verlag.at\/en\/#website\",\"url\":\"https:\/\/www.tugraz-verlag.at\/en\/\",\"name\":\"Verlag der TU Graz\",\"description\":\"Verlag der Technischen Universit\u00e4t Graz\",\"potentialAction\":[{\"@type\":\"SearchAction\",\"target\":{\"@type\":\"EntryPoint\",\"urlTemplate\":\"https:\/\/www.tugraz-verlag.at\/en\/?s={search_term_string}\"},\"query-input\":{\"@type\":\"PropertyValueSpecification\",\"valueRequired\":true,\"valueName\":\"search_term_string\"}}],\"inLanguage\":\"en-US\"}]}<\/script>\n<!-- \/ Yoast SEO plugin. -->","yoast_head_json":{"title":"Kommentar zum Leistungsbild Architektur HOAI 2013 -LM.VM.2014 - Verlag der TU Graz","robots":{"index":"index","follow":"follow","max-snippet":"max-snippet:-1","max-image-preview":"max-image-preview:large","max-video-preview":"max-video-preview:-1"},"canonical":"https:\/\/www.tugraz-verlag.at\/en\/gesamtverzeichnis\/bauingenieurwissenschaften\/kommentar-zum-leistungsbild-architektur-hoai-2013-lm-vm-2014\/","og_locale":"en_US","og_type":"article","og_title":"Kommentar zum Leistungsbild Architektur HOAI 2013 -LM.VM.2014 - Verlag der TU Graz","og_description":"Der seltene Fall, dass ein Gutachterteam Regelungen f\u00fcr die Planungspraxis in Deutschland und in \u00d6sterreich erarbeiten durfte pr\u00e4gt auch diesen Kommentar, der beide Systeme einfach und \u00fcbersichtlich nebeneindander stellt. Leistungsbilder sind kurzgefasste Sammlungen der in allen Projekten notwendigen Aufgaben und Ergebnisse, f\u00fcr alle Projektgr\u00f6\u00dfen g\u00fcltig. Dennoch wird die Arbeit in mittleren und gr\u00f6\u00dferen Projekten vertiefende Erl\u00e4uterungen brauchen, die hier praxisgerecht und verst\u00e4ndlich - ohne all zu viele Rechtshinweise - in der Sprache der Architekten und Ingenieure beschrieben sind. Zur Arbeit in mittleren und gr\u00f6\u00dferen Projekten, f\u00fcr Verhandlungsf\u00fchrungen und f\u00fcr die Projektarbeit ist eine durchformulierte, an einer Betriebsorganisation orientierte Volltextfassung als Arbeitsunterlage eine wesentliche Verbesserung. Die 3. Auflage ist auf 330 Seiten erweitert und enth\u00e4lt auch das neue Leistungsbild von LM.VM.2014. Ziel ist \u2022 die Aufgabe, das Zusammenspiel der Planer umfassende und anwendungsgerecht darzustellen, \u2022 ein gemeinsames Verst\u00e4ndnis zu den Leistungen zu generieren, sodass Auftraggeber und Planer besser zusammenarbeiten \u2022 die auf \u201edurchschnittliche\u201c, eher kleinere Projekte abgestellten Leistungsbilder als Betriebsorganisation f\u00fcr die Projekte zu beschreiben.","og_url":"https:\/\/www.tugraz-verlag.at\/en\/gesamtverzeichnis\/bauingenieurwissenschaften\/kommentar-zum-leistungsbild-architektur-hoai-2013-lm-vm-2014\/","og_site_name":"Verlag der TU Graz","article_modified_time":"2026-03-28T09:32:54+00:00","og_image":[{"width":449,"height":895,"url":"https:\/\/www.tugraz-verlag.at\/wp-content\/uploads\/asolmerce\/image-978-3-85125-375-7.jpg","type":"image\/jpeg"}],"twitter_card":"summary_large_image","twitter_misc":{"Est. reading time":"1 minute"},"schema":{"@context":"https:\/\/schema.org","@graph":[{"@type":"WebPage","@id":"https:\/\/www.tugraz-verlag.at\/en\/gesamtverzeichnis\/bauingenieurwissenschaften\/kommentar-zum-leistungsbild-architektur-hoai-2013-lm-vm-2014\/","url":"https:\/\/www.tugraz-verlag.at\/en\/gesamtverzeichnis\/bauingenieurwissenschaften\/kommentar-zum-leistungsbild-architektur-hoai-2013-lm-vm-2014\/","name":"Kommentar zum Leistungsbild Architektur HOAI 2013 -LM.VM.2014 - Verlag der TU Graz","isPartOf":{"@id":"https:\/\/www.tugraz-verlag.at\/en\/#website"},"primaryImageOfPage":{"@id":"https:\/\/www.tugraz-verlag.at\/en\/gesamtverzeichnis\/bauingenieurwissenschaften\/kommentar-zum-leistungsbild-architektur-hoai-2013-lm-vm-2014\/#primaryimage"},"image":{"@id":"https:\/\/www.tugraz-verlag.at\/gesamtverzeichnis\/bauingenieurwissenschaften\/kommentar-zum-leistungsbild-architektur-hoai-2013-lm-vm-2014\/#primaryimage"},"thumbnailUrl":"https:\/\/www.tugraz-verlag.at\/wp-content\/uploads\/asolmerce\/image-978-3-85125-375-7.jpg","datePublished":"2026-03-28T07:31:54+00:00","dateModified":"2026-03-28T09:32:54+00:00","breadcrumb":{"@id":"https:\/\/www.tugraz-verlag.at\/en\/gesamtverzeichnis\/bauingenieurwissenschaften\/kommentar-zum-leistungsbild-architektur-hoai-2013-lm-vm-2014\/#breadcrumb"},"inLanguage":"en-US","potentialAction":[{"@type":"ReadAction","target":[["https:\/\/www.tugraz-verlag.at\/en\/gesamtverzeichnis\/bauingenieurwissenschaften\/kommentar-zum-leistungsbild-architektur-hoai-2013-lm-vm-2014\/"]]}]},{"@type":"ImageObject","inLanguage":"en-US","@id":"https:\/\/www.tugraz-verlag.at\/en\/gesamtverzeichnis\/bauingenieurwissenschaften\/kommentar-zum-leistungsbild-architektur-hoai-2013-lm-vm-2014\/#primaryimage","url":"https:\/\/www.tugraz-verlag.at\/wp-content\/uploads\/asolmerce\/image-978-3-85125-375-7.jpg","contentUrl":"https:\/\/www.tugraz-verlag.at\/wp-content\/uploads\/asolmerce\/image-978-3-85125-375-7.jpg","width":449,"height":895},{"@type":"BreadcrumbList","@id":"https:\/\/www.tugraz-verlag.at\/en\/gesamtverzeichnis\/bauingenieurwissenschaften\/kommentar-zum-leistungsbild-architektur-hoai-2013-lm-vm-2014\/#breadcrumb","itemListElement":[{"@type":"ListItem","position":1,"name":"Home","item":"https:\/\/www.tugraz-verlag.at\/en\/"},{"@type":"ListItem","position":2,"name":"Gesamtverzeichnis","item":"https:\/\/www.tugraz-verlag.at\/en\/gesamtverzeichnis\/"},{"@type":"ListItem","position":3,"name":"Kommentar zum Leistungsbild Architektur HOAI 2013 -LM.VM.2014"}]},{"@type":"WebSite","@id":"https:\/\/www.tugraz-verlag.at\/en\/#website","url":"https:\/\/www.tugraz-verlag.at\/en\/","name":"Verlag der TU Graz","description":"Verlag der Technischen Universit\u00e4t Graz","potentialAction":[{"@type":"SearchAction","target":{"@type":"EntryPoint","urlTemplate":"https:\/\/www.tugraz-verlag.at\/en\/?s={search_term_string}"},"query-input":{"@type":"PropertyValueSpecification","valueRequired":true,"valueName":"search_term_string"}}],"inLanguage":"en-US"}]}},"_links":{"self":[{"href":"https:\/\/www.tugraz-verlag.at\/en\/wp-json\/wp\/v2\/product\/30471","targetHints":{"allow":["GET"]}}],"collection":[{"href":"https:\/\/www.tugraz-verlag.at\/en\/wp-json\/wp\/v2\/product"}],"about":[{"href":"https:\/\/www.tugraz-verlag.at\/en\/wp-json\/wp\/v2\/types\/product"}],"replies":[{"embeddable":true,"href":"https:\/\/www.tugraz-verlag.at\/en\/wp-json\/wp\/v2\/comments?post=30471"}],"wp:featuredmedia":[{"embeddable":true,"href":"https:\/\/www.tugraz-verlag.at\/en\/wp-json\/wp\/v2\/media\/39945"}],"wp:attachment":[{"href":"https:\/\/www.tugraz-verlag.at\/en\/wp-json\/wp\/v2\/media?parent=30471"}],"wp:term":[{"taxonomy":"product_brand","embeddable":true,"href":"https:\/\/www.tugraz-verlag.at\/en\/wp-json\/wp\/v2\/product_brand?post=30471"},{"taxonomy":"product_cat","embeddable":true,"href":"https:\/\/www.tugraz-verlag.at\/en\/wp-json\/wp\/v2\/product_cat?post=30471"},{"taxonomy":"product_tag","embeddable":true,"href":"https:\/\/www.tugraz-verlag.at\/en\/wp-json\/wp\/v2\/product_tag?post=30471"}],"curies":[{"name":"wp","href":"https:\/\/api.w.org\/{rel}","templated":true}]}}