{"id":30465,"date":"2026-03-28T07:31:53","date_gmt":"2026-03-28T07:31:53","guid":{"rendered":"http:\/\/www.tugraz-verlag.at\/gesamtverzeichnis\/unkategorisiert\/blitzkontakt-2\/"},"modified":"2026-03-28T11:32:54","modified_gmt":"2026-03-28T09:32:54","slug":"blitzkontakt-ebook","status":"publish","type":"product","link":"https:\/\/www.tugraz-verlag.at\/en\/gesamtverzeichnis\/architektur\/blitzkontakt-ebook\/","title":{"rendered":"Blitzkontakt"},"content":{"rendered":"<p class=\"qtranxs-available-languages-message qtranxs-available-languages-message-en\">This entry is only available in German<\/p><p>Das Hochspannungslabor der TU Graz \u00f6ffnete seine Pforten und stellte <br \/>seine Ausstattung f\u00fcr k\u00fcnstlerische Praxis zur Verf\u00fcgung. So wurde die <br \/>Forschungsst\u00e4tte tempor\u00e4r zum Atelier und damit Experimentierfeld f\u00fcr <br \/>Kunst, die ihre eigenen M\u00f6glichkeiten untersucht und erweitert.<\/p>","protected":false},"excerpt":{"rendered":"<p class=\"qtranxs-available-languages-message qtranxs-available-languages-message-en\">This entry is only available in German<\/p>\n<p>Das Hochspannungslabor der TU Graz \u00f6ffnete seine Pforten und stellte <br \/>seine Ausstattung f\u00fcr k\u00fcnstlerische Praxis zur Verf\u00fcgung. So wurde die <br \/>Forschungsst\u00e4tte tempor\u00e4r zum Atelier und damit Experimentierfeld f\u00fcr <br \/>Kunst, die ihre eigenen M\u00f6glichkeiten untersucht und erweitert.<\/p>\n","protected":false},"featured_media":39941,"comment_status":"open","ping_status":"closed","template":"","meta":{"_acf_changed":false},"product_brand":[],"product_cat":[1565],"product_tag":[],"class_list":{"0":"post-30465","1":"product","2":"type-product","3":"status-publish","4":"has-post-thumbnail","6":"product_cat-architektur","8":"first","9":"instock","10":"downloadable","11":"virtual","12":"taxable","13":"product-type-simple"},"acf":[],"yoast_head":"<!-- This site is optimized with the Yoast SEO plugin v27.2 - https:\/\/yoast.com\/product\/yoast-seo-wordpress\/ -->\n<title>Blitzkontakt - Verlag der TU Graz<\/title>\n<meta name=\"robots\" content=\"index, follow, max-snippet:-1, max-image-preview:large, max-video-preview:-1\" \/>\n<link rel=\"canonical\" href=\"https:\/\/www.tugraz-verlag.at\/en\/gesamtverzeichnis\/architektur\/blitzkontakt-ebook\/\" \/>\n<meta property=\"og:locale\" content=\"en_US\" \/>\n<meta property=\"og:type\" content=\"article\" \/>\n<meta property=\"og:title\" content=\"Blitzkontakt - Verlag der TU Graz\" \/>\n<meta property=\"og:description\" content=\"Das Hochspannungslabor der TU Graz \u00f6ffnete seine Pforten und stellte seine Ausstattung f\u00fcr k\u00fcnstlerische Praxis zur Verf\u00fcgung. So wurde die Forschungsst\u00e4tte tempor\u00e4r zum Atelier und damit Experimentierfeld f\u00fcr Kunst, die ihre eigenen M\u00f6glichkeiten untersucht und erweitert.\" \/>\n<meta property=\"og:url\" content=\"https:\/\/www.tugraz-verlag.at\/en\/gesamtverzeichnis\/architektur\/blitzkontakt-ebook\/\" \/>\n<meta property=\"og:site_name\" content=\"Verlag der TU Graz\" \/>\n<meta property=\"article:modified_time\" content=\"2026-03-28T09:32:54+00:00\" \/>\n<meta property=\"og:image\" content=\"https:\/\/www.tugraz-verlag.at\/wp-content\/uploads\/asolmerce\/image-978-3-85125-372-6.jpg\" \/>\n\t<meta property=\"og:image:width\" content=\"574\" \/>\n\t<meta property=\"og:image:height\" content=\"704\" \/>\n\t<meta property=\"og:image:type\" content=\"image\/jpeg\" \/>\n<meta name=\"twitter:card\" content=\"summary_large_image\" \/>\n<script type=\"application\/ld+json\" class=\"yoast-schema-graph\">{\"@context\":\"https:\/\/schema.org\",\"@graph\":[{\"@type\":\"WebPage\",\"@id\":\"https:\/\/www.tugraz-verlag.at\/en\/gesamtverzeichnis\/architektur\/blitzkontakt-ebook\/\",\"url\":\"https:\/\/www.tugraz-verlag.at\/en\/gesamtverzeichnis\/architektur\/blitzkontakt-ebook\/\",\"name\":\"Blitzkontakt - Verlag der TU Graz\",\"isPartOf\":{\"@id\":\"https:\/\/www.tugraz-verlag.at\/en\/#website\"},\"primaryImageOfPage\":{\"@id\":\"https:\/\/www.tugraz-verlag.at\/en\/gesamtverzeichnis\/architektur\/blitzkontakt-ebook\/#primaryimage\"},\"image\":{\"@id\":\"https:\/\/www.tugraz-verlag.at\/en\/gesamtverzeichnis\/architektur\/blitzkontakt-ebook\/#primaryimage\"},\"thumbnailUrl\":\"https:\/\/www.tugraz-verlag.at\/wp-content\/uploads\/asolmerce\/image-978-3-85125-372-6.jpg\",\"datePublished\":\"2026-03-28T07:31:53+00:00\",\"dateModified\":\"2026-03-28T09:32:54+00:00\",\"breadcrumb\":{\"@id\":\"https:\/\/www.tugraz-verlag.at\/en\/gesamtverzeichnis\/architektur\/blitzkontakt-ebook\/#breadcrumb\"},\"inLanguage\":\"en-US\",\"potentialAction\":[{\"@type\":\"ReadAction\",\"target\":[[\"https:\/\/www.tugraz-verlag.at\/en\/gesamtverzeichnis\/architektur\/blitzkontakt-ebook\/\"]]}]},{\"@type\":\"ImageObject\",\"inLanguage\":\"en-US\",\"@id\":\"https:\/\/www.tugraz-verlag.at\/en\/gesamtverzeichnis\/architektur\/blitzkontakt-ebook\/#primaryimage\",\"url\":\"https:\/\/www.tugraz-verlag.at\/wp-content\/uploads\/asolmerce\/image-978-3-85125-372-6.jpg\",\"contentUrl\":\"https:\/\/www.tugraz-verlag.at\/wp-content\/uploads\/asolmerce\/image-978-3-85125-372-6.jpg\",\"width\":574,\"height\":704},{\"@type\":\"BreadcrumbList\",\"@id\":\"https:\/\/www.tugraz-verlag.at\/en\/gesamtverzeichnis\/architektur\/blitzkontakt-ebook\/#breadcrumb\",\"itemListElement\":[{\"@type\":\"ListItem\",\"position\":1,\"name\":\"Home\",\"item\":\"https:\/\/www.tugraz-verlag.at\/en\/\"},{\"@type\":\"ListItem\",\"position\":2,\"name\":\"Gesamtverzeichnis\",\"item\":\"https:\/\/www.tugraz-verlag.at\/en\/gesamtverzeichnis\/\"},{\"@type\":\"ListItem\",\"position\":3,\"name\":\"Blitzkontakt\"}]},{\"@type\":\"WebSite\",\"@id\":\"https:\/\/www.tugraz-verlag.at\/en\/#website\",\"url\":\"https:\/\/www.tugraz-verlag.at\/en\/\",\"name\":\"Verlag der TU Graz\",\"description\":\"Verlag der Technischen Universit\u00e4t Graz\",\"potentialAction\":[{\"@type\":\"SearchAction\",\"target\":{\"@type\":\"EntryPoint\",\"urlTemplate\":\"https:\/\/www.tugraz-verlag.at\/en\/?s={search_term_string}\"},\"query-input\":{\"@type\":\"PropertyValueSpecification\",\"valueRequired\":true,\"valueName\":\"search_term_string\"}}],\"inLanguage\":\"en-US\"}]}<\/script>\n<!-- \/ Yoast SEO plugin. -->","yoast_head_json":{"title":"Blitzkontakt - Verlag der TU Graz","robots":{"index":"index","follow":"follow","max-snippet":"max-snippet:-1","max-image-preview":"max-image-preview:large","max-video-preview":"max-video-preview:-1"},"canonical":"https:\/\/www.tugraz-verlag.at\/en\/gesamtverzeichnis\/architektur\/blitzkontakt-ebook\/","og_locale":"en_US","og_type":"article","og_title":"Blitzkontakt - Verlag der TU Graz","og_description":"Das Hochspannungslabor der TU Graz \u00f6ffnete seine Pforten und stellte seine Ausstattung f\u00fcr k\u00fcnstlerische Praxis zur Verf\u00fcgung. So wurde die Forschungsst\u00e4tte tempor\u00e4r zum Atelier und damit Experimentierfeld f\u00fcr Kunst, die ihre eigenen M\u00f6glichkeiten untersucht und erweitert.","og_url":"https:\/\/www.tugraz-verlag.at\/en\/gesamtverzeichnis\/architektur\/blitzkontakt-ebook\/","og_site_name":"Verlag der TU Graz","article_modified_time":"2026-03-28T09:32:54+00:00","og_image":[{"width":574,"height":704,"url":"https:\/\/www.tugraz-verlag.at\/wp-content\/uploads\/asolmerce\/image-978-3-85125-372-6.jpg","type":"image\/jpeg"}],"twitter_card":"summary_large_image","schema":{"@context":"https:\/\/schema.org","@graph":[{"@type":"WebPage","@id":"https:\/\/www.tugraz-verlag.at\/en\/gesamtverzeichnis\/architektur\/blitzkontakt-ebook\/","url":"https:\/\/www.tugraz-verlag.at\/en\/gesamtverzeichnis\/architektur\/blitzkontakt-ebook\/","name":"Blitzkontakt - Verlag der TU Graz","isPartOf":{"@id":"https:\/\/www.tugraz-verlag.at\/en\/#website"},"primaryImageOfPage":{"@id":"https:\/\/www.tugraz-verlag.at\/en\/gesamtverzeichnis\/architektur\/blitzkontakt-ebook\/#primaryimage"},"image":{"@id":"https:\/\/www.tugraz-verlag.at\/en\/gesamtverzeichnis\/architektur\/blitzkontakt-ebook\/#primaryimage"},"thumbnailUrl":"https:\/\/www.tugraz-verlag.at\/wp-content\/uploads\/asolmerce\/image-978-3-85125-372-6.jpg","datePublished":"2026-03-28T07:31:53+00:00","dateModified":"2026-03-28T09:32:54+00:00","breadcrumb":{"@id":"https:\/\/www.tugraz-verlag.at\/en\/gesamtverzeichnis\/architektur\/blitzkontakt-ebook\/#breadcrumb"},"inLanguage":"en-US","potentialAction":[{"@type":"ReadAction","target":[["https:\/\/www.tugraz-verlag.at\/en\/gesamtverzeichnis\/architektur\/blitzkontakt-ebook\/"]]}]},{"@type":"ImageObject","inLanguage":"en-US","@id":"https:\/\/www.tugraz-verlag.at\/en\/gesamtverzeichnis\/architektur\/blitzkontakt-ebook\/#primaryimage","url":"https:\/\/www.tugraz-verlag.at\/wp-content\/uploads\/asolmerce\/image-978-3-85125-372-6.jpg","contentUrl":"https:\/\/www.tugraz-verlag.at\/wp-content\/uploads\/asolmerce\/image-978-3-85125-372-6.jpg","width":574,"height":704},{"@type":"BreadcrumbList","@id":"https:\/\/www.tugraz-verlag.at\/en\/gesamtverzeichnis\/architektur\/blitzkontakt-ebook\/#breadcrumb","itemListElement":[{"@type":"ListItem","position":1,"name":"Home","item":"https:\/\/www.tugraz-verlag.at\/en\/"},{"@type":"ListItem","position":2,"name":"Gesamtverzeichnis","item":"https:\/\/www.tugraz-verlag.at\/en\/gesamtverzeichnis\/"},{"@type":"ListItem","position":3,"name":"Blitzkontakt"}]},{"@type":"WebSite","@id":"https:\/\/www.tugraz-verlag.at\/en\/#website","url":"https:\/\/www.tugraz-verlag.at\/en\/","name":"Verlag der TU Graz","description":"Verlag der Technischen Universit\u00e4t Graz","potentialAction":[{"@type":"SearchAction","target":{"@type":"EntryPoint","urlTemplate":"https:\/\/www.tugraz-verlag.at\/en\/?s={search_term_string}"},"query-input":{"@type":"PropertyValueSpecification","valueRequired":true,"valueName":"search_term_string"}}],"inLanguage":"en-US"}]}},"_links":{"self":[{"href":"https:\/\/www.tugraz-verlag.at\/en\/wp-json\/wp\/v2\/product\/30465","targetHints":{"allow":["GET"]}}],"collection":[{"href":"https:\/\/www.tugraz-verlag.at\/en\/wp-json\/wp\/v2\/product"}],"about":[{"href":"https:\/\/www.tugraz-verlag.at\/en\/wp-json\/wp\/v2\/types\/product"}],"replies":[{"embeddable":true,"href":"https:\/\/www.tugraz-verlag.at\/en\/wp-json\/wp\/v2\/comments?post=30465"}],"wp:featuredmedia":[{"embeddable":true,"href":"https:\/\/www.tugraz-verlag.at\/en\/wp-json\/wp\/v2\/media\/39941"}],"wp:attachment":[{"href":"https:\/\/www.tugraz-verlag.at\/en\/wp-json\/wp\/v2\/media?parent=30465"}],"wp:term":[{"taxonomy":"product_brand","embeddable":true,"href":"https:\/\/www.tugraz-verlag.at\/en\/wp-json\/wp\/v2\/product_brand?post=30465"},{"taxonomy":"product_cat","embeddable":true,"href":"https:\/\/www.tugraz-verlag.at\/en\/wp-json\/wp\/v2\/product_cat?post=30465"},{"taxonomy":"product_tag","embeddable":true,"href":"https:\/\/www.tugraz-verlag.at\/en\/wp-json\/wp\/v2\/product_tag?post=30465"}],"curies":[{"name":"wp","href":"https:\/\/api.w.org\/{rel}","templated":true}]}}