{"id":30358,"date":"2026-03-28T07:31:48","date_gmt":"2026-03-28T07:31:48","guid":{"rendered":"http:\/\/www.tugraz-verlag.at\/gesamtverzeichnis\/unkategorisiert\/nachhaltiges-bauen-von-bueroimmobilien\/"},"modified":"2026-03-28T11:32:48","modified_gmt":"2026-03-28T09:32:48","slug":"nachhaltiges-bauen-von-bueroimmobilien","status":"publish","type":"product","link":"https:\/\/www.tugraz-verlag.at\/en\/gesamtverzeichnis\/bauingenieurwissenschaften\/nachhaltiges-bauen-von-bueroimmobilien\/","title":{"rendered":"Nachhaltiges Bauen [von B\u00fcroimmobilien]"},"content":{"rendered":"<p class=\"qtranxs-available-languages-message qtranxs-available-languages-message-en\">This entry is only available in German<\/p><p>Nachhaltiges Bauen [von B\u00fcroimmobilien]<br \/>Handlungsempfehlungen zur Anwendung der Leistungsbilder der HOAI<br \/>Die Umsetzung Nachhaltigen Bauens ist im deutschsprachigen Raum aus dem Experimentierstadium herausgetreten:<br \/>im Jahr 2012 lag der Anteil zertifizierter nachhaltiger B\u00fcroimmobilien bereits bei rund 25 % der genehmigten<br \/>Neubaufl\u00e4che.<br \/>Trotz der positiven Themenentwicklung besteht innerhalb der Branche ein Handlungs- und Abrechnungsdilemma<br \/>f\u00fcr Planungsleistungen zum Nachhaltigen Bauen. Dies, obwohl rund 50 % der Auftraggeber und Auftragnehmer<br \/>die Planung einer Immobilie nach Nachhaltigkeitskriterien als eine \u201eBesondere Leistung\u201c ansehen!<br \/>Mit dieser Ver\u00f6ffentlichung steht der Branche ein auf vertraglicher Ebene durchformuliertes Leistungsbild f\u00fcr<br \/>\u201enachhaltige Planung\u201c (LPH 1-9) auf Basis des Bewertungssystems Nachhaltiges Bauen (BNB-System) zur<br \/>Verf\u00fcgung.<br \/>Erreicht wird dies durch eine Konkretisierung, Zuordnung und Querverweisung der nachhaltigkeitswirksamen<br \/>Planungsleistungen zu und zwischen den Leistungsbildern und -phasen der HOAI 2013. Zur vollst\u00e4ndigen Abbildung<br \/>werden \u00fcber die Grund- und Besonderen Leistungen hinaus auch \u201eWeitere Besondere Leistungen\u201c<br \/>beschrieben.<br \/>Eine Anwendung dieser erweiterten Leistungsbilder im Rahmen einer Zertifizierung nach dem Deutschen G\u00fctesiegel<br \/>Nachhaltiges Bauen (DGNB) ist aufgrund des gleichen Entwicklungsursprungs von DGNB- und BNBSystem<br \/>in den derzeitigen Versionen auf Vertragsebene m\u00f6glich.<\/p>","protected":false},"excerpt":{"rendered":"<p class=\"qtranxs-available-languages-message qtranxs-available-languages-message-en\">This entry is only available in German<\/p>\n<p>Nachhaltiges Bauen [von B\u00fcroimmobilien]<br \/>Handlungsempfehlungen zur Anwendung der Leistungsbilder der HOAI<br \/>Die Umsetzung Nachhaltigen Bauens ist im deutschsprachigen Raum aus dem Experimentierstadium herausgetreten:<br \/>im Jahr 2012 lag der Anteil zertifizierter nachhaltiger B\u00fcroimmobilien bereits bei rund 25 % der genehmigten<br \/>Neubaufl\u00e4che.<br \/>Trotz der positiven Themenentwicklung besteht innerhalb der Branche ein Handlungs- und Abrechnungsdilemma<br \/>f\u00fcr Planungsleistungen zum Nachhaltigen Bauen. Dies, obwohl rund 50 % der Auftraggeber und Auftragnehmer<br \/>die Planung einer Immobilie nach Nachhaltigkeitskriterien als eine \u201eBesondere Leistung\u201c ansehen!<br \/>Mit dieser Ver\u00f6ffentlichung steht der Branche ein auf vertraglicher Ebene durchformuliertes Leistungsbild f\u00fcr<br \/>\u201enachhaltige Planung\u201c (LPH 1-9) auf Basis des Bewertungssystems Nachhaltiges Bauen (BNB-System) zur<br \/>Verf\u00fcgung.<br \/>Erreicht wird dies durch eine Konkretisierung, Zuordnung und Querverweisung der nachhaltigkeitswirksamen<br \/>Planungsleistungen zu und zwischen den Leistungsbildern und -phasen der HOAI 2013. Zur vollst\u00e4ndigen Abbildung<br \/>werden \u00fcber die Grund- und Besonderen Leistungen hinaus auch \u201eWeitere Besondere Leistungen\u201c<br \/>beschrieben.<br \/>Eine Anwendung dieser erweiterten Leistungsbilder im Rahmen einer Zertifizierung nach dem Deutschen G\u00fctesiegel<br \/>Nachhaltiges Bauen (DGNB) ist aufgrund des gleichen Entwicklungsursprungs von DGNB- und BNBSystem<br \/>in den derzeitigen Versionen auf Vertragsebene m\u00f6glich.<\/p>\n","protected":false},"featured_media":39892,"comment_status":"open","ping_status":"closed","template":"","meta":{"_acf_changed":false},"product_brand":[],"product_cat":[1627],"product_tag":[2974],"class_list":{"0":"post-30358","1":"product","2":"type-product","3":"status-publish","4":"has-post-thumbnail","6":"product_cat-bauingenieurwissenschaften","7":"product_tag-objektplanung-bauvorbereitung-raumordnungsrecht-baurecht-bauoekologie-baubiologie-nachhaltigkeit","8":"autor-meckmann-felix","10":"first","11":"instock","12":"sale","13":"taxable","14":"shipping-taxable","15":"purchasable","16":"product-type-simple"},"acf":[],"yoast_head":"<!-- This site is optimized with the Yoast SEO plugin v27.2 - https:\/\/yoast.com\/product\/yoast-seo-wordpress\/ -->\n<title>Nachhaltiges Bauen [von B\u00fcroimmobilien] - Verlag der TU Graz<\/title>\n<meta name=\"robots\" content=\"index, follow, max-snippet:-1, max-image-preview:large, max-video-preview:-1\" \/>\n<link rel=\"canonical\" href=\"https:\/\/www.tugraz-verlag.at\/en\/gesamtverzeichnis\/bauingenieurwissenschaften\/nachhaltiges-bauen-von-bueroimmobilien\/\" \/>\n<meta property=\"og:locale\" content=\"en_US\" \/>\n<meta property=\"og:type\" content=\"article\" \/>\n<meta property=\"og:title\" content=\"Nachhaltiges Bauen [von B\u00fcroimmobilien] - Verlag der TU Graz\" \/>\n<meta property=\"og:description\" content=\"Nachhaltiges Bauen [von B\u00fcroimmobilien]Handlungsempfehlungen zur Anwendung der Leistungsbilder der HOAIDie Umsetzung Nachhaltigen Bauens ist im deutschsprachigen Raum aus dem Experimentierstadium herausgetreten:im Jahr 2012 lag der Anteil zertifizierter nachhaltiger B\u00fcroimmobilien bereits bei rund 25 % der genehmigtenNeubaufl\u00e4che.Trotz der positiven Themenentwicklung besteht innerhalb der Branche ein Handlungs- und Abrechnungsdilemmaf\u00fcr Planungsleistungen zum Nachhaltigen Bauen. Dies, obwohl rund 50 % der Auftraggeber und Auftragnehmerdie Planung einer Immobilie nach Nachhaltigkeitskriterien als eine \u201eBesondere Leistung\u201c ansehen!Mit dieser Ver\u00f6ffentlichung steht der Branche ein auf vertraglicher Ebene durchformuliertes Leistungsbild f\u00fcr\u201enachhaltige Planung\u201c (LPH 1-9) auf Basis des Bewertungssystems Nachhaltiges Bauen (BNB-System) zurVerf\u00fcgung.Erreicht wird dies durch eine Konkretisierung, Zuordnung und Querverweisung der nachhaltigkeitswirksamenPlanungsleistungen zu und zwischen den Leistungsbildern und -phasen der HOAI 2013. Zur vollst\u00e4ndigen Abbildungwerden \u00fcber die Grund- und Besonderen Leistungen hinaus auch \u201eWeitere Besondere Leistungen\u201cbeschrieben.Eine Anwendung dieser erweiterten Leistungsbilder im Rahmen einer Zertifizierung nach dem Deutschen G\u00fctesiegelNachhaltiges Bauen (DGNB) ist aufgrund des gleichen Entwicklungsursprungs von DGNB- und BNBSystemin den derzeitigen Versionen auf Vertragsebene m\u00f6glich.\" \/>\n<meta property=\"og:url\" content=\"https:\/\/www.tugraz-verlag.at\/en\/gesamtverzeichnis\/bauingenieurwissenschaften\/nachhaltiges-bauen-von-bueroimmobilien\/\" \/>\n<meta property=\"og:site_name\" content=\"Verlag der TU Graz\" \/>\n<meta property=\"article:modified_time\" content=\"2026-03-28T09:32:48+00:00\" \/>\n<meta property=\"og:image\" content=\"https:\/\/www.tugraz-verlag.at\/wp-content\/uploads\/asolmerce\/image-978-3-85125-322-1.jpg\" \/>\n\t<meta property=\"og:image:width\" content=\"588\" \/>\n\t<meta property=\"og:image:height\" content=\"820\" \/>\n\t<meta property=\"og:image:type\" content=\"image\/jpeg\" \/>\n<meta name=\"twitter:card\" content=\"summary_large_image\" \/>\n<meta name=\"twitter:label1\" content=\"Est. reading time\" \/>\n\t<meta name=\"twitter:data1\" content=\"1 minute\" \/>\n<script type=\"application\/ld+json\" class=\"yoast-schema-graph\">{\"@context\":\"https:\/\/schema.org\",\"@graph\":[{\"@type\":\"WebPage\",\"@id\":\"https:\/\/www.tugraz-verlag.at\/en\/gesamtverzeichnis\/bauingenieurwissenschaften\/nachhaltiges-bauen-von-bueroimmobilien\/\",\"url\":\"https:\/\/www.tugraz-verlag.at\/en\/gesamtverzeichnis\/bauingenieurwissenschaften\/nachhaltiges-bauen-von-bueroimmobilien\/\",\"name\":\"Nachhaltiges Bauen [von B\u00fcroimmobilien] - Verlag der TU Graz\",\"isPartOf\":{\"@id\":\"https:\/\/www.tugraz-verlag.at\/en\/#website\"},\"primaryImageOfPage\":{\"@id\":\"https:\/\/www.tugraz-verlag.at\/en\/gesamtverzeichnis\/bauingenieurwissenschaften\/nachhaltiges-bauen-von-bueroimmobilien\/#primaryimage\"},\"image\":{\"@id\":\"https:\/\/www.tugraz-verlag.at\/gesamtverzeichnis\/bauingenieurwissenschaften\/nachhaltiges-bauen-von-bueroimmobilien\/#primaryimage\"},\"thumbnailUrl\":\"https:\/\/www.tugraz-verlag.at\/wp-content\/uploads\/asolmerce\/image-978-3-85125-322-1.jpg\",\"datePublished\":\"2026-03-28T07:31:48+00:00\",\"dateModified\":\"2026-03-28T09:32:48+00:00\",\"breadcrumb\":{\"@id\":\"https:\/\/www.tugraz-verlag.at\/en\/gesamtverzeichnis\/bauingenieurwissenschaften\/nachhaltiges-bauen-von-bueroimmobilien\/#breadcrumb\"},\"inLanguage\":\"en-US\",\"potentialAction\":[{\"@type\":\"ReadAction\",\"target\":[[\"https:\/\/www.tugraz-verlag.at\/en\/gesamtverzeichnis\/bauingenieurwissenschaften\/nachhaltiges-bauen-von-bueroimmobilien\/\"]]}]},{\"@type\":\"ImageObject\",\"inLanguage\":\"en-US\",\"@id\":\"https:\/\/www.tugraz-verlag.at\/en\/gesamtverzeichnis\/bauingenieurwissenschaften\/nachhaltiges-bauen-von-bueroimmobilien\/#primaryimage\",\"url\":\"https:\/\/www.tugraz-verlag.at\/wp-content\/uploads\/asolmerce\/image-978-3-85125-322-1.jpg\",\"contentUrl\":\"https:\/\/www.tugraz-verlag.at\/wp-content\/uploads\/asolmerce\/image-978-3-85125-322-1.jpg\",\"width\":588,\"height\":820},{\"@type\":\"BreadcrumbList\",\"@id\":\"https:\/\/www.tugraz-verlag.at\/en\/gesamtverzeichnis\/bauingenieurwissenschaften\/nachhaltiges-bauen-von-bueroimmobilien\/#breadcrumb\",\"itemListElement\":[{\"@type\":\"ListItem\",\"position\":1,\"name\":\"Home\",\"item\":\"https:\/\/www.tugraz-verlag.at\/en\/\"},{\"@type\":\"ListItem\",\"position\":2,\"name\":\"Gesamtverzeichnis\",\"item\":\"https:\/\/www.tugraz-verlag.at\/en\/gesamtverzeichnis\/\"},{\"@type\":\"ListItem\",\"position\":3,\"name\":\"Nachhaltiges Bauen [von B\u00fcroimmobilien]\"}]},{\"@type\":\"WebSite\",\"@id\":\"https:\/\/www.tugraz-verlag.at\/en\/#website\",\"url\":\"https:\/\/www.tugraz-verlag.at\/en\/\",\"name\":\"Verlag der TU Graz\",\"description\":\"Verlag der Technischen Universit\u00e4t Graz\",\"potentialAction\":[{\"@type\":\"SearchAction\",\"target\":{\"@type\":\"EntryPoint\",\"urlTemplate\":\"https:\/\/www.tugraz-verlag.at\/en\/?s={search_term_string}\"},\"query-input\":{\"@type\":\"PropertyValueSpecification\",\"valueRequired\":true,\"valueName\":\"search_term_string\"}}],\"inLanguage\":\"en-US\"}]}<\/script>\n<!-- \/ Yoast SEO plugin. -->","yoast_head_json":{"title":"Nachhaltiges Bauen [von B\u00fcroimmobilien] - Verlag der TU Graz","robots":{"index":"index","follow":"follow","max-snippet":"max-snippet:-1","max-image-preview":"max-image-preview:large","max-video-preview":"max-video-preview:-1"},"canonical":"https:\/\/www.tugraz-verlag.at\/en\/gesamtverzeichnis\/bauingenieurwissenschaften\/nachhaltiges-bauen-von-bueroimmobilien\/","og_locale":"en_US","og_type":"article","og_title":"Nachhaltiges Bauen [von B\u00fcroimmobilien] - Verlag der TU Graz","og_description":"Nachhaltiges Bauen [von B\u00fcroimmobilien]Handlungsempfehlungen zur Anwendung der Leistungsbilder der HOAIDie Umsetzung Nachhaltigen Bauens ist im deutschsprachigen Raum aus dem Experimentierstadium herausgetreten:im Jahr 2012 lag der Anteil zertifizierter nachhaltiger B\u00fcroimmobilien bereits bei rund 25 % der genehmigtenNeubaufl\u00e4che.Trotz der positiven Themenentwicklung besteht innerhalb der Branche ein Handlungs- und Abrechnungsdilemmaf\u00fcr Planungsleistungen zum Nachhaltigen Bauen. Dies, obwohl rund 50 % der Auftraggeber und Auftragnehmerdie Planung einer Immobilie nach Nachhaltigkeitskriterien als eine \u201eBesondere Leistung\u201c ansehen!Mit dieser Ver\u00f6ffentlichung steht der Branche ein auf vertraglicher Ebene durchformuliertes Leistungsbild f\u00fcr\u201enachhaltige Planung\u201c (LPH 1-9) auf Basis des Bewertungssystems Nachhaltiges Bauen (BNB-System) zurVerf\u00fcgung.Erreicht wird dies durch eine Konkretisierung, Zuordnung und Querverweisung der nachhaltigkeitswirksamenPlanungsleistungen zu und zwischen den Leistungsbildern und -phasen der HOAI 2013. Zur vollst\u00e4ndigen Abbildungwerden \u00fcber die Grund- und Besonderen Leistungen hinaus auch \u201eWeitere Besondere Leistungen\u201cbeschrieben.Eine Anwendung dieser erweiterten Leistungsbilder im Rahmen einer Zertifizierung nach dem Deutschen G\u00fctesiegelNachhaltiges Bauen (DGNB) ist aufgrund des gleichen Entwicklungsursprungs von DGNB- und BNBSystemin den derzeitigen Versionen auf Vertragsebene m\u00f6glich.","og_url":"https:\/\/www.tugraz-verlag.at\/en\/gesamtverzeichnis\/bauingenieurwissenschaften\/nachhaltiges-bauen-von-bueroimmobilien\/","og_site_name":"Verlag der TU Graz","article_modified_time":"2026-03-28T09:32:48+00:00","og_image":[{"width":588,"height":820,"url":"https:\/\/www.tugraz-verlag.at\/wp-content\/uploads\/asolmerce\/image-978-3-85125-322-1.jpg","type":"image\/jpeg"}],"twitter_card":"summary_large_image","twitter_misc":{"Est. reading time":"1 minute"},"schema":{"@context":"https:\/\/schema.org","@graph":[{"@type":"WebPage","@id":"https:\/\/www.tugraz-verlag.at\/en\/gesamtverzeichnis\/bauingenieurwissenschaften\/nachhaltiges-bauen-von-bueroimmobilien\/","url":"https:\/\/www.tugraz-verlag.at\/en\/gesamtverzeichnis\/bauingenieurwissenschaften\/nachhaltiges-bauen-von-bueroimmobilien\/","name":"Nachhaltiges Bauen [von B\u00fcroimmobilien] - Verlag der TU Graz","isPartOf":{"@id":"https:\/\/www.tugraz-verlag.at\/en\/#website"},"primaryImageOfPage":{"@id":"https:\/\/www.tugraz-verlag.at\/en\/gesamtverzeichnis\/bauingenieurwissenschaften\/nachhaltiges-bauen-von-bueroimmobilien\/#primaryimage"},"image":{"@id":"https:\/\/www.tugraz-verlag.at\/gesamtverzeichnis\/bauingenieurwissenschaften\/nachhaltiges-bauen-von-bueroimmobilien\/#primaryimage"},"thumbnailUrl":"https:\/\/www.tugraz-verlag.at\/wp-content\/uploads\/asolmerce\/image-978-3-85125-322-1.jpg","datePublished":"2026-03-28T07:31:48+00:00","dateModified":"2026-03-28T09:32:48+00:00","breadcrumb":{"@id":"https:\/\/www.tugraz-verlag.at\/en\/gesamtverzeichnis\/bauingenieurwissenschaften\/nachhaltiges-bauen-von-bueroimmobilien\/#breadcrumb"},"inLanguage":"en-US","potentialAction":[{"@type":"ReadAction","target":[["https:\/\/www.tugraz-verlag.at\/en\/gesamtverzeichnis\/bauingenieurwissenschaften\/nachhaltiges-bauen-von-bueroimmobilien\/"]]}]},{"@type":"ImageObject","inLanguage":"en-US","@id":"https:\/\/www.tugraz-verlag.at\/en\/gesamtverzeichnis\/bauingenieurwissenschaften\/nachhaltiges-bauen-von-bueroimmobilien\/#primaryimage","url":"https:\/\/www.tugraz-verlag.at\/wp-content\/uploads\/asolmerce\/image-978-3-85125-322-1.jpg","contentUrl":"https:\/\/www.tugraz-verlag.at\/wp-content\/uploads\/asolmerce\/image-978-3-85125-322-1.jpg","width":588,"height":820},{"@type":"BreadcrumbList","@id":"https:\/\/www.tugraz-verlag.at\/en\/gesamtverzeichnis\/bauingenieurwissenschaften\/nachhaltiges-bauen-von-bueroimmobilien\/#breadcrumb","itemListElement":[{"@type":"ListItem","position":1,"name":"Home","item":"https:\/\/www.tugraz-verlag.at\/en\/"},{"@type":"ListItem","position":2,"name":"Gesamtverzeichnis","item":"https:\/\/www.tugraz-verlag.at\/en\/gesamtverzeichnis\/"},{"@type":"ListItem","position":3,"name":"Nachhaltiges Bauen [von B\u00fcroimmobilien]"}]},{"@type":"WebSite","@id":"https:\/\/www.tugraz-verlag.at\/en\/#website","url":"https:\/\/www.tugraz-verlag.at\/en\/","name":"Verlag der TU Graz","description":"Verlag der Technischen Universit\u00e4t Graz","potentialAction":[{"@type":"SearchAction","target":{"@type":"EntryPoint","urlTemplate":"https:\/\/www.tugraz-verlag.at\/en\/?s={search_term_string}"},"query-input":{"@type":"PropertyValueSpecification","valueRequired":true,"valueName":"search_term_string"}}],"inLanguage":"en-US"}]}},"_links":{"self":[{"href":"https:\/\/www.tugraz-verlag.at\/en\/wp-json\/wp\/v2\/product\/30358","targetHints":{"allow":["GET"]}}],"collection":[{"href":"https:\/\/www.tugraz-verlag.at\/en\/wp-json\/wp\/v2\/product"}],"about":[{"href":"https:\/\/www.tugraz-verlag.at\/en\/wp-json\/wp\/v2\/types\/product"}],"replies":[{"embeddable":true,"href":"https:\/\/www.tugraz-verlag.at\/en\/wp-json\/wp\/v2\/comments?post=30358"}],"wp:featuredmedia":[{"embeddable":true,"href":"https:\/\/www.tugraz-verlag.at\/en\/wp-json\/wp\/v2\/media\/39892"}],"wp:attachment":[{"href":"https:\/\/www.tugraz-verlag.at\/en\/wp-json\/wp\/v2\/media?parent=30358"}],"wp:term":[{"taxonomy":"product_brand","embeddable":true,"href":"https:\/\/www.tugraz-verlag.at\/en\/wp-json\/wp\/v2\/product_brand?post=30358"},{"taxonomy":"product_cat","embeddable":true,"href":"https:\/\/www.tugraz-verlag.at\/en\/wp-json\/wp\/v2\/product_cat?post=30358"},{"taxonomy":"product_tag","embeddable":true,"href":"https:\/\/www.tugraz-verlag.at\/en\/wp-json\/wp\/v2\/product_tag?post=30358"}],"curies":[{"name":"wp","href":"https:\/\/api.w.org\/{rel}","templated":true}]}}