{"id":30346,"date":"2026-03-28T07:31:43","date_gmt":"2026-03-28T07:31:43","guid":{"rendered":"http:\/\/www.tugraz-verlag.at\/gesamtverzeichnis\/unkategorisiert\/fassaden-mit-gesichtern\/"},"modified":"2026-03-28T11:32:44","modified_gmt":"2026-03-28T09:32:44","slug":"fassaden-mit-gesichtern","status":"publish","type":"product","link":"https:\/\/www.tugraz-verlag.at\/en\/gesamtverzeichnis\/architektur\/fassaden-mit-gesichtern\/","title":{"rendered":"Fassaden mit Gesichtern"},"content":{"rendered":"<p class=\"qtranxs-available-languages-message qtranxs-available-languages-message-en\">This entry is only available in German<\/p><p>Die Vorstellung von der Architektur als dritte Haut des Menschen pr\u00e4gt das Bauen seit jeher. Da verwundert es nicht, wenn auch heute noch von der \u201eAu\u00dfenhaut\u201c eines Geb\u00e4udes oder einem \u201eBauk\u00f6rper\u201c gesprochen wird. In fast allen Sprachen dieser Welt sind die Begriffe f\u00fcr Fenster und Augen oder f\u00fcr T\u00fcr und Mund \u00e4hnlich, wenn nicht gar gleich.<br \/>\nDaher \u00fcberrascht es nicht, wenn Fassaden oft einem Gesicht gleichen oder intendiert so gestaltet sind. In dieser Publikation werden zahlreiche Beispiele aus den vier Kontinenten Europa, Afrika, Asien und Altamerika gezeigt und in ihrem kulturellen Zusammenhang besprochen.<br \/>\nIn einem weiteren Schritt konnte die Stadt, besonders die ummauerte, historische als eine vierte sch\u00fctzende Haut dargestellt werden, was sich an vielen Stadttoren in Form von riesigen Gesichtern zeigt, aber auch in etlichen Urbanglyphen mit abwehrendem Charakter.<\/p>","protected":false},"excerpt":{"rendered":"<p class=\"qtranxs-available-languages-message qtranxs-available-languages-message-en\">This entry is only available in German<\/p>\n<p>Die Vorstellung von der Architektur als dritte Haut des Menschen pr\u00e4gt das Bauen seit jeher. Da verwundert es nicht, wenn auch heute noch von der \u201eAu\u00dfenhaut\u201c eines Geb\u00e4udes oder einem \u201eBauk\u00f6rper\u201c gesprochen wird. In fast allen Sprachen dieser Welt sind die Begriffe f\u00fcr Fenster und Augen oder f\u00fcr T\u00fcr und Mund \u00e4hnlich, wenn nicht gar gleich.<br \/>\nDaher \u00fcberrascht es nicht, wenn Fassaden oft einem Gesicht gleichen oder intendiert so gestaltet sind. In dieser Publikation werden zahlreiche Beispiele aus den vier Kontinenten Europa, Afrika, Asien und Altamerika gezeigt und in ihrem kulturellen Zusammenhang besprochen.<br \/>\nIn einem weiteren Schritt konnte die Stadt, besonders die ummauerte, historische als eine vierte sch\u00fctzende Haut dargestellt werden, was sich an vielen Stadttoren in Form von riesigen Gesichtern zeigt, aber auch in etlichen Urbanglyphen mit abwehrendem Charakter.<\/p>\n","protected":false},"featured_media":39886,"comment_status":"open","ping_status":"closed","template":"","meta":{"_acf_changed":false},"product_brand":[],"product_cat":[1565],"product_tag":[2965,2966],"class_list":{"0":"post-30346","1":"product","2":"type-product","3":"status-publish","4":"has-post-thumbnail","6":"product_cat-architektur","7":"product_tag-architektur-fassadengestaltung-gesicht","8":"product_tag-motiv-geschichte-beispielsammlung","9":"autor-hohmann-hasso","11":"first","12":"instock","13":"taxable","14":"shipping-taxable","15":"purchasable","16":"product-type-simple"},"acf":[],"yoast_head":"<!-- This site is optimized with the Yoast SEO plugin v27.2 - https:\/\/yoast.com\/product\/yoast-seo-wordpress\/ -->\n<title>Fassaden mit Gesichtern - Verlag der TU Graz<\/title>\n<meta name=\"robots\" content=\"index, follow, max-snippet:-1, max-image-preview:large, max-video-preview:-1\" \/>\n<link rel=\"canonical\" href=\"https:\/\/www.tugraz-verlag.at\/en\/gesamtverzeichnis\/architektur\/fassaden-mit-gesichtern\/\" \/>\n<meta property=\"og:locale\" content=\"en_US\" \/>\n<meta property=\"og:type\" content=\"article\" \/>\n<meta property=\"og:title\" content=\"Fassaden mit Gesichtern - Verlag der TU Graz\" \/>\n<meta property=\"og:description\" content=\"Die Vorstellung von der Architektur als dritte Haut des Menschen pr\u00e4gt das Bauen seit jeher. Da verwundert es nicht, wenn auch heute noch von der \u201eAu\u00dfenhaut\u201c eines Geb\u00e4udes oder einem \u201eBauk\u00f6rper\u201c gesprochen wird. In fast allen Sprachen dieser Welt sind die Begriffe f\u00fcr Fenster und Augen oder f\u00fcr T\u00fcr und Mund \u00e4hnlich, wenn nicht gar gleich. Daher \u00fcberrascht es nicht, wenn Fassaden oft einem Gesicht gleichen oder intendiert so gestaltet sind. In dieser Publikation werden zahlreiche Beispiele aus den vier Kontinenten Europa, Afrika, Asien und Altamerika gezeigt und in ihrem kulturellen Zusammenhang besprochen. In einem weiteren Schritt konnte die Stadt, besonders die ummauerte, historische als eine vierte sch\u00fctzende Haut dargestellt werden, was sich an vielen Stadttoren in Form von riesigen Gesichtern zeigt, aber auch in etlichen Urbanglyphen mit abwehrendem Charakter.\" \/>\n<meta property=\"og:url\" content=\"https:\/\/www.tugraz-verlag.at\/en\/gesamtverzeichnis\/architektur\/fassaden-mit-gesichtern\/\" \/>\n<meta property=\"og:site_name\" content=\"Verlag der TU Graz\" \/>\n<meta property=\"article:modified_time\" content=\"2026-03-28T09:32:44+00:00\" \/>\n<meta property=\"og:image\" content=\"https:\/\/www.tugraz-verlag.at\/wp-content\/uploads\/asolmerce\/image-978-3-85125-317-7.jpg\" \/>\n\t<meta property=\"og:image:width\" content=\"661\" \/>\n\t<meta property=\"og:image:height\" content=\"894\" \/>\n\t<meta property=\"og:image:type\" content=\"image\/jpeg\" \/>\n<meta name=\"twitter:card\" content=\"summary_large_image\" \/>\n<meta name=\"twitter:label1\" content=\"Est. reading time\" \/>\n\t<meta name=\"twitter:data1\" content=\"1 minute\" \/>\n<script type=\"application\/ld+json\" class=\"yoast-schema-graph\">{\"@context\":\"https:\/\/schema.org\",\"@graph\":[{\"@type\":\"WebPage\",\"@id\":\"https:\/\/www.tugraz-verlag.at\/en\/gesamtverzeichnis\/architektur\/fassaden-mit-gesichtern\/\",\"url\":\"https:\/\/www.tugraz-verlag.at\/en\/gesamtverzeichnis\/architektur\/fassaden-mit-gesichtern\/\",\"name\":\"Fassaden mit Gesichtern - Verlag der TU Graz\",\"isPartOf\":{\"@id\":\"https:\/\/www.tugraz-verlag.at\/en\/#website\"},\"primaryImageOfPage\":{\"@id\":\"https:\/\/www.tugraz-verlag.at\/en\/gesamtverzeichnis\/architektur\/fassaden-mit-gesichtern\/#primaryimage\"},\"image\":{\"@id\":\"https:\/\/www.tugraz-verlag.at\/gesamtverzeichnis\/architektur\/fassaden-mit-gesichtern\/#primaryimage\"},\"thumbnailUrl\":\"https:\/\/www.tugraz-verlag.at\/wp-content\/uploads\/asolmerce\/image-978-3-85125-317-7.jpg\",\"datePublished\":\"2026-03-28T07:31:43+00:00\",\"dateModified\":\"2026-03-28T09:32:44+00:00\",\"breadcrumb\":{\"@id\":\"https:\/\/www.tugraz-verlag.at\/en\/gesamtverzeichnis\/architektur\/fassaden-mit-gesichtern\/#breadcrumb\"},\"inLanguage\":\"en-US\",\"potentialAction\":[{\"@type\":\"ReadAction\",\"target\":[[\"https:\/\/www.tugraz-verlag.at\/en\/gesamtverzeichnis\/architektur\/fassaden-mit-gesichtern\/\"]]}]},{\"@type\":\"ImageObject\",\"inLanguage\":\"en-US\",\"@id\":\"https:\/\/www.tugraz-verlag.at\/en\/gesamtverzeichnis\/architektur\/fassaden-mit-gesichtern\/#primaryimage\",\"url\":\"https:\/\/www.tugraz-verlag.at\/wp-content\/uploads\/asolmerce\/image-978-3-85125-317-7.jpg\",\"contentUrl\":\"https:\/\/www.tugraz-verlag.at\/wp-content\/uploads\/asolmerce\/image-978-3-85125-317-7.jpg\",\"width\":661,\"height\":894},{\"@type\":\"BreadcrumbList\",\"@id\":\"https:\/\/www.tugraz-verlag.at\/en\/gesamtverzeichnis\/architektur\/fassaden-mit-gesichtern\/#breadcrumb\",\"itemListElement\":[{\"@type\":\"ListItem\",\"position\":1,\"name\":\"Home\",\"item\":\"https:\/\/www.tugraz-verlag.at\/en\/\"},{\"@type\":\"ListItem\",\"position\":2,\"name\":\"Gesamtverzeichnis\",\"item\":\"https:\/\/www.tugraz-verlag.at\/en\/gesamtverzeichnis\/\"},{\"@type\":\"ListItem\",\"position\":3,\"name\":\"Fassaden mit Gesichtern\"}]},{\"@type\":\"WebSite\",\"@id\":\"https:\/\/www.tugraz-verlag.at\/en\/#website\",\"url\":\"https:\/\/www.tugraz-verlag.at\/en\/\",\"name\":\"Verlag der TU Graz\",\"description\":\"Verlag der Technischen Universit\u00e4t Graz\",\"potentialAction\":[{\"@type\":\"SearchAction\",\"target\":{\"@type\":\"EntryPoint\",\"urlTemplate\":\"https:\/\/www.tugraz-verlag.at\/en\/?s={search_term_string}\"},\"query-input\":{\"@type\":\"PropertyValueSpecification\",\"valueRequired\":true,\"valueName\":\"search_term_string\"}}],\"inLanguage\":\"en-US\"}]}<\/script>\n<!-- \/ Yoast SEO plugin. -->","yoast_head_json":{"title":"Fassaden mit Gesichtern - Verlag der TU Graz","robots":{"index":"index","follow":"follow","max-snippet":"max-snippet:-1","max-image-preview":"max-image-preview:large","max-video-preview":"max-video-preview:-1"},"canonical":"https:\/\/www.tugraz-verlag.at\/en\/gesamtverzeichnis\/architektur\/fassaden-mit-gesichtern\/","og_locale":"en_US","og_type":"article","og_title":"Fassaden mit Gesichtern - Verlag der TU Graz","og_description":"Die Vorstellung von der Architektur als dritte Haut des Menschen pr\u00e4gt das Bauen seit jeher. Da verwundert es nicht, wenn auch heute noch von der \u201eAu\u00dfenhaut\u201c eines Geb\u00e4udes oder einem \u201eBauk\u00f6rper\u201c gesprochen wird. In fast allen Sprachen dieser Welt sind die Begriffe f\u00fcr Fenster und Augen oder f\u00fcr T\u00fcr und Mund \u00e4hnlich, wenn nicht gar gleich. Daher \u00fcberrascht es nicht, wenn Fassaden oft einem Gesicht gleichen oder intendiert so gestaltet sind. In dieser Publikation werden zahlreiche Beispiele aus den vier Kontinenten Europa, Afrika, Asien und Altamerika gezeigt und in ihrem kulturellen Zusammenhang besprochen. In einem weiteren Schritt konnte die Stadt, besonders die ummauerte, historische als eine vierte sch\u00fctzende Haut dargestellt werden, was sich an vielen Stadttoren in Form von riesigen Gesichtern zeigt, aber auch in etlichen Urbanglyphen mit abwehrendem Charakter.","og_url":"https:\/\/www.tugraz-verlag.at\/en\/gesamtverzeichnis\/architektur\/fassaden-mit-gesichtern\/","og_site_name":"Verlag der TU Graz","article_modified_time":"2026-03-28T09:32:44+00:00","og_image":[{"width":661,"height":894,"url":"https:\/\/www.tugraz-verlag.at\/wp-content\/uploads\/asolmerce\/image-978-3-85125-317-7.jpg","type":"image\/jpeg"}],"twitter_card":"summary_large_image","twitter_misc":{"Est. reading time":"1 minute"},"schema":{"@context":"https:\/\/schema.org","@graph":[{"@type":"WebPage","@id":"https:\/\/www.tugraz-verlag.at\/en\/gesamtverzeichnis\/architektur\/fassaden-mit-gesichtern\/","url":"https:\/\/www.tugraz-verlag.at\/en\/gesamtverzeichnis\/architektur\/fassaden-mit-gesichtern\/","name":"Fassaden mit Gesichtern - Verlag der TU Graz","isPartOf":{"@id":"https:\/\/www.tugraz-verlag.at\/en\/#website"},"primaryImageOfPage":{"@id":"https:\/\/www.tugraz-verlag.at\/en\/gesamtverzeichnis\/architektur\/fassaden-mit-gesichtern\/#primaryimage"},"image":{"@id":"https:\/\/www.tugraz-verlag.at\/gesamtverzeichnis\/architektur\/fassaden-mit-gesichtern\/#primaryimage"},"thumbnailUrl":"https:\/\/www.tugraz-verlag.at\/wp-content\/uploads\/asolmerce\/image-978-3-85125-317-7.jpg","datePublished":"2026-03-28T07:31:43+00:00","dateModified":"2026-03-28T09:32:44+00:00","breadcrumb":{"@id":"https:\/\/www.tugraz-verlag.at\/en\/gesamtverzeichnis\/architektur\/fassaden-mit-gesichtern\/#breadcrumb"},"inLanguage":"en-US","potentialAction":[{"@type":"ReadAction","target":[["https:\/\/www.tugraz-verlag.at\/en\/gesamtverzeichnis\/architektur\/fassaden-mit-gesichtern\/"]]}]},{"@type":"ImageObject","inLanguage":"en-US","@id":"https:\/\/www.tugraz-verlag.at\/en\/gesamtverzeichnis\/architektur\/fassaden-mit-gesichtern\/#primaryimage","url":"https:\/\/www.tugraz-verlag.at\/wp-content\/uploads\/asolmerce\/image-978-3-85125-317-7.jpg","contentUrl":"https:\/\/www.tugraz-verlag.at\/wp-content\/uploads\/asolmerce\/image-978-3-85125-317-7.jpg","width":661,"height":894},{"@type":"BreadcrumbList","@id":"https:\/\/www.tugraz-verlag.at\/en\/gesamtverzeichnis\/architektur\/fassaden-mit-gesichtern\/#breadcrumb","itemListElement":[{"@type":"ListItem","position":1,"name":"Home","item":"https:\/\/www.tugraz-verlag.at\/en\/"},{"@type":"ListItem","position":2,"name":"Gesamtverzeichnis","item":"https:\/\/www.tugraz-verlag.at\/en\/gesamtverzeichnis\/"},{"@type":"ListItem","position":3,"name":"Fassaden mit Gesichtern"}]},{"@type":"WebSite","@id":"https:\/\/www.tugraz-verlag.at\/en\/#website","url":"https:\/\/www.tugraz-verlag.at\/en\/","name":"Verlag der TU Graz","description":"Verlag der Technischen Universit\u00e4t Graz","potentialAction":[{"@type":"SearchAction","target":{"@type":"EntryPoint","urlTemplate":"https:\/\/www.tugraz-verlag.at\/en\/?s={search_term_string}"},"query-input":{"@type":"PropertyValueSpecification","valueRequired":true,"valueName":"search_term_string"}}],"inLanguage":"en-US"}]}},"_links":{"self":[{"href":"https:\/\/www.tugraz-verlag.at\/en\/wp-json\/wp\/v2\/product\/30346","targetHints":{"allow":["GET"]}}],"collection":[{"href":"https:\/\/www.tugraz-verlag.at\/en\/wp-json\/wp\/v2\/product"}],"about":[{"href":"https:\/\/www.tugraz-verlag.at\/en\/wp-json\/wp\/v2\/types\/product"}],"replies":[{"embeddable":true,"href":"https:\/\/www.tugraz-verlag.at\/en\/wp-json\/wp\/v2\/comments?post=30346"}],"wp:featuredmedia":[{"embeddable":true,"href":"https:\/\/www.tugraz-verlag.at\/en\/wp-json\/wp\/v2\/media\/39886"}],"wp:attachment":[{"href":"https:\/\/www.tugraz-verlag.at\/en\/wp-json\/wp\/v2\/media?parent=30346"}],"wp:term":[{"taxonomy":"product_brand","embeddable":true,"href":"https:\/\/www.tugraz-verlag.at\/en\/wp-json\/wp\/v2\/product_brand?post=30346"},{"taxonomy":"product_cat","embeddable":true,"href":"https:\/\/www.tugraz-verlag.at\/en\/wp-json\/wp\/v2\/product_cat?post=30346"},{"taxonomy":"product_tag","embeddable":true,"href":"https:\/\/www.tugraz-verlag.at\/en\/wp-json\/wp\/v2\/product_tag?post=30346"}],"curies":[{"name":"wp","href":"https:\/\/api.w.org\/{rel}","templated":true}]}}