{"id":30337,"date":"2026-03-28T07:31:43","date_gmt":"2026-03-28T07:31:43","guid":{"rendered":"http:\/\/www.tugraz-verlag.at\/gesamtverzeichnis\/unkategorisiert\/12-grazer-baubetriebs-und-bauwirtschaftssymposium-tagungsband-2014\/"},"modified":"2026-03-28T11:32:43","modified_gmt":"2026-03-28T09:32:43","slug":"12-grazer-baubetriebs-und-bauwirtschaftssymposium-tagungsband-2014","status":"publish","type":"product","link":"https:\/\/www.tugraz-verlag.at\/en\/gesamtverzeichnis\/bauingenieurwissenschaften\/12-grazer-baubetriebs-und-bauwirtschaftssymposium-tagungsband-2014\/","title":{"rendered":"12. Grazer Baubetriebs- und Bauwirtschaftssymposium, Tagungsband 2014"},"content":{"rendered":"<p class=\"qtranxs-available-languages-message qtranxs-available-languages-message-en\">This entry is only available in German<\/p><p>Im Rahmen des 12. Grazer Baubetriebs- und Bauwirtschaftssymposiums wird den zum Teil kontroversen Einsch\u00e4tzungen und Meinungen zum Thema \u201eRisiken im Bauvertrag\u201c verschiedener am Bau Beteiligter nachgegangen und den Teilnehmern zur Diskussion gestellt. Die Ansichten und Ergebnisse der Referenten werden im vorliegenden Tagungsband ausgef\u00fchrt.<br \/>Insgesamt soll das Symposium Br\u00fccken zwischen den am Bau Beteiligten schlagen und einen emotions\u00e4rmeren, sachgerechten Umgang mit Risiken f\u00f6rdern.<\/p>\n<p><\/p>","protected":false},"excerpt":{"rendered":"<p class=\"qtranxs-available-languages-message qtranxs-available-languages-message-en\">This entry is only available in German<\/p>\n<p>Im Rahmen des 12. Grazer Baubetriebs- und Bauwirtschaftssymposiums wird den zum Teil kontroversen Einsch\u00e4tzungen und Meinungen zum Thema \u201eRisiken im Bauvertrag\u201c verschiedener am Bau Beteiligter nachgegangen und den Teilnehmern zur Diskussion gestellt. Die Ansichten und Ergebnisse der Referenten werden im vorliegenden Tagungsband ausgef\u00fchrt.<br \/>Insgesamt soll das Symposium Br\u00fccken zwischen den am Bau Beteiligten schlagen und einen emotions\u00e4rmeren, sachgerechten Umgang mit Risiken f\u00f6rdern.<\/p>\n","protected":false},"featured_media":39882,"comment_status":"open","ping_status":"closed","template":"","meta":{"_acf_changed":false},"product_brand":[],"product_cat":[1627],"product_tag":[2908],"class_list":{"0":"post-30337","1":"product","2":"type-product","3":"status-publish","4":"has-post-thumbnail","6":"product_cat-bauingenieurwissenschaften","7":"product_tag-bauablauf-bauaufsicht-stoerung-kongress","9":"first","10":"instock","11":"taxable","12":"shipping-taxable","13":"purchasable","14":"product-type-simple"},"acf":[],"yoast_head":"<!-- This site is optimized with the Yoast SEO plugin v27.2 - https:\/\/yoast.com\/product\/yoast-seo-wordpress\/ -->\n<title>12. Grazer Baubetriebs- und Bauwirtschaftssymposium, Tagungsband 2014 - Verlag der TU Graz<\/title>\n<meta name=\"robots\" content=\"index, follow, max-snippet:-1, max-image-preview:large, max-video-preview:-1\" \/>\n<link rel=\"canonical\" href=\"https:\/\/www.tugraz-verlag.at\/en\/gesamtverzeichnis\/bauingenieurwissenschaften\/12-grazer-baubetriebs-und-bauwirtschaftssymposium-tagungsband-2014\/\" \/>\n<meta property=\"og:locale\" content=\"en_US\" \/>\n<meta property=\"og:type\" content=\"article\" \/>\n<meta property=\"og:title\" content=\"12. Grazer Baubetriebs- und Bauwirtschaftssymposium, Tagungsband 2014 - Verlag der TU Graz\" \/>\n<meta property=\"og:description\" content=\"Im Rahmen des 12. Grazer Baubetriebs- und Bauwirtschaftssymposiums wird den zum Teil kontroversen Einsch\u00e4tzungen und Meinungen zum Thema \u201eRisiken im Bauvertrag\u201c verschiedener am Bau Beteiligter nachgegangen und den Teilnehmern zur Diskussion gestellt. Die Ansichten und Ergebnisse der Referenten werden im vorliegenden Tagungsband ausgef\u00fchrt.Insgesamt soll das Symposium Br\u00fccken zwischen den am Bau Beteiligten schlagen und einen emotions\u00e4rmeren, sachgerechten Umgang mit Risiken f\u00f6rdern.\" \/>\n<meta property=\"og:url\" content=\"https:\/\/www.tugraz-verlag.at\/en\/gesamtverzeichnis\/bauingenieurwissenschaften\/12-grazer-baubetriebs-und-bauwirtschaftssymposium-tagungsband-2014\/\" \/>\n<meta property=\"og:site_name\" content=\"Verlag der TU Graz\" \/>\n<meta property=\"article:modified_time\" content=\"2026-03-28T09:32:43+00:00\" \/>\n<meta property=\"og:image\" content=\"https:\/\/www.tugraz-verlag.at\/wp-content\/uploads\/asolmerce\/image-978-3-85125-312-2.jpg\" \/>\n\t<meta property=\"og:image:width\" content=\"577\" \/>\n\t<meta property=\"og:image:height\" content=\"817\" \/>\n\t<meta property=\"og:image:type\" content=\"image\/jpeg\" \/>\n<meta name=\"twitter:card\" content=\"summary_large_image\" \/>\n<script type=\"application\/ld+json\" class=\"yoast-schema-graph\">{\"@context\":\"https:\/\/schema.org\",\"@graph\":[{\"@type\":\"WebPage\",\"@id\":\"https:\/\/www.tugraz-verlag.at\/en\/gesamtverzeichnis\/bauingenieurwissenschaften\/12-grazer-baubetriebs-und-bauwirtschaftssymposium-tagungsband-2014\/\",\"url\":\"https:\/\/www.tugraz-verlag.at\/en\/gesamtverzeichnis\/bauingenieurwissenschaften\/12-grazer-baubetriebs-und-bauwirtschaftssymposium-tagungsband-2014\/\",\"name\":\"12. Grazer Baubetriebs- und Bauwirtschaftssymposium, Tagungsband 2014 - Verlag der TU Graz\",\"isPartOf\":{\"@id\":\"https:\/\/www.tugraz-verlag.at\/en\/#website\"},\"primaryImageOfPage\":{\"@id\":\"https:\/\/www.tugraz-verlag.at\/en\/gesamtverzeichnis\/bauingenieurwissenschaften\/12-grazer-baubetriebs-und-bauwirtschaftssymposium-tagungsband-2014\/#primaryimage\"},\"image\":{\"@id\":\"https:\/\/www.tugraz-verlag.at\/gesamtverzeichnis\/bauingenieurwissenschaften\/12-grazer-baubetriebs-und-bauwirtschaftssymposium-tagungsband-2014\/#primaryimage\"},\"thumbnailUrl\":\"https:\/\/www.tugraz-verlag.at\/wp-content\/uploads\/asolmerce\/image-978-3-85125-312-2.jpg\",\"datePublished\":\"2026-03-28T07:31:43+00:00\",\"dateModified\":\"2026-03-28T09:32:43+00:00\",\"breadcrumb\":{\"@id\":\"https:\/\/www.tugraz-verlag.at\/en\/gesamtverzeichnis\/bauingenieurwissenschaften\/12-grazer-baubetriebs-und-bauwirtschaftssymposium-tagungsband-2014\/#breadcrumb\"},\"inLanguage\":\"en-US\",\"potentialAction\":[{\"@type\":\"ReadAction\",\"target\":[[\"https:\/\/www.tugraz-verlag.at\/en\/gesamtverzeichnis\/bauingenieurwissenschaften\/12-grazer-baubetriebs-und-bauwirtschaftssymposium-tagungsband-2014\/\"]]}]},{\"@type\":\"ImageObject\",\"inLanguage\":\"en-US\",\"@id\":\"https:\/\/www.tugraz-verlag.at\/en\/gesamtverzeichnis\/bauingenieurwissenschaften\/12-grazer-baubetriebs-und-bauwirtschaftssymposium-tagungsband-2014\/#primaryimage\",\"url\":\"https:\/\/www.tugraz-verlag.at\/wp-content\/uploads\/asolmerce\/image-978-3-85125-312-2.jpg\",\"contentUrl\":\"https:\/\/www.tugraz-verlag.at\/wp-content\/uploads\/asolmerce\/image-978-3-85125-312-2.jpg\",\"width\":577,\"height\":817},{\"@type\":\"BreadcrumbList\",\"@id\":\"https:\/\/www.tugraz-verlag.at\/en\/gesamtverzeichnis\/bauingenieurwissenschaften\/12-grazer-baubetriebs-und-bauwirtschaftssymposium-tagungsband-2014\/#breadcrumb\",\"itemListElement\":[{\"@type\":\"ListItem\",\"position\":1,\"name\":\"Home\",\"item\":\"https:\/\/www.tugraz-verlag.at\/en\/\"},{\"@type\":\"ListItem\",\"position\":2,\"name\":\"Gesamtverzeichnis\",\"item\":\"https:\/\/www.tugraz-verlag.at\/en\/gesamtverzeichnis\/\"},{\"@type\":\"ListItem\",\"position\":3,\"name\":\"12. Grazer Baubetriebs- und Bauwirtschaftssymposium, Tagungsband 2014\"}]},{\"@type\":\"WebSite\",\"@id\":\"https:\/\/www.tugraz-verlag.at\/en\/#website\",\"url\":\"https:\/\/www.tugraz-verlag.at\/en\/\",\"name\":\"Verlag der TU Graz\",\"description\":\"Verlag der Technischen Universit\u00e4t Graz\",\"potentialAction\":[{\"@type\":\"SearchAction\",\"target\":{\"@type\":\"EntryPoint\",\"urlTemplate\":\"https:\/\/www.tugraz-verlag.at\/en\/?s={search_term_string}\"},\"query-input\":{\"@type\":\"PropertyValueSpecification\",\"valueRequired\":true,\"valueName\":\"search_term_string\"}}],\"inLanguage\":\"en-US\"}]}<\/script>\n<!-- \/ Yoast SEO plugin. -->","yoast_head_json":{"title":"12. Grazer Baubetriebs- und Bauwirtschaftssymposium, Tagungsband 2014 - Verlag der TU Graz","robots":{"index":"index","follow":"follow","max-snippet":"max-snippet:-1","max-image-preview":"max-image-preview:large","max-video-preview":"max-video-preview:-1"},"canonical":"https:\/\/www.tugraz-verlag.at\/en\/gesamtverzeichnis\/bauingenieurwissenschaften\/12-grazer-baubetriebs-und-bauwirtschaftssymposium-tagungsband-2014\/","og_locale":"en_US","og_type":"article","og_title":"12. Grazer Baubetriebs- und Bauwirtschaftssymposium, Tagungsband 2014 - Verlag der TU Graz","og_description":"Im Rahmen des 12. Grazer Baubetriebs- und Bauwirtschaftssymposiums wird den zum Teil kontroversen Einsch\u00e4tzungen und Meinungen zum Thema \u201eRisiken im Bauvertrag\u201c verschiedener am Bau Beteiligter nachgegangen und den Teilnehmern zur Diskussion gestellt. Die Ansichten und Ergebnisse der Referenten werden im vorliegenden Tagungsband ausgef\u00fchrt.Insgesamt soll das Symposium Br\u00fccken zwischen den am Bau Beteiligten schlagen und einen emotions\u00e4rmeren, sachgerechten Umgang mit Risiken f\u00f6rdern.","og_url":"https:\/\/www.tugraz-verlag.at\/en\/gesamtverzeichnis\/bauingenieurwissenschaften\/12-grazer-baubetriebs-und-bauwirtschaftssymposium-tagungsband-2014\/","og_site_name":"Verlag der TU Graz","article_modified_time":"2026-03-28T09:32:43+00:00","og_image":[{"width":577,"height":817,"url":"https:\/\/www.tugraz-verlag.at\/wp-content\/uploads\/asolmerce\/image-978-3-85125-312-2.jpg","type":"image\/jpeg"}],"twitter_card":"summary_large_image","schema":{"@context":"https:\/\/schema.org","@graph":[{"@type":"WebPage","@id":"https:\/\/www.tugraz-verlag.at\/en\/gesamtverzeichnis\/bauingenieurwissenschaften\/12-grazer-baubetriebs-und-bauwirtschaftssymposium-tagungsband-2014\/","url":"https:\/\/www.tugraz-verlag.at\/en\/gesamtverzeichnis\/bauingenieurwissenschaften\/12-grazer-baubetriebs-und-bauwirtschaftssymposium-tagungsband-2014\/","name":"12. Grazer Baubetriebs- und Bauwirtschaftssymposium, Tagungsband 2014 - Verlag der TU Graz","isPartOf":{"@id":"https:\/\/www.tugraz-verlag.at\/en\/#website"},"primaryImageOfPage":{"@id":"https:\/\/www.tugraz-verlag.at\/en\/gesamtverzeichnis\/bauingenieurwissenschaften\/12-grazer-baubetriebs-und-bauwirtschaftssymposium-tagungsband-2014\/#primaryimage"},"image":{"@id":"https:\/\/www.tugraz-verlag.at\/gesamtverzeichnis\/bauingenieurwissenschaften\/12-grazer-baubetriebs-und-bauwirtschaftssymposium-tagungsband-2014\/#primaryimage"},"thumbnailUrl":"https:\/\/www.tugraz-verlag.at\/wp-content\/uploads\/asolmerce\/image-978-3-85125-312-2.jpg","datePublished":"2026-03-28T07:31:43+00:00","dateModified":"2026-03-28T09:32:43+00:00","breadcrumb":{"@id":"https:\/\/www.tugraz-verlag.at\/en\/gesamtverzeichnis\/bauingenieurwissenschaften\/12-grazer-baubetriebs-und-bauwirtschaftssymposium-tagungsband-2014\/#breadcrumb"},"inLanguage":"en-US","potentialAction":[{"@type":"ReadAction","target":[["https:\/\/www.tugraz-verlag.at\/en\/gesamtverzeichnis\/bauingenieurwissenschaften\/12-grazer-baubetriebs-und-bauwirtschaftssymposium-tagungsband-2014\/"]]}]},{"@type":"ImageObject","inLanguage":"en-US","@id":"https:\/\/www.tugraz-verlag.at\/en\/gesamtverzeichnis\/bauingenieurwissenschaften\/12-grazer-baubetriebs-und-bauwirtschaftssymposium-tagungsband-2014\/#primaryimage","url":"https:\/\/www.tugraz-verlag.at\/wp-content\/uploads\/asolmerce\/image-978-3-85125-312-2.jpg","contentUrl":"https:\/\/www.tugraz-verlag.at\/wp-content\/uploads\/asolmerce\/image-978-3-85125-312-2.jpg","width":577,"height":817},{"@type":"BreadcrumbList","@id":"https:\/\/www.tugraz-verlag.at\/en\/gesamtverzeichnis\/bauingenieurwissenschaften\/12-grazer-baubetriebs-und-bauwirtschaftssymposium-tagungsband-2014\/#breadcrumb","itemListElement":[{"@type":"ListItem","position":1,"name":"Home","item":"https:\/\/www.tugraz-verlag.at\/en\/"},{"@type":"ListItem","position":2,"name":"Gesamtverzeichnis","item":"https:\/\/www.tugraz-verlag.at\/en\/gesamtverzeichnis\/"},{"@type":"ListItem","position":3,"name":"12. Grazer Baubetriebs- und Bauwirtschaftssymposium, Tagungsband 2014"}]},{"@type":"WebSite","@id":"https:\/\/www.tugraz-verlag.at\/en\/#website","url":"https:\/\/www.tugraz-verlag.at\/en\/","name":"Verlag der TU Graz","description":"Verlag der Technischen Universit\u00e4t Graz","potentialAction":[{"@type":"SearchAction","target":{"@type":"EntryPoint","urlTemplate":"https:\/\/www.tugraz-verlag.at\/en\/?s={search_term_string}"},"query-input":{"@type":"PropertyValueSpecification","valueRequired":true,"valueName":"search_term_string"}}],"inLanguage":"en-US"}]}},"_links":{"self":[{"href":"https:\/\/www.tugraz-verlag.at\/en\/wp-json\/wp\/v2\/product\/30337","targetHints":{"allow":["GET"]}}],"collection":[{"href":"https:\/\/www.tugraz-verlag.at\/en\/wp-json\/wp\/v2\/product"}],"about":[{"href":"https:\/\/www.tugraz-verlag.at\/en\/wp-json\/wp\/v2\/types\/product"}],"replies":[{"embeddable":true,"href":"https:\/\/www.tugraz-verlag.at\/en\/wp-json\/wp\/v2\/comments?post=30337"}],"wp:featuredmedia":[{"embeddable":true,"href":"https:\/\/www.tugraz-verlag.at\/en\/wp-json\/wp\/v2\/media\/39882"}],"wp:attachment":[{"href":"https:\/\/www.tugraz-verlag.at\/en\/wp-json\/wp\/v2\/media?parent=30337"}],"wp:term":[{"taxonomy":"product_brand","embeddable":true,"href":"https:\/\/www.tugraz-verlag.at\/en\/wp-json\/wp\/v2\/product_brand?post=30337"},{"taxonomy":"product_cat","embeddable":true,"href":"https:\/\/www.tugraz-verlag.at\/en\/wp-json\/wp\/v2\/product_cat?post=30337"},{"taxonomy":"product_tag","embeddable":true,"href":"https:\/\/www.tugraz-verlag.at\/en\/wp-json\/wp\/v2\/product_tag?post=30337"}],"curies":[{"name":"wp","href":"https:\/\/api.w.org\/{rel}","templated":true}]}}