{"id":30308,"date":"2026-03-28T07:31:38","date_gmt":"2026-03-28T07:31:38","guid":{"rendered":"http:\/\/www.tugraz-verlag.at\/gesamtverzeichnis\/unkategorisiert\/fuehrungsteamzusammenstellung-bei-hochbaustellen-ansaetze-zur-zusammenstellung-des-projektteams-in-abhaengigkeit-relevanter-einflussfaktoren\/"},"modified":"2026-03-28T11:32:38","modified_gmt":"2026-03-28T09:32:38","slug":"fuehrungsteamzusammenstellung-bei-hochbaustellen","status":"publish","type":"product","link":"https:\/\/www.tugraz-verlag.at\/en\/gesamtverzeichnis\/bauingenieurwissenschaften\/fuehrungsteamzusammenstellung-bei-hochbaustellen\/","title":{"rendered":"F\u00fchrungsteamzusammenstellung bei Hochbaustellen"},"content":{"rendered":"<p class=\"qtranxs-available-languages-message qtranxs-available-languages-message-en\">This entry is only available in German<\/p><p>Besonders in Projekten der Baubranche werden F\u00fchrungskr\u00e4fte mit gro\u00dfen Herausforderungen bei Abwicklung und Organisation konfrontiert, da diese oftmals unvorhersehbaren und nicht planbaren Einfl\u00fcssen ausgesetzt sind. Bauleiter, Poliere und Techniker stehen als Verantwortliche f\u00fcr die Baustelle dabei im Mittelpunkt des Bauprozesses. Ihre F\u00e4higkeiten, Kompetenzen und Entscheidungen beeinflussen ma\u00dfgeblich den Erfolg oder den Misserfolg des Projektes. Der Auswahl und Zusammenstellung des F\u00fchrungsteams f\u00fcr die jeweiligen Baustellen sollte gerade deshalb ein wichtigerer Anteil bei der Planung von Projekten beigemessen werden.<br \/>Im Allgemeinen sollte demgem\u00e4\u00df der Auswahlprozess f\u00fcr die Besetzung von Teams auf Grundlage von Anforderungsprofilen erfolgen, welche sich aus den projektspezifischen Aufgabenstellungen ableiten. Die individuellen Eigenschaften der m\u00f6glichen Teammitglieder werden dabei mit den Anforderungskriterien des Projektes verglichen. Daraus k\u00f6nnen die jeweiligen Entscheidungstr\u00e4ger das spezifisch \u201eoptimale\u201c Team zusammenzustellen.<br \/>Grundlage daf\u00fcr ist die empirisch-analytische Auseinandersetzung mit den Funktionen, Rollen und T\u00e4tigkeiten von Baustellenf\u00fchrungskr\u00e4ften. Ein weiterer wichtiger Schritt im Auswahlprozess ist die Kenntnis \u00fcber die ben\u00f6tigten personellen Ressourcen. Erst wenn Entscheidungstr\u00e4ger wissen wie viele Teammitglieder ben\u00f6tigt werden, um ein Projekt erfolgreich abzuwickeln, kann auch die Wahl des Personals aus dem \u201eMitarbeiterpool\u201c erfolgen. Gerade diese Entscheidung stellt einen bedeutenden Projekterfolgsfaktor dar, und steht im direkten Zusammenhang mit m\u00f6glichen Belastungen f\u00fcr Baustellenf\u00fchrungskr\u00e4fte (aus z. B. der erh\u00f6hten Arbeitsmenge) bzw. der Organisationsstruktur oder dem Teamentwicklungsprozess.<br \/>Mit dieser Arbeit wurde aus Umfragen und Interviews ein Leitfaden zur Unterst\u00fctzung von Entscheidungstr\u00e4gern von Bauunternehmen f\u00fcr eine praxisnahe Teamzusammenstellung f\u00fcr Hochbauprojekte in Abh\u00e4ngigkeit von Einflussfaktoren sowie der individuellen F\u00e4higkeiten und Kompetenzen von Baustellenf\u00fchrungskr\u00e4ften entwickelt. Zudem soll die Arbeit Ansto\u00df sein, die aus Sicht der Baustellenf\u00fchrungskr\u00e4fte zum Teil unzufriedenstellende Arbeitssituation zu \u00fcberdenken, sowie geeignete Ma\u00dfnahmen zur Verbesserung einzuf\u00fchren. <br \/><\/p>","protected":false},"excerpt":{"rendered":"<p class=\"qtranxs-available-languages-message qtranxs-available-languages-message-en\">This entry is only available in German<\/p>\n<p>Besonders in Projekten der Baubranche werden F\u00fchrungskr\u00e4fte mit gro\u00dfen Herausforderungen bei Abwicklung und Organisation konfrontiert, da diese oftmals unvorhersehbaren und nicht planbaren Einfl\u00fcssen ausgesetzt sind. Bauleiter, Poliere und Techniker stehen als Verantwortliche f\u00fcr die Baustelle dabei im Mittelpunkt des Bauprozesses. Ihre F\u00e4higkeiten, Kompetenzen und Entscheidungen beeinflussen ma\u00dfgeblich den Erfolg oder den Misserfolg des Projektes. Der Auswahl und Zusammenstellung des F\u00fchrungsteams f\u00fcr die jeweiligen Baustellen sollte gerade deshalb ein wichtigerer Anteil bei der Planung von Projekten beigemessen werden.<br \/>Im Allgemeinen sollte demgem\u00e4\u00df der Auswahlprozess f\u00fcr die Besetzung von Teams auf Grundlage von Anforderungsprofilen erfolgen, welche sich aus den projektspezifischen Aufgabenstellungen ableiten. Die individuellen Eigenschaften der m\u00f6glichen Teammitglieder werden dabei mit den Anforderungskriterien des Projektes verglichen. Daraus k\u00f6nnen die jeweiligen Entscheidungstr\u00e4ger das spezifisch \u201eoptimale\u201c Team zusammenzustellen.<br \/>Grundlage daf\u00fcr ist die empirisch-analytische Auseinandersetzung mit den Funktionen, Rollen und T\u00e4tigkeiten von Baustellenf\u00fchrungskr\u00e4ften. Ein weiterer wichtiger Schritt im Auswahlprozess ist die Kenntnis \u00fcber die ben\u00f6tigten personellen Ressourcen. Erst wenn Entscheidungstr\u00e4ger wissen wie viele Teammitglieder ben\u00f6tigt werden, um ein Projekt erfolgreich abzuwickeln, kann auch die Wahl des Personals aus dem \u201eMitarbeiterpool\u201c erfolgen. Gerade diese Entscheidung stellt einen bedeutenden Projekterfolgsfaktor dar, und steht im direkten Zusammenhang mit m\u00f6glichen Belastungen f\u00fcr Baustellenf\u00fchrungskr\u00e4fte (aus z. B. der erh\u00f6hten Arbeitsmenge) bzw. der Organisationsstruktur oder dem Teamentwicklungsprozess.<br \/>Mit dieser Arbeit wurde aus Umfragen und Interviews ein Leitfaden zur Unterst\u00fctzung von Entscheidungstr\u00e4gern von Bauunternehmen f\u00fcr eine praxisnahe Teamzusammenstellung f\u00fcr Hochbauprojekte in Abh\u00e4ngigkeit von Einflussfaktoren sowie der individuellen F\u00e4higkeiten und Kompetenzen von Baustellenf\u00fchrungskr\u00e4ften entwickelt. Zudem soll die Arbeit Ansto\u00df sein, die aus Sicht der Baustellenf\u00fchrungskr\u00e4fte zum Teil unzufriedenstellende Arbeitssituation zu \u00fcberdenken, sowie geeignete Ma\u00dfnahmen zur Verbesserung einzuf\u00fchren. <\/p>\n","protected":false},"featured_media":39473,"comment_status":"open","ping_status":"closed","template":"","meta":{"_acf_changed":false},"product_brand":[],"product_cat":[1627],"product_tag":[2940],"class_list":{"0":"post-30308","1":"product","2":"type-product","3":"status-publish","4":"has-post-thumbnail","6":"product_cat-bauingenieurwissenschaften","7":"product_tag-fuehrungsteam-baustelle-projektteam","8":"autor-wolfgang-lang","9":"reihe-schriftenreihe-des-instituts-fuer-baubetrieb-und-bauwirtschaft","11":"first","12":"instock","13":"sale","14":"taxable","15":"shipping-taxable","16":"purchasable","17":"product-type-simple"},"acf":[],"yoast_head":"<!-- This site is optimized with the Yoast SEO plugin v27.2 - https:\/\/yoast.com\/product\/yoast-seo-wordpress\/ -->\n<title>F\u00fchrungsteamzusammenstellung bei Hochbaustellen - Verlag der TU Graz<\/title>\n<meta name=\"robots\" content=\"index, follow, max-snippet:-1, max-image-preview:large, max-video-preview:-1\" \/>\n<link rel=\"canonical\" href=\"https:\/\/www.tugraz-verlag.at\/en\/gesamtverzeichnis\/bauingenieurwissenschaften\/fuehrungsteamzusammenstellung-bei-hochbaustellen\/\" \/>\n<meta property=\"og:locale\" content=\"en_US\" \/>\n<meta property=\"og:type\" content=\"article\" \/>\n<meta property=\"og:title\" content=\"F\u00fchrungsteamzusammenstellung bei Hochbaustellen - Verlag der TU Graz\" \/>\n<meta property=\"og:description\" content=\"Besonders in Projekten der Baubranche werden F\u00fchrungskr\u00e4fte mit gro\u00dfen Herausforderungen bei Abwicklung und Organisation konfrontiert, da diese oftmals unvorhersehbaren und nicht planbaren Einfl\u00fcssen ausgesetzt sind. Bauleiter, Poliere und Techniker stehen als Verantwortliche f\u00fcr die Baustelle dabei im Mittelpunkt des Bauprozesses. Ihre F\u00e4higkeiten, Kompetenzen und Entscheidungen beeinflussen ma\u00dfgeblich den Erfolg oder den Misserfolg des Projektes. Der Auswahl und Zusammenstellung des F\u00fchrungsteams f\u00fcr die jeweiligen Baustellen sollte gerade deshalb ein wichtigerer Anteil bei der Planung von Projekten beigemessen werden.Im Allgemeinen sollte demgem\u00e4\u00df der Auswahlprozess f\u00fcr die Besetzung von Teams auf Grundlage von Anforderungsprofilen erfolgen, welche sich aus den projektspezifischen Aufgabenstellungen ableiten. Die individuellen Eigenschaften der m\u00f6glichen Teammitglieder werden dabei mit den Anforderungskriterien des Projektes verglichen. Daraus k\u00f6nnen die jeweiligen Entscheidungstr\u00e4ger das spezifisch \u201eoptimale\u201c Team zusammenzustellen.Grundlage daf\u00fcr ist die empirisch-analytische Auseinandersetzung mit den Funktionen, Rollen und T\u00e4tigkeiten von Baustellenf\u00fchrungskr\u00e4ften. Ein weiterer wichtiger Schritt im Auswahlprozess ist die Kenntnis \u00fcber die ben\u00f6tigten personellen Ressourcen. Erst wenn Entscheidungstr\u00e4ger wissen wie viele Teammitglieder ben\u00f6tigt werden, um ein Projekt erfolgreich abzuwickeln, kann auch die Wahl des Personals aus dem \u201eMitarbeiterpool\u201c erfolgen. Gerade diese Entscheidung stellt einen bedeutenden Projekterfolgsfaktor dar, und steht im direkten Zusammenhang mit m\u00f6glichen Belastungen f\u00fcr Baustellenf\u00fchrungskr\u00e4fte (aus z. B. der erh\u00f6hten Arbeitsmenge) bzw. der Organisationsstruktur oder dem Teamentwicklungsprozess.Mit dieser Arbeit wurde aus Umfragen und Interviews ein Leitfaden zur Unterst\u00fctzung von Entscheidungstr\u00e4gern von Bauunternehmen f\u00fcr eine praxisnahe Teamzusammenstellung f\u00fcr Hochbauprojekte in Abh\u00e4ngigkeit von Einflussfaktoren sowie der individuellen F\u00e4higkeiten und Kompetenzen von Baustellenf\u00fchrungskr\u00e4ften entwickelt. Zudem soll die Arbeit Ansto\u00df sein, die aus Sicht der Baustellenf\u00fchrungskr\u00e4fte zum Teil unzufriedenstellende Arbeitssituation zu \u00fcberdenken, sowie geeignete Ma\u00dfnahmen zur Verbesserung einzuf\u00fchren.\" \/>\n<meta property=\"og:url\" content=\"https:\/\/www.tugraz-verlag.at\/en\/gesamtverzeichnis\/bauingenieurwissenschaften\/fuehrungsteamzusammenstellung-bei-hochbaustellen\/\" \/>\n<meta property=\"og:site_name\" content=\"Verlag der TU Graz\" \/>\n<meta property=\"article:modified_time\" content=\"2026-03-28T09:32:38+00:00\" \/>\n<meta property=\"og:image\" content=\"https:\/\/www.tugraz-verlag.at\/wp-content\/uploads\/asolmerce\/image-978-3-85125-296-5.jpg\" \/>\n\t<meta property=\"og:image:width\" content=\"454\" \/>\n\t<meta property=\"og:image:height\" content=\"644\" \/>\n\t<meta property=\"og:image:type\" content=\"image\/jpeg\" \/>\n<meta name=\"twitter:card\" content=\"summary_large_image\" \/>\n<meta name=\"twitter:label1\" content=\"Est. reading time\" \/>\n\t<meta name=\"twitter:data1\" content=\"2 minutes\" \/>\n<script type=\"application\/ld+json\" class=\"yoast-schema-graph\">{\"@context\":\"https:\/\/schema.org\",\"@graph\":[{\"@type\":\"WebPage\",\"@id\":\"https:\/\/www.tugraz-verlag.at\/en\/gesamtverzeichnis\/bauingenieurwissenschaften\/fuehrungsteamzusammenstellung-bei-hochbaustellen\/\",\"url\":\"https:\/\/www.tugraz-verlag.at\/en\/gesamtverzeichnis\/bauingenieurwissenschaften\/fuehrungsteamzusammenstellung-bei-hochbaustellen\/\",\"name\":\"F\u00fchrungsteamzusammenstellung bei Hochbaustellen - Verlag der TU Graz\",\"isPartOf\":{\"@id\":\"https:\/\/www.tugraz-verlag.at\/en\/#website\"},\"primaryImageOfPage\":{\"@id\":\"https:\/\/www.tugraz-verlag.at\/en\/gesamtverzeichnis\/bauingenieurwissenschaften\/fuehrungsteamzusammenstellung-bei-hochbaustellen\/#primaryimage\"},\"image\":{\"@id\":\"https:\/\/www.tugraz-verlag.at\/gesamtverzeichnis\/bauingenieurwissenschaften\/fuehrungsteamzusammenstellung-bei-hochbaustellen\/#primaryimage\"},\"thumbnailUrl\":\"https:\/\/www.tugraz-verlag.at\/wp-content\/uploads\/asolmerce\/image-978-3-85125-296-5.jpg\",\"datePublished\":\"2026-03-28T07:31:38+00:00\",\"dateModified\":\"2026-03-28T09:32:38+00:00\",\"breadcrumb\":{\"@id\":\"https:\/\/www.tugraz-verlag.at\/en\/gesamtverzeichnis\/bauingenieurwissenschaften\/fuehrungsteamzusammenstellung-bei-hochbaustellen\/#breadcrumb\"},\"inLanguage\":\"en-US\",\"potentialAction\":[{\"@type\":\"ReadAction\",\"target\":[[\"https:\/\/www.tugraz-verlag.at\/en\/gesamtverzeichnis\/bauingenieurwissenschaften\/fuehrungsteamzusammenstellung-bei-hochbaustellen\/\"]]}]},{\"@type\":\"ImageObject\",\"inLanguage\":\"en-US\",\"@id\":\"https:\/\/www.tugraz-verlag.at\/en\/gesamtverzeichnis\/bauingenieurwissenschaften\/fuehrungsteamzusammenstellung-bei-hochbaustellen\/#primaryimage\",\"url\":\"https:\/\/www.tugraz-verlag.at\/wp-content\/uploads\/asolmerce\/image-978-3-85125-296-5.jpg\",\"contentUrl\":\"https:\/\/www.tugraz-verlag.at\/wp-content\/uploads\/asolmerce\/image-978-3-85125-296-5.jpg\",\"width\":454,\"height\":644},{\"@type\":\"BreadcrumbList\",\"@id\":\"https:\/\/www.tugraz-verlag.at\/en\/gesamtverzeichnis\/bauingenieurwissenschaften\/fuehrungsteamzusammenstellung-bei-hochbaustellen\/#breadcrumb\",\"itemListElement\":[{\"@type\":\"ListItem\",\"position\":1,\"name\":\"Home\",\"item\":\"https:\/\/www.tugraz-verlag.at\/en\/\"},{\"@type\":\"ListItem\",\"position\":2,\"name\":\"Gesamtverzeichnis\",\"item\":\"https:\/\/www.tugraz-verlag.at\/en\/gesamtverzeichnis\/\"},{\"@type\":\"ListItem\",\"position\":3,\"name\":\"F\u00fchrungsteamzusammenstellung bei Hochbaustellen\"}]},{\"@type\":\"WebSite\",\"@id\":\"https:\/\/www.tugraz-verlag.at\/en\/#website\",\"url\":\"https:\/\/www.tugraz-verlag.at\/en\/\",\"name\":\"Verlag der TU Graz\",\"description\":\"Verlag der Technischen Universit\u00e4t Graz\",\"potentialAction\":[{\"@type\":\"SearchAction\",\"target\":{\"@type\":\"EntryPoint\",\"urlTemplate\":\"https:\/\/www.tugraz-verlag.at\/en\/?s={search_term_string}\"},\"query-input\":{\"@type\":\"PropertyValueSpecification\",\"valueRequired\":true,\"valueName\":\"search_term_string\"}}],\"inLanguage\":\"en-US\"}]}<\/script>\n<!-- \/ Yoast SEO plugin. -->","yoast_head_json":{"title":"F\u00fchrungsteamzusammenstellung bei Hochbaustellen - Verlag der TU Graz","robots":{"index":"index","follow":"follow","max-snippet":"max-snippet:-1","max-image-preview":"max-image-preview:large","max-video-preview":"max-video-preview:-1"},"canonical":"https:\/\/www.tugraz-verlag.at\/en\/gesamtverzeichnis\/bauingenieurwissenschaften\/fuehrungsteamzusammenstellung-bei-hochbaustellen\/","og_locale":"en_US","og_type":"article","og_title":"F\u00fchrungsteamzusammenstellung bei Hochbaustellen - Verlag der TU Graz","og_description":"Besonders in Projekten der Baubranche werden F\u00fchrungskr\u00e4fte mit gro\u00dfen Herausforderungen bei Abwicklung und Organisation konfrontiert, da diese oftmals unvorhersehbaren und nicht planbaren Einfl\u00fcssen ausgesetzt sind. Bauleiter, Poliere und Techniker stehen als Verantwortliche f\u00fcr die Baustelle dabei im Mittelpunkt des Bauprozesses. Ihre F\u00e4higkeiten, Kompetenzen und Entscheidungen beeinflussen ma\u00dfgeblich den Erfolg oder den Misserfolg des Projektes. Der Auswahl und Zusammenstellung des F\u00fchrungsteams f\u00fcr die jeweiligen Baustellen sollte gerade deshalb ein wichtigerer Anteil bei der Planung von Projekten beigemessen werden.Im Allgemeinen sollte demgem\u00e4\u00df der Auswahlprozess f\u00fcr die Besetzung von Teams auf Grundlage von Anforderungsprofilen erfolgen, welche sich aus den projektspezifischen Aufgabenstellungen ableiten. Die individuellen Eigenschaften der m\u00f6glichen Teammitglieder werden dabei mit den Anforderungskriterien des Projektes verglichen. Daraus k\u00f6nnen die jeweiligen Entscheidungstr\u00e4ger das spezifisch \u201eoptimale\u201c Team zusammenzustellen.Grundlage daf\u00fcr ist die empirisch-analytische Auseinandersetzung mit den Funktionen, Rollen und T\u00e4tigkeiten von Baustellenf\u00fchrungskr\u00e4ften. Ein weiterer wichtiger Schritt im Auswahlprozess ist die Kenntnis \u00fcber die ben\u00f6tigten personellen Ressourcen. Erst wenn Entscheidungstr\u00e4ger wissen wie viele Teammitglieder ben\u00f6tigt werden, um ein Projekt erfolgreich abzuwickeln, kann auch die Wahl des Personals aus dem \u201eMitarbeiterpool\u201c erfolgen. Gerade diese Entscheidung stellt einen bedeutenden Projekterfolgsfaktor dar, und steht im direkten Zusammenhang mit m\u00f6glichen Belastungen f\u00fcr Baustellenf\u00fchrungskr\u00e4fte (aus z. B. der erh\u00f6hten Arbeitsmenge) bzw. der Organisationsstruktur oder dem Teamentwicklungsprozess.Mit dieser Arbeit wurde aus Umfragen und Interviews ein Leitfaden zur Unterst\u00fctzung von Entscheidungstr\u00e4gern von Bauunternehmen f\u00fcr eine praxisnahe Teamzusammenstellung f\u00fcr Hochbauprojekte in Abh\u00e4ngigkeit von Einflussfaktoren sowie der individuellen F\u00e4higkeiten und Kompetenzen von Baustellenf\u00fchrungskr\u00e4ften entwickelt. Zudem soll die Arbeit Ansto\u00df sein, die aus Sicht der Baustellenf\u00fchrungskr\u00e4fte zum Teil unzufriedenstellende Arbeitssituation zu \u00fcberdenken, sowie geeignete Ma\u00dfnahmen zur Verbesserung einzuf\u00fchren.","og_url":"https:\/\/www.tugraz-verlag.at\/en\/gesamtverzeichnis\/bauingenieurwissenschaften\/fuehrungsteamzusammenstellung-bei-hochbaustellen\/","og_site_name":"Verlag der TU Graz","article_modified_time":"2026-03-28T09:32:38+00:00","og_image":[{"width":454,"height":644,"url":"https:\/\/www.tugraz-verlag.at\/wp-content\/uploads\/asolmerce\/image-978-3-85125-296-5.jpg","type":"image\/jpeg"}],"twitter_card":"summary_large_image","twitter_misc":{"Est. reading time":"2 minutes"},"schema":{"@context":"https:\/\/schema.org","@graph":[{"@type":"WebPage","@id":"https:\/\/www.tugraz-verlag.at\/en\/gesamtverzeichnis\/bauingenieurwissenschaften\/fuehrungsteamzusammenstellung-bei-hochbaustellen\/","url":"https:\/\/www.tugraz-verlag.at\/en\/gesamtverzeichnis\/bauingenieurwissenschaften\/fuehrungsteamzusammenstellung-bei-hochbaustellen\/","name":"F\u00fchrungsteamzusammenstellung bei Hochbaustellen - Verlag der TU Graz","isPartOf":{"@id":"https:\/\/www.tugraz-verlag.at\/en\/#website"},"primaryImageOfPage":{"@id":"https:\/\/www.tugraz-verlag.at\/en\/gesamtverzeichnis\/bauingenieurwissenschaften\/fuehrungsteamzusammenstellung-bei-hochbaustellen\/#primaryimage"},"image":{"@id":"https:\/\/www.tugraz-verlag.at\/gesamtverzeichnis\/bauingenieurwissenschaften\/fuehrungsteamzusammenstellung-bei-hochbaustellen\/#primaryimage"},"thumbnailUrl":"https:\/\/www.tugraz-verlag.at\/wp-content\/uploads\/asolmerce\/image-978-3-85125-296-5.jpg","datePublished":"2026-03-28T07:31:38+00:00","dateModified":"2026-03-28T09:32:38+00:00","breadcrumb":{"@id":"https:\/\/www.tugraz-verlag.at\/en\/gesamtverzeichnis\/bauingenieurwissenschaften\/fuehrungsteamzusammenstellung-bei-hochbaustellen\/#breadcrumb"},"inLanguage":"en-US","potentialAction":[{"@type":"ReadAction","target":[["https:\/\/www.tugraz-verlag.at\/en\/gesamtverzeichnis\/bauingenieurwissenschaften\/fuehrungsteamzusammenstellung-bei-hochbaustellen\/"]]}]},{"@type":"ImageObject","inLanguage":"en-US","@id":"https:\/\/www.tugraz-verlag.at\/en\/gesamtverzeichnis\/bauingenieurwissenschaften\/fuehrungsteamzusammenstellung-bei-hochbaustellen\/#primaryimage","url":"https:\/\/www.tugraz-verlag.at\/wp-content\/uploads\/asolmerce\/image-978-3-85125-296-5.jpg","contentUrl":"https:\/\/www.tugraz-verlag.at\/wp-content\/uploads\/asolmerce\/image-978-3-85125-296-5.jpg","width":454,"height":644},{"@type":"BreadcrumbList","@id":"https:\/\/www.tugraz-verlag.at\/en\/gesamtverzeichnis\/bauingenieurwissenschaften\/fuehrungsteamzusammenstellung-bei-hochbaustellen\/#breadcrumb","itemListElement":[{"@type":"ListItem","position":1,"name":"Home","item":"https:\/\/www.tugraz-verlag.at\/en\/"},{"@type":"ListItem","position":2,"name":"Gesamtverzeichnis","item":"https:\/\/www.tugraz-verlag.at\/en\/gesamtverzeichnis\/"},{"@type":"ListItem","position":3,"name":"F\u00fchrungsteamzusammenstellung bei Hochbaustellen"}]},{"@type":"WebSite","@id":"https:\/\/www.tugraz-verlag.at\/en\/#website","url":"https:\/\/www.tugraz-verlag.at\/en\/","name":"Verlag der TU Graz","description":"Verlag der Technischen Universit\u00e4t Graz","potentialAction":[{"@type":"SearchAction","target":{"@type":"EntryPoint","urlTemplate":"https:\/\/www.tugraz-verlag.at\/en\/?s={search_term_string}"},"query-input":{"@type":"PropertyValueSpecification","valueRequired":true,"valueName":"search_term_string"}}],"inLanguage":"en-US"}]}},"_links":{"self":[{"href":"https:\/\/www.tugraz-verlag.at\/en\/wp-json\/wp\/v2\/product\/30308","targetHints":{"allow":["GET"]}}],"collection":[{"href":"https:\/\/www.tugraz-verlag.at\/en\/wp-json\/wp\/v2\/product"}],"about":[{"href":"https:\/\/www.tugraz-verlag.at\/en\/wp-json\/wp\/v2\/types\/product"}],"replies":[{"embeddable":true,"href":"https:\/\/www.tugraz-verlag.at\/en\/wp-json\/wp\/v2\/comments?post=30308"}],"wp:featuredmedia":[{"embeddable":true,"href":"https:\/\/www.tugraz-verlag.at\/en\/wp-json\/wp\/v2\/media\/39473"}],"wp:attachment":[{"href":"https:\/\/www.tugraz-verlag.at\/en\/wp-json\/wp\/v2\/media?parent=30308"}],"wp:term":[{"taxonomy":"product_brand","embeddable":true,"href":"https:\/\/www.tugraz-verlag.at\/en\/wp-json\/wp\/v2\/product_brand?post=30308"},{"taxonomy":"product_cat","embeddable":true,"href":"https:\/\/www.tugraz-verlag.at\/en\/wp-json\/wp\/v2\/product_cat?post=30308"},{"taxonomy":"product_tag","embeddable":true,"href":"https:\/\/www.tugraz-verlag.at\/en\/wp-json\/wp\/v2\/product_tag?post=30308"}],"curies":[{"name":"wp","href":"https:\/\/api.w.org\/{rel}","templated":true}]}}