{"id":30272,"date":"2026-03-28T07:31:36","date_gmt":"2026-03-28T07:31:36","guid":{"rendered":"http:\/\/www.tugraz-verlag.at\/gesamtverzeichnis\/unkategorisiert\/industrial-engineering-und-innovation\/"},"modified":"2026-03-28T11:32:37","modified_gmt":"2026-03-28T09:32:37","slug":"industrial-engineering-und-innovation","status":"publish","type":"product","link":"https:\/\/www.tugraz-verlag.at\/en\/gesamtverzeichnis\/maschinenbau-und-wirtschaftswissenschaften\/industrial-engineering-und-innovation\/","title":{"rendered":"Industrial Engineering und Innovation"},"content":{"rendered":"<p class=\"qtranxs-available-languages-message qtranxs-available-languages-message-en\">This entry is only available in German<\/p><p>Industrial Engineering und Innovation gibt einen Einblick in Inhalte der Techno-\u00d6konomie an der Technischen Universit\u00e4t Graz, aus dem Blickwinkel des Instituts f\u00fcr Industriebetriebslehre und Innovationsforschung sowie des Institute of Production Science and Management unter der Leitung von Christian Ramsauer.<br \/>\nAnl\u00e4sslich des 70. Geburtstages des ehemaligen Leiters der beiden Institute Josef W. Wohinz stellen ehemalige Institutsmitarbeiter und Universit\u00e4tslektoren ihre Interpretation ausgew\u00e4hlter Bereiche des Begriffes der Techno-\u00d6konomie dar.<br \/>\nDie Zukunft der Industrie in Europa h\u00e4ngt auf der einen Seite von der Innovationsf\u00e4higkeit der Unternehmungen und andererseits von der Leistungsf\u00e4higkeit der Produktion ab. Die Autoren zeigen beispielhaft Wege auf, wie die Attraktivit\u00e4t des Industriestandorts Europa trotz des hohen globalen Wettbewerbes, insbesondere aus Asien, erhalten werden kann.<br \/>\nMit einem Geleitwort von Harald Kainz, Rektor der Technischen Universit\u00e4t Graz.<\/p>","protected":false},"excerpt":{"rendered":"<p class=\"qtranxs-available-languages-message qtranxs-available-languages-message-en\">This entry is only available in German<\/p>\n<p>Industrial Engineering und Innovation gibt einen Einblick in Inhalte der Techno-\u00d6konomie an der Technischen Universit\u00e4t Graz, aus dem Blickwinkel des Instituts f\u00fcr Industriebetriebslehre und Innovationsforschung sowie des Institute of Production Science and Management unter der Leitung von Christian Ramsauer.<br \/>\nAnl\u00e4sslich des 70. Geburtstages des ehemaligen Leiters der beiden Institute Josef W. Wohinz stellen ehemalige Institutsmitarbeiter und Universit\u00e4tslektoren ihre Interpretation ausgew\u00e4hlter Bereiche des Begriffes der Techno-\u00d6konomie dar.<br \/>\nDie Zukunft der Industrie in Europa h\u00e4ngt auf der einen Seite von der Innovationsf\u00e4higkeit der Unternehmungen und andererseits von der Leistungsf\u00e4higkeit der Produktion ab. Die Autoren zeigen beispielhaft Wege auf, wie die Attraktivit\u00e4t des Industriestandorts Europa trotz des hohen globalen Wettbewerbes, insbesondere aus Asien, erhalten werden kann.<br \/>\nMit einem Geleitwort von Harald Kainz, Rektor der Technischen Universit\u00e4t Graz.<\/p>\n","protected":false},"featured_media":39854,"comment_status":"open","ping_status":"closed","template":"","meta":{"_acf_changed":false},"product_brand":[],"product_cat":[1628],"product_tag":[2910],"class_list":{"0":"post-30272","1":"product","2":"type-product","3":"status-publish","4":"has-post-thumbnail","6":"product_cat-maschinenbau-und-wirtschaftswissenschaften","7":"product_tag-festschrift-industriebetriebslehre-industrial-engineering-wirtschaftsingenieur-innovationsmanagement-aufsatzsammlung","8":"reihe-festschriften-tu-graz","10":"first","11":"instock","12":"sale","13":"taxable","14":"shipping-taxable","15":"purchasable","16":"product-type-simple"},"acf":[],"yoast_head":"<!-- This site is optimized with the Yoast SEO plugin v27.2 - https:\/\/yoast.com\/product\/yoast-seo-wordpress\/ -->\n<title>Industrial Engineering und Innovation - Verlag der TU Graz<\/title>\n<meta name=\"robots\" content=\"index, follow, max-snippet:-1, max-image-preview:large, max-video-preview:-1\" \/>\n<link rel=\"canonical\" href=\"https:\/\/www.tugraz-verlag.at\/en\/gesamtverzeichnis\/maschinenbau-und-wirtschaftswissenschaften\/industrial-engineering-und-innovation\/\" \/>\n<meta property=\"og:locale\" content=\"en_US\" \/>\n<meta property=\"og:type\" content=\"article\" \/>\n<meta property=\"og:title\" content=\"Industrial Engineering und Innovation - Verlag der TU Graz\" \/>\n<meta property=\"og:description\" content=\"Industrial Engineering und Innovation gibt einen Einblick in Inhalte der Techno-\u00d6konomie an der Technischen Universit\u00e4t Graz, aus dem Blickwinkel des Instituts f\u00fcr Industriebetriebslehre und Innovationsforschung sowie des Institute of Production Science and Management unter der Leitung von Christian Ramsauer. Anl\u00e4sslich des 70. Geburtstages des ehemaligen Leiters der beiden Institute Josef W. Wohinz stellen ehemalige Institutsmitarbeiter und Universit\u00e4tslektoren ihre Interpretation ausgew\u00e4hlter Bereiche des Begriffes der Techno-\u00d6konomie dar. Die Zukunft der Industrie in Europa h\u00e4ngt auf der einen Seite von der Innovationsf\u00e4higkeit der Unternehmungen und andererseits von der Leistungsf\u00e4higkeit der Produktion ab. Die Autoren zeigen beispielhaft Wege auf, wie die Attraktivit\u00e4t des Industriestandorts Europa trotz des hohen globalen Wettbewerbes, insbesondere aus Asien, erhalten werden kann. Mit einem Geleitwort von Harald Kainz, Rektor der Technischen Universit\u00e4t Graz.\" \/>\n<meta property=\"og:url\" content=\"https:\/\/www.tugraz-verlag.at\/en\/gesamtverzeichnis\/maschinenbau-und-wirtschaftswissenschaften\/industrial-engineering-und-innovation\/\" \/>\n<meta property=\"og:site_name\" content=\"Verlag der TU Graz\" \/>\n<meta property=\"article:modified_time\" content=\"2026-03-28T09:32:37+00:00\" \/>\n<meta property=\"og:image\" content=\"https:\/\/www.tugraz-verlag.at\/wp-content\/uploads\/asolmerce\/image-978-3-85125-276-7.jpg\" \/>\n\t<meta property=\"og:image:width\" content=\"473\" \/>\n\t<meta property=\"og:image:height\" content=\"694\" \/>\n\t<meta property=\"og:image:type\" content=\"image\/jpeg\" \/>\n<meta name=\"twitter:card\" content=\"summary_large_image\" \/>\n<meta name=\"twitter:label1\" content=\"Est. reading time\" \/>\n\t<meta name=\"twitter:data1\" content=\"1 minute\" \/>\n<script type=\"application\/ld+json\" class=\"yoast-schema-graph\">{\"@context\":\"https:\/\/schema.org\",\"@graph\":[{\"@type\":\"WebPage\",\"@id\":\"https:\/\/www.tugraz-verlag.at\/en\/gesamtverzeichnis\/maschinenbau-und-wirtschaftswissenschaften\/industrial-engineering-und-innovation\/\",\"url\":\"https:\/\/www.tugraz-verlag.at\/en\/gesamtverzeichnis\/maschinenbau-und-wirtschaftswissenschaften\/industrial-engineering-und-innovation\/\",\"name\":\"Industrial Engineering und Innovation - Verlag der TU Graz\",\"isPartOf\":{\"@id\":\"https:\/\/www.tugraz-verlag.at\/en\/#website\"},\"primaryImageOfPage\":{\"@id\":\"https:\/\/www.tugraz-verlag.at\/en\/gesamtverzeichnis\/maschinenbau-und-wirtschaftswissenschaften\/industrial-engineering-und-innovation\/#primaryimage\"},\"image\":{\"@id\":\"https:\/\/www.tugraz-verlag.at\/gesamtverzeichnis\/maschinenbau-und-wirtschaftswissenschaften\/industrial-engineering-und-innovation\/#primaryimage\"},\"thumbnailUrl\":\"https:\/\/www.tugraz-verlag.at\/wp-content\/uploads\/asolmerce\/image-978-3-85125-276-7.jpg\",\"datePublished\":\"2026-03-28T07:31:36+00:00\",\"dateModified\":\"2026-03-28T09:32:37+00:00\",\"breadcrumb\":{\"@id\":\"https:\/\/www.tugraz-verlag.at\/en\/gesamtverzeichnis\/maschinenbau-und-wirtschaftswissenschaften\/industrial-engineering-und-innovation\/#breadcrumb\"},\"inLanguage\":\"en-US\",\"potentialAction\":[{\"@type\":\"ReadAction\",\"target\":[[\"https:\/\/www.tugraz-verlag.at\/en\/gesamtverzeichnis\/maschinenbau-und-wirtschaftswissenschaften\/industrial-engineering-und-innovation\/\"]]}]},{\"@type\":\"ImageObject\",\"inLanguage\":\"en-US\",\"@id\":\"https:\/\/www.tugraz-verlag.at\/en\/gesamtverzeichnis\/maschinenbau-und-wirtschaftswissenschaften\/industrial-engineering-und-innovation\/#primaryimage\",\"url\":\"https:\/\/www.tugraz-verlag.at\/wp-content\/uploads\/asolmerce\/image-978-3-85125-276-7.jpg\",\"contentUrl\":\"https:\/\/www.tugraz-verlag.at\/wp-content\/uploads\/asolmerce\/image-978-3-85125-276-7.jpg\",\"width\":473,\"height\":694},{\"@type\":\"BreadcrumbList\",\"@id\":\"https:\/\/www.tugraz-verlag.at\/en\/gesamtverzeichnis\/maschinenbau-und-wirtschaftswissenschaften\/industrial-engineering-und-innovation\/#breadcrumb\",\"itemListElement\":[{\"@type\":\"ListItem\",\"position\":1,\"name\":\"Home\",\"item\":\"https:\/\/www.tugraz-verlag.at\/en\/\"},{\"@type\":\"ListItem\",\"position\":2,\"name\":\"Gesamtverzeichnis\",\"item\":\"https:\/\/www.tugraz-verlag.at\/en\/gesamtverzeichnis\/\"},{\"@type\":\"ListItem\",\"position\":3,\"name\":\"Industrial Engineering und Innovation\"}]},{\"@type\":\"WebSite\",\"@id\":\"https:\/\/www.tugraz-verlag.at\/en\/#website\",\"url\":\"https:\/\/www.tugraz-verlag.at\/en\/\",\"name\":\"Verlag der TU Graz\",\"description\":\"Verlag der Technischen Universit\u00e4t Graz\",\"potentialAction\":[{\"@type\":\"SearchAction\",\"target\":{\"@type\":\"EntryPoint\",\"urlTemplate\":\"https:\/\/www.tugraz-verlag.at\/en\/?s={search_term_string}\"},\"query-input\":{\"@type\":\"PropertyValueSpecification\",\"valueRequired\":true,\"valueName\":\"search_term_string\"}}],\"inLanguage\":\"en-US\"}]}<\/script>\n<!-- \/ Yoast SEO plugin. -->","yoast_head_json":{"title":"Industrial Engineering und Innovation - Verlag der TU Graz","robots":{"index":"index","follow":"follow","max-snippet":"max-snippet:-1","max-image-preview":"max-image-preview:large","max-video-preview":"max-video-preview:-1"},"canonical":"https:\/\/www.tugraz-verlag.at\/en\/gesamtverzeichnis\/maschinenbau-und-wirtschaftswissenschaften\/industrial-engineering-und-innovation\/","og_locale":"en_US","og_type":"article","og_title":"Industrial Engineering und Innovation - Verlag der TU Graz","og_description":"Industrial Engineering und Innovation gibt einen Einblick in Inhalte der Techno-\u00d6konomie an der Technischen Universit\u00e4t Graz, aus dem Blickwinkel des Instituts f\u00fcr Industriebetriebslehre und Innovationsforschung sowie des Institute of Production Science and Management unter der Leitung von Christian Ramsauer. Anl\u00e4sslich des 70. Geburtstages des ehemaligen Leiters der beiden Institute Josef W. Wohinz stellen ehemalige Institutsmitarbeiter und Universit\u00e4tslektoren ihre Interpretation ausgew\u00e4hlter Bereiche des Begriffes der Techno-\u00d6konomie dar. Die Zukunft der Industrie in Europa h\u00e4ngt auf der einen Seite von der Innovationsf\u00e4higkeit der Unternehmungen und andererseits von der Leistungsf\u00e4higkeit der Produktion ab. Die Autoren zeigen beispielhaft Wege auf, wie die Attraktivit\u00e4t des Industriestandorts Europa trotz des hohen globalen Wettbewerbes, insbesondere aus Asien, erhalten werden kann. Mit einem Geleitwort von Harald Kainz, Rektor der Technischen Universit\u00e4t Graz.","og_url":"https:\/\/www.tugraz-verlag.at\/en\/gesamtverzeichnis\/maschinenbau-und-wirtschaftswissenschaften\/industrial-engineering-und-innovation\/","og_site_name":"Verlag der TU Graz","article_modified_time":"2026-03-28T09:32:37+00:00","og_image":[{"width":473,"height":694,"url":"https:\/\/www.tugraz-verlag.at\/wp-content\/uploads\/asolmerce\/image-978-3-85125-276-7.jpg","type":"image\/jpeg"}],"twitter_card":"summary_large_image","twitter_misc":{"Est. reading time":"1 minute"},"schema":{"@context":"https:\/\/schema.org","@graph":[{"@type":"WebPage","@id":"https:\/\/www.tugraz-verlag.at\/en\/gesamtverzeichnis\/maschinenbau-und-wirtschaftswissenschaften\/industrial-engineering-und-innovation\/","url":"https:\/\/www.tugraz-verlag.at\/en\/gesamtverzeichnis\/maschinenbau-und-wirtschaftswissenschaften\/industrial-engineering-und-innovation\/","name":"Industrial Engineering und Innovation - Verlag der TU Graz","isPartOf":{"@id":"https:\/\/www.tugraz-verlag.at\/en\/#website"},"primaryImageOfPage":{"@id":"https:\/\/www.tugraz-verlag.at\/en\/gesamtverzeichnis\/maschinenbau-und-wirtschaftswissenschaften\/industrial-engineering-und-innovation\/#primaryimage"},"image":{"@id":"https:\/\/www.tugraz-verlag.at\/gesamtverzeichnis\/maschinenbau-und-wirtschaftswissenschaften\/industrial-engineering-und-innovation\/#primaryimage"},"thumbnailUrl":"https:\/\/www.tugraz-verlag.at\/wp-content\/uploads\/asolmerce\/image-978-3-85125-276-7.jpg","datePublished":"2026-03-28T07:31:36+00:00","dateModified":"2026-03-28T09:32:37+00:00","breadcrumb":{"@id":"https:\/\/www.tugraz-verlag.at\/en\/gesamtverzeichnis\/maschinenbau-und-wirtschaftswissenschaften\/industrial-engineering-und-innovation\/#breadcrumb"},"inLanguage":"en-US","potentialAction":[{"@type":"ReadAction","target":[["https:\/\/www.tugraz-verlag.at\/en\/gesamtverzeichnis\/maschinenbau-und-wirtschaftswissenschaften\/industrial-engineering-und-innovation\/"]]}]},{"@type":"ImageObject","inLanguage":"en-US","@id":"https:\/\/www.tugraz-verlag.at\/en\/gesamtverzeichnis\/maschinenbau-und-wirtschaftswissenschaften\/industrial-engineering-und-innovation\/#primaryimage","url":"https:\/\/www.tugraz-verlag.at\/wp-content\/uploads\/asolmerce\/image-978-3-85125-276-7.jpg","contentUrl":"https:\/\/www.tugraz-verlag.at\/wp-content\/uploads\/asolmerce\/image-978-3-85125-276-7.jpg","width":473,"height":694},{"@type":"BreadcrumbList","@id":"https:\/\/www.tugraz-verlag.at\/en\/gesamtverzeichnis\/maschinenbau-und-wirtschaftswissenschaften\/industrial-engineering-und-innovation\/#breadcrumb","itemListElement":[{"@type":"ListItem","position":1,"name":"Home","item":"https:\/\/www.tugraz-verlag.at\/en\/"},{"@type":"ListItem","position":2,"name":"Gesamtverzeichnis","item":"https:\/\/www.tugraz-verlag.at\/en\/gesamtverzeichnis\/"},{"@type":"ListItem","position":3,"name":"Industrial Engineering und Innovation"}]},{"@type":"WebSite","@id":"https:\/\/www.tugraz-verlag.at\/en\/#website","url":"https:\/\/www.tugraz-verlag.at\/en\/","name":"Verlag der TU Graz","description":"Verlag der Technischen Universit\u00e4t Graz","potentialAction":[{"@type":"SearchAction","target":{"@type":"EntryPoint","urlTemplate":"https:\/\/www.tugraz-verlag.at\/en\/?s={search_term_string}"},"query-input":{"@type":"PropertyValueSpecification","valueRequired":true,"valueName":"search_term_string"}}],"inLanguage":"en-US"}]}},"_links":{"self":[{"href":"https:\/\/www.tugraz-verlag.at\/en\/wp-json\/wp\/v2\/product\/30272","targetHints":{"allow":["GET"]}}],"collection":[{"href":"https:\/\/www.tugraz-verlag.at\/en\/wp-json\/wp\/v2\/product"}],"about":[{"href":"https:\/\/www.tugraz-verlag.at\/en\/wp-json\/wp\/v2\/types\/product"}],"replies":[{"embeddable":true,"href":"https:\/\/www.tugraz-verlag.at\/en\/wp-json\/wp\/v2\/comments?post=30272"}],"wp:featuredmedia":[{"embeddable":true,"href":"https:\/\/www.tugraz-verlag.at\/en\/wp-json\/wp\/v2\/media\/39854"}],"wp:attachment":[{"href":"https:\/\/www.tugraz-verlag.at\/en\/wp-json\/wp\/v2\/media?parent=30272"}],"wp:term":[{"taxonomy":"product_brand","embeddable":true,"href":"https:\/\/www.tugraz-verlag.at\/en\/wp-json\/wp\/v2\/product_brand?post=30272"},{"taxonomy":"product_cat","embeddable":true,"href":"https:\/\/www.tugraz-verlag.at\/en\/wp-json\/wp\/v2\/product_cat?post=30272"},{"taxonomy":"product_tag","embeddable":true,"href":"https:\/\/www.tugraz-verlag.at\/en\/wp-json\/wp\/v2\/product_tag?post=30272"}],"curies":[{"name":"wp","href":"https:\/\/api.w.org\/{rel}","templated":true}]}}