{"id":30252,"date":"2026-03-28T07:31:32","date_gmt":"2026-03-28T07:31:32","guid":{"rendered":"http:\/\/www.tugraz-verlag.at\/gesamtverzeichnis\/unkategorisiert\/starrer-und-nachgiebiger-verbund-bei-geschichteten-flaechenhaften-holzstrukturen-2\/"},"modified":"2026-03-28T11:32:32","modified_gmt":"2026-03-28T09:32:32","slug":"starrer-und-nachgiebiger-verbund-bei-geschichteten-flaechenhaften-holzstrukturen-ebook","status":"publish","type":"product","link":"https:\/\/www.tugraz-verlag.at\/en\/gesamtverzeichnis\/bauingenieurwissenschaften\/starrer-und-nachgiebiger-verbund-bei-geschichteten-flaechenhaften-holzstrukturen-ebook\/","title":{"rendered":"Starrer und nachgiebiger Verbund bei geschichteten, fl\u00e4chenhaften Holzstrukturen"},"content":{"rendered":"<p class=\"qtranxs-available-languages-message qtranxs-available-languages-message-en\">This entry is only available in German<\/p><p>Die in dieser Arbeit beschriebenen plattenf\u00f6rmigen Holzstrukturen bestehen aus einer bestimmten Anzahl von Holzschichten \u00fcber die Dicke, wobei eine unterschiedliche Orientierung der Brettlamellen in den einzelnen und miteinander starr oder nachgiebig verbundenen Schichten vorliegend ist. Die Anwendung dieser damit erzeugten fl\u00e4chenhaften Bauelemente ist vielf\u00e4ltig und reicht von weitgespannten Dachkonstruktionen \u00fcber Wand- und Deckenelemente bis zu Br\u00fcckenfahrbahnen.<br \/>Der nachgiebige Verbund des Balkens wurde bereits zahlreich behandelt. Als Beispiel gilt die Bearbeitung des mechanischen Verhaltens der eindimensionalen Verbundfuge unter Ber\u00fccksichtigung des nichtlinearen Verhaltens der mechanischen Verbindungstechnik. Bei zweidimensionalen, mehrschichtigen Holzstrukturen ist vor allem das Verhalten der Verbundfuge von Bedeutung.<br \/>In experimentellen, theoretischen und numerischen (FE) Bearbeitungen wird prim\u00e4r das Verhalten von Furniersperrholzplatten (starrer Verbund) untersucht und eine analoge theoretische Behandlung zum faserverst\u00e4rkten Kunststoff durchgef\u00fchrt. In der vorliegenden Arbeit wird im Weiteren versucht, ein mechanisches Modell zur Ber\u00fccksichtigung der Nachgiebigkeit der Verbundfuge zu entwickeln. Das Modell f\u00fcr die Brettschichten und die Verbundfuge basiert hierbei auf der anisotropen Elastizit\u00e4tstheorie. Zudem beschr\u00e4nkt sich die Arbeit auf Plattenelemente, l\u00e4sst sich allerdings auch auf Schalenstrukturen ausdehnen.<br \/><\/p>","protected":false},"excerpt":{"rendered":"<p class=\"qtranxs-available-languages-message qtranxs-available-languages-message-en\">This entry is only available in German<\/p>\n<p>Die in dieser Arbeit beschriebenen plattenf\u00f6rmigen Holzstrukturen bestehen aus einer bestimmten Anzahl von Holzschichten \u00fcber die Dicke, wobei eine unterschiedliche Orientierung der Brettlamellen in den einzelnen und miteinander starr oder nachgiebig verbundenen Schichten vorliegend ist. Die Anwendung dieser damit erzeugten fl\u00e4chenhaften Bauelemente ist vielf\u00e4ltig und reicht von weitgespannten Dachkonstruktionen \u00fcber Wand- und Deckenelemente bis zu Br\u00fcckenfahrbahnen.<br \/>Der nachgiebige Verbund des Balkens wurde bereits zahlreich behandelt. Als Beispiel gilt die Bearbeitung des mechanischen Verhaltens der eindimensionalen Verbundfuge unter Ber\u00fccksichtigung des nichtlinearen Verhaltens der mechanischen Verbindungstechnik. Bei zweidimensionalen, mehrschichtigen Holzstrukturen ist vor allem das Verhalten der Verbundfuge von Bedeutung.<br \/>In experimentellen, theoretischen und numerischen (FE) Bearbeitungen wird prim\u00e4r das Verhalten von Furniersperrholzplatten (starrer Verbund) untersucht und eine analoge theoretische Behandlung zum faserverst\u00e4rkten Kunststoff durchgef\u00fchrt. In der vorliegenden Arbeit wird im Weiteren versucht, ein mechanisches Modell zur Ber\u00fccksichtigung der Nachgiebigkeit der Verbundfuge zu entwickeln. Das Modell f\u00fcr die Brettschichten und die Verbundfuge basiert hierbei auf der anisotropen Elastizit\u00e4tstheorie. Zudem beschr\u00e4nkt sich die Arbeit auf Plattenelemente, l\u00e4sst sich allerdings auch auf Schalenstrukturen ausdehnen.<\/p>\n","protected":false},"featured_media":39845,"comment_status":"open","ping_status":"closed","template":"","meta":{"_acf_changed":false},"product_brand":[],"product_cat":[1627],"product_tag":[],"class_list":{"0":"post-30252","1":"product","2":"type-product","3":"status-publish","4":"has-post-thumbnail","6":"product_cat-bauingenieurwissenschaften","7":"autor-schickhofer-gerhard","8":"reihe-monographic-series-tu-graz","9":"reihe-monographic-series-tu-graztimber-engineering-technology","11":"first","12":"instock","13":"downloadable","14":"virtual","15":"taxable","16":"product-type-simple"},"acf":[],"yoast_head":"<!-- This site is optimized with the Yoast SEO plugin v27.2 - https:\/\/yoast.com\/product\/yoast-seo-wordpress\/ -->\n<title>Starrer und nachgiebiger Verbund bei geschichteten, fl\u00e4chenhaften Holzstrukturen - Verlag der TU Graz<\/title>\n<meta name=\"robots\" content=\"index, follow, max-snippet:-1, max-image-preview:large, max-video-preview:-1\" \/>\n<link rel=\"canonical\" href=\"https:\/\/www.tugraz-verlag.at\/en\/gesamtverzeichnis\/bauingenieurwissenschaften\/starrer-und-nachgiebiger-verbund-bei-geschichteten-flaechenhaften-holzstrukturen-ebook\/\" \/>\n<meta property=\"og:locale\" content=\"en_US\" \/>\n<meta property=\"og:type\" content=\"article\" \/>\n<meta property=\"og:title\" content=\"Starrer und nachgiebiger Verbund bei geschichteten, fl\u00e4chenhaften Holzstrukturen - Verlag der TU Graz\" \/>\n<meta property=\"og:description\" content=\"Die in dieser Arbeit beschriebenen plattenf\u00f6rmigen Holzstrukturen bestehen aus einer bestimmten Anzahl von Holzschichten \u00fcber die Dicke, wobei eine unterschiedliche Orientierung der Brettlamellen in den einzelnen und miteinander starr oder nachgiebig verbundenen Schichten vorliegend ist. Die Anwendung dieser damit erzeugten fl\u00e4chenhaften Bauelemente ist vielf\u00e4ltig und reicht von weitgespannten Dachkonstruktionen \u00fcber Wand- und Deckenelemente bis zu Br\u00fcckenfahrbahnen.Der nachgiebige Verbund des Balkens wurde bereits zahlreich behandelt. Als Beispiel gilt die Bearbeitung des mechanischen Verhaltens der eindimensionalen Verbundfuge unter Ber\u00fccksichtigung des nichtlinearen Verhaltens der mechanischen Verbindungstechnik. Bei zweidimensionalen, mehrschichtigen Holzstrukturen ist vor allem das Verhalten der Verbundfuge von Bedeutung.In experimentellen, theoretischen und numerischen (FE) Bearbeitungen wird prim\u00e4r das Verhalten von Furniersperrholzplatten (starrer Verbund) untersucht und eine analoge theoretische Behandlung zum faserverst\u00e4rkten Kunststoff durchgef\u00fchrt. In der vorliegenden Arbeit wird im Weiteren versucht, ein mechanisches Modell zur Ber\u00fccksichtigung der Nachgiebigkeit der Verbundfuge zu entwickeln. Das Modell f\u00fcr die Brettschichten und die Verbundfuge basiert hierbei auf der anisotropen Elastizit\u00e4tstheorie. Zudem beschr\u00e4nkt sich die Arbeit auf Plattenelemente, l\u00e4sst sich allerdings auch auf Schalenstrukturen ausdehnen.\" \/>\n<meta property=\"og:url\" content=\"https:\/\/www.tugraz-verlag.at\/en\/gesamtverzeichnis\/bauingenieurwissenschaften\/starrer-und-nachgiebiger-verbund-bei-geschichteten-flaechenhaften-holzstrukturen-ebook\/\" \/>\n<meta property=\"og:site_name\" content=\"Verlag der TU Graz\" \/>\n<meta property=\"article:modified_time\" content=\"2026-03-28T09:32:32+00:00\" \/>\n<meta property=\"og:image\" content=\"https:\/\/www.tugraz-verlag.at\/wp-content\/uploads\/asolmerce\/image-978-3-85125-268-2.jpg\" \/>\n\t<meta property=\"og:image:width\" content=\"460\" \/>\n\t<meta property=\"og:image:height\" content=\"678\" \/>\n\t<meta property=\"og:image:type\" content=\"image\/jpeg\" \/>\n<meta name=\"twitter:card\" content=\"summary_large_image\" \/>\n<meta name=\"twitter:label1\" content=\"Est. reading time\" \/>\n\t<meta name=\"twitter:data1\" content=\"1 minute\" \/>\n<script type=\"application\/ld+json\" class=\"yoast-schema-graph\">{\"@context\":\"https:\/\/schema.org\",\"@graph\":[{\"@type\":\"WebPage\",\"@id\":\"https:\/\/www.tugraz-verlag.at\/en\/gesamtverzeichnis\/bauingenieurwissenschaften\/starrer-und-nachgiebiger-verbund-bei-geschichteten-flaechenhaften-holzstrukturen-ebook\/\",\"url\":\"https:\/\/www.tugraz-verlag.at\/en\/gesamtverzeichnis\/bauingenieurwissenschaften\/starrer-und-nachgiebiger-verbund-bei-geschichteten-flaechenhaften-holzstrukturen-ebook\/\",\"name\":\"Starrer und nachgiebiger Verbund bei geschichteten, fl\u00e4chenhaften Holzstrukturen - Verlag der TU Graz\",\"isPartOf\":{\"@id\":\"https:\/\/www.tugraz-verlag.at\/en\/#website\"},\"primaryImageOfPage\":{\"@id\":\"https:\/\/www.tugraz-verlag.at\/en\/gesamtverzeichnis\/bauingenieurwissenschaften\/starrer-und-nachgiebiger-verbund-bei-geschichteten-flaechenhaften-holzstrukturen-ebook\/#primaryimage\"},\"image\":{\"@id\":\"https:\/\/www.tugraz-verlag.at\/en\/gesamtverzeichnis\/bauingenieurwissenschaften\/starrer-und-nachgiebiger-verbund-bei-geschichteten-flaechenhaften-holzstrukturen-ebook\/#primaryimage\"},\"thumbnailUrl\":\"https:\/\/www.tugraz-verlag.at\/wp-content\/uploads\/asolmerce\/image-978-3-85125-268-2.jpg\",\"datePublished\":\"2026-03-28T07:31:32+00:00\",\"dateModified\":\"2026-03-28T09:32:32+00:00\",\"breadcrumb\":{\"@id\":\"https:\/\/www.tugraz-verlag.at\/en\/gesamtverzeichnis\/bauingenieurwissenschaften\/starrer-und-nachgiebiger-verbund-bei-geschichteten-flaechenhaften-holzstrukturen-ebook\/#breadcrumb\"},\"inLanguage\":\"en-US\",\"potentialAction\":[{\"@type\":\"ReadAction\",\"target\":[[\"https:\/\/www.tugraz-verlag.at\/en\/gesamtverzeichnis\/bauingenieurwissenschaften\/starrer-und-nachgiebiger-verbund-bei-geschichteten-flaechenhaften-holzstrukturen-ebook\/\"]]}]},{\"@type\":\"ImageObject\",\"inLanguage\":\"en-US\",\"@id\":\"https:\/\/www.tugraz-verlag.at\/en\/gesamtverzeichnis\/bauingenieurwissenschaften\/starrer-und-nachgiebiger-verbund-bei-geschichteten-flaechenhaften-holzstrukturen-ebook\/#primaryimage\",\"url\":\"https:\/\/www.tugraz-verlag.at\/wp-content\/uploads\/asolmerce\/image-978-3-85125-268-2.jpg\",\"contentUrl\":\"https:\/\/www.tugraz-verlag.at\/wp-content\/uploads\/asolmerce\/image-978-3-85125-268-2.jpg\",\"width\":460,\"height\":678},{\"@type\":\"BreadcrumbList\",\"@id\":\"https:\/\/www.tugraz-verlag.at\/en\/gesamtverzeichnis\/bauingenieurwissenschaften\/starrer-und-nachgiebiger-verbund-bei-geschichteten-flaechenhaften-holzstrukturen-ebook\/#breadcrumb\",\"itemListElement\":[{\"@type\":\"ListItem\",\"position\":1,\"name\":\"Home\",\"item\":\"https:\/\/www.tugraz-verlag.at\/en\/\"},{\"@type\":\"ListItem\",\"position\":2,\"name\":\"Gesamtverzeichnis\",\"item\":\"https:\/\/www.tugraz-verlag.at\/en\/gesamtverzeichnis\/\"},{\"@type\":\"ListItem\",\"position\":3,\"name\":\"Starrer und nachgiebiger Verbund bei geschichteten, fl\u00e4chenhaften Holzstrukturen\"}]},{\"@type\":\"WebSite\",\"@id\":\"https:\/\/www.tugraz-verlag.at\/en\/#website\",\"url\":\"https:\/\/www.tugraz-verlag.at\/en\/\",\"name\":\"Verlag der TU Graz\",\"description\":\"Verlag der Technischen Universit\u00e4t Graz\",\"potentialAction\":[{\"@type\":\"SearchAction\",\"target\":{\"@type\":\"EntryPoint\",\"urlTemplate\":\"https:\/\/www.tugraz-verlag.at\/en\/?s={search_term_string}\"},\"query-input\":{\"@type\":\"PropertyValueSpecification\",\"valueRequired\":true,\"valueName\":\"search_term_string\"}}],\"inLanguage\":\"en-US\"}]}<\/script>\n<!-- \/ Yoast SEO plugin. -->","yoast_head_json":{"title":"Starrer und nachgiebiger Verbund bei geschichteten, fl\u00e4chenhaften Holzstrukturen - Verlag der TU Graz","robots":{"index":"index","follow":"follow","max-snippet":"max-snippet:-1","max-image-preview":"max-image-preview:large","max-video-preview":"max-video-preview:-1"},"canonical":"https:\/\/www.tugraz-verlag.at\/en\/gesamtverzeichnis\/bauingenieurwissenschaften\/starrer-und-nachgiebiger-verbund-bei-geschichteten-flaechenhaften-holzstrukturen-ebook\/","og_locale":"en_US","og_type":"article","og_title":"Starrer und nachgiebiger Verbund bei geschichteten, fl\u00e4chenhaften Holzstrukturen - Verlag der TU Graz","og_description":"Die in dieser Arbeit beschriebenen plattenf\u00f6rmigen Holzstrukturen bestehen aus einer bestimmten Anzahl von Holzschichten \u00fcber die Dicke, wobei eine unterschiedliche Orientierung der Brettlamellen in den einzelnen und miteinander starr oder nachgiebig verbundenen Schichten vorliegend ist. Die Anwendung dieser damit erzeugten fl\u00e4chenhaften Bauelemente ist vielf\u00e4ltig und reicht von weitgespannten Dachkonstruktionen \u00fcber Wand- und Deckenelemente bis zu Br\u00fcckenfahrbahnen.Der nachgiebige Verbund des Balkens wurde bereits zahlreich behandelt. Als Beispiel gilt die Bearbeitung des mechanischen Verhaltens der eindimensionalen Verbundfuge unter Ber\u00fccksichtigung des nichtlinearen Verhaltens der mechanischen Verbindungstechnik. Bei zweidimensionalen, mehrschichtigen Holzstrukturen ist vor allem das Verhalten der Verbundfuge von Bedeutung.In experimentellen, theoretischen und numerischen (FE) Bearbeitungen wird prim\u00e4r das Verhalten von Furniersperrholzplatten (starrer Verbund) untersucht und eine analoge theoretische Behandlung zum faserverst\u00e4rkten Kunststoff durchgef\u00fchrt. In der vorliegenden Arbeit wird im Weiteren versucht, ein mechanisches Modell zur Ber\u00fccksichtigung der Nachgiebigkeit der Verbundfuge zu entwickeln. Das Modell f\u00fcr die Brettschichten und die Verbundfuge basiert hierbei auf der anisotropen Elastizit\u00e4tstheorie. Zudem beschr\u00e4nkt sich die Arbeit auf Plattenelemente, l\u00e4sst sich allerdings auch auf Schalenstrukturen ausdehnen.","og_url":"https:\/\/www.tugraz-verlag.at\/en\/gesamtverzeichnis\/bauingenieurwissenschaften\/starrer-und-nachgiebiger-verbund-bei-geschichteten-flaechenhaften-holzstrukturen-ebook\/","og_site_name":"Verlag der TU Graz","article_modified_time":"2026-03-28T09:32:32+00:00","og_image":[{"width":460,"height":678,"url":"https:\/\/www.tugraz-verlag.at\/wp-content\/uploads\/asolmerce\/image-978-3-85125-268-2.jpg","type":"image\/jpeg"}],"twitter_card":"summary_large_image","twitter_misc":{"Est. reading time":"1 minute"},"schema":{"@context":"https:\/\/schema.org","@graph":[{"@type":"WebPage","@id":"https:\/\/www.tugraz-verlag.at\/en\/gesamtverzeichnis\/bauingenieurwissenschaften\/starrer-und-nachgiebiger-verbund-bei-geschichteten-flaechenhaften-holzstrukturen-ebook\/","url":"https:\/\/www.tugraz-verlag.at\/en\/gesamtverzeichnis\/bauingenieurwissenschaften\/starrer-und-nachgiebiger-verbund-bei-geschichteten-flaechenhaften-holzstrukturen-ebook\/","name":"Starrer und nachgiebiger Verbund bei geschichteten, fl\u00e4chenhaften Holzstrukturen - Verlag der TU Graz","isPartOf":{"@id":"https:\/\/www.tugraz-verlag.at\/en\/#website"},"primaryImageOfPage":{"@id":"https:\/\/www.tugraz-verlag.at\/en\/gesamtverzeichnis\/bauingenieurwissenschaften\/starrer-und-nachgiebiger-verbund-bei-geschichteten-flaechenhaften-holzstrukturen-ebook\/#primaryimage"},"image":{"@id":"https:\/\/www.tugraz-verlag.at\/en\/gesamtverzeichnis\/bauingenieurwissenschaften\/starrer-und-nachgiebiger-verbund-bei-geschichteten-flaechenhaften-holzstrukturen-ebook\/#primaryimage"},"thumbnailUrl":"https:\/\/www.tugraz-verlag.at\/wp-content\/uploads\/asolmerce\/image-978-3-85125-268-2.jpg","datePublished":"2026-03-28T07:31:32+00:00","dateModified":"2026-03-28T09:32:32+00:00","breadcrumb":{"@id":"https:\/\/www.tugraz-verlag.at\/en\/gesamtverzeichnis\/bauingenieurwissenschaften\/starrer-und-nachgiebiger-verbund-bei-geschichteten-flaechenhaften-holzstrukturen-ebook\/#breadcrumb"},"inLanguage":"en-US","potentialAction":[{"@type":"ReadAction","target":[["https:\/\/www.tugraz-verlag.at\/en\/gesamtverzeichnis\/bauingenieurwissenschaften\/starrer-und-nachgiebiger-verbund-bei-geschichteten-flaechenhaften-holzstrukturen-ebook\/"]]}]},{"@type":"ImageObject","inLanguage":"en-US","@id":"https:\/\/www.tugraz-verlag.at\/en\/gesamtverzeichnis\/bauingenieurwissenschaften\/starrer-und-nachgiebiger-verbund-bei-geschichteten-flaechenhaften-holzstrukturen-ebook\/#primaryimage","url":"https:\/\/www.tugraz-verlag.at\/wp-content\/uploads\/asolmerce\/image-978-3-85125-268-2.jpg","contentUrl":"https:\/\/www.tugraz-verlag.at\/wp-content\/uploads\/asolmerce\/image-978-3-85125-268-2.jpg","width":460,"height":678},{"@type":"BreadcrumbList","@id":"https:\/\/www.tugraz-verlag.at\/en\/gesamtverzeichnis\/bauingenieurwissenschaften\/starrer-und-nachgiebiger-verbund-bei-geschichteten-flaechenhaften-holzstrukturen-ebook\/#breadcrumb","itemListElement":[{"@type":"ListItem","position":1,"name":"Home","item":"https:\/\/www.tugraz-verlag.at\/en\/"},{"@type":"ListItem","position":2,"name":"Gesamtverzeichnis","item":"https:\/\/www.tugraz-verlag.at\/en\/gesamtverzeichnis\/"},{"@type":"ListItem","position":3,"name":"Starrer und nachgiebiger Verbund bei geschichteten, fl\u00e4chenhaften Holzstrukturen"}]},{"@type":"WebSite","@id":"https:\/\/www.tugraz-verlag.at\/en\/#website","url":"https:\/\/www.tugraz-verlag.at\/en\/","name":"Verlag der TU Graz","description":"Verlag der Technischen Universit\u00e4t Graz","potentialAction":[{"@type":"SearchAction","target":{"@type":"EntryPoint","urlTemplate":"https:\/\/www.tugraz-verlag.at\/en\/?s={search_term_string}"},"query-input":{"@type":"PropertyValueSpecification","valueRequired":true,"valueName":"search_term_string"}}],"inLanguage":"en-US"}]}},"_links":{"self":[{"href":"https:\/\/www.tugraz-verlag.at\/en\/wp-json\/wp\/v2\/product\/30252","targetHints":{"allow":["GET"]}}],"collection":[{"href":"https:\/\/www.tugraz-verlag.at\/en\/wp-json\/wp\/v2\/product"}],"about":[{"href":"https:\/\/www.tugraz-verlag.at\/en\/wp-json\/wp\/v2\/types\/product"}],"replies":[{"embeddable":true,"href":"https:\/\/www.tugraz-verlag.at\/en\/wp-json\/wp\/v2\/comments?post=30252"}],"wp:featuredmedia":[{"embeddable":true,"href":"https:\/\/www.tugraz-verlag.at\/en\/wp-json\/wp\/v2\/media\/39845"}],"wp:attachment":[{"href":"https:\/\/www.tugraz-verlag.at\/en\/wp-json\/wp\/v2\/media?parent=30252"}],"wp:term":[{"taxonomy":"product_brand","embeddable":true,"href":"https:\/\/www.tugraz-verlag.at\/en\/wp-json\/wp\/v2\/product_brand?post=30252"},{"taxonomy":"product_cat","embeddable":true,"href":"https:\/\/www.tugraz-verlag.at\/en\/wp-json\/wp\/v2\/product_cat?post=30252"},{"taxonomy":"product_tag","embeddable":true,"href":"https:\/\/www.tugraz-verlag.at\/en\/wp-json\/wp\/v2\/product_tag?post=30252"}],"curies":[{"name":"wp","href":"https:\/\/api.w.org\/{rel}","templated":true}]}}