{"id":30246,"date":"2026-03-28T07:31:32","date_gmt":"2026-03-28T07:31:32","guid":{"rendered":"http:\/\/www.tugraz-verlag.at\/gesamtverzeichnis\/unkategorisiert\/mit-begeisterung-gemeinsam-zur-internationalen-spitze\/"},"modified":"2026-03-28T11:32:32","modified_gmt":"2026-03-28T09:32:32","slug":"mit-begeisterung-gemeinsam-zur-internationalen-spitze","status":"publish","type":"product","link":"https:\/\/www.tugraz-verlag.at\/en\/gesamtverzeichnis\/interdiszipinaeres\/mit-begeisterung-gemeinsam-zur-internationalen-spitze\/","title":{"rendered":"Mit Begeisterung gemeinsam zur internationalen Spitze"},"content":{"rendered":"<p class=\"qtranxs-available-languages-message qtranxs-available-languages-message-en\">This entry is only available in German<\/p><p>200 Jahre und kein bisschen leise! \u00dcbermorgen feiert die TU Graz einen besonderen Geburtstag: Am 26. November 1811 \u00fcberreichte Erzherzog Johann von \u00d6sterreich dem steirischen Landtag die Schenkungsurkunde seiner umfassenden naturwissenschaftlichen Sammlung. Dieser Tag gilt seither als Gr\u00fcndungstag des Joanneums und damit auch der heutigen TU Graz.<br \/>\nVon Beginn an stand die Nutzung f\u00fcr den Unterricht im Vordergrund der Bem\u00fchungen des Erzherzogs: Noch im selben Jahr startete der Studienbetrieb im eigens erworbenen Lesliehof in der Grazer Raubergasse. Das heutige Universalmuseum Joanneum, die Steierm\u00e4rkische Landesbibliothek, die TU Graz und die Montanuniversit\u00e4t Leoben sind ebenfalls aus dieser Initiative hervorgegangen. Zur Feier dieses Tages erfolgt am Samstag die Er\u00f6ffnung des ausgebauten und neu gestalteten Joanneumsviertels. Ich gratuliere den Direktoren Intendant Peter Pakesch und Hofrat Dr. Wolfgang Muchitsch zu diesem \u00e4u\u00dferst gelungenen Projekt, das die herausragende Stellung des Universalmuseums Joanneum in \u00d6sterreich unterstreicht \u2026.<\/p>","protected":false},"excerpt":{"rendered":"<p class=\"qtranxs-available-languages-message qtranxs-available-languages-message-en\">This entry is only available in German<\/p>\n<p>200 Jahre und kein bisschen leise! \u00dcbermorgen feiert die TU Graz einen besonderen Geburtstag: Am 26. November 1811 \u00fcberreichte Erzherzog Johann von \u00d6sterreich dem steirischen Landtag die Schenkungsurkunde seiner umfassenden naturwissenschaftlichen Sammlung. Dieser Tag gilt seither als Gr\u00fcndungstag des Joanneums und damit auch der heutigen TU Graz.<br \/>\nVon Beginn an stand die Nutzung f\u00fcr den Unterricht im Vordergrund der Bem\u00fchungen des Erzherzogs: Noch im selben Jahr startete der Studienbetrieb im eigens erworbenen Lesliehof in der Grazer Raubergasse. Das heutige Universalmuseum Joanneum, die Steierm\u00e4rkische Landesbibliothek, die TU Graz und die Montanuniversit\u00e4t Leoben sind ebenfalls aus dieser Initiative hervorgegangen. Zur Feier dieses Tages erfolgt am Samstag die Er\u00f6ffnung des ausgebauten und neu gestalteten Joanneumsviertels. Ich gratuliere den Direktoren Intendant Peter Pakesch und Hofrat Dr. Wolfgang Muchitsch zu diesem \u00e4u\u00dferst gelungenen Projekt, das die herausragende Stellung des Universalmuseums Joanneum in \u00d6sterreich unterstreicht \u2026.<\/p>\n","protected":false},"featured_media":39842,"comment_status":"open","ping_status":"closed","template":"","meta":{"_acf_changed":false},"product_brand":[],"product_cat":[1633],"product_tag":[2884],"class_list":{"0":"post-30246","1":"product","2":"type-product","3":"status-publish","4":"has-post-thumbnail","6":"product_cat-interdiszipinaeres","7":"product_tag-rede-technische-universitaet-graz-rektor-amtsantritt-geschichte-2011","8":"autor-kainz-harald","9":"reihe-akademische-reden-an-der-technischen-universitaet-graz","11":"first","12":"instock","13":"sale","14":"taxable","15":"shipping-taxable","16":"purchasable","17":"product-type-simple"},"acf":[],"yoast_head":"<!-- This site is optimized with the Yoast SEO plugin v27.2 - https:\/\/yoast.com\/product\/yoast-seo-wordpress\/ -->\n<title>Mit Begeisterung gemeinsam zur internationalen Spitze - Verlag der TU Graz<\/title>\n<meta name=\"robots\" content=\"index, follow, max-snippet:-1, max-image-preview:large, max-video-preview:-1\" \/>\n<link rel=\"canonical\" href=\"https:\/\/www.tugraz-verlag.at\/en\/gesamtverzeichnis\/interdiszipinaeres\/mit-begeisterung-gemeinsam-zur-internationalen-spitze\/\" \/>\n<meta property=\"og:locale\" content=\"en_US\" \/>\n<meta property=\"og:type\" content=\"article\" \/>\n<meta property=\"og:title\" content=\"Mit Begeisterung gemeinsam zur internationalen Spitze - Verlag der TU Graz\" \/>\n<meta property=\"og:description\" content=\"200 Jahre und kein bisschen leise! \u00dcbermorgen feiert die TU Graz einen besonderen Geburtstag: Am 26. November 1811 \u00fcberreichte Erzherzog Johann von \u00d6sterreich dem steirischen Landtag die Schenkungsurkunde seiner umfassenden naturwissenschaftlichen Sammlung. Dieser Tag gilt seither als Gr\u00fcndungstag des Joanneums und damit auch der heutigen TU Graz. Von Beginn an stand die Nutzung f\u00fcr den Unterricht im Vordergrund der Bem\u00fchungen des Erzherzogs: Noch im selben Jahr startete der Studienbetrieb im eigens erworbenen Lesliehof in der Grazer Raubergasse. Das heutige Universalmuseum Joanneum, die Steierm\u00e4rkische Landesbibliothek, die TU Graz und die Montanuniversit\u00e4t Leoben sind ebenfalls aus dieser Initiative hervorgegangen. Zur Feier dieses Tages erfolgt am Samstag die Er\u00f6ffnung des ausgebauten und neu gestalteten Joanneumsviertels. Ich gratuliere den Direktoren Intendant Peter Pakesch und Hofrat Dr. Wolfgang Muchitsch zu diesem \u00e4u\u00dferst gelungenen Projekt, das die herausragende Stellung des Universalmuseums Joanneum in \u00d6sterreich unterstreicht \u2026.\" \/>\n<meta property=\"og:url\" content=\"https:\/\/www.tugraz-verlag.at\/en\/gesamtverzeichnis\/interdiszipinaeres\/mit-begeisterung-gemeinsam-zur-internationalen-spitze\/\" \/>\n<meta property=\"og:site_name\" content=\"Verlag der TU Graz\" \/>\n<meta property=\"article:modified_time\" content=\"2026-03-28T09:32:32+00:00\" \/>\n<meta property=\"og:image\" content=\"https:\/\/www.tugraz-verlag.at\/wp-content\/uploads\/asolmerce\/image-978-3-85125-266-8.jpg\" \/>\n\t<meta property=\"og:image:width\" content=\"541\" \/>\n\t<meta property=\"og:image:height\" content=\"760\" \/>\n\t<meta property=\"og:image:type\" content=\"image\/jpeg\" \/>\n<meta name=\"twitter:card\" content=\"summary_large_image\" \/>\n<meta name=\"twitter:label1\" content=\"Est. reading time\" \/>\n\t<meta name=\"twitter:data1\" content=\"1 minute\" \/>\n<script type=\"application\/ld+json\" class=\"yoast-schema-graph\">{\"@context\":\"https:\/\/schema.org\",\"@graph\":[{\"@type\":\"WebPage\",\"@id\":\"https:\/\/www.tugraz-verlag.at\/en\/gesamtverzeichnis\/interdiszipinaeres\/mit-begeisterung-gemeinsam-zur-internationalen-spitze\/\",\"url\":\"https:\/\/www.tugraz-verlag.at\/en\/gesamtverzeichnis\/interdiszipinaeres\/mit-begeisterung-gemeinsam-zur-internationalen-spitze\/\",\"name\":\"Mit Begeisterung gemeinsam zur internationalen Spitze - Verlag der TU Graz\",\"isPartOf\":{\"@id\":\"https:\/\/www.tugraz-verlag.at\/en\/#website\"},\"primaryImageOfPage\":{\"@id\":\"https:\/\/www.tugraz-verlag.at\/en\/gesamtverzeichnis\/interdiszipinaeres\/mit-begeisterung-gemeinsam-zur-internationalen-spitze\/#primaryimage\"},\"image\":{\"@id\":\"https:\/\/www.tugraz-verlag.at\/gesamtverzeichnis\/interdiszipinaeres\/mit-begeisterung-gemeinsam-zur-internationalen-spitze\/#primaryimage\"},\"thumbnailUrl\":\"https:\/\/www.tugraz-verlag.at\/wp-content\/uploads\/asolmerce\/image-978-3-85125-266-8.jpg\",\"datePublished\":\"2026-03-28T07:31:32+00:00\",\"dateModified\":\"2026-03-28T09:32:32+00:00\",\"breadcrumb\":{\"@id\":\"https:\/\/www.tugraz-verlag.at\/en\/gesamtverzeichnis\/interdiszipinaeres\/mit-begeisterung-gemeinsam-zur-internationalen-spitze\/#breadcrumb\"},\"inLanguage\":\"en-US\",\"potentialAction\":[{\"@type\":\"ReadAction\",\"target\":[[\"https:\/\/www.tugraz-verlag.at\/en\/gesamtverzeichnis\/interdiszipinaeres\/mit-begeisterung-gemeinsam-zur-internationalen-spitze\/\"]]}]},{\"@type\":\"ImageObject\",\"inLanguage\":\"en-US\",\"@id\":\"https:\/\/www.tugraz-verlag.at\/en\/gesamtverzeichnis\/interdiszipinaeres\/mit-begeisterung-gemeinsam-zur-internationalen-spitze\/#primaryimage\",\"url\":\"https:\/\/www.tugraz-verlag.at\/wp-content\/uploads\/asolmerce\/image-978-3-85125-266-8.jpg\",\"contentUrl\":\"https:\/\/www.tugraz-verlag.at\/wp-content\/uploads\/asolmerce\/image-978-3-85125-266-8.jpg\",\"width\":541,\"height\":760},{\"@type\":\"BreadcrumbList\",\"@id\":\"https:\/\/www.tugraz-verlag.at\/en\/gesamtverzeichnis\/interdiszipinaeres\/mit-begeisterung-gemeinsam-zur-internationalen-spitze\/#breadcrumb\",\"itemListElement\":[{\"@type\":\"ListItem\",\"position\":1,\"name\":\"Home\",\"item\":\"https:\/\/www.tugraz-verlag.at\/en\/\"},{\"@type\":\"ListItem\",\"position\":2,\"name\":\"Gesamtverzeichnis\",\"item\":\"https:\/\/www.tugraz-verlag.at\/en\/gesamtverzeichnis\/\"},{\"@type\":\"ListItem\",\"position\":3,\"name\":\"Mit Begeisterung gemeinsam zur internationalen Spitze\"}]},{\"@type\":\"WebSite\",\"@id\":\"https:\/\/www.tugraz-verlag.at\/en\/#website\",\"url\":\"https:\/\/www.tugraz-verlag.at\/en\/\",\"name\":\"Verlag der TU Graz\",\"description\":\"Verlag der Technischen Universit\u00e4t Graz\",\"potentialAction\":[{\"@type\":\"SearchAction\",\"target\":{\"@type\":\"EntryPoint\",\"urlTemplate\":\"https:\/\/www.tugraz-verlag.at\/en\/?s={search_term_string}\"},\"query-input\":{\"@type\":\"PropertyValueSpecification\",\"valueRequired\":true,\"valueName\":\"search_term_string\"}}],\"inLanguage\":\"en-US\"}]}<\/script>\n<!-- \/ Yoast SEO plugin. -->","yoast_head_json":{"title":"Mit Begeisterung gemeinsam zur internationalen Spitze - Verlag der TU Graz","robots":{"index":"index","follow":"follow","max-snippet":"max-snippet:-1","max-image-preview":"max-image-preview:large","max-video-preview":"max-video-preview:-1"},"canonical":"https:\/\/www.tugraz-verlag.at\/en\/gesamtverzeichnis\/interdiszipinaeres\/mit-begeisterung-gemeinsam-zur-internationalen-spitze\/","og_locale":"en_US","og_type":"article","og_title":"Mit Begeisterung gemeinsam zur internationalen Spitze - Verlag der TU Graz","og_description":"200 Jahre und kein bisschen leise! \u00dcbermorgen feiert die TU Graz einen besonderen Geburtstag: Am 26. November 1811 \u00fcberreichte Erzherzog Johann von \u00d6sterreich dem steirischen Landtag die Schenkungsurkunde seiner umfassenden naturwissenschaftlichen Sammlung. Dieser Tag gilt seither als Gr\u00fcndungstag des Joanneums und damit auch der heutigen TU Graz. Von Beginn an stand die Nutzung f\u00fcr den Unterricht im Vordergrund der Bem\u00fchungen des Erzherzogs: Noch im selben Jahr startete der Studienbetrieb im eigens erworbenen Lesliehof in der Grazer Raubergasse. Das heutige Universalmuseum Joanneum, die Steierm\u00e4rkische Landesbibliothek, die TU Graz und die Montanuniversit\u00e4t Leoben sind ebenfalls aus dieser Initiative hervorgegangen. Zur Feier dieses Tages erfolgt am Samstag die Er\u00f6ffnung des ausgebauten und neu gestalteten Joanneumsviertels. Ich gratuliere den Direktoren Intendant Peter Pakesch und Hofrat Dr. Wolfgang Muchitsch zu diesem \u00e4u\u00dferst gelungenen Projekt, das die herausragende Stellung des Universalmuseums Joanneum in \u00d6sterreich unterstreicht \u2026.","og_url":"https:\/\/www.tugraz-verlag.at\/en\/gesamtverzeichnis\/interdiszipinaeres\/mit-begeisterung-gemeinsam-zur-internationalen-spitze\/","og_site_name":"Verlag der TU Graz","article_modified_time":"2026-03-28T09:32:32+00:00","og_image":[{"width":541,"height":760,"url":"https:\/\/www.tugraz-verlag.at\/wp-content\/uploads\/asolmerce\/image-978-3-85125-266-8.jpg","type":"image\/jpeg"}],"twitter_card":"summary_large_image","twitter_misc":{"Est. reading time":"1 minute"},"schema":{"@context":"https:\/\/schema.org","@graph":[{"@type":"WebPage","@id":"https:\/\/www.tugraz-verlag.at\/en\/gesamtverzeichnis\/interdiszipinaeres\/mit-begeisterung-gemeinsam-zur-internationalen-spitze\/","url":"https:\/\/www.tugraz-verlag.at\/en\/gesamtverzeichnis\/interdiszipinaeres\/mit-begeisterung-gemeinsam-zur-internationalen-spitze\/","name":"Mit Begeisterung gemeinsam zur internationalen Spitze - Verlag der TU Graz","isPartOf":{"@id":"https:\/\/www.tugraz-verlag.at\/en\/#website"},"primaryImageOfPage":{"@id":"https:\/\/www.tugraz-verlag.at\/en\/gesamtverzeichnis\/interdiszipinaeres\/mit-begeisterung-gemeinsam-zur-internationalen-spitze\/#primaryimage"},"image":{"@id":"https:\/\/www.tugraz-verlag.at\/gesamtverzeichnis\/interdiszipinaeres\/mit-begeisterung-gemeinsam-zur-internationalen-spitze\/#primaryimage"},"thumbnailUrl":"https:\/\/www.tugraz-verlag.at\/wp-content\/uploads\/asolmerce\/image-978-3-85125-266-8.jpg","datePublished":"2026-03-28T07:31:32+00:00","dateModified":"2026-03-28T09:32:32+00:00","breadcrumb":{"@id":"https:\/\/www.tugraz-verlag.at\/en\/gesamtverzeichnis\/interdiszipinaeres\/mit-begeisterung-gemeinsam-zur-internationalen-spitze\/#breadcrumb"},"inLanguage":"en-US","potentialAction":[{"@type":"ReadAction","target":[["https:\/\/www.tugraz-verlag.at\/en\/gesamtverzeichnis\/interdiszipinaeres\/mit-begeisterung-gemeinsam-zur-internationalen-spitze\/"]]}]},{"@type":"ImageObject","inLanguage":"en-US","@id":"https:\/\/www.tugraz-verlag.at\/en\/gesamtverzeichnis\/interdiszipinaeres\/mit-begeisterung-gemeinsam-zur-internationalen-spitze\/#primaryimage","url":"https:\/\/www.tugraz-verlag.at\/wp-content\/uploads\/asolmerce\/image-978-3-85125-266-8.jpg","contentUrl":"https:\/\/www.tugraz-verlag.at\/wp-content\/uploads\/asolmerce\/image-978-3-85125-266-8.jpg","width":541,"height":760},{"@type":"BreadcrumbList","@id":"https:\/\/www.tugraz-verlag.at\/en\/gesamtverzeichnis\/interdiszipinaeres\/mit-begeisterung-gemeinsam-zur-internationalen-spitze\/#breadcrumb","itemListElement":[{"@type":"ListItem","position":1,"name":"Home","item":"https:\/\/www.tugraz-verlag.at\/en\/"},{"@type":"ListItem","position":2,"name":"Gesamtverzeichnis","item":"https:\/\/www.tugraz-verlag.at\/en\/gesamtverzeichnis\/"},{"@type":"ListItem","position":3,"name":"Mit Begeisterung gemeinsam zur internationalen Spitze"}]},{"@type":"WebSite","@id":"https:\/\/www.tugraz-verlag.at\/en\/#website","url":"https:\/\/www.tugraz-verlag.at\/en\/","name":"Verlag der TU Graz","description":"Verlag der Technischen Universit\u00e4t Graz","potentialAction":[{"@type":"SearchAction","target":{"@type":"EntryPoint","urlTemplate":"https:\/\/www.tugraz-verlag.at\/en\/?s={search_term_string}"},"query-input":{"@type":"PropertyValueSpecification","valueRequired":true,"valueName":"search_term_string"}}],"inLanguage":"en-US"}]}},"_links":{"self":[{"href":"https:\/\/www.tugraz-verlag.at\/en\/wp-json\/wp\/v2\/product\/30246","targetHints":{"allow":["GET"]}}],"collection":[{"href":"https:\/\/www.tugraz-verlag.at\/en\/wp-json\/wp\/v2\/product"}],"about":[{"href":"https:\/\/www.tugraz-verlag.at\/en\/wp-json\/wp\/v2\/types\/product"}],"replies":[{"embeddable":true,"href":"https:\/\/www.tugraz-verlag.at\/en\/wp-json\/wp\/v2\/comments?post=30246"}],"wp:featuredmedia":[{"embeddable":true,"href":"https:\/\/www.tugraz-verlag.at\/en\/wp-json\/wp\/v2\/media\/39842"}],"wp:attachment":[{"href":"https:\/\/www.tugraz-verlag.at\/en\/wp-json\/wp\/v2\/media?parent=30246"}],"wp:term":[{"taxonomy":"product_brand","embeddable":true,"href":"https:\/\/www.tugraz-verlag.at\/en\/wp-json\/wp\/v2\/product_brand?post=30246"},{"taxonomy":"product_cat","embeddable":true,"href":"https:\/\/www.tugraz-verlag.at\/en\/wp-json\/wp\/v2\/product_cat?post=30246"},{"taxonomy":"product_tag","embeddable":true,"href":"https:\/\/www.tugraz-verlag.at\/en\/wp-json\/wp\/v2\/product_tag?post=30246"}],"curies":[{"name":"wp","href":"https:\/\/api.w.org\/{rel}","templated":true}]}}