{"id":30242,"date":"2026-03-28T07:31:31","date_gmt":"2026-03-28T07:31:31","guid":{"rendered":"http:\/\/www.tugraz-verlag.at\/gesamtverzeichnis\/unkategorisiert\/austrian-fm-report-2011\/"},"modified":"2026-03-28T11:32:31","modified_gmt":"2026-03-28T09:32:31","slug":"austrian-fm-report-2011","status":"publish","type":"product","link":"https:\/\/www.tugraz-verlag.at\/en\/gesamtverzeichnis\/bauingenieurwissenschaften\/austrian-fm-report-2011\/","title":{"rendered":"Austrian FM Report 2011"},"content":{"rendered":"<p class=\"qtranxs-available-languages-message qtranxs-available-languages-message-en\">This entry is only available in German<\/p><p>Inhaltsverzeichnis<br \/>\n1. Allgemeines &#038; Grundlagen<br \/>\n1.1. Ziele des Benchmarkings . . . . . . . . . . . . . . . . . . . . . . . . . . . . . . . . . . . . .. . 1<br \/>\n1.2. Gliederung der Kennzahlen . . . . . . . . . . . . . . . . . . . . . . . . . . . . . . . . . . .. . 2<br \/>\n1.3. Allgemeine Auswertung . . . . . . . . . . . . . . . . . . . . . . . . . . . . . . . . . . . . .. . . 3<br \/>\nKennzahlen<br \/>\nErkl\u00e4rung der Diagramme . . . . . . . . . . . . . . . . . . . . . . . . . . . . . . . . . . . . . . . . . 11<br \/>\n2. Bildung, Unterricht, Kultur und Sport<br \/>\n2.1. Fl\u00e4chenkennzahlen . . . . . . . . . . . . . . . . . . . . . . . . . . . . . . . . . . . . . . . . . . . . 13<br \/>\n2.2. Kostenkennzahlen . . . . . . . . . . . . . . . . . . . . . . . . . . . . . . . . . . . . . . . . . . . . . 18<br \/>\n3. B\u00fcro- &#038; Verwaltungsgeb\u00e4ude<br \/>\n3.1. Fl\u00e4chenkennzahlen . . . . . . . . . . . . . . . . . . . . . . . . . . . . . . . . . . . . . . . . . . . . 23<br \/>\n3.2. Kostenkennzahlen . . . . . . . . . . . . . . . . . . . . . . . . . . . . . . . . . . . . . . . . . . . . . 28<br \/>\n4. Wohnen<br \/>\n4.1. Fl\u00e4chenkennzahlen . . . . . . . . . . . . . . . . . . . . . . . . . . . . . . . . . . . . . . . . . . . . 33<br \/>\n5. Vergleich der Kategorien . . . . . . . . . . . . . . . . . . . . . . .35<br \/>\n6. Anhang<br \/>\n6.1. Plausibilisierung &#038; Ausschlusskriterien . . . . . . . . . . . . . . . . . . . . . .. . . . I<br \/>\n6.2. Begriffe &#038; Definitionen . . . . . . . . . . . . . . . . . . . . . . . . . . . . . . . . . . . . . . . . . .II<br \/>\n6.3. Literatur &#038; Quellenangaben . . . . . . . . . . . . . . . . . . . . . . . . . . . . . . . . . . . . IX<br \/>\n6.4. Abk\u00fcrzungsverzeichnis . . . . . . . . . . . . . . . . . . . . . . . . . . . . . . . . . . . .. . . . . .X<br \/>\n6.5. Sachverzeichnis . . . . . . . . . . . . . . . . . . . . . . . . . . . . . . . . . . . . . . . . . .. . . . . . . XI<\/p>","protected":false},"excerpt":{"rendered":"<p class=\"qtranxs-available-languages-message qtranxs-available-languages-message-en\">This entry is only available in German<\/p>\n<p>Inhaltsverzeichnis<br \/>\n1. Allgemeines &#038; Grundlagen<br \/>\n1.1. Ziele des Benchmarkings . . . . . . . . . . . . . . . . . . . . . . . . . . . . . . . . . . . . .. . 1<br \/>\n1.2. Gliederung der Kennzahlen . . . . . . . . . . . . . . . . . . . . . . . . . . . . . . . . . . .. . 2<br \/>\n1.3. Allgemeine Auswertung . . . . . . . . . . . . . . . . . . . . . . . . . . . . . . . . . . . . .. . . 3<br \/>\nKennzahlen<br \/>\nErkl\u00e4rung der Diagramme . . . . . . . . . . . . . . . . . . . . . . . . . . . . . . . . . . . . . . . . . 11<br \/>\n2. Bildung, Unterricht, Kultur und Sport<br \/>\n2.1. Fl\u00e4chenkennzahlen . . . . . . . . . . . . . . . . . . . . . . . . . . . . . . . . . . . . . . . . . . . . 13<br \/>\n2.2. Kostenkennzahlen . . . . . . . . . . . . . . . . . . . . . . . . . . . . . . . . . . . . . . . . . . . . . 18<br \/>\n3. B\u00fcro- &#038; Verwaltungsgeb\u00e4ude<br \/>\n3.1. Fl\u00e4chenkennzahlen . . . . . . . . . . . . . . . . . . . . . . . . . . . . . . . . . . . . . . . . . . . . 23<br \/>\n3.2. Kostenkennzahlen . . . . . . . . . . . . . . . . . . . . . . . . . . . . . . . . . . . . . . . . . . . . . 28<br \/>\n4. Wohnen<br \/>\n4.1. Fl\u00e4chenkennzahlen . . . . . . . . . . . . . . . . . . . . . . . . . . . . . . . . . . . . . . . . . . . . 33<br \/>\n5. Vergleich der Kategorien . . . . . . . . . . . . . . . . . . . . . . .35<br \/>\n6. Anhang<br \/>\n6.1. Plausibilisierung &#038; Ausschlusskriterien . . . . . . . . . . . . . . . . . . . . . .. . . . I<br \/>\n6.2. Begriffe &#038; Definitionen . . . . . . . . . . . . . . . . . . . . . . . . . . . . . . . . . . . . . . . . . .II<br \/>\n6.3. Literatur &#038; Quellenangaben . . . . . . . . . . . . . . . . . . . . . . . . . . . . . . . . . . . . IX<br \/>\n6.4. Abk\u00fcrzungsverzeichnis . . . . . . . . . . . . . . . . . . . . . . . . . . . . . . . . . . . .. . . . . .X<br \/>\n6.5. Sachverzeichnis . . . . . . . . . . . . . . . . . . . . . . . . . . . . . . . . . . . . . . . . . .. . . . . . . XI<\/p>\n","protected":false},"featured_media":39840,"comment_status":"open","ping_status":"closed","template":"","meta":{"_acf_changed":false},"product_brand":[],"product_cat":[1627],"product_tag":[2880],"class_list":{"0":"post-30242","1":"product","2":"type-product","3":"status-publish","4":"has-post-thumbnail","6":"product_cat-bauingenieurwissenschaften","7":"product_tag-facility-management-oesterreich-benchmarking","8":"autor-krammer-martin","9":"autor-walder-ulrich","11":"first","12":"instock","13":"taxable","14":"shipping-taxable","15":"purchasable","16":"product-type-simple"},"acf":[],"yoast_head":"<!-- This site is optimized with the Yoast SEO plugin v27.2 - https:\/\/yoast.com\/product\/yoast-seo-wordpress\/ -->\n<title>Austrian FM Report 2011 - Verlag der TU Graz<\/title>\n<meta name=\"robots\" content=\"index, follow, max-snippet:-1, max-image-preview:large, max-video-preview:-1\" \/>\n<link rel=\"canonical\" href=\"https:\/\/www.tugraz-verlag.at\/en\/gesamtverzeichnis\/bauingenieurwissenschaften\/austrian-fm-report-2011\/\" \/>\n<meta property=\"og:locale\" content=\"en_US\" \/>\n<meta property=\"og:type\" content=\"article\" \/>\n<meta property=\"og:title\" content=\"Austrian FM Report 2011 - Verlag der TU Graz\" \/>\n<meta property=\"og:description\" content=\"Inhaltsverzeichnis 1. Allgemeines &amp; Grundlagen 1.1. Ziele des Benchmarkings . . . . . . . . . . . . . . . . . . . . . . . . . . . . . . . . . . . . .. . 1 1.2. Gliederung der Kennzahlen . . . . . . . . . . . . . . . . . . . . . . . . . . . . . . . . . . .. . 2 1.3. Allgemeine Auswertung . . . . . . . . . . . . . . . . . . . . . . . . . . . . . . . . . . . . .. . . 3 Kennzahlen Erkl\u00e4rung der Diagramme . . . . . . . . . . . . . . . . . . . . . . . . . . . . . . . . . . . . . . . . . 11 2. Bildung, Unterricht, Kultur und Sport 2.1. Fl\u00e4chenkennzahlen . . . . . . . . . . . . . . . . . . . . . . . . . . . . . . . . . . . . . . . . . . . . 13 2.2. Kostenkennzahlen . . . . . . . . . . . . . . . . . . . . . . . . . . . . . . . . . . . . . . . . . . . . . 18 3. B\u00fcro- &amp; Verwaltungsgeb\u00e4ude 3.1. Fl\u00e4chenkennzahlen . . . . . . . . . . . . . . . . . . . . . . . . . . . . . . . . . . . . . . . . . . . . 23 3.2. Kostenkennzahlen . . . . . . . . . . . . . . . . . . . . . . . . . . . . . . . . . . . . . . . . . . . . . 28 4. Wohnen 4.1. Fl\u00e4chenkennzahlen . . . . . . . . . . . . . . . . . . . . . . . . . . . . . . . . . . . . . . . . . . . . 33 5. Vergleich der Kategorien . . . . . . . . . . . . . . . . . . . . . . .35 6. Anhang 6.1. Plausibilisierung &amp; Ausschlusskriterien . . . . . . . . . . . . . . . . . . . . . .. . . . I 6.2. Begriffe &amp; Definitionen . . . . . . . . . . . . . . . . . . . . . . . . . . . . . . . . . . . . . . . . . .II 6.3. Literatur &amp; Quellenangaben . . . . . . . . . . . . . . . . . . . . . . . . . . . . . . . . . . . . IX 6.4. Abk\u00fcrzungsverzeichnis . . . . . . . . . . . . . . . . . . . . . . . . . . . . . . . . . . . .. . . . . .X 6.5. Sachverzeichnis . . . . . . . . . . . . . . . . . . . . . . . . . . . . . . . . . . . . . . . . . .. . . . . . . XI\" \/>\n<meta property=\"og:url\" content=\"https:\/\/www.tugraz-verlag.at\/en\/gesamtverzeichnis\/bauingenieurwissenschaften\/austrian-fm-report-2011\/\" \/>\n<meta property=\"og:site_name\" content=\"Verlag der TU Graz\" \/>\n<meta property=\"article:modified_time\" content=\"2026-03-28T09:32:31+00:00\" \/>\n<meta property=\"og:image\" content=\"https:\/\/www.tugraz-verlag.at\/wp-content\/uploads\/asolmerce\/image-978-3-85125-264-4.jpg\" \/>\n\t<meta property=\"og:image:width\" content=\"560\" \/>\n\t<meta property=\"og:image:height\" content=\"797\" \/>\n\t<meta property=\"og:image:type\" content=\"image\/jpeg\" \/>\n<meta name=\"twitter:card\" content=\"summary_large_image\" \/>\n<script type=\"application\/ld+json\" class=\"yoast-schema-graph\">{\"@context\":\"https:\/\/schema.org\",\"@graph\":[{\"@type\":\"WebPage\",\"@id\":\"https:\/\/www.tugraz-verlag.at\/en\/gesamtverzeichnis\/bauingenieurwissenschaften\/austrian-fm-report-2011\/\",\"url\":\"https:\/\/www.tugraz-verlag.at\/en\/gesamtverzeichnis\/bauingenieurwissenschaften\/austrian-fm-report-2011\/\",\"name\":\"Austrian FM Report 2011 - Verlag der TU Graz\",\"isPartOf\":{\"@id\":\"https:\/\/www.tugraz-verlag.at\/en\/#website\"},\"primaryImageOfPage\":{\"@id\":\"https:\/\/www.tugraz-verlag.at\/en\/gesamtverzeichnis\/bauingenieurwissenschaften\/austrian-fm-report-2011\/#primaryimage\"},\"image\":{\"@id\":\"https:\/\/www.tugraz-verlag.at\/gesamtverzeichnis\/bauingenieurwissenschaften\/austrian-fm-report-2011\/#primaryimage\"},\"thumbnailUrl\":\"https:\/\/www.tugraz-verlag.at\/wp-content\/uploads\/asolmerce\/image-978-3-85125-264-4.jpg\",\"datePublished\":\"2026-03-28T07:31:31+00:00\",\"dateModified\":\"2026-03-28T09:32:31+00:00\",\"breadcrumb\":{\"@id\":\"https:\/\/www.tugraz-verlag.at\/en\/gesamtverzeichnis\/bauingenieurwissenschaften\/austrian-fm-report-2011\/#breadcrumb\"},\"inLanguage\":\"en-US\",\"potentialAction\":[{\"@type\":\"ReadAction\",\"target\":[[\"https:\/\/www.tugraz-verlag.at\/en\/gesamtverzeichnis\/bauingenieurwissenschaften\/austrian-fm-report-2011\/\"]]}]},{\"@type\":\"ImageObject\",\"inLanguage\":\"en-US\",\"@id\":\"https:\/\/www.tugraz-verlag.at\/en\/gesamtverzeichnis\/bauingenieurwissenschaften\/austrian-fm-report-2011\/#primaryimage\",\"url\":\"https:\/\/www.tugraz-verlag.at\/wp-content\/uploads\/asolmerce\/image-978-3-85125-264-4.jpg\",\"contentUrl\":\"https:\/\/www.tugraz-verlag.at\/wp-content\/uploads\/asolmerce\/image-978-3-85125-264-4.jpg\",\"width\":560,\"height\":797},{\"@type\":\"BreadcrumbList\",\"@id\":\"https:\/\/www.tugraz-verlag.at\/en\/gesamtverzeichnis\/bauingenieurwissenschaften\/austrian-fm-report-2011\/#breadcrumb\",\"itemListElement\":[{\"@type\":\"ListItem\",\"position\":1,\"name\":\"Home\",\"item\":\"https:\/\/www.tugraz-verlag.at\/en\/\"},{\"@type\":\"ListItem\",\"position\":2,\"name\":\"Gesamtverzeichnis\",\"item\":\"https:\/\/www.tugraz-verlag.at\/en\/gesamtverzeichnis\/\"},{\"@type\":\"ListItem\",\"position\":3,\"name\":\"Austrian FM Report 2011\"}]},{\"@type\":\"WebSite\",\"@id\":\"https:\/\/www.tugraz-verlag.at\/en\/#website\",\"url\":\"https:\/\/www.tugraz-verlag.at\/en\/\",\"name\":\"Verlag der TU Graz\",\"description\":\"Verlag der Technischen Universit\u00e4t Graz\",\"potentialAction\":[{\"@type\":\"SearchAction\",\"target\":{\"@type\":\"EntryPoint\",\"urlTemplate\":\"https:\/\/www.tugraz-verlag.at\/en\/?s={search_term_string}\"},\"query-input\":{\"@type\":\"PropertyValueSpecification\",\"valueRequired\":true,\"valueName\":\"search_term_string\"}}],\"inLanguage\":\"en-US\"}]}<\/script>\n<!-- \/ Yoast SEO plugin. -->","yoast_head_json":{"title":"Austrian FM Report 2011 - Verlag der TU Graz","robots":{"index":"index","follow":"follow","max-snippet":"max-snippet:-1","max-image-preview":"max-image-preview:large","max-video-preview":"max-video-preview:-1"},"canonical":"https:\/\/www.tugraz-verlag.at\/en\/gesamtverzeichnis\/bauingenieurwissenschaften\/austrian-fm-report-2011\/","og_locale":"en_US","og_type":"article","og_title":"Austrian FM Report 2011 - Verlag der TU Graz","og_description":"Inhaltsverzeichnis 1. Allgemeines & Grundlagen 1.1. Ziele des Benchmarkings . . . . . . . . . . . . . . . . . . . . . . . . . . . . . . . . . . . . .. . 1 1.2. Gliederung der Kennzahlen . . . . . . . . . . . . . . . . . . . . . . . . . . . . . . . . . . .. . 2 1.3. Allgemeine Auswertung . . . . . . . . . . . . . . . . . . . . . . . . . . . . . . . . . . . . .. . . 3 Kennzahlen Erkl\u00e4rung der Diagramme . . . . . . . . . . . . . . . . . . . . . . . . . . . . . . . . . . . . . . . . . 11 2. Bildung, Unterricht, Kultur und Sport 2.1. Fl\u00e4chenkennzahlen . . . . . . . . . . . . . . . . . . . . . . . . . . . . . . . . . . . . . . . . . . . . 13 2.2. Kostenkennzahlen . . . . . . . . . . . . . . . . . . . . . . . . . . . . . . . . . . . . . . . . . . . . . 18 3. B\u00fcro- & Verwaltungsgeb\u00e4ude 3.1. Fl\u00e4chenkennzahlen . . . . . . . . . . . . . . . . . . . . . . . . . . . . . . . . . . . . . . . . . . . . 23 3.2. Kostenkennzahlen . . . . . . . . . . . . . . . . . . . . . . . . . . . . . . . . . . . . . . . . . . . . . 28 4. Wohnen 4.1. Fl\u00e4chenkennzahlen . . . . . . . . . . . . . . . . . . . . . . . . . . . . . . . . . . . . . . . . . . . . 33 5. Vergleich der Kategorien . . . . . . . . . . . . . . . . . . . . . . .35 6. Anhang 6.1. Plausibilisierung & Ausschlusskriterien . . . . . . . . . . . . . . . . . . . . . .. . . . I 6.2. Begriffe & Definitionen . . . . . . . . . . . . . . . . . . . . . . . . . . . . . . . . . . . . . . . . . .II 6.3. Literatur & Quellenangaben . . . . . . . . . . . . . . . . . . . . . . . . . . . . . . . . . . . . IX 6.4. Abk\u00fcrzungsverzeichnis . . . . . . . . . . . . . . . . . . . . . . . . . . . . . . . . . . . .. . . . . .X 6.5. Sachverzeichnis . . . . . . . . . . . . . . . . . . . . . . . . . . . . . . . . . . . . . . . . . .. . . . . . . XI","og_url":"https:\/\/www.tugraz-verlag.at\/en\/gesamtverzeichnis\/bauingenieurwissenschaften\/austrian-fm-report-2011\/","og_site_name":"Verlag der TU Graz","article_modified_time":"2026-03-28T09:32:31+00:00","og_image":[{"width":560,"height":797,"url":"https:\/\/www.tugraz-verlag.at\/wp-content\/uploads\/asolmerce\/image-978-3-85125-264-4.jpg","type":"image\/jpeg"}],"twitter_card":"summary_large_image","schema":{"@context":"https:\/\/schema.org","@graph":[{"@type":"WebPage","@id":"https:\/\/www.tugraz-verlag.at\/en\/gesamtverzeichnis\/bauingenieurwissenschaften\/austrian-fm-report-2011\/","url":"https:\/\/www.tugraz-verlag.at\/en\/gesamtverzeichnis\/bauingenieurwissenschaften\/austrian-fm-report-2011\/","name":"Austrian FM Report 2011 - Verlag der TU Graz","isPartOf":{"@id":"https:\/\/www.tugraz-verlag.at\/en\/#website"},"primaryImageOfPage":{"@id":"https:\/\/www.tugraz-verlag.at\/en\/gesamtverzeichnis\/bauingenieurwissenschaften\/austrian-fm-report-2011\/#primaryimage"},"image":{"@id":"https:\/\/www.tugraz-verlag.at\/gesamtverzeichnis\/bauingenieurwissenschaften\/austrian-fm-report-2011\/#primaryimage"},"thumbnailUrl":"https:\/\/www.tugraz-verlag.at\/wp-content\/uploads\/asolmerce\/image-978-3-85125-264-4.jpg","datePublished":"2026-03-28T07:31:31+00:00","dateModified":"2026-03-28T09:32:31+00:00","breadcrumb":{"@id":"https:\/\/www.tugraz-verlag.at\/en\/gesamtverzeichnis\/bauingenieurwissenschaften\/austrian-fm-report-2011\/#breadcrumb"},"inLanguage":"en-US","potentialAction":[{"@type":"ReadAction","target":[["https:\/\/www.tugraz-verlag.at\/en\/gesamtverzeichnis\/bauingenieurwissenschaften\/austrian-fm-report-2011\/"]]}]},{"@type":"ImageObject","inLanguage":"en-US","@id":"https:\/\/www.tugraz-verlag.at\/en\/gesamtverzeichnis\/bauingenieurwissenschaften\/austrian-fm-report-2011\/#primaryimage","url":"https:\/\/www.tugraz-verlag.at\/wp-content\/uploads\/asolmerce\/image-978-3-85125-264-4.jpg","contentUrl":"https:\/\/www.tugraz-verlag.at\/wp-content\/uploads\/asolmerce\/image-978-3-85125-264-4.jpg","width":560,"height":797},{"@type":"BreadcrumbList","@id":"https:\/\/www.tugraz-verlag.at\/en\/gesamtverzeichnis\/bauingenieurwissenschaften\/austrian-fm-report-2011\/#breadcrumb","itemListElement":[{"@type":"ListItem","position":1,"name":"Home","item":"https:\/\/www.tugraz-verlag.at\/en\/"},{"@type":"ListItem","position":2,"name":"Gesamtverzeichnis","item":"https:\/\/www.tugraz-verlag.at\/en\/gesamtverzeichnis\/"},{"@type":"ListItem","position":3,"name":"Austrian FM Report 2011"}]},{"@type":"WebSite","@id":"https:\/\/www.tugraz-verlag.at\/en\/#website","url":"https:\/\/www.tugraz-verlag.at\/en\/","name":"Verlag der TU Graz","description":"Verlag der Technischen Universit\u00e4t Graz","potentialAction":[{"@type":"SearchAction","target":{"@type":"EntryPoint","urlTemplate":"https:\/\/www.tugraz-verlag.at\/en\/?s={search_term_string}"},"query-input":{"@type":"PropertyValueSpecification","valueRequired":true,"valueName":"search_term_string"}}],"inLanguage":"en-US"}]}},"_links":{"self":[{"href":"https:\/\/www.tugraz-verlag.at\/en\/wp-json\/wp\/v2\/product\/30242","targetHints":{"allow":["GET"]}}],"collection":[{"href":"https:\/\/www.tugraz-verlag.at\/en\/wp-json\/wp\/v2\/product"}],"about":[{"href":"https:\/\/www.tugraz-verlag.at\/en\/wp-json\/wp\/v2\/types\/product"}],"replies":[{"embeddable":true,"href":"https:\/\/www.tugraz-verlag.at\/en\/wp-json\/wp\/v2\/comments?post=30242"}],"wp:featuredmedia":[{"embeddable":true,"href":"https:\/\/www.tugraz-verlag.at\/en\/wp-json\/wp\/v2\/media\/39840"}],"wp:attachment":[{"href":"https:\/\/www.tugraz-verlag.at\/en\/wp-json\/wp\/v2\/media?parent=30242"}],"wp:term":[{"taxonomy":"product_brand","embeddable":true,"href":"https:\/\/www.tugraz-verlag.at\/en\/wp-json\/wp\/v2\/product_brand?post=30242"},{"taxonomy":"product_cat","embeddable":true,"href":"https:\/\/www.tugraz-verlag.at\/en\/wp-json\/wp\/v2\/product_cat?post=30242"},{"taxonomy":"product_tag","embeddable":true,"href":"https:\/\/www.tugraz-verlag.at\/en\/wp-json\/wp\/v2\/product_tag?post=30242"}],"curies":[{"name":"wp","href":"https:\/\/api.w.org\/{rel}","templated":true}]}}