{"id":30126,"date":"2026-03-28T07:31:19","date_gmt":"2026-03-28T07:31:19","guid":{"rendered":"http:\/\/www.tugraz-verlag.at\/gesamtverzeichnis\/unkategorisiert\/analyse-radselektiv-eingreifender-fahrdynamikregelsysteme-fuer-die-anwendung-in-elektromechanischen-corner-modulen\/"},"modified":"2026-03-28T11:32:19","modified_gmt":"2026-03-28T09:32:19","slug":"analyse-radselektiv-eingreifender-fahrdynamikregelsysteme-fuer-die-anwendung-in-elektromechanischen-corner-modulen","status":"publish","type":"product","link":"https:\/\/www.tugraz-verlag.at\/en\/gesamtverzeichnis\/maschinenbau-und-wirtschaftswissenschaften\/analyse-radselektiv-eingreifender-fahrdynamikregelsysteme-fuer-die-anwendung-in-elektromechanischen-corner-modulen\/","title":{"rendered":"Analyse radselektiv eingreifender Fahrdynamikregelsysteme f\u00fcr die Anwendung in elektromechanischen Corner Modulen"},"content":{"rendered":"<p class=\"qtranxs-available-languages-message qtranxs-available-languages-message-en\">This entry is only available in German<\/p><p>Herk\u00f6mmliche Fahrzeugarchitekturen bieten in Hinblick auf die Erf\u00fcllung der teils mit Zielkonflikten behafteten Entwicklungsziele nur wenig Spielraum f\u00fcr umfassende Optimierungsma\u00dfnahmen. Aus diesem Grund ist die Erforschung innovativer Fahrzeugkonzepte als ein fester Bestandteil in den Strategiezielen aller Automobilhersteller verankert. Ein radikaler Ansatz, der in den letzten Jahren f\u00fcr viel Aufsehen gesorgt hat, integriert alle Antriebs- und Fahrwerkskomponenten in die Radbaugruppe und erm\u00f6glicht dadurch die radindividuelle Steuerung aller Bewegungsfreiheitsgrade des Rades. Die kinematische Entkoppelung der R\u00e4der bringt einerseits eine Reihe von funktionellen Vorteilen und gestalterischen Freiheiten mit sich, wirft aber andererseits auch neue Fragestellungen auf, die in bisherigen Forschungsarbeiten noch nicht vollst\u00e4ndig beantwortet wurden. Insbesondere die Entwicklung von Sicherheitsstrategien im Fehlerfall eines Aktors, die Analyse der Auswirkungen erh\u00f6hter Radmassen auf den Fahrkomfort oder auch der Entwurf einer Fahrdynamikregelung mit dem Ziel einer zweckm\u00e4\u00dfigen Allokation der Stellgr\u00f6\u00dfen auf die verf\u00fcgbaren Systeme stellen die Fahrzeughersteller vor gro\u00dfe Herausforderungen. Die vorliegende Dissertation befasst sich mit der fahrdynamischen Analyse radselektiv eingreifender Fahrdynamikregelsysteme. Es werden Werkzeuge und Regelalgorithmen vorgestellt, mit welchen die Vielzahl an Kombinationsm\u00f6glichkeiten schnell und einfach untereinander verglichen werden k\u00f6nnen. Die auf einer Online-Optimierung basierende Methode zur Allokation der Stellgr\u00f6\u00dfen ist hierbei ein besonders wertvolles Instrument zur Bewertung der verschiedenen Fahrzeugkonfigurationen. Unter Ber\u00fccksichtigung der getroffenen Annahmen und Ergebnisse kann im Rahmen der Arbeit eine Empfehlung f\u00fcr eine vielversprechende aktorische Ausstattung eines elektromechanischen Corner-Moduls abgegeben werden.<\/p>","protected":false},"excerpt":{"rendered":"<p class=\"qtranxs-available-languages-message qtranxs-available-languages-message-en\">This entry is only available in German<\/p>\n<p>Herk\u00f6mmliche Fahrzeugarchitekturen bieten in Hinblick auf die Erf\u00fcllung der teils mit Zielkonflikten behafteten Entwicklungsziele nur wenig Spielraum f\u00fcr umfassende Optimierungsma\u00dfnahmen. Aus diesem Grund ist die Erforschung innovativer Fahrzeugkonzepte als ein fester Bestandteil in den Strategiezielen aller Automobilhersteller verankert. Ein radikaler Ansatz, der in den letzten Jahren f\u00fcr viel Aufsehen gesorgt hat, integriert alle Antriebs- und Fahrwerkskomponenten in die Radbaugruppe und erm\u00f6glicht dadurch die radindividuelle Steuerung aller Bewegungsfreiheitsgrade des Rades. Die kinematische Entkoppelung der R\u00e4der bringt einerseits eine Reihe von funktionellen Vorteilen und gestalterischen Freiheiten mit sich, wirft aber andererseits auch neue Fragestellungen auf, die in bisherigen Forschungsarbeiten noch nicht vollst\u00e4ndig beantwortet wurden. Insbesondere die Entwicklung von Sicherheitsstrategien im Fehlerfall eines Aktors, die Analyse der Auswirkungen erh\u00f6hter Radmassen auf den Fahrkomfort oder auch der Entwurf einer Fahrdynamikregelung mit dem Ziel einer zweckm\u00e4\u00dfigen Allokation der Stellgr\u00f6\u00dfen auf die verf\u00fcgbaren Systeme stellen die Fahrzeughersteller vor gro\u00dfe Herausforderungen. Die vorliegende Dissertation befasst sich mit der fahrdynamischen Analyse radselektiv eingreifender Fahrdynamikregelsysteme. Es werden Werkzeuge und Regelalgorithmen vorgestellt, mit welchen die Vielzahl an Kombinationsm\u00f6glichkeiten schnell und einfach untereinander verglichen werden k\u00f6nnen. Die auf einer Online-Optimierung basierende Methode zur Allokation der Stellgr\u00f6\u00dfen ist hierbei ein besonders wertvolles Instrument zur Bewertung der verschiedenen Fahrzeugkonfigurationen. Unter Ber\u00fccksichtigung der getroffenen Annahmen und Ergebnisse kann im Rahmen der Arbeit eine Empfehlung f\u00fcr eine vielversprechende aktorische Ausstattung eines elektromechanischen Corner-Moduls abgegeben werden.<\/p>\n","protected":false},"featured_media":39786,"comment_status":"open","ping_status":"closed","template":"","meta":{"_acf_changed":false},"product_brand":[],"product_cat":[1628],"product_tag":[2786],"class_list":{"0":"post-30126","1":"product","2":"type-product","3":"status-publish","4":"has-post-thumbnail","6":"product_cat-maschinenbau-und-wirtschaftswissenschaften","7":"product_tag-strassenfahrzeugtechnik-regelungstechnik-steuerungstechnik-feinwerktechnik-mechatronik","8":"reihe-monographic-series-tu-graz","9":"reihe-monographic-series-tu-grazreihe-fahrzeugtechnik","11":"first","12":"instock","13":"taxable","14":"shipping-taxable","15":"purchasable","16":"product-type-simple"},"acf":[],"yoast_head":"<!-- This site is optimized with the Yoast SEO plugin v27.2 - https:\/\/yoast.com\/product\/yoast-seo-wordpress\/ -->\n<title>Analyse radselektiv eingreifender Fahrdynamikregelsysteme f\u00fcr die Anwendung in elektromechanischen Corner Modulen - Verlag der TU Graz<\/title>\n<meta name=\"robots\" content=\"index, follow, max-snippet:-1, max-image-preview:large, max-video-preview:-1\" \/>\n<link rel=\"canonical\" href=\"https:\/\/www.tugraz-verlag.at\/en\/gesamtverzeichnis\/maschinenbau-und-wirtschaftswissenschaften\/analyse-radselektiv-eingreifender-fahrdynamikregelsysteme-fuer-die-anwendung-in-elektromechanischen-corner-modulen\/\" \/>\n<meta property=\"og:locale\" content=\"en_US\" \/>\n<meta property=\"og:type\" content=\"article\" \/>\n<meta property=\"og:title\" content=\"Analyse radselektiv eingreifender Fahrdynamikregelsysteme f\u00fcr die Anwendung in elektromechanischen Corner Modulen - Verlag der TU Graz\" \/>\n<meta property=\"og:description\" content=\"Herk\u00f6mmliche Fahrzeugarchitekturen bieten in Hinblick auf die Erf\u00fcllung der teils mit Zielkonflikten behafteten Entwicklungsziele nur wenig Spielraum f\u00fcr umfassende Optimierungsma\u00dfnahmen. Aus diesem Grund ist die Erforschung innovativer Fahrzeugkonzepte als ein fester Bestandteil in den Strategiezielen aller Automobilhersteller verankert. Ein radikaler Ansatz, der in den letzten Jahren f\u00fcr viel Aufsehen gesorgt hat, integriert alle Antriebs- und Fahrwerkskomponenten in die Radbaugruppe und erm\u00f6glicht dadurch die radindividuelle Steuerung aller Bewegungsfreiheitsgrade des Rades. Die kinematische Entkoppelung der R\u00e4der bringt einerseits eine Reihe von funktionellen Vorteilen und gestalterischen Freiheiten mit sich, wirft aber andererseits auch neue Fragestellungen auf, die in bisherigen Forschungsarbeiten noch nicht vollst\u00e4ndig beantwortet wurden. Insbesondere die Entwicklung von Sicherheitsstrategien im Fehlerfall eines Aktors, die Analyse der Auswirkungen erh\u00f6hter Radmassen auf den Fahrkomfort oder auch der Entwurf einer Fahrdynamikregelung mit dem Ziel einer zweckm\u00e4\u00dfigen Allokation der Stellgr\u00f6\u00dfen auf die verf\u00fcgbaren Systeme stellen die Fahrzeughersteller vor gro\u00dfe Herausforderungen. Die vorliegende Dissertation befasst sich mit der fahrdynamischen Analyse radselektiv eingreifender Fahrdynamikregelsysteme. Es werden Werkzeuge und Regelalgorithmen vorgestellt, mit welchen die Vielzahl an Kombinationsm\u00f6glichkeiten schnell und einfach untereinander verglichen werden k\u00f6nnen. Die auf einer Online-Optimierung basierende Methode zur Allokation der Stellgr\u00f6\u00dfen ist hierbei ein besonders wertvolles Instrument zur Bewertung der verschiedenen Fahrzeugkonfigurationen. Unter Ber\u00fccksichtigung der getroffenen Annahmen und Ergebnisse kann im Rahmen der Arbeit eine Empfehlung f\u00fcr eine vielversprechende aktorische Ausstattung eines elektromechanischen Corner-Moduls abgegeben werden.\" \/>\n<meta property=\"og:url\" content=\"https:\/\/www.tugraz-verlag.at\/en\/gesamtverzeichnis\/maschinenbau-und-wirtschaftswissenschaften\/analyse-radselektiv-eingreifender-fahrdynamikregelsysteme-fuer-die-anwendung-in-elektromechanischen-corner-modulen\/\" \/>\n<meta property=\"og:site_name\" content=\"Verlag der TU Graz\" \/>\n<meta property=\"article:modified_time\" content=\"2026-03-28T09:32:19+00:00\" \/>\n<meta property=\"og:image\" content=\"https:\/\/www.tugraz-verlag.at\/wp-content\/uploads\/asolmerce\/image-978-3-85125-220-0.jpg\" \/>\n\t<meta property=\"og:image:width\" content=\"461\" \/>\n\t<meta property=\"og:image:height\" content=\"678\" \/>\n\t<meta property=\"og:image:type\" content=\"image\/jpeg\" \/>\n<meta name=\"twitter:card\" content=\"summary_large_image\" \/>\n<meta name=\"twitter:label1\" content=\"Est. reading time\" \/>\n\t<meta name=\"twitter:data1\" content=\"1 minute\" \/>\n<script type=\"application\/ld+json\" class=\"yoast-schema-graph\">{\"@context\":\"https:\/\/schema.org\",\"@graph\":[{\"@type\":\"WebPage\",\"@id\":\"https:\/\/www.tugraz-verlag.at\/en\/gesamtverzeichnis\/maschinenbau-und-wirtschaftswissenschaften\/analyse-radselektiv-eingreifender-fahrdynamikregelsysteme-fuer-die-anwendung-in-elektromechanischen-corner-modulen\/\",\"url\":\"https:\/\/www.tugraz-verlag.at\/en\/gesamtverzeichnis\/maschinenbau-und-wirtschaftswissenschaften\/analyse-radselektiv-eingreifender-fahrdynamikregelsysteme-fuer-die-anwendung-in-elektromechanischen-corner-modulen\/\",\"name\":\"Analyse radselektiv eingreifender Fahrdynamikregelsysteme f\u00fcr die Anwendung in elektromechanischen Corner Modulen - Verlag der TU Graz\",\"isPartOf\":{\"@id\":\"https:\/\/www.tugraz-verlag.at\/en\/#website\"},\"primaryImageOfPage\":{\"@id\":\"https:\/\/www.tugraz-verlag.at\/en\/gesamtverzeichnis\/maschinenbau-und-wirtschaftswissenschaften\/analyse-radselektiv-eingreifender-fahrdynamikregelsysteme-fuer-die-anwendung-in-elektromechanischen-corner-modulen\/#primaryimage\"},\"image\":{\"@id\":\"https:\/\/www.tugraz-verlag.at\/gesamtverzeichnis\/maschinenbau-und-wirtschaftswissenschaften\/analyse-radselektiv-eingreifender-fahrdynamikregelsysteme-fuer-die-anwendung-in-elektromechanischen-corner-modulen\/#primaryimage\"},\"thumbnailUrl\":\"https:\/\/www.tugraz-verlag.at\/wp-content\/uploads\/asolmerce\/image-978-3-85125-220-0.jpg\",\"datePublished\":\"2026-03-28T07:31:19+00:00\",\"dateModified\":\"2026-03-28T09:32:19+00:00\",\"breadcrumb\":{\"@id\":\"https:\/\/www.tugraz-verlag.at\/en\/gesamtverzeichnis\/maschinenbau-und-wirtschaftswissenschaften\/analyse-radselektiv-eingreifender-fahrdynamikregelsysteme-fuer-die-anwendung-in-elektromechanischen-corner-modulen\/#breadcrumb\"},\"inLanguage\":\"en-US\",\"potentialAction\":[{\"@type\":\"ReadAction\",\"target\":[[\"https:\/\/www.tugraz-verlag.at\/en\/gesamtverzeichnis\/maschinenbau-und-wirtschaftswissenschaften\/analyse-radselektiv-eingreifender-fahrdynamikregelsysteme-fuer-die-anwendung-in-elektromechanischen-corner-modulen\/\"]]}]},{\"@type\":\"ImageObject\",\"inLanguage\":\"en-US\",\"@id\":\"https:\/\/www.tugraz-verlag.at\/en\/gesamtverzeichnis\/maschinenbau-und-wirtschaftswissenschaften\/analyse-radselektiv-eingreifender-fahrdynamikregelsysteme-fuer-die-anwendung-in-elektromechanischen-corner-modulen\/#primaryimage\",\"url\":\"https:\/\/www.tugraz-verlag.at\/wp-content\/uploads\/asolmerce\/image-978-3-85125-220-0.jpg\",\"contentUrl\":\"https:\/\/www.tugraz-verlag.at\/wp-content\/uploads\/asolmerce\/image-978-3-85125-220-0.jpg\",\"width\":461,\"height\":678},{\"@type\":\"BreadcrumbList\",\"@id\":\"https:\/\/www.tugraz-verlag.at\/en\/gesamtverzeichnis\/maschinenbau-und-wirtschaftswissenschaften\/analyse-radselektiv-eingreifender-fahrdynamikregelsysteme-fuer-die-anwendung-in-elektromechanischen-corner-modulen\/#breadcrumb\",\"itemListElement\":[{\"@type\":\"ListItem\",\"position\":1,\"name\":\"Home\",\"item\":\"https:\/\/www.tugraz-verlag.at\/en\/\"},{\"@type\":\"ListItem\",\"position\":2,\"name\":\"Gesamtverzeichnis\",\"item\":\"https:\/\/www.tugraz-verlag.at\/en\/gesamtverzeichnis\/\"},{\"@type\":\"ListItem\",\"position\":3,\"name\":\"Analyse radselektiv eingreifender Fahrdynamikregelsysteme f\u00fcr die Anwendung in elektromechanischen Corner Modulen\"}]},{\"@type\":\"WebSite\",\"@id\":\"https:\/\/www.tugraz-verlag.at\/en\/#website\",\"url\":\"https:\/\/www.tugraz-verlag.at\/en\/\",\"name\":\"Verlag der TU Graz\",\"description\":\"Verlag der Technischen Universit\u00e4t Graz\",\"potentialAction\":[{\"@type\":\"SearchAction\",\"target\":{\"@type\":\"EntryPoint\",\"urlTemplate\":\"https:\/\/www.tugraz-verlag.at\/en\/?s={search_term_string}\"},\"query-input\":{\"@type\":\"PropertyValueSpecification\",\"valueRequired\":true,\"valueName\":\"search_term_string\"}}],\"inLanguage\":\"en-US\"}]}<\/script>\n<!-- \/ Yoast SEO plugin. -->","yoast_head_json":{"title":"Analyse radselektiv eingreifender Fahrdynamikregelsysteme f\u00fcr die Anwendung in elektromechanischen Corner Modulen - Verlag der TU Graz","robots":{"index":"index","follow":"follow","max-snippet":"max-snippet:-1","max-image-preview":"max-image-preview:large","max-video-preview":"max-video-preview:-1"},"canonical":"https:\/\/www.tugraz-verlag.at\/en\/gesamtverzeichnis\/maschinenbau-und-wirtschaftswissenschaften\/analyse-radselektiv-eingreifender-fahrdynamikregelsysteme-fuer-die-anwendung-in-elektromechanischen-corner-modulen\/","og_locale":"en_US","og_type":"article","og_title":"Analyse radselektiv eingreifender Fahrdynamikregelsysteme f\u00fcr die Anwendung in elektromechanischen Corner Modulen - Verlag der TU Graz","og_description":"Herk\u00f6mmliche Fahrzeugarchitekturen bieten in Hinblick auf die Erf\u00fcllung der teils mit Zielkonflikten behafteten Entwicklungsziele nur wenig Spielraum f\u00fcr umfassende Optimierungsma\u00dfnahmen. Aus diesem Grund ist die Erforschung innovativer Fahrzeugkonzepte als ein fester Bestandteil in den Strategiezielen aller Automobilhersteller verankert. Ein radikaler Ansatz, der in den letzten Jahren f\u00fcr viel Aufsehen gesorgt hat, integriert alle Antriebs- und Fahrwerkskomponenten in die Radbaugruppe und erm\u00f6glicht dadurch die radindividuelle Steuerung aller Bewegungsfreiheitsgrade des Rades. Die kinematische Entkoppelung der R\u00e4der bringt einerseits eine Reihe von funktionellen Vorteilen und gestalterischen Freiheiten mit sich, wirft aber andererseits auch neue Fragestellungen auf, die in bisherigen Forschungsarbeiten noch nicht vollst\u00e4ndig beantwortet wurden. Insbesondere die Entwicklung von Sicherheitsstrategien im Fehlerfall eines Aktors, die Analyse der Auswirkungen erh\u00f6hter Radmassen auf den Fahrkomfort oder auch der Entwurf einer Fahrdynamikregelung mit dem Ziel einer zweckm\u00e4\u00dfigen Allokation der Stellgr\u00f6\u00dfen auf die verf\u00fcgbaren Systeme stellen die Fahrzeughersteller vor gro\u00dfe Herausforderungen. Die vorliegende Dissertation befasst sich mit der fahrdynamischen Analyse radselektiv eingreifender Fahrdynamikregelsysteme. Es werden Werkzeuge und Regelalgorithmen vorgestellt, mit welchen die Vielzahl an Kombinationsm\u00f6glichkeiten schnell und einfach untereinander verglichen werden k\u00f6nnen. Die auf einer Online-Optimierung basierende Methode zur Allokation der Stellgr\u00f6\u00dfen ist hierbei ein besonders wertvolles Instrument zur Bewertung der verschiedenen Fahrzeugkonfigurationen. Unter Ber\u00fccksichtigung der getroffenen Annahmen und Ergebnisse kann im Rahmen der Arbeit eine Empfehlung f\u00fcr eine vielversprechende aktorische Ausstattung eines elektromechanischen Corner-Moduls abgegeben werden.","og_url":"https:\/\/www.tugraz-verlag.at\/en\/gesamtverzeichnis\/maschinenbau-und-wirtschaftswissenschaften\/analyse-radselektiv-eingreifender-fahrdynamikregelsysteme-fuer-die-anwendung-in-elektromechanischen-corner-modulen\/","og_site_name":"Verlag der TU Graz","article_modified_time":"2026-03-28T09:32:19+00:00","og_image":[{"width":461,"height":678,"url":"https:\/\/www.tugraz-verlag.at\/wp-content\/uploads\/asolmerce\/image-978-3-85125-220-0.jpg","type":"image\/jpeg"}],"twitter_card":"summary_large_image","twitter_misc":{"Est. reading time":"1 minute"},"schema":{"@context":"https:\/\/schema.org","@graph":[{"@type":"WebPage","@id":"https:\/\/www.tugraz-verlag.at\/en\/gesamtverzeichnis\/maschinenbau-und-wirtschaftswissenschaften\/analyse-radselektiv-eingreifender-fahrdynamikregelsysteme-fuer-die-anwendung-in-elektromechanischen-corner-modulen\/","url":"https:\/\/www.tugraz-verlag.at\/en\/gesamtverzeichnis\/maschinenbau-und-wirtschaftswissenschaften\/analyse-radselektiv-eingreifender-fahrdynamikregelsysteme-fuer-die-anwendung-in-elektromechanischen-corner-modulen\/","name":"Analyse radselektiv eingreifender Fahrdynamikregelsysteme f\u00fcr die Anwendung in elektromechanischen Corner Modulen - Verlag der TU Graz","isPartOf":{"@id":"https:\/\/www.tugraz-verlag.at\/en\/#website"},"primaryImageOfPage":{"@id":"https:\/\/www.tugraz-verlag.at\/en\/gesamtverzeichnis\/maschinenbau-und-wirtschaftswissenschaften\/analyse-radselektiv-eingreifender-fahrdynamikregelsysteme-fuer-die-anwendung-in-elektromechanischen-corner-modulen\/#primaryimage"},"image":{"@id":"https:\/\/www.tugraz-verlag.at\/gesamtverzeichnis\/maschinenbau-und-wirtschaftswissenschaften\/analyse-radselektiv-eingreifender-fahrdynamikregelsysteme-fuer-die-anwendung-in-elektromechanischen-corner-modulen\/#primaryimage"},"thumbnailUrl":"https:\/\/www.tugraz-verlag.at\/wp-content\/uploads\/asolmerce\/image-978-3-85125-220-0.jpg","datePublished":"2026-03-28T07:31:19+00:00","dateModified":"2026-03-28T09:32:19+00:00","breadcrumb":{"@id":"https:\/\/www.tugraz-verlag.at\/en\/gesamtverzeichnis\/maschinenbau-und-wirtschaftswissenschaften\/analyse-radselektiv-eingreifender-fahrdynamikregelsysteme-fuer-die-anwendung-in-elektromechanischen-corner-modulen\/#breadcrumb"},"inLanguage":"en-US","potentialAction":[{"@type":"ReadAction","target":[["https:\/\/www.tugraz-verlag.at\/en\/gesamtverzeichnis\/maschinenbau-und-wirtschaftswissenschaften\/analyse-radselektiv-eingreifender-fahrdynamikregelsysteme-fuer-die-anwendung-in-elektromechanischen-corner-modulen\/"]]}]},{"@type":"ImageObject","inLanguage":"en-US","@id":"https:\/\/www.tugraz-verlag.at\/en\/gesamtverzeichnis\/maschinenbau-und-wirtschaftswissenschaften\/analyse-radselektiv-eingreifender-fahrdynamikregelsysteme-fuer-die-anwendung-in-elektromechanischen-corner-modulen\/#primaryimage","url":"https:\/\/www.tugraz-verlag.at\/wp-content\/uploads\/asolmerce\/image-978-3-85125-220-0.jpg","contentUrl":"https:\/\/www.tugraz-verlag.at\/wp-content\/uploads\/asolmerce\/image-978-3-85125-220-0.jpg","width":461,"height":678},{"@type":"BreadcrumbList","@id":"https:\/\/www.tugraz-verlag.at\/en\/gesamtverzeichnis\/maschinenbau-und-wirtschaftswissenschaften\/analyse-radselektiv-eingreifender-fahrdynamikregelsysteme-fuer-die-anwendung-in-elektromechanischen-corner-modulen\/#breadcrumb","itemListElement":[{"@type":"ListItem","position":1,"name":"Home","item":"https:\/\/www.tugraz-verlag.at\/en\/"},{"@type":"ListItem","position":2,"name":"Gesamtverzeichnis","item":"https:\/\/www.tugraz-verlag.at\/en\/gesamtverzeichnis\/"},{"@type":"ListItem","position":3,"name":"Analyse radselektiv eingreifender Fahrdynamikregelsysteme f\u00fcr die Anwendung in elektromechanischen Corner Modulen"}]},{"@type":"WebSite","@id":"https:\/\/www.tugraz-verlag.at\/en\/#website","url":"https:\/\/www.tugraz-verlag.at\/en\/","name":"Verlag der TU Graz","description":"Verlag der Technischen Universit\u00e4t Graz","potentialAction":[{"@type":"SearchAction","target":{"@type":"EntryPoint","urlTemplate":"https:\/\/www.tugraz-verlag.at\/en\/?s={search_term_string}"},"query-input":{"@type":"PropertyValueSpecification","valueRequired":true,"valueName":"search_term_string"}}],"inLanguage":"en-US"}]}},"_links":{"self":[{"href":"https:\/\/www.tugraz-verlag.at\/en\/wp-json\/wp\/v2\/product\/30126","targetHints":{"allow":["GET"]}}],"collection":[{"href":"https:\/\/www.tugraz-verlag.at\/en\/wp-json\/wp\/v2\/product"}],"about":[{"href":"https:\/\/www.tugraz-verlag.at\/en\/wp-json\/wp\/v2\/types\/product"}],"replies":[{"embeddable":true,"href":"https:\/\/www.tugraz-verlag.at\/en\/wp-json\/wp\/v2\/comments?post=30126"}],"wp:featuredmedia":[{"embeddable":true,"href":"https:\/\/www.tugraz-verlag.at\/en\/wp-json\/wp\/v2\/media\/39786"}],"wp:attachment":[{"href":"https:\/\/www.tugraz-verlag.at\/en\/wp-json\/wp\/v2\/media?parent=30126"}],"wp:term":[{"taxonomy":"product_brand","embeddable":true,"href":"https:\/\/www.tugraz-verlag.at\/en\/wp-json\/wp\/v2\/product_brand?post=30126"},{"taxonomy":"product_cat","embeddable":true,"href":"https:\/\/www.tugraz-verlag.at\/en\/wp-json\/wp\/v2\/product_cat?post=30126"},{"taxonomy":"product_tag","embeddable":true,"href":"https:\/\/www.tugraz-verlag.at\/en\/wp-json\/wp\/v2\/product_tag?post=30126"}],"curies":[{"name":"wp","href":"https:\/\/api.w.org\/{rel}","templated":true}]}}