{"id":29977,"date":"2026-03-28T07:31:03","date_gmt":"2026-03-28T07:31:03","guid":{"rendered":"http:\/\/www.tugraz-verlag.at\/gesamtverzeichnis\/unkategorisiert\/smart-studies-architektur-als-soziales-gefuege\/"},"modified":"2026-03-28T11:32:03","modified_gmt":"2026-03-28T09:32:03","slug":"smart-studies-architektur-als-soziales-gefuege","status":"publish","type":"product","link":"https:\/\/www.tugraz-verlag.at\/en\/gesamtverzeichnis\/bauingenieurwissenschaften\/smart-studies-architektur-als-soziales-gefuege\/","title":{"rendered":"Smart Studies &#8211; Architektur als soziales Gef\u00fcge"},"content":{"rendered":"<p class=\"qtranxs-available-languages-message qtranxs-available-languages-message-en\">This entry is only available in German<\/p><p>Architektur muss heute mehr denn je der Vielfalt unterschiedlicher Organisationen und Lebensentw\u00fcrfe gerecht werden. In der Fachliteratur gab es bis dato kaum Publikationen, die sich mit der Vorbereitung und Begleitung komplexer Bauvorhaben unter dem Aspekt \u201eSoziale Nachhaltigkeit\u201c auseinandersetzten.<br \/>\nBirgit Trenkwalder und Martin Kunath ist es mit SMART STUDIES &#8211; Architektur als Soziales Gef\u00fcge gelungen, diese L\u00fccke zu schlie\u00dfen. Ein Leitfaden, auf dessen Basis auch die sozialen Aspekte eines Bauvorhabens &#8211; wie Beziehungsstrukturen, Partizipation und Atmosph\u00e4ren &#8211; standardisiert abgefragt und Nachdenkprozesse \u00fcber m\u00f6gliche Alternativen ausgel\u00f6st werden.<\/p>","protected":false},"excerpt":{"rendered":"<p class=\"qtranxs-available-languages-message qtranxs-available-languages-message-en\">This entry is only available in German<\/p>\n<p>Architektur muss heute mehr denn je der Vielfalt unterschiedlicher Organisationen und Lebensentw\u00fcrfe gerecht werden. In der Fachliteratur gab es bis dato kaum Publikationen, die sich mit der Vorbereitung und Begleitung komplexer Bauvorhaben unter dem Aspekt \u201eSoziale Nachhaltigkeit\u201c auseinandersetzten.<br \/>\nBirgit Trenkwalder und Martin Kunath ist es mit SMART STUDIES &#8211; Architektur als Soziales Gef\u00fcge gelungen, diese L\u00fccke zu schlie\u00dfen. Ein Leitfaden, auf dessen Basis auch die sozialen Aspekte eines Bauvorhabens &#8211; wie Beziehungsstrukturen, Partizipation und Atmosph\u00e4ren &#8211; standardisiert abgefragt und Nachdenkprozesse \u00fcber m\u00f6gliche Alternativen ausgel\u00f6st werden.<\/p>\n","protected":false},"featured_media":39725,"comment_status":"open","ping_status":"closed","template":"","meta":{"_acf_changed":false},"product_brand":[],"product_cat":[1627],"product_tag":[2674],"class_list":{"0":"post-29977","1":"product","2":"type-product","3":"status-publish","4":"has-post-thumbnail","6":"product_cat-bauingenieurwissenschaften","7":"product_tag-projektentwicklung-bauvorbereitung-bauoekologie-baubiologie-projektplanung-soziale-funktion","8":"autor-trenkwalder-birgit","9":"autor-kunath-martin","10":"reihe-schriftenreihe-des-instituts-fuer-baubetrieb-und-bauwirtschaft","12":"first","13":"instock","14":"taxable","15":"shipping-taxable","16":"purchasable","17":"product-type-simple"},"acf":[],"yoast_head":"<!-- This site is optimized with the Yoast SEO plugin v27.2 - https:\/\/yoast.com\/product\/yoast-seo-wordpress\/ -->\n<title>Smart Studies - Architektur als soziales Gef\u00fcge - Verlag der TU Graz<\/title>\n<meta name=\"robots\" content=\"index, follow, max-snippet:-1, max-image-preview:large, max-video-preview:-1\" \/>\n<link rel=\"canonical\" href=\"https:\/\/www.tugraz-verlag.at\/en\/gesamtverzeichnis\/bauingenieurwissenschaften\/smart-studies-architektur-als-soziales-gefuege\/\" \/>\n<meta property=\"og:locale\" content=\"en_US\" \/>\n<meta property=\"og:type\" content=\"article\" \/>\n<meta property=\"og:title\" content=\"Smart Studies - Architektur als soziales Gef\u00fcge - Verlag der TU Graz\" \/>\n<meta property=\"og:description\" content=\"Architektur muss heute mehr denn je der Vielfalt unterschiedlicher Organisationen und Lebensentw\u00fcrfe gerecht werden. In der Fachliteratur gab es bis dato kaum Publikationen, die sich mit der Vorbereitung und Begleitung komplexer Bauvorhaben unter dem Aspekt \u201eSoziale Nachhaltigkeit\u201c auseinandersetzten. Birgit Trenkwalder und Martin Kunath ist es mit SMART STUDIES - Architektur als Soziales Gef\u00fcge gelungen, diese L\u00fccke zu schlie\u00dfen. Ein Leitfaden, auf dessen Basis auch die sozialen Aspekte eines Bauvorhabens - wie Beziehungsstrukturen, Partizipation und Atmosph\u00e4ren - standardisiert abgefragt und Nachdenkprozesse \u00fcber m\u00f6gliche Alternativen ausgel\u00f6st werden.\" \/>\n<meta property=\"og:url\" content=\"https:\/\/www.tugraz-verlag.at\/en\/gesamtverzeichnis\/bauingenieurwissenschaften\/smart-studies-architektur-als-soziales-gefuege\/\" \/>\n<meta property=\"og:site_name\" content=\"Verlag der TU Graz\" \/>\n<meta property=\"article:modified_time\" content=\"2026-03-28T09:32:03+00:00\" \/>\n<meta property=\"og:image\" content=\"https:\/\/www.tugraz-verlag.at\/wp-content\/uploads\/asolmerce\/image-978-3-85125-178-4.jpg\" \/>\n\t<meta property=\"og:image:width\" content=\"631\" \/>\n\t<meta property=\"og:image:height\" content=\"894\" \/>\n\t<meta property=\"og:image:type\" content=\"image\/jpeg\" \/>\n<meta name=\"twitter:card\" content=\"summary_large_image\" \/>\n<script type=\"application\/ld+json\" class=\"yoast-schema-graph\">{\"@context\":\"https:\/\/schema.org\",\"@graph\":[{\"@type\":\"WebPage\",\"@id\":\"https:\/\/www.tugraz-verlag.at\/en\/gesamtverzeichnis\/bauingenieurwissenschaften\/smart-studies-architektur-als-soziales-gefuege\/\",\"url\":\"https:\/\/www.tugraz-verlag.at\/en\/gesamtverzeichnis\/bauingenieurwissenschaften\/smart-studies-architektur-als-soziales-gefuege\/\",\"name\":\"Smart Studies - Architektur als soziales Gef\u00fcge - Verlag der TU Graz\",\"isPartOf\":{\"@id\":\"https:\/\/www.tugraz-verlag.at\/en\/#website\"},\"primaryImageOfPage\":{\"@id\":\"https:\/\/www.tugraz-verlag.at\/en\/gesamtverzeichnis\/bauingenieurwissenschaften\/smart-studies-architektur-als-soziales-gefuege\/#primaryimage\"},\"image\":{\"@id\":\"https:\/\/www.tugraz-verlag.at\/en\/gesamtverzeichnis\/bauingenieurwissenschaften\/smart-studies-architektur-als-soziales-gefuege\/#primaryimage\"},\"thumbnailUrl\":\"https:\/\/www.tugraz-verlag.at\/wp-content\/uploads\/asolmerce\/image-978-3-85125-178-4.jpg\",\"datePublished\":\"2026-03-28T07:31:03+00:00\",\"dateModified\":\"2026-03-28T09:32:03+00:00\",\"breadcrumb\":{\"@id\":\"https:\/\/www.tugraz-verlag.at\/en\/gesamtverzeichnis\/bauingenieurwissenschaften\/smart-studies-architektur-als-soziales-gefuege\/#breadcrumb\"},\"inLanguage\":\"en-US\",\"potentialAction\":[{\"@type\":\"ReadAction\",\"target\":[[\"https:\/\/www.tugraz-verlag.at\/en\/gesamtverzeichnis\/bauingenieurwissenschaften\/smart-studies-architektur-als-soziales-gefuege\/\"]]}]},{\"@type\":\"ImageObject\",\"inLanguage\":\"en-US\",\"@id\":\"https:\/\/www.tugraz-verlag.at\/en\/gesamtverzeichnis\/bauingenieurwissenschaften\/smart-studies-architektur-als-soziales-gefuege\/#primaryimage\",\"url\":\"https:\/\/www.tugraz-verlag.at\/wp-content\/uploads\/asolmerce\/image-978-3-85125-178-4.jpg\",\"contentUrl\":\"https:\/\/www.tugraz-verlag.at\/wp-content\/uploads\/asolmerce\/image-978-3-85125-178-4.jpg\",\"width\":631,\"height\":894},{\"@type\":\"BreadcrumbList\",\"@id\":\"https:\/\/www.tugraz-verlag.at\/en\/gesamtverzeichnis\/bauingenieurwissenschaften\/smart-studies-architektur-als-soziales-gefuege\/#breadcrumb\",\"itemListElement\":[{\"@type\":\"ListItem\",\"position\":1,\"name\":\"Home\",\"item\":\"https:\/\/www.tugraz-verlag.at\/en\/\"},{\"@type\":\"ListItem\",\"position\":2,\"name\":\"Gesamtverzeichnis\",\"item\":\"https:\/\/www.tugraz-verlag.at\/en\/gesamtverzeichnis\/\"},{\"@type\":\"ListItem\",\"position\":3,\"name\":\"Smart Studies &#8211; Architektur als soziales Gef\u00fcge\"}]},{\"@type\":\"WebSite\",\"@id\":\"https:\/\/www.tugraz-verlag.at\/en\/#website\",\"url\":\"https:\/\/www.tugraz-verlag.at\/en\/\",\"name\":\"Verlag der TU Graz\",\"description\":\"Verlag der Technischen Universit\u00e4t Graz\",\"potentialAction\":[{\"@type\":\"SearchAction\",\"target\":{\"@type\":\"EntryPoint\",\"urlTemplate\":\"https:\/\/www.tugraz-verlag.at\/en\/?s={search_term_string}\"},\"query-input\":{\"@type\":\"PropertyValueSpecification\",\"valueRequired\":true,\"valueName\":\"search_term_string\"}}],\"inLanguage\":\"en-US\"}]}<\/script>\n<!-- \/ Yoast SEO plugin. -->","yoast_head_json":{"title":"Smart Studies - Architektur als soziales Gef\u00fcge - Verlag der TU Graz","robots":{"index":"index","follow":"follow","max-snippet":"max-snippet:-1","max-image-preview":"max-image-preview:large","max-video-preview":"max-video-preview:-1"},"canonical":"https:\/\/www.tugraz-verlag.at\/en\/gesamtverzeichnis\/bauingenieurwissenschaften\/smart-studies-architektur-als-soziales-gefuege\/","og_locale":"en_US","og_type":"article","og_title":"Smart Studies - Architektur als soziales Gef\u00fcge - Verlag der TU Graz","og_description":"Architektur muss heute mehr denn je der Vielfalt unterschiedlicher Organisationen und Lebensentw\u00fcrfe gerecht werden. In der Fachliteratur gab es bis dato kaum Publikationen, die sich mit der Vorbereitung und Begleitung komplexer Bauvorhaben unter dem Aspekt \u201eSoziale Nachhaltigkeit\u201c auseinandersetzten. Birgit Trenkwalder und Martin Kunath ist es mit SMART STUDIES - Architektur als Soziales Gef\u00fcge gelungen, diese L\u00fccke zu schlie\u00dfen. Ein Leitfaden, auf dessen Basis auch die sozialen Aspekte eines Bauvorhabens - wie Beziehungsstrukturen, Partizipation und Atmosph\u00e4ren - standardisiert abgefragt und Nachdenkprozesse \u00fcber m\u00f6gliche Alternativen ausgel\u00f6st werden.","og_url":"https:\/\/www.tugraz-verlag.at\/en\/gesamtverzeichnis\/bauingenieurwissenschaften\/smart-studies-architektur-als-soziales-gefuege\/","og_site_name":"Verlag der TU Graz","article_modified_time":"2026-03-28T09:32:03+00:00","og_image":[{"width":631,"height":894,"url":"https:\/\/www.tugraz-verlag.at\/wp-content\/uploads\/asolmerce\/image-978-3-85125-178-4.jpg","type":"image\/jpeg"}],"twitter_card":"summary_large_image","schema":{"@context":"https:\/\/schema.org","@graph":[{"@type":"WebPage","@id":"https:\/\/www.tugraz-verlag.at\/en\/gesamtverzeichnis\/bauingenieurwissenschaften\/smart-studies-architektur-als-soziales-gefuege\/","url":"https:\/\/www.tugraz-verlag.at\/en\/gesamtverzeichnis\/bauingenieurwissenschaften\/smart-studies-architektur-als-soziales-gefuege\/","name":"Smart Studies - Architektur als soziales Gef\u00fcge - Verlag der TU Graz","isPartOf":{"@id":"https:\/\/www.tugraz-verlag.at\/en\/#website"},"primaryImageOfPage":{"@id":"https:\/\/www.tugraz-verlag.at\/en\/gesamtverzeichnis\/bauingenieurwissenschaften\/smart-studies-architektur-als-soziales-gefuege\/#primaryimage"},"image":{"@id":"https:\/\/www.tugraz-verlag.at\/en\/gesamtverzeichnis\/bauingenieurwissenschaften\/smart-studies-architektur-als-soziales-gefuege\/#primaryimage"},"thumbnailUrl":"https:\/\/www.tugraz-verlag.at\/wp-content\/uploads\/asolmerce\/image-978-3-85125-178-4.jpg","datePublished":"2026-03-28T07:31:03+00:00","dateModified":"2026-03-28T09:32:03+00:00","breadcrumb":{"@id":"https:\/\/www.tugraz-verlag.at\/en\/gesamtverzeichnis\/bauingenieurwissenschaften\/smart-studies-architektur-als-soziales-gefuege\/#breadcrumb"},"inLanguage":"en-US","potentialAction":[{"@type":"ReadAction","target":[["https:\/\/www.tugraz-verlag.at\/en\/gesamtverzeichnis\/bauingenieurwissenschaften\/smart-studies-architektur-als-soziales-gefuege\/"]]}]},{"@type":"ImageObject","inLanguage":"en-US","@id":"https:\/\/www.tugraz-verlag.at\/en\/gesamtverzeichnis\/bauingenieurwissenschaften\/smart-studies-architektur-als-soziales-gefuege\/#primaryimage","url":"https:\/\/www.tugraz-verlag.at\/wp-content\/uploads\/asolmerce\/image-978-3-85125-178-4.jpg","contentUrl":"https:\/\/www.tugraz-verlag.at\/wp-content\/uploads\/asolmerce\/image-978-3-85125-178-4.jpg","width":631,"height":894},{"@type":"BreadcrumbList","@id":"https:\/\/www.tugraz-verlag.at\/en\/gesamtverzeichnis\/bauingenieurwissenschaften\/smart-studies-architektur-als-soziales-gefuege\/#breadcrumb","itemListElement":[{"@type":"ListItem","position":1,"name":"Home","item":"https:\/\/www.tugraz-verlag.at\/en\/"},{"@type":"ListItem","position":2,"name":"Gesamtverzeichnis","item":"https:\/\/www.tugraz-verlag.at\/en\/gesamtverzeichnis\/"},{"@type":"ListItem","position":3,"name":"Smart Studies &#8211; Architektur als soziales Gef\u00fcge"}]},{"@type":"WebSite","@id":"https:\/\/www.tugraz-verlag.at\/en\/#website","url":"https:\/\/www.tugraz-verlag.at\/en\/","name":"Verlag der TU Graz","description":"Verlag der Technischen Universit\u00e4t Graz","potentialAction":[{"@type":"SearchAction","target":{"@type":"EntryPoint","urlTemplate":"https:\/\/www.tugraz-verlag.at\/en\/?s={search_term_string}"},"query-input":{"@type":"PropertyValueSpecification","valueRequired":true,"valueName":"search_term_string"}}],"inLanguage":"en-US"}]}},"_links":{"self":[{"href":"https:\/\/www.tugraz-verlag.at\/en\/wp-json\/wp\/v2\/product\/29977","targetHints":{"allow":["GET"]}}],"collection":[{"href":"https:\/\/www.tugraz-verlag.at\/en\/wp-json\/wp\/v2\/product"}],"about":[{"href":"https:\/\/www.tugraz-verlag.at\/en\/wp-json\/wp\/v2\/types\/product"}],"replies":[{"embeddable":true,"href":"https:\/\/www.tugraz-verlag.at\/en\/wp-json\/wp\/v2\/comments?post=29977"}],"wp:featuredmedia":[{"embeddable":true,"href":"https:\/\/www.tugraz-verlag.at\/en\/wp-json\/wp\/v2\/media\/39725"}],"wp:attachment":[{"href":"https:\/\/www.tugraz-verlag.at\/en\/wp-json\/wp\/v2\/media?parent=29977"}],"wp:term":[{"taxonomy":"product_brand","embeddable":true,"href":"https:\/\/www.tugraz-verlag.at\/en\/wp-json\/wp\/v2\/product_brand?post=29977"},{"taxonomy":"product_cat","embeddable":true,"href":"https:\/\/www.tugraz-verlag.at\/en\/wp-json\/wp\/v2\/product_cat?post=29977"},{"taxonomy":"product_tag","embeddable":true,"href":"https:\/\/www.tugraz-verlag.at\/en\/wp-json\/wp\/v2\/product_tag?post=29977"}],"curies":[{"name":"wp","href":"https:\/\/api.w.org\/{rel}","templated":true}]}}