{"id":29947,"date":"2026-03-28T07:31:02","date_gmt":"2026-03-28T07:31:02","guid":{"rendered":"http:\/\/www.tugraz-verlag.at\/gesamtverzeichnis\/unkategorisiert\/risikomanagement-in-der-bauwirtschaft\/"},"modified":"2026-03-28T11:32:02","modified_gmt":"2026-03-28T09:32:02","slug":"risikomanagement-in-der-bauwirtschaft","status":"publish","type":"product","link":"https:\/\/www.tugraz-verlag.at\/en\/gesamtverzeichnis\/bauingenieurwissenschaften\/risikomanagement-in-der-bauwirtschaft\/","title":{"rendered":"Risikomanagement in der Bauwirtschaft"},"content":{"rendered":"<p class=\"qtranxs-available-languages-message qtranxs-available-languages-message-en\">This entry is only available in German<\/p><p>Dass die Bauwirtschaft durch ihre baubetrieblichen Besonderheiten Risiken zu ber\u00fccksichtigen hat, wie sie in keinem anderen Industriezweig Eingang auf den Erfolg nehmen, ist bekannt. Dennoch wird dem Risikomanagement nach wie vor zu wenig Aufmerksamkeit geschenkt.<br \/>\nDie Art der Vertragsbeziehungen, unterschiedliche Versicherungsformen, Projektorganisation, Kostenmanagement bedingen unterschiedliche Auspr\u00e4gungen von Risiken, die mit jeweils entsprechenden L\u00f6sungsans\u00e4tzen behandelt werden m\u00fcssen.<\/p>","protected":false},"excerpt":{"rendered":"<p class=\"qtranxs-available-languages-message qtranxs-available-languages-message-en\">This entry is only available in German<\/p>\n<p>Dass die Bauwirtschaft durch ihre baubetrieblichen Besonderheiten Risiken zu ber\u00fccksichtigen hat, wie sie in keinem anderen Industriezweig Eingang auf den Erfolg nehmen, ist bekannt. Dennoch wird dem Risikomanagement nach wie vor zu wenig Aufmerksamkeit geschenkt.<br \/>\nDie Art der Vertragsbeziehungen, unterschiedliche Versicherungsformen, Projektorganisation, Kostenmanagement bedingen unterschiedliche Auspr\u00e4gungen von Risiken, die mit jeweils entsprechenden L\u00f6sungsans\u00e4tzen behandelt werden m\u00fcssen.<\/p>\n","protected":false},"featured_media":39714,"comment_status":"open","ping_status":"closed","template":"","meta":{"_acf_changed":false},"product_brand":[],"product_cat":[1627],"product_tag":[2648],"class_list":{"0":"post-29947","1":"product","2":"type-product","3":"status-publish","4":"has-post-thumbnail","6":"product_cat-bauingenieurwissenschaften","7":"product_tag-risikomanagement-projektorganisation-kostenmanagement","9":"first","10":"instock","11":"sale","12":"taxable","13":"shipping-taxable","14":"purchasable","15":"product-type-simple"},"acf":[],"yoast_head":"<!-- This site is optimized with the Yoast SEO plugin v27.2 - https:\/\/yoast.com\/product\/yoast-seo-wordpress\/ -->\n<title>Risikomanagement in der Bauwirtschaft - Verlag der TU Graz<\/title>\n<meta name=\"robots\" content=\"index, follow, max-snippet:-1, max-image-preview:large, max-video-preview:-1\" \/>\n<link rel=\"canonical\" href=\"https:\/\/www.tugraz-verlag.at\/en\/gesamtverzeichnis\/bauingenieurwissenschaften\/risikomanagement-in-der-bauwirtschaft\/\" \/>\n<meta property=\"og:locale\" content=\"en_US\" \/>\n<meta property=\"og:type\" content=\"article\" \/>\n<meta property=\"og:title\" content=\"Risikomanagement in der Bauwirtschaft - Verlag der TU Graz\" \/>\n<meta property=\"og:description\" content=\"Dass die Bauwirtschaft durch ihre baubetrieblichen Besonderheiten Risiken zu ber\u00fccksichtigen hat, wie sie in keinem anderen Industriezweig Eingang auf den Erfolg nehmen, ist bekannt. Dennoch wird dem Risikomanagement nach wie vor zu wenig Aufmerksamkeit geschenkt. Die Art der Vertragsbeziehungen, unterschiedliche Versicherungsformen, Projektorganisation, Kostenmanagement bedingen unterschiedliche Auspr\u00e4gungen von Risiken, die mit jeweils entsprechenden L\u00f6sungsans\u00e4tzen behandelt werden m\u00fcssen.\" \/>\n<meta property=\"og:url\" content=\"https:\/\/www.tugraz-verlag.at\/en\/gesamtverzeichnis\/bauingenieurwissenschaften\/risikomanagement-in-der-bauwirtschaft\/\" \/>\n<meta property=\"og:site_name\" content=\"Verlag der TU Graz\" \/>\n<meta property=\"article:modified_time\" content=\"2026-03-28T09:32:02+00:00\" \/>\n<meta property=\"og:image\" content=\"https:\/\/www.tugraz-verlag.at\/wp-content\/uploads\/asolmerce\/image-978-3-901351-91-4.jpg\" \/>\n\t<meta property=\"og:image:width\" content=\"587\" \/>\n\t<meta property=\"og:image:height\" content=\"824\" \/>\n\t<meta property=\"og:image:type\" content=\"image\/jpeg\" \/>\n<meta name=\"twitter:card\" content=\"summary_large_image\" \/>\n<script type=\"application\/ld+json\" class=\"yoast-schema-graph\">{\"@context\":\"https:\/\/schema.org\",\"@graph\":[{\"@type\":\"WebPage\",\"@id\":\"https:\/\/www.tugraz-verlag.at\/en\/gesamtverzeichnis\/bauingenieurwissenschaften\/risikomanagement-in-der-bauwirtschaft\/\",\"url\":\"https:\/\/www.tugraz-verlag.at\/en\/gesamtverzeichnis\/bauingenieurwissenschaften\/risikomanagement-in-der-bauwirtschaft\/\",\"name\":\"Risikomanagement in der Bauwirtschaft - Verlag der TU Graz\",\"isPartOf\":{\"@id\":\"https:\/\/www.tugraz-verlag.at\/en\/#website\"},\"primaryImageOfPage\":{\"@id\":\"https:\/\/www.tugraz-verlag.at\/en\/gesamtverzeichnis\/bauingenieurwissenschaften\/risikomanagement-in-der-bauwirtschaft\/#primaryimage\"},\"image\":{\"@id\":\"https:\/\/www.tugraz-verlag.at\/en\/gesamtverzeichnis\/bauingenieurwissenschaften\/risikomanagement-in-der-bauwirtschaft\/#primaryimage\"},\"thumbnailUrl\":\"https:\/\/www.tugraz-verlag.at\/wp-content\/uploads\/asolmerce\/image-978-3-901351-91-4.jpg\",\"datePublished\":\"2026-03-28T07:31:02+00:00\",\"dateModified\":\"2026-03-28T09:32:02+00:00\",\"breadcrumb\":{\"@id\":\"https:\/\/www.tugraz-verlag.at\/en\/gesamtverzeichnis\/bauingenieurwissenschaften\/risikomanagement-in-der-bauwirtschaft\/#breadcrumb\"},\"inLanguage\":\"en-US\",\"potentialAction\":[{\"@type\":\"ReadAction\",\"target\":[[\"https:\/\/www.tugraz-verlag.at\/en\/gesamtverzeichnis\/bauingenieurwissenschaften\/risikomanagement-in-der-bauwirtschaft\/\"]]}]},{\"@type\":\"ImageObject\",\"inLanguage\":\"en-US\",\"@id\":\"https:\/\/www.tugraz-verlag.at\/en\/gesamtverzeichnis\/bauingenieurwissenschaften\/risikomanagement-in-der-bauwirtschaft\/#primaryimage\",\"url\":\"https:\/\/www.tugraz-verlag.at\/wp-content\/uploads\/asolmerce\/image-978-3-901351-91-4.jpg\",\"contentUrl\":\"https:\/\/www.tugraz-verlag.at\/wp-content\/uploads\/asolmerce\/image-978-3-901351-91-4.jpg\",\"width\":587,\"height\":824},{\"@type\":\"BreadcrumbList\",\"@id\":\"https:\/\/www.tugraz-verlag.at\/en\/gesamtverzeichnis\/bauingenieurwissenschaften\/risikomanagement-in-der-bauwirtschaft\/#breadcrumb\",\"itemListElement\":[{\"@type\":\"ListItem\",\"position\":1,\"name\":\"Home\",\"item\":\"https:\/\/www.tugraz-verlag.at\/en\/\"},{\"@type\":\"ListItem\",\"position\":2,\"name\":\"Gesamtverzeichnis\",\"item\":\"https:\/\/www.tugraz-verlag.at\/en\/gesamtverzeichnis\/\"},{\"@type\":\"ListItem\",\"position\":3,\"name\":\"Risikomanagement in der Bauwirtschaft\"}]},{\"@type\":\"WebSite\",\"@id\":\"https:\/\/www.tugraz-verlag.at\/en\/#website\",\"url\":\"https:\/\/www.tugraz-verlag.at\/en\/\",\"name\":\"Verlag der TU Graz\",\"description\":\"Verlag der Technischen Universit\u00e4t Graz\",\"potentialAction\":[{\"@type\":\"SearchAction\",\"target\":{\"@type\":\"EntryPoint\",\"urlTemplate\":\"https:\/\/www.tugraz-verlag.at\/en\/?s={search_term_string}\"},\"query-input\":{\"@type\":\"PropertyValueSpecification\",\"valueRequired\":true,\"valueName\":\"search_term_string\"}}],\"inLanguage\":\"en-US\"}]}<\/script>\n<!-- \/ Yoast SEO plugin. -->","yoast_head_json":{"title":"Risikomanagement in der Bauwirtschaft - Verlag der TU Graz","robots":{"index":"index","follow":"follow","max-snippet":"max-snippet:-1","max-image-preview":"max-image-preview:large","max-video-preview":"max-video-preview:-1"},"canonical":"https:\/\/www.tugraz-verlag.at\/en\/gesamtverzeichnis\/bauingenieurwissenschaften\/risikomanagement-in-der-bauwirtschaft\/","og_locale":"en_US","og_type":"article","og_title":"Risikomanagement in der Bauwirtschaft - Verlag der TU Graz","og_description":"Dass die Bauwirtschaft durch ihre baubetrieblichen Besonderheiten Risiken zu ber\u00fccksichtigen hat, wie sie in keinem anderen Industriezweig Eingang auf den Erfolg nehmen, ist bekannt. Dennoch wird dem Risikomanagement nach wie vor zu wenig Aufmerksamkeit geschenkt. Die Art der Vertragsbeziehungen, unterschiedliche Versicherungsformen, Projektorganisation, Kostenmanagement bedingen unterschiedliche Auspr\u00e4gungen von Risiken, die mit jeweils entsprechenden L\u00f6sungsans\u00e4tzen behandelt werden m\u00fcssen.","og_url":"https:\/\/www.tugraz-verlag.at\/en\/gesamtverzeichnis\/bauingenieurwissenschaften\/risikomanagement-in-der-bauwirtschaft\/","og_site_name":"Verlag der TU Graz","article_modified_time":"2026-03-28T09:32:02+00:00","og_image":[{"width":587,"height":824,"url":"https:\/\/www.tugraz-verlag.at\/wp-content\/uploads\/asolmerce\/image-978-3-901351-91-4.jpg","type":"image\/jpeg"}],"twitter_card":"summary_large_image","schema":{"@context":"https:\/\/schema.org","@graph":[{"@type":"WebPage","@id":"https:\/\/www.tugraz-verlag.at\/en\/gesamtverzeichnis\/bauingenieurwissenschaften\/risikomanagement-in-der-bauwirtschaft\/","url":"https:\/\/www.tugraz-verlag.at\/en\/gesamtverzeichnis\/bauingenieurwissenschaften\/risikomanagement-in-der-bauwirtschaft\/","name":"Risikomanagement in der Bauwirtschaft - Verlag der TU Graz","isPartOf":{"@id":"https:\/\/www.tugraz-verlag.at\/en\/#website"},"primaryImageOfPage":{"@id":"https:\/\/www.tugraz-verlag.at\/en\/gesamtverzeichnis\/bauingenieurwissenschaften\/risikomanagement-in-der-bauwirtschaft\/#primaryimage"},"image":{"@id":"https:\/\/www.tugraz-verlag.at\/en\/gesamtverzeichnis\/bauingenieurwissenschaften\/risikomanagement-in-der-bauwirtschaft\/#primaryimage"},"thumbnailUrl":"https:\/\/www.tugraz-verlag.at\/wp-content\/uploads\/asolmerce\/image-978-3-901351-91-4.jpg","datePublished":"2026-03-28T07:31:02+00:00","dateModified":"2026-03-28T09:32:02+00:00","breadcrumb":{"@id":"https:\/\/www.tugraz-verlag.at\/en\/gesamtverzeichnis\/bauingenieurwissenschaften\/risikomanagement-in-der-bauwirtschaft\/#breadcrumb"},"inLanguage":"en-US","potentialAction":[{"@type":"ReadAction","target":[["https:\/\/www.tugraz-verlag.at\/en\/gesamtverzeichnis\/bauingenieurwissenschaften\/risikomanagement-in-der-bauwirtschaft\/"]]}]},{"@type":"ImageObject","inLanguage":"en-US","@id":"https:\/\/www.tugraz-verlag.at\/en\/gesamtverzeichnis\/bauingenieurwissenschaften\/risikomanagement-in-der-bauwirtschaft\/#primaryimage","url":"https:\/\/www.tugraz-verlag.at\/wp-content\/uploads\/asolmerce\/image-978-3-901351-91-4.jpg","contentUrl":"https:\/\/www.tugraz-verlag.at\/wp-content\/uploads\/asolmerce\/image-978-3-901351-91-4.jpg","width":587,"height":824},{"@type":"BreadcrumbList","@id":"https:\/\/www.tugraz-verlag.at\/en\/gesamtverzeichnis\/bauingenieurwissenschaften\/risikomanagement-in-der-bauwirtschaft\/#breadcrumb","itemListElement":[{"@type":"ListItem","position":1,"name":"Home","item":"https:\/\/www.tugraz-verlag.at\/en\/"},{"@type":"ListItem","position":2,"name":"Gesamtverzeichnis","item":"https:\/\/www.tugraz-verlag.at\/en\/gesamtverzeichnis\/"},{"@type":"ListItem","position":3,"name":"Risikomanagement in der Bauwirtschaft"}]},{"@type":"WebSite","@id":"https:\/\/www.tugraz-verlag.at\/en\/#website","url":"https:\/\/www.tugraz-verlag.at\/en\/","name":"Verlag der TU Graz","description":"Verlag der Technischen Universit\u00e4t Graz","potentialAction":[{"@type":"SearchAction","target":{"@type":"EntryPoint","urlTemplate":"https:\/\/www.tugraz-verlag.at\/en\/?s={search_term_string}"},"query-input":{"@type":"PropertyValueSpecification","valueRequired":true,"valueName":"search_term_string"}}],"inLanguage":"en-US"}]}},"_links":{"self":[{"href":"https:\/\/www.tugraz-verlag.at\/en\/wp-json\/wp\/v2\/product\/29947","targetHints":{"allow":["GET"]}}],"collection":[{"href":"https:\/\/www.tugraz-verlag.at\/en\/wp-json\/wp\/v2\/product"}],"about":[{"href":"https:\/\/www.tugraz-verlag.at\/en\/wp-json\/wp\/v2\/types\/product"}],"replies":[{"embeddable":true,"href":"https:\/\/www.tugraz-verlag.at\/en\/wp-json\/wp\/v2\/comments?post=29947"}],"wp:featuredmedia":[{"embeddable":true,"href":"https:\/\/www.tugraz-verlag.at\/en\/wp-json\/wp\/v2\/media\/39714"}],"wp:attachment":[{"href":"https:\/\/www.tugraz-verlag.at\/en\/wp-json\/wp\/v2\/media?parent=29947"}],"wp:term":[{"taxonomy":"product_brand","embeddable":true,"href":"https:\/\/www.tugraz-verlag.at\/en\/wp-json\/wp\/v2\/product_brand?post=29947"},{"taxonomy":"product_cat","embeddable":true,"href":"https:\/\/www.tugraz-verlag.at\/en\/wp-json\/wp\/v2\/product_cat?post=29947"},{"taxonomy":"product_tag","embeddable":true,"href":"https:\/\/www.tugraz-verlag.at\/en\/wp-json\/wp\/v2\/product_tag?post=29947"}],"curies":[{"name":"wp","href":"https:\/\/api.w.org\/{rel}","templated":true}]}}