{"id":29898,"date":"2026-03-28T07:30:56","date_gmt":"2026-03-28T07:30:56","guid":{"rendered":"http:\/\/www.tugraz-verlag.at\/gesamtverzeichnis\/unkategorisiert\/nachhaltiges-bauen-eine-qualitative-uebersicht-und-quantitative-analyse\/"},"modified":"2026-03-28T11:31:56","modified_gmt":"2026-03-28T09:31:56","slug":"nachhaltiges-bauen-eine-qualitative-uebersicht-und-quantitative-analyse","status":"publish","type":"product","link":"https:\/\/www.tugraz-verlag.at\/en\/gesamtverzeichnis\/bauingenieurwissenschaften\/nachhaltiges-bauen-eine-qualitative-uebersicht-und-quantitative-analyse\/","title":{"rendered":"Nachhaltiges Bauen &#8211; Eine qualitative \u00dcbersicht und quantitative Analyse"},"content":{"rendered":"<p class=\"qtranxs-available-languages-message qtranxs-available-languages-message-en\">This entry is only available in German<\/p><p>Ausgel\u00f6st durch die Diskussion um den globalen Klimawandel und die Verf\u00fcgbarkeit und Nutzung von nat\u00fcrlichen Ressourcen, vergeht kein Tag, an dem nicht von \u201eNachhaltigkeit\u201c gesprochen wird. Gleichzeitig scheint sich bei den Marktteilnehmern der Bau- und Immobilienwirtschaft eine Erwartungshaltung gegen\u00fcber dem Konzept eines \u201eNachhaltigen Bauens\u201c zu entwickeln.<br \/>\nIm Zuge der Globalisierung und des sich versch\u00e4rfenden Wettbewerbs ist es f\u00fcr die Unternehmer zwingend erforderlich, rechtzeitig ergebnisorientierte Entwicklungen und Trends zu erkennen.<br \/>\nDerzeit fehlen noch die \u00fcblicherweise f\u00fcr einen etablierten Markt vorhandenen Erfahrungswerte. Ziel einer Analyse zum Bewusstseinszustands der Bau- und Immobilienwirtschaft am Instituts f\u00fcr Baubetrieb und Bauwirtschaft ist es, den Unternehmen langfristig orientierte Handlungsempfehlungen geben zu k\u00f6nnen, welche Herausforderungen und Chancen sich durch die Entwicklung hin zu einem \u201eNachhaltigen Bauen\u201c ergeben.<\/p>","protected":false},"excerpt":{"rendered":"<p class=\"qtranxs-available-languages-message qtranxs-available-languages-message-en\">This entry is only available in German<\/p>\n<p>Ausgel\u00f6st durch die Diskussion um den globalen Klimawandel und die Verf\u00fcgbarkeit und Nutzung von nat\u00fcrlichen Ressourcen, vergeht kein Tag, an dem nicht von \u201eNachhaltigkeit\u201c gesprochen wird. Gleichzeitig scheint sich bei den Marktteilnehmern der Bau- und Immobilienwirtschaft eine Erwartungshaltung gegen\u00fcber dem Konzept eines \u201eNachhaltigen Bauens\u201c zu entwickeln.<br \/>\nIm Zuge der Globalisierung und des sich versch\u00e4rfenden Wettbewerbs ist es f\u00fcr die Unternehmer zwingend erforderlich, rechtzeitig ergebnisorientierte Entwicklungen und Trends zu erkennen.<br \/>\nDerzeit fehlen noch die \u00fcblicherweise f\u00fcr einen etablierten Markt vorhandenen Erfahrungswerte. Ziel einer Analyse zum Bewusstseinszustands der Bau- und Immobilienwirtschaft am Instituts f\u00fcr Baubetrieb und Bauwirtschaft ist es, den Unternehmen langfristig orientierte Handlungsempfehlungen geben zu k\u00f6nnen, welche Herausforderungen und Chancen sich durch die Entwicklung hin zu einem \u201eNachhaltigen Bauen\u201c ergeben.<\/p>\n","protected":false},"featured_media":39694,"comment_status":"open","ping_status":"closed","template":"","meta":{"_acf_changed":false},"product_brand":[],"product_cat":[1627],"product_tag":[2610],"class_list":{"0":"post-29898","1":"product","2":"type-product","3":"status-publish","4":"has-post-thumbnail","6":"product_cat-bauingenieurwissenschaften","7":"product_tag-oekologisches-bauenenergiesparendes-bauengreen-building","8":"autor-meckmann-felix","10":"first","11":"instock","12":"taxable","13":"shipping-taxable","14":"purchasable","15":"product-type-simple"},"acf":[],"yoast_head":"<!-- This site is optimized with the Yoast SEO plugin v27.2 - https:\/\/yoast.com\/product\/yoast-seo-wordpress\/ -->\n<title>Nachhaltiges Bauen - Eine qualitative \u00dcbersicht und quantitative Analyse - Verlag der TU Graz<\/title>\n<meta name=\"robots\" content=\"index, follow, max-snippet:-1, max-image-preview:large, max-video-preview:-1\" \/>\n<link rel=\"canonical\" href=\"https:\/\/www.tugraz-verlag.at\/en\/gesamtverzeichnis\/bauingenieurwissenschaften\/nachhaltiges-bauen-eine-qualitative-uebersicht-und-quantitative-analyse\/\" \/>\n<meta property=\"og:locale\" content=\"en_US\" \/>\n<meta property=\"og:type\" content=\"article\" \/>\n<meta property=\"og:title\" content=\"Nachhaltiges Bauen - Eine qualitative \u00dcbersicht und quantitative Analyse - Verlag der TU Graz\" \/>\n<meta property=\"og:description\" content=\"Ausgel\u00f6st durch die Diskussion um den globalen Klimawandel und die Verf\u00fcgbarkeit und Nutzung von nat\u00fcrlichen Ressourcen, vergeht kein Tag, an dem nicht von \u201eNachhaltigkeit\u201c gesprochen wird. Gleichzeitig scheint sich bei den Marktteilnehmern der Bau- und Immobilienwirtschaft eine Erwartungshaltung gegen\u00fcber dem Konzept eines \u201eNachhaltigen Bauens\u201c zu entwickeln. Im Zuge der Globalisierung und des sich versch\u00e4rfenden Wettbewerbs ist es f\u00fcr die Unternehmer zwingend erforderlich, rechtzeitig ergebnisorientierte Entwicklungen und Trends zu erkennen. Derzeit fehlen noch die \u00fcblicherweise f\u00fcr einen etablierten Markt vorhandenen Erfahrungswerte. Ziel einer Analyse zum Bewusstseinszustands der Bau- und Immobilienwirtschaft am Instituts f\u00fcr Baubetrieb und Bauwirtschaft ist es, den Unternehmen langfristig orientierte Handlungsempfehlungen geben zu k\u00f6nnen, welche Herausforderungen und Chancen sich durch die Entwicklung hin zu einem \u201eNachhaltigen Bauen\u201c ergeben.\" \/>\n<meta property=\"og:url\" content=\"https:\/\/www.tugraz-verlag.at\/en\/gesamtverzeichnis\/bauingenieurwissenschaften\/nachhaltiges-bauen-eine-qualitative-uebersicht-und-quantitative-analyse\/\" \/>\n<meta property=\"og:site_name\" content=\"Verlag der TU Graz\" \/>\n<meta property=\"article:modified_time\" content=\"2026-03-28T09:31:56+00:00\" \/>\n<meta property=\"og:image\" content=\"https:\/\/www.tugraz-verlag.at\/wp-content\/uploads\/asolmerce\/image-978-3-85125-074-9.jpg\" \/>\n\t<meta property=\"og:image:width\" content=\"591\" \/>\n\t<meta property=\"og:image:height\" content=\"836\" \/>\n\t<meta property=\"og:image:type\" content=\"image\/jpeg\" \/>\n<meta name=\"twitter:card\" content=\"summary_large_image\" \/>\n<meta name=\"twitter:label1\" content=\"Est. reading time\" \/>\n\t<meta name=\"twitter:data1\" content=\"1 minute\" \/>\n<script type=\"application\/ld+json\" class=\"yoast-schema-graph\">{\"@context\":\"https:\/\/schema.org\",\"@graph\":[{\"@type\":\"WebPage\",\"@id\":\"https:\/\/www.tugraz-verlag.at\/en\/gesamtverzeichnis\/bauingenieurwissenschaften\/nachhaltiges-bauen-eine-qualitative-uebersicht-und-quantitative-analyse\/\",\"url\":\"https:\/\/www.tugraz-verlag.at\/en\/gesamtverzeichnis\/bauingenieurwissenschaften\/nachhaltiges-bauen-eine-qualitative-uebersicht-und-quantitative-analyse\/\",\"name\":\"Nachhaltiges Bauen - Eine qualitative \u00dcbersicht und quantitative Analyse - Verlag der TU Graz\",\"isPartOf\":{\"@id\":\"https:\/\/www.tugraz-verlag.at\/en\/#website\"},\"primaryImageOfPage\":{\"@id\":\"https:\/\/www.tugraz-verlag.at\/en\/gesamtverzeichnis\/bauingenieurwissenschaften\/nachhaltiges-bauen-eine-qualitative-uebersicht-und-quantitative-analyse\/#primaryimage\"},\"image\":{\"@id\":\"https:\/\/www.tugraz-verlag.at\/gesamtverzeichnis\/bauingenieurwissenschaften\/nachhaltiges-bauen-eine-qualitative-uebersicht-und-quantitative-analyse\/#primaryimage\"},\"thumbnailUrl\":\"https:\/\/www.tugraz-verlag.at\/wp-content\/uploads\/asolmerce\/image-978-3-85125-074-9.jpg\",\"datePublished\":\"2026-03-28T07:30:56+00:00\",\"dateModified\":\"2026-03-28T09:31:56+00:00\",\"breadcrumb\":{\"@id\":\"https:\/\/www.tugraz-verlag.at\/en\/gesamtverzeichnis\/bauingenieurwissenschaften\/nachhaltiges-bauen-eine-qualitative-uebersicht-und-quantitative-analyse\/#breadcrumb\"},\"inLanguage\":\"en-US\",\"potentialAction\":[{\"@type\":\"ReadAction\",\"target\":[[\"https:\/\/www.tugraz-verlag.at\/en\/gesamtverzeichnis\/bauingenieurwissenschaften\/nachhaltiges-bauen-eine-qualitative-uebersicht-und-quantitative-analyse\/\"]]}]},{\"@type\":\"ImageObject\",\"inLanguage\":\"en-US\",\"@id\":\"https:\/\/www.tugraz-verlag.at\/en\/gesamtverzeichnis\/bauingenieurwissenschaften\/nachhaltiges-bauen-eine-qualitative-uebersicht-und-quantitative-analyse\/#primaryimage\",\"url\":\"https:\/\/www.tugraz-verlag.at\/wp-content\/uploads\/asolmerce\/image-978-3-85125-074-9.jpg\",\"contentUrl\":\"https:\/\/www.tugraz-verlag.at\/wp-content\/uploads\/asolmerce\/image-978-3-85125-074-9.jpg\",\"width\":591,\"height\":836},{\"@type\":\"BreadcrumbList\",\"@id\":\"https:\/\/www.tugraz-verlag.at\/en\/gesamtverzeichnis\/bauingenieurwissenschaften\/nachhaltiges-bauen-eine-qualitative-uebersicht-und-quantitative-analyse\/#breadcrumb\",\"itemListElement\":[{\"@type\":\"ListItem\",\"position\":1,\"name\":\"Home\",\"item\":\"https:\/\/www.tugraz-verlag.at\/en\/\"},{\"@type\":\"ListItem\",\"position\":2,\"name\":\"Gesamtverzeichnis\",\"item\":\"https:\/\/www.tugraz-verlag.at\/en\/gesamtverzeichnis\/\"},{\"@type\":\"ListItem\",\"position\":3,\"name\":\"Nachhaltiges Bauen &#8211; Eine qualitative \u00dcbersicht und quantitative Analyse\"}]},{\"@type\":\"WebSite\",\"@id\":\"https:\/\/www.tugraz-verlag.at\/en\/#website\",\"url\":\"https:\/\/www.tugraz-verlag.at\/en\/\",\"name\":\"Verlag der TU Graz\",\"description\":\"Verlag der Technischen Universit\u00e4t Graz\",\"potentialAction\":[{\"@type\":\"SearchAction\",\"target\":{\"@type\":\"EntryPoint\",\"urlTemplate\":\"https:\/\/www.tugraz-verlag.at\/en\/?s={search_term_string}\"},\"query-input\":{\"@type\":\"PropertyValueSpecification\",\"valueRequired\":true,\"valueName\":\"search_term_string\"}}],\"inLanguage\":\"en-US\"}]}<\/script>\n<!-- \/ Yoast SEO plugin. -->","yoast_head_json":{"title":"Nachhaltiges Bauen - Eine qualitative \u00dcbersicht und quantitative Analyse - Verlag der TU Graz","robots":{"index":"index","follow":"follow","max-snippet":"max-snippet:-1","max-image-preview":"max-image-preview:large","max-video-preview":"max-video-preview:-1"},"canonical":"https:\/\/www.tugraz-verlag.at\/en\/gesamtverzeichnis\/bauingenieurwissenschaften\/nachhaltiges-bauen-eine-qualitative-uebersicht-und-quantitative-analyse\/","og_locale":"en_US","og_type":"article","og_title":"Nachhaltiges Bauen - Eine qualitative \u00dcbersicht und quantitative Analyse - Verlag der TU Graz","og_description":"Ausgel\u00f6st durch die Diskussion um den globalen Klimawandel und die Verf\u00fcgbarkeit und Nutzung von nat\u00fcrlichen Ressourcen, vergeht kein Tag, an dem nicht von \u201eNachhaltigkeit\u201c gesprochen wird. Gleichzeitig scheint sich bei den Marktteilnehmern der Bau- und Immobilienwirtschaft eine Erwartungshaltung gegen\u00fcber dem Konzept eines \u201eNachhaltigen Bauens\u201c zu entwickeln. Im Zuge der Globalisierung und des sich versch\u00e4rfenden Wettbewerbs ist es f\u00fcr die Unternehmer zwingend erforderlich, rechtzeitig ergebnisorientierte Entwicklungen und Trends zu erkennen. Derzeit fehlen noch die \u00fcblicherweise f\u00fcr einen etablierten Markt vorhandenen Erfahrungswerte. Ziel einer Analyse zum Bewusstseinszustands der Bau- und Immobilienwirtschaft am Instituts f\u00fcr Baubetrieb und Bauwirtschaft ist es, den Unternehmen langfristig orientierte Handlungsempfehlungen geben zu k\u00f6nnen, welche Herausforderungen und Chancen sich durch die Entwicklung hin zu einem \u201eNachhaltigen Bauen\u201c ergeben.","og_url":"https:\/\/www.tugraz-verlag.at\/en\/gesamtverzeichnis\/bauingenieurwissenschaften\/nachhaltiges-bauen-eine-qualitative-uebersicht-und-quantitative-analyse\/","og_site_name":"Verlag der TU Graz","article_modified_time":"2026-03-28T09:31:56+00:00","og_image":[{"width":591,"height":836,"url":"https:\/\/www.tugraz-verlag.at\/wp-content\/uploads\/asolmerce\/image-978-3-85125-074-9.jpg","type":"image\/jpeg"}],"twitter_card":"summary_large_image","twitter_misc":{"Est. reading time":"1 minute"},"schema":{"@context":"https:\/\/schema.org","@graph":[{"@type":"WebPage","@id":"https:\/\/www.tugraz-verlag.at\/en\/gesamtverzeichnis\/bauingenieurwissenschaften\/nachhaltiges-bauen-eine-qualitative-uebersicht-und-quantitative-analyse\/","url":"https:\/\/www.tugraz-verlag.at\/en\/gesamtverzeichnis\/bauingenieurwissenschaften\/nachhaltiges-bauen-eine-qualitative-uebersicht-und-quantitative-analyse\/","name":"Nachhaltiges Bauen - Eine qualitative \u00dcbersicht und quantitative Analyse - Verlag der TU Graz","isPartOf":{"@id":"https:\/\/www.tugraz-verlag.at\/en\/#website"},"primaryImageOfPage":{"@id":"https:\/\/www.tugraz-verlag.at\/en\/gesamtverzeichnis\/bauingenieurwissenschaften\/nachhaltiges-bauen-eine-qualitative-uebersicht-und-quantitative-analyse\/#primaryimage"},"image":{"@id":"https:\/\/www.tugraz-verlag.at\/gesamtverzeichnis\/bauingenieurwissenschaften\/nachhaltiges-bauen-eine-qualitative-uebersicht-und-quantitative-analyse\/#primaryimage"},"thumbnailUrl":"https:\/\/www.tugraz-verlag.at\/wp-content\/uploads\/asolmerce\/image-978-3-85125-074-9.jpg","datePublished":"2026-03-28T07:30:56+00:00","dateModified":"2026-03-28T09:31:56+00:00","breadcrumb":{"@id":"https:\/\/www.tugraz-verlag.at\/en\/gesamtverzeichnis\/bauingenieurwissenschaften\/nachhaltiges-bauen-eine-qualitative-uebersicht-und-quantitative-analyse\/#breadcrumb"},"inLanguage":"en-US","potentialAction":[{"@type":"ReadAction","target":[["https:\/\/www.tugraz-verlag.at\/en\/gesamtverzeichnis\/bauingenieurwissenschaften\/nachhaltiges-bauen-eine-qualitative-uebersicht-und-quantitative-analyse\/"]]}]},{"@type":"ImageObject","inLanguage":"en-US","@id":"https:\/\/www.tugraz-verlag.at\/en\/gesamtverzeichnis\/bauingenieurwissenschaften\/nachhaltiges-bauen-eine-qualitative-uebersicht-und-quantitative-analyse\/#primaryimage","url":"https:\/\/www.tugraz-verlag.at\/wp-content\/uploads\/asolmerce\/image-978-3-85125-074-9.jpg","contentUrl":"https:\/\/www.tugraz-verlag.at\/wp-content\/uploads\/asolmerce\/image-978-3-85125-074-9.jpg","width":591,"height":836},{"@type":"BreadcrumbList","@id":"https:\/\/www.tugraz-verlag.at\/en\/gesamtverzeichnis\/bauingenieurwissenschaften\/nachhaltiges-bauen-eine-qualitative-uebersicht-und-quantitative-analyse\/#breadcrumb","itemListElement":[{"@type":"ListItem","position":1,"name":"Home","item":"https:\/\/www.tugraz-verlag.at\/en\/"},{"@type":"ListItem","position":2,"name":"Gesamtverzeichnis","item":"https:\/\/www.tugraz-verlag.at\/en\/gesamtverzeichnis\/"},{"@type":"ListItem","position":3,"name":"Nachhaltiges Bauen &#8211; Eine qualitative \u00dcbersicht und quantitative Analyse"}]},{"@type":"WebSite","@id":"https:\/\/www.tugraz-verlag.at\/en\/#website","url":"https:\/\/www.tugraz-verlag.at\/en\/","name":"Verlag der TU Graz","description":"Verlag der Technischen Universit\u00e4t Graz","potentialAction":[{"@type":"SearchAction","target":{"@type":"EntryPoint","urlTemplate":"https:\/\/www.tugraz-verlag.at\/en\/?s={search_term_string}"},"query-input":{"@type":"PropertyValueSpecification","valueRequired":true,"valueName":"search_term_string"}}],"inLanguage":"en-US"}]}},"_links":{"self":[{"href":"https:\/\/www.tugraz-verlag.at\/en\/wp-json\/wp\/v2\/product\/29898","targetHints":{"allow":["GET"]}}],"collection":[{"href":"https:\/\/www.tugraz-verlag.at\/en\/wp-json\/wp\/v2\/product"}],"about":[{"href":"https:\/\/www.tugraz-verlag.at\/en\/wp-json\/wp\/v2\/types\/product"}],"replies":[{"embeddable":true,"href":"https:\/\/www.tugraz-verlag.at\/en\/wp-json\/wp\/v2\/comments?post=29898"}],"wp:featuredmedia":[{"embeddable":true,"href":"https:\/\/www.tugraz-verlag.at\/en\/wp-json\/wp\/v2\/media\/39694"}],"wp:attachment":[{"href":"https:\/\/www.tugraz-verlag.at\/en\/wp-json\/wp\/v2\/media?parent=29898"}],"wp:term":[{"taxonomy":"product_brand","embeddable":true,"href":"https:\/\/www.tugraz-verlag.at\/en\/wp-json\/wp\/v2\/product_brand?post=29898"},{"taxonomy":"product_cat","embeddable":true,"href":"https:\/\/www.tugraz-verlag.at\/en\/wp-json\/wp\/v2\/product_cat?post=29898"},{"taxonomy":"product_tag","embeddable":true,"href":"https:\/\/www.tugraz-verlag.at\/en\/wp-json\/wp\/v2\/product_tag?post=29898"}],"curies":[{"name":"wp","href":"https:\/\/api.w.org\/{rel}","templated":true}]}}