{"id":29862,"date":"2026-03-28T07:30:50","date_gmt":"2026-03-28T07:30:50","guid":{"rendered":"http:\/\/www.tugraz-verlag.at\/gesamtverzeichnis\/unkategorisiert\/leitfaden-zur-vergleichenden-beurteilung-von-bau-kosten-in-fruehen-planungsphasen\/"},"modified":"2026-03-28T11:31:50","modified_gmt":"2026-03-28T09:31:50","slug":"leitfaden-zur-vergleichenden-beurteilung-von-bau-kosten-in-fruehen-planungsphasen","status":"publish","type":"product","link":"https:\/\/www.tugraz-verlag.at\/en\/gesamtverzeichnis\/bauingenieurwissenschaften\/leitfaden-zur-vergleichenden-beurteilung-von-bau-kosten-in-fruehen-planungsphasen\/","title":{"rendered":"Leitfaden zur vergleichenden Beurteilung von (Bau-) Kosten in fr\u00fchen Planungsphasen"},"content":{"rendered":"<p class=\"qtranxs-available-languages-message qtranxs-available-languages-message-en\">This entry is only available in German<\/p><p>Analyse der Kostenplanungsarbeit, Normwerkzeuge, Kennwerte, Kostenvergleichsrechnung und Methodenvorschlag zur Einbeziehung der Projektkosten in die Entscheidungsfindung von Wettbewerben. Das Ziel ist eine fair argumentierte Methodik aufzustellen, mit der die Kostenunterschiede der Projektvorschl\u00e4ge als Entscheidungsmatrix herausgearbeitet werden.<br \/>\nDie Erwartung der Auftraggeber im \u00f6ffentlichen und privaten Bereich geht dahin, die Kosten der Projekte zu einem m\u00f6glichst fr\u00fchen Zeitpunkt m\u00f6glichst pr\u00e4zise und konkret zu erfassen und festzulegen. Dem steht jedoch der Regelplanungsablauf entgegen, mit dem eine h\u00f6here Kostengenauigkeit erst in sp\u00e4teren Planungsphasen erreicht wird.<br \/>\nDie Arbeit bietet ein Rechenmodell f\u00fcr die vergleichende Darstellung der Kosten von Wettbewerbsbeitr\u00e4gen. Die Anwendung ist bereits in mehreren Wettbewerbsverfahren praxiserprobt.<\/p>","protected":false},"excerpt":{"rendered":"<p class=\"qtranxs-available-languages-message qtranxs-available-languages-message-en\">This entry is only available in German<\/p>\n<p>Analyse der Kostenplanungsarbeit, Normwerkzeuge, Kennwerte, Kostenvergleichsrechnung und Methodenvorschlag zur Einbeziehung der Projektkosten in die Entscheidungsfindung von Wettbewerben. Das Ziel ist eine fair argumentierte Methodik aufzustellen, mit der die Kostenunterschiede der Projektvorschl\u00e4ge als Entscheidungsmatrix herausgearbeitet werden.<br \/>\nDie Erwartung der Auftraggeber im \u00f6ffentlichen und privaten Bereich geht dahin, die Kosten der Projekte zu einem m\u00f6glichst fr\u00fchen Zeitpunkt m\u00f6glichst pr\u00e4zise und konkret zu erfassen und festzulegen. Dem steht jedoch der Regelplanungsablauf entgegen, mit dem eine h\u00f6here Kostengenauigkeit erst in sp\u00e4teren Planungsphasen erreicht wird.<br \/>\nDie Arbeit bietet ein Rechenmodell f\u00fcr die vergleichende Darstellung der Kosten von Wettbewerbsbeitr\u00e4gen. Die Anwendung ist bereits in mehreren Wettbewerbsverfahren praxiserprobt.<\/p>\n","protected":false},"featured_media":39679,"comment_status":"open","ping_status":"closed","template":"","meta":{"_acf_changed":false},"product_brand":[],"product_cat":[1627],"product_tag":[2586],"class_list":{"0":"post-29862","1":"product","2":"type-product","3":"status-publish","4":"has-post-thumbnail","6":"product_cat-bauingenieurwissenschaften","7":"product_tag-bauvorbereitung-baubetrieb-marketing","8":"autor-lechner-hans","9":"reihe-schriftenreihe-des-instituts-fuer-baubetrieb-und-bauwirtschaft","11":"first","12":"instock","13":"sale","14":"taxable","15":"shipping-taxable","16":"purchasable","17":"product-type-simple"},"acf":[],"yoast_head":"<!-- This site is optimized with the Yoast SEO plugin v27.2 - https:\/\/yoast.com\/product\/yoast-seo-wordpress\/ -->\n<title>Leitfaden zur vergleichenden Beurteilung von (Bau-) Kosten in fr\u00fchen Planungsphasen - Verlag der TU Graz<\/title>\n<meta name=\"robots\" content=\"index, follow, max-snippet:-1, max-image-preview:large, max-video-preview:-1\" \/>\n<link rel=\"canonical\" href=\"https:\/\/www.tugraz-verlag.at\/en\/gesamtverzeichnis\/bauingenieurwissenschaften\/leitfaden-zur-vergleichenden-beurteilung-von-bau-kosten-in-fruehen-planungsphasen\/\" \/>\n<meta property=\"og:locale\" content=\"en_US\" \/>\n<meta property=\"og:type\" content=\"article\" \/>\n<meta property=\"og:title\" content=\"Leitfaden zur vergleichenden Beurteilung von (Bau-) Kosten in fr\u00fchen Planungsphasen - Verlag der TU Graz\" \/>\n<meta property=\"og:description\" content=\"Analyse der Kostenplanungsarbeit, Normwerkzeuge, Kennwerte, Kostenvergleichsrechnung und Methodenvorschlag zur Einbeziehung der Projektkosten in die Entscheidungsfindung von Wettbewerben. Das Ziel ist eine fair argumentierte Methodik aufzustellen, mit der die Kostenunterschiede der Projektvorschl\u00e4ge als Entscheidungsmatrix herausgearbeitet werden. Die Erwartung der Auftraggeber im \u00f6ffentlichen und privaten Bereich geht dahin, die Kosten der Projekte zu einem m\u00f6glichst fr\u00fchen Zeitpunkt m\u00f6glichst pr\u00e4zise und konkret zu erfassen und festzulegen. Dem steht jedoch der Regelplanungsablauf entgegen, mit dem eine h\u00f6here Kostengenauigkeit erst in sp\u00e4teren Planungsphasen erreicht wird. Die Arbeit bietet ein Rechenmodell f\u00fcr die vergleichende Darstellung der Kosten von Wettbewerbsbeitr\u00e4gen. Die Anwendung ist bereits in mehreren Wettbewerbsverfahren praxiserprobt.\" \/>\n<meta property=\"og:url\" content=\"https:\/\/www.tugraz-verlag.at\/en\/gesamtverzeichnis\/bauingenieurwissenschaften\/leitfaden-zur-vergleichenden-beurteilung-von-bau-kosten-in-fruehen-planungsphasen\/\" \/>\n<meta property=\"og:site_name\" content=\"Verlag der TU Graz\" \/>\n<meta property=\"article:modified_time\" content=\"2026-03-28T09:31:50+00:00\" \/>\n<meta property=\"og:image\" content=\"https:\/\/www.tugraz-verlag.at\/wp-content\/uploads\/asolmerce\/image-978-3-902465-58-0-724x1024.jpg\" \/>\n\t<meta property=\"og:image:width\" content=\"724\" \/>\n\t<meta property=\"og:image:height\" content=\"1024\" \/>\n\t<meta property=\"og:image:type\" content=\"image\/jpeg\" \/>\n<meta name=\"twitter:card\" content=\"summary_large_image\" \/>\n<meta name=\"twitter:label1\" content=\"Est. reading time\" \/>\n\t<meta name=\"twitter:data1\" content=\"1 minute\" \/>\n<script type=\"application\/ld+json\" class=\"yoast-schema-graph\">{\"@context\":\"https:\/\/schema.org\",\"@graph\":[{\"@type\":\"WebPage\",\"@id\":\"https:\/\/www.tugraz-verlag.at\/en\/gesamtverzeichnis\/bauingenieurwissenschaften\/leitfaden-zur-vergleichenden-beurteilung-von-bau-kosten-in-fruehen-planungsphasen\/\",\"url\":\"https:\/\/www.tugraz-verlag.at\/en\/gesamtverzeichnis\/bauingenieurwissenschaften\/leitfaden-zur-vergleichenden-beurteilung-von-bau-kosten-in-fruehen-planungsphasen\/\",\"name\":\"Leitfaden zur vergleichenden Beurteilung von (Bau-) Kosten in fr\u00fchen Planungsphasen - Verlag der TU Graz\",\"isPartOf\":{\"@id\":\"https:\/\/www.tugraz-verlag.at\/en\/#website\"},\"primaryImageOfPage\":{\"@id\":\"https:\/\/www.tugraz-verlag.at\/en\/gesamtverzeichnis\/bauingenieurwissenschaften\/leitfaden-zur-vergleichenden-beurteilung-von-bau-kosten-in-fruehen-planungsphasen\/#primaryimage\"},\"image\":{\"@id\":\"https:\/\/www.tugraz-verlag.at\/gesamtverzeichnis\/bauingenieurwissenschaften\/leitfaden-zur-vergleichenden-beurteilung-von-bau-kosten-in-fruehen-planungsphasen\/#primaryimage\"},\"thumbnailUrl\":\"https:\/\/www.tugraz-verlag.at\/wp-content\/uploads\/asolmerce\/image-978-3-902465-58-0.jpg\",\"datePublished\":\"2026-03-28T07:30:50+00:00\",\"dateModified\":\"2026-03-28T09:31:50+00:00\",\"breadcrumb\":{\"@id\":\"https:\/\/www.tugraz-verlag.at\/en\/gesamtverzeichnis\/bauingenieurwissenschaften\/leitfaden-zur-vergleichenden-beurteilung-von-bau-kosten-in-fruehen-planungsphasen\/#breadcrumb\"},\"inLanguage\":\"en-US\",\"potentialAction\":[{\"@type\":\"ReadAction\",\"target\":[[\"https:\/\/www.tugraz-verlag.at\/en\/gesamtverzeichnis\/bauingenieurwissenschaften\/leitfaden-zur-vergleichenden-beurteilung-von-bau-kosten-in-fruehen-planungsphasen\/\"]]}]},{\"@type\":\"ImageObject\",\"inLanguage\":\"en-US\",\"@id\":\"https:\/\/www.tugraz-verlag.at\/en\/gesamtverzeichnis\/bauingenieurwissenschaften\/leitfaden-zur-vergleichenden-beurteilung-von-bau-kosten-in-fruehen-planungsphasen\/#primaryimage\",\"url\":\"https:\/\/www.tugraz-verlag.at\/wp-content\/uploads\/asolmerce\/image-978-3-902465-58-0.jpg\",\"contentUrl\":\"https:\/\/www.tugraz-verlag.at\/wp-content\/uploads\/asolmerce\/image-978-3-902465-58-0.jpg\",\"width\":1809,\"height\":2560},{\"@type\":\"BreadcrumbList\",\"@id\":\"https:\/\/www.tugraz-verlag.at\/en\/gesamtverzeichnis\/bauingenieurwissenschaften\/leitfaden-zur-vergleichenden-beurteilung-von-bau-kosten-in-fruehen-planungsphasen\/#breadcrumb\",\"itemListElement\":[{\"@type\":\"ListItem\",\"position\":1,\"name\":\"Home\",\"item\":\"https:\/\/www.tugraz-verlag.at\/en\/\"},{\"@type\":\"ListItem\",\"position\":2,\"name\":\"Gesamtverzeichnis\",\"item\":\"https:\/\/www.tugraz-verlag.at\/en\/gesamtverzeichnis\/\"},{\"@type\":\"ListItem\",\"position\":3,\"name\":\"Leitfaden zur vergleichenden Beurteilung von (Bau-) Kosten in fr\u00fchen Planungsphasen\"}]},{\"@type\":\"WebSite\",\"@id\":\"https:\/\/www.tugraz-verlag.at\/en\/#website\",\"url\":\"https:\/\/www.tugraz-verlag.at\/en\/\",\"name\":\"Verlag der TU Graz\",\"description\":\"Verlag der Technischen Universit\u00e4t Graz\",\"potentialAction\":[{\"@type\":\"SearchAction\",\"target\":{\"@type\":\"EntryPoint\",\"urlTemplate\":\"https:\/\/www.tugraz-verlag.at\/en\/?s={search_term_string}\"},\"query-input\":{\"@type\":\"PropertyValueSpecification\",\"valueRequired\":true,\"valueName\":\"search_term_string\"}}],\"inLanguage\":\"en-US\"}]}<\/script>\n<!-- \/ Yoast SEO plugin. -->","yoast_head_json":{"title":"Leitfaden zur vergleichenden Beurteilung von (Bau-) Kosten in fr\u00fchen Planungsphasen - Verlag der TU Graz","robots":{"index":"index","follow":"follow","max-snippet":"max-snippet:-1","max-image-preview":"max-image-preview:large","max-video-preview":"max-video-preview:-1"},"canonical":"https:\/\/www.tugraz-verlag.at\/en\/gesamtverzeichnis\/bauingenieurwissenschaften\/leitfaden-zur-vergleichenden-beurteilung-von-bau-kosten-in-fruehen-planungsphasen\/","og_locale":"en_US","og_type":"article","og_title":"Leitfaden zur vergleichenden Beurteilung von (Bau-) Kosten in fr\u00fchen Planungsphasen - Verlag der TU Graz","og_description":"Analyse der Kostenplanungsarbeit, Normwerkzeuge, Kennwerte, Kostenvergleichsrechnung und Methodenvorschlag zur Einbeziehung der Projektkosten in die Entscheidungsfindung von Wettbewerben. Das Ziel ist eine fair argumentierte Methodik aufzustellen, mit der die Kostenunterschiede der Projektvorschl\u00e4ge als Entscheidungsmatrix herausgearbeitet werden. Die Erwartung der Auftraggeber im \u00f6ffentlichen und privaten Bereich geht dahin, die Kosten der Projekte zu einem m\u00f6glichst fr\u00fchen Zeitpunkt m\u00f6glichst pr\u00e4zise und konkret zu erfassen und festzulegen. Dem steht jedoch der Regelplanungsablauf entgegen, mit dem eine h\u00f6here Kostengenauigkeit erst in sp\u00e4teren Planungsphasen erreicht wird. Die Arbeit bietet ein Rechenmodell f\u00fcr die vergleichende Darstellung der Kosten von Wettbewerbsbeitr\u00e4gen. Die Anwendung ist bereits in mehreren Wettbewerbsverfahren praxiserprobt.","og_url":"https:\/\/www.tugraz-verlag.at\/en\/gesamtverzeichnis\/bauingenieurwissenschaften\/leitfaden-zur-vergleichenden-beurteilung-von-bau-kosten-in-fruehen-planungsphasen\/","og_site_name":"Verlag der TU Graz","article_modified_time":"2026-03-28T09:31:50+00:00","og_image":[{"width":724,"height":1024,"url":"https:\/\/www.tugraz-verlag.at\/wp-content\/uploads\/asolmerce\/image-978-3-902465-58-0-724x1024.jpg","type":"image\/jpeg"}],"twitter_card":"summary_large_image","twitter_misc":{"Est. reading time":"1 minute"},"schema":{"@context":"https:\/\/schema.org","@graph":[{"@type":"WebPage","@id":"https:\/\/www.tugraz-verlag.at\/en\/gesamtverzeichnis\/bauingenieurwissenschaften\/leitfaden-zur-vergleichenden-beurteilung-von-bau-kosten-in-fruehen-planungsphasen\/","url":"https:\/\/www.tugraz-verlag.at\/en\/gesamtverzeichnis\/bauingenieurwissenschaften\/leitfaden-zur-vergleichenden-beurteilung-von-bau-kosten-in-fruehen-planungsphasen\/","name":"Leitfaden zur vergleichenden Beurteilung von (Bau-) Kosten in fr\u00fchen Planungsphasen - Verlag der TU Graz","isPartOf":{"@id":"https:\/\/www.tugraz-verlag.at\/en\/#website"},"primaryImageOfPage":{"@id":"https:\/\/www.tugraz-verlag.at\/en\/gesamtverzeichnis\/bauingenieurwissenschaften\/leitfaden-zur-vergleichenden-beurteilung-von-bau-kosten-in-fruehen-planungsphasen\/#primaryimage"},"image":{"@id":"https:\/\/www.tugraz-verlag.at\/gesamtverzeichnis\/bauingenieurwissenschaften\/leitfaden-zur-vergleichenden-beurteilung-von-bau-kosten-in-fruehen-planungsphasen\/#primaryimage"},"thumbnailUrl":"https:\/\/www.tugraz-verlag.at\/wp-content\/uploads\/asolmerce\/image-978-3-902465-58-0.jpg","datePublished":"2026-03-28T07:30:50+00:00","dateModified":"2026-03-28T09:31:50+00:00","breadcrumb":{"@id":"https:\/\/www.tugraz-verlag.at\/en\/gesamtverzeichnis\/bauingenieurwissenschaften\/leitfaden-zur-vergleichenden-beurteilung-von-bau-kosten-in-fruehen-planungsphasen\/#breadcrumb"},"inLanguage":"en-US","potentialAction":[{"@type":"ReadAction","target":[["https:\/\/www.tugraz-verlag.at\/en\/gesamtverzeichnis\/bauingenieurwissenschaften\/leitfaden-zur-vergleichenden-beurteilung-von-bau-kosten-in-fruehen-planungsphasen\/"]]}]},{"@type":"ImageObject","inLanguage":"en-US","@id":"https:\/\/www.tugraz-verlag.at\/en\/gesamtverzeichnis\/bauingenieurwissenschaften\/leitfaden-zur-vergleichenden-beurteilung-von-bau-kosten-in-fruehen-planungsphasen\/#primaryimage","url":"https:\/\/www.tugraz-verlag.at\/wp-content\/uploads\/asolmerce\/image-978-3-902465-58-0.jpg","contentUrl":"https:\/\/www.tugraz-verlag.at\/wp-content\/uploads\/asolmerce\/image-978-3-902465-58-0.jpg","width":1809,"height":2560},{"@type":"BreadcrumbList","@id":"https:\/\/www.tugraz-verlag.at\/en\/gesamtverzeichnis\/bauingenieurwissenschaften\/leitfaden-zur-vergleichenden-beurteilung-von-bau-kosten-in-fruehen-planungsphasen\/#breadcrumb","itemListElement":[{"@type":"ListItem","position":1,"name":"Home","item":"https:\/\/www.tugraz-verlag.at\/en\/"},{"@type":"ListItem","position":2,"name":"Gesamtverzeichnis","item":"https:\/\/www.tugraz-verlag.at\/en\/gesamtverzeichnis\/"},{"@type":"ListItem","position":3,"name":"Leitfaden zur vergleichenden Beurteilung von (Bau-) Kosten in fr\u00fchen Planungsphasen"}]},{"@type":"WebSite","@id":"https:\/\/www.tugraz-verlag.at\/en\/#website","url":"https:\/\/www.tugraz-verlag.at\/en\/","name":"Verlag der TU Graz","description":"Verlag der Technischen Universit\u00e4t Graz","potentialAction":[{"@type":"SearchAction","target":{"@type":"EntryPoint","urlTemplate":"https:\/\/www.tugraz-verlag.at\/en\/?s={search_term_string}"},"query-input":{"@type":"PropertyValueSpecification","valueRequired":true,"valueName":"search_term_string"}}],"inLanguage":"en-US"}]}},"_links":{"self":[{"href":"https:\/\/www.tugraz-verlag.at\/en\/wp-json\/wp\/v2\/product\/29862","targetHints":{"allow":["GET"]}}],"collection":[{"href":"https:\/\/www.tugraz-verlag.at\/en\/wp-json\/wp\/v2\/product"}],"about":[{"href":"https:\/\/www.tugraz-verlag.at\/en\/wp-json\/wp\/v2\/types\/product"}],"replies":[{"embeddable":true,"href":"https:\/\/www.tugraz-verlag.at\/en\/wp-json\/wp\/v2\/comments?post=29862"}],"wp:featuredmedia":[{"embeddable":true,"href":"https:\/\/www.tugraz-verlag.at\/en\/wp-json\/wp\/v2\/media\/39679"}],"wp:attachment":[{"href":"https:\/\/www.tugraz-verlag.at\/en\/wp-json\/wp\/v2\/media?parent=29862"}],"wp:term":[{"taxonomy":"product_brand","embeddable":true,"href":"https:\/\/www.tugraz-verlag.at\/en\/wp-json\/wp\/v2\/product_brand?post=29862"},{"taxonomy":"product_cat","embeddable":true,"href":"https:\/\/www.tugraz-verlag.at\/en\/wp-json\/wp\/v2\/product_cat?post=29862"},{"taxonomy":"product_tag","embeddable":true,"href":"https:\/\/www.tugraz-verlag.at\/en\/wp-json\/wp\/v2\/product_tag?post=29862"}],"curies":[{"name":"wp","href":"https:\/\/api.w.org\/{rel}","templated":true}]}}