{"id":29852,"date":"2026-03-28T07:30:50","date_gmt":"2026-03-28T07:30:50","guid":{"rendered":"http:\/\/www.tugraz-verlag.at\/gesamtverzeichnis\/unkategorisiert\/kriegstagebuch-franz-allmer-1941-1945\/"},"modified":"2026-03-28T11:31:50","modified_gmt":"2026-03-28T09:31:50","slug":"kriegstagebuch-franz-allmer-1941-1945","status":"publish","type":"product","link":"https:\/\/www.tugraz-verlag.at\/en\/gesamtverzeichnis\/interdiszipinaeres\/kriegstagebuch-franz-allmer-1941-1945\/","title":{"rendered":"Kriegstagebuch Franz Allmer 1941 &#8211; 1945"},"content":{"rendered":"<p class=\"qtranxs-available-languages-message qtranxs-available-languages-message-en\">This entry is only available in German<\/p><p>1000 Tage des 2. Weltkrieges aus der Sicht eines Sanit\u00e4tswagenfahrers, der sich entschieden hatte, seinem Einsatz im Krieg den Sinn zu geben, verwundeten Frontsoldaten m\u00f6glichst rasch \u00e4rztliche Hilfe zukommen zu lassen und Leben zu retten. Eine unersch\u00fctterlich positive Lebenseinstellung begleitete ihn durch h\u00e4rteste Eins\u00e4tze. Bemerkenswert konsequente Eintragungen veranschaulichen das allt\u00e4gliche Leben und Sterben an der Leningrader Front von 1941 bis 1944, die Konfrontation des damals 25j\u00e4hrigen mit Tod, Grausamkeit und unzumutbaren Dauerzust\u00e4nden. Der Verfasser schuf ein in seiner Unmittelbarkeit packendes Dokument zwischen Pflicht, Hoffnung, Lebenswillen und Aufbegehren.<\/p>\n<p>Das Tagebuch als pers\u00f6nlichste Niederschrift eines Menschen zeigt auch auf, welche Eigenschaften aufzubringen waren, zu \u00fcberleben, und wie der Krieg jegliche Menschlichkeit mit der Zeit zerm\u00fcrbt und verh\u00e4rtet. Erg\u00e4nzt wird das Tagebuch durch hunderte Bilder des Verfassers, teilweise auch in Farbe, welche dem Text \u00f6rtlich und zeitlich zuordenbar sind. Sie zeigen sowohl die Realit\u00e4t des Krieges als auch die landschaftlichen Eigenheiten und kulturellen Sch\u00f6nheiten des vom Krieg gezeichneten Landes.<\/p>","protected":false},"excerpt":{"rendered":"<p class=\"qtranxs-available-languages-message qtranxs-available-languages-message-en\">This entry is only available in German<\/p>\n<p>1000 Tage des 2. Weltkrieges aus der Sicht eines Sanit\u00e4tswagenfahrers, der sich entschieden hatte, seinem Einsatz im Krieg den Sinn zu geben, verwundeten Frontsoldaten m\u00f6glichst rasch \u00e4rztliche Hilfe zukommen zu lassen und Leben zu retten. Eine unersch\u00fctterlich positive Lebenseinstellung begleitete ihn durch h\u00e4rteste Eins\u00e4tze. Bemerkenswert konsequente Eintragungen veranschaulichen das allt\u00e4gliche Leben und Sterben an der Leningrader Front von 1941 bis 1944, die Konfrontation des damals 25j\u00e4hrigen mit Tod, Grausamkeit und unzumutbaren Dauerzust\u00e4nden. Der Verfasser schuf ein in seiner Unmittelbarkeit packendes Dokument zwischen Pflicht, Hoffnung, Lebenswillen und Aufbegehren.<\/p>\n<p>Das Tagebuch als pers\u00f6nlichste Niederschrift eines Menschen zeigt auch auf, welche Eigenschaften aufzubringen waren, zu \u00fcberleben, und wie der Krieg jegliche Menschlichkeit mit der Zeit zerm\u00fcrbt und verh\u00e4rtet. Erg\u00e4nzt wird das Tagebuch durch hunderte Bilder des Verfassers, teilweise auch in Farbe, welche dem Text \u00f6rtlich und zeitlich zuordenbar sind. Sie zeigen sowohl die Realit\u00e4t des Krieges als auch die landschaftlichen Eigenheiten und kulturellen Sch\u00f6nheiten des vom Krieg gezeichneten Landes.<\/p>\n","protected":false},"featured_media":39676,"comment_status":"open","ping_status":"closed","template":"","meta":{"_acf_changed":false},"product_brand":[],"product_cat":[1633],"product_tag":[2576],"class_list":{"0":"post-29852","1":"product","2":"type-product","3":"status-publish","4":"has-post-thumbnail","6":"product_cat-interdiszipinaeres","7":"product_tag-weltkriegsanitaeterrusslandfeldzug","8":"reihe-archiv-und-bibliothek","10":"first","11":"instock","12":"sale","13":"taxable","14":"shipping-taxable","15":"purchasable","16":"product-type-simple"},"acf":[],"yoast_head":"<!-- This site is optimized with the Yoast SEO plugin v27.2 - https:\/\/yoast.com\/product\/yoast-seo-wordpress\/ -->\n<title>Kriegstagebuch Franz Allmer 1941 - 1945 - Verlag der TU Graz<\/title>\n<meta name=\"robots\" content=\"index, follow, max-snippet:-1, max-image-preview:large, max-video-preview:-1\" \/>\n<link rel=\"canonical\" href=\"https:\/\/www.tugraz-verlag.at\/en\/gesamtverzeichnis\/interdiszipinaeres\/kriegstagebuch-franz-allmer-1941-1945\/\" \/>\n<meta property=\"og:locale\" content=\"en_US\" \/>\n<meta property=\"og:type\" content=\"article\" \/>\n<meta property=\"og:title\" content=\"Kriegstagebuch Franz Allmer 1941 - 1945 - Verlag der TU Graz\" \/>\n<meta property=\"og:description\" content=\"1000 Tage des 2. Weltkrieges aus der Sicht eines Sanit\u00e4tswagenfahrers, der sich entschieden hatte, seinem Einsatz im Krieg den Sinn zu geben, verwundeten Frontsoldaten m\u00f6glichst rasch \u00e4rztliche Hilfe zukommen zu lassen und Leben zu retten. Eine unersch\u00fctterlich positive Lebenseinstellung begleitete ihn durch h\u00e4rteste Eins\u00e4tze. Bemerkenswert konsequente Eintragungen veranschaulichen das allt\u00e4gliche Leben und Sterben an der Leningrader Front von 1941 bis 1944, die Konfrontation des damals 25j\u00e4hrigen mit Tod, Grausamkeit und unzumutbaren Dauerzust\u00e4nden. Der Verfasser schuf ein in seiner Unmittelbarkeit packendes Dokument zwischen Pflicht, Hoffnung, Lebenswillen und Aufbegehren. Das Tagebuch als pers\u00f6nlichste Niederschrift eines Menschen zeigt auch auf, welche Eigenschaften aufzubringen waren, zu \u00fcberleben, und wie der Krieg jegliche Menschlichkeit mit der Zeit zerm\u00fcrbt und verh\u00e4rtet. Erg\u00e4nzt wird das Tagebuch durch hunderte Bilder des Verfassers, teilweise auch in Farbe, welche dem Text \u00f6rtlich und zeitlich zuordenbar sind. Sie zeigen sowohl die Realit\u00e4t des Krieges als auch die landschaftlichen Eigenheiten und kulturellen Sch\u00f6nheiten des vom Krieg gezeichneten Landes.\" \/>\n<meta property=\"og:url\" content=\"https:\/\/www.tugraz-verlag.at\/en\/gesamtverzeichnis\/interdiszipinaeres\/kriegstagebuch-franz-allmer-1941-1945\/\" \/>\n<meta property=\"og:site_name\" content=\"Verlag der TU Graz\" \/>\n<meta property=\"article:modified_time\" content=\"2026-03-28T09:31:50+00:00\" \/>\n<meta property=\"og:image\" content=\"https:\/\/www.tugraz-verlag.at\/wp-content\/uploads\/asolmerce\/image-978-3-85125-131-9.jpg\" \/>\n\t<meta property=\"og:image:width\" content=\"651\" \/>\n\t<meta property=\"og:image:height\" content=\"819\" \/>\n\t<meta property=\"og:image:type\" content=\"image\/jpeg\" \/>\n<meta name=\"twitter:card\" content=\"summary_large_image\" \/>\n<meta name=\"twitter:label1\" content=\"Est. reading time\" \/>\n\t<meta name=\"twitter:data1\" content=\"1 minute\" \/>\n<script type=\"application\/ld+json\" class=\"yoast-schema-graph\">{\"@context\":\"https:\/\/schema.org\",\"@graph\":[{\"@type\":\"WebPage\",\"@id\":\"https:\/\/www.tugraz-verlag.at\/en\/gesamtverzeichnis\/interdiszipinaeres\/kriegstagebuch-franz-allmer-1941-1945\/\",\"url\":\"https:\/\/www.tugraz-verlag.at\/en\/gesamtverzeichnis\/interdiszipinaeres\/kriegstagebuch-franz-allmer-1941-1945\/\",\"name\":\"Kriegstagebuch Franz Allmer 1941 - 1945 - Verlag der TU Graz\",\"isPartOf\":{\"@id\":\"https:\/\/www.tugraz-verlag.at\/en\/#website\"},\"primaryImageOfPage\":{\"@id\":\"https:\/\/www.tugraz-verlag.at\/en\/gesamtverzeichnis\/interdiszipinaeres\/kriegstagebuch-franz-allmer-1941-1945\/#primaryimage\"},\"image\":{\"@id\":\"https:\/\/www.tugraz-verlag.at\/gesamtverzeichnis\/interdiszipinaeres\/kriegstagebuch-franz-allmer-1941-1945\/#primaryimage\"},\"thumbnailUrl\":\"https:\/\/www.tugraz-verlag.at\/wp-content\/uploads\/asolmerce\/image-978-3-85125-131-9.jpg\",\"datePublished\":\"2026-03-28T07:30:50+00:00\",\"dateModified\":\"2026-03-28T09:31:50+00:00\",\"breadcrumb\":{\"@id\":\"https:\/\/www.tugraz-verlag.at\/en\/gesamtverzeichnis\/interdiszipinaeres\/kriegstagebuch-franz-allmer-1941-1945\/#breadcrumb\"},\"inLanguage\":\"en-US\",\"potentialAction\":[{\"@type\":\"ReadAction\",\"target\":[[\"https:\/\/www.tugraz-verlag.at\/en\/gesamtverzeichnis\/interdiszipinaeres\/kriegstagebuch-franz-allmer-1941-1945\/\"]]}]},{\"@type\":\"ImageObject\",\"inLanguage\":\"en-US\",\"@id\":\"https:\/\/www.tugraz-verlag.at\/en\/gesamtverzeichnis\/interdiszipinaeres\/kriegstagebuch-franz-allmer-1941-1945\/#primaryimage\",\"url\":\"https:\/\/www.tugraz-verlag.at\/wp-content\/uploads\/asolmerce\/image-978-3-85125-131-9.jpg\",\"contentUrl\":\"https:\/\/www.tugraz-verlag.at\/wp-content\/uploads\/asolmerce\/image-978-3-85125-131-9.jpg\",\"width\":651,\"height\":819},{\"@type\":\"BreadcrumbList\",\"@id\":\"https:\/\/www.tugraz-verlag.at\/en\/gesamtverzeichnis\/interdiszipinaeres\/kriegstagebuch-franz-allmer-1941-1945\/#breadcrumb\",\"itemListElement\":[{\"@type\":\"ListItem\",\"position\":1,\"name\":\"Home\",\"item\":\"https:\/\/www.tugraz-verlag.at\/en\/\"},{\"@type\":\"ListItem\",\"position\":2,\"name\":\"Gesamtverzeichnis\",\"item\":\"https:\/\/www.tugraz-verlag.at\/en\/gesamtverzeichnis\/\"},{\"@type\":\"ListItem\",\"position\":3,\"name\":\"Kriegstagebuch Franz Allmer 1941 &#8211; 1945\"}]},{\"@type\":\"WebSite\",\"@id\":\"https:\/\/www.tugraz-verlag.at\/en\/#website\",\"url\":\"https:\/\/www.tugraz-verlag.at\/en\/\",\"name\":\"Verlag der TU Graz\",\"description\":\"Verlag der Technischen Universit\u00e4t Graz\",\"potentialAction\":[{\"@type\":\"SearchAction\",\"target\":{\"@type\":\"EntryPoint\",\"urlTemplate\":\"https:\/\/www.tugraz-verlag.at\/en\/?s={search_term_string}\"},\"query-input\":{\"@type\":\"PropertyValueSpecification\",\"valueRequired\":true,\"valueName\":\"search_term_string\"}}],\"inLanguage\":\"en-US\"}]}<\/script>\n<!-- \/ Yoast SEO plugin. -->","yoast_head_json":{"title":"Kriegstagebuch Franz Allmer 1941 - 1945 - Verlag der TU Graz","robots":{"index":"index","follow":"follow","max-snippet":"max-snippet:-1","max-image-preview":"max-image-preview:large","max-video-preview":"max-video-preview:-1"},"canonical":"https:\/\/www.tugraz-verlag.at\/en\/gesamtverzeichnis\/interdiszipinaeres\/kriegstagebuch-franz-allmer-1941-1945\/","og_locale":"en_US","og_type":"article","og_title":"Kriegstagebuch Franz Allmer 1941 - 1945 - Verlag der TU Graz","og_description":"1000 Tage des 2. Weltkrieges aus der Sicht eines Sanit\u00e4tswagenfahrers, der sich entschieden hatte, seinem Einsatz im Krieg den Sinn zu geben, verwundeten Frontsoldaten m\u00f6glichst rasch \u00e4rztliche Hilfe zukommen zu lassen und Leben zu retten. Eine unersch\u00fctterlich positive Lebenseinstellung begleitete ihn durch h\u00e4rteste Eins\u00e4tze. Bemerkenswert konsequente Eintragungen veranschaulichen das allt\u00e4gliche Leben und Sterben an der Leningrader Front von 1941 bis 1944, die Konfrontation des damals 25j\u00e4hrigen mit Tod, Grausamkeit und unzumutbaren Dauerzust\u00e4nden. Der Verfasser schuf ein in seiner Unmittelbarkeit packendes Dokument zwischen Pflicht, Hoffnung, Lebenswillen und Aufbegehren. Das Tagebuch als pers\u00f6nlichste Niederschrift eines Menschen zeigt auch auf, welche Eigenschaften aufzubringen waren, zu \u00fcberleben, und wie der Krieg jegliche Menschlichkeit mit der Zeit zerm\u00fcrbt und verh\u00e4rtet. Erg\u00e4nzt wird das Tagebuch durch hunderte Bilder des Verfassers, teilweise auch in Farbe, welche dem Text \u00f6rtlich und zeitlich zuordenbar sind. Sie zeigen sowohl die Realit\u00e4t des Krieges als auch die landschaftlichen Eigenheiten und kulturellen Sch\u00f6nheiten des vom Krieg gezeichneten Landes.","og_url":"https:\/\/www.tugraz-verlag.at\/en\/gesamtverzeichnis\/interdiszipinaeres\/kriegstagebuch-franz-allmer-1941-1945\/","og_site_name":"Verlag der TU Graz","article_modified_time":"2026-03-28T09:31:50+00:00","og_image":[{"width":651,"height":819,"url":"https:\/\/www.tugraz-verlag.at\/wp-content\/uploads\/asolmerce\/image-978-3-85125-131-9.jpg","type":"image\/jpeg"}],"twitter_card":"summary_large_image","twitter_misc":{"Est. reading time":"1 minute"},"schema":{"@context":"https:\/\/schema.org","@graph":[{"@type":"WebPage","@id":"https:\/\/www.tugraz-verlag.at\/en\/gesamtverzeichnis\/interdiszipinaeres\/kriegstagebuch-franz-allmer-1941-1945\/","url":"https:\/\/www.tugraz-verlag.at\/en\/gesamtverzeichnis\/interdiszipinaeres\/kriegstagebuch-franz-allmer-1941-1945\/","name":"Kriegstagebuch Franz Allmer 1941 - 1945 - Verlag der TU Graz","isPartOf":{"@id":"https:\/\/www.tugraz-verlag.at\/en\/#website"},"primaryImageOfPage":{"@id":"https:\/\/www.tugraz-verlag.at\/en\/gesamtverzeichnis\/interdiszipinaeres\/kriegstagebuch-franz-allmer-1941-1945\/#primaryimage"},"image":{"@id":"https:\/\/www.tugraz-verlag.at\/gesamtverzeichnis\/interdiszipinaeres\/kriegstagebuch-franz-allmer-1941-1945\/#primaryimage"},"thumbnailUrl":"https:\/\/www.tugraz-verlag.at\/wp-content\/uploads\/asolmerce\/image-978-3-85125-131-9.jpg","datePublished":"2026-03-28T07:30:50+00:00","dateModified":"2026-03-28T09:31:50+00:00","breadcrumb":{"@id":"https:\/\/www.tugraz-verlag.at\/en\/gesamtverzeichnis\/interdiszipinaeres\/kriegstagebuch-franz-allmer-1941-1945\/#breadcrumb"},"inLanguage":"en-US","potentialAction":[{"@type":"ReadAction","target":[["https:\/\/www.tugraz-verlag.at\/en\/gesamtverzeichnis\/interdiszipinaeres\/kriegstagebuch-franz-allmer-1941-1945\/"]]}]},{"@type":"ImageObject","inLanguage":"en-US","@id":"https:\/\/www.tugraz-verlag.at\/en\/gesamtverzeichnis\/interdiszipinaeres\/kriegstagebuch-franz-allmer-1941-1945\/#primaryimage","url":"https:\/\/www.tugraz-verlag.at\/wp-content\/uploads\/asolmerce\/image-978-3-85125-131-9.jpg","contentUrl":"https:\/\/www.tugraz-verlag.at\/wp-content\/uploads\/asolmerce\/image-978-3-85125-131-9.jpg","width":651,"height":819},{"@type":"BreadcrumbList","@id":"https:\/\/www.tugraz-verlag.at\/en\/gesamtverzeichnis\/interdiszipinaeres\/kriegstagebuch-franz-allmer-1941-1945\/#breadcrumb","itemListElement":[{"@type":"ListItem","position":1,"name":"Home","item":"https:\/\/www.tugraz-verlag.at\/en\/"},{"@type":"ListItem","position":2,"name":"Gesamtverzeichnis","item":"https:\/\/www.tugraz-verlag.at\/en\/gesamtverzeichnis\/"},{"@type":"ListItem","position":3,"name":"Kriegstagebuch Franz Allmer 1941 &#8211; 1945"}]},{"@type":"WebSite","@id":"https:\/\/www.tugraz-verlag.at\/en\/#website","url":"https:\/\/www.tugraz-verlag.at\/en\/","name":"Verlag der TU Graz","description":"Verlag der Technischen Universit\u00e4t Graz","potentialAction":[{"@type":"SearchAction","target":{"@type":"EntryPoint","urlTemplate":"https:\/\/www.tugraz-verlag.at\/en\/?s={search_term_string}"},"query-input":{"@type":"PropertyValueSpecification","valueRequired":true,"valueName":"search_term_string"}}],"inLanguage":"en-US"}]}},"_links":{"self":[{"href":"https:\/\/www.tugraz-verlag.at\/en\/wp-json\/wp\/v2\/product\/29852","targetHints":{"allow":["GET"]}}],"collection":[{"href":"https:\/\/www.tugraz-verlag.at\/en\/wp-json\/wp\/v2\/product"}],"about":[{"href":"https:\/\/www.tugraz-verlag.at\/en\/wp-json\/wp\/v2\/types\/product"}],"replies":[{"embeddable":true,"href":"https:\/\/www.tugraz-verlag.at\/en\/wp-json\/wp\/v2\/comments?post=29852"}],"wp:featuredmedia":[{"embeddable":true,"href":"https:\/\/www.tugraz-verlag.at\/en\/wp-json\/wp\/v2\/media\/39676"}],"wp:attachment":[{"href":"https:\/\/www.tugraz-verlag.at\/en\/wp-json\/wp\/v2\/media?parent=29852"}],"wp:term":[{"taxonomy":"product_brand","embeddable":true,"href":"https:\/\/www.tugraz-verlag.at\/en\/wp-json\/wp\/v2\/product_brand?post=29852"},{"taxonomy":"product_cat","embeddable":true,"href":"https:\/\/www.tugraz-verlag.at\/en\/wp-json\/wp\/v2\/product_cat?post=29852"},{"taxonomy":"product_tag","embeddable":true,"href":"https:\/\/www.tugraz-verlag.at\/en\/wp-json\/wp\/v2\/product_tag?post=29852"}],"curies":[{"name":"wp","href":"https:\/\/api.w.org\/{rel}","templated":true}]}}