{"id":29784,"date":"2026-03-28T07:30:44","date_gmt":"2026-03-28T07:30:44","guid":{"rendered":"http:\/\/www.tugraz-verlag.at\/gesamtverzeichnis\/unkategorisiert\/feststofftransportprozesse-waehrend-spuelungen-von-flussstauraeumen-am-beispiel-der-oberen-mur\/"},"modified":"2026-03-28T11:31:44","modified_gmt":"2026-03-28T09:31:44","slug":"feststofftransportprozesse-waehrend-spuelungen-von-flussstauraeumen-am-beispiel-der-oberen-mur","status":"publish","type":"product","link":"https:\/\/www.tugraz-verlag.at\/en\/gesamtverzeichnis\/bauingenieurwissenschaften\/feststofftransportprozesse-waehrend-spuelungen-von-flussstauraeumen-am-beispiel-der-oberen-mur\/","title":{"rendered":"Feststofftransportprozesse w\u00e4hrend Sp\u00fclungen von Flussstaur\u00e4umen am Beispiel der oberen Mur"},"content":{"rendered":"<p class=\"qtranxs-available-languages-message qtranxs-available-languages-message-en\">This entry is only available in German<\/p><p>Das Ziel der Arbeit ist die Gewinnung neuer Erkenntnisse \u00fcber den raum &#8211; zeitlichen Verlauf des Feststofftransports w\u00e4hrend Stauraumsp\u00fclungen von Flusskraftwerken in geschiebef\u00fchrenden Fl\u00fcssen. Beispielhaft wurde am Kraftwerk Bodendorf an der Oberen Mur ein Monitoringprogramm durchgef\u00fchrt. Die Auswertung der Messdaten von f\u00fcnf Sp\u00fclungen in Hinblick auf Abfluss, Sp\u00fclintervall und Feststofftransport erm\u00f6glichen die Feststellung eines Zusammenhangs dieser wasserwirtschaftlichen Parameter. Aus Sicht des Feststofftransports wird ein optimales Sp\u00fclintervall f\u00fcr die Anlage Bodendorf ermittelt, das einen 1 bis 3 &#8211; j\u00e4hrigen Sp\u00fclrhythmus vorsieht um den Stauraum nachhaltig entlanden zu k\u00f6nnen. Neben der Entlandung wird der \u00f6kologische Vorteil eines kleinen Sp\u00fclintervalls auch in den niedrigen Schwebstoffkonzentrationen, in der Spitze als auch \u00fcber die gesamte Dauer einer Sp\u00fclung, gesehen. Die Daten belegen, dass gro\u00dfe Sp\u00fclintervalle hohe Schwebstoffkonzentrationen in der Spitze zur Folge haben. Die erhobenen Messdaten sind weiters Basis f\u00fcr eine zweidimensionale Geschiebetransportberechnung der Stauraumsp\u00fclung am Kraftwerk Bodendorf. Die Kalibrierung zeigt die Grenzen g\u00e4ngiger Formeln zur Geschiebetransportberechnung auf, welche gr\u00f6\u00dftenteils f\u00fcr Gleichgewichtszust\u00e4nde und f\u00fcr ebene Sohlen entwickelt wurden. Die Erkenntnisse der Arbeit tr\u00e4gt zu einem verbesserten Stauraummanagement an Flusskraftwerken sowohl in \u00f6kologischer als auch wasserwirtschaftlicher Hinsicht bei.<\/p>","protected":false},"excerpt":{"rendered":"<p class=\"qtranxs-available-languages-message qtranxs-available-languages-message-en\">This entry is only available in German<\/p>\n<p>Das Ziel der Arbeit ist die Gewinnung neuer Erkenntnisse \u00fcber den raum &#8211; zeitlichen Verlauf des Feststofftransports w\u00e4hrend Stauraumsp\u00fclungen von Flusskraftwerken in geschiebef\u00fchrenden Fl\u00fcssen. Beispielhaft wurde am Kraftwerk Bodendorf an der Oberen Mur ein Monitoringprogramm durchgef\u00fchrt. Die Auswertung der Messdaten von f\u00fcnf Sp\u00fclungen in Hinblick auf Abfluss, Sp\u00fclintervall und Feststofftransport erm\u00f6glichen die Feststellung eines Zusammenhangs dieser wasserwirtschaftlichen Parameter. Aus Sicht des Feststofftransports wird ein optimales Sp\u00fclintervall f\u00fcr die Anlage Bodendorf ermittelt, das einen 1 bis 3 &#8211; j\u00e4hrigen Sp\u00fclrhythmus vorsieht um den Stauraum nachhaltig entlanden zu k\u00f6nnen. Neben der Entlandung wird der \u00f6kologische Vorteil eines kleinen Sp\u00fclintervalls auch in den niedrigen Schwebstoffkonzentrationen, in der Spitze als auch \u00fcber die gesamte Dauer einer Sp\u00fclung, gesehen. Die Daten belegen, dass gro\u00dfe Sp\u00fclintervalle hohe Schwebstoffkonzentrationen in der Spitze zur Folge haben. Die erhobenen Messdaten sind weiters Basis f\u00fcr eine zweidimensionale Geschiebetransportberechnung der Stauraumsp\u00fclung am Kraftwerk Bodendorf. Die Kalibrierung zeigt die Grenzen g\u00e4ngiger Formeln zur Geschiebetransportberechnung auf, welche gr\u00f6\u00dftenteils f\u00fcr Gleichgewichtszust\u00e4nde und f\u00fcr ebene Sohlen entwickelt wurden. Die Erkenntnisse der Arbeit tr\u00e4gt zu einem verbesserten Stauraummanagement an Flusskraftwerken sowohl in \u00f6kologischer als auch wasserwirtschaftlicher Hinsicht bei.<\/p>\n","protected":false},"featured_media":39656,"comment_status":"open","ping_status":"closed","template":"","meta":{"_acf_changed":false},"product_brand":[],"product_cat":[1627],"product_tag":[2532],"class_list":{"0":"post-29784","1":"product","2":"type-product","3":"status-publish","4":"has-post-thumbnail","6":"product_cat-bauingenieurwissenschaften","7":"product_tag-wasserbau-oberflaechenwasser-flusskraftwerk-feststofftransport-fliessgewaesser","8":"reihe-schriftenreihe-zur-wasserwirtschaft","10":"first","11":"instock","12":"taxable","13":"shipping-taxable","14":"purchasable","15":"product-type-simple"},"acf":[],"yoast_head":"<!-- This site is optimized with the Yoast SEO plugin v27.2 - https:\/\/yoast.com\/product\/yoast-seo-wordpress\/ -->\n<title>Feststofftransportprozesse w\u00e4hrend Sp\u00fclungen von Flussstaur\u00e4umen am Beispiel der oberen Mur - Verlag der TU Graz<\/title>\n<meta name=\"robots\" content=\"index, follow, max-snippet:-1, max-image-preview:large, max-video-preview:-1\" \/>\n<link rel=\"canonical\" href=\"https:\/\/www.tugraz-verlag.at\/en\/gesamtverzeichnis\/bauingenieurwissenschaften\/feststofftransportprozesse-waehrend-spuelungen-von-flussstauraeumen-am-beispiel-der-oberen-mur\/\" \/>\n<meta property=\"og:locale\" content=\"en_US\" \/>\n<meta property=\"og:type\" content=\"article\" \/>\n<meta property=\"og:title\" content=\"Feststofftransportprozesse w\u00e4hrend Sp\u00fclungen von Flussstaur\u00e4umen am Beispiel der oberen Mur - Verlag der TU Graz\" \/>\n<meta property=\"og:description\" content=\"Das Ziel der Arbeit ist die Gewinnung neuer Erkenntnisse \u00fcber den raum - zeitlichen Verlauf des Feststofftransports w\u00e4hrend Stauraumsp\u00fclungen von Flusskraftwerken in geschiebef\u00fchrenden Fl\u00fcssen. Beispielhaft wurde am Kraftwerk Bodendorf an der Oberen Mur ein Monitoringprogramm durchgef\u00fchrt. Die Auswertung der Messdaten von f\u00fcnf Sp\u00fclungen in Hinblick auf Abfluss, Sp\u00fclintervall und Feststofftransport erm\u00f6glichen die Feststellung eines Zusammenhangs dieser wasserwirtschaftlichen Parameter. Aus Sicht des Feststofftransports wird ein optimales Sp\u00fclintervall f\u00fcr die Anlage Bodendorf ermittelt, das einen 1 bis 3 - j\u00e4hrigen Sp\u00fclrhythmus vorsieht um den Stauraum nachhaltig entlanden zu k\u00f6nnen. Neben der Entlandung wird der \u00f6kologische Vorteil eines kleinen Sp\u00fclintervalls auch in den niedrigen Schwebstoffkonzentrationen, in der Spitze als auch \u00fcber die gesamte Dauer einer Sp\u00fclung, gesehen. Die Daten belegen, dass gro\u00dfe Sp\u00fclintervalle hohe Schwebstoffkonzentrationen in der Spitze zur Folge haben. Die erhobenen Messdaten sind weiters Basis f\u00fcr eine zweidimensionale Geschiebetransportberechnung der Stauraumsp\u00fclung am Kraftwerk Bodendorf. Die Kalibrierung zeigt die Grenzen g\u00e4ngiger Formeln zur Geschiebetransportberechnung auf, welche gr\u00f6\u00dftenteils f\u00fcr Gleichgewichtszust\u00e4nde und f\u00fcr ebene Sohlen entwickelt wurden. Die Erkenntnisse der Arbeit tr\u00e4gt zu einem verbesserten Stauraummanagement an Flusskraftwerken sowohl in \u00f6kologischer als auch wasserwirtschaftlicher Hinsicht bei.\" \/>\n<meta property=\"og:url\" content=\"https:\/\/www.tugraz-verlag.at\/en\/gesamtverzeichnis\/bauingenieurwissenschaften\/feststofftransportprozesse-waehrend-spuelungen-von-flussstauraeumen-am-beispiel-der-oberen-mur\/\" \/>\n<meta property=\"og:site_name\" content=\"Verlag der TU Graz\" \/>\n<meta property=\"article:modified_time\" content=\"2026-03-28T09:31:44+00:00\" \/>\n<meta property=\"og:image\" content=\"https:\/\/www.tugraz-verlag.at\/wp-content\/uploads\/asolmerce\/image-978-3-85125-002-2.jpg\" \/>\n\t<meta property=\"og:image:width\" content=\"1654\" \/>\n\t<meta property=\"og:image:height\" content=\"2409\" \/>\n\t<meta property=\"og:image:type\" content=\"image\/jpeg\" \/>\n<meta name=\"twitter:card\" content=\"summary_large_image\" \/>\n<meta name=\"twitter:label1\" content=\"Est. reading time\" \/>\n\t<meta name=\"twitter:data1\" content=\"1 minute\" \/>\n<script type=\"application\/ld+json\" class=\"yoast-schema-graph\">{\"@context\":\"https:\/\/schema.org\",\"@graph\":[{\"@type\":\"WebPage\",\"@id\":\"https:\/\/www.tugraz-verlag.at\/en\/gesamtverzeichnis\/bauingenieurwissenschaften\/feststofftransportprozesse-waehrend-spuelungen-von-flussstauraeumen-am-beispiel-der-oberen-mur\/\",\"url\":\"https:\/\/www.tugraz-verlag.at\/en\/gesamtverzeichnis\/bauingenieurwissenschaften\/feststofftransportprozesse-waehrend-spuelungen-von-flussstauraeumen-am-beispiel-der-oberen-mur\/\",\"name\":\"Feststofftransportprozesse w\u00e4hrend Sp\u00fclungen von Flussstaur\u00e4umen am Beispiel der oberen Mur - Verlag der TU Graz\",\"isPartOf\":{\"@id\":\"https:\/\/www.tugraz-verlag.at\/en\/#website\"},\"primaryImageOfPage\":{\"@id\":\"https:\/\/www.tugraz-verlag.at\/en\/gesamtverzeichnis\/bauingenieurwissenschaften\/feststofftransportprozesse-waehrend-spuelungen-von-flussstauraeumen-am-beispiel-der-oberen-mur\/#primaryimage\"},\"image\":{\"@id\":\"https:\/\/www.tugraz-verlag.at\/gesamtverzeichnis\/bauingenieurwissenschaften\/feststofftransportprozesse-waehrend-spuelungen-von-flussstauraeumen-am-beispiel-der-oberen-mur\/#primaryimage\"},\"thumbnailUrl\":\"https:\/\/www.tugraz-verlag.at\/wp-content\/uploads\/asolmerce\/image-978-3-85125-002-2.jpg\",\"datePublished\":\"2026-03-28T07:30:44+00:00\",\"dateModified\":\"2026-03-28T09:31:44+00:00\",\"breadcrumb\":{\"@id\":\"https:\/\/www.tugraz-verlag.at\/en\/gesamtverzeichnis\/bauingenieurwissenschaften\/feststofftransportprozesse-waehrend-spuelungen-von-flussstauraeumen-am-beispiel-der-oberen-mur\/#breadcrumb\"},\"inLanguage\":\"en-US\",\"potentialAction\":[{\"@type\":\"ReadAction\",\"target\":[[\"https:\/\/www.tugraz-verlag.at\/en\/gesamtverzeichnis\/bauingenieurwissenschaften\/feststofftransportprozesse-waehrend-spuelungen-von-flussstauraeumen-am-beispiel-der-oberen-mur\/\"]]}]},{\"@type\":\"ImageObject\",\"inLanguage\":\"en-US\",\"@id\":\"https:\/\/www.tugraz-verlag.at\/en\/gesamtverzeichnis\/bauingenieurwissenschaften\/feststofftransportprozesse-waehrend-spuelungen-von-flussstauraeumen-am-beispiel-der-oberen-mur\/#primaryimage\",\"url\":\"https:\/\/www.tugraz-verlag.at\/wp-content\/uploads\/asolmerce\/image-978-3-85125-002-2.jpg\",\"contentUrl\":\"https:\/\/www.tugraz-verlag.at\/wp-content\/uploads\/asolmerce\/image-978-3-85125-002-2.jpg\",\"width\":1654,\"height\":2409},{\"@type\":\"BreadcrumbList\",\"@id\":\"https:\/\/www.tugraz-verlag.at\/en\/gesamtverzeichnis\/bauingenieurwissenschaften\/feststofftransportprozesse-waehrend-spuelungen-von-flussstauraeumen-am-beispiel-der-oberen-mur\/#breadcrumb\",\"itemListElement\":[{\"@type\":\"ListItem\",\"position\":1,\"name\":\"Home\",\"item\":\"https:\/\/www.tugraz-verlag.at\/en\/\"},{\"@type\":\"ListItem\",\"position\":2,\"name\":\"Gesamtverzeichnis\",\"item\":\"https:\/\/www.tugraz-verlag.at\/en\/gesamtverzeichnis\/\"},{\"@type\":\"ListItem\",\"position\":3,\"name\":\"Feststofftransportprozesse w\u00e4hrend Sp\u00fclungen von Flussstaur\u00e4umen am Beispiel der oberen Mur\"}]},{\"@type\":\"WebSite\",\"@id\":\"https:\/\/www.tugraz-verlag.at\/en\/#website\",\"url\":\"https:\/\/www.tugraz-verlag.at\/en\/\",\"name\":\"Verlag der TU Graz\",\"description\":\"Verlag der Technischen Universit\u00e4t Graz\",\"potentialAction\":[{\"@type\":\"SearchAction\",\"target\":{\"@type\":\"EntryPoint\",\"urlTemplate\":\"https:\/\/www.tugraz-verlag.at\/en\/?s={search_term_string}\"},\"query-input\":{\"@type\":\"PropertyValueSpecification\",\"valueRequired\":true,\"valueName\":\"search_term_string\"}}],\"inLanguage\":\"en-US\"}]}<\/script>\n<!-- \/ Yoast SEO plugin. -->","yoast_head_json":{"title":"Feststofftransportprozesse w\u00e4hrend Sp\u00fclungen von Flussstaur\u00e4umen am Beispiel der oberen Mur - Verlag der TU Graz","robots":{"index":"index","follow":"follow","max-snippet":"max-snippet:-1","max-image-preview":"max-image-preview:large","max-video-preview":"max-video-preview:-1"},"canonical":"https:\/\/www.tugraz-verlag.at\/en\/gesamtverzeichnis\/bauingenieurwissenschaften\/feststofftransportprozesse-waehrend-spuelungen-von-flussstauraeumen-am-beispiel-der-oberen-mur\/","og_locale":"en_US","og_type":"article","og_title":"Feststofftransportprozesse w\u00e4hrend Sp\u00fclungen von Flussstaur\u00e4umen am Beispiel der oberen Mur - Verlag der TU Graz","og_description":"Das Ziel der Arbeit ist die Gewinnung neuer Erkenntnisse \u00fcber den raum - zeitlichen Verlauf des Feststofftransports w\u00e4hrend Stauraumsp\u00fclungen von Flusskraftwerken in geschiebef\u00fchrenden Fl\u00fcssen. Beispielhaft wurde am Kraftwerk Bodendorf an der Oberen Mur ein Monitoringprogramm durchgef\u00fchrt. Die Auswertung der Messdaten von f\u00fcnf Sp\u00fclungen in Hinblick auf Abfluss, Sp\u00fclintervall und Feststofftransport erm\u00f6glichen die Feststellung eines Zusammenhangs dieser wasserwirtschaftlichen Parameter. Aus Sicht des Feststofftransports wird ein optimales Sp\u00fclintervall f\u00fcr die Anlage Bodendorf ermittelt, das einen 1 bis 3 - j\u00e4hrigen Sp\u00fclrhythmus vorsieht um den Stauraum nachhaltig entlanden zu k\u00f6nnen. Neben der Entlandung wird der \u00f6kologische Vorteil eines kleinen Sp\u00fclintervalls auch in den niedrigen Schwebstoffkonzentrationen, in der Spitze als auch \u00fcber die gesamte Dauer einer Sp\u00fclung, gesehen. Die Daten belegen, dass gro\u00dfe Sp\u00fclintervalle hohe Schwebstoffkonzentrationen in der Spitze zur Folge haben. Die erhobenen Messdaten sind weiters Basis f\u00fcr eine zweidimensionale Geschiebetransportberechnung der Stauraumsp\u00fclung am Kraftwerk Bodendorf. Die Kalibrierung zeigt die Grenzen g\u00e4ngiger Formeln zur Geschiebetransportberechnung auf, welche gr\u00f6\u00dftenteils f\u00fcr Gleichgewichtszust\u00e4nde und f\u00fcr ebene Sohlen entwickelt wurden. Die Erkenntnisse der Arbeit tr\u00e4gt zu einem verbesserten Stauraummanagement an Flusskraftwerken sowohl in \u00f6kologischer als auch wasserwirtschaftlicher Hinsicht bei.","og_url":"https:\/\/www.tugraz-verlag.at\/en\/gesamtverzeichnis\/bauingenieurwissenschaften\/feststofftransportprozesse-waehrend-spuelungen-von-flussstauraeumen-am-beispiel-der-oberen-mur\/","og_site_name":"Verlag der TU Graz","article_modified_time":"2026-03-28T09:31:44+00:00","og_image":[{"width":1654,"height":2409,"url":"https:\/\/www.tugraz-verlag.at\/wp-content\/uploads\/asolmerce\/image-978-3-85125-002-2.jpg","type":"image\/jpeg"}],"twitter_card":"summary_large_image","twitter_misc":{"Est. reading time":"1 minute"},"schema":{"@context":"https:\/\/schema.org","@graph":[{"@type":"WebPage","@id":"https:\/\/www.tugraz-verlag.at\/en\/gesamtverzeichnis\/bauingenieurwissenschaften\/feststofftransportprozesse-waehrend-spuelungen-von-flussstauraeumen-am-beispiel-der-oberen-mur\/","url":"https:\/\/www.tugraz-verlag.at\/en\/gesamtverzeichnis\/bauingenieurwissenschaften\/feststofftransportprozesse-waehrend-spuelungen-von-flussstauraeumen-am-beispiel-der-oberen-mur\/","name":"Feststofftransportprozesse w\u00e4hrend Sp\u00fclungen von Flussstaur\u00e4umen am Beispiel der oberen Mur - Verlag der TU Graz","isPartOf":{"@id":"https:\/\/www.tugraz-verlag.at\/en\/#website"},"primaryImageOfPage":{"@id":"https:\/\/www.tugraz-verlag.at\/en\/gesamtverzeichnis\/bauingenieurwissenschaften\/feststofftransportprozesse-waehrend-spuelungen-von-flussstauraeumen-am-beispiel-der-oberen-mur\/#primaryimage"},"image":{"@id":"https:\/\/www.tugraz-verlag.at\/gesamtverzeichnis\/bauingenieurwissenschaften\/feststofftransportprozesse-waehrend-spuelungen-von-flussstauraeumen-am-beispiel-der-oberen-mur\/#primaryimage"},"thumbnailUrl":"https:\/\/www.tugraz-verlag.at\/wp-content\/uploads\/asolmerce\/image-978-3-85125-002-2.jpg","datePublished":"2026-03-28T07:30:44+00:00","dateModified":"2026-03-28T09:31:44+00:00","breadcrumb":{"@id":"https:\/\/www.tugraz-verlag.at\/en\/gesamtverzeichnis\/bauingenieurwissenschaften\/feststofftransportprozesse-waehrend-spuelungen-von-flussstauraeumen-am-beispiel-der-oberen-mur\/#breadcrumb"},"inLanguage":"en-US","potentialAction":[{"@type":"ReadAction","target":[["https:\/\/www.tugraz-verlag.at\/en\/gesamtverzeichnis\/bauingenieurwissenschaften\/feststofftransportprozesse-waehrend-spuelungen-von-flussstauraeumen-am-beispiel-der-oberen-mur\/"]]}]},{"@type":"ImageObject","inLanguage":"en-US","@id":"https:\/\/www.tugraz-verlag.at\/en\/gesamtverzeichnis\/bauingenieurwissenschaften\/feststofftransportprozesse-waehrend-spuelungen-von-flussstauraeumen-am-beispiel-der-oberen-mur\/#primaryimage","url":"https:\/\/www.tugraz-verlag.at\/wp-content\/uploads\/asolmerce\/image-978-3-85125-002-2.jpg","contentUrl":"https:\/\/www.tugraz-verlag.at\/wp-content\/uploads\/asolmerce\/image-978-3-85125-002-2.jpg","width":1654,"height":2409},{"@type":"BreadcrumbList","@id":"https:\/\/www.tugraz-verlag.at\/en\/gesamtverzeichnis\/bauingenieurwissenschaften\/feststofftransportprozesse-waehrend-spuelungen-von-flussstauraeumen-am-beispiel-der-oberen-mur\/#breadcrumb","itemListElement":[{"@type":"ListItem","position":1,"name":"Home","item":"https:\/\/www.tugraz-verlag.at\/en\/"},{"@type":"ListItem","position":2,"name":"Gesamtverzeichnis","item":"https:\/\/www.tugraz-verlag.at\/en\/gesamtverzeichnis\/"},{"@type":"ListItem","position":3,"name":"Feststofftransportprozesse w\u00e4hrend Sp\u00fclungen von Flussstaur\u00e4umen am Beispiel der oberen Mur"}]},{"@type":"WebSite","@id":"https:\/\/www.tugraz-verlag.at\/en\/#website","url":"https:\/\/www.tugraz-verlag.at\/en\/","name":"Verlag der TU Graz","description":"Verlag der Technischen Universit\u00e4t Graz","potentialAction":[{"@type":"SearchAction","target":{"@type":"EntryPoint","urlTemplate":"https:\/\/www.tugraz-verlag.at\/en\/?s={search_term_string}"},"query-input":{"@type":"PropertyValueSpecification","valueRequired":true,"valueName":"search_term_string"}}],"inLanguage":"en-US"}]}},"_links":{"self":[{"href":"https:\/\/www.tugraz-verlag.at\/en\/wp-json\/wp\/v2\/product\/29784","targetHints":{"allow":["GET"]}}],"collection":[{"href":"https:\/\/www.tugraz-verlag.at\/en\/wp-json\/wp\/v2\/product"}],"about":[{"href":"https:\/\/www.tugraz-verlag.at\/en\/wp-json\/wp\/v2\/types\/product"}],"replies":[{"embeddable":true,"href":"https:\/\/www.tugraz-verlag.at\/en\/wp-json\/wp\/v2\/comments?post=29784"}],"wp:featuredmedia":[{"embeddable":true,"href":"https:\/\/www.tugraz-verlag.at\/en\/wp-json\/wp\/v2\/media\/39656"}],"wp:attachment":[{"href":"https:\/\/www.tugraz-verlag.at\/en\/wp-json\/wp\/v2\/media?parent=29784"}],"wp:term":[{"taxonomy":"product_brand","embeddable":true,"href":"https:\/\/www.tugraz-verlag.at\/en\/wp-json\/wp\/v2\/product_brand?post=29784"},{"taxonomy":"product_cat","embeddable":true,"href":"https:\/\/www.tugraz-verlag.at\/en\/wp-json\/wp\/v2\/product_cat?post=29784"},{"taxonomy":"product_tag","embeddable":true,"href":"https:\/\/www.tugraz-verlag.at\/en\/wp-json\/wp\/v2\/product_tag?post=29784"}],"curies":[{"name":"wp","href":"https:\/\/api.w.org\/{rel}","templated":true}]}}