{"id":29752,"date":"2026-03-28T07:30:43","date_gmt":"2026-03-28T07:30:43","guid":{"rendered":"http:\/\/www.tugraz-verlag.at\/gesamtverzeichnis\/unkategorisiert\/duennwandige-segmentfertigteilbauweisen-im-brueckenbau-aus-gefasertem-ultrahochleistungsbeton-uhfb\/"},"modified":"2026-03-28T11:31:43","modified_gmt":"2026-03-28T09:31:43","slug":"duennwandige-segmentfertigteilbauweisen-im-brueckenbau-aus-gefasertem-ultrahochleistungsbeton-uhfb","status":"publish","type":"product","link":"https:\/\/www.tugraz-verlag.at\/en\/gesamtverzeichnis\/bauingenieurwissenschaften\/duennwandige-segmentfertigteilbauweisen-im-brueckenbau-aus-gefasertem-ultrahochleistungsbeton-uhfb\/","title":{"rendered":"D\u00fcnnwandige Segmentfertigteilbauweisen im Br\u00fcckenbau aus gefasertem Ultrahochleistungsbeton (UHFB)"},"content":{"rendered":"<p class=\"qtranxs-available-languages-message qtranxs-available-languages-message-en\">This entry is only available in German<\/p><p>Gefaserter Ultrahochfester Beton (UHFB) stellt einen derzeitigen Endstand in der Betontechnologie dar und ist mit seinen exzellenten Eigenschaften geradezu pr\u00e4destiniert f\u00fcr Br\u00fcckenbauwerke. Mit der konsequenten Einbeziehung dieser exzellenten Eigenschaften und Besonderheiten sowie unter Ber\u00fccksichtigung der Forderungen der Nachhaltigkeit k\u00f6nnen neue Konstruktionsprinzipien abgeleitet werden, die zu filigranen, modularen und flexiblen Segmentfertigteilbauweisen mit externer Vorspannung und Trockenfuge f\u00fchren. Diese Arbeit kl\u00e4rt wissenschaftliche Fragen, die f\u00fcr die weitere Umsetzung von stoffgerechten, innovativen und wirtschaftlichen Br\u00fcckenkonstruktionen in Kombination mit UHFB erforderlich sind.<\/p>\n<p>Nach der Findung von optimal auf den Werkstoff abgestimmten Konstruktionsprinzipien und der Entwicklung geeigneter Querschnittsformen werden auf Basis einer Analyse der mechanischen Eigenschaften von UHFB entsprechende Werkstoffgesetze und weiter darauf aufbauend Bemessungsmodelle abgeleitet, diskutiert und zusammengestellt. Auf Grundlage dieser erarbeiteten Werkzeuge erfolgen die weitere Optimierung der vorgeschlagenen Querschnitte und Untersuchungen in Br\u00fcckenl\u00e4ngs- und Br\u00fcckenquerrichtung, um letztlich die Machbarkeit und Vorteile der vorgeschlagenen Bauweise aufzuzeigen.<\/p>","protected":false},"excerpt":{"rendered":"<p class=\"qtranxs-available-languages-message qtranxs-available-languages-message-en\">This entry is only available in German<\/p>\n<p>Gefaserter Ultrahochfester Beton (UHFB) stellt einen derzeitigen Endstand in der Betontechnologie dar und ist mit seinen exzellenten Eigenschaften geradezu pr\u00e4destiniert f\u00fcr Br\u00fcckenbauwerke. Mit der konsequenten Einbeziehung dieser exzellenten Eigenschaften und Besonderheiten sowie unter Ber\u00fccksichtigung der Forderungen der Nachhaltigkeit k\u00f6nnen neue Konstruktionsprinzipien abgeleitet werden, die zu filigranen, modularen und flexiblen Segmentfertigteilbauweisen mit externer Vorspannung und Trockenfuge f\u00fchren. Diese Arbeit kl\u00e4rt wissenschaftliche Fragen, die f\u00fcr die weitere Umsetzung von stoffgerechten, innovativen und wirtschaftlichen Br\u00fcckenkonstruktionen in Kombination mit UHFB erforderlich sind.<\/p>\n<p>Nach der Findung von optimal auf den Werkstoff abgestimmten Konstruktionsprinzipien und der Entwicklung geeigneter Querschnittsformen werden auf Basis einer Analyse der mechanischen Eigenschaften von UHFB entsprechende Werkstoffgesetze und weiter darauf aufbauend Bemessungsmodelle abgeleitet, diskutiert und zusammengestellt. Auf Grundlage dieser erarbeiteten Werkzeuge erfolgen die weitere Optimierung der vorgeschlagenen Querschnitte und Untersuchungen in Br\u00fcckenl\u00e4ngs- und Br\u00fcckenquerrichtung, um letztlich die Machbarkeit und Vorteile der vorgeschlagenen Bauweise aufzuzeigen.<\/p>\n","protected":false},"featured_media":39646,"comment_status":"open","ping_status":"closed","template":"","meta":{"_acf_changed":false},"product_brand":[],"product_cat":[1627],"product_tag":[2510],"class_list":{"0":"post-29752","1":"product","2":"type-product","3":"status-publish","4":"has-post-thumbnail","6":"product_cat-bauingenieurwissenschaften","7":"product_tag-ultrahochfester-betonfaserbetonbrueckenbausegmentbauweisefertigbau","8":"autor-reichel-michael-maria","9":"reihe-monographic-series-tu-graz","10":"reihe-monographic-series-tu-grazschriftenreihe-des-instituts-betonbau","12":"first","13":"instock","14":"taxable","15":"shipping-taxable","16":"purchasable","17":"product-type-simple"},"acf":[],"yoast_head":"<!-- This site is optimized with the Yoast SEO plugin v27.2 - https:\/\/yoast.com\/product\/yoast-seo-wordpress\/ -->\n<title>D\u00fcnnwandige Segmentfertigteilbauweisen im Br\u00fcckenbau aus gefasertem Ultrahochleistungsbeton (UHFB) - Verlag der TU Graz<\/title>\n<meta name=\"robots\" content=\"index, follow, max-snippet:-1, max-image-preview:large, max-video-preview:-1\" \/>\n<link rel=\"canonical\" href=\"https:\/\/www.tugraz-verlag.at\/en\/gesamtverzeichnis\/bauingenieurwissenschaften\/duennwandige-segmentfertigteilbauweisen-im-brueckenbau-aus-gefasertem-ultrahochleistungsbeton-uhfb\/\" \/>\n<meta property=\"og:locale\" content=\"en_US\" \/>\n<meta property=\"og:type\" content=\"article\" \/>\n<meta property=\"og:title\" content=\"D\u00fcnnwandige Segmentfertigteilbauweisen im Br\u00fcckenbau aus gefasertem Ultrahochleistungsbeton (UHFB) - Verlag der TU Graz\" \/>\n<meta property=\"og:description\" content=\"Gefaserter Ultrahochfester Beton (UHFB) stellt einen derzeitigen Endstand in der Betontechnologie dar und ist mit seinen exzellenten Eigenschaften geradezu pr\u00e4destiniert f\u00fcr Br\u00fcckenbauwerke. Mit der konsequenten Einbeziehung dieser exzellenten Eigenschaften und Besonderheiten sowie unter Ber\u00fccksichtigung der Forderungen der Nachhaltigkeit k\u00f6nnen neue Konstruktionsprinzipien abgeleitet werden, die zu filigranen, modularen und flexiblen Segmentfertigteilbauweisen mit externer Vorspannung und Trockenfuge f\u00fchren. Diese Arbeit kl\u00e4rt wissenschaftliche Fragen, die f\u00fcr die weitere Umsetzung von stoffgerechten, innovativen und wirtschaftlichen Br\u00fcckenkonstruktionen in Kombination mit UHFB erforderlich sind. Nach der Findung von optimal auf den Werkstoff abgestimmten Konstruktionsprinzipien und der Entwicklung geeigneter Querschnittsformen werden auf Basis einer Analyse der mechanischen Eigenschaften von UHFB entsprechende Werkstoffgesetze und weiter darauf aufbauend Bemessungsmodelle abgeleitet, diskutiert und zusammengestellt. Auf Grundlage dieser erarbeiteten Werkzeuge erfolgen die weitere Optimierung der vorgeschlagenen Querschnitte und Untersuchungen in Br\u00fcckenl\u00e4ngs- und Br\u00fcckenquerrichtung, um letztlich die Machbarkeit und Vorteile der vorgeschlagenen Bauweise aufzuzeigen.\" \/>\n<meta property=\"og:url\" content=\"https:\/\/www.tugraz-verlag.at\/en\/gesamtverzeichnis\/bauingenieurwissenschaften\/duennwandige-segmentfertigteilbauweisen-im-brueckenbau-aus-gefasertem-ultrahochleistungsbeton-uhfb\/\" \/>\n<meta property=\"og:site_name\" content=\"Verlag der TU Graz\" \/>\n<meta property=\"article:modified_time\" content=\"2026-03-28T09:31:43+00:00\" \/>\n<meta property=\"og:image\" content=\"https:\/\/www.tugraz-verlag.at\/wp-content\/uploads\/asolmerce\/image-978-3-85125-168-5.jpg\" \/>\n\t<meta property=\"og:image:width\" content=\"575\" \/>\n\t<meta property=\"og:image:height\" content=\"843\" \/>\n\t<meta property=\"og:image:type\" content=\"image\/jpeg\" \/>\n<meta name=\"twitter:card\" content=\"summary_large_image\" \/>\n<meta name=\"twitter:label1\" content=\"Est. reading time\" \/>\n\t<meta name=\"twitter:data1\" content=\"1 minute\" \/>\n<script type=\"application\/ld+json\" class=\"yoast-schema-graph\">{\"@context\":\"https:\/\/schema.org\",\"@graph\":[{\"@type\":\"WebPage\",\"@id\":\"https:\/\/www.tugraz-verlag.at\/en\/gesamtverzeichnis\/bauingenieurwissenschaften\/duennwandige-segmentfertigteilbauweisen-im-brueckenbau-aus-gefasertem-ultrahochleistungsbeton-uhfb\/\",\"url\":\"https:\/\/www.tugraz-verlag.at\/en\/gesamtverzeichnis\/bauingenieurwissenschaften\/duennwandige-segmentfertigteilbauweisen-im-brueckenbau-aus-gefasertem-ultrahochleistungsbeton-uhfb\/\",\"name\":\"D\u00fcnnwandige Segmentfertigteilbauweisen im Br\u00fcckenbau aus gefasertem Ultrahochleistungsbeton (UHFB) - Verlag der TU Graz\",\"isPartOf\":{\"@id\":\"https:\/\/www.tugraz-verlag.at\/en\/#website\"},\"primaryImageOfPage\":{\"@id\":\"https:\/\/www.tugraz-verlag.at\/en\/gesamtverzeichnis\/bauingenieurwissenschaften\/duennwandige-segmentfertigteilbauweisen-im-brueckenbau-aus-gefasertem-ultrahochleistungsbeton-uhfb\/#primaryimage\"},\"image\":{\"@id\":\"https:\/\/www.tugraz-verlag.at\/gesamtverzeichnis\/bauingenieurwissenschaften\/duennwandige-segmentfertigteilbauweisen-im-brueckenbau-aus-gefasertem-ultrahochleistungsbeton-uhfb\/#primaryimage\"},\"thumbnailUrl\":\"https:\/\/www.tugraz-verlag.at\/wp-content\/uploads\/asolmerce\/image-978-3-85125-168-5.jpg\",\"datePublished\":\"2026-03-28T07:30:43+00:00\",\"dateModified\":\"2026-03-28T09:31:43+00:00\",\"breadcrumb\":{\"@id\":\"https:\/\/www.tugraz-verlag.at\/en\/gesamtverzeichnis\/bauingenieurwissenschaften\/duennwandige-segmentfertigteilbauweisen-im-brueckenbau-aus-gefasertem-ultrahochleistungsbeton-uhfb\/#breadcrumb\"},\"inLanguage\":\"en-US\",\"potentialAction\":[{\"@type\":\"ReadAction\",\"target\":[[\"https:\/\/www.tugraz-verlag.at\/en\/gesamtverzeichnis\/bauingenieurwissenschaften\/duennwandige-segmentfertigteilbauweisen-im-brueckenbau-aus-gefasertem-ultrahochleistungsbeton-uhfb\/\"]]}]},{\"@type\":\"ImageObject\",\"inLanguage\":\"en-US\",\"@id\":\"https:\/\/www.tugraz-verlag.at\/en\/gesamtverzeichnis\/bauingenieurwissenschaften\/duennwandige-segmentfertigteilbauweisen-im-brueckenbau-aus-gefasertem-ultrahochleistungsbeton-uhfb\/#primaryimage\",\"url\":\"https:\/\/www.tugraz-verlag.at\/wp-content\/uploads\/asolmerce\/image-978-3-85125-168-5.jpg\",\"contentUrl\":\"https:\/\/www.tugraz-verlag.at\/wp-content\/uploads\/asolmerce\/image-978-3-85125-168-5.jpg\",\"width\":575,\"height\":843},{\"@type\":\"BreadcrumbList\",\"@id\":\"https:\/\/www.tugraz-verlag.at\/en\/gesamtverzeichnis\/bauingenieurwissenschaften\/duennwandige-segmentfertigteilbauweisen-im-brueckenbau-aus-gefasertem-ultrahochleistungsbeton-uhfb\/#breadcrumb\",\"itemListElement\":[{\"@type\":\"ListItem\",\"position\":1,\"name\":\"Home\",\"item\":\"https:\/\/www.tugraz-verlag.at\/en\/\"},{\"@type\":\"ListItem\",\"position\":2,\"name\":\"Gesamtverzeichnis\",\"item\":\"https:\/\/www.tugraz-verlag.at\/en\/gesamtverzeichnis\/\"},{\"@type\":\"ListItem\",\"position\":3,\"name\":\"D\u00fcnnwandige Segmentfertigteilbauweisen im Br\u00fcckenbau aus gefasertem Ultrahochleistungsbeton (UHFB)\"}]},{\"@type\":\"WebSite\",\"@id\":\"https:\/\/www.tugraz-verlag.at\/en\/#website\",\"url\":\"https:\/\/www.tugraz-verlag.at\/en\/\",\"name\":\"Verlag der TU Graz\",\"description\":\"Verlag der Technischen Universit\u00e4t Graz\",\"potentialAction\":[{\"@type\":\"SearchAction\",\"target\":{\"@type\":\"EntryPoint\",\"urlTemplate\":\"https:\/\/www.tugraz-verlag.at\/en\/?s={search_term_string}\"},\"query-input\":{\"@type\":\"PropertyValueSpecification\",\"valueRequired\":true,\"valueName\":\"search_term_string\"}}],\"inLanguage\":\"en-US\"}]}<\/script>\n<!-- \/ Yoast SEO plugin. -->","yoast_head_json":{"title":"D\u00fcnnwandige Segmentfertigteilbauweisen im Br\u00fcckenbau aus gefasertem Ultrahochleistungsbeton (UHFB) - Verlag der TU Graz","robots":{"index":"index","follow":"follow","max-snippet":"max-snippet:-1","max-image-preview":"max-image-preview:large","max-video-preview":"max-video-preview:-1"},"canonical":"https:\/\/www.tugraz-verlag.at\/en\/gesamtverzeichnis\/bauingenieurwissenschaften\/duennwandige-segmentfertigteilbauweisen-im-brueckenbau-aus-gefasertem-ultrahochleistungsbeton-uhfb\/","og_locale":"en_US","og_type":"article","og_title":"D\u00fcnnwandige Segmentfertigteilbauweisen im Br\u00fcckenbau aus gefasertem Ultrahochleistungsbeton (UHFB) - Verlag der TU Graz","og_description":"Gefaserter Ultrahochfester Beton (UHFB) stellt einen derzeitigen Endstand in der Betontechnologie dar und ist mit seinen exzellenten Eigenschaften geradezu pr\u00e4destiniert f\u00fcr Br\u00fcckenbauwerke. Mit der konsequenten Einbeziehung dieser exzellenten Eigenschaften und Besonderheiten sowie unter Ber\u00fccksichtigung der Forderungen der Nachhaltigkeit k\u00f6nnen neue Konstruktionsprinzipien abgeleitet werden, die zu filigranen, modularen und flexiblen Segmentfertigteilbauweisen mit externer Vorspannung und Trockenfuge f\u00fchren. Diese Arbeit kl\u00e4rt wissenschaftliche Fragen, die f\u00fcr die weitere Umsetzung von stoffgerechten, innovativen und wirtschaftlichen Br\u00fcckenkonstruktionen in Kombination mit UHFB erforderlich sind. Nach der Findung von optimal auf den Werkstoff abgestimmten Konstruktionsprinzipien und der Entwicklung geeigneter Querschnittsformen werden auf Basis einer Analyse der mechanischen Eigenschaften von UHFB entsprechende Werkstoffgesetze und weiter darauf aufbauend Bemessungsmodelle abgeleitet, diskutiert und zusammengestellt. Auf Grundlage dieser erarbeiteten Werkzeuge erfolgen die weitere Optimierung der vorgeschlagenen Querschnitte und Untersuchungen in Br\u00fcckenl\u00e4ngs- und Br\u00fcckenquerrichtung, um letztlich die Machbarkeit und Vorteile der vorgeschlagenen Bauweise aufzuzeigen.","og_url":"https:\/\/www.tugraz-verlag.at\/en\/gesamtverzeichnis\/bauingenieurwissenschaften\/duennwandige-segmentfertigteilbauweisen-im-brueckenbau-aus-gefasertem-ultrahochleistungsbeton-uhfb\/","og_site_name":"Verlag der TU Graz","article_modified_time":"2026-03-28T09:31:43+00:00","og_image":[{"width":575,"height":843,"url":"https:\/\/www.tugraz-verlag.at\/wp-content\/uploads\/asolmerce\/image-978-3-85125-168-5.jpg","type":"image\/jpeg"}],"twitter_card":"summary_large_image","twitter_misc":{"Est. reading time":"1 minute"},"schema":{"@context":"https:\/\/schema.org","@graph":[{"@type":"WebPage","@id":"https:\/\/www.tugraz-verlag.at\/en\/gesamtverzeichnis\/bauingenieurwissenschaften\/duennwandige-segmentfertigteilbauweisen-im-brueckenbau-aus-gefasertem-ultrahochleistungsbeton-uhfb\/","url":"https:\/\/www.tugraz-verlag.at\/en\/gesamtverzeichnis\/bauingenieurwissenschaften\/duennwandige-segmentfertigteilbauweisen-im-brueckenbau-aus-gefasertem-ultrahochleistungsbeton-uhfb\/","name":"D\u00fcnnwandige Segmentfertigteilbauweisen im Br\u00fcckenbau aus gefasertem Ultrahochleistungsbeton (UHFB) - Verlag der TU Graz","isPartOf":{"@id":"https:\/\/www.tugraz-verlag.at\/en\/#website"},"primaryImageOfPage":{"@id":"https:\/\/www.tugraz-verlag.at\/en\/gesamtverzeichnis\/bauingenieurwissenschaften\/duennwandige-segmentfertigteilbauweisen-im-brueckenbau-aus-gefasertem-ultrahochleistungsbeton-uhfb\/#primaryimage"},"image":{"@id":"https:\/\/www.tugraz-verlag.at\/gesamtverzeichnis\/bauingenieurwissenschaften\/duennwandige-segmentfertigteilbauweisen-im-brueckenbau-aus-gefasertem-ultrahochleistungsbeton-uhfb\/#primaryimage"},"thumbnailUrl":"https:\/\/www.tugraz-verlag.at\/wp-content\/uploads\/asolmerce\/image-978-3-85125-168-5.jpg","datePublished":"2026-03-28T07:30:43+00:00","dateModified":"2026-03-28T09:31:43+00:00","breadcrumb":{"@id":"https:\/\/www.tugraz-verlag.at\/en\/gesamtverzeichnis\/bauingenieurwissenschaften\/duennwandige-segmentfertigteilbauweisen-im-brueckenbau-aus-gefasertem-ultrahochleistungsbeton-uhfb\/#breadcrumb"},"inLanguage":"en-US","potentialAction":[{"@type":"ReadAction","target":[["https:\/\/www.tugraz-verlag.at\/en\/gesamtverzeichnis\/bauingenieurwissenschaften\/duennwandige-segmentfertigteilbauweisen-im-brueckenbau-aus-gefasertem-ultrahochleistungsbeton-uhfb\/"]]}]},{"@type":"ImageObject","inLanguage":"en-US","@id":"https:\/\/www.tugraz-verlag.at\/en\/gesamtverzeichnis\/bauingenieurwissenschaften\/duennwandige-segmentfertigteilbauweisen-im-brueckenbau-aus-gefasertem-ultrahochleistungsbeton-uhfb\/#primaryimage","url":"https:\/\/www.tugraz-verlag.at\/wp-content\/uploads\/asolmerce\/image-978-3-85125-168-5.jpg","contentUrl":"https:\/\/www.tugraz-verlag.at\/wp-content\/uploads\/asolmerce\/image-978-3-85125-168-5.jpg","width":575,"height":843},{"@type":"BreadcrumbList","@id":"https:\/\/www.tugraz-verlag.at\/en\/gesamtverzeichnis\/bauingenieurwissenschaften\/duennwandige-segmentfertigteilbauweisen-im-brueckenbau-aus-gefasertem-ultrahochleistungsbeton-uhfb\/#breadcrumb","itemListElement":[{"@type":"ListItem","position":1,"name":"Home","item":"https:\/\/www.tugraz-verlag.at\/en\/"},{"@type":"ListItem","position":2,"name":"Gesamtverzeichnis","item":"https:\/\/www.tugraz-verlag.at\/en\/gesamtverzeichnis\/"},{"@type":"ListItem","position":3,"name":"D\u00fcnnwandige Segmentfertigteilbauweisen im Br\u00fcckenbau aus gefasertem Ultrahochleistungsbeton (UHFB)"}]},{"@type":"WebSite","@id":"https:\/\/www.tugraz-verlag.at\/en\/#website","url":"https:\/\/www.tugraz-verlag.at\/en\/","name":"Verlag der TU Graz","description":"Verlag der Technischen Universit\u00e4t Graz","potentialAction":[{"@type":"SearchAction","target":{"@type":"EntryPoint","urlTemplate":"https:\/\/www.tugraz-verlag.at\/en\/?s={search_term_string}"},"query-input":{"@type":"PropertyValueSpecification","valueRequired":true,"valueName":"search_term_string"}}],"inLanguage":"en-US"}]}},"_links":{"self":[{"href":"https:\/\/www.tugraz-verlag.at\/en\/wp-json\/wp\/v2\/product\/29752","targetHints":{"allow":["GET"]}}],"collection":[{"href":"https:\/\/www.tugraz-verlag.at\/en\/wp-json\/wp\/v2\/product"}],"about":[{"href":"https:\/\/www.tugraz-verlag.at\/en\/wp-json\/wp\/v2\/types\/product"}],"replies":[{"embeddable":true,"href":"https:\/\/www.tugraz-verlag.at\/en\/wp-json\/wp\/v2\/comments?post=29752"}],"wp:featuredmedia":[{"embeddable":true,"href":"https:\/\/www.tugraz-verlag.at\/en\/wp-json\/wp\/v2\/media\/39646"}],"wp:attachment":[{"href":"https:\/\/www.tugraz-verlag.at\/en\/wp-json\/wp\/v2\/media?parent=29752"}],"wp:term":[{"taxonomy":"product_brand","embeddable":true,"href":"https:\/\/www.tugraz-verlag.at\/en\/wp-json\/wp\/v2\/product_brand?post=29752"},{"taxonomy":"product_cat","embeddable":true,"href":"https:\/\/www.tugraz-verlag.at\/en\/wp-json\/wp\/v2\/product_cat?post=29752"},{"taxonomy":"product_tag","embeddable":true,"href":"https:\/\/www.tugraz-verlag.at\/en\/wp-json\/wp\/v2\/product_tag?post=29752"}],"curies":[{"name":"wp","href":"https:\/\/api.w.org\/{rel}","templated":true}]}}